{"id":15653704,"date":"2024-05-22T06:37:43","date_gmt":"2024-05-22T06:37:43","guid":{"rendered":"https:\/\/wpml.org\/come-il-reindirizzamento-della-lingua-del-browser-influisce-sullindicizzazione-di-google\/"},"modified":"2024-05-22T06:37:44","modified_gmt":"2024-05-22T06:37:44","slug":"come-il-reindirizzamento-della-lingua-del-browser-influisce-sullindicizzazione-di-google","status":"publish","type":"page","link":"https:\/\/wpml.org\/it\/come-il-reindirizzamento-della-lingua-del-browser-influisce-sullindicizzazione-di-google\/","title":{"rendered":"Come il reindirizzamento della lingua del browser influisce sull&#8217;indicizzazione di Google"},"content":{"rendered":"<p>Dal 2015, Google comprende il <a href=\"https:\/\/wpml.org\/documentation\/getting-started-guide\/language-setup\/automatic-redirect-based-on-browser-language\/\">reindirizzamento della lingua del browser<\/a> e lo interpreta come un reindirizzamento a un altro URL. Google pu\u00f2 indicizzare il tuo sito da pi\u00f9 indirizzi IP e risolvere le regole di reindirizzamento della lingua, ma non \u00e8 garantito che questo reindirizzamento influisca sull&#8217;indicizzazione del tuo sito. Questo \u00e8 legato al funzionamento di Google e non al modo in cui il reindirizzamento della lingua \u00e8 implementato in WPML. Se vedi le lingue &#8220;sbagliate&#8221; nell&#8217;indice di Google, considera la possibilit\u00e0 di disabilitare il reindirizzamento della lingua del browser.<\/p>\n<h2>Domande frequenti<\/h2>\n<h3>D: Posso dire a Google di non seguire questi reindirizzamenti?<\/h3>\n<p><strong>R:<\/strong> Non farlo. Google \u00e8 molto coerente con le sue istruzioni sull&#8217;indicizzazione. Devi permettere a GoogleBot di indicizzare il tuo sito esattamente come lo vedono i visitatori. Evita quelli che Google chiama <a href=\"https:\/\/support.google.com\/webmasters\/answer\/2721217?hl=en&amp;ref_topic=6001971\">reindirizzamenti subdoli<\/a>.<\/p>\n<h3>D: Quali sono i danni di un&#8217;errata interpretazione da parte di Google dei reindirizzamenti alla lingua del browser?<\/h3>\n<p><strong>R:<\/strong> \u00c8 impossibile dirlo, perch\u00e9 nessuno sa esattamente come risponder\u00e0 Google. Dovresti utilizzare gli <a href=\"https:\/\/www.google.com\/webmasters\/\">Strumenti per i Webmaster di Google<\/a> per vedere come Google ha indicizzato il tuo sito. Se sospetti che i tuoi contenuti siano indicizzati nella lingua sbagliata, \u00e8 una buona idea disabilitare il reindirizzamento del browser. Google aggiorna frequentemente i suoi algoritmi di crawling e indicizzazione. Ci\u00f2 che funziona ora potrebbe non funzionare in seguito e ci\u00f2 che non funziona ora potrebbe funzionare in futuro. In ogni caso, \u00e8 bene rivedere periodicamente lo stato del tuo indice e rispondere agli avvisi provenienti da Google Webmaster Tools.<\/p>\n<h3>D: Voglio offrire ai miei visitatori i contenuti &#8220;corretti&#8221;. Ci sono alternative valide al reindirizzamento della lingua del browser?<\/h3>\n<p>Posizionare un selettore delle lingue, con bandiere e nomi di lingue native, in una posizione di rilievo sulle tue pagine \u00e8 il modo migliore per mostrare alle persone che hai contenuti nella loro lingua. WPML offre una serie di <a href=\"https:\/\/wpml.org\/documentation\/getting-started-guide\/language-setup\/language-switcher-options\/\">selettori delle lingue<\/a> da utilizzare e puoi anche creare <a href=\"https:\/\/wpml.org\/documentation\/getting-started-guide\/language-setup\/language-switcher-options\/custom-language-switcher\/\">selettori personalizzati<\/a>. Se vuoi prima chiedere agli utenti la loro lingua o regione e poi mostrare i contenuti pertinenti, puoi attivare la <a href=\"https:\/\/wpml.org\/documentation\/getting-started-guide\/language-setup\/directory-default-language\/\">directory delle lingue per la lingua di default<\/a> e poi inserire una pagina di benvenuto nella root del sito.<\/p>\n<h2>Riferimenti<\/h2>\n<ul>\n<li><a href=\"https:\/\/googlewebmastercentral.blogspot.com.br\/2015\/01\/crawling-and-indexing-of-locale.html\">Google Webmasters Central: Crawling e indicizzazione di pagine adatte ai locali<\/a><\/li>\n<li><a href=\"https:\/\/support.google.com\/webmasters\/answer\/6144055\">Guida alla ricerca di Google: Crawling consapevole dei locali da parte di Googlebot<\/a><\/li>\n<li><a href=\"https:\/\/support.google.com\/webmasters\/answer\/182192?hl=en\">Guida alla ricerca di Google: Siti multiregionali e multilingue<\/a><\/li>\n<\/ul>\n","protected":false},"excerpt":{"rendered":"<p>Dal 2015, Google comprende il reindirizzamento della lingua del browser e lo interpreta come un reindirizzamento a un altro URL. Google pu\u00f2 indicizzare il tuo sito da pi\u00f9 indirizzi IP e risolvere le regole di reindirizzamento della lingua, ma non \u00e8 garantito che questo reindirizzamento influisca sull&#8217;indicizzazione del tuo sito. Questo \u00e8 legato al funzionamento [&hellip;]<\/p>\n","protected":false},"author":2,"featured_media":0,"parent":0,"menu_order":0,"comment_status":"closed","ping_status":"closed","template":"","meta":{"_bbp_topic_count":0,"_bbp_reply_count":0,"_bbp_total_topic_count":0,"_bbp_total_reply_count":0,"_bbp_voice_count":0,"_bbp_anonymous_reply_count":0,"_bbp_topic_count_hidden":0,"_bbp_reply_count_hidden":0,"_bbp_forum_subforum_count":0,"_uag_custom_page_level_css":"","ep_exclude_from_search":false,"footnotes":""},"related-projects-category":[],"class_list":["post-15653704","page","type-page","status-publish","hentry"],"spectra_custom_meta":{"ratings_users":["0"],"ratings_score":["0"],"ratings_average":["0"],"_subscription_coupon_product_id":["0"],"_wpv_contains_gutenberg_views":[""],"_alp_processed":["1716359864"],"_views_template":["0"],"_wpml_media_duplicate":["0"],"_wpml_media_featured":["1"],"_wp_page_template":["default"],"_last_translation_edit_mode":["translation-editor"],"_uag_css_file_name":["uag-css-15653704.css"],"_uag_page_assets":["a:9:{s:3:\"css\";s:260:\".uag-blocks-common-selector{z-index:var(--z-index-desktop) !important}@media(max-width: 976px){.uag-blocks-common-selector{z-index:var(--z-index-tablet) !important}}@media(max-width: 767px){.uag-blocks-common-selector{z-index:var(--z-index-mobile) !important}}\";s:2:\"js\";s:0:\"\";s:18:\"current_block_list\";a:1:{i:0;s:14:\"core\/shortcode\";}s:8:\"uag_flag\";b:0;s:11:\"uag_version\";s:10:\"1778544054\";s:6:\"gfonts\";a:0:{}s:10:\"gfonts_url\";s:0:\"\";s:12:\"gfonts_files\";a:0:{}s:14:\"uag_faq_layout\";b:0;}"]},"uagb_featured_image_src":{"full":false,"thumbnail":false,"medium":false,"medium_large":false,"large":false,"1536x1536":false,"2048x2048":false,"gform-image-choice-sm":false,"gform-image-choice-md":false,"gform-image-choice-lg":false,"woocommerce_thumbnail":false,"woocommerce_single":false,"woocommerce_gallery_thumbnail":false},"uagb_author_info":{"display_name":"Amir","author_link":"https:\/\/wpml.org\/it\/author\/amir\/"},"uagb_comment_info":0,"uagb_excerpt":"Dal 2015, Google comprende il reindirizzamento della lingua del browser e lo interpreta come un reindirizzamento a un altro URL. Google pu\u00f2 indicizzare il tuo sito da pi\u00f9 indirizzi IP e risolvere le regole di reindirizzamento della lingua, ma non \u00e8 garantito che questo reindirizzamento influisca sull&#8217;indicizzazione del tuo sito. Questo \u00e8 legato al funzionamento&hellip;","_links":{"self":[{"href":"https:\/\/wpml.org\/it\/wp-json\/wp\/v2\/pages\/15653704","targetHints":{"allow":["GET"]}}],"collection":[{"href":"https:\/\/wpml.org\/it\/wp-json\/wp\/v2\/pages"}],"about":[{"href":"https:\/\/wpml.org\/it\/wp-json\/wp\/v2\/types\/page"}],"author":[{"embeddable":true,"href":"https:\/\/wpml.org\/it\/wp-json\/wp\/v2\/users\/2"}],"replies":[{"embeddable":true,"href":"https:\/\/wpml.org\/it\/wp-json\/wp\/v2\/comments?post=15653704"}],"version-history":[{"count":1,"href":"https:\/\/wpml.org\/it\/wp-json\/wp\/v2\/pages\/15653704\/revisions"}],"predecessor-version":[{"id":15653707,"href":"https:\/\/wpml.org\/it\/wp-json\/wp\/v2\/pages\/15653704\/revisions\/15653707"}],"wp:attachment":[{"href":"https:\/\/wpml.org\/it\/wp-json\/wp\/v2\/media?parent=15653704"}],"wp:term":[{"taxonomy":"related-projects-category","embeddable":true,"href":"https:\/\/wpml.org\/it\/wp-json\/wp\/v2\/related-projects-category?post=15653704"}],"curies":[{"name":"wp","href":"https:\/\/api.w.org\/{rel}","templated":true}]}}