{"id":15654258,"date":"2024-05-22T07:20:29","date_gmt":"2024-05-22T07:20:29","guid":{"rendered":"https:\/\/wpml.org\/documentazione\/guida-introduttiva\/configurazione-della-lingua\/opzioni-del-formato-url-della-lingua\/"},"modified":"2024-10-21T15:27:48","modified_gmt":"2024-10-21T15:27:48","slug":"opzioni-del-formato-url-della-lingua","status":"publish","type":"page","link":"https:\/\/wpml.org\/it\/documentazione\/guida-introduttiva\/configurazione-della-lingua\/opzioni-del-formato-url-della-lingua\/","title":{"rendered":"Opzioni del formato URL della lingua"},"content":{"rendered":"<p class=\"lead\">WPML ti d\u00e0 la possibilit\u00e0 di formattare gli URL delle lingue nei domini, nelle directory o come parametri. Scopri come funziona e trova la soluzione migliore per te.<\/p>\n<p>WPML ti permette di scegliere di formattare gli URL delle lingue del tuo sito utilizzando un argomento di lingua nell&#8217;URL, in cartelle virtuali o in domini diversi (o sottodomini). Internamente, tutte le lingue sono salvate in un unico database di WordPress, ma per i visitatori le lingue possono apparire come se fossero in siti diversi. Puoi scegliere il formato che desideri quando configuri WPML per la prima volta. Se desideri cambiare formato dopo aver configurato WPML, puoi farlo andando su <strong>WPML<\/strong> \u2192 <strong>Languages<\/strong> e scorrendo fino a <strong>Language URL format<\/strong>.<br \/>\nPuoi scegliere tra le seguenti opzioni: <\/p>\n<ul>\n<li><a href=\"#different-languages-in-directories\">Lingue diverse nelle directory<\/a><\/li>\n<li><a href=\"#a-different-domain-per-language\">Un dominio diverso per ogni lingua<\/a><\/li>\n<li><a href=\"#language-name-added-as-a-parameter\">Nome della lingua come parametro<\/a><\/li>\n<\/ul>\n<p><img decoding=\"async\" style=\"max-width: 100%;\" src=\"https:\/\/cdn.wpml.org\/wp-content\/uploads\/2012\/05\/language-url-options1.png\" alt=\"Opzioni URL della lingua\" width=\"655\"><\/p>\n<p><img decoding=\"async\" src=\"https:\/\/cdn.wpml.org\/wp-content\/themes\/sitepress\/images\/mail\/separator.jpg\" alt=\"\"><\/p>\n<h2>Lingue diverse nelle directory<\/h2>\n<p>Quando abiliti le lingue nelle directory, stai dicendo a WPML di organizzare le traduzioni in quelle che sembrano diverse cartelle virtuali. Ad esempio:<\/p>\n<ul>\n<li>www.example.com<\/li>\n<li>www.example.com\/es\/<\/li>\n<li>www.example.com\/ja\/<\/li>\n<\/ul>\n<p><img decoding=\"async\" src=\"https:\/\/cdn.wpml.org\/wp-content\/uploads\/2013\/09\/language-directories.png\" alt=\"Lingue nelle directory\" width=\"275\" height=\"198\"><\/p>\n<h3>Impostazioni del server per le lingue nelle directory<\/h3>\n<p>Per impostare le lingue nelle directory, il modulo di riscrittura di Apache deve essere abilitato. Se non hai accesso alle impostazioni del tuo server, contatta il tuo provider di hosting per chiedere di abilitarlo.<\/p>\n<p>Il tuo sito deve anche utilizzare una struttura di permalink <a href=\"https:\/\/wordpress.org\/support\/article\/using-permalinks\/#mod_rewrite-pretty-permalinks\">\u201cpretty\u201d<\/a>. Puoi cambiare la struttura dei permalink del tuo sito nelle impostazioni di WordPress. <\/p>\n<h3>Errori comuni<\/h3>\n<p>Assicurati di NON fare nessuna delle seguenti cose:<\/p>\n<ul>\n<li><strong>Creare directory reali nel tuo sito<\/strong><br \/>\nNon \u00e8 necessario creare directory reali nella tua installazione di WordPress, n\u00e9 installare WordPress pi\u00f9 volte. In realt\u00e0, se fai cos\u00ec, le lingue nelle directory non funzioneranno.<\/p>\n<p>Queste directory sono virtuali. Non esistono come percorso fisico.<\/li>\n<li><strong>Reindirizzare ad altre directory<\/strong><br \/>\nSimile alla creazione di directory reali, alcuni utenti modificano i loro file <strong>.htaccess<\/strong> e aggiungono regole di reindirizzamento. Non dovresti farlo. WPML crea dinamicamente le proprie regole di reindirizzamento.<\/li>\n<\/ul>\n<p>Per ulteriori suggerimenti sulla risoluzione dei problemi, consulta il seguente articolo: <a href=\"https:\/\/wpml.org\/documentation\/getting-started-guide\/language-setup\/language-url-options\/cannot-activate-language-directories\/\">Impossibile attivare le directory delle lingue<\/a>.<\/p>\n<h3>Visualizzare la lingua predefinita del tuo sito in una directory<\/h3>\n<p>WPML ti permette anche di visualizzare la tua lingua predefinita in una directory e selezionare cosa mostrare nell&#8217;URL radice del sito.<\/p>\n<figure id=\"attachment_3119703\" aria-describedby=\"caption-attachment-3119703\" style=\"width: 934px\" class=\"wp-caption aligncenter\"><img decoding=\"async\" class=\"img-border wp-image-3119703 size-full\" src=\"https:\/\/wpml.org\/wp-content\/uploads\/2019\/01\/directory-for-default-language.png\" alt=\"Directory per la lingua predefinita\" width=\"934\" height=\"404\" srcset=\"https:\/\/wpml.org\/wp-content\/uploads\/2019\/01\/directory-for-default-language.png 934w, https:\/\/wpml.org\/wp-content\/uploads\/2019\/01\/directory-for-default-language-150x65.png 150w, https:\/\/wpml.org\/wp-content\/uploads\/2019\/01\/directory-for-default-language-300x130.png 300w, https:\/\/wpml.org\/wp-content\/uploads\/2019\/01\/directory-for-default-language-768x332.png 768w\" sizes=\"(max-width: 934px) 100vw, 934px\" \/><figcaption id=\"caption-attachment-3119703\" class=\"wp-caption-text\">Directory per una lingua predefinita<\/figcaption><\/figure>\n<p>Leggi di pi\u00f9 su <a href=\"https:\/\/wpml.org\/documentation\/getting-started-guide\/language-setup\/directory-default-language\/\">posizionare la lingua predefinita del sito in una directory<\/a>.<\/p>\n<h2>Un dominio diverso per ogni lingua<\/h2>\n<p>Puoi inserire lingue diverse in domini completamente indipendenti. Ad esempio:<\/p>\n<ul>\n<li>www.example.com<\/li>\n<li>www.example.de<\/li>\n<\/ul>\n<p>Puoi anche scegliere di inserire lingue diverse in sottodomini diversi. Ad esempio:  <\/p>\n<ul>\n<li>it.example.com<\/li>\n<li>de.example.com<\/li>\n<\/ul>\n<p><img decoding=\"async\" src=\"https:\/\/cdn.wpml.org\/wp-content\/uploads\/2013\/09\/language-urls.png\" alt=\"Lingue nei domini\" width=\"275\" height=\"198\"><\/p>\n<h3>Impostazioni DNS e server per la visualizzazione di domini diversi per lingua<\/h3>\n<p>La scelta di questo formato richiede l&#8217;impostazione dei DNS e dei server corretti. Consulta il nostro tutorial per istruzioni passo-passo sulle <a href=\"https:\/\/wpml.org\/documentation\/getting-started-guide\/language-setup\/language-url-options\/how-to-use-wpml-with-different-domains-per-language\/\">impostazioni del server necessarie per utilizzare le lingue nei domini<\/a>.<\/p>\n<p>Se non hai accesso alle impostazioni del tuo server, contatta il tuo provider di hosting per ricevere assistenza.<\/p>\n<h2>Nome della lingua aggiunto come parametro<\/h2>\n<p>Scegliere di visualizzare la lingua come parametro aggiunge la lingua alla fine dell&#8217;URL del tuo sito. Ad esempio:<\/p>\n<ul>\n<li>www.example.com\/?lang=fr<\/li>\n<li>www.example.com\/about\/?lang=en<\/li>\n<\/ul>\n<p>Questo formato non richiede ulteriori modifiche alle impostazioni del server.<\/p>\n","protected":false},"excerpt":{"rendered":"<p>WPML ti d\u00e0 la possibilit\u00e0 di formattare gli URL delle lingue nei domini, nelle directory o come parametri. Scopri come funziona e trova la soluzione migliore per te. WPML ti permette di scegliere di formattare gli URL delle lingue del tuo sito utilizzando un argomento di lingua nell&#8217;URL, in cartelle virtuali o in domini diversi [&hellip;]<\/p>\n","protected":false},"author":76577,"featured_media":0,"parent":138028,"menu_order":0,"comment_status":"closed","ping_status":"closed","template":"template-sidebar-2.php","meta":{"_bbp_topic_count":0,"_bbp_reply_count":0,"_bbp_total_topic_count":0,"_bbp_total_reply_count":0,"_bbp_voice_count":0,"_bbp_anonymous_reply_count":0,"_bbp_topic_count_hidden":0,"_bbp_reply_count_hidden":0,"_bbp_forum_subforum_count":0,"_uag_custom_page_level_css":"","ep_exclude_from_search":false,"footnotes":""},"related-projects-category":[],"class_list":["post-15654258","page","type-page","status-publish","hentry"],"spectra_custom_meta":{"ratings_users":["0"],"ratings_score":["0"],"ratings_average":["0"],"_subscription_coupon_product_id":["0"],"_wpv_contains_gutenberg_views":[""],"_alp_processed":["1729524469"],"_views_template":["0"],"_wpml_media_duplicate":["0"],"_wpml_media_featured":["1"],"_wp_page_template":["template-sidebar-2.php"],"_last_translation_edit_mode":["translation-editor"],"wpcf-unformatted-code":[""],"wpcf-price-increase-show-from":[""],"wpcf-price-increase-show-till":[""],"_top_nav_excluded":[""],"_cms_nav_minihome":[""],"_yoast_wpseo_metadesc":["WPML ti d\u00e0 la possibilit\u00e0 di formattare gli URL delle lingue nei domini, nelle directory o come parametri. Scopri come funziona e trova la soluzione migliore per te."],"_wpml_word_count":["613"],"_uag_css_file_name":["uag-css-15654258.css"],"_uag_page_assets":["a:9:{s:3:\"css\";s:260:\".uag-blocks-common-selector{z-index:var(--z-index-desktop) !important}@media(max-width: 976px){.uag-blocks-common-selector{z-index:var(--z-index-tablet) !important}}@media(max-width: 767px){.uag-blocks-common-selector{z-index:var(--z-index-mobile) !important}}\";s:2:\"js\";s:0:\"\";s:18:\"current_block_list\";a:1:{i:0;s:14:\"core\/shortcode\";}s:8:\"uag_flag\";b:0;s:11:\"uag_version\";s:10:\"1778745516\";s:6:\"gfonts\";a:0:{}s:10:\"gfonts_url\";s:0:\"\";s:12:\"gfonts_files\";a:0:{}s:14:\"uag_faq_layout\";b:0;}"]},"uagb_featured_image_src":{"full":false,"thumbnail":false,"medium":false,"medium_large":false,"large":false,"1536x1536":false,"2048x2048":false,"gform-image-choice-sm":false,"gform-image-choice-md":false,"gform-image-choice-lg":false,"woocommerce_thumbnail":false,"woocommerce_single":false,"woocommerce_gallery_thumbnail":false},"uagb_author_info":{"display_name":"Dario","author_link":"https:\/\/wpml.org\/it\/author\/darioh\/"},"uagb_comment_info":0,"uagb_excerpt":"WPML ti d\u00e0 la possibilit\u00e0 di formattare gli URL delle lingue nei domini, nelle directory o come parametri. Scopri come funziona e trova la soluzione migliore per te. WPML ti permette di scegliere di formattare gli URL delle lingue del tuo sito utilizzando un argomento di lingua nell&#8217;URL, in cartelle virtuali o in domini diversi&hellip;","_links":{"self":[{"href":"https:\/\/wpml.org\/it\/wp-json\/wp\/v2\/pages\/15654258","targetHints":{"allow":["GET"]}}],"collection":[{"href":"https:\/\/wpml.org\/it\/wp-json\/wp\/v2\/pages"}],"about":[{"href":"https:\/\/wpml.org\/it\/wp-json\/wp\/v2\/types\/page"}],"author":[{"embeddable":true,"href":"https:\/\/wpml.org\/it\/wp-json\/wp\/v2\/users\/76577"}],"replies":[{"embeddable":true,"href":"https:\/\/wpml.org\/it\/wp-json\/wp\/v2\/comments?post=15654258"}],"version-history":[{"count":2,"href":"https:\/\/wpml.org\/it\/wp-json\/wp\/v2\/pages\/15654258\/revisions"}],"predecessor-version":[{"id":16313277,"href":"https:\/\/wpml.org\/it\/wp-json\/wp\/v2\/pages\/15654258\/revisions\/16313277"}],"up":[{"embeddable":true,"href":"https:\/\/wpml.org\/it\/wp-json\/wp\/v2\/pages\/138028"}],"wp:attachment":[{"href":"https:\/\/wpml.org\/it\/wp-json\/wp\/v2\/media?parent=15654258"}],"wp:term":[{"taxonomy":"related-projects-category","embeddable":true,"href":"https:\/\/wpml.org\/it\/wp-json\/wp\/v2\/related-projects-category?post=15654258"}],"curies":[{"name":"wp","href":"https:\/\/api.w.org\/{rel}","templated":true}]}}