{"id":16640579,"date":"2022-10-07T05:26:15","date_gmt":"2022-10-07T05:26:15","guid":{"rendered":"https:\/\/wpml.org\/documentazione\/traduzione-automatica-per-contenuti-di-wordpress-con-wpml\/come-usare-google-translate-in-wordpress-tutorial-completo\/"},"modified":"2026-02-26T07:09:38","modified_gmt":"2026-02-26T07:09:38","slug":"come-usare-google-translate-in-wordpress-tutorial-completo","status":"publish","type":"page","link":"https:\/\/wpml.org\/it\/documentazione\/traduzione-automatica-per-contenuti-di-wordpress-con-wpml\/come-usare-google-translate-in-wordpress-tutorial-completo\/","title":{"rendered":"Come usare Google Translate in WordPress"},"content":{"rendered":"\n<p class=\"lead\">Scopri come usare Google Translate in WordPress e crea un sito web multilingue con pi\u00f9 lingue.<\/p>\n\n<p>Google Translate aveva un widget che potevi aggiungere al tuo sito web, consentendo agli utenti di visualizzare il tuo sito in diverse lingue. Sfortunatamente, questo widget \u00e8 stato interrotto nel 2019 e non \u00e8 pi\u00f9 disponibile.  <\/p>\n\n<figure class=\"wp-block-image tb-image tb-image-dynamic tb-image-frame-none\" data-toolset-blocks-image=\"da4b3acb424f7375105f741510f74ba9\"><img decoding=\"async\" width=\"896\" height=\"325\" loading=\"lazy\" src=\"https:\/\/wpml.org\/wp-content\/uploads\/2025\/04\/Google-Translate-Widget.png\" alt=\"Google Translate Widget\" class=\"wp-image-16975894\" srcset=\"https:\/\/wpml.org\/wp-content\/uploads\/2025\/04\/Google-Translate-Widget.png 896w, https:\/\/wpml.org\/wp-content\/uploads\/2025\/04\/Google-Translate-Widget-300x109.png 300w, https:\/\/wpml.org\/wp-content\/uploads\/2025\/04\/Google-Translate-Widget-150x54.png 150w, https:\/\/wpml.org\/wp-content\/uploads\/2025\/04\/Google-Translate-Widget-768x279.png 768w\" sizes=\"auto, (max-width: 896px) 100vw, 896px\" \/><figcaption><div class=\"tb-image-caption\">Widget di Google Translate interrotto<\/div><\/figcaption><\/figure>\n\n<p>La buona notizia \u00e8 che ci sono soluzioni migliori, come <a href=\"http:\/\/wpml.org\/it\/\">WPML<\/a>, il plugin multilingue pi\u00f9 popolare per WordPress, che alimenta oltre 1.000.000 di siti web.<\/p>\n\n<h2 class=\"wp-block-heading\">Come usare Google Translate con WPML<\/h2>\n\n<p>WPML pu\u00f2 aiutarti a tradurre l&#8217;intero sito web WordPress usando Google Translate, consentendo agli utenti di visualizzare i tuoi contenuti nella loro lingua preferita. <\/p>\n\n<p>A differenza del vecchio widget che si limitava a tradurre i contenuti al volo, WPML memorizza le traduzioni sul tuo sito web, consentendo ai tuoi contenuti di posizionarsi in altre lingue senza rallentare il tuo sito. Oltre a essere SEO-friendly, WPML include anche tutto il necessario per creare un sito web multilingue, come:<\/p>\n\n<div style=\"height:15px\" aria-hidden=\"true\" class=\"wp-block-spacer\"><\/div>\n\n<ul class=\"wp-block-list\">\n<li>Aggiungi tutte le lingue che vuoi.<\/li>\n\n\n\n<li>Rivedi e modifica le traduzioni automatiche.<\/li>\n\n\n\n<li>Organizza le traduzioni con sottocartelle e sottodirectory.<\/li>\n<\/ul>\n\n<div style=\"height:20px\" aria-hidden=\"true\" class=\"wp-block-spacer\"><\/div>\n\n<p>Ecco un breve video che mostra come tradurre il tuo sito usando Google Translate e WPML. <\/p>\n\n<div style=\"height:15px\" aria-hidden=\"true\" class=\"wp-block-spacer\"><\/div>\n\n<figure class=\"wp-block-embed is-type-video is-provider-youtube wp-block-embed-youtube wp-embed-aspect-16-9 wp-has-aspect-ratio\"><div class=\"wp-block-embed__wrapper\">\n<div class=\"embed-responsive embed-responsive-16by9\"><iframe title=\"How to Translate WordPress with Google Translate\" width=\"700\" height=\"394\" src=\"https:\/\/www.youtube.com\/embed\/bZh68V5DZak?feature=oembed\" frameborder=\"0\" allow=\"accelerometer; autoplay; clipboard-write; encrypted-media; gyroscope; picture-in-picture; web-share\" referrerpolicy=\"strict-origin-when-cross-origin\" allowfullscreen><\/iframe><\/div>\n<\/div><\/figure>\n\n<div style=\"height:15px\" aria-hidden=\"true\" class=\"wp-block-spacer\"><\/div>\n\n<h3 class=\"wp-block-heading\">1. Installa e attiva WPML<\/h3>\n\n<p>Per iniziare con WPML, installa e attiva il plugin sul tuo sito web WordPress. WPML \u00e8 un plugin premium, quindi dovrai prima <a href=\"https:\/\/wpml.org\/it\/purchase\/\">acquistare una licenza<\/a>. <\/p>\n\n<figure class=\"wp-block-image tb-image tb-image-dynamic tb-image-frame-none\" data-toolset-blocks-image=\"46236f6022c8dd808a8591f598ed17f8\"><a href=\"https:\/\/wpml.org\/wp-content\/uploads\/2025\/04\/Installing-WPML-plugin-in-WordPress.png\"><img decoding=\"async\" width=\"1024\" height=\"691\" loading=\"lazy\" src=\"https:\/\/wpml.org\/wp-content\/uploads\/2025\/04\/Installing-WPML-plugin-in-WordPress-1024x691.png\" alt=\"Installing WPML plugin in WordPress\" class=\"wp-image-16975937\" srcset=\"https:\/\/wpml.org\/wp-content\/uploads\/2025\/04\/Installing-WPML-plugin-in-WordPress-1024x691.png 1024w, https:\/\/wpml.org\/wp-content\/uploads\/2025\/04\/Installing-WPML-plugin-in-WordPress-300x203.png 300w, https:\/\/wpml.org\/wp-content\/uploads\/2025\/04\/Installing-WPML-plugin-in-WordPress-150x101.png 150w, https:\/\/wpml.org\/wp-content\/uploads\/2025\/04\/Installing-WPML-plugin-in-WordPress-768x518.png 768w, https:\/\/wpml.org\/wp-content\/uploads\/2025\/04\/Installing-WPML-plugin-in-WordPress-1536x1037.png 1536w, https:\/\/wpml.org\/wp-content\/uploads\/2025\/04\/Installing-WPML-plugin-in-WordPress.png 1600w\" sizes=\"auto, (max-width: 1024px) 100vw, 1024px\" \/><\/a><figcaption><div class=\"tb-image-caption\">Installazione del plugin WPML in WordPress<\/div><\/figcaption><\/figure>\n\n<h3 class=\"wp-block-heading\">2. Scegli le tue lingue di destinazione<\/h3>\n\n<p>Una volta attivato, vai su <strong>WPML <\/strong>\u2192 <strong>Setup <\/strong>per scegliere le lingue in cui vuoi tradurre. Se non hai ancora deciso quali lingue vuoi, non preoccuparti, WPML ti consente di aggiungere (e rimuovere) le lingue in seguito. <\/p>\n\n<figure class=\"wp-block-image tb-image tb-image-dynamic tb-image-frame-none\" data-toolset-blocks-image=\"4067e96b7e6274bb0174e2f350c4264b\"><a href=\"https:\/\/wpml.org\/wp-content\/uploads\/2025\/04\/Choosing-languages-in-WPML-Setup.png\"><img decoding=\"async\" width=\"1024\" height=\"724\" loading=\"lazy\" src=\"https:\/\/wpml.org\/wp-content\/uploads\/2025\/04\/Choosing-languages-in-WPML-Setup-1024x724.png\" alt=\"Choosing languages in WPML Setup\" class=\"wp-image-16975952\" srcset=\"https:\/\/wpml.org\/wp-content\/uploads\/2025\/04\/Choosing-languages-in-WPML-Setup-1024x724.png 1024w, https:\/\/wpml.org\/wp-content\/uploads\/2025\/04\/Choosing-languages-in-WPML-Setup-300x212.png 300w, https:\/\/wpml.org\/wp-content\/uploads\/2025\/04\/Choosing-languages-in-WPML-Setup-150x106.png 150w, https:\/\/wpml.org\/wp-content\/uploads\/2025\/04\/Choosing-languages-in-WPML-Setup-768x543.png 768w, https:\/\/wpml.org\/wp-content\/uploads\/2025\/04\/Choosing-languages-in-WPML-Setup-1536x1086.png 1536w, https:\/\/wpml.org\/wp-content\/uploads\/2025\/04\/Choosing-languages-in-WPML-Setup.png 1600w\" sizes=\"auto, (max-width: 1024px) 100vw, 1024px\" \/><\/a><figcaption><div class=\"tb-image-caption\">Scelta delle lingue nel Setup di WPML<\/div><\/figcaption><\/figure>\n\n<div class=\"wp-block-toolset-blocks-container tb-container\" data-toolset-blocks-container=\"b6d146d6ec96a66c98018efd2c2c33dd\">\n<div class=\"wp-block-toolset-blocks-grid tb-grid\" data-toolset-blocks-grid=\"37d19417981b1b97920df56c088840a6\">\n<div class=\"wp-block-toolset-blocks-grid-column tb-grid-column tb-grid-align-top\" data-toolset-blocks-grid-column=\"3034fbe886c11054e95b46b09d3e4112\">\n<div class=\"wp-block-toolset-blocks-container tb-container\" data-toolset-blocks-container=\"8462661d63c4401da3f7686632759d01\"><\/div>\n<\/div>\n\n\n\n<div class=\"wp-block-toolset-blocks-grid-column tb-grid-column tb-grid-align-top\" data-toolset-blocks-grid-column=\"3034fbe886c11054e95b46b09d3e4112\">\n<p class=\"tb-heading has-text-color\" data-toolset-blocks-heading=\"c1ace1a37913fe1cf5b4191d09bc8145\" data-last-update=\"1.4\">Prima di continuare, ricordati di <a href=\"https:\/\/wpml.org\/documentation\/automatic-translation\/how-to-change-automatic-translation-engines\/\">impostare il tuo motore di traduzione<\/a> su Google Translate nelle impostazioni di WPML.<\/p>\n<\/div>\n<\/div>\n<\/div>\n\n<h3 class=\"wp-block-heading\">3. Invia contenuti per la traduzione<\/h3>\n\n<p>Per tradurre il tuo sito web con Google Translate, inizia andando su <strong>WPML <\/strong>\u2192 <strong>Pannello di controllo traduzioni<\/strong>. L\u00ec troverai tutti i contenuti del tuo sito web organizzati in sezioni, come pagine, articoli e articoli personalizzati.  <\/p>\n\n<p>Per tradurre i contenuti, seleziona semplicemente i tuoi elementi, scegli <strong>Traduci automaticamente <\/strong>come metodo di traduzione e fai clic sul pulsante <strong>Traduci <\/strong>.<\/p>\n\n<div style=\"height:20px\" aria-hidden=\"true\" class=\"wp-block-spacer\"><\/div>\n<p><video src=\"https:\/\/videos.wpml.org\/google-translate-tm.mp4\" controls autoplay muted style=\"width: 100%; height: auto;\"><\/video><\/p>\n\n<div style=\"height:20px\" aria-hidden=\"true\" class=\"wp-block-spacer\"><\/div>\n\n<p>Google Translate tradurr\u00e0 automaticamente i tuoi contenuti, notificandoti nella parte superiore del pannello di controllo quando le traduzioni sono pronte. <\/p>\n\n<div style=\"height:10px\" aria-hidden=\"true\" class=\"wp-block-spacer\"><\/div>\n\n<h3 class=\"wp-block-heading\">4. Rivedi le traduzioni automatiche<\/h3>\n\n<p>Google Translate pu\u00f2 creare traduzioni eccellenti. Detto questo, potrebbero non sempre cogliere il significato esatto o il tono preferito. Con WPML, puoi perfezionare le traduzioni modificandole usando l&#8217;<a href=\"https:\/\/wpml.org\/it\/documentazione\/traduzione-dei-vostri-contenuti\/editor-di-traduzione-avanzato\/\">Editor di traduzione avanzato<\/a>.  <\/p>\n\n<p>Vai semplicemente su <strong>WPML <\/strong>\u2192 <strong>Traduzioni<\/strong> e seleziona il contenuto che vuoi rivedere. WPML ti consente di modificare testi, link e qualsiasi altro contenuto sulla tua pagina, senza compromettere la formattazione. <\/p>\n\n<figure class=\"wp-block-image tb-image tb-image-dynamic tb-image-frame-none\" data-toolset-blocks-image=\"7106c25fc5e9d8f6c1ed5a947fb53e07\"><a href=\"https:\/\/wpml.org\/wp-content\/uploads\/2025\/04\/Editing-translations-in-the-Advanced-Translation-Editor-1.png\"><img decoding=\"async\" width=\"1024\" height=\"671\" loading=\"lazy\" src=\"https:\/\/wpml.org\/wp-content\/uploads\/2025\/04\/Editing-translations-in-the-Advanced-Translation-Editor-1-1024x671.png\" alt=\"Editing translations in the Advanced Translation Editor\" class=\"wp-image-16975995\" srcset=\"https:\/\/wpml.org\/wp-content\/uploads\/2025\/04\/Editing-translations-in-the-Advanced-Translation-Editor-1-1024x671.png 1024w, https:\/\/wpml.org\/wp-content\/uploads\/2025\/04\/Editing-translations-in-the-Advanced-Translation-Editor-1-300x197.png 300w, https:\/\/wpml.org\/wp-content\/uploads\/2025\/04\/Editing-translations-in-the-Advanced-Translation-Editor-1-150x98.png 150w, https:\/\/wpml.org\/wp-content\/uploads\/2025\/04\/Editing-translations-in-the-Advanced-Translation-Editor-1-768x503.png 768w, https:\/\/wpml.org\/wp-content\/uploads\/2025\/04\/Editing-translations-in-the-Advanced-Translation-Editor-1-1536x1006.png 1536w, https:\/\/wpml.org\/wp-content\/uploads\/2025\/04\/Editing-translations-in-the-Advanced-Translation-Editor-1.png 1600w\" sizes=\"auto, (max-width: 1024px) 100vw, 1024px\" \/><\/a><figcaption><div class=\"tb-image-caption\">Modificando le traduzioni nell&#8217;editor di traduzione avanzato<\/div><\/figcaption><\/figure>\n\n<h2 class=\"wp-block-heading\">Bonus: Aggiungi il selettore di lingua<\/h2>\n\n<p>WPML ti consente di <a href=\"https:\/\/wpml.org\/it\/documentazione\/guida-introduttiva\/configurazione-della-lingua\/opzioni-del-selettore-di-lingua\/\">aggiungere un selettore di lingua <\/a>ovunque sul tuo sito web, incluso:<\/p>\n\n<div class=\"wp-block-toolset-blocks-grid tb-grid\" data-toolset-blocks-grid=\"baf9940492791f981ba2c5d2c7829fdc\">\n<div class=\"wp-block-toolset-blocks-grid-column tb-grid-column tb-grid-align-top\" data-toolset-blocks-grid-column=\"3034fbe886c11054e95b46b09d3e4112\">\n<figure class=\"wp-block-image tb-image tb-image-dynamic tb-image-frame-none\" data-toolset-blocks-image=\"943f9886e3c571c944d87660db72eaa9\"><a href=\"https:\/\/wpml.org\/wp-content\/uploads\/2025\/04\/Language-Switcher-in-Header.png\"><img decoding=\"async\" width=\"1006\" height=\"698\" loading=\"lazy\" src=\"https:\/\/wpml.org\/wp-content\/uploads\/2025\/04\/Language-Switcher-in-Header.png\" alt=\"Language Switcher in Header\" class=\"wp-image-16976009\" srcset=\"https:\/\/wpml.org\/wp-content\/uploads\/2025\/04\/Language-Switcher-in-Header.png 1006w, https:\/\/wpml.org\/wp-content\/uploads\/2025\/04\/Language-Switcher-in-Header-300x208.png 300w, https:\/\/wpml.org\/wp-content\/uploads\/2025\/04\/Language-Switcher-in-Header-150x104.png 150w, https:\/\/wpml.org\/wp-content\/uploads\/2025\/04\/Language-Switcher-in-Header-768x533.png 768w\" sizes=\"auto, (max-width: 1006px) 100vw, 1006px\" \/><\/a><\/figure>\n\n\n\n<p class=\"tb-heading\" data-toolset-blocks-heading=\"60d4acb3dfed1b4aaf39e8e0df855cf3\" data-last-update=\"1.4\"><strong>Intestazione<\/strong><\/p>\n<\/div>\n\n\n\n<div class=\"wp-block-toolset-blocks-grid-column tb-grid-column tb-grid-align-top\" data-toolset-blocks-grid-column=\"3034fbe886c11054e95b46b09d3e4112\">\n<figure class=\"wp-block-image tb-image tb-image-dynamic tb-image-frame-none\" data-toolset-blocks-image=\"a0663d8a9766928c41932123a42d0d69\"><a href=\"https:\/\/wpml.org\/wp-content\/uploads\/2025\/04\/image-4.png\"><img decoding=\"async\" width=\"687\" height=\"477\" loading=\"lazy\" src=\"https:\/\/wpml.org\/wp-content\/uploads\/2025\/04\/image-4.png\" alt=\"Switcher in Footer\" class=\"wp-image-16976442\" srcset=\"https:\/\/wpml.org\/wp-content\/uploads\/2025\/04\/image-4.png 687w, https:\/\/wpml.org\/wp-content\/uploads\/2025\/04\/image-4-300x208.png 300w, https:\/\/wpml.org\/wp-content\/uploads\/2025\/04\/image-4-150x104.png 150w\" sizes=\"auto, (max-width: 687px) 100vw, 687px\" \/><\/a><\/figure>\n\n\n\n<p class=\"tb-heading\" data-toolset-blocks-heading=\"60d4acb3dfed1b4aaf39e8e0df855cf3\" data-last-update=\"1.4\"><strong>Pi\u00e8 di pagina<\/strong><\/p>\n<\/div>\n\n\n\n<div class=\"wp-block-toolset-blocks-grid-column tb-grid-column tb-grid-align-top\" data-toolset-blocks-grid-column=\"3034fbe886c11054e95b46b09d3e4112\">\n<figure class=\"wp-block-image tb-image tb-image-dynamic tb-image-frame-none\" data-toolset-blocks-image=\"c241d555e695f80692a257edf51c25d3\"><a href=\"https:\/\/wpml.org\/wp-content\/uploads\/2025\/04\/Language-Switcher-in-Widgets.png\"><img decoding=\"async\" width=\"916\" height=\"563\" loading=\"lazy\" src=\"https:\/\/wpml.org\/wp-content\/uploads\/2025\/04\/Language-Switcher-in-Widgets.png\" alt=\"\" class=\"wp-image-16976037\" srcset=\"https:\/\/wpml.org\/wp-content\/uploads\/2025\/04\/Language-Switcher-in-Widgets.png 916w, https:\/\/wpml.org\/wp-content\/uploads\/2025\/04\/Language-Switcher-in-Widgets-300x184.png 300w, https:\/\/wpml.org\/wp-content\/uploads\/2025\/04\/Language-Switcher-in-Widgets-150x92.png 150w, https:\/\/wpml.org\/wp-content\/uploads\/2025\/04\/Language-Switcher-in-Widgets-768x472.png 768w\" sizes=\"auto, (max-width: 916px) 100vw, 916px\" \/><\/a><\/figure>\n\n\n\n<p class=\"tb-heading\" data-toolset-blocks-heading=\"60d4acb3dfed1b4aaf39e8e0df855cf3\" data-last-update=\"1.4\"><strong>Widget<\/strong><\/p>\n<\/div>\n\n\n\n<div class=\"wp-block-toolset-blocks-grid-column tb-grid-column tb-grid-align-top\" data-toolset-blocks-grid-column=\"3034fbe886c11054e95b46b09d3e4112\">\n<figure class=\"wp-block-image tb-image tb-image-dynamic tb-image-frame-none\" data-toolset-blocks-image=\"4ceedd002cc22abb75ab3c4d76db79c2\"><a href=\"https:\/\/wpml.org\/wp-content\/uploads\/2025\/04\/Language-Switcher-in-Content.png\"><img decoding=\"async\" width=\"985\" height=\"628\" loading=\"lazy\" src=\"https:\/\/wpml.org\/wp-content\/uploads\/2025\/04\/Language-Switcher-in-Content.png\" alt=\"Language Switcher in Content\" class=\"wp-image-16976051\" srcset=\"https:\/\/wpml.org\/wp-content\/uploads\/2025\/04\/Language-Switcher-in-Content.png 985w, https:\/\/wpml.org\/wp-content\/uploads\/2025\/04\/Language-Switcher-in-Content-300x191.png 300w, https:\/\/wpml.org\/wp-content\/uploads\/2025\/04\/Language-Switcher-in-Content-150x96.png 150w, https:\/\/wpml.org\/wp-content\/uploads\/2025\/04\/Language-Switcher-in-Content-768x490.png 768w\" sizes=\"auto, (max-width: 985px) 100vw, 985px\" \/><\/a><\/figure>\n\n\n\n<p class=\"tb-heading\" data-toolset-blocks-heading=\"60d4acb3dfed1b4aaf39e8e0df855cf3\" data-last-update=\"1.4\"><strong>Pagine e articoli<\/strong><\/p>\n<\/div>\n<\/div>\n\n<div style=\"height:40px\" aria-hidden=\"true\" class=\"wp-block-spacer\"><\/div>\n\n<p>Per aggiungere un selettore di lingua, vai semplicemente su <strong>WPML <\/strong>\u2192 <strong>Lingue<\/strong> e fai clic sul selettore che vuoi aggiungere.<\/p>\n\n<figure class=\"wp-block-image tb-image tb-image-dynamic tb-image-frame-none\" data-toolset-blocks-image=\"c0f62d8973ef8ecd7fa8ad1279d9ccae\"><a href=\"https:\/\/wpml.org\/wp-content\/uploads\/2025\/08\/Language-switcher-settings-in-WPML-1.png\"><img decoding=\"async\" width=\"1600\" height=\"985\" loading=\"lazy\" src=\"https:\/\/wpml.org\/wp-content\/uploads\/2025\/08\/Language-switcher-settings-in-WPML-1.png\" alt=\"\" class=\"wp-image-17326632\" srcset=\"https:\/\/wpml.org\/wp-content\/uploads\/2025\/08\/Language-switcher-settings-in-WPML-1.png 1600w, https:\/\/wpml.org\/wp-content\/uploads\/2025\/08\/Language-switcher-settings-in-WPML-1-300x185.png 300w, https:\/\/wpml.org\/wp-content\/uploads\/2025\/08\/Language-switcher-settings-in-WPML-1-1024x630.png 1024w, https:\/\/wpml.org\/wp-content\/uploads\/2025\/08\/Language-switcher-settings-in-WPML-1-150x92.png 150w, https:\/\/wpml.org\/wp-content\/uploads\/2025\/08\/Language-switcher-settings-in-WPML-1-768x473.png 768w, https:\/\/wpml.org\/wp-content\/uploads\/2025\/08\/Language-switcher-settings-in-WPML-1-1536x946.png 1536w\" sizes=\"auto, (max-width: 1600px) 100vw, 1600px\" \/><\/a><figcaption><div class=\"tb-image-caption\">Impostazioni del selettore di lingua in WPML<\/div><\/figcaption><\/figure>\n\n<h2 class=\"wp-block-heading\">Quanto costa Google Translate?<\/h2>\n\n<p>Tutti i piani WPML includono una quantit\u00e0 gratuita di parole che puoi tradurre automaticamente senza costi aggiuntivi: <\/p>\n\n<ul class=\"wp-block-list\">\n<li><strong>Multilingual CMS <\/strong>\u2013 45.000 parole<\/li>\n\n\n\n<li><strong>Multilingual Agency <\/strong>\u2013 90.000 parole<\/li>\n<\/ul>\n\n<div style=\"height:10px\" aria-hidden=\"true\" class=\"wp-block-spacer\"><\/div>\n\n<p>Per la maggior parte dei siti web, questa quantit\u00e0 \u00e8 sufficiente per tradurre automaticamente in 2-3 lingue. Detto questo, se hai un sito web di grandi dimensioni e hai bisogno di tradurre pi\u00f9 parole, puoi acquistare traduzioni automatiche aggiuntive a tariffe convenienti. <\/p>\n\n<p>Per saperne di pi\u00f9 sui nostri prezzi e sui motori di traduzione alternativi, dai un&#8217;occhiata alla nostra <a href=\"https:\/\/wpml.org\/it\/documentazione\/traduzione-automatica-per-contenuti-di-wordpress-con-wpml\/prezzi-della-traduzione-automatica\/\">traduzione automatica<\/a>. <\/p>\n\n<h2 class=\"wp-block-heading\">Inizia con WPML<\/h2>\n\n<p>Pronto a rendere il tuo sito WordPress multilingue con Google Translate? Inizia oggi stesso con WPML e traduci automaticamente l&#8217;intero sito web in pochi clic.  <\/p>\n\n<p><a href=\"https:\/\/wpml.org\/it\/purchase\/\">Prezzi di WPML \u2192<\/a><\/p>\n\n<p><\/p>\n","protected":false},"excerpt":{"rendered":"<p>Scopri come usare Google Translate in WordPress e crea un sito web multilingue con pi\u00f9 lingue. Google Translate aveva un widget che potevi aggiungere al tuo sito web, consentendo agli utenti di visualizzare il tuo sito in diverse lingue. Sfortunatamente, questo widget \u00e8 stato interrotto nel 2019 e non \u00e8 pi\u00f9 disponibile. La buona notizia [&hellip;]<\/p>\n","protected":false},"author":204756,"featured_media":15217874,"parent":4853349,"menu_order":74,"comment_status":"closed","ping_status":"closed","template":"template-sidebar-2.php","meta":{"_bbp_topic_count":0,"_bbp_reply_count":0,"_bbp_total_topic_count":0,"_bbp_total_reply_count":0,"_bbp_voice_count":0,"_bbp_anonymous_reply_count":0,"_bbp_topic_count_hidden":0,"_bbp_reply_count_hidden":0,"_bbp_forum_subforum_count":0,"ep_exclude_from_search":false,"footnotes":""},"related-projects-category":[],"class_list":["post-16640579","page","type-page","status-publish","has-post-thumbnail","hentry"],"_links":{"self":[{"href":"https:\/\/wpml.org\/it\/wp-json\/wp\/v2\/pages\/16640579","targetHints":{"allow":["GET"]}}],"collection":[{"href":"https:\/\/wpml.org\/it\/wp-json\/wp\/v2\/pages"}],"about":[{"href":"https:\/\/wpml.org\/it\/wp-json\/wp\/v2\/types\/page"}],"author":[{"embeddable":true,"href":"https:\/\/wpml.org\/it\/wp-json\/wp\/v2\/users\/204756"}],"replies":[{"embeddable":true,"href":"https:\/\/wpml.org\/it\/wp-json\/wp\/v2\/comments?post=16640579"}],"version-history":[{"count":8,"href":"https:\/\/wpml.org\/it\/wp-json\/wp\/v2\/pages\/16640579\/revisions"}],"predecessor-version":[{"id":17853633,"href":"https:\/\/wpml.org\/it\/wp-json\/wp\/v2\/pages\/16640579\/revisions\/17853633"}],"up":[{"embeddable":true,"href":"https:\/\/wpml.org\/it\/wp-json\/wp\/v2\/pages\/4853349"}],"wp:featuredmedia":[{"embeddable":true,"href":"https:\/\/wpml.org\/it\/wp-json\/wp\/v2\/media\/15217874"}],"wp:attachment":[{"href":"https:\/\/wpml.org\/it\/wp-json\/wp\/v2\/media?parent=16640579"}],"wp:term":[{"taxonomy":"related-projects-category","embeddable":true,"href":"https:\/\/wpml.org\/it\/wp-json\/wp\/v2\/related-projects-category?post=16640579"}],"curies":[{"name":"wp","href":"https:\/\/api.w.org\/{rel}","templated":true}]}}