{"id":17014891,"date":"2022-09-26T17:56:55","date_gmt":"2022-09-26T17:56:55","guid":{"rendered":"https:\/\/wpml.org\/documentazione\/traduzione-automatica-per-contenuti-di-wordpress-con-wpml\/come-tradurre-il-tuo-sito-wordpress-con-deepl\/"},"modified":"2026-02-26T08:02:43","modified_gmt":"2026-02-26T08:02:43","slug":"come-tradurre-il-tuo-sito-wordpress-con-deepl","status":"publish","type":"page","link":"https:\/\/wpml.org\/it\/documentazione\/traduzione-automatica-per-contenuti-di-wordpress-con-wpml\/come-tradurre-il-tuo-sito-wordpress-con-deepl\/","title":{"rendered":"Come tradurre il tuo sito WordPress con DeepL"},"content":{"rendered":"\n<p class=\"lead\">Scopri come tradurre automaticamente il tuo sito WordPress in pi\u00f9 lingue con DeepL e WPML.<\/p>\n\n<div class=\"tb-fields-and-text\" data-toolset-blocks-fields-and-text=\"3c3b6da774357482b62973e19972f612\"><p><img decoding=\"async\" class=\"size-full wp-image-15646162 aligncenter\" src=\"https:\/\/wpml.org\/wp-content\/uploads\/2024\/05\/Banner-DeepL1-min.png\" alt=\"\" width=\"1400\" height=\"540\" srcset=\"https:\/\/wpml.org\/wp-content\/uploads\/2024\/05\/Banner-DeepL1-min.png 1400w, https:\/\/wpml.org\/wp-content\/uploads\/2024\/05\/Banner-DeepL1-min-300x116.png 300w, https:\/\/wpml.org\/wp-content\/uploads\/2024\/05\/Banner-DeepL1-min-1024x395.png 1024w, https:\/\/wpml.org\/wp-content\/uploads\/2024\/05\/Banner-DeepL1-min-150x58.png 150w, https:\/\/wpml.org\/wp-content\/uploads\/2024\/05\/Banner-DeepL1-min-768x296.png 768w\" sizes=\"(max-width: 1400px) 100vw, 1400px\" \/><\/p><\/div>\n\n<h2 class=\"wp-block-heading\" id=\"why-translate-with-wpml\">Perch\u00e9 tradurre con DeepL e WPML?<\/h2>\n\n<p>DeepL \u00e8 uno dei migliori motori di traduzione automatica disponibili oggi. Supporta oltre 30 lingue, pu\u00f2 generare traduzioni dall&#8217;aspetto nativo ed \u00e8 il motore di traduzione preferito dai clienti WPML. Solo nel 2025, WPML ha tradotto pi\u00f9 di <strong>13 miliardi di parole<\/strong> con DeepL!  <\/p>\n\n<p>Traducendo con WPML, ottieni accesso completo a DeepL, oltre a funzionalit\u00e0 esclusive di WPML:<\/p>\n\n<div class=\"wp-block-toolset-blocks-grid tb-grid\" data-toolset-blocks-grid=\"e55248a839e80904b4f3d4995ba20b04\">\n<div class=\"wp-block-toolset-blocks-grid-column tb-grid-column tb-grid-align-top\" data-toolset-blocks-grid-column=\"3034fbe886c11054e95b46b09d3e4112\">\n<div class=\"wp-block-toolset-blocks-container tb-container\" data-toolset-blocks-container=\"dcc94753058845e5dfc3bb51fd001fd7\"><\/div>\n\n\n\n<p class=\"tb-heading\" data-toolset-blocks-heading=\"6eee2a0222dd86c811e3129fc3ca4915\" data-last-update=\"1.4\">Integrazione diretta<\/p>\n\n\n\n<p class=\"tb-heading has-text-color\" data-toolset-blocks-heading=\"8f22bb68207bdb49cdf90c813ccae5c6\" data-last-update=\"1.4\">Accedi a DeepL direttamente all&#8217;interno dell&#8217;area di amministrazione di WordPress<\/p>\n<\/div>\n\n\n\n<div class=\"wp-block-toolset-blocks-grid-column tb-grid-column tb-grid-align-top\" data-toolset-blocks-grid-column=\"3034fbe886c11054e95b46b09d3e4112\">\n<div class=\"wp-block-toolset-blocks-container tb-container\" data-toolset-blocks-container=\"9ee1b84d5ec856faa07d399d1ab08f07\"><\/div>\n\n\n\n<p class=\"tb-heading\" data-toolset-blocks-heading=\"6eee2a0222dd86c811e3129fc3ca4915\" data-last-update=\"1.4\">Lingue illimitate<\/p>\n\n\n\n<p class=\"tb-heading has-text-color\" data-toolset-blocks-heading=\"8f22bb68207bdb49cdf90c813ccae5c6\" data-last-update=\"1.4\">Traduci in tutte le lingue che vuoi<\/p>\n<\/div>\n\n\n\n<div class=\"wp-block-toolset-blocks-grid-column tb-grid-column tb-grid-align-top\" data-toolset-blocks-grid-column=\"3034fbe886c11054e95b46b09d3e4112\">\n<div class=\"wp-block-toolset-blocks-container tb-container\" data-toolset-blocks-container=\"70d5a5d61dcac229fe1d29ce8e00a0da\"><\/div>\n\n\n\n<p class=\"tb-heading\" data-toolset-blocks-heading=\"6eee2a0222dd86c811e3129fc3ca4915\" data-last-update=\"1.4\">Traduzioni simili a quelle native<\/p>\n\n\n\n<p class=\"tb-heading has-text-color\" data-toolset-blocks-heading=\"8f22bb68207bdb49cdf90c813ccae5c6\" data-last-update=\"1.4\">Utilizza le reti neurali AI di DeepL per generare traduzioni<\/p>\n<\/div>\n\n\n\n<div class=\"wp-block-toolset-blocks-grid-column tb-grid-column tb-grid-align-top\" data-toolset-blocks-grid-column=\"3034fbe886c11054e95b46b09d3e4112\">\n<div class=\"wp-block-toolset-blocks-container tb-container\" data-toolset-blocks-container=\"21d23713a4ae77ce3721867dd0a95049\"><\/div>\n\n\n\n<p class=\"tb-heading\" data-toolset-blocks-heading=\"6eee2a0222dd86c811e3129fc3ca4915\" data-last-update=\"1.4\">Controlla la formalit\u00e0<\/p>\n\n\n\n<p class=\"tb-heading has-text-color\" data-toolset-blocks-heading=\"8f22bb68207bdb49cdf90c813ccae5c6\" data-last-update=\"1.4\">Genera traduzioni che si adattano alle norme e preferenze locali<\/p>\n<\/div>\n\n\n\n<div class=\"wp-block-toolset-blocks-grid-column tb-grid-column tb-grid-align-top\" data-toolset-blocks-grid-column=\"3034fbe886c11054e95b46b09d3e4112\">\n<div class=\"wp-block-toolset-blocks-container tb-container\" data-toolset-blocks-container=\"e58b790335eff4ad6511098b15931f21\"><\/div>\n\n\n\n<p class=\"tb-heading\" data-toolset-blocks-heading=\"6eee2a0222dd86c811e3129fc3ca4915\" data-last-update=\"1.4\">Traduzione automatica gratuita<\/p>\n\n\n\n<p class=\"tb-heading has-text-color\" data-toolset-blocks-heading=\"8f22bb68207bdb49cdf90c813ccae5c6\" data-last-update=\"1.4\">Traduci automaticamente il tuo sito in 2-3 lingue gratuitamente<\/p>\n<\/div>\n\n\n\n<div class=\"wp-block-toolset-blocks-grid-column tb-grid-column tb-grid-align-top\" data-toolset-blocks-grid-column=\"3034fbe886c11054e95b46b09d3e4112\">\n<div class=\"wp-block-toolset-blocks-container tb-container\" data-toolset-blocks-container=\"b3040d3d13da2364a055f805b1b14f99\"><\/div>\n\n\n\n<p class=\"tb-heading\" data-toolset-blocks-heading=\"6eee2a0222dd86c811e3129fc3ca4915\" data-last-update=\"1.4\">Ottimizza per SEO<\/p>\n\n\n\n<p class=\"tb-heading has-text-color\" data-toolset-blocks-heading=\"8f22bb68207bdb49cdf90c813ccae5c6\" data-last-update=\"1.4\">Traduci URL e metadati e imposta automaticamente i tag hreflang<\/p>\n<\/div>\n<\/div>\n\n<h2 class=\"wp-block-heading\" id=\"translate-with-deepl-and-wpml\">Come tradurre il tuo sito WordPress con DeepL e WPML <\/h2>\n\n<p>Tradurre il tuo sito WordPress con DeepL e WPML richiede solo pochi minuti. Ecco come funziona il processo.  <\/p>\n\n<h3 class=\"wp-block-heading\" id=\"select-your-languages\">1. Scegli le tue lingue <\/h3>\n\n<p>Con WPML, puoi aggiungere un numero illimitato di lingue al tuo sito. <\/p>\n\n<p>Questo include tutte le oltre 30 lingue disponibili di DeepL, pi\u00f9 qualsiasi altra lingua supportata dai motori di traduzione alternativi di WPML \u2013 <a href=\"https:\/\/wpml.org\/it\/documentazione\/traduzione-automatica-per-contenuti-di-wordpress-con-wpml\/come-usare-google-translate-in-wordpress-tutorial-completo\/\">Google Translate<\/a>, <a href=\"https:\/\/wpml.org\/it\/documentazione\/traduzione-automatica-per-contenuti-di-wordpress-con-wpml\/traduci-il-tuo-sito-wordpress-con-microsoft-translator\/\">Microsoft Translator<\/a> e <a href=\"https:\/\/wpml.org\/it\/documentazione\/traduzione-automatica-per-contenuti-di-wordpress-con-wpml\/\">PTC<\/a>.<\/p>\n\n<p>Per aggiungere lingue, seleziona semplicemente tutte quelle che desideri durante la procedura guidata di configurazione di WPML. <\/p>\n<div class=\"wp-block-image\">\n<figure class=\" tb-image tb-image-dynamic tb-image-frame-none aligncenter\" data-toolset-blocks-image=\"314060fb176e3e5d1ae66ae03cd0105e\"><a href=\"https:\/\/wpml.org\/wp-content\/uploads\/2024\/07\/WPML-setup.png\"><img decoding=\"async\" width=\"1024\" height=\"674\" loading=\"lazy\" src=\"https:\/\/wpml.org\/wp-content\/uploads\/2024\/07\/WPML-setup-1024x674.png\" alt=\"WPML setup wizard\" class=\"wp-image-15988516\" srcset=\"https:\/\/wpml.org\/wp-content\/uploads\/2024\/07\/WPML-setup-1024x674.png 1024w, https:\/\/wpml.org\/wp-content\/uploads\/2024\/07\/WPML-setup-300x198.png 300w, https:\/\/wpml.org\/wp-content\/uploads\/2024\/07\/WPML-setup-150x99.png 150w, https:\/\/wpml.org\/wp-content\/uploads\/2024\/07\/WPML-setup-768x506.png 768w, https:\/\/wpml.org\/wp-content\/uploads\/2024\/07\/WPML-setup-1536x1011.png 1536w, https:\/\/wpml.org\/wp-content\/uploads\/2024\/07\/WPML-setup.png 1909w\" sizes=\"auto, (max-width: 1024px) 100vw, 1024px\" \/><\/a><figcaption><div class=\"tb-image-caption\">Selezione delle lingue nella procedura guidata di configurazione di WPML<\/div><\/figcaption><\/figure>\n<\/div>\n<h3 class=\"wp-block-heading\" id=\"select-deepl\">2. Seleziona DeepL come motore di traduzione<\/h3>\n\n<p>Per usare DeepL con WPML, vai su <strong>WPML \u2192 Impostazioni<\/strong> e individua la sezione <strong>Traduzione automatica<\/strong>. Clicca su <strong>Motore diverso<\/strong>, quindi trascina DeepL in cima all&#8217;elenco. <\/p>\n\n<figure class=\"wp-block-image tb-image tb-image-dynamic tb-image-frame-none\" data-toolset-blocks-image=\"997490d397df3d1a2dfa148b42c66ba4\"><img decoding=\"async\" width=\"1024\" height=\"545\" loading=\"lazy\" src=\"https:\/\/wpml.org\/wp-content\/uploads\/2026\/02\/wpml-settings-making-deepl-default-engine-1024x545.png\" alt=\"DeepL translation engine in WPML Settinga\" class=\"wp-image-17832727\" srcset=\"https:\/\/wpml.org\/wp-content\/uploads\/2026\/02\/wpml-settings-making-deepl-default-engine-1024x545.png 1024w, https:\/\/wpml.org\/wp-content\/uploads\/2026\/02\/wpml-settings-making-deepl-default-engine-300x160.png 300w, https:\/\/wpml.org\/wp-content\/uploads\/2026\/02\/wpml-settings-making-deepl-default-engine-150x80.png 150w, https:\/\/wpml.org\/wp-content\/uploads\/2026\/02\/wpml-settings-making-deepl-default-engine-768x409.png 768w, https:\/\/wpml.org\/wp-content\/uploads\/2026\/02\/wpml-settings-making-deepl-default-engine-1536x817.png 1536w, https:\/\/wpml.org\/wp-content\/uploads\/2026\/02\/wpml-settings-making-deepl-default-engine-2048x1090.png 2048w\" sizes=\"auto, (max-width: 1024px) 100vw, 1024px\" \/><figcaption><div class=\"tb-image-caption\">Impostare DeepL come motore predefinito nelle Impostazioni di WPML<\/div><\/figcaption><\/figure>\n\n<p>Per impostazione predefinita, WPML imposta automaticamente il livello di formalit\u00e0 per ogni lingua in base alle preferenze culturali. Per modificarlo, clicca sul link <strong>Modifica formalit\u00e0<\/strong> accanto a DeepL e scegli l&#8217;impostazione preferita per ogni lingua. <\/p>\n\n<p>Quando hai finito, clicca su <strong>Salva impostazioni<\/strong>. WPML user\u00e0 ora DeepL per tradurre i tuoi contenuti. <\/p>\n\n<h3 class=\"wp-block-heading\" id=\"send-content-for-translation\">3. Invia contenuti per la traduzione<\/h3>\n\n<p>Con WPML, puoi tradurre tutti i contenuti del tuo sito. Questo include pagine, articoli, post personalizzati, prodotti e altro ancora.  <\/p>\n\n<p>Per tradurre contenuti con DeepL:<\/p>\n\n<ol class=\"wp-block-list\">\n<li>Vai su <strong>WPML<\/strong> \u2192 <strong>pannello di controllo traduzioni<\/strong>.<\/li>\n\n\n\n<li>Seleziona il contenuto che desideri tradurre.<\/li>\n\n\n\n<li>Scegli <strong>Traduci automaticamente<\/strong> e clicca su <strong>Traduci<\/strong>.<\/li>\n<\/ol>\n<div class=\"wp-block-image\">\n<figure class=\" tb-image tb-image-dynamic tb-image-frame-none aligncenter\" data-toolset-blocks-image=\"5a3ec6f63ac8322456c6ebf56ee4be9c\"><a href=\"https:\/\/wpml.org\/wp-content\/uploads\/2026\/02\/Selecting-to-translate-homepage.png\"><img decoding=\"async\" width=\"1024\" height=\"601\" loading=\"lazy\" src=\"https:\/\/wpml.org\/wp-content\/uploads\/2026\/02\/Selecting-to-translate-homepage-1024x601.png\" alt=\"Selecting to translate homepage\" class=\"wp-image-17792284\" srcset=\"https:\/\/wpml.org\/wp-content\/uploads\/2026\/02\/Selecting-to-translate-homepage-1024x601.png 1024w, https:\/\/wpml.org\/wp-content\/uploads\/2026\/02\/Selecting-to-translate-homepage-300x176.png 300w, https:\/\/wpml.org\/wp-content\/uploads\/2026\/02\/Selecting-to-translate-homepage-150x88.png 150w, https:\/\/wpml.org\/wp-content\/uploads\/2026\/02\/Selecting-to-translate-homepage-768x451.png 768w, https:\/\/wpml.org\/wp-content\/uploads\/2026\/02\/Selecting-to-translate-homepage-1536x901.png 1536w, https:\/\/wpml.org\/wp-content\/uploads\/2026\/02\/Selecting-to-translate-homepage.png 1600w\" sizes=\"auto, (max-width: 1024px) 100vw, 1024px\" \/><\/a><figcaption><div class=\"tb-image-caption\">Selezionando la homepage da tradurre<\/div><\/figcaption><\/figure>\n<\/div>\n<h3 class=\"wp-block-heading\" id=\"review-translations\">4. Rivedi le tue traduzioni<\/h3>\n\n<p>Una volta che DeepL ha finito di tradurre i tuoi contenuti, puoi rivedere le sue traduzioni automatiche usando l&#8217;editor front-end di WPML. <\/p>\n\n<p>Se le traduzioni ti sembrano buone, puoi pubblicarle sul tuo sito. <\/p>\n\n<figure class=\"wp-block-image tb-image tb-image-dynamic tb-image-frame-none\" data-toolset-blocks-image=\"16826df9a930cfa08316459b8861dee1\"><a href=\"https:\/\/wpml.org\/wp-content\/uploads\/2024\/05\/Reviewing-translations-in-WPML.png\" data-lightbox=\"Reviewing-translations-in-WPML.png\"><img decoding=\"async\" width=\"1100\" height=\"671\" loading=\"lazy\" src=\"https:\/\/wpml.org\/wp-content\/uploads\/2024\/05\/Reviewing-translations-in-WPML.png\" alt=\"\" class=\"wp-image-15627910\" srcset=\"https:\/\/wpml.org\/wp-content\/uploads\/2024\/05\/Reviewing-translations-in-WPML.png 1100w, https:\/\/wpml.org\/wp-content\/uploads\/2024\/05\/Reviewing-translations-in-WPML-300x183.png 300w, https:\/\/wpml.org\/wp-content\/uploads\/2024\/05\/Reviewing-translations-in-WPML-1024x625.png 1024w, https:\/\/wpml.org\/wp-content\/uploads\/2024\/05\/Reviewing-translations-in-WPML-150x92.png 150w, https:\/\/wpml.org\/wp-content\/uploads\/2024\/05\/Reviewing-translations-in-WPML-768x468.png 768w\" sizes=\"auto, (max-width: 1100px) 100vw, 1100px\" \/><\/a><figcaption><div class=\"tb-image-caption\">Revisione delle traduzioni in WPML<\/div><\/figcaption><\/figure>\n\n<p>Se vuoi apportare modifiche, puoi modificare le traduzioni usando l&#8217;<a href=\"https:\/\/wpml.org\/it\/documentazione\/traduzione-dei-vostri-contenuti\/editor-di-traduzione-avanzato\/\">Editor di traduzione avanzato<\/a>. <\/p>\n<div class=\"wp-block-image\">\n<figure class=\" tb-image tb-image-dynamic tb-image-frame-none aligncenter\" data-toolset-blocks-image=\"32b2c0030b6aad27689b3cc1f4cbcca2\"><a href=\"https:\/\/wpml.org\/wp-content\/uploads\/2024\/07\/Editing-homepage-in-Advanced-Translation-Editor.png\"><img decoding=\"async\" width=\"1024\" height=\"687\" loading=\"lazy\" src=\"https:\/\/wpml.org\/wp-content\/uploads\/2024\/07\/Editing-homepage-in-Advanced-Translation-Editor-1024x687.png\" alt=\"Editing homepage in Advanced Translation Editor\" class=\"wp-image-15988657\" srcset=\"https:\/\/wpml.org\/wp-content\/uploads\/2024\/07\/Editing-homepage-in-Advanced-Translation-Editor-1024x687.png 1024w, https:\/\/wpml.org\/wp-content\/uploads\/2024\/07\/Editing-homepage-in-Advanced-Translation-Editor-300x201.png 300w, https:\/\/wpml.org\/wp-content\/uploads\/2024\/07\/Editing-homepage-in-Advanced-Translation-Editor-150x101.png 150w, https:\/\/wpml.org\/wp-content\/uploads\/2024\/07\/Editing-homepage-in-Advanced-Translation-Editor-768x515.png 768w, https:\/\/wpml.org\/wp-content\/uploads\/2024\/07\/Editing-homepage-in-Advanced-Translation-Editor-1536x1030.png 1536w, https:\/\/wpml.org\/wp-content\/uploads\/2024\/07\/Editing-homepage-in-Advanced-Translation-Editor.png 1870w\" sizes=\"auto, (max-width: 1024px) 100vw, 1024px\" \/><\/a><figcaption><div class=\"tb-image-caption\">Modifica della homepage nell&#8217;Editor di traduzione avanzato<\/div><\/figcaption><\/figure>\n<\/div>\n<p>Se hai poco tempo o preferisci semplicemente che un traduttore professionista riveda i tuoi contenuti, puoi anche <a href=\"https:\/\/wpml.org\/documentation\/support\/wpml-admin-capabilities\/\">invitare altri utenti<\/a> a rivedere le traduzioni sul tuo sito.<\/p>\n\n<p>Per mantenere il tuo sito sicuro, i revisori possono modificare solo i contenuti specifici che invii loro. <\/p>\n\n<h2 class=\"wp-block-heading\" id=\"deepl-wpml-cost\">Quanto costano DeepL e WPML?<\/h2>\n\n<p>Tradurre con DeepL e WPML costa circa 0,0015 $ per parola. Tuttavia, quando acquisti WPML, le prime 45.000 parole sono gratuite. Questo \u00e8 sufficiente per tradurre un sito di dimensioni medie in 2-3 lingue senza costi aggiuntivi.  <\/p>\n\n<p>Per saperne di pi\u00f9, visita il nostro <a href=\"https:\/\/wpml.org\/it\/documentazione\/traduzione-automatica-per-contenuti-di-wordpress-con-wpml\/prezzi-della-traduzione-automatica\/\">listino prezzi per la traduzione automatica<\/a>.<\/p>\n\n<h2 class=\"wp-block-heading\" id=\"get-started\">Inizia con DeepL e WPML<\/h2>\n\n<p class=\"lead\">Per tradurre con DeepL e WPML, ti serve il piano Multilingual CMS o Multilingual Agency di WPML. Per confrontare i piani, visita la nostra <a href=\"https:\/\/wpml.org\/it\/purchase\/\">pagina dei prezzi<\/a>. <\/p>\n","protected":false},"excerpt":{"rendered":"<p>Scopri come tradurre automaticamente il tuo sito WordPress in pi\u00f9 lingue con DeepL e WPML. Perch\u00e9 tradurre con DeepL e WPML? DeepL \u00e8 uno dei migliori motori di traduzione automatica disponibili oggi. Supporta oltre 30 lingue, pu\u00f2 generare traduzioni dall&#8217;aspetto nativo ed \u00e8 il motore di traduzione preferito dai clienti WPML. Solo nel 2025, WPML [&hellip;]<\/p>\n","protected":false},"author":578773,"featured_media":15217889,"parent":4853349,"menu_order":68,"comment_status":"closed","ping_status":"closed","template":"template-sidebar-2.php","meta":{"_bbp_topic_count":0,"_bbp_reply_count":0,"_bbp_total_topic_count":0,"_bbp_total_reply_count":0,"_bbp_voice_count":0,"_bbp_anonymous_reply_count":0,"_bbp_topic_count_hidden":0,"_bbp_reply_count_hidden":0,"_bbp_forum_subforum_count":0,"_uag_custom_page_level_css":"","ep_exclude_from_search":false,"footnotes":""},"related-projects-category":[],"class_list":["post-17014891","page","type-page","status-publish","has-post-thumbnail","hentry"],"spectra_custom_meta":{"_subscription_coupon_product_id":["0"],"_wpv_contains_gutenberg_views":[""],"_alp_processed":["1772092963"],"wpcf-unformatted-code":[""],"_wpml_media_duplicate":["1"],"_wpml_media_featured":["1"],"toolset_post_editor_mode":["block"],"wpcf-price-increase-show-from":[""],"wpcf-price-increase-show-till":[""],"_wp_page_template":["template-sidebar-2.php"],"_thumbnail_id":["15217889"],"_last_translation_edit_mode":["translation-editor"],"_wpml_word_count":["769"],"cmplz_hide_cookiebanner":[""],"wpcf-price-increase-content":[""],"wpcf-login-box-title":[""],"wpcf-page-content":[""],"_yoast_wpseo_primary_related-projects-category":[""],"_yoast_wpseo_title":["%%title%% %%page%%"],"_yoast_wpseo_metadesc":["Scopri come tradurre automaticamente il tuo sito WordPress in pi\u00f9 lingue con DeepL e WPML."],"_yoast_wpseo_focuskw":["deepl wordpress"],"_uag_css_file_name":["uag-css-17014891.css"],"_uag_page_assets":["a:9:{s:3:\"css\";s:260:\".uag-blocks-common-selector{z-index:var(--z-index-desktop) !important}@media(max-width: 976px){.uag-blocks-common-selector{z-index:var(--z-index-tablet) !important}}@media(max-width: 767px){.uag-blocks-common-selector{z-index:var(--z-index-mobile) !important}}\";s:2:\"js\";s:0:\"\";s:18:\"current_block_list\";a:11:{i:0;s:14:\"core\/paragraph\";i:1;s:30:\"toolset-blocks\/fields-and-text\";i:2;s:12:\"core\/heading\";i:3;s:19:\"toolset-blocks\/grid\";i:4;s:26:\"toolset-blocks\/grid-column\";i:5;s:24:\"toolset-blocks\/container\";i:6;s:22:\"toolset-blocks\/heading\";i:7;s:20:\"toolset-blocks\/image\";i:8;s:9:\"core\/list\";i:9;s:14:\"core\/list-item\";i:10;s:14:\"core\/shortcode\";}s:8:\"uag_flag\";b:0;s:11:\"uag_version\";s:10:\"1778835982\";s:6:\"gfonts\";a:0:{}s:10:\"gfonts_url\";s:0:\"\";s:12:\"gfonts_files\";a:0:{}s:14:\"uag_faq_layout\";b:0;}"]},"uagb_featured_image_src":{"full":["https:\/\/wpml.org\/wp-content\/uploads\/2024\/01\/Slide-16_9-1-1-4.png",1920,1080,false],"thumbnail":["https:\/\/wpml.org\/wp-content\/uploads\/2024\/01\/Slide-16_9-1-1-4-150x84.png",150,84,true],"medium":["https:\/\/wpml.org\/wp-content\/uploads\/2024\/01\/Slide-16_9-1-1-4-300x169.png",300,169,true],"medium_large":["https:\/\/wpml.org\/wp-content\/uploads\/2024\/01\/Slide-16_9-1-1-4-768x432.png",768,432,true],"large":["https:\/\/wpml.org\/wp-content\/uploads\/2024\/01\/Slide-16_9-1-1-4-1024x576.png",1024,576,true],"1536x1536":["https:\/\/wpml.org\/wp-content\/uploads\/2024\/01\/Slide-16_9-1-1-4-1536x864.png",1536,864,true],"2048x2048":["https:\/\/wpml.org\/wp-content\/uploads\/2024\/01\/Slide-16_9-1-1-4.png",1920,1080,false],"gform-image-choice-sm":["https:\/\/wpml.org\/wp-content\/uploads\/2024\/01\/Slide-16_9-1-1-4.png",300,169,false],"gform-image-choice-md":["https:\/\/wpml.org\/wp-content\/uploads\/2024\/01\/Slide-16_9-1-1-4.png",400,225,false],"gform-image-choice-lg":["https:\/\/wpml.org\/wp-content\/uploads\/2024\/01\/Slide-16_9-1-1-4.png",600,338,false],"woocommerce_thumbnail":["https:\/\/wpml.org\/wp-content\/uploads\/2024\/01\/Slide-16_9-1-1-4-150x150.png",150,150,true],"woocommerce_single":["https:\/\/wpml.org\/wp-content\/uploads\/2024\/01\/Slide-16_9-1-1-4-300x169.png",300,169,true],"woocommerce_gallery_thumbnail":["https:\/\/wpml.org\/wp-content\/uploads\/2024\/01\/Slide-16_9-1-1-4-100x100.png",100,100,true]},"uagb_author_info":{"display_name":"Tomer Helzer","author_link":"https:\/\/wpml.org\/it\/author\/tomer-h\/"},"uagb_comment_info":0,"uagb_excerpt":"Scopri come tradurre automaticamente il tuo sito WordPress in pi\u00f9 lingue con DeepL e WPML. Perch\u00e9 tradurre con DeepL e WPML? DeepL \u00e8 uno dei migliori motori di traduzione automatica disponibili oggi. Supporta oltre 30 lingue, pu\u00f2 generare traduzioni dall&#8217;aspetto nativo ed \u00e8 il motore di traduzione preferito dai clienti WPML. Solo nel 2025, WPML&hellip;","_links":{"self":[{"href":"https:\/\/wpml.org\/it\/wp-json\/wp\/v2\/pages\/17014891","targetHints":{"allow":["GET"]}}],"collection":[{"href":"https:\/\/wpml.org\/it\/wp-json\/wp\/v2\/pages"}],"about":[{"href":"https:\/\/wpml.org\/it\/wp-json\/wp\/v2\/types\/page"}],"author":[{"embeddable":true,"href":"https:\/\/wpml.org\/it\/wp-json\/wp\/v2\/users\/578773"}],"replies":[{"embeddable":true,"href":"https:\/\/wpml.org\/it\/wp-json\/wp\/v2\/comments?post=17014891"}],"version-history":[{"count":8,"href":"https:\/\/wpml.org\/it\/wp-json\/wp\/v2\/pages\/17014891\/revisions"}],"predecessor-version":[{"id":17854831,"href":"https:\/\/wpml.org\/it\/wp-json\/wp\/v2\/pages\/17014891\/revisions\/17854831"}],"up":[{"embeddable":true,"href":"https:\/\/wpml.org\/it\/wp-json\/wp\/v2\/pages\/4853349"}],"wp:featuredmedia":[{"embeddable":true,"href":"https:\/\/wpml.org\/it\/wp-json\/wp\/v2\/media\/15217889"}],"wp:attachment":[{"href":"https:\/\/wpml.org\/it\/wp-json\/wp\/v2\/media?parent=17014891"}],"wp:term":[{"taxonomy":"related-projects-category","embeddable":true,"href":"https:\/\/wpml.org\/it\/wp-json\/wp\/v2\/related-projects-category?post=17014891"}],"curies":[{"name":"wp","href":"https:\/\/api.w.org\/{rel}","templated":true}]}}