{"id":17060795,"date":"2025-05-21T09:22:20","date_gmt":"2025-05-21T09:22:20","guid":{"rendered":"https:\/\/wpml.org\/documentazione\/guida-introduttiva\/i-siti-multilingue-semplici-funzionano-meglio-consigli-provati-per-aumentare-il-tuo-traffico-globale\/"},"modified":"2025-05-22T10:19:35","modified_gmt":"2025-05-22T10:19:35","slug":"i-siti-multilingue-semplici-funzionano-meglio-consigli-provati-per-aumentare-il-tuo-traffico-globale","status":"publish","type":"page","link":"https:\/\/wpml.org\/it\/documentazione\/guida-introduttiva\/i-siti-multilingue-semplici-funzionano-meglio-consigli-provati-per-aumentare-il-tuo-traffico-globale\/","title":{"rendered":"I siti multilingue semplici funzionano meglio: consigli provati per aumentare il tuo traffico globale"},"content":{"rendered":"\n<div class=\"wp-block-toolset-blocks-container tb-container\" data-toolset-blocks-container=\"533d08cc674037c70041fd3f7aae99e1\"><div class=\"tb-container-inner\">\n<p class=\"tb-heading has-text-color\" data-toolset-blocks-heading=\"0190bf5c0f5e682e6e1d8be7e6f401ac\" data-last-update=\"1.4\"><span><span><a href=\"https:\/\/wpml.org\/it\/pagina-iniziale\/\">Home<\/a><\/span><\/span><\/p>\n\n\n\n<h1 class=\"tb-heading has-text-color\" data-toolset-blocks-heading=\"6a873bf0b5ed2ed5795fdeb334d80d4f\" data-last-update=\"1.4\">I siti multilingue semplici funzionano meglio: consigli provati per aumentare il tuo traffico globale<\/h1>\n\n\n\n<p class=\"lead\">Prima di iniziare a tradurre con WPML, impara come evitare i problemi di configurazione che rallentano i nuovi siti multilingue e segui i passaggi provati che gli altri usano per raggiungere pi\u00f9 velocemente i visitatori globali.<br\/><\/p>\n<\/div><\/div>\n\n<div class=\"wp-block-toolset-blocks-container tb-container\" data-toolset-blocks-container=\"55531053acb92725ea5ca762e946075c\"><div class=\"tb-container-inner\">\n<p class=\"has-text-align-center\" style=\"font-size:18px\">Secondo la nostra ricerca, <strong>il 70% degli utenti di WPML che definiscono la loro configurazione \u201ca basso sforzo\u201d<\/strong> ha detto di essersi lanciato pi\u00f9 velocemente, aver tradotto pi\u00f9 facilmente e aver visto un aumento del traffico internazionale, tutto in poche settimane.<\/p>\n<\/div><\/div>\n\n<div class=\"wp-block-toolset-blocks-container tb-container\" data-toolset-blocks-container=\"1d78ba5354d2a5e924572201d79e6137\"><div class=\"tb-container-inner\">\n<div class=\"wp-block-toolset-blocks-grid tb-grid\" data-toolset-blocks-grid=\"bd81ac74c09c9e79b69862792e617d13\">\n<div class=\"wp-block-toolset-blocks-grid-column tb-grid-column tb-grid-align-top\" data-toolset-blocks-grid-column=\"e0c62ef28c440411136281632d5a8d63\">\n<figure class=\"wp-block-image tb-image tb-image-dynamic tb-image-frame-none\" data-toolset-blocks-image=\"2e65b0810e6f93b7d78e007039a01759\"><img decoding=\"async\" width=\"1152\" height=\"1536\" loading=\"lazy\" src=\"https:\/\/wpml.org\/wp-content\/uploads\/2025\/05\/Positive-Business-Results-2.png\" alt=\"\" class=\"wp-image-17032619\" srcset=\"https:\/\/wpml.org\/wp-content\/uploads\/2025\/05\/Positive-Business-Results-2.png 1152w, https:\/\/wpml.org\/wp-content\/uploads\/2025\/05\/Positive-Business-Results-2-225x300.png 225w, https:\/\/wpml.org\/wp-content\/uploads\/2025\/05\/Positive-Business-Results-2-768x1024.png 768w, https:\/\/wpml.org\/wp-content\/uploads\/2025\/05\/Positive-Business-Results-2-113x150.png 113w, https:\/\/wpml.org\/wp-content\/uploads\/2025\/05\/Positive-Business-Results-2-300x400.png 300w\" sizes=\"auto, (max-width: 1152px) 100vw, 1152px\" \/><\/figure>\n<\/div>\n\n\n\n<div class=\"wp-block-toolset-blocks-grid-column tb-grid-column\" data-toolset-blocks-grid-column=\"9f75dfd214cb372d9492e3b770fdf02d\">\n<div class=\"wp-block-toolset-blocks-container tb-container\" data-toolset-blocks-container=\"76b9e19aebd78b467b04c64acfe33167\">\n<h2 class=\"tb-heading has-text-color\" data-toolset-blocks-heading=\"6b17c0d6cc04bb992d8ee96b9295721f\" data-last-update=\"1.4\"><strong>Usa un tema affidabile e solo i plugin essenziali<\/strong><\/h2>\n\n\n\n<p class=\"tb-heading\" data-toolset-blocks-heading=\"b79e08d4e2c80337c14f6df797704d67\" data-last-update=\"1.4\">Il tema e i plugin che scegli influenzano le prestazioni, la stabilit\u00e0 e il processo di traduzione del tuo sito.<br\/><br\/>Anche sui siti in una sola lingua, i plugin obsoleti o non necessari sono la principale causa di problemi tecnici.<br\/><br\/>Sui siti multilingue, questi problemi possono rallentare il tuo flusso di lavoro di traduzione o far funzionare il tuo sito in modo errato tra le varie lingue.<\/p>\n\n\n\n<hr class=\"wp-block-separator has-text-color has-alpha-channel-opacity has-background is-style-wide\" style=\"margin-top:var(--wp--preset--spacing--70);margin-bottom:var(--wp--preset--spacing--70);background-color:#33879e29;color:#33879e29\"\/>\n\n\n\n<h4 class=\"tb-heading has-text-color\" data-toolset-blocks-heading=\"a5ddcdc6d0e028992a78658b1a529f45\" data-last-update=\"1.4\"><strong><strong>Per evitare problemi tecnici fin dall&#8217;inizio:<\/strong><\/strong><\/h4>\n\n\n\n<ol style=\"margin-top:var(--wp--preset--spacing--30);margin-bottom:var(--wp--preset--spacing--30)\" class=\"wp-block-list\">\n<li>Attieniti a temi e plugin che sono mantenuti attivamente e compatibili con WPML.<\/li>\n\n\n\n<li>Installa solo i plugin di cui hai davvero bisogno.<\/li>\n\n\n\n<li>Prima di aggiungere un nuovo plugin, assicurati che supporti un flusso di lavoro di traduzione rapido e facile.<\/li>\n\n\n\n<li>Evita di usare codice personalizzato a meno che tu non sia pronto a renderlo compatibile con il multilinguismo e a mantenerlo<\/li>\n<\/ol>\n\n\n\n<div class=\"wp-block-toolset-blocks-container tb-container\" data-toolset-blocks-container=\"8f975b96e501b68c66ac21dfbca5db68\">\n<h5 class=\"tb-heading has-text-color\" data-toolset-blocks-heading=\"d0a79ef7c620358ad1070455c3551e5e\" data-last-update=\"1.4\"><strong>Guarda i <\/strong><a href=\"https:\/\/wpml.org\/theme\/\"><strong>temi<\/strong><\/a><strong> e i <\/strong><a href=\"https:\/\/wpml.org\/plugin\/\"><strong>plugin<\/strong><\/a><strong> raccomandati da WPML<\/strong><\/h5>\n<\/div>\n<\/div>\n<\/div>\n<\/div>\n\n\n\n<div class=\"wp-block-toolset-blocks-grid tb-grid\" data-toolset-blocks-grid=\"cd5472b0e1fa18860d882197280acb8c\">\n<div class=\"wp-block-toolset-blocks-grid-column tb-grid-column tb-grid-align-center\" data-toolset-blocks-grid-column=\"2c6e19232c221cec2ce8d8a5ee3199bb\">\n<figure class=\"wp-block-image tb-image tb-image-dynamic tb-image-frame-none\" data-toolset-blocks-image=\"46619af7b9bd9a31d58d5b4f321698dd\"><img decoding=\"async\" width=\"1153\" height=\"1536\" loading=\"lazy\" src=\"https:\/\/wpml.org\/wp-content\/uploads\/2025\/05\/Multilingual-Challenges-1.png\" alt=\"\" class=\"wp-image-17032633\" srcset=\"https:\/\/wpml.org\/wp-content\/uploads\/2025\/05\/Multilingual-Challenges-1.png 1153w, https:\/\/wpml.org\/wp-content\/uploads\/2025\/05\/Multilingual-Challenges-1-225x300.png 225w, https:\/\/wpml.org\/wp-content\/uploads\/2025\/05\/Multilingual-Challenges-1-769x1024.png 769w, https:\/\/wpml.org\/wp-content\/uploads\/2025\/05\/Multilingual-Challenges-1-113x150.png 113w, https:\/\/wpml.org\/wp-content\/uploads\/2025\/05\/Multilingual-Challenges-1-768x1023.png 768w, https:\/\/wpml.org\/wp-content\/uploads\/2025\/05\/Multilingual-Challenges-1-300x400.png 300w\" sizes=\"auto, (max-width: 1153px) 100vw, 1153px\" \/><\/figure>\n<\/div>\n\n\n\n<div class=\"wp-block-toolset-blocks-grid-column tb-grid-column tb-grid-align-center\" data-toolset-blocks-grid-column=\"e00106ffb333181b9331013c5f8ca37a\">\n<div class=\"wp-block-toolset-blocks-container tb-container\" data-toolset-blocks-container=\"e3162eee41dafe36aa073613d6512a56\">\n<h2 class=\"tb-heading has-text-color\" data-toolset-blocks-heading=\"6b17c0d6cc04bb992d8ee96b9295721f\" data-last-update=\"1.4\"><strong>Scrivi contenuti facili da capire e tradurre<\/strong><\/h2>\n\n\n\n<p class=\"tb-heading\" data-toolset-blocks-heading=\"b79e08d4e2c80337c14f6df797704d67\" data-last-update=\"1.4\">Se il tuo contenuto \u00e8 difficile da leggere nella lingua originale, sar\u00e0 ancora pi\u00f9 difficile da tradurre. Pi\u00f9 complesso \u00e8 il tuo linguaggio, pi\u00f9 modifiche dovrai fare e pi\u00f9 tempo ci vorr\u00e0 per mettere online il tuo sito multilingue. <\/p>\n\n\n\n<hr class=\"wp-block-separator has-text-color has-alpha-channel-opacity has-background is-style-wide\" style=\"margin-top:var(--wp--preset--spacing--70);margin-bottom:var(--wp--preset--spacing--70);background-color:#33879e29;color:#33879e29\"\/>\n\n\n\n<h4 class=\"tb-heading has-text-color\" data-toolset-blocks-heading=\"68d18ac8380575c984fba6e3b619fa68\" data-last-update=\"1.4\"><strong><strong><strong>Per ottenere traduzioni eccellenti, mantieni la tua scrittura abbastanza semplice da essere compresa da un sedicenne:<\/strong><\/strong><\/strong><\/h4>\n\n\n\n<ol style=\"margin-top:var(--wp--preset--spacing--30);margin-bottom:var(--wp--preset--spacing--30)\" class=\"wp-block-list\">\n<li>Mantieni le frasi brevi e dirette<\/li>\n\n\n\n<li>Usa parole semplici invece di quelle complicate<\/li>\n\n\n\n<li>Evita modi di dire, slang e riferimenti culturali<\/li>\n\n\n\n<li>Spezza il testo con titoli, punti elenco e paragrafi brevi<\/li>\n<\/ol>\n<\/div>\n<\/div>\n<\/div>\n\n\n\n<div class=\"wp-block-toolset-blocks-grid tb-grid\" data-toolset-blocks-grid=\"7c8c199e5ea1527196831a8d2e4a5b92\">\n<div class=\"wp-block-toolset-blocks-grid-column tb-grid-column tb-grid-align-center\" data-toolset-blocks-grid-column=\"2c6e19232c221cec2ce8d8a5ee3199bb\">\n<figure class=\"wp-block-image tb-image tb-image-dynamic tb-image-frame-none\" data-toolset-blocks-image=\"51516b4ddf404a3ec3e050145a1500a4\"><img decoding=\"async\" width=\"769\" height=\"1024\" loading=\"lazy\" src=\"https:\/\/wpml.org\/wp-content\/uploads\/2025\/05\/Automatic-1-769x1024.png\" alt=\"\" class=\"wp-image-17032648\" srcset=\"https:\/\/wpml.org\/wp-content\/uploads\/2025\/05\/Automatic-1-769x1024.png 769w, https:\/\/wpml.org\/wp-content\/uploads\/2025\/05\/Automatic-1-225x300.png 225w, https:\/\/wpml.org\/wp-content\/uploads\/2025\/05\/Automatic-1-113x150.png 113w, https:\/\/wpml.org\/wp-content\/uploads\/2025\/05\/Automatic-1-768x1023.png 768w, https:\/\/wpml.org\/wp-content\/uploads\/2025\/05\/Automatic-1-300x400.png 300w, https:\/\/wpml.org\/wp-content\/uploads\/2025\/05\/Automatic-1.png 1153w\" sizes=\"auto, (max-width: 769px) 100vw, 769px\" \/><\/figure>\n<\/div>\n\n\n\n<div class=\"wp-block-toolset-blocks-grid-column tb-grid-column tb-grid-align-center\" data-toolset-blocks-grid-column=\"e00106ffb333181b9331013c5f8ca37a\">\n<div class=\"wp-block-toolset-blocks-container tb-container\" data-toolset-blocks-container=\"76b9e19aebd78b467b04c64acfe33167\">\n<h2 class=\"tb-heading has-text-color\" data-toolset-blocks-heading=\"6b17c0d6cc04bb992d8ee96b9295721f\" data-last-update=\"1.4\"><strong>Usa la traduzione automatica<\/strong><\/h2>\n\n\n\n<p class=\"tb-heading\" data-toolset-blocks-heading=\"bb4b71d6eb70396b4d33c0a6b93081c6\" data-last-update=\"1.4\">Se non stai usando la traduzione automatica, stai spendendo troppo tempo in lavoro manuale. Tradurre tutto da solo o rivedere ogni traduzione riga per riga richiede tempo. Potresti usare questo tempo prezioso per il marketing, SEO o per gestire la tua attivit\u00e0.  <br\/><br\/>La <a href=\"https:\/\/wpml.org\/it\/documentazione\/traduzione-automatica-per-contenuti-di-wordpress-con-wpml\/\">traduzione automatica<\/a> di WPML offre un&#8217;eccellente qualit\u00e0 a un costo minimo. Con i crediti inclusi nel tuo acquisto di WPML, puoi tradurre la maggior parte o addirittura tutto il tuo sito subito. <\/p>\n\n\n\n<hr class=\"wp-block-separator has-text-color has-alpha-channel-opacity has-background is-style-wide\" style=\"margin-top:var(--wp--preset--spacing--70);margin-bottom:var(--wp--preset--spacing--70);background-color:#33879e29;color:#33879e29\"\/>\n\n\n\n<h4 class=\"tb-heading has-text-color\" data-toolset-blocks-heading=\"a5ddcdc6d0e028992a78658b1a529f45\" data-last-update=\"1.4\"><strong><strong><strong>Per risparmiare tempo e far crescere pi\u00f9 velocemente il tuo traffico multilingue:<\/strong><\/strong><\/strong><\/h4>\n\n\n\n<ol style=\"margin-top:var(--wp--preset--spacing--30);margin-bottom:var(--wp--preset--spacing--30)\" class=\"wp-block-list\">\n<li>Inizia traducendo automaticamente la tua homepage, le principali pagine di destinazione e i contenuti che generano conversioni.<\/li>\n\n\n\n<li class=\"has-link-color wp-elements-5c6de1d078def73e36200c2b3b313e2b\"> Se <a href=\"https:\/\/wpml.org\/it\/documentazione\/traduzione-automatica-per-contenuti-di-wordpress-con-wpml\/wpml-ai-traduzioni-a-livello-nativo-per-wordpress\/\">WPML AI<\/a> supporta le tue lingue, approfitta delle sue traduzioni contestuali Migliori delle Traduzioni Umane che sembrano scritte da un madrelingua.<\/li>\n\n\n\n<li>Non lasciare i contenuti in bozza in attesa di una traduzione perfetta: le traduzioni pubblicate attirano visitatori.<\/li>\n\n\n\n<li>Dopo la pubblicazione, lascia che il feedback del mondo reale ti mostri cosa migliorare e cosa sta gi\u00e0 funzionando.<\/li>\n<\/ol>\n<\/div>\n<\/div>\n<\/div>\n<\/div><\/div>\n\n<div class=\"wp-block-toolset-blocks-container tb-container\" data-toolset-blocks-container=\"4cbda994512a716922e3f1c16d89ae6c\"><div class=\"tb-container-inner\">\n<hr class=\"wp-block-separator has-text-color has-alpha-channel-opacity has-background is-style-wide\" style=\"margin-top:var(--wp--preset--spacing--70);margin-bottom:var(--wp--preset--spacing--70);background-color:#33879e29;color:#33879e29\"\/>\n\n\n\n<h2 class=\"tb-heading has-text-color\" data-toolset-blocks-heading=\"6b17c0d6cc04bb992d8ee96b9295721f\" data-last-update=\"1.4\"><strong>Ottieni pi\u00f9 traffico con un sito multilingue semplice<\/strong><\/h2>\n\n\n\n<p class=\"tb-heading\" data-toolset-blocks-heading=\"b79e08d4e2c80337c14f6df797704d67\" data-last-update=\"1.4\">Tutto quello che hai visto qui si basa su dati reali di centinaia di utenti di WPML. I risultati sono chiari: i siti multilingue di maggior successo mantengono le cose semplici. Si concentrano sull&#8217;essenziale: temi e plugin affidabili, contenuti facili da capire e traduzione rapida. Questo \u00e8 ci\u00f2 che porta a prestazioni migliori.   <br\/><br\/>Hai in mano le stesse strategie. Ora \u00e8 il momento di metterle in azione. <\/p>\n\n\n\n<div class=\"wp-block-toolset-blocks-container tb-container\" data-toolset-blocks-container=\"e6d2ff72a4fe049897bbda010079e492\">\n<div class=\"wp-block-group is-vertical is-content-justification-center is-layout-flex wp-container-core-group-is-layout-eee6a810 wp-block-group-is-layout-flex\">\n<h3 class=\"tb-heading has-text-color\" data-toolset-blocks-heading=\"b772800d09532af8a595172a6a5d0c10\" data-last-update=\"1.4\"><strong><strong>Traduciamo il tuo sito<\/strong><\/strong><\/h3>\n\n\n\n<h4 class=\"tb-heading has-text-color\" data-toolset-blocks-heading=\"1de052fd8130ca5acd9b9cd1d93d1791\" data-last-update=\"1.4\">Hai gli strumenti, i consigli e la fiducia per iniziare a raggiungere nuovi pubblici.<\/h4>\n<\/div>\n\n\n\n<div class=\"tb-button\" data-toolset-blocks-button=\"64acadcea6700aa1ed6a4305ad474e70\"><a class=\"tb-button__link\" href=\"https:\/\/wpml.org\/documentation\/translating-your-contents\/\"><i class=\"tb-button__icon\"><\/i><span class=\"tb-button__content\">Traduci la tua prima Pagina<\/span><\/a><\/div>\n<\/div>\n<\/div><\/div>\n","protected":false},"excerpt":{"rendered":"","protected":false},"author":538393,"featured_media":0,"parent":138157,"menu_order":0,"comment_status":"closed","ping_status":"closed","template":"template-full.php","meta":{"_bbp_topic_count":0,"_bbp_reply_count":0,"_bbp_total_topic_count":0,"_bbp_total_reply_count":0,"_bbp_voice_count":0,"_bbp_anonymous_reply_count":0,"_bbp_topic_count_hidden":0,"_bbp_reply_count_hidden":0,"_bbp_forum_subforum_count":0,"_uag_custom_page_level_css":"","ep_exclude_from_search":false,"footnotes":""},"related-projects-category":[],"class_list":["post-17060795","page","type-page","status-publish","hentry"],"spectra_custom_meta":{"_subscription_coupon_product_id":["0"],"_wpv_contains_gutenberg_views":[""],"_alp_processed":["1747909175"],"wpcf-unformatted-code":[""],"_wpml_media_duplicate":["1"],"_wpml_media_featured":["1"],"wpcf-display-breadcrumbs":["0"],"toolset_post_editor_mode":["block"],"wpcf-price-increase-show-from":[""],"wpcf-price-increase-show-till":[""],"_wp_page_template":["template-full.php"],"_yoast_wpseo_metadesc":["Il 70% degli utenti di WPML con una configurazione semplice del sito WordPress si lancia pi\u00f9 velocemente, traduce pi\u00f9 facilmente e aumenta il traffico internazionale in poche settimane."],"_last_translation_edit_mode":["translation-editor"],"_wpml_word_count":["718"],"_oembed_bbf56b1d4c25ce11481afba39f176f85":["{{unknown}}"],"_uagb_previous_block_counts":["a:90:{s:21:\"uagb\/advanced-heading\";i:0;s:15:\"uagb\/blockquote\";i:0;s:12:\"uagb\/buttons\";i:0;s:18:\"uagb\/buttons-child\";i:0;s:19:\"uagb\/call-to-action\";i:0;s:15:\"uagb\/cf7-styler\";i:0;s:11:\"uagb\/column\";i:0;s:12:\"uagb\/columns\";i:0;s:14:\"uagb\/container\";i:0;s:21:\"uagb\/content-timeline\";i:0;s:27:\"uagb\/content-timeline-child\";i:0;s:14:\"uagb\/countdown\";i:0;s:12:\"uagb\/counter\";i:0;s:8:\"uagb\/faq\";i:0;s:14:\"uagb\/faq-child\";i:0;s:10:\"uagb\/forms\";i:0;s:17:\"uagb\/forms-accept\";i:0;s:19:\"uagb\/forms-checkbox\";i:0;s:15:\"uagb\/forms-date\";i:0;s:16:\"uagb\/forms-email\";i:0;s:17:\"uagb\/forms-hidden\";i:0;s:15:\"uagb\/forms-name\";i:0;s:16:\"uagb\/forms-phone\";i:0;s:16:\"uagb\/forms-radio\";i:0;s:17:\"uagb\/forms-select\";i:0;s:19:\"uagb\/forms-textarea\";i:0;s:17:\"uagb\/forms-toggle\";i:0;s:14:\"uagb\/forms-url\";i:0;s:14:\"uagb\/gf-styler\";i:0;s:15:\"uagb\/google-map\";i:0;s:11:\"uagb\/how-to\";i:0;s:16:\"uagb\/how-to-step\";i:0;s:9:\"uagb\/icon\";i:0;s:14:\"uagb\/icon-list\";i:0;s:20:\"uagb\/icon-list-child\";i:0;s:10:\"uagb\/image\";i:0;s:18:\"uagb\/image-gallery\";i:0;s:13:\"uagb\/info-box\";i:0;s:18:\"uagb\/inline-notice\";i:0;s:11:\"uagb\/lottie\";i:0;s:21:\"uagb\/marketing-button\";i:0;s:10:\"uagb\/modal\";i:0;s:18:\"uagb\/popup-builder\";i:0;s:16:\"uagb\/post-button\";i:0;s:18:\"uagb\/post-carousel\";i:0;s:17:\"uagb\/post-excerpt\";i:0;s:14:\"uagb\/post-grid\";i:0;s:15:\"uagb\/post-image\";i:0;s:17:\"uagb\/post-masonry\";i:0;s:14:\"uagb\/post-meta\";i:0;s:18:\"uagb\/post-taxonomy\";i:0;s:18:\"uagb\/post-timeline\";i:0;s:15:\"uagb\/post-title\";i:0;s:20:\"uagb\/restaurant-menu\";i:0;s:26:\"uagb\/restaurant-menu-child\";i:0;s:11:\"uagb\/review\";i:0;s:12:\"uagb\/section\";i:0;s:14:\"uagb\/separator\";i:0;s:11:\"uagb\/slider\";i:0;s:17:\"uagb\/slider-child\";i:0;s:17:\"uagb\/social-share\";i:0;s:23:\"uagb\/social-share-child\";i:0;s:16:\"uagb\/star-rating\";i:0;s:23:\"uagb\/sure-cart-checkout\";i:0;s:22:\"uagb\/sure-cart-product\";i:0;s:15:\"uagb\/sure-forms\";i:0;s:22:\"uagb\/table-of-contents\";i:0;s:9:\"uagb\/tabs\";i:0;s:15:\"uagb\/tabs-child\";i:0;s:18:\"uagb\/taxonomy-list\";i:0;s:9:\"uagb\/team\";i:0;s:16:\"uagb\/testimonial\";i:0;s:14:\"uagb\/wp-search\";i:0;s:19:\"uagb\/instagram-feed\";i:0;s:10:\"uagb\/login\";i:0;s:17:\"uagb\/loop-builder\";i:0;s:18:\"uagb\/loop-category\";i:0;s:20:\"uagb\/loop-pagination\";i:0;s:15:\"uagb\/loop-reset\";i:0;s:16:\"uagb\/loop-search\";i:0;s:14:\"uagb\/loop-sort\";i:0;s:17:\"uagb\/loop-wrapper\";i:0;s:13:\"uagb\/register\";i:0;s:19:\"uagb\/register-email\";i:0;s:24:\"uagb\/register-first-name\";i:0;s:23:\"uagb\/register-last-name\";i:0;s:22:\"uagb\/register-password\";i:0;s:30:\"uagb\/register-reenter-password\";i:0;s:19:\"uagb\/register-terms\";i:0;s:22:\"uagb\/register-username\";i:0;}"],"_uag_css_file_name":["uag-css-17060795.css"],"_uag_page_assets":["a:9:{s:3:\"css\";s:0:\"\";s:2:\"js\";s:0:\"\";s:18:\"current_block_list\";a:12:{i:0;s:24:\"toolset-blocks\/container\";i:1;s:22:\"toolset-blocks\/heading\";i:2;s:14:\"core\/paragraph\";i:4;s:19:\"toolset-blocks\/grid\";i:5;s:26:\"toolset-blocks\/grid-column\";i:6;s:20:\"toolset-blocks\/image\";i:7;s:14:\"core\/separator\";i:8;s:9:\"core\/list\";i:9;s:14:\"core\/list-item\";i:11;s:10:\"core\/group\";i:12;s:21:\"toolset-blocks\/button\";i:13;s:14:\"core\/shortcode\";}s:8:\"uag_flag\";b:0;s:11:\"uag_version\";s:10:\"1778894980\";s:6:\"gfonts\";a:0:{}s:10:\"gfonts_url\";s:0:\"\";s:12:\"gfonts_files\";a:0:{}s:14:\"uag_faq_layout\";b:0;}"]},"uagb_featured_image_src":{"full":false,"thumbnail":false,"medium":false,"medium_large":false,"large":false,"1536x1536":false,"2048x2048":false,"gform-image-choice-sm":false,"gform-image-choice-md":false,"gform-image-choice-lg":false,"woocommerce_thumbnail":false,"woocommerce_single":false,"woocommerce_gallery_thumbnail":false},"uagb_author_info":{"display_name":"Kathy","author_link":"https:\/\/wpml.org\/it\/author\/kathy-b\/"},"uagb_comment_info":0,"uagb_excerpt":null,"_links":{"self":[{"href":"https:\/\/wpml.org\/it\/wp-json\/wp\/v2\/pages\/17060795","targetHints":{"allow":["GET"]}}],"collection":[{"href":"https:\/\/wpml.org\/it\/wp-json\/wp\/v2\/pages"}],"about":[{"href":"https:\/\/wpml.org\/it\/wp-json\/wp\/v2\/types\/page"}],"author":[{"embeddable":true,"href":"https:\/\/wpml.org\/it\/wp-json\/wp\/v2\/users\/538393"}],"replies":[{"embeddable":true,"href":"https:\/\/wpml.org\/it\/wp-json\/wp\/v2\/comments?post=17060795"}],"version-history":[{"count":1,"href":"https:\/\/wpml.org\/it\/wp-json\/wp\/v2\/pages\/17060795\/revisions"}],"predecessor-version":[{"id":17060797,"href":"https:\/\/wpml.org\/it\/wp-json\/wp\/v2\/pages\/17060795\/revisions\/17060797"}],"up":[{"embeddable":true,"href":"https:\/\/wpml.org\/it\/wp-json\/wp\/v2\/pages\/138157"}],"wp:attachment":[{"href":"https:\/\/wpml.org\/it\/wp-json\/wp\/v2\/media?parent=17060795"}],"wp:term":[{"taxonomy":"related-projects-category","embeddable":true,"href":"https:\/\/wpml.org\/it\/wp-json\/wp\/v2\/related-projects-category?post=17060795"}],"curies":[{"name":"wp","href":"https:\/\/api.w.org\/{rel}","templated":true}]}}