{"id":17825071,"date":"2026-02-25T09:31:59","date_gmt":"2026-02-25T09:31:59","guid":{"rendered":"https:\/\/wpml.org\/?page_id=17825071"},"modified":"2026-03-02T09:29:15","modified_gmt":"2026-03-02T09:29:15","slug":"programma-partnership-per-agenzie-termini-e-condizioni","status":"publish","type":"page","link":"https:\/\/wpml.org\/it\/account\/programma-di-partnership-per-agenzie\/programma-partnership-per-agenzie-termini-e-condizioni\/","title":{"rendered":"Programma Partnership per Agenzie \u2014 Termini e condizioni"},"content":{"rendered":"\n<p class=\"lead\">Scopri come funziona il Programma Partnership per Agenzie, incluso come guadagnare premi, cosa offre ogni livello e come vengono calcolati crediti e punti.<\/p>\n\n<h2 class=\"wp-block-heading\">Guadagnare punti<\/h2>\n\n<p>Guadagni 1 punto premio per ogni credito di traduzione che tu e i tuoi clienti utilizzate tramite la traduzione automatica. Questo vale per i crediti di traduzione utilizzati con qualsiasi motore di traduzione (PTC, DeepL, Google o Microsoft). <\/p>\n\n<p>Questo si applica sia alle traduzioni di siti web che alle traduzioni di software.<\/p>\n\n<p>Il tuo saldo punti si aggiorna quotidianamente. I crediti che spendi oggi si rifletteranno nel contatore dei punti il giorno successivo. <\/p>\n\n<h2 class=\"wp-block-heading\">Come i siti e i crediti vengono attribuiti al tuo account<\/h2>\n\n<p><strong>Per i siti WPML:<\/strong> i punti provengono dai siti registrati sotto il tuo account WPML. Se crei un sito per un cliente (o per te stesso) utilizzando la tua licenza WPML, i crediti di traduzione utilizzati su quel sito contano per i tuoi premi. Se il cliente passa in seguito a una propria licenza WPML, quel sito non verr\u00e0 pi\u00f9 conteggiato.  <\/p>\n\n<p>Contano sia i siti di produzione che quelli di staging, purch\u00e9 siano registrati sotto il tuo account.<\/p>\n\n<p><strong>Per <\/strong><a href=\"https:\/\/ptc.wpml.org\/\" target=\"_blank\" rel=\"noreferrer noopener\"><strong>PTC for Software<\/strong><\/a><strong>:<\/strong> i tuoi clienti devono iscriversi tramite il tuo link di riferimento. Troverai questo link nella pagina del Programma Partnership per Agenzie nel tuo account WPML. Quando i clienti visitano ptc.wpml.org utilizzando il tuo link, il loro account viene collegato al tuo e i crediti che utilizzano contano per i tuoi punti.  <\/p>\n\n<h2 class=\"wp-block-heading\">Quando inizia il tracciamento dei punti<\/h2>\n\n<p>Quando ti iscrivi, ricevi punti per tutti i crediti di traduzione automatica utilizzati dall&#8217;ultimo rinnovo del tuo account WPML. I punti continuano ad accumularsi fino alla data del tuo prossimo rinnovo. <\/p>\n\n<p>Ad esempio: se il tuo account WPML si \u00e8 rinnovato il 10 giugno 2025 e ti iscrivi al programma il 2 marzo 2026, riceverai punti per tutti i crediti utilizzati tra il 10 giugno 2025 e il 10 giugno 2026.<\/p>\n\n<h2 class=\"wp-block-heading\">Quando vengono azzerati i punti<\/h2>\n\n<p>I tuoi punti iniziano ad accumularsi dalla data dell&#8217;ultimo acquisto o rinnovo dell&#8217;abbonamento WPML. Si azzerano alla data del prossimo rinnovo dell&#8217;abbonamento. <\/p>\n\n<h2 class=\"wp-block-heading\">Livelli di premio<\/h2>\n\n<p>Ci sono tre livelli di premio. Li raggiungi accumulando i seguenti punti: <\/p>\n\n<ul class=\"wp-block-list\">\n<li><strong>Bronze:<\/strong> 500.000 punti<\/li>\n\n\n\n<li><strong>Gold:<\/strong> 1.250.000 punti<\/li>\n\n\n\n<li><strong>Platinum:<\/strong> 2.500.000 punti<\/li>\n<\/ul>\n\n<p>Una volta raggiunto un livello, \u00e8 tuo per quell&#8217;anno di abbonamento \u2014 il tuo livello non scender\u00e0 anche se l&#8217;utilizzo rallenta.<\/p>\n\n<p>I livelli si azzerano al rinnovo dell&#8217;abbonamento e si ricomincia da capo.<\/p>\n\n<h2 class=\"wp-block-heading\">Cosa include ogni livello<\/h2>\n\n<p><strong>Bronze<\/strong><\/p>\n\n<ul class=\"wp-block-list\">\n<li>Supporto VIP<\/li>\n\n\n\n<li>Sconto del 20% sul tuo prossimo rinnovo di WPML<\/li>\n\n\n\n<li>300.000 crediti di traduzione gratuiti per il sito della tua agenzia<\/li>\n<\/ul>\n\n<p><strong>Gold<\/strong><\/p>\n\n<ul class=\"wp-block-list\">\n<li>Supporto VIP<\/li>\n\n\n\n<li>Sconto del 50% sul tuo prossimo rinnovo di WPML<\/li>\n\n\n\n<li>500.000 crediti di traduzione gratuiti per il sito della tua agenzia<\/li>\n<\/ul>\n\n<p><strong>Platinum<\/strong><\/p>\n\n<ul class=\"wp-block-list\">\n<li>Supporto VIP<\/li>\n\n\n\n<li>Sconto del 100% sul tuo prossimo rinnovo di WPML (rinnovo gratuito)<\/li>\n\n\n\n<li>800.000 crediti di traduzione gratuiti per il sito della tua agenzia<\/li>\n<\/ul>\n\n<h2 class=\"wp-block-heading\">Supporto VIP<\/h2>\n\n<p>Supporto VIP significa:<\/p>\n\n<ul class=\"wp-block-list\">\n<li>Le tue richieste di supporto hanno la priorit\u00e0, cos\u00ec ricevi risposte pi\u00f9 veloci<\/li>\n\n\n\n<li>I tuoi problemi vengono gestiti direttamente dagli sviluppatori<\/li>\n<\/ul>\n\n<h2 class=\"wp-block-heading\">Sconti per il rinnovo<\/h2>\n\n<p>Quando raggiungi un livello di premio, lo sconto per il rinnovo viene applicato automaticamente al tuo prossimo rinnovo dell&#8217;abbonamento WPML.<\/p>\n\n<p>Lo sconto si applica una sola volta, esclusivamente al tuo prossimo rinnovo e solo all&#8217;account WPML della tua agenzia.<\/p>\n\n<p>Se il tuo account \u00e8 impostato per il rinnovo manuale, lo sconto verr\u00e0 applicato solo se rinnovi in tempo. Se l&#8217;account scade, perderai lo sconto. <\/p>\n\n<h2 class=\"wp-block-heading\">Crediti di traduzione gratuiti<\/h2>\n\n<p>I crediti gratuiti che guadagni possono essere utilizzati solo sul sito web della tua agenzia. Specifica di quale sito si tratta nella pagina del Programma Partnership per Agenzie nel tuo account WPML. <\/p>\n\n<p>Questi crediti non scadono, ma non possono nemmeno essere trasferiti ad altri siti.<\/p>\n\n<h2 class=\"wp-block-heading\">Partecipare al programma<\/h2>\n\n<p>Per partecipare, accedi al tuo account WPML e iscriviti dalla sezione Programma Partnership per Agenzie. Puoi accedervi dalla tua pagina principale dell&#8217;account. <\/p>\n\n<p>Solo gli account Multilingual Agency sono idonei. Se hai un account Multilingual Blog o Multilingual CMS, non vedrai questa opzione. <\/p>\n\n<h2 class=\"wp-block-heading\">Uscire dal programma<\/h2>\n\n<p>Non esiste una procedura formale di rinuncia, puoi semplicemente smettere di partecipare in qualsiasi momento. Se hai gi\u00e0 raggiunto un livello di premio, mantieni ci\u00f2 che hai guadagnato: <\/p>\n\n<ul class=\"wp-block-list\">\n<li>Hai accesso al supporto VIP fino al tuo prossimo rinnovo, quando i premi verranno azzerati<\/li>\n\n\n\n<li>Lo sconto per il tuo prossimo rinnovo rimane valido<\/li>\n\n\n\n<li>Puoi ancora assegnare i tuoi crediti gratuiti quando preferisci<\/li>\n<\/ul>\n\n<h2 class=\"wp-block-heading\">Come questo influisce sui tuoi clienti<\/h2>\n\n<p>L&#8217;iscrizione a questo programma non cambia nulla per i tuoi clienti:<\/p>\n\n<ul class=\"wp-block-list\">\n<li>Il prezzo dei crediti di traduzione rimane lo stesso<\/li>\n\n\n\n<li>Il prezzo del rinnovo annuale di WPML rimane lo stesso<\/li>\n<\/ul>\n\n<h2 class=\"wp-block-heading\">Garanzia di qualit\u00e0 per la traduzione automatica con PTC<\/h2>\n\n<p>Le traduzioni automatiche effettuate tramite PTC sono coperte da una garanzia di qualit\u00e0. Se tu o i tuoi clienti non siete soddisfatti della qualit\u00e0 della traduzione, facci sapere cosa non va. Gestiamo i problemi di qualit\u00e0 come bug e lavoriamo per risolverli. Se non sarai ancora soddisfatto, ti rimborseremo integralmente i crediti di traduzione.   <\/p>\n\n<p><a href=\"https:\/\/wpml.org\/it\/documentazione\/traduzione-automatica-per-contenuti-di-wordpress-con-wpml\/traduzione-automatica-con-qualita-garantita\/\" target=\"_blank\" rel=\"noreferrer noopener\">Scopri di pi\u00f9 sulla Garanzia di Qualit\u00e0 PTC<\/a><\/p>\n\n<p><\/p>\n","protected":false},"excerpt":{"rendered":"<p>Scopri come funziona il Programma Partnership per Agenzie, incluso come guadagnare premi, cosa offre ogni livello e come vengono calcolati crediti e punti. Guadagnare punti Guadagni 1 punto premio per ogni credito di traduzione che tu e i tuoi clienti utilizzate tramite la traduzione automatica. Questo vale per i crediti di traduzione utilizzati con qualsiasi [&hellip;]<\/p>\n","protected":false},"author":76577,"featured_media":0,"parent":17825099,"menu_order":0,"comment_status":"closed","ping_status":"closed","template":"template-nosidebar-centered.php","meta":{"_bbp_topic_count":0,"_bbp_reply_count":0,"_bbp_total_topic_count":0,"_bbp_total_reply_count":0,"_bbp_voice_count":0,"_bbp_anonymous_reply_count":0,"_bbp_topic_count_hidden":0,"_bbp_reply_count_hidden":0,"_bbp_forum_subforum_count":0,"ep_exclude_from_search":false,"footnotes":""},"related-projects-category":[],"class_list":["post-17825071","page","type-page","status-publish","hentry"],"_links":{"self":[{"href":"https:\/\/wpml.org\/it\/wp-json\/wp\/v2\/pages\/17825071","targetHints":{"allow":["GET"]}}],"collection":[{"href":"https:\/\/wpml.org\/it\/wp-json\/wp\/v2\/pages"}],"about":[{"href":"https:\/\/wpml.org\/it\/wp-json\/wp\/v2\/types\/page"}],"author":[{"embeddable":true,"href":"https:\/\/wpml.org\/it\/wp-json\/wp\/v2\/users\/76577"}],"replies":[{"embeddable":true,"href":"https:\/\/wpml.org\/it\/wp-json\/wp\/v2\/comments?post=17825071"}],"version-history":[{"count":2,"href":"https:\/\/wpml.org\/it\/wp-json\/wp\/v2\/pages\/17825071\/revisions"}],"predecessor-version":[{"id":17863795,"href":"https:\/\/wpml.org\/it\/wp-json\/wp\/v2\/pages\/17825071\/revisions\/17863795"}],"up":[{"embeddable":true,"href":"https:\/\/wpml.org\/it\/wp-json\/wp\/v2\/pages\/17825099"}],"wp:attachment":[{"href":"https:\/\/wpml.org\/it\/wp-json\/wp\/v2\/media?parent=17825071"}],"wp:term":[{"taxonomy":"related-projects-category","embeddable":true,"href":"https:\/\/wpml.org\/it\/wp-json\/wp\/v2\/related-projects-category?post=17825071"}],"curies":[{"name":"wp","href":"https:\/\/api.w.org\/{rel}","templated":true}]}}