{"id":17965118,"date":"2019-10-21T05:13:56","date_gmt":"2019-10-21T05:13:56","guid":{"rendered":"https:\/\/wpml.org\/documentazione\/traduzione-automatica-per-contenuti-di-wordpress-con-wpml\/condivisione-dei-crediti-di-traduzione-automatica-tra-piu-siti\/"},"modified":"2026-04-13T08:28:40","modified_gmt":"2026-04-13T08:28:40","slug":"condivisione-dei-crediti-di-traduzione-automatica-tra-piu-siti","status":"publish","type":"page","link":"https:\/\/wpml.org\/it\/documentazione\/traduzione-automatica-per-contenuti-di-wordpress-con-wpml\/condivisione-dei-crediti-di-traduzione-automatica-tra-piu-siti\/","title":{"rendered":"Condivisione dei crediti di traduzione automatica tra pi\u00f9 siti"},"content":{"rendered":"\n<p class=\"lead\">Scopri come condividere i crediti di traduzione automatica tra pi\u00f9 siti collegandoli tra loro.<\/p>\n\n<p>Collegare i siti tra loro offre diversi vantaggi:<\/p>\n\n<ul class=\"wp-block-list\">\n<li><strong>Minor costo per credito<\/strong> \u2013 il costo per credito diminuisce all&#8217;aumentare delle traduzioni, quindi pagare per tutti i tuoi siti in un&#8217;unica fattura ti garantisce l&#8217;offerta migliore.<\/li>\n\n\n\n<li><strong>Memoria di traduzione condivisa<\/strong> \u2013 i tuoi siti condividono un&#8217;unica memoria di traduzione, cos\u00ec non pagherai mai per tradurre la stessa frase due volte, indipendentemente dal sito in cui appare.<\/li>\n\n\n\n<li><strong>Terminologia coerente<\/strong> \u2013 un glossario condiviso mantiene le tue frasi chiave e i tuoi termini uniformi in ogni sito, in modo automatico.<\/li>\n\n\n\n<li><strong>Un&#8217;unica fattura<\/strong> \u2013 tutti i tuoi siti vengono fatturati insieme, cos\u00ec avrai solo una fattura da monitorare.<\/li>\n\n\n\n<li><strong>Pacchetti di crediti flessibili<\/strong> \u2013 i crediti acquistati sono condivisi tra tutti i tuoi siti registrati, senza necessit\u00e0 di assegnarli singolarmente a ogni sito.<\/li>\n<\/ul>\n\n<h2 class=\"wp-block-heading\">Come collegare i tuoi siti<\/h2>\n\n<p>Per collegare i siti a un saldo di traduzione automatica condiviso:<\/p>\n\n<ol class=\"wp-block-list\">\n<li>Accedi al sito che vuoi collegare a un altro \u2013 quello che utilizzer\u00e0 i crediti.<\/li>\n\n\n\n<li>Vai su <strong>WPML<\/strong> \u2192 <strong>Gestione traduzioni<\/strong> e passa alla scheda <strong>Pagamenti e manutenzione<\/strong>.<\/li>\n\n\n\n<li>Scorri verso il basso fino a <strong>Motore di traduzione automatica<\/strong> e clicca su <strong>Siti collegati<\/strong>.<\/li>\n\n\n\n<li>Clicca sul pulsante <strong>Copia codice di migrazione<\/strong>. <\/li>\n<\/ol>\n<div class=\"wp-block-image\">\n<figure class=\" tb-image tb-image-dynamic tb-image-frame-none aligncenter\" data-toolset-blocks-image=\"3af1cc06c14c5bfa8fd8cb998b2fa8f1\"><a href=\"https:\/\/wpml.org\/wp-content\/uploads\/2026\/03\/copy-migration-code.png\"><img decoding=\"async\" width=\"1024\" height=\"600\" loading=\"lazy\" src=\"https:\/\/wpml.org\/wp-content\/uploads\/2026\/03\/copy-migration-code-1024x600.png\" alt=\"copy migration code button\" class=\"wp-image-17930640\" srcset=\"https:\/\/wpml.org\/wp-content\/uploads\/2026\/03\/copy-migration-code-1024x600.png 1024w, https:\/\/wpml.org\/wp-content\/uploads\/2026\/03\/copy-migration-code-300x176.png 300w, https:\/\/wpml.org\/wp-content\/uploads\/2026\/03\/copy-migration-code-150x88.png 150w, https:\/\/wpml.org\/wp-content\/uploads\/2026\/03\/copy-migration-code-768x450.png 768w, https:\/\/wpml.org\/wp-content\/uploads\/2026\/03\/copy-migration-code-1536x900.png 1536w, https:\/\/wpml.org\/wp-content\/uploads\/2026\/03\/copy-migration-code-2048x1200.png 2048w\" sizes=\"auto, (max-width: 1024px) 100vw, 1024px\" \/><\/a><figcaption><div class=\"tb-image-caption\"><em>Pulsante Copia codice di migrazione<\/em><\/div><\/figcaption><\/figure>\n<\/div>\n<ol start=\"5\" class=\"wp-block-list\">\n<li>Successivamente, accedi al sito che sta utilizzando i crediti. <\/li>\n\n\n\n<li>Vai alla sezione <strong>Siti collegati<\/strong> e clicca sul pulsante <strong>Inserisci la chiave di connessione di un altro sito<\/strong>. Incolla il codice appena copiato e salva. <\/li>\n<\/ol>\n<div class=\"wp-block-image\">\n<figure class=\" tb-image tb-image-dynamic tb-image-frame-none aligncenter\" data-toolset-blocks-image=\"ddca628a7c6e8c9109169d1fc0479fa7\"><a href=\"https:\/\/wpml.org\/wp-content\/uploads\/2026\/03\/enter-migration-code.png\"><img decoding=\"async\" width=\"1024\" height=\"600\" loading=\"lazy\" src=\"https:\/\/wpml.org\/wp-content\/uploads\/2026\/03\/enter-migration-code-1024x600.png\" alt=\"Enter migration code button\" class=\"wp-image-17930665\" srcset=\"https:\/\/wpml.org\/wp-content\/uploads\/2026\/03\/enter-migration-code-1024x600.png 1024w, https:\/\/wpml.org\/wp-content\/uploads\/2026\/03\/enter-migration-code-300x176.png 300w, https:\/\/wpml.org\/wp-content\/uploads\/2026\/03\/enter-migration-code-150x88.png 150w, https:\/\/wpml.org\/wp-content\/uploads\/2026\/03\/enter-migration-code-768x450.png 768w, https:\/\/wpml.org\/wp-content\/uploads\/2026\/03\/enter-migration-code-1536x900.png 1536w, https:\/\/wpml.org\/wp-content\/uploads\/2026\/03\/enter-migration-code-2048x1200.png 2048w\" sizes=\"auto, (max-width: 1024px) 100vw, 1024px\" \/><\/a><figcaption><div class=\"tb-image-caption\"><em>Pulsante Inserisci codice di migrazione<\/em><\/div><\/figcaption><\/figure>\n<\/div>\n<p>Entrambi i siti ora utilizzeranno i crediti da un fondo comune.<\/p>\n\n<h3 class=\"wp-block-heading\" id=\"wpml-migration-wizard\">Collegamento delle copie del sito tramite la procedura guidata di migrazione di WPML<\/h3>\n\n<p>A volte potresti voler creare una copia del tuo sito a scopo di test. In questi casi, potresti anche voler condividere i crediti o un abbonamento a pagamento a consumo tra il tuo sito originale e la sua copia di test. Puoi farlo seguendo la procedura guidata di migrazione di WPML, che appare automaticamente quando WPML rileva modifiche all&#8217;URL del tuo sito.  <\/p>\n\n<p>Scopri di pi\u00f9 su come <a href=\"https:\/\/wpml.org\/documentation\/translating-your-contents\/advanced-translation-editor\/using-advanced-translation-editor-when-you-move-or-use-a-copy-of-your-site\/\">usare la procedura guidata di migrazione per collegare le copie del tuo sito<\/a>.<\/p>\n\n<p>Tramite la procedura guidata di migrazione, WPML rileva se il tuo sito \u00e8 una copia e ti chiede se vuoi condividere i crediti tra il nuovo sito e quello originale. Per farlo:<\/p>\n\n<ol class=\"wp-block-list\">\n<li>Clicca sul link per generare un codice di migrazione univoco sul tuo sito originale.<\/li>\n\n\n\n<li>Copia il codice dal tuo sito originale e incollalo nella procedura guidata di migrazione.<\/li>\n<\/ol>\n<div class=\"wp-block-image\">\n<figure class=\" tb-image tb-image-dynamic tb-image-frame-none aligncenter\" data-toolset-blocks-image=\"b19919c985ddd5271cb22276b3e9b90f\"><a href=\"https:\/\/wpml.org\/wp-content\/uploads\/2025\/08\/wpml-translation-dashboard-connecting-translation-credits.png\"><img decoding=\"async\" width=\"1024\" height=\"465\" loading=\"lazy\" src=\"https:\/\/wpml.org\/wp-content\/uploads\/2025\/08\/wpml-translation-dashboard-connecting-translation-credits-1024x465.png\" alt=\"Connecting automatic translation credits\" class=\"wp-image-17350924\" srcset=\"https:\/\/wpml.org\/wp-content\/uploads\/2025\/08\/wpml-translation-dashboard-connecting-translation-credits-1024x465.png 1024w, https:\/\/wpml.org\/wp-content\/uploads\/2025\/08\/wpml-translation-dashboard-connecting-translation-credits-300x136.png 300w, https:\/\/wpml.org\/wp-content\/uploads\/2025\/08\/wpml-translation-dashboard-connecting-translation-credits-150x68.png 150w, https:\/\/wpml.org\/wp-content\/uploads\/2025\/08\/wpml-translation-dashboard-connecting-translation-credits-768x348.png 768w, https:\/\/wpml.org\/wp-content\/uploads\/2025\/08\/wpml-translation-dashboard-connecting-translation-credits-1536x697.png 1536w, https:\/\/wpml.org\/wp-content\/uploads\/2025\/08\/wpml-translation-dashboard-connecting-translation-credits.png 1999w\" sizes=\"auto, (max-width: 1024px) 100vw, 1024px\" \/><\/a><figcaption><div class=\"tb-image-caption\"><em>Collegamento di un sito originale e della sua copia per condividere i crediti di traduzione tramite la procedura guidata di migrazione di WPML<\/em><\/div><\/figcaption><\/figure>\n<\/div>\n<h2 class=\"wp-block-heading\">Impossibile collegare i siti?<\/h2>\n\n<p>In alcuni casi, il sistema potrebbe impedirti di collegare i siti. Ecco un paio di motivi per cui ci\u00f2 potrebbe accadere. <\/p>\n\n<h3 class=\"wp-block-heading\">Non puoi unire siti che hanno entrambi account attivi<\/h3>\n\n<p>Se entrambi i siti hanno account separati e attivi per la traduzione automatica, devi:<\/p>\n\n<ol class=\"wp-block-list\">\n<li>Annullare l&#8217;account su uno di questi due siti.<\/li>\n\n\n\n<li>Attendere che venga emesso l&#8217;addebito per l&#8217;account annullato (di solito richiede circa un&#8217;ora).<\/li>\n\n\n\n<li>Pagare la fattura finale per l&#8217;account annullato.<\/li>\n\n\n\n<li>Recuperare il codice di migrazione dal sito con l&#8217;account annullato e inserirlo nel sito con l&#8217;account ancora attivo.<\/li>\n<\/ol>\n\n<h3 class=\"wp-block-heading\">Non puoi collegare siti che hanno una fattura in sospeso sull&#8217;account di traduzione automatica<\/h3>\n\n<p>Se un sito ha una fattura non pagata, dovrai saldarla prima di poter collegare il sito a un altro.<\/p>\n\n<h2 class=\"wp-block-heading\">Come scollegare i siti<\/h2>\n\n<p>I siti collegati condividono memoria di traduzione, glossario e crediti. Ci\u00f2 significa che quando scolleghi un sito: <\/p>\n\n<ul class=\"wp-block-list\">\n<li>Tutte le traduzioni in corso su quel sito saranno annullate.<\/li>\n\n\n\n<li>La memoria di traduzione e il glossario su quel sito saranno resettati.<\/li>\n\n\n\n<li>Dovrai <a href=\"https:\/\/wpml.org\/it\/documentazione\/traduzione-automatica-per-contenuti-di-wordpress-con-wpml\/prezzi-della-traduzione-automatica\/\">assegnare crediti<\/a> o <a href=\"https:\/\/wpml.org\/it\/documentazione\/traduzione-automatica-per-contenuti-di-wordpress-con-wpml\/come-registrarsi-per-il-pagamento-in-base-al-consumo\/\">iscriverti al pagamento a consumo<\/a> per continuare a usare la traduzione automatica sul sito, poich\u00e9 non condivider\u00e0 pi\u00f9 i crediti con gli altri tuoi siti.<\/li>\n<\/ul>\n\n<p>Per scollegare un sito:<\/p>\n\n<ol class=\"wp-block-list\">\n<li>Vai su <strong>WPML<\/strong> \u2192 <strong>Gestione traduzioni<\/strong> e clicca sulla scheda <strong>Pagamenti e manutenzione<\/strong>.<\/li>\n\n\n\n<li>Espandi il menu a discesa <strong>Siti collegati<\/strong>.<\/li>\n\n\n\n<li>Clicca sull&#8217;icona di scollegamento accanto al sito che desideri disconnettere.<\/li>\n<\/ol>\n<div class=\"wp-block-image\">\n<figure class=\" tb-image tb-image-dynamic tb-image-frame-none aligncenter\" data-toolset-blocks-image=\"e8524dd70247b754dd63253bc55b4c4a\"><a href=\"https:\/\/wpml.org\/wp-content\/uploads\/2023\/06\/wpml-disconnect-site.png\"><img decoding=\"async\" width=\"2156\" height=\"782\" loading=\"lazy\" src=\"https:\/\/wpml.org\/wp-content\/uploads\/2023\/06\/wpml-disconnect-site.png\" alt=\"\" class=\"wp-image-13791399\" srcset=\"https:\/\/wpml.org\/wp-content\/uploads\/2023\/06\/wpml-disconnect-site.png 2156w, https:\/\/wpml.org\/wp-content\/uploads\/2023\/06\/wpml-disconnect-site-300x109.png 300w, https:\/\/wpml.org\/wp-content\/uploads\/2023\/06\/wpml-disconnect-site-1024x371.png 1024w, https:\/\/wpml.org\/wp-content\/uploads\/2023\/06\/wpml-disconnect-site-150x54.png 150w, https:\/\/wpml.org\/wp-content\/uploads\/2023\/06\/wpml-disconnect-site-768x279.png 768w, https:\/\/wpml.org\/wp-content\/uploads\/2023\/06\/wpml-disconnect-site-1536x557.png 1536w, https:\/\/wpml.org\/wp-content\/uploads\/2023\/06\/wpml-disconnect-site-2048x743.png 2048w\" sizes=\"auto, (max-width: 2156px) 100vw, 2156px\" \/><\/a><figcaption><div class=\"tb-image-caption\"><em>Scollegamento di siti che condividono crediti di traduzione automatica o un account con pagamento a consumo<\/em><\/div><\/figcaption><\/figure>\n<\/div>","protected":false},"excerpt":{"rendered":"<p>Scopri come condividere i crediti di traduzione automatica tra pi\u00f9 siti collegandoli tra loro. Collegare i siti tra loro offre diversi vantaggi: Come collegare i tuoi siti Per collegare i siti a un saldo di traduzione automatica condiviso: Entrambi i siti ora utilizzeranno i crediti da un fondo comune. Collegamento delle copie del sito tramite [&hellip;]<\/p>\n","protected":false},"author":76577,"featured_media":0,"parent":4853349,"menu_order":35,"comment_status":"closed","ping_status":"closed","template":"template-sidebar-2.php","meta":{"_bbp_topic_count":0,"_bbp_reply_count":0,"_bbp_total_topic_count":0,"_bbp_total_reply_count":0,"_bbp_voice_count":0,"_bbp_anonymous_reply_count":0,"_bbp_topic_count_hidden":0,"_bbp_reply_count_hidden":0,"_bbp_forum_subforum_count":0,"_uag_custom_page_level_css":"","ep_exclude_from_search":false,"footnotes":""},"related-projects-category":[],"class_list":["post-17965118","page","type-page","status-publish","hentry"],"spectra_custom_meta":{"_subscription_coupon_product_id":["0"],"_wpv_contains_gutenberg_views":[""],"_alp_processed":["1776068920"],"_last_translation_edit_mode":["translation-editor"],"_views_template":["0"],"wpcf-unformatted-code":[""],"_wpml_media_duplicate":["1"],"_wpml_media_featured":["1"],"toolset_post_editor_mode":["block"],"wpcf-price-increase-show-from":[""],"wpcf-price-increase-show-till":[""],"_wp_page_template":["template-sidebar-2.php"],"_yoast_wpseo_title":["%%title%% %%page%%"],"_yoast_wpseo_metadesc":["Scopri come condividere i crediti di traduzione automatica tra pi\u00f9 siti collegandoli tra loro."],"_wpml_word_count":["737"],"_uag_css_file_name":["uag-css-17965118.css"],"_uag_page_assets":["a:9:{s:3:\"css\";s:0:\"\";s:2:\"js\";s:0:\"\";s:18:\"current_block_list\";a:6:{i:0;s:14:\"core\/paragraph\";i:1;s:9:\"core\/list\";i:2;s:14:\"core\/list-item\";i:3;s:12:\"core\/heading\";i:4;s:20:\"toolset-blocks\/image\";i:5;s:14:\"core\/shortcode\";}s:8:\"uag_flag\";b:0;s:11:\"uag_version\";s:10:\"1778504880\";s:6:\"gfonts\";a:0:{}s:10:\"gfonts_url\";s:0:\"\";s:12:\"gfonts_files\";a:0:{}s:14:\"uag_faq_layout\";b:0;}"]},"uagb_featured_image_src":{"full":false,"thumbnail":false,"medium":false,"medium_large":false,"large":false,"1536x1536":false,"2048x2048":false,"gform-image-choice-sm":false,"gform-image-choice-md":false,"gform-image-choice-lg":false,"woocommerce_thumbnail":false,"woocommerce_single":false,"woocommerce_gallery_thumbnail":false},"uagb_author_info":{"display_name":"Dario","author_link":"https:\/\/wpml.org\/it\/author\/darioh\/"},"uagb_comment_info":0,"uagb_excerpt":"Scopri come condividere i crediti di traduzione automatica tra pi\u00f9 siti collegandoli tra loro. Collegare i siti tra loro offre diversi vantaggi: Come collegare i tuoi siti Per collegare i siti a un saldo di traduzione automatica condiviso: Entrambi i siti ora utilizzeranno i crediti da un fondo comune. Collegamento delle copie del sito tramite&hellip;","_links":{"self":[{"href":"https:\/\/wpml.org\/it\/wp-json\/wp\/v2\/pages\/17965118","targetHints":{"allow":["GET"]}}],"collection":[{"href":"https:\/\/wpml.org\/it\/wp-json\/wp\/v2\/pages"}],"about":[{"href":"https:\/\/wpml.org\/it\/wp-json\/wp\/v2\/types\/page"}],"author":[{"embeddable":true,"href":"https:\/\/wpml.org\/it\/wp-json\/wp\/v2\/users\/76577"}],"replies":[{"embeddable":true,"href":"https:\/\/wpml.org\/it\/wp-json\/wp\/v2\/comments?post=17965118"}],"version-history":[{"count":2,"href":"https:\/\/wpml.org\/it\/wp-json\/wp\/v2\/pages\/17965118\/revisions"}],"predecessor-version":[{"id":17965122,"href":"https:\/\/wpml.org\/it\/wp-json\/wp\/v2\/pages\/17965118\/revisions\/17965122"}],"up":[{"embeddable":true,"href":"https:\/\/wpml.org\/it\/wp-json\/wp\/v2\/pages\/4853349"}],"wp:attachment":[{"href":"https:\/\/wpml.org\/it\/wp-json\/wp\/v2\/media?parent=17965118"}],"wp:term":[{"taxonomy":"related-projects-category","embeddable":true,"href":"https:\/\/wpml.org\/it\/wp-json\/wp\/v2\/related-projects-category?post=17965118"}],"curies":[{"name":"wp","href":"https:\/\/api.w.org\/{rel}","templated":true}]}}