{"id":374632,"date":"2014-04-05T19:03:24","date_gmt":"2014-04-05T19:03:24","guid":{"rendered":"http:\/\/wpml.org\/modulo-di-contatto\/"},"modified":"2022-09-26T10:55:29","modified_gmt":"2022-09-26T10:55:29","slug":"modulo-di-contatto","status":"publish","type":"page","link":"https:\/\/wpml.org\/it\/pagina-iniziale\/contattaci\/modulo-di-contatto\/","title":{"rendered":"Modulo di contatto"},"content":{"rendered":"<div style=\"padding: 0 15%;\">\n<p class=\"lead\">Avete bisogno di assistenza tecnica? Se la risposta \u00e8 affermativa, andate su <a href=\"https:\/\/wpml.org\/forums\/forum\/english-support\/\">assistenza tecnica di WPML<\/a>. Questo modulo serve per questioni non tecniche, come richieste di informazioni della stampa, problemi di acquisto e altra assistenza amministrativa.<\/p>\n<hr>\n<script type=\"text\/javascript\">\n\/* <![CDATA[ *\/\nvar gform;gform||(document.addEventListener(\"gform_main_scripts_loaded\",function(){gform.scriptsLoaded=!0}),document.addEventListener(\"gform\/theme\/scripts_loaded\",function(){gform.themeScriptsLoaded=!0}),window.addEventListener(\"DOMContentLoaded\",function(){gform.domLoaded=!0}),gform={domLoaded:!1,scriptsLoaded:!1,themeScriptsLoaded:!1,isFormEditor:()=>\"function\"==typeof InitializeEditor,callIfLoaded:function(o){return!(!gform.domLoaded||!gform.scriptsLoaded||!gform.themeScriptsLoaded&&!gform.isFormEditor()||(gform.isFormEditor()&&console.warn(\"The use of gform.initializeOnLoaded() is deprecated in the form editor context and will be removed in Gravity Forms 3.1.\"),o(),0))},initializeOnLoaded:function(o){gform.callIfLoaded(o)||(document.addEventListener(\"gform_main_scripts_loaded\",()=>{gform.scriptsLoaded=!0,gform.callIfLoaded(o)}),document.addEventListener(\"gform\/theme\/scripts_loaded\",()=>{gform.themeScriptsLoaded=!0,gform.callIfLoaded(o)}),window.addEventListener(\"DOMContentLoaded\",()=>{gform.domLoaded=!0,gform.callIfLoaded(o)}))},hooks:{action:{},filter:{}},addAction:function(o,r,e,t){gform.addHook(\"action\",o,r,e,t)},addFilter:function(o,r,e,t){gform.addHook(\"filter\",o,r,e,t)},doAction:function(o){gform.doHook(\"action\",o,arguments)},applyFilters:function(o){return gform.doHook(\"filter\",o,arguments)},removeAction:function(o,r){gform.removeHook(\"action\",o,r)},removeFilter:function(o,r,e){gform.removeHook(\"filter\",o,r,e)},addHook:function(o,r,e,t,n){null==gform.hooks[o][r]&&(gform.hooks[o][r]=[]);var d=gform.hooks[o][r];null==n&&(n=r+\"_\"+d.length),gform.hooks[o][r].push({tag:n,callable:e,priority:t=null==t?10:t})},doHook:function(r,o,e){var t;if(e=Array.prototype.slice.call(e,1),null!=gform.hooks[r][o]&&((o=gform.hooks[r][o]).sort(function(o,r){return o.priority-r.priority}),o.forEach(function(o){\"function\"!=typeof(t=o.callable)&&(t=window[t]),\"action\"==r?t.apply(null,e):e[0]=t.apply(null,e)})),\"filter\"==r)return e[0]},removeHook:function(o,r,t,n){var e;null!=gform.hooks[o][r]&&(e=(e=gform.hooks[o][r]).filter(function(o,r,e){return!!(null!=n&&n!=o.tag||null!=t&&t!=o.priority)}),gform.hooks[o][r]=e)}});\n\/* ]]> *\/\n<\/script>\n\n                <div class='gf_browser_gecko gform_wrapper gravity-theme gform-theme--no-framework' data-form-theme='gravity-theme' data-form-index='0' id='gform_wrapper_6' style='display:none'>\n                        <div class='gform_heading'>\n\t\t\t\t\t\t\t<p class='gform_required_legend'>&quot;<span class=\"gfield_required gfield_required_asterisk\">*<\/span>&quot; indica i campi obbligatori<\/p>\n                        <\/div><form method='post' enctype='multipart\/form-data'  id='gform_6'  action='\/it\/wp-json\/wp\/v2\/pages\/374632' data-formid='6' novalidate>\n                        <div class='gform-body gform_body'><div id='gform_fields_6' class='gform_fields top_label form_sublabel_below description_below validation_below'><fieldset id=\"field_6_1\" class=\"gfield gfield--type-name gfield_contains_required field_sublabel_below gfield--no-description field_description_below field_validation_below gfield_visibility_visible\"  ><legend class='gfield_label gform-field-label gfield_label_before_complex' >Nome<span class=\"gfield_required\"><span class=\"gfield_required gfield_required_asterisk\">*<\/span><\/span><\/legend><div class='ginput_complex ginput_container ginput_container--name no_prefix has_first_name no_middle_name has_last_name no_suffix gf_name_has_2 ginput_container_name gform-grid-row' id='input_6_1'>\n                            <span id='input_6_1_3_container' class='name_first gform-grid-col' >\n                                                    <input type='text' name='input_1.3' id='input_6_1_3' value=''   aria-required='true'    \/>\n                                                    <label for='input_6_1_3' class='gform-field-label gform-field-label--type-sub '>Nome<\/label>\n                                               <\/span>\n                            <span id='input_6_1_6_container' class='name_last gform-grid-col' >\n                                                    <input type='text' name='input_1.6' id='input_6_1_6' value=''   aria-required='true'    \/>\n                                                    <label for='input_6_1_6' class='gform-field-label gform-field-label--type-sub '>Cognome<\/label>\n                                                <\/span>\n                            <div class='gf_clear gf_clear_complex'><\/div>\n                        <\/div><\/fieldset><div id=\"field_6_2\" class=\"gfield gfield--type-email gfield_contains_required field_sublabel_below gfield--no-description field_description_below field_validation_below gfield_visibility_visible\"  ><label class='gfield_label gform-field-label' for='input_6_2'>E-mail<span class=\"gfield_required\"><span class=\"gfield_required gfield_required_asterisk\">*<\/span><\/span><\/label><div class='ginput_container ginput_container_email'>\n                            <input name='input_2' id='input_6_2' type='email' value='' class='medium'    aria-required=\"true\" aria-invalid=\"false\"  \/>\n                        <\/div><\/div><div id=\"field_6_4\" class=\"gfield gfield--type-text gfield_contains_required field_sublabel_below gfield--no-description field_description_below field_validation_below gfield_visibility_visible\"  ><label class='gfield_label gform-field-label' for='input_6_4'>Oggetto<span class=\"gfield_required\"><span class=\"gfield_required gfield_required_asterisk\">*<\/span><\/span><\/label><div class='ginput_container ginput_container_text'><input name='input_4' id='input_6_4' type='text' value='' class='medium'     aria-required=\"true\" aria-invalid=\"false\"   \/><\/div><\/div><div id=\"field_6_5\" class=\"gfield gfield--type-textarea gfield_contains_required field_sublabel_below gfield--no-description field_description_below field_validation_below gfield_visibility_visible\"  ><label class='gfield_label gform-field-label' for='input_6_5'>Messaggio<span class=\"gfield_required\"><span class=\"gfield_required gfield_required_asterisk\">*<\/span><\/span><\/label><div class='ginput_container ginput_container_textarea'><textarea name='input_5' id='input_6_5' class='textarea medium'     aria-required=\"true\" aria-invalid=\"false\"   rows='10' cols='50'><\/textarea><\/div><\/div><fieldset id=\"field_6_7\" class=\"gfield gfield--type-radio gfield--type-choice field_sublabel_below gfield--no-description field_description_below field_validation_below gfield_visibility_visible\"  ><legend class='gfield_label gform-field-label' >State gestendo un nuovo sito e dovete aggiornare WPML, ma non disponete dei dati dell&#039;account?<\/legend><div class='ginput_container ginput_container_radio'><div class='gfield_radio' id='input_6_7'>\n\t\t\t<div class='gchoice gchoice_6_7_0'>\n\t\t\t\t\t<input class='gfield-choice-input' name='input_7' type='radio' value='Yes'  id='choice_6_7_0' onchange='gformToggleRadioOther( this )'    \/>\n\t\t\t\t\t<label for='choice_6_7_0' id='label_6_7_0' class='gform-field-label gform-field-label--type-inline'>S\u00ec<\/label>\n\t\t\t<\/div>\n\t\t\t<div class='gchoice gchoice_6_7_1'>\n\t\t\t\t\t<input class='gfield-choice-input' name='input_7' type='radio' value='No'  id='choice_6_7_1' onchange='gformToggleRadioOther( this )'    \/>\n\t\t\t\t\t<label for='choice_6_7_1' id='label_6_7_1' class='gform-field-label gform-field-label--type-inline'>No<\/label>\n\t\t\t<\/div><\/div><\/div><\/fieldset><div id=\"field_6_8\" class=\"gfield gfield--type-html gfield_html gfield_html_formatted gfield_no_follows_desc field_sublabel_below gfield--no-description field_description_below field_validation_below gfield_visibility_visible\"  ><strong>Condividete con noi le informazioni sottostanti e proveremo a trovare l'account per voi:<\/strong><\/div><div id=\"field_6_9\" class=\"gfield gfield--type-text field_sublabel_below gfield--no-description field_description_below field_validation_below gfield_visibility_visible\"  ><label class='gfield_label gform-field-label' for='input_6_9'>Qual \u00e8 un possibile nome\/indirizzo e-mail utilizzato per registrare l&#039;account?<\/label><div class='ginput_container ginput_container_text'><input name='input_9' id='input_6_9' type='text' value='' class='medium'      aria-invalid=\"false\"   \/><\/div><\/div><div id=\"field_6_11\" class=\"gfield gfield--type-website field_sublabel_below gfield--no-description field_description_below field_validation_below gfield_visibility_visible\"  ><label class='gfield_label gform-field-label' for='input_6_11'>Qual \u00e8 l&#039;URL esatto dove \u00e8 installato WPML?<\/label><div class='ginput_container ginput_container_website'>\n                    <input name='input_11' id='input_6_11' type='url' value='' class='medium'    placeholder='http:\/\/'  aria-invalid=\"false\" \/>\n                <\/div><\/div><div id=\"field_6_6\" class=\"gfield gfield--type-html gfield_html gfield_html_formatted gfield_no_follows_desc field_sublabel_below gfield--no-description field_description_below field_validation_below gfield_visibility_visible\"  ><p class=\"alert alert-info\">Il nostro orario di lavoro \u00e8 dal luned\u00ec al venerd\u00ec, dalle 8:00 alle 20:00 GMT-0.<\/p><\/div><div id=\"field_6_12\" class=\"gfield gfield--type-captcha field_sublabel_below gfield--no-description field_description_below field_validation_below gfield_visibility_visible\"  ><label class='gfield_label gform-field-label' for='input_6_12'>CAPTCHA<\/label><div id='input_6_12' class='ginput_container ginput_recaptcha' data-sitekey='6LfqDSQTAAAAAL86mXxwQZotMoiPqoX-yGOZEoFA'  data-theme='light' data-tabindex='0'  data-badge=''><\/div><\/div><\/div><\/div>\n        <div class='gform-footer gform_footer top_label'> <input type='submit' id='gform_submit_button_6' class='gform_button button' onclick='gform.submission.handleButtonClick(this);' data-submission-type='submit' value='Invia'  \/> \n            <input type='hidden' class='gform_hidden' name='gform_submission_method' data-js='gform_submission_method_6' value='postback' \/>\n            <input type='hidden' class='gform_hidden' name='gform_theme' data-js='gform_theme_6' id='gform_theme_6' value='gravity-theme' \/>\n            <input type='hidden' class='gform_hidden' name='gform_style_settings' data-js='gform_style_settings_6' id='gform_style_settings_6' value='[]' \/>\n            <input type='hidden' class='gform_hidden' name='is_submit_6' value='1' \/>\n            <input type='hidden' class='gform_hidden' name='gform_submit' value='6' \/>\n            \n            <input type='hidden' class='gform_hidden' name='gform_currency' data-currency='USD' value='xhFJV2kA8DWRGG9jD0\/yi2lUyMtl0+hXqltLH071NVfecenCmqyB5HyvjUYjJ\/1KrfrjGc6vfoHebp0fHh2jenx5q6ywXnPCitbtN0tcUwc5S7M=' \/>\n            <input type='hidden' class='gform_hidden' name='gform_unique_id' value='' \/>\n            <input type='hidden' class='gform_hidden' name='state_6' value='WyJbXSIsImRmZjU1ZTU4ZmVkMDdiMjcxYzM4MGYzN2VkYTg1NTdlIl0=' \/>\n            <input type='hidden' autocomplete='off' class='gform_hidden' name='gform_target_page_number_6' id='gform_target_page_number_6' value='0' \/>\n            <input type='hidden' autocomplete='off' class='gform_hidden' name='gform_source_page_number_6' id='gform_source_page_number_6' value='1' \/>\n            <input type='hidden' name='gform_field_values' value='' \/>\n            \n        <\/div>\n                        <p style=\"display: none !important;\" class=\"akismet-fields-container\" data-prefix=\"ak_\"><label>&#916;<textarea name=\"ak_hp_textarea\" cols=\"45\" rows=\"8\" maxlength=\"100\"><\/textarea><\/label><input type=\"hidden\" id=\"ak_js_1\" name=\"ak_js\" value=\"249\"\/><script type=\"text\/javascript\">\n\/* <![CDATA[ *\/\ndocument.getElementById( \"ak_js_1\" ).setAttribute( \"value\", ( new Date() ).getTime() );\n\/* ]]> *\/\n<\/script>\n<\/p><\/form>\n                        <\/div><script type=\"text\/javascript\">\n\/* <![CDATA[ *\/\n gform.initializeOnLoaded( function() {gformInitSpinner( 6, 'https:\/\/wpml.org\/wp-content\/plugins\/gravityforms\/images\/spinner.svg', true );jQuery('#gform_ajax_frame_6').on('load',function(){var contents = jQuery(this).contents().find('*').html();var is_postback = contents.indexOf('GF_AJAX_POSTBACK') >= 0;if(!is_postback){return;}var form_content = jQuery(this).contents().find('#gform_wrapper_6');var is_confirmation = jQuery(this).contents().find('#gform_confirmation_wrapper_6').length > 0;var is_redirect = contents.indexOf('gformRedirect(){') >= 0;var is_form = form_content.length > 0 && ! is_redirect && ! is_confirmation;var mt = parseInt(jQuery('html').css('margin-top'), 10) + parseInt(jQuery('body').css('margin-top'), 10) + 100;if(is_form){form_content.find('form').css('opacity', 0);jQuery('#gform_wrapper_6').html(form_content.html());if(form_content.hasClass('gform_validation_error')){jQuery('#gform_wrapper_6').addClass('gform_validation_error');} else {jQuery('#gform_wrapper_6').removeClass('gform_validation_error');}setTimeout( function() { \/* delay the scroll by 50 milliseconds to fix a bug in chrome *\/  }, 50 );if(window['gformInitDatepicker']) {gformInitDatepicker();}if(window['gformInitPriceFields']) {gformInitPriceFields();}var current_page = jQuery('#gform_source_page_number_6').val();gformInitSpinner( 6, 'https:\/\/wpml.org\/wp-content\/plugins\/gravityforms\/images\/spinner.svg', true );jQuery(document).trigger('gform_page_loaded', [6, current_page]);window['gf_submitting_6'] = false;}else if(!is_redirect){var confirmation_content = jQuery(this).contents().find('.GF_AJAX_POSTBACK').html();if(!confirmation_content){confirmation_content = contents;}jQuery('#gform_wrapper_6').replaceWith(confirmation_content);jQuery(document).trigger('gform_confirmation_loaded', [6]);window['gf_submitting_6'] = false;wp.a11y.speak(jQuery('#gform_confirmation_message_6').text());}else{jQuery('#gform_6').append(contents);if(window['gformRedirect']) {gformRedirect();}}jQuery(document).trigger(\"gform_pre_post_render\", [{ formId: \"6\", currentPage: \"current_page\", abort: function() { this.preventDefault(); } }]);        if (event && event.defaultPrevented) {                return;        }        const gformWrapperDiv = document.getElementById( \"gform_wrapper_6\" );        if ( gformWrapperDiv ) {            const visibilitySpan = document.createElement( \"span\" );            visibilitySpan.id = \"gform_visibility_test_6\";            gformWrapperDiv.insertAdjacentElement( \"afterend\", visibilitySpan );        }        const visibilityTestDiv = document.getElementById( \"gform_visibility_test_6\" );        let postRenderFired = false;        function triggerPostRender() {            if ( postRenderFired ) {                return;            }            postRenderFired = true;            gform.core.triggerPostRenderEvents( 6, current_page );            if ( visibilityTestDiv ) {                visibilityTestDiv.parentNode.removeChild( visibilityTestDiv );            }        }        function debounce( func, wait, immediate ) {            var timeout;            return function() {                var context = this, args = arguments;                var later = function() {                    timeout = null;                    if ( !immediate ) func.apply( context, args );                };                var callNow = immediate && !timeout;                clearTimeout( timeout );                timeout = setTimeout( later, wait );                if ( callNow ) func.apply( context, args );            };        }        const debouncedTriggerPostRender = debounce( function() {            triggerPostRender();        }, 200 );        if ( visibilityTestDiv && visibilityTestDiv.offsetParent === null ) {            const observer = new MutationObserver( ( mutations ) => {                mutations.forEach( ( mutation ) => {                    if ( mutation.type === 'attributes' && visibilityTestDiv.offsetParent !== null ) {                        debouncedTriggerPostRender();                        observer.disconnect();                    }                });            });            observer.observe( document.body, {                attributes: true,                childList: false,                subtree: true,                attributeFilter: [ 'style', 'class' ],            });        } else {            triggerPostRender();        }    } );} ); \n\/* ]]> *\/\n<\/script>\n<\/div>\n","protected":false},"excerpt":{"rendered":"<p>Avete bisogno di assistenza tecnica? Se la risposta \u00e8 affermativa, andate su assistenza tecnica di WPML. Questo modulo serve per questioni non tecniche, come richieste di informazioni della stampa, problemi di acquisto e altra assistenza amministrativa.<\/p>\n","protected":false},"author":2,"featured_media":0,"parent":374636,"menu_order":0,"comment_status":"closed","ping_status":"closed","template":"template-full-header-with-wrapper.php","meta":{"_bbp_topic_count":0,"_bbp_reply_count":0,"_bbp_total_topic_count":0,"_bbp_total_reply_count":0,"_bbp_voice_count":0,"_bbp_anonymous_reply_count":0,"_bbp_topic_count_hidden":0,"_bbp_reply_count_hidden":0,"_bbp_forum_subforum_count":0,"ep_exclude_from_search":false,"footnotes":""},"related-projects-category":[],"class_list":["post-374632","page","type-page","status-publish","hentry"],"_links":{"self":[{"href":"https:\/\/wpml.org\/it\/wp-json\/wp\/v2\/pages\/374632","targetHints":{"allow":["GET"]}}],"collection":[{"href":"https:\/\/wpml.org\/it\/wp-json\/wp\/v2\/pages"}],"about":[{"href":"https:\/\/wpml.org\/it\/wp-json\/wp\/v2\/types\/page"}],"author":[{"embeddable":true,"href":"https:\/\/wpml.org\/it\/wp-json\/wp\/v2\/users\/2"}],"replies":[{"embeddable":true,"href":"https:\/\/wpml.org\/it\/wp-json\/wp\/v2\/comments?post=374632"}],"version-history":[{"count":3,"href":"https:\/\/wpml.org\/it\/wp-json\/wp\/v2\/pages\/374632\/revisions"}],"predecessor-version":[{"id":12123249,"href":"https:\/\/wpml.org\/it\/wp-json\/wp\/v2\/pages\/374632\/revisions\/12123249"}],"up":[{"embeddable":true,"href":"https:\/\/wpml.org\/it\/wp-json\/wp\/v2\/pages\/374636"}],"wp:attachment":[{"href":"https:\/\/wpml.org\/it\/wp-json\/wp\/v2\/media?parent=374632"}],"wp:term":[{"taxonomy":"related-projects-category","embeddable":true,"href":"https:\/\/wpml.org\/it\/wp-json\/wp\/v2\/related-projects-category?post=374632"}],"curies":[{"name":"wp","href":"https:\/\/api.w.org\/{rel}","templated":true}]}}