{"id":470520,"date":"2013-05-02T09:13:53","date_gmt":"2013-05-02T09:13:53","guid":{"rendered":"http:\/\/wpml.org\/documentazione\/progetti-collegati\/woocommerce-multilingual-eseguire-siti-di-e-commerce-in-diverse-lingue\/"},"modified":"2026-02-26T07:55:55","modified_gmt":"2026-02-26T07:55:55","slug":"woocommerce-multilingual-eseguire-siti-di-e-commerce-in-diverse-lingue","status":"publish","type":"page","link":"https:\/\/wpml.org\/it\/documentazione\/progetti-collegati\/woocommerce-multilingual-eseguire-siti-di-e-commerce-in-diverse-lingue\/","title":{"rendered":"WPML Multilingual &amp; Multicurrency for WooCommerce &#8211; Traduci Negozi"},"content":{"rendered":"\n<div class=\"wp-block-toolset-blocks-container tb-container\" data-toolset-blocks-container=\"e1777e62136f4ba1982726a3fbfdc08a\"><div class=\"tb-container-inner\">\n<div class=\"wp-block-toolset-blocks-container tb-container\" data-toolset-blocks-container=\"0f611822a64f1e56998896f941cece14\"><\/div>\n\n\n\n<h1 class=\"tb-heading\" data-toolset-blocks-heading=\"e9065b09e177b8e381d819f7555bdfa3\" data-last-update=\"1.4\">WPML Multilingual &amp; Multicurrency for WooCommerce<\/h1>\n\n\n\n<p class=\"tb-heading has-text-color\" data-toolset-blocks-heading=\"5ac4b88993e585f6f50c4066e3249b89\" data-last-update=\"1.4\">WCML di WPML ti consente di creare negozi WooCommerce internazionali con pi\u00f9 lingue, valute e gateway di pagamento localizzati. Scelto da <strong>oltre 100.000 siti WooCommerce<\/strong>. <\/p>\n\n\n\n<div id=\"wpml-info-account-trigger\" class=\"tb-button\" data-toolset-blocks-button=\"e6cc3c40cd289ac9a02749855c92794a\"><a class=\"tb-button__link\" href=\"https:\/\/wpml.org\/account\/downloads\/#wpml-multilingual-multicurrency-for-woocommerce\" target=\"_blank\"><span class=\"tb-button__content\">Ottieni WPML per WooCommerce<\/span><i class=\"tb-button__icon\"><\/i><\/a><\/div>\n<\/div><\/div>\n\n<div class=\"wp-block-toolset-blocks-container tb-container\" data-toolset-blocks-container=\"39c45dee860c2af8017f91b5660b8bf4\"><div class=\"tb-container-inner\">\n<div class=\"wp-block-toolset-blocks-grid tb-grid\" data-toolset-blocks-grid=\"d35d48406572d278d0ded23a36f918c1\">\n<div class=\"wp-block-toolset-blocks-grid-column tb-grid-column tb-grid-align-center\" data-toolset-blocks-grid-column=\"f586ff7bfe1d7317c63162ec7b7039ed\">\n<div class=\"wp-block-toolset-blocks-grid tb-grid\" data-toolset-blocks-grid=\"a89a58d8b7281c452b56bf2474e5a755\">\n<div class=\"wp-block-toolset-blocks-grid-column tb-grid-column tb-grid-align-center\" data-toolset-blocks-grid-column=\"2c6e19232c221cec2ce8d8a5ee3199bb\">\n<div class=\"wp-block-toolset-blocks-container tb-container\" data-toolset-blocks-container=\"e4642a443dba58cbb4cb859048f420b0\"><\/div>\n<\/div>\n\n\n\n<div class=\"wp-block-toolset-blocks-grid-column tb-grid-column tb-grid-align-center\" data-toolset-blocks-grid-column=\"2c6e19232c221cec2ce8d8a5ee3199bb\">\n<h2 class=\"tb-heading\" data-toolset-blocks-heading=\"adee741f66278c9138f8153f222d48a1\" data-last-update=\"1.4\">Traduci ogni parte del tuo negozio WooCommerce<\/h2>\n<\/div>\n<\/div>\n\n\n\n<p class=\"tb-heading\" data-toolset-blocks-heading=\"bb795b7d1d6b9280919a6ffc19c910cf\" data-last-update=\"1.4\">WPML <a href=\"https:\/\/wpml.org\/it\/documentazione\/progetti-collegati\/woocommerce-multilingual-eseguire-siti-di-e-commerce-in-diverse-lingue\/come-tradurre-i-negozi-woocommerce-con-wpml\/\">traduce tutto nel tuo negozio WooCommerce<\/a>. Questo include prodotti, varianti, pagine di checkout e carrello, email e persino le recensioni dei prodotti. I tuoi clienti non vedono mai un sito con lingue miste.<br\/><br\/>Funziona con tutti i temi e le estensioni WooCommerce pi\u00f9 popolari, mantenendo il tuo design e la tua funzionalit\u00e0 coerenti in tutte le lingue.<br\/><\/p>\n<\/div>\n\n\n\n<div class=\"wp-block-toolset-blocks-grid-column tb-grid-column tb-grid-align-center main-img-box\" data-toolset-blocks-grid-column=\"9f3f98f46c4d051f6a2753c51e211d8b\">\n<div class=\"wp-block-toolset-blocks-container tb-container\" data-toolset-blocks-container=\"b1f74dca45ee98b17e903016169062ad\"><\/div>\n<\/div>\n<\/div>\n\n\n\n<div class=\"wp-block-toolset-blocks-grid tb-grid\" data-toolset-blocks-grid=\"0bfc40d4c5824288340ea52d67851ff8\">\n<div class=\"wp-block-toolset-blocks-grid-column tb-grid-column tb-grid-align-center\" data-toolset-blocks-grid-column=\"f586ff7bfe1d7317c63162ec7b7039ed\">\n<div class=\"wp-block-toolset-blocks-container tb-container\" data-toolset-blocks-container=\"90567df4eabefa703920ccb0e145ea1c\"><\/div>\n<\/div>\n\n\n\n<div class=\"wp-block-toolset-blocks-grid-column tb-grid-column tb-grid-align-center main-img-box\" data-toolset-blocks-grid-column=\"026d15f91d20448fab5fc2538214c790\">\n<div class=\"wp-block-toolset-blocks-grid tb-grid\" data-toolset-blocks-grid=\"71cbd3ef044608289fab18493bad15b1\">\n<div class=\"wp-block-toolset-blocks-grid-column tb-grid-column tb-grid-align-center\" data-toolset-blocks-grid-column=\"f586ff7bfe1d7317c63162ec7b7039ed\">\n<div class=\"wp-block-toolset-blocks-container tb-container\" data-toolset-blocks-container=\"4b92aba627056d4e9be0625dea214d62\"><\/div>\n<\/div>\n\n\n\n<div class=\"wp-block-toolset-blocks-grid-column tb-grid-column tb-grid-align-center\" data-toolset-blocks-grid-column=\"f586ff7bfe1d7317c63162ec7b7039ed\">\n<h2 class=\"tb-heading\" data-toolset-blocks-heading=\"adee741f66278c9138f8153f222d48a1\" data-last-update=\"1.4\">Accetta pi\u00f9 valute e gateway di pagamento<\/h2>\n<\/div>\n<\/div>\n\n\n\n<p class=\"tb-heading\" data-toolset-blocks-heading=\"bb795b7d1d6b9280919a6ffc19c910cf\" data-last-update=\"1.4\"><strong>Il 33% degli acquirenti abbandona i carrelli<\/strong> quando i prezzi sono mostrati solo in dollari USA. WPML si assicura che questo non ti succeda. <br\/><br\/>Puoi impostare i prezzi e <a href=\"https:\/\/wpml.org\/it\/documentazione\/progetti-collegati\/woocommerce-multilingual-eseguire-siti-di-e-commerce-in-diverse-lingue\/funzioni-multivaluta-per-woocommerce\/\">riscuotere pagamenti in oltre 200 valute<\/a> in base alla lingua o alla posizione dei tuoi clienti.<br\/><br\/>Connettiti a fonti di cambio valuta in tempo reale \u2014 orarie, giornaliere o settimanali \u2014 o imposta tassi personalizzati per un controllo completo.<\/p>\n<\/div>\n<\/div>\n\n\n\n<div class=\"wp-block-toolset-blocks-grid tb-grid\" data-toolset-blocks-grid=\"d35d48406572d278d0ded23a36f918c1\">\n<div class=\"wp-block-toolset-blocks-grid-column tb-grid-column tb-grid-align-center\" data-toolset-blocks-grid-column=\"f586ff7bfe1d7317c63162ec7b7039ed\">\n<div class=\"wp-block-toolset-blocks-grid tb-grid\" data-toolset-blocks-grid=\"1c563cd523a49946984e648211e635a1\">\n<div class=\"wp-block-toolset-blocks-grid-column tb-grid-column tb-grid-align-center\" data-toolset-blocks-grid-column=\"f586ff7bfe1d7317c63162ec7b7039ed\">\n<div class=\"wp-block-toolset-blocks-container tb-container\" data-toolset-blocks-container=\"500e43cc7bb1907cd2ca3c2130edf155\"><\/div>\n<\/div>\n\n\n\n<div class=\"wp-block-toolset-blocks-grid-column tb-grid-column tb-grid-align-center\" data-toolset-blocks-grid-column=\"f586ff7bfe1d7317c63162ec7b7039ed\">\n<h2 class=\"tb-heading\" data-toolset-blocks-heading=\"adee741f66278c9138f8153f222d48a1\" data-last-update=\"1.4\">Ottieni una traduzione AI automatica di qualit\u00e0 umana<\/h2>\n<\/div>\n<\/div>\n\n\n\n<p class=\"tb-heading\" data-toolset-blocks-heading=\"bb795b7d1d6b9280919a6ffc19c910cf\" data-last-update=\"1.4\">Salta il lavoro di traduzione manuale e inizia prima a vendere a livello globale. <br\/><br\/>Traduci il tuo intero negozio WooCommerce con PTC, il motore di <a href=\"https:\/\/wpml.org\/it\/documentazione\/traduzione-automatica-per-contenuti-di-wordpress-con-wpml\/\">traduzione automatica AI<\/a> di WPML che offre un&#8217;accuratezza di qualit\u00e0 umana alla velocit\u00e0 e al costo di una macchina.<br\/><br\/>Inoltre, ogni traduzione \u00e8 coperta dalla nostra <a href=\"https:\/\/wpml.org\/it\/documentazione\/traduzione-automatica-per-contenuti-di-wordpress-con-wpml\/traduzione-automatica-con-qualita-garantita\/\">Garanzia di qualit\u00e0 per la traduzione AI<\/a>.<\/p>\n<\/div>\n\n\n\n<div class=\"wp-block-toolset-blocks-grid-column tb-grid-column tb-grid-align-center main-img-box\" data-toolset-blocks-grid-column=\"026d15f91d20448fab5fc2538214c790\">\n<div class=\"wp-block-toolset-blocks-container tb-container\" data-toolset-blocks-container=\"4788de94a1ad39f20c4baaee8cbea303\"><\/div>\n<\/div>\n<\/div>\n\n\n\n<div class=\"wp-block-toolset-blocks-grid tb-grid\" data-toolset-blocks-grid=\"0bfc40d4c5824288340ea52d67851ff8\">\n<div class=\"wp-block-toolset-blocks-grid-column tb-grid-column tb-grid-align-center\" data-toolset-blocks-grid-column=\"f586ff7bfe1d7317c63162ec7b7039ed\">\n<div class=\"wp-block-toolset-blocks-container tb-container\" data-toolset-blocks-container=\"b98ce3adafae6d91d5437b573b97ebc2\"><\/div>\n<\/div>\n\n\n\n<div class=\"wp-block-toolset-blocks-grid-column tb-grid-column tb-grid-align-top main-img-box\" data-toolset-blocks-grid-column=\"48bc3cef69a20281895bd9d7321af3c3\">\n<div class=\"wp-block-toolset-blocks-grid tb-grid\" data-toolset-blocks-grid=\"bdd1d51824e700af242e1991fbf7a135\">\n<div class=\"wp-block-toolset-blocks-grid-column tb-grid-column tb-grid-align-center\" data-toolset-blocks-grid-column=\"f586ff7bfe1d7317c63162ec7b7039ed\">\n<div class=\"wp-block-toolset-blocks-container tb-container\" data-toolset-blocks-container=\"ca6ec92e03b36dd09cb8828b536d4636\"><\/div>\n<\/div>\n\n\n\n<div class=\"wp-block-toolset-blocks-grid-column tb-grid-column tb-grid-align-center\" data-toolset-blocks-grid-column=\"f586ff7bfe1d7317c63162ec7b7039ed\">\n<h2 class=\"tb-heading\" data-toolset-blocks-heading=\"adee741f66278c9138f8153f222d48a1\" data-last-update=\"1.4\">Aumenta il traffico organico tramite SEO multilingue<\/h2>\n<\/div>\n<\/div>\n\n\n\n<p class=\"tb-heading\" data-toolset-blocks-heading=\"bb795b7d1d6b9280919a6ffc19c910cf\" data-last-update=\"1.4\">WPML traduce i meta testi SEO e gli URL. Mantiene anche automaticamente i tag hreflang, i breadcrumb e le sitemap localizzate in modo che i motori di ricerca comprendano e indicizzino correttamente il tuo sito.  <br\/><br\/>Con la <a href=\"https:\/\/wpml.org\/it\/documentazione\/seo-multilingue\/\">SEO multilingue<\/a>, il tuo negozio otterr\u00e0 pi\u00f9 traffico organico da visitatori in diverse lingue.<\/p>\n<\/div>\n<\/div>\n\n\n\n<div class=\"wp-block-toolset-blocks-container tb-container\" data-toolset-blocks-container=\"9ba9c3ca25504983dd5fd05f8065071e\">\n<div class=\"wp-block-toolset-blocks-grid tb-grid\" data-toolset-blocks-grid=\"c6b972590259fc930bc051af7a3729c8\">\n<div class=\"wp-block-toolset-blocks-grid-column tb-grid-column tb-grid-align-top\" data-toolset-blocks-grid-column=\"8b5b0c23f55222193f253e4cd6504b27\">\n<div class=\"wp-block-toolset-blocks-container tb-container\" data-toolset-blocks-container=\"76c8efba34324d3b5bd3d449cb572077\"><\/div>\n\n\n\n<div class=\"wp-block-toolset-blocks-container tb-container\" data-toolset-blocks-container=\"76b9e19aebd78b467b04c64acfe33167\">\n<h2 class=\"tb-heading\" data-toolset-blocks-heading=\"6d8a5c9c42cf0af506722b054bea7c02\" data-last-update=\"1.4\">Stabile, sicuro e sempre pronto<\/h2>\n\n\n\n<p class=\"tb-heading\" data-toolset-blocks-heading=\"bb795b7d1d6b9280919a6ffc19c910cf\" data-last-update=\"1.4\">Con oltre <strong>1,5 milioni di siti<\/strong> che utilizzano WPML, la stabilit\u00e0 non \u00e8 un&#8217;opzione. \u00c8 la nostra reputazione. <br\/><br\/>WPML e l&#8217;add-on WCML vengono testati prima di ogni nuova <strong>release di WordPress e WooCommerce<\/strong>, assicurando che il tuo negozio multilingue rimanga stabile indipendentemente dagli aggiornamenti che arrivano.<\/p>\n<\/div>\n<\/div>\n\n\n\n<div class=\"wp-block-toolset-blocks-grid-column tb-grid-column tb-grid-align-top\" data-toolset-blocks-grid-column=\"ccef0acde848d1374ee2e3f64f9f452a\">\n<div class=\"wp-block-toolset-blocks-container tb-container\" data-toolset-blocks-container=\"b841f10638deca18a1503f8dde4c3207\"><\/div>\n\n\n\n<div class=\"wp-block-toolset-blocks-container tb-container\" data-toolset-blocks-container=\"76b9e19aebd78b467b04c64acfe33167\">\n<h2 class=\"tb-heading\" data-toolset-blocks-heading=\"17c63c2c4f267bd025227c2af31ce35d\" data-last-update=\"1.4\">Supporto globale su cui puoi contare<\/h2>\n\n\n\n<p class=\"tb-heading\" data-toolset-blocks-heading=\"bb795b7d1d6b9280919a6ffc19c910cf\" data-last-update=\"1.4\">I nostri esperti di supporto lavorano <strong>6 giorni a settimana, 19 ore al giorno<\/strong>, in <strong>9 lingue<\/strong>.<br\/><br\/>Che sia mattina a Tokyo o sera a Los Angeles, il tuo negozio WooCommerce continua a funzionare senza intoppi.<\/p>\n<\/div>\n<\/div>\n\n\n\n<div class=\"wp-block-toolset-blocks-grid-column tb-grid-column tb-grid-align-top\" data-toolset-blocks-grid-column=\"3034fbe886c11054e95b46b09d3e4112\"><\/div>\n\n\n\n<div class=\"wp-block-toolset-blocks-grid-column tb-grid-column tb-grid-align-top\" data-toolset-blocks-grid-column=\"3034fbe886c11054e95b46b09d3e4112\"><\/div>\n<\/div>\n<\/div>\n\n\n\n<div class=\"wp-block-toolset-blocks-container tb-container\" data-toolset-blocks-container=\"bcb90e3a5937c53eebcc98567de656c8\">\n<h2 class=\"tb-heading\" data-toolset-blocks-heading=\"fcb2374cee529d0d027b01f6c0206369\" data-last-update=\"1.4\">Pronto a tradurre? Ti guideremo noi. <\/h2>\n\n\n\n<p class=\"tb-heading\" data-toolset-blocks-heading=\"6e60ed0861ca1c3f7a5a419840cab502\" data-last-update=\"1.4\">Segui la nostra guida passo-passo per vedere quanto sia facile rendere il tuo sito WooCommerce multilingue con WPML. <\/p>\n\n\n\n<div class=\"tb-button\" data-toolset-blocks-button=\"385c3d4d8fa4f43d521e6517912cf473\"><a class=\"tb-button__link\" href=\"https:\/\/wpml.org\/documentation\/related-projects\/woocommerce-multilingual\/how-to-translate-woocommerce\/\"><span class=\"tb-button__content\">Come tradurre WooCommerce<\/span><i class=\"tb-button__icon\"><\/i><\/a><\/div>\n<\/div>\n<\/div><\/div>\n","protected":false},"excerpt":{"rendered":"<p class=\"lead\">WPML Multilingue &amp; Multivaluta per WooCommerce rende facile gestire siti e-commerce multilingue con WooCommerce e WPML. Il plugin semplifica il processo di traduzione, in modo che tu debba tradurre solo i testi.  Le traduzioni per prodotti, categorie e varianti vengono create automaticamente per te.<\/p>\n","protected":false},"author":538393,"featured_media":0,"parent":138083,"menu_order":0,"comment_status":"closed","ping_status":"closed","template":"template-full-with-popup-generic.php","meta":{"_bbp_topic_count":0,"_bbp_reply_count":0,"_bbp_total_topic_count":0,"_bbp_total_reply_count":0,"_bbp_voice_count":0,"_bbp_anonymous_reply_count":0,"_bbp_topic_count_hidden":0,"_bbp_reply_count_hidden":0,"_bbp_forum_subforum_count":0,"_uag_custom_page_level_css":"","ep_exclude_from_search":false,"footnotes":""},"related-projects-category":[27057],"class_list":["post-470520","page","type-page","status-publish","hentry","related-projects-category-e-commerce-it"],"spectra_custom_meta":{"ratings_users":["0"],"ratings_score":["0"],"ratings_average":["0"],"_icl_translation":["1"],"_alp_processed":["1772092556"],"_wp_page_template":["template-full-with-popup-generic.php"],"_edit_lock":["1518187812:92851"],"_edit_last":["92851"],"_yoast_wpseo_content_score":["30"],"_yoast_wpseo_primary_documentation-category":[""],"inline_featured_image":["0"],"wpcf-disable-autop":["1"],"_subscription_coupon_product_id":["0"],"_wpml_media_featured":["1"],"_syntaxhighlighter_encoded":["1"],"_last_translation_edit_mode":["translation-editor"],"_oembed_bbf56b1d4c25ce11481afba39f176f85":["<iframe title=\"Using WPML to translate content created with page builders\" width=\"700\" height=\"394\" src=\"https:\/\/www.youtube.com\/embed\/MSqNzrdPMkE?feature=oembed&enablejsapi=1&origin=https:\/\/wpml.org\" frameborder=\"0\" allow=\"accelerometer; autoplay; clipboard-write; encrypted-media; gyroscope; picture-in-picture\" allowfullscreen><\/iframe>"],"_oembed_time_bbf56b1d4c25ce11481afba39f176f85":["1630567386"],"_oembed_8b192c37df925cacb831b3922e69595d":["<iframe title=\"Using WPML To Translate Pages Built With Fusion Builder (Avada Theme)\" width=\"700\" height=\"394\" src=\"https:\/\/www.youtube.com\/embed\/_bNqjjBPdGA?feature=oembed&enablejsapi=1&origin=https:\/\/wpml.org\" frameborder=\"0\" allow=\"accelerometer; autoplay; clipboard-write; encrypted-media; gyroscope; picture-in-picture\" allowfullscreen><\/iframe>"],"_oembed_time_8b192c37df925cacb831b3922e69595d":["1631788520"],"wpcf-unformatted-code":[""],"wpcf-price-increase-show-from":[""],"wpcf-price-increase-show-till":[""],"_oembed_1e02e02ee671c61d8638766a0ee1cb8e":["<iframe title=\"WPML Advanced Translation Editor\" width=\"700\" height=\"394\" src=\"https:\/\/www.youtube.com\/embed\/TmmyU6MtXY8?feature=oembed&enablejsapi=1&origin=https:\/\/wpml.org\" frameborder=\"0\" allow=\"accelerometer; autoplay; clipboard-write; encrypted-media; gyroscope; picture-in-picture\" allowfullscreen><\/iframe>"],"_oembed_time_1e02e02ee671c61d8638766a0ee1cb8e":["1638456628"],"_oembed_809539948dec7d9364864e7814a4a558":["<iframe title=\"How we translate wpml.org\" width=\"700\" height=\"394\" src=\"https:\/\/www.youtube.com\/embed\/FxScQ-bkOXo?feature=oembed&enablejsapi=1&origin=https:\/\/wpml.org\" frameborder=\"0\" allow=\"accelerometer; autoplay; clipboard-write; encrypted-media; gyroscope; picture-in-picture\" allowfullscreen><\/iframe>"],"_oembed_time_809539948dec7d9364864e7814a4a558":["1642586886"],"toolset_post_editor_mode":["block"],"wpcf-price-increase-content":[""],"wpcf-relevant-forum-documentation":["1"],"wpcf-login-box-title":[""],"wpcf-page-content":[""],"wpcf-display-breadcrumbs":["0"],"_oembed_68f0d0000b16131319f633f9dc82351e":["<iframe title=\"Types 2 3 alpha1 with many-to-many relationship, repeating field groups and more\" width=\"700\" height=\"394\" src=\"https:\/\/www.youtube.com\/embed\/R73ilwkogSk?feature=oembed&enablejsapi=1&origin=https:\/\/wpml.org\" frameborder=\"0\" allow=\"accelerometer; autoplay; clipboard-write; encrypted-media; gyroscope; picture-in-picture; web-share\" allowfullscreen><\/iframe>"],"_oembed_time_68f0d0000b16131319f633f9dc82351e":["1677834850"],"_wpml_media_duplicate":["0"],"_yoast_wpseo_primary_related-projects-category":["26961"],"_wpml_word_count":["507"],"cmplz_hide_cookiebanner":[""],"wpcf-related-product-full-name":[""],"wpcf-related-product-download-url":[""],"_yoast_wpseo_title":["WPML Multilingual & Multicurrency for WooCommerce - Traduci Negozi"],"_yoast_wpseo_metadesc":["WCML di WPML ti consente di creare negozi WooCommerce internazionali con pi\u00f9 lingue, valute e gateway di pagamento localizzati."],"_yoast_wpseo_focuskw":["WooCommerce Multilingual"],"_uag_css_file_name":["uag-css-470520.css"],"_uag_page_assets":["a:9:{s:3:\"css\";s:0:\"\";s:2:\"js\";s:0:\"\";s:18:\"current_block_list\";a:6:{i:0;s:24:\"toolset-blocks\/container\";i:1;s:22:\"toolset-blocks\/heading\";i:2;s:21:\"toolset-blocks\/button\";i:4;s:19:\"toolset-blocks\/grid\";i:5;s:26:\"toolset-blocks\/grid-column\";i:6;s:14:\"core\/shortcode\";}s:8:\"uag_flag\";b:0;s:11:\"uag_version\";s:10:\"1778889651\";s:6:\"gfonts\";a:0:{}s:10:\"gfonts_url\";s:0:\"\";s:12:\"gfonts_files\";a:0:{}s:14:\"uag_faq_layout\";b:0;}"]},"uagb_featured_image_src":{"full":false,"thumbnail":false,"medium":false,"medium_large":false,"large":false,"1536x1536":false,"2048x2048":false,"gform-image-choice-sm":false,"gform-image-choice-md":false,"gform-image-choice-lg":false,"woocommerce_thumbnail":false,"woocommerce_single":false,"woocommerce_gallery_thumbnail":false},"uagb_author_info":{"display_name":"Kathy","author_link":"https:\/\/wpml.org\/it\/author\/kathy-b\/"},"uagb_comment_info":0,"uagb_excerpt":"WPML Multilingue &amp; Multivaluta per WooCommerce rende facile gestire siti e-commerce multilingue con WooCommerce e WPML. Il plugin semplifica il processo di traduzione, in modo che tu debba tradurre solo i testi. Le traduzioni per prodotti, categorie e varianti vengono create automaticamente per te.","_links":{"self":[{"href":"https:\/\/wpml.org\/it\/wp-json\/wp\/v2\/pages\/470520","targetHints":{"allow":["GET"]}}],"collection":[{"href":"https:\/\/wpml.org\/it\/wp-json\/wp\/v2\/pages"}],"about":[{"href":"https:\/\/wpml.org\/it\/wp-json\/wp\/v2\/types\/page"}],"author":[{"embeddable":true,"href":"https:\/\/wpml.org\/it\/wp-json\/wp\/v2\/users\/538393"}],"replies":[{"embeddable":true,"href":"https:\/\/wpml.org\/it\/wp-json\/wp\/v2\/comments?post=470520"}],"version-history":[{"count":9,"href":"https:\/\/wpml.org\/it\/wp-json\/wp\/v2\/pages\/470520\/revisions"}],"predecessor-version":[{"id":17854729,"href":"https:\/\/wpml.org\/it\/wp-json\/wp\/v2\/pages\/470520\/revisions\/17854729"}],"up":[{"embeddable":true,"href":"https:\/\/wpml.org\/it\/wp-json\/wp\/v2\/pages\/138083"}],"wp:attachment":[{"href":"https:\/\/wpml.org\/it\/wp-json\/wp\/v2\/media?parent=470520"}],"wp:term":[{"taxonomy":"related-projects-category","embeddable":true,"href":"https:\/\/wpml.org\/it\/wp-json\/wp\/v2\/related-projects-category?post=470520"}],"curies":[{"name":"wp","href":"https:\/\/api.w.org\/{rel}","templated":true}]}}