{"id":748862,"date":"2015-11-18T11:24:54","date_gmt":"2015-11-18T11:24:54","guid":{"rendered":"https:\/\/wpml.org\/it\/purchase\/sviluppatori-di-temi-e-plug-in\/"},"modified":"2024-06-07T11:30:46","modified_gmt":"2024-06-07T11:30:46","slug":"sviluppatori-di-temi-e-plug-in","status":"publish","type":"page","link":"https:\/\/wpml.org\/it\/purchase\/sviluppatori-di-temi-e-plug-in\/","title":{"rendered":"Sviluppatori di temi e plugin"},"content":{"rendered":"<p class=\"lead\">Se <sup>costruisci1<\/sup> e <sup>distribuisci2<\/sup> temi e plugin con licenza <sup>GPL3<\/sup>, vogliamo renderti pi\u00f9 facile mantenere la compatibilit\u00e0 con WPML.<\/p>\n<p>Infatti, faremo tutto il possibile per aiutarti a creare temi e plugin che funzionino perfettamente in siti multilingue.<\/p>\n<p>Creare temi e plugin pronti per il multilinguismo \u00e8 piuttosto semplice. Tutto ci\u00f2 che devi fare \u00e8 utilizzare l&#8217;API standard di WordPress. WPML si aggancia alle chiamate API di WordPress e le trasforma in multilingua.<\/p>\n<p><strong><br \/>\n  <a title=\"Programma Go-Global\" href=\"https:\/\/wpml.org\/documentation\/support\/go-global-program\/\">Contattaci<\/a><br \/>\n<\/strong>dicci <strong>cosa stai costruendo<\/strong> e <strong>dove possiamo trovarlo<\/strong> e ti faremo avere un abbonamento a WPML.<\/p>\n<p>Gli abbonamenti a WPML includono download e accesso premium alle risorse di supporto. Se hai qualche domanda o vuoi una consulenza sulle migliori pratiche, apri un nuovo thread nel nostro <a href=\"http:\/\/wpml.org\/forums\">forum riservato ai membri<\/a> e ti risponderemo subito.<\/p>\n<hr>\n<p><sup>1<\/sup> <small>Vogliamo essere certi di lavorare con l&#8217;autore originale.<\/small><br \/>\n<sup>2<\/sup> <small>Il tuo lavoro deve essere disponibile al pubblico e non solo &#8220;lavoro su commissione&#8221;. Questo include temi e plugin sia commerciali che gratuiti.<\/small><br \/>\n<sup>3<\/sup> <small>Lavoriamo solo con progetti di fonte aperta che rispettano la licenza GPL. In questo modo \u00e8 facile per tutti condividere codice e idee.<\/small><\/p>\n","protected":false},"excerpt":{"rendered":"<p>Se costruisci1 e distribuisci2 temi e plugin con licenza GPL3, vogliamo renderti pi\u00f9 facile mantenere la compatibilit\u00e0 con WPML. Infatti, faremo tutto il possibile per aiutarti a creare temi e plugin che funzionino perfettamente in siti multilingue. Creare temi e plugin pronti per il multilinguismo \u00e8 piuttosto semplice. Tutto ci\u00f2 che devi fare \u00e8 utilizzare [&hellip;]<\/p>\n","protected":false},"author":2,"featured_media":0,"parent":140283,"menu_order":45,"comment_status":"closed","ping_status":"closed","template":"","meta":{"_bbp_topic_count":0,"_bbp_reply_count":0,"_bbp_total_topic_count":0,"_bbp_total_reply_count":0,"_bbp_voice_count":0,"_bbp_anonymous_reply_count":0,"_bbp_topic_count_hidden":0,"_bbp_reply_count_hidden":0,"_bbp_forum_subforum_count":0,"_uag_custom_page_level_css":"","ep_exclude_from_search":false,"footnotes":""},"related-projects-category":[],"class_list":["post-748862","page","type-page","status-publish","hentry"],"spectra_custom_meta":{"ratings_users":["0"],"ratings_score":["0"],"ratings_average":["0"],"_alp_processed":["1717759846"],"_wp_page_template":["default"],"_wpcf-product-site-sort-order":["a:0:{}"],"_wpml_media_duplicate":["1"],"_wpml_media_featured":["1"],"wpcf-unformatted-code":[""],"wpcf-price-increase-show-from":[""],"wpcf-price-increase-show-till":[""],"_subscription_coupon_product_id":["0"],"_last_translation_edit_mode":["translation-editor"],"_top_nav_excluded":[""],"_cms_nav_minihome":[""],"_uag_css_file_name":["uag-css-748862.css"],"_uag_page_assets":["a:9:{s:3:\"css\";s:260:\".uag-blocks-common-selector{z-index:var(--z-index-desktop) !important}@media(max-width: 976px){.uag-blocks-common-selector{z-index:var(--z-index-tablet) !important}}@media(max-width: 767px){.uag-blocks-common-selector{z-index:var(--z-index-mobile) !important}}\";s:2:\"js\";s:0:\"\";s:18:\"current_block_list\";a:1:{i:0;s:14:\"core\/shortcode\";}s:8:\"uag_flag\";b:0;s:11:\"uag_version\";s:10:\"1778803252\";s:6:\"gfonts\";a:0:{}s:10:\"gfonts_url\";s:0:\"\";s:12:\"gfonts_files\";a:0:{}s:14:\"uag_faq_layout\";b:0;}"]},"uagb_featured_image_src":{"full":false,"thumbnail":false,"medium":false,"medium_large":false,"large":false,"1536x1536":false,"2048x2048":false,"gform-image-choice-sm":false,"gform-image-choice-md":false,"gform-image-choice-lg":false,"woocommerce_thumbnail":false,"woocommerce_single":false,"woocommerce_gallery_thumbnail":false},"uagb_author_info":{"display_name":"Amir","author_link":"https:\/\/wpml.org\/it\/author\/amir\/"},"uagb_comment_info":0,"uagb_excerpt":"Se costruisci1 e distribuisci2 temi e plugin con licenza GPL3, vogliamo renderti pi\u00f9 facile mantenere la compatibilit\u00e0 con WPML. Infatti, faremo tutto il possibile per aiutarti a creare temi e plugin che funzionino perfettamente in siti multilingue. Creare temi e plugin pronti per il multilinguismo \u00e8 piuttosto semplice. Tutto ci\u00f2 che devi fare \u00e8 utilizzare&hellip;","_links":{"self":[{"href":"https:\/\/wpml.org\/it\/wp-json\/wp\/v2\/pages\/748862","targetHints":{"allow":["GET"]}}],"collection":[{"href":"https:\/\/wpml.org\/it\/wp-json\/wp\/v2\/pages"}],"about":[{"href":"https:\/\/wpml.org\/it\/wp-json\/wp\/v2\/types\/page"}],"author":[{"embeddable":true,"href":"https:\/\/wpml.org\/it\/wp-json\/wp\/v2\/users\/2"}],"replies":[{"embeddable":true,"href":"https:\/\/wpml.org\/it\/wp-json\/wp\/v2\/comments?post=748862"}],"version-history":[{"count":1,"href":"https:\/\/wpml.org\/it\/wp-json\/wp\/v2\/pages\/748862\/revisions"}],"predecessor-version":[{"id":15715321,"href":"https:\/\/wpml.org\/it\/wp-json\/wp\/v2\/pages\/748862\/revisions\/15715321"}],"up":[{"embeddable":true,"href":"https:\/\/wpml.org\/it\/wp-json\/wp\/v2\/pages\/140283"}],"wp:attachment":[{"href":"https:\/\/wpml.org\/it\/wp-json\/wp\/v2\/media?parent=748862"}],"wp:term":[{"taxonomy":"related-projects-category","embeddable":true,"href":"https:\/\/wpml.org\/it\/wp-json\/wp\/v2\/related-projects-category?post=748862"}],"curies":[{"name":"wp","href":"https:\/\/api.w.org\/{rel}","templated":true}]}}