{"id":901387,"date":"2013-01-13T23:51:34","date_gmt":"2013-01-13T23:51:34","guid":{"rendered":"https:\/\/wpml.org\/it\/pagina-iniziale\/info-su-wpml\/"},"modified":"2026-02-26T08:12:11","modified_gmt":"2026-02-26T08:12:11","slug":"info-su-wpml","status":"publish","type":"page","link":"https:\/\/wpml.org\/it\/pagina-iniziale\/info-su-wpml\/","title":{"rendered":"Informazioni su WPML"},"content":{"rendered":"\n<div class=\"wp-block-toolset-blocks-container tb-container\" data-toolset-blocks-container=\"a3910d70d80070d95b5c6a055e856747\"><div class=\"tb-container-inner\">\n<h1 class=\"tb-heading\" data-toolset-blocks-heading=\"8e71fd9af23fa25c7999187bab397e6b\" data-last-update=\"1.4\">Informazioni su WPML<\/h1>\n\n\n\n<h3 class=\"tb-heading\" data-toolset-blocks-heading=\"1e5f978603d5fbb9fea9f3230ca8bb8e\" data-last-update=\"1.4\">Fin dal primo giorno, le nostre priorit\u00e0 sono rimaste le stesse:<br\/>fare in modo che WordPress funzioni in multilingua in modo rapido, efficiente e conveniente.<\/h3>\n<\/div><\/div>\n\n<div class=\"wp-block-toolset-blocks-container tb-container\" data-toolset-blocks-container=\"f859b1454672f6cd3842f5483ef72cbe\"><div class=\"tb-container-inner\">\n<div class=\"wp-block-toolset-blocks-grid tb-grid\" data-toolset-blocks-grid=\"0dc790d61d0d64487a90abd4452260c6\">\n<div class=\"wp-block-toolset-blocks-grid-column tb-grid-column\" data-toolset-blocks-grid-column=\"a6e73c9bcfb6574667bd3043cd1e8d9d\">\n<h2 class=\"tb-heading has-text-color\" data-toolset-blocks-heading=\"1ae42fe7d67cac20294428d4937abca0\" data-last-update=\"1.4\">La nostra storia<\/h2>\n\n\n\n<div class=\"tb-fields-and-text\" data-toolset-blocks-fields-and-text=\"6088439d9df1bb352cf469db67308436\"><p>Nel 2007, abbiamo iniziato il nostro percorso offrendo servizi di traduzione di siti web. Con l&#8217;evolversi dell&#8217;approccio alle soluzioni di traduzione, ci siamo evoluti anche noi. Tutti i nostri sforzi hanno portato alla creazione di WPML, che oggi \u00e8 il plugin multilingue per WordPress leader del mercato.<\/p>\n<p>Oggi, WPML \u00e8 installato su oltre 1.500.000 siti WordPress e consente di tradurre il tuo sito in pi\u00f9 di 65 lingue.<\/p>\n<p>Con WPML, puoi scegliere tra diversi metodi di traduzione, inclusa la traduzione automatica.<\/p><\/div>\n\n\n\n<div class=\"tb-button\" data-toolset-blocks-button=\"811393ff45d80448d76fe63a5b247686\"><a class=\"tb-button__link\" href=\"https:\/\/wpml.org\/features\/\"><span class=\"tb-button__content\">Scopri le funzionalit\u00e0 di WPML<\/span><i class=\"tb-button__icon\"><\/i><\/a><\/div>\n<\/div>\n\n\n\n<div class=\"wp-block-toolset-blocks-grid-column tb-grid-column tb-grid-align-center\" data-toolset-blocks-grid-column=\"f586ff7bfe1d7317c63162ec7b7039ed\">\n<p class=\"tb-heading has-text-color\" data-toolset-blocks-heading=\"c008a69f635d8361130bfe225df80787\" data-last-update=\"1.4\">2007 \u2014<\/p>\n\n\n\n<p class=\"tb-heading has-text-color\" data-toolset-blocks-heading=\"5d84e7a5666e724f433b33e0ac5ff25e\" data-last-update=\"1.4\"> Oggi<\/p>\n\n\n\n<div class=\"wp-block-toolset-blocks-container tb-container\" data-toolset-blocks-container=\"9852e77f1d7beccbb811aa348a99c0bd\">\n<div class=\"wp-block-toolset-blocks-container tb-container\" data-toolset-blocks-container=\"24c91226a80c83f25f10c073e13dae28\">\n<h2 class=\"tb-heading has-text-color\" data-toolset-blocks-heading=\"02c75c9e7f09d80344213bebe67934c4\" data-last-update=\"1.4\">&gt;1.500.000<\/h2>\n\n\n\n<p class=\"tb-heading has-text-color\" data-toolset-blocks-heading=\"6a9f4cf27c4d0fdaf6117dc29b354d96\" data-last-update=\"1.4\">siti WordPress utilizzano WPML<\/p>\n<\/div>\n\n\n\n<div class=\"wp-block-toolset-blocks-container tb-container\" data-toolset-blocks-container=\"72e713bb22beb48bcd433c599d2bffdb\">\n<h2 class=\"tb-heading has-text-color\" data-toolset-blocks-heading=\"02c75c9e7f09d80344213bebe67934c4\" data-last-update=\"1.4\">65+<\/h2>\n\n\n\n<p class=\"tb-heading has-text-color\" data-toolset-blocks-heading=\"6a9f4cf27c4d0fdaf6117dc29b354d96\" data-last-update=\"1.4\">lingue<\/p>\n<\/div>\n<\/div>\n<\/div>\n<\/div>\n<\/div><\/div>\n\n<div class=\"wp-block-toolset-blocks-container tb-container\" data-toolset-blocks-container=\"15ff353d2306f0cd7dc0781728774c9c\"><div class=\"tb-container-inner\">\n<h2 class=\"tb-heading has-text-color\" data-toolset-blocks-heading=\"c1142de8a583de6aba9cb51ef67b5210\" data-last-update=\"1.4\">Crea siti WordPress nel modo giusto<\/h2>\n\n\n\n<div class=\"tb-fields-and-text\" data-toolset-blocks-fields-and-text=\"6088439d9df1bb352cf469db67308436\"><p style=\"text-align: center;\">Crediamo che tutti gli utenti di WordPress debbano essere in grado di creare siti efficaci, indipendentemente dalle proprie conoscenze e competenze di programmazione. La nostra <a href=\"https:\/\/toolset.com\/home\/toolset-components\/\">suite di plugin Toolset<\/a> rende facile per tutti la creazione di siti avanzati. Puoi progettare direttamente dall&#8217;interno di WordPress, senza dover creare temi child o scrivere codice PHP. <\/p><\/div>\n\n\n\n<div class=\"tb-button\" data-toolset-blocks-button=\"8a274f9ffa7ea783b426f097f349c75b\"><a class=\"tb-button__link\" href=\"https:\/\/toolset.com\/\" target=\"_blank\" rel=\"noopener\"><span class=\"tb-button__content\">Scopri di pi\u00f9 su Toolset<\/span><i class=\"tb-button__icon\"><\/i><\/a><\/div>\n<\/div><\/div>\n\n<div class=\"wp-block-toolset-blocks-container tb-container\" data-toolset-blocks-container=\"0b32ffeb160c54d040a2c1dfa76cd932\"><div class=\"tb-container-inner\">\n<div class=\"wp-block-toolset-blocks-grid tb-grid\" data-toolset-blocks-grid=\"11f418a1360207b4c2a98aba9ed91c20\">\n<div class=\"wp-block-toolset-blocks-grid-column tb-grid-column tb-grid-align-center\" data-toolset-blocks-grid-column=\"f586ff7bfe1d7317c63162ec7b7039ed\">\n<div class=\"wp-block-toolset-blocks-container tb-container\" data-toolset-blocks-container=\"9852e77f1d7beccbb811aa348a99c0bd\">\n<div class=\"wp-block-toolset-blocks-container tb-container\" data-toolset-blocks-container=\"24c91226a80c83f25f10c073e13dae28\">\n<h2 class=\"tb-heading has-text-color\" data-toolset-blocks-heading=\"9520a6140f2b9533d0271691117b7b19\" data-last-update=\"1.4\">6<\/h2>\n\n\n\n<p class=\"tb-heading has-text-color\" data-toolset-blocks-heading=\"1697573550b4ab85c18a52719a4b0bd9\" data-last-update=\"1.4\">giorni a settimana<\/p>\n<\/div>\n\n\n\n<div class=\"wp-block-toolset-blocks-container tb-container\" data-toolset-blocks-container=\"c8d150915edaa853a5eed3dde076c1da\">\n<h2 class=\"tb-heading has-text-color\" data-toolset-blocks-heading=\"9520a6140f2b9533d0271691117b7b19\" data-last-update=\"1.4\">19<\/h2>\n\n\n\n<p class=\"tb-heading has-text-color\" data-toolset-blocks-heading=\"1697573550b4ab85c18a52719a4b0bd9\" data-last-update=\"1.4\">ore al giorno<\/p>\n<\/div>\n\n\n\n<div class=\"wp-block-toolset-blocks-container tb-container\" data-toolset-blocks-container=\"cf468e6650af60e82a50621fc5791e29\">\n<h2 class=\"tb-heading has-text-color\" data-toolset-blocks-heading=\"9520a6140f2b9533d0271691117b7b19\" data-last-update=\"1.4\">9<\/h2>\n\n\n\n<p class=\"tb-heading has-text-color\" data-toolset-blocks-heading=\"1697573550b4ab85c18a52719a4b0bd9\" data-last-update=\"1.4\">lingue<\/p>\n<\/div>\n<\/div>\n<\/div>\n\n\n\n<div class=\"wp-block-toolset-blocks-grid-column tb-grid-column tb-grid-align-center\" data-toolset-blocks-grid-column=\"f586ff7bfe1d7317c63162ec7b7039ed\">\n<h2 class=\"tb-heading has-text-color\" data-toolset-blocks-heading=\"f4f61a81fe2d91ae7fc4627ab11dfbf5\" data-last-update=\"1.4\">Supporto completo<\/h2>\n\n\n\n<div class=\"tb-fields-and-text\" data-toolset-blocks-fields-and-text=\"6088439d9df1bb352cf469db67308436\"><p><span style=\"font-weight: 400;\">Facciamo di tutto per fornire un supporto accurato, competente e tempestivo tramite il nostro forum di supporto e la chat di supporto.<\/span><\/p>\n<p><span style=\"font-weight: 400;\">Il nostro team di supporto lavora 6 giorni alla settimana, 19 ore al giorno. Abbiamo sostenitori che coprono Asia, Europa e Americhe. <\/span> <\/p><\/div>\n\n\n\n<div class=\"tb-button\" data-toolset-blocks-button=\"03e4495f41f5ac56b239a72dc8c207d4\"><a class=\"tb-button__link\" href=\"https:\/\/wpml.org\/forums\/forum\/english-support\/\"><span class=\"tb-button__content\">Chiedi supporto<\/span><i class=\"tb-button__icon\"><\/i><\/a><\/div>\n<\/div>\n<\/div>\n<\/div><\/div>\n\n<div class=\"wp-block-toolset-blocks-container tb-container tb-container-parallax\" data-toolset-blocks-container=\"3b860a0da9fa77763983ae9d53b42418\">\n<div class=\"wp-block-toolset-blocks-container tb-container\" data-toolset-blocks-container=\"563872829c4955bb9234ede50b2f1eb8\"><div class=\"tb-container-inner\">\n<div class=\"wp-block-toolset-blocks-container tb-container\" data-toolset-blocks-container=\"2efca0c9d871b7f3aa86bb7eeb5a2cac\"><div class=\"tb-container-inner\">\n<div class=\"wp-block-toolset-blocks-grid tb-grid\" data-toolset-blocks-grid=\"b29227ec0bc1142671bcfa505ac96850\">\n<div class=\"wp-block-toolset-blocks-grid-column tb-grid-column tb-grid-align-center\" data-toolset-blocks-grid-column=\"f586ff7bfe1d7317c63162ec7b7039ed\">\n<h2 class=\"tb-heading has-text-color\" data-toolset-blocks-heading=\"467a040c84ff791b192242d5d1a51fb7\" data-last-update=\"1.4\">Il nostro team<\/h2>\n\n\n\n<p class=\"tb-heading has-text-color\" data-toolset-blocks-heading=\"36f3a707077677ef599834d93d3ae5ab\" data-last-update=\"1.4\">Forse conosci OnTheGoSystems come l&#8217;azienda che ha creato WPML e Toolset, ma dietro ogni azienda c&#8217;\u00e8 un grande gruppo di persone. La nostra azienda \u00e8 registrata a Hong Kong, ma siamo un team davvero globale. OnTheGoSystems \u00e8 composta da oltre 100 persone, che lavorano tutte insieme al 100% in remoto da 40 paesi diversi. Viviamo, lavoriamo e respiriamo il nostro motto:<\/p>\n\n\n\n<h3 class=\"tb-heading has-text-color\" data-toolset-blocks-heading=\"70da933b672332eab253fb8143d374ae\" data-last-update=\"1.4\">&#8211; Persone felici creano ottimi prodotti<\/h3>\n\n\n\n<p class=\"tb-heading has-text-color\" data-toolset-blocks-heading=\"3a082cfbe32a4414073d98f022ba43c8\" data-last-update=\"1.4\">Siamo sempre alla ricerca di persone di talento e appassionate che si uniscano a noi. Se sei interessato a trasformare i siti WordPress in centrali multilingue, dai un&#8217;occhiata alle nostre posizioni aperte. <\/p>\n\n\n\n<div class=\"wp-block-toolset-blocks-grid tb-grid\" data-toolset-blocks-grid=\"bc0f620fef134dfa654c82a6a1927846\">\n<div class=\"wp-block-toolset-blocks-grid-column tb-grid-column tb-grid-align-top\" data-toolset-blocks-grid-column=\"3034fbe886c11054e95b46b09d3e4112\">\n<div class=\"tb-button\" data-toolset-blocks-button=\"b1d3036ed823c89ed171f055bebc028d\"><a class=\"tb-button__link\" href=\"https:\/\/onthegosystems.com\/jobs\/\" target=\"_blank\" rel=\"noopener\"><span class=\"tb-button__content\">Unisciti al nostro team<\/span><i class=\"tb-button__icon\"><\/i><\/a><\/div>\n<\/div>\n\n\n\n<div class=\"wp-block-toolset-blocks-grid-column tb-grid-column tb-grid-align-top\" data-toolset-blocks-grid-column=\"3034fbe886c11054e95b46b09d3e4112\">\n<div class=\"tb-button\" data-toolset-blocks-button=\"9522fd0cc3ed5ed573952501862bbc85\"><a class=\"tb-button__link\" href=\"https:\/\/onthegosystems.com\/team\/\" target=\"_blank\" rel=\"noopener\"><span class=\"tb-button__content\">Incontra il nostro team<\/span><i class=\"tb-button__icon\"><\/i><\/a><\/div>\n<\/div>\n<\/div>\n<\/div>\n\n\n\n<div class=\"wp-block-toolset-blocks-grid-column tb-grid-column tb-grid-align-center\" data-toolset-blocks-grid-column=\"f586ff7bfe1d7317c63162ec7b7039ed\">\n<div class=\"wp-block-toolset-blocks-container tb-container\" data-toolset-blocks-container=\"78c7412c49daead0518eea80a01beb6f\">\n<div class=\"wp-block-toolset-blocks-container tb-container\" data-toolset-blocks-container=\"24c91226a80c83f25f10c073e13dae28\">\n<h2 class=\"tb-heading has-text-color\" data-toolset-blocks-heading=\"d77b31cb76441dd9e2b35d686abe0dcf\" data-last-update=\"1.4\">&gt;100<\/h2>\n\n\n\n<p class=\"tb-heading has-text-color\" data-toolset-blocks-heading=\"cd59a4f717d493ea6b36d74020f000ec\" data-last-update=\"1.4\">persone<\/p>\n<\/div>\n\n\n\n<div class=\"wp-block-toolset-blocks-container tb-container\" data-toolset-blocks-container=\"c8d150915edaa853a5eed3dde076c1da\">\n<h2 class=\"tb-heading has-text-color\" data-toolset-blocks-heading=\"d77b31cb76441dd9e2b35d686abe0dcf\" data-last-update=\"1.4\">100%<\/h2>\n\n\n\n<p class=\"tb-heading has-text-color\" data-toolset-blocks-heading=\"cd59a4f717d493ea6b36d74020f000ec\" data-last-update=\"1.4\">da remoto<\/p>\n<\/div>\n\n\n\n<div class=\"wp-block-toolset-blocks-container tb-container\" data-toolset-blocks-container=\"cf468e6650af60e82a50621fc5791e29\">\n<h2 class=\"tb-heading has-text-color\" data-toolset-blocks-heading=\"d77b31cb76441dd9e2b35d686abe0dcf\" data-last-update=\"1.4\">40<\/h2>\n\n\n\n<p class=\"tb-heading has-text-color\" data-toolset-blocks-heading=\"cd59a4f717d493ea6b36d74020f000ec\" data-last-update=\"1.4\">paesi<\/p>\n<\/div>\n<\/div>\n<\/div>\n<\/div>\n<\/div><\/div>\n<\/div><\/div>\n<\/div>\n","protected":false},"excerpt":{"rendered":"","protected":false},"author":2,"featured_media":0,"parent":138151,"menu_order":0,"comment_status":"closed","ping_status":"closed","template":"template-full.php","meta":{"_bbp_topic_count":0,"_bbp_reply_count":0,"_bbp_total_topic_count":0,"_bbp_total_reply_count":0,"_bbp_voice_count":0,"_bbp_anonymous_reply_count":0,"_bbp_topic_count_hidden":0,"_bbp_reply_count_hidden":0,"_bbp_forum_subforum_count":0,"ep_exclude_from_search":false,"footnotes":""},"related-projects-category":[],"class_list":["post-901387","page","type-page","status-publish","hentry"],"_links":{"self":[{"href":"https:\/\/wpml.org\/it\/wp-json\/wp\/v2\/pages\/901387","targetHints":{"allow":["GET"]}}],"collection":[{"href":"https:\/\/wpml.org\/it\/wp-json\/wp\/v2\/pages"}],"about":[{"href":"https:\/\/wpml.org\/it\/wp-json\/wp\/v2\/types\/page"}],"author":[{"embeddable":true,"href":"https:\/\/wpml.org\/it\/wp-json\/wp\/v2\/users\/2"}],"replies":[{"embeddable":true,"href":"https:\/\/wpml.org\/it\/wp-json\/wp\/v2\/comments?post=901387"}],"version-history":[{"count":8,"href":"https:\/\/wpml.org\/it\/wp-json\/wp\/v2\/pages\/901387\/revisions"}],"predecessor-version":[{"id":17855151,"href":"https:\/\/wpml.org\/it\/wp-json\/wp\/v2\/pages\/901387\/revisions\/17855151"}],"up":[{"embeddable":true,"href":"https:\/\/wpml.org\/it\/wp-json\/wp\/v2\/pages\/138151"}],"wp:attachment":[{"href":"https:\/\/wpml.org\/it\/wp-json\/wp\/v2\/media?parent=901387"}],"wp:term":[{"taxonomy":"related-projects-category","embeddable":true,"href":"https:\/\/wpml.org\/it\/wp-json\/wp\/v2\/related-projects-category?post=901387"}],"curies":[{"name":"wp","href":"https:\/\/api.w.org\/{rel}","templated":true}]}}