{"id":100360,"date":"2009-03-27T00:00:24","date_gmt":"2009-03-27T00:00:24","guid":{"rendered":"http:\/\/wpml.org\/documentacao\/por-onde-comecar\/configuracao-de-idiomas\/"},"modified":"2026-02-26T08:02:03","modified_gmt":"2026-02-26T08:02:03","slug":"configuracao-de-idiomas","status":"publish","type":"page","link":"https:\/\/wpml.org\/pt-br\/documentacao\/por-onde-comecar\/configuracao-de-idiomas\/","title":{"rendered":"Configura\u00e7\u00e3o de idioma"},"content":{"rendered":"\n<p class=\"lead\">O WPML permite traduzir seu site para 65 idiomas pr\u00e9-configurados, adicionar seus pr\u00f3prios idiomas personalizados e personalizar diversas op\u00e7\u00f5es de configura\u00e7\u00e3o do seletor de idiomas, do formato de URL e muito mais. Todas essas op\u00e7\u00f5es est\u00e3o dispon\u00edveis no menu <strong>WPML<\/strong> \u2192 <strong>Idiomas<\/strong>. <\/p>\n\n<h2 class=\"wp-block-heading\" id=\"site-languages\">Idiomas do site<\/h2>\n<div class=\"wp-block-image\">\n<figure class=\" tb-image tb-image-dynamic tb-image-frame-none aligncenter\" data-toolset-blocks-image=\"6e2fb3d7f185ed38a4737a2adacb9734\"><a href=\"https:\/\/wpml.org\/wp-content\/uploads\/2021\/07\/wizard-site-languages.png\"><img decoding=\"async\" width=\"2240\" height=\"1200\" loading=\"lazy\" src=\"https:\/\/wpml.org\/wp-content\/uploads\/2021\/07\/wizard-site-languages.png\" alt=\"\" class=\"wp-image-9149769\" srcset=\"https:\/\/wpml.org\/wp-content\/uploads\/2021\/07\/wizard-site-languages.png 2240w, https:\/\/wpml.org\/wp-content\/uploads\/2021\/07\/wizard-site-languages-300x161.png 300w, https:\/\/wpml.org\/wp-content\/uploads\/2021\/07\/wizard-site-languages-1024x549.png 1024w, https:\/\/wpml.org\/wp-content\/uploads\/2021\/07\/wizard-site-languages-150x80.png 150w, https:\/\/wpml.org\/wp-content\/uploads\/2021\/07\/wizard-site-languages-768x411.png 768w, https:\/\/wpml.org\/wp-content\/uploads\/2021\/07\/wizard-site-languages-1536x823.png 1536w, https:\/\/wpml.org\/wp-content\/uploads\/2021\/07\/wizard-site-languages-2048x1097.png 2048w\" sizes=\"auto, (max-width: 2240px) 100vw, 2240px\" \/><\/a><figcaption><div class=\"tb-image-caption\"><em>Escolha de idiomas para o site<\/em><\/div><\/figcaption><\/figure>\n<\/div>\n<p>Ao configurar o WPML pela primeira vez (a primeira etapa do assistente de configura\u00e7\u00e3o do WPML), \u00e9 necess\u00e1rio escolher o idioma do seu conte\u00fado existente. Em seguida, escolha para quais dos <a href=\"https:\/\/wpml.org\/pt-br\/documentacao\/por-onde-comecar\/configuracao-de-idiomas\/linguas-pre-configuradas\/\">65 idiomas pr\u00e9-configurados<\/a> voc\u00ea deseja traduzir seu site. <\/p>\n\n<p>Tamb\u00e9m \u00e9 poss\u00edvel <a href=\"https:\/\/wpml.org\/pt-br\/documentacao\/por-onde-comecar\/configuracao-de-idiomas\/como-adicionar-idiomas-no-wpml\/\">criar um idioma personalizado<\/a>. Isso \u00e9 especialmente \u00fatil se voc\u00ea quiser adicionar ao seu site um idioma espec\u00edfico de um pa\u00eds (como franc\u00eas canadense ou alem\u00e3o su\u00ed\u00e7o) ou se precisar de um idioma que n\u00e3o aparece na lista de idiomas pr\u00e9-configurados. <\/p>\n\n<p>Para o idioma personalizado que voc\u00ea criar, \u00e9 poss\u00edvel usar uma das bandeiras do WPML ou <a href=\"?page_id=%2013143489\">adicionar uma bandeira personalizada<\/a>.<\/p>\n\n<p>Voc\u00ea pode adicionar, editar ou remover idiomas do seu site a qualquer momento acessando <strong>WPML<\/strong> \u2192 <strong>Idiomas<\/strong>. Essas op\u00e7\u00f5es est\u00e3o dispon\u00edveis na se\u00e7\u00e3o <strong>Idiomas do site<\/strong>.<\/p>\n\n<h2 class=\"wp-block-heading\" id=\"language-url-format\">Formato de URL do idioma<\/h2>\n\n<p>O WPML permite escolher como organizar o conte\u00fado em diferentes idiomas. Voc\u00ea pode escolher entre:<\/p>\n\n<ul class=\"wp-block-list\">\n<li><strong>Diferentes idiomas nos diret\u00f3rios<\/strong> &#8211; como <em>wpml.org\/es\/<\/em> para espanhol e <em>wpml.org\/de\/<\/em> para alem\u00e3o.<\/li>\n\n\n\n<li><strong>Um dom\u00ednio diferente por idioma<\/strong> &#8211; subdom\u00ednios como <em>es.example.com<\/em> e <em>de.example.com<\/em> ou dom\u00ednios completamente diferentes, como <em>ejemplo.es<\/em> e <em>beispiel.de<\/em>.<\/li>\n\n\n\n<li><strong>Nome do idioma adicionado como um par\u00e2metro<\/strong>, como <em>wpml.org\/?lang=es<\/em> para espanhol.<\/li>\n<\/ul>\n\n<p>Para que <strong>Idiomas diferentes em diret\u00f3rios<\/strong> funcione, a estrutura de links permanentes do seu site precisa ser diferente da padr\u00e3o. Recomendamos escolher <strong>Ano\/M\u00eas\/Nome<\/strong> ou <strong>%postname%<\/strong>. <\/p>\n\n<p>Para obter exemplos e documenta\u00e7\u00e3o mais detalhados sobre o que \u00e9 necess\u00e1rio para que cada um desses modos seja executado, leia sobre as <a href=\"https:\/\/wpml.org\/pt-br\/documentacao\/por-onde-comecar\/configuracao-de-idiomas\/opcoes-de-formato-de-url-de-idioma\/\">op\u00e7\u00f5es de URL de idioma<\/a>.<\/p>\n\n<h2 class=\"wp-block-heading\" id=\"language-switcher\">Alternador de idiomas<\/h2>\n\n<p>As op\u00e7\u00f5es do seletor de idiomas ficam em <strong>WPML \u2192 Idiomas<\/strong>.<\/p>\n\n<p>Para permitir que os visitantes selecionem o idioma de prefer\u00eancia, o WPML adiciona, por padr\u00e3o, um seletor de idiomas ao rodap\u00e9 do seu site. Voc\u00ea tamb\u00e9m pode adicionar seletores de idiomas a widgets, menus ou criar seu pr\u00f3prio seletor de idiomas personalizado. <\/p>\n<div class=\"wp-block-image\">\n<figure class=\" tb-image tb-image-dynamic tb-image-frame-none aligncenter\" data-toolset-blocks-image=\"debdef65d58219e0acd6bcc9df30adcc\"><a href=\"https:\/\/wpml.org\/wp-content\/uploads\/2009\/03\/options-for-language-switcher.jpg\"><img decoding=\"async\" width=\"946\" height=\"933\" loading=\"lazy\" src=\"https:\/\/wpml.org\/wp-content\/uploads\/2009\/03\/options-for-language-switcher.jpg\" alt=\"\" class=\"wp-image-1219717\" srcset=\"https:\/\/wpml.org\/wp-content\/uploads\/2009\/03\/options-for-language-switcher.jpg 946w, https:\/\/wpml.org\/wp-content\/uploads\/2009\/03\/options-for-language-switcher-150x148.jpg 150w, https:\/\/wpml.org\/wp-content\/uploads\/2009\/03\/options-for-language-switcher-300x296.jpg 300w, https:\/\/wpml.org\/wp-content\/uploads\/2009\/03\/options-for-language-switcher-768x757.jpg 768w, https:\/\/wpml.org\/wp-content\/uploads\/2009\/03\/options-for-language-switcher-90x90.jpg 90w\" sizes=\"auto, (max-width: 946px) 100vw, 946px\" \/><\/a><figcaption><div class=\"tb-image-caption\">Op\u00e7\u00f5es dos seletores de idiomas do WPML<\/div><\/figcaption><\/figure>\n<\/div>\n<p>Ou ent\u00e3o, voc\u00ea pode adicionar um seletor de idiomas a menus, widgets, modelos e ao conte\u00fado de p\u00e1ginas ou posts usando o bloco <strong>Seletor<\/strong> de <strong>idiomas<\/strong>.<\/p>\n\n<p>Voc\u00ea tamb\u00e9m pode exibir seletores de idiomas usando os seguintes hooks:<\/p>\n\n<ul class=\"wp-block-list\">\n<li><a href=\"https:\/\/wpml.org\/wpml-hook\/wpml_add_language_selector\/\">wpml_add_language_selector<\/a> &#8211; Exibir o seletor de idiomas em lista suspensa do WPML<\/li>\n\n\n\n<li><a href=\"https:\/\/wpml.org\/wpml-hook\/wpml_footer_language_selector\/\">wpml_footer_language_selector<\/a> &#8211; Exibir o seletor de idiomas horizontal do WPML<\/li>\n<\/ul>\n\n<h3 class=\"wp-block-heading\" id=\"order-of-languages\">Ordem dos idiomas<\/h3>\n\n<p>Voc\u00ea pode controlar a ordem em que os idiomas aparecem no seletor de idiomas na se\u00e7\u00e3o <strong>Op\u00e7\u00f5es do seletor de idiomas<\/strong> do menu <strong>Idiomas<\/strong>.<\/p>\n<div class=\"wp-block-image\">\n<figure class=\" tb-image tb-image-dynamic tb-image-frame-none aligncenter\" data-toolset-blocks-image=\"999250e08d06a820462debcffcc1c099\"><a href=\"https:\/\/wpml.org\/wp-content\/uploads\/2009\/03\/language-switcher-order.jpg\"><img decoding=\"async\" width=\"856\" height=\"226\" loading=\"lazy\" src=\"https:\/\/wpml.org\/wp-content\/uploads\/2009\/03\/language-switcher-order.jpg\" alt=\"\" class=\"wp-image-1219719\" srcset=\"https:\/\/wpml.org\/wp-content\/uploads\/2009\/03\/language-switcher-order.jpg 856w, https:\/\/wpml.org\/wp-content\/uploads\/2009\/03\/language-switcher-order-150x40.jpg 150w, https:\/\/wpml.org\/wp-content\/uploads\/2009\/03\/language-switcher-order-300x79.jpg 300w, https:\/\/wpml.org\/wp-content\/uploads\/2009\/03\/language-switcher-order-768x203.jpg 768w\" sizes=\"auto, (max-width: 856px) 100vw, 856px\" \/><\/a><figcaption><div class=\"tb-image-caption\">Definir a ordem dos idiomas<\/div><\/figcaption><\/figure>\n<\/div>\n<p>Clique e arraste os idiomas para alterar a ordem.<\/p>\n\n<p>Observe que, ao usar um seletor de idiomas em lista suspensa, o primeiro idioma exibido \u00e9 sempre o idioma atual. Os outros idiomas ser\u00e3o listados de acordo com a ordem que voc\u00ea definiu na lista <strong>Ordem dos idiomas<\/strong>.<\/p>\n\n<h3 class=\"wp-block-heading\" id=\"choosing-what-to-display-in-the-language-switcher\">Escolha do que exibir no alternador de idiomas<\/h3>\n\n<p>Voc\u00ea pode escolher o que incluir no seletor de idiomas. O WPML pode exibir uma bandeira do pa\u00eds, o nome do idioma no formato nativo e o nome do idioma no idioma atual da p\u00e1gina (como \u201cDeutsch (German)\u201d quando o idioma atual \u00e9 ingl\u00eas). <\/p>\n\n<p>Voc\u00ea tamb\u00e9m pode escolher as cores para todas as partes do seletor de idiomas.<\/p>\n\n<p>Para fazer qualquer altera\u00e7\u00e3o no seu Seletor de idiomas:<\/p>\n\n<ol class=\"wp-block-list\">\n<li>Acesse <strong>WPML \u2192 Idiomas<\/strong>.<\/li>\n\n\n\n<li>Encontre o seu seletor. Cada seletor de idiomas ficar\u00e1 em uma se\u00e7\u00e3o diferente, dependendo de onde ele est\u00e1 posicionado no seu site: <strong>Seletor de idiomas do menu<\/strong>, <strong>Seletor de idiomas do Widget<\/strong> ou <strong>Seletor de idiomas do rodap\u00e9<\/strong>. <\/li>\n\n\n\n<li>Clique no \u00edcone de l\u00e1pis para edit\u00e1-lo.<\/li>\n<\/ol>\n\n<p>Ao fazer altera\u00e7\u00f5es, voc\u00ea ver\u00e1 uma pequena pr\u00e9via de como o seletor de idiomas ficar\u00e1 antes de salvar.<\/p>\n<div class=\"wp-block-image\">\n<figure class=\" tb-image tb-image-dynamic tb-image-frame-none aligncenter\" data-toolset-blocks-image=\"c1872c6ada6413f2c319a2bbce49dffb\"><a href=\"https:\/\/wpml.org\/wp-content\/uploads\/2021\/07\/customize-language-switcher.png\"><img decoding=\"async\" width=\"985\" height=\"772\" loading=\"lazy\" src=\"https:\/\/wpml.org\/wp-content\/uploads\/2021\/07\/customize-language-switcher.png\" alt=\"\" class=\"wp-image-9150231\" srcset=\"https:\/\/wpml.org\/wp-content\/uploads\/2021\/07\/customize-language-switcher.png 985w, https:\/\/wpml.org\/wp-content\/uploads\/2021\/07\/customize-language-switcher-300x235.png 300w, https:\/\/wpml.org\/wp-content\/uploads\/2021\/07\/customize-language-switcher-150x118.png 150w, https:\/\/wpml.org\/wp-content\/uploads\/2021\/07\/customize-language-switcher-768x602.png 768w\" sizes=\"auto, (max-width: 985px) 100vw, 985px\" \/><\/a><figcaption><div class=\"tb-image-caption\">Op\u00e7\u00f5es do seletor de idiomas<\/div><\/figcaption><\/figure>\n<\/div>\n<p>Voc\u00ea pode <a href=\"https:\/\/wpml.org\/pt-br\/documentacao\/por-onde-comecar\/configuracao-de-idiomas\/opcoes-de-seletor-de-idioma\/\">estilizar o seletor de idiomas do WPML<\/a> para que ele combine com o design do seu site.<\/p>\n\n<p>Para alterar os sinalizadores que aparecem ao lado dos idiomas, voc\u00ea pode alterar o n\u00famero de idiomas:<\/p>\n\n<ol class=\"wp-block-list\">\n<li>Acesse <strong>WPML<\/strong> \u2192 <strong>Idiomas<\/strong><\/li>\n\n\n\n<li>Na se\u00e7\u00e3o <strong>Site Languages (Idiomas do site<\/strong> ), clique em <strong>Edit Languages (Editar idiomas<\/strong>)<\/li>\n\n\n\n<li>Aqui, voc\u00ea pode escolher uma bandeira diferente no diret\u00f3rio de instala\u00e7\u00e3o do WPML ou enviar a sua pr\u00f3pria<\/li>\n<\/ol>\n\n<p>Para mais informa\u00e7\u00f5es sobre os diferentes estilos de seletores de idiomas que voc\u00ea pode adicionar ao seu site, leia sobre as <a href=\"https:\/\/wpml.org\/pt-br\/documentacao\/por-onde-comecar\/configuracao-de-idiomas\/opcoes-de-seletor-de-idioma\/\">op\u00e7\u00f5es do seletor de idiomas<\/a>.<\/p>\n\n<h3 class=\"wp-block-heading\" id=\"custom-language-switchers\">Comutadores de idiomas personalizados<\/h3>\n\n<p>Voc\u00ea pode criar <a href=\"https:\/\/wpml.org\/pt-br\/documentacao\/por-onde-comecar\/configuracao-de-idiomas\/opcoes-de-seletor-de-idioma\/seletor-de-idiomas-personalizado\/\">seletores de idiomas personalizados<\/a> e adicion\u00e1-los ao tema do site.<\/p>\n<div class=\"wp-block-image\">\n<figure class=\" tb-image tb-image-dynamic tb-image-frame-none aligncenter\" data-toolset-blocks-image=\"cb0d5a20c5927f37f6266ebd4c162bd2\"><a href=\"https:\/\/wpml.org\/wp-content\/uploads\/2017\/08\/wpml-language-setup-custom-language-switcher-enable-disable.png\"><img decoding=\"async\" width=\"950\" height=\"157\" loading=\"lazy\" src=\"https:\/\/wpml.org\/wp-content\/uploads\/2017\/08\/wpml-language-setup-custom-language-switcher-enable-disable.png\" alt=\"\" class=\"wp-image-1335361\" srcset=\"https:\/\/wpml.org\/wp-content\/uploads\/2017\/08\/wpml-language-setup-custom-language-switcher-enable-disable.png 950w, https:\/\/wpml.org\/wp-content\/uploads\/2017\/08\/wpml-language-setup-custom-language-switcher-enable-disable-150x25.png 150w, https:\/\/wpml.org\/wp-content\/uploads\/2017\/08\/wpml-language-setup-custom-language-switcher-enable-disable-300x50.png 300w, https:\/\/wpml.org\/wp-content\/uploads\/2017\/08\/wpml-language-setup-custom-language-switcher-enable-disable-768x127.png 768w\" sizes=\"auto, (max-width: 950px) 100vw, 950px\" \/><\/a><figcaption><div class=\"tb-image-caption\"><em>Op\u00e7\u00e3o para ativar ou desativar seletores de idiomas personalizados<\/em><\/div><\/figcaption><\/figure>\n<\/div>\n<p>Na se\u00e7\u00e3o <strong>Seletores de idiomas personalizados<\/strong>, voc\u00ea pode ativar ou desativar os seletores de idiomas personalizados no seu site. Quando os seletores de idiomas personalizados est\u00e3o desativados, os recursos relacionados de CSS e JavaScript n\u00e3o s\u00e3o mais carregados. Isso \u00e9 \u00fatil para sites que n\u00e3o usam nenhum seletor de idiomas.  <\/p>\n\n<p>Nesse caso, ainda \u00e9 poss\u00edvel usar o shortcode <strong>wpml_language_switcher<\/strong> e a action <strong>wpml_language_switcher<\/strong>; no entanto, eles exibir\u00e3o os seletores de idiomas sem CSS ou JavaScript.<\/p>\n\n<p>Os seletores de idiomas personalizados s\u00e3o ativados por padr\u00e3o para instala\u00e7\u00f5es existentes que atualizam para o WPML vers\u00e3o <strong>3.8<\/strong> ou posterior. Para novas instala\u00e7\u00f5es usando o WPML vers\u00e3o <strong>3.8<\/strong> ou posterior, essa op\u00e7\u00e3o fica desativada por padr\u00e3o. <\/p>\n\n<h2 class=\"wp-block-heading\" id=\"seo-options\"><a name=\"seo_options\"><\/a>Op\u00e7\u00f5es de SEO<\/h2>\n<div class=\"wp-block-image\">\n<figure class=\" tb-image tb-image-dynamic tb-image-frame-none aligncenter\" data-toolset-blocks-image=\"7ed0f30a77f5fae7a9f3a026ca158048\"><a href=\"https:\/\/wpml.org\/wp-content\/uploads\/2021\/07\/seo-options.png\"><img decoding=\"async\" width=\"1225\" height=\"195\" loading=\"lazy\" src=\"https:\/\/wpml.org\/wp-content\/uploads\/2021\/07\/seo-options.png\" alt=\"\" class=\"wp-image-9150353\" srcset=\"https:\/\/wpml.org\/wp-content\/uploads\/2021\/07\/seo-options.png 1225w, https:\/\/wpml.org\/wp-content\/uploads\/2021\/07\/seo-options-300x48.png 300w, https:\/\/wpml.org\/wp-content\/uploads\/2021\/07\/seo-options-1024x163.png 1024w, https:\/\/wpml.org\/wp-content\/uploads\/2021\/07\/seo-options-150x24.png 150w, https:\/\/wpml.org\/wp-content\/uploads\/2021\/07\/seo-options-768x122.png 768w\" sizes=\"auto, (max-width: 1225px) 100vw, 1225px\" \/><\/a><figcaption><div class=\"tb-image-caption\">Ativa\u00e7\u00e3o de op\u00e7\u00f5es de SEO<\/div><\/figcaption><\/figure>\n<\/div>\n<p>Quando seu site multil\u00edngue \u00e9 analisado por mecanismos de busca, como o Google, \u00e9 importante \u201cinform\u00e1-los\u201d sobre os idiomas alternativos dispon\u00edveis para o conte\u00fado do seu site. Assim, os mecanismos de busca n\u00e3o tratar\u00e3o as tradu\u00e7\u00f5es como duplicadas, mas como o mesmo conte\u00fado, apenas em idiomas diferentes. Isso \u00e9 bom para o posicionamento de SEO do seu site.  <\/p>\n\n<p>Observe que, quando ativada, essa informa\u00e7\u00e3o n\u00e3o fica vis\u00edvel no front-end do seu site, apenas no c\u00f3digo-fonte.<\/p>\n\n<p>Al\u00e9m de ativar e desativar esse recurso, voc\u00ea tamb\u00e9m pode usar a op\u00e7\u00e3o <strong>Posi\u00e7\u00e3o do link hreflang<\/strong> para definir onde essa informa\u00e7\u00e3o ser\u00e1 exibida:<\/p>\n\n<ul class=\"wp-block-list\">\n<li><strong>O mais cedo poss\u00edvel <\/strong>&#8211; padr\u00e3o, prioridade 1<\/li>\n\n\n\n<li><strong>Mais adiante na se\u00e7\u00e3o principal <\/strong>&#8211; prioridade 10<\/li>\n<\/ul>\n\n<p>Na maioria dos casos, \u00e9 melhor usar a configura\u00e7\u00e3o padr\u00e3o. \u00c0s vezes, temas e plugins diferentes podem causar conflitos quando essa op\u00e7\u00e3o \u00e9 usada. Esses conflitos podem levar a um conjunto errado ou completamente ausente desses links de idioma de SEO. Nesse caso, mudar para a op\u00e7\u00e3o <strong>Later in the head section <\/strong>deve resolver o problema.<\/p>\n\n<h2 class=\"wp-block-heading\" id=\"admin-language\">Idioma do administrador<\/h2>\n\n<p>Normalmente, o idioma padr\u00e3o tamb\u00e9m \u00e9 o idioma do administrador. No entanto, voc\u00ea tamb\u00e9m pode optar por exibir o painel de administra\u00e7\u00e3o do WordPress do seu site em um idioma diferente do idioma padr\u00e3o do conte\u00fado do site. Isso n\u00e3o fica no menu <strong>WPML<\/strong> \u2192 <strong>Idiomas<\/strong>.  Em vez disso, voc\u00ea pode encontr\u00e1-lo acessando <strong>Usu\u00e1rios<\/strong> \u2192 <strong>Perfil<\/strong>.<\/p>\n<div class=\"wp-block-image\">\n<figure class=\" tb-image tb-image-dynamic tb-image-frame-none aligncenter\" data-toolset-blocks-image=\"2b21aa1aea531acb18dcab746fd3feb6\"><a href=\"https:\/\/wpml.org\/wp-content\/uploads\/2021\/07\/admin-language.png\"><img decoding=\"async\" width=\"1405\" height=\"816\" loading=\"lazy\" src=\"https:\/\/wpml.org\/wp-content\/uploads\/2021\/07\/admin-language.png\" alt=\"\" class=\"wp-image-9150421\" srcset=\"https:\/\/wpml.org\/wp-content\/uploads\/2021\/07\/admin-language.png 1405w, https:\/\/wpml.org\/wp-content\/uploads\/2021\/07\/admin-language-300x174.png 300w, https:\/\/wpml.org\/wp-content\/uploads\/2021\/07\/admin-language-1024x595.png 1024w, https:\/\/wpml.org\/wp-content\/uploads\/2021\/07\/admin-language-150x87.png 150w, https:\/\/wpml.org\/wp-content\/uploads\/2021\/07\/admin-language-768x446.png 768w\" sizes=\"auto, (max-width: 1405px) 100vw, 1405px\" \/><\/a><figcaption><div class=\"tb-image-caption\">Sele\u00e7\u00e3o de um idioma de administra\u00e7\u00e3o diferente<\/div><\/figcaption><\/figure>\n<\/div>\n<p>Isso permite que sites com v\u00e1rios autores, cada um escrevendo em um idioma diferente, tenham um idioma de administra\u00e7\u00e3o diferente por usu\u00e1rio. Usu\u00e1rios individuais podem selecionar o idioma de administra\u00e7\u00e3o na pr\u00f3pria p\u00e1gina de perfil. <\/p>\n\n<p>Para saber como definir o idioma padr\u00e3o de administra\u00e7\u00e3o do site e um idioma de administra\u00e7\u00e3o diferente por usu\u00e1rio, leia sobre <a href=\"https:\/\/wpml.org\/pt-br\/documentacao\/por-onde-comecar\/configuracao-de-idiomas\/configuracao-do-idioma-de-administracao-wordpress\/\">definir o idioma de administra\u00e7\u00e3o do WordPress<\/a>.<\/p>\n\n<h2 class=\"wp-block-heading\" id=\"language-filtering-ajax-options\">Filtragem de idioma para opera\u00e7\u00f5es AJAX<\/h2>\n\n<p>O WPML permite ativar um cookie JavaScript para que temas e plugins possam realizar filtragem AJAX sem problemas, mesmo em sites com cache.<\/p>\n<div class=\"wp-block-image\">\n<figure class=\" tb-image tb-image-dynamic tb-image-frame-none aligncenter\" data-toolset-blocks-image=\"c9e6b23480a6321efa25795d84ceb27c\"><a href=\"https:\/\/wpml.org\/wp-content\/uploads\/2021\/07\/ajax-cookie.png\"><img decoding=\"async\" width=\"1226\" height=\"157\" loading=\"lazy\" src=\"https:\/\/wpml.org\/wp-content\/uploads\/2021\/07\/ajax-cookie.png\" alt=\"\" class=\"wp-image-9150489\" srcset=\"https:\/\/wpml.org\/wp-content\/uploads\/2021\/07\/ajax-cookie.png 1226w, https:\/\/wpml.org\/wp-content\/uploads\/2021\/07\/ajax-cookie-300x38.png 300w, https:\/\/wpml.org\/wp-content\/uploads\/2021\/07\/ajax-cookie-1024x131.png 1024w, https:\/\/wpml.org\/wp-content\/uploads\/2021\/07\/ajax-cookie-150x19.png 150w, https:\/\/wpml.org\/wp-content\/uploads\/2021\/07\/ajax-cookie-768x98.png 768w\" sizes=\"auto, (max-width: 1226px) 100vw, 1226px\" \/><\/a><figcaption><div class=\"tb-image-caption\">Armazenar um cookie de idioma para oferecer suporte \u00e0 filtragem de idioma para AJAX<\/div><\/figcaption><\/figure>\n<\/div>\n<p>Saiba mais sobre isso na p\u00e1gina sobre <a href=\"https:\/\/wpml.org\/pt-br\/documentacao\/por-onde-comecar\/configuracao-de-idiomas\/ativacao-de-um-cookie-de-idioma-para-oferecer-suporte-a-filtragem-ajax\/\">ativar o cookie de idioma para oferecer suporte \u00e0 filtragem AJAX<\/a>.<\/p>\n","protected":false},"excerpt":{"rendered":"<p>O WPML permite traduzir seu site para 65 idiomas pr\u00e9-configurados, adicionar seus pr\u00f3prios idiomas personalizados e personalizar diversas op\u00e7\u00f5es de configura\u00e7\u00e3o do seletor de idiomas, do formato de URL e muito mais. Todas essas op\u00e7\u00f5es est\u00e3o dispon\u00edveis no menu WPML \u2192 Idiomas. Idiomas do site Ao configurar o WPML pela primeira vez (a primeira etapa [&hellip;]<\/p>\n","protected":false},"author":1,"featured_media":0,"parent":98409,"menu_order":36,"comment_status":"closed","ping_status":"closed","template":"template-sidebar-3.php","meta":{"_bbp_topic_count":0,"_bbp_reply_count":0,"_bbp_total_topic_count":0,"_bbp_total_reply_count":0,"_bbp_voice_count":0,"_bbp_anonymous_reply_count":0,"_bbp_topic_count_hidden":0,"_bbp_reply_count_hidden":0,"_bbp_forum_subforum_count":0,"ep_exclude_from_search":false,"footnotes":""},"related-projects-category":[],"class_list":["post-100360","page","type-page","status-publish","hentry"],"_links":{"self":[{"href":"https:\/\/wpml.org\/pt-br\/wp-json\/wp\/v2\/pages\/100360","targetHints":{"allow":["GET"]}}],"collection":[{"href":"https:\/\/wpml.org\/pt-br\/wp-json\/wp\/v2\/pages"}],"about":[{"href":"https:\/\/wpml.org\/pt-br\/wp-json\/wp\/v2\/types\/page"}],"author":[{"embeddable":true,"href":"https:\/\/wpml.org\/pt-br\/wp-json\/wp\/v2\/users\/1"}],"replies":[{"embeddable":true,"href":"https:\/\/wpml.org\/pt-br\/wp-json\/wp\/v2\/comments?post=100360"}],"version-history":[{"count":8,"href":"https:\/\/wpml.org\/pt-br\/wp-json\/wp\/v2\/pages\/100360\/revisions"}],"predecessor-version":[{"id":17854819,"href":"https:\/\/wpml.org\/pt-br\/wp-json\/wp\/v2\/pages\/100360\/revisions\/17854819"}],"up":[{"embeddable":true,"href":"https:\/\/wpml.org\/pt-br\/wp-json\/wp\/v2\/pages\/98409"}],"wp:attachment":[{"href":"https:\/\/wpml.org\/pt-br\/wp-json\/wp\/v2\/media?parent=100360"}],"wp:term":[{"taxonomy":"related-projects-category","embeddable":true,"href":"https:\/\/wpml.org\/pt-br\/wp-json\/wp\/v2\/related-projects-category?post=100360"}],"curies":[{"name":"wp","href":"https:\/\/api.w.org\/{rel}","templated":true}]}}