{"id":1074814,"date":"2016-09-12T11:52:29","date_gmt":"2016-09-12T11:52:29","guid":{"rendered":"https:\/\/wpml.org\/pt-br\/purchase\/processo-de-compra\/"},"modified":"2025-02-11T08:33:50","modified_gmt":"2025-02-11T08:33:50","slug":"processo-de-compra","status":"publish","type":"page","link":"https:\/\/wpml.org\/pt-br\/purchase\/processo-de-compra\/","title":{"rendered":"Processo de Aquisi\u00e7\u00e3o"},"content":{"rendered":"<p class=\"lead\">Tipicamente, leva alguns minutos para solicitar o WPML e t\u00ea-lo operacional em seu site. Pagamentos com cart\u00e3o de cr\u00e9dito s\u00e3o processados automaticamente e o senhor receber\u00e1 sua nova conta, pronta para download e utiliza\u00e7\u00e3o. <\/p>\n<p>O senhor pode efetuar o pagamento do WPML utilizando cart\u00e3o de cr\u00e9dito, PayPal, cart\u00f5es de d\u00e9bito ou transfer\u00eancias banc\u00e1rias (via cheques eletr\u00f4nicos PayPal). Pagamentos com cart\u00e3o de cr\u00e9dito e d\u00e9bito s\u00e3o processados em menos de um minuto. Transfer\u00eancias banc\u00e1rias s\u00e3o processadas em v\u00e1rios dias (dependendo de sua localiza\u00e7\u00e3o). Quando o pagamento for conclu\u00eddo, o senhor receber\u00e1 um e-mail com as informa\u00e7\u00f5es de sua conta. Em seguida, poder\u00e1 baixar o WPML e instal\u00e1-lo em seu site.    <\/p>\n<h2>Etapa 1) Selecione a vers\u00e3o do WPML que deseja adquirir<\/h2>\n<p>O senhor pode optar entre as vers\u00f5es <a href=\"https:\/\/wpml.org\/purchase\/?add-to-cart=2436660\">Multilingual CMS<\/a>, <a href=\"https:\/\/wpml.org\/purchase\/?add-to-cart=2436659\">Multilingual Blog<\/a> e <a href=\"https:\/\/wpml.org\/purchase\/?add-to-cart=2436661\">Multilingual Agency<\/a>. O Multilingual CMS \u00e9 nossa vers\u00e3o mais completa, que permite a tradu\u00e7\u00e3o dos sites mais complexos com WordPress. Ela inclui tudo para p\u00e1ginas, tipos personalizados e postagens (para um blog). A vers\u00e3o Multilingual Blog \u00e9 destinada a sites mais simples que s\u00e3o principalmente um blog WordPress. O <a href=\"https:\/\/wpml.org\/purchase\/?add-to-cart=2436661\">Multilingual Agency<\/a> tamb\u00e9m inclui todos os componentes do WPML, mas permite que o senhor instale o WPML em um n\u00famero ilimitado de sites.    <\/p>\n<p>Para uma compara\u00e7\u00e3o lado a lado, consulte o <a href=\"https:\/\/wpml.org\/purchase\/\">pre\u00e7o do WPML<\/a>.<\/p>\n<p>O senhor sempre pode atualizar os tipos de conta e pagar apenas a diferen\u00e7a.<\/p>\n<h2>Etapa 2) Insira seu nome e e-mail e escolha um processador de pagamento<\/h2>\n<p>Tudo o que necessitamos \u00e9 seu nome completo e e-mail. Requeremos essas informa\u00e7\u00f5es para que possamos criar sua conta e entregar seu pedido. O senhor inserir\u00e1 as informa\u00e7\u00f5es de seu cart\u00e3o de cr\u00e9dito diretamente no PayPal ou em um processador de pagamento alternativo. Ambos os processadores de pagamento suportam cart\u00f5es de cr\u00e9dito e d\u00e9bito. Para transfer\u00eancias banc\u00e1rias, o senhor precisar\u00e1 ter uma conta PayPal e adicionar uma conta banc\u00e1ria.    <\/p>\n<h2>Etapa 3) Efetue o pagamento online<\/h2>\n<p>O senhor ser\u00e1 direcionado para o processador de pagamento que escolheu. Tanto o PayPal quanto o processador de pagamento alternativo oferecem seguran\u00e7a e prote\u00e7\u00e3o contra fraudes de classe mundial. Para mais informa\u00e7\u00f5es sobre isso, por favor, leia sobre nossa <a href=\"https:\/\/wpml.org\/documentation\/privacy-policy-and-gdpr-compliance\/\">pol\u00edtica de privacidade e seguran\u00e7a<\/a>. Em resumo, protegemos suas informa\u00e7\u00f5es e garantimos que elas nunca sejam comprometidas. N\u00e3o recebemos nem armazenamos nenhuma informa\u00e7\u00e3o financeira.    <\/p>\n<h2>Etapa 4) Receba sua conta WPML e fa\u00e7a o download<\/h2>\n<p>Assim que seu pagamento for conclu\u00eddo, criaremos automaticamente sua conta WPML. Pagamentos com cart\u00e3o de cr\u00e9dito e d\u00e9bito s\u00e3o conclu\u00eddos quase instantaneamente. Transfer\u00eancias banc\u00e1rias exigir\u00e3o alguns dias para processamento.  <\/p>\n<p>Em seguida, acesse sua conta, clique em <strong>Downloads<\/strong> e obtenha o WPML. Agora, o senhor concluiu o processo. Recomendamos que siga o <a href=\"https:\/\/wpml.org\/documentation\/getting-started-guide\/\">guia de in\u00edcio<\/a> para configurar e utilizar corretamente o WPML.  <\/p>\n<p>Necessita de aux\u00edlio? <a href=\"https:\/\/wpml.org\/home\/contact-us\/\">Entre em contato conosco<\/a>!<\/p>\n","protected":false},"excerpt":{"rendered":"<p>Tipicamente, leva alguns minutos para solicitar o WPML e t\u00ea-lo operacional em seu site. Pagamentos com cart\u00e3o de cr\u00e9dito s\u00e3o processados automaticamente e o senhor receber\u00e1 sua nova conta, pronta para download e utiliza\u00e7\u00e3o. O senhor pode efetuar o pagamento do WPML utilizando cart\u00e3o de cr\u00e9dito, PayPal, cart\u00f5es de d\u00e9bito ou transfer\u00eancias banc\u00e1rias (via cheques [&hellip;]<\/p>\n","protected":false},"author":2,"featured_media":0,"parent":95897,"menu_order":53,"comment_status":"closed","ping_status":"closed","template":"template-nosidebar-centered.php","meta":{"_bbp_topic_count":0,"_bbp_reply_count":0,"_bbp_total_topic_count":0,"_bbp_total_reply_count":0,"_bbp_voice_count":0,"_bbp_anonymous_reply_count":0,"_bbp_topic_count_hidden":0,"_bbp_reply_count_hidden":0,"_bbp_forum_subforum_count":0,"_uag_custom_page_level_css":"","ep_exclude_from_search":false,"footnotes":""},"related-projects-category":[],"class_list":["post-1074814","page","type-page","status-publish","hentry"],"spectra_custom_meta":{"ratings_users":["0"],"ratings_score":["0"],"ratings_average":["0"],"_alp_processed":["1739262831"],"_views_template":["0"],"_wp_page_template":["template-nosidebar-centered.php"],"_subscription_coupon_product_id":["0"],"inline_featured_image":["0"],"_wpml_media_featured":["1"],"_wpml_media_duplicate":["1"],"_last_translation_edit_mode":["translation-editor"],"_oembed_809539948dec7d9364864e7814a4a558":["<iframe title=\"How we translate wpml.org\" width=\"700\" height=\"394\" src=\"https:\/\/www.youtube.com\/embed\/FxScQ-bkOXo?feature=oembed&enablejsapi=1&origin=https:\/\/wpml.org\" frameborder=\"0\" allow=\"accelerometer; autoplay; clipboard-write; encrypted-media; gyroscope; picture-in-picture\" allowfullscreen><\/iframe>"],"_oembed_time_809539948dec7d9364864e7814a4a558":["1660601621"],"_oembed_8b192c37df925cacb831b3922e69595d":["<iframe title=\"Using WPML To Translate Pages Built With Fusion Builder (Avada Theme)\" width=\"700\" height=\"394\" src=\"https:\/\/www.youtube.com\/embed\/_bNqjjBPdGA?feature=oembed&enablejsapi=1&origin=https:\/\/wpml.org\" frameborder=\"0\" allow=\"accelerometer; autoplay; clipboard-write; encrypted-media; gyroscope; picture-in-picture\" allowfullscreen><\/iframe>"],"_oembed_time_8b192c37df925cacb831b3922e69595d":["1660601621"],"_oembed_bbf56b1d4c25ce11481afba39f176f85":["<iframe title=\"Using WPML to translate content created with page builders\" width=\"700\" height=\"394\" src=\"https:\/\/www.youtube.com\/embed\/MSqNzrdPMkE?feature=oembed&enablejsapi=1&origin=https:\/\/wpml.org\" frameborder=\"0\" allow=\"accelerometer; autoplay; clipboard-write; encrypted-media; gyroscope; picture-in-picture\" allowfullscreen><\/iframe>"],"_oembed_time_bbf56b1d4c25ce11481afba39f176f85":["1660601621"],"_top_nav_excluded":[""],"_cms_nav_minihome":[""],"_yoast_wpseo_title":["Processo de Aquisi\u00e7\u00e3o - WPML"],"_yoast_wpseo_metadesc":["Geralmente, leva alguns minutos para solicitar o WPML e t\u00ea-lo funcionando em seu site. O senhor pode efetuar o pagamento do WPML utilizando cart\u00e3o de cr\u00e9dito, cart\u00f5es de d\u00e9bito ou transfer\u00eancias banc\u00e1rias."],"_wpml_word_count":["517"],"_uag_css_file_name":["uag-css-1074814.css"],"_uag_page_assets":["a:9:{s:3:\"css\";s:260:\".uag-blocks-common-selector{z-index:var(--z-index-desktop) !important}@media(max-width: 976px){.uag-blocks-common-selector{z-index:var(--z-index-tablet) !important}}@media(max-width: 767px){.uag-blocks-common-selector{z-index:var(--z-index-mobile) !important}}\";s:2:\"js\";s:0:\"\";s:18:\"current_block_list\";a:1:{i:0;s:14:\"core\/shortcode\";}s:8:\"uag_flag\";b:0;s:11:\"uag_version\";s:10:\"1778833321\";s:6:\"gfonts\";a:0:{}s:10:\"gfonts_url\";s:0:\"\";s:12:\"gfonts_files\";a:0:{}s:14:\"uag_faq_layout\";b:0;}"]},"uagb_featured_image_src":{"full":false,"thumbnail":false,"medium":false,"medium_large":false,"large":false,"1536x1536":false,"2048x2048":false,"gform-image-choice-sm":false,"gform-image-choice-md":false,"gform-image-choice-lg":false,"woocommerce_thumbnail":false,"woocommerce_single":false,"woocommerce_gallery_thumbnail":false},"uagb_author_info":{"display_name":"Amir","author_link":"https:\/\/wpml.org\/pt-br\/author\/amir\/"},"uagb_comment_info":0,"uagb_excerpt":"Tipicamente, leva alguns minutos para solicitar o WPML e t\u00ea-lo operacional em seu site. Pagamentos com cart\u00e3o de cr\u00e9dito s\u00e3o processados automaticamente e o senhor receber\u00e1 sua nova conta, pronta para download e utiliza\u00e7\u00e3o. O senhor pode efetuar o pagamento do WPML utilizando cart\u00e3o de cr\u00e9dito, PayPal, cart\u00f5es de d\u00e9bito ou transfer\u00eancias banc\u00e1rias (via cheques&hellip;","_links":{"self":[{"href":"https:\/\/wpml.org\/pt-br\/wp-json\/wp\/v2\/pages\/1074814","targetHints":{"allow":["GET"]}}],"collection":[{"href":"https:\/\/wpml.org\/pt-br\/wp-json\/wp\/v2\/pages"}],"about":[{"href":"https:\/\/wpml.org\/pt-br\/wp-json\/wp\/v2\/types\/page"}],"author":[{"embeddable":true,"href":"https:\/\/wpml.org\/pt-br\/wp-json\/wp\/v2\/users\/2"}],"replies":[{"embeddable":true,"href":"https:\/\/wpml.org\/pt-br\/wp-json\/wp\/v2\/comments?post=1074814"}],"version-history":[{"count":8,"href":"https:\/\/wpml.org\/pt-br\/wp-json\/wp\/v2\/pages\/1074814\/revisions"}],"predecessor-version":[{"id":16690285,"href":"https:\/\/wpml.org\/pt-br\/wp-json\/wp\/v2\/pages\/1074814\/revisions\/16690285"}],"up":[{"embeddable":true,"href":"https:\/\/wpml.org\/pt-br\/wp-json\/wp\/v2\/pages\/95897"}],"wp:attachment":[{"href":"https:\/\/wpml.org\/pt-br\/wp-json\/wp\/v2\/media?parent=1074814"}],"wp:term":[{"taxonomy":"related-projects-category","embeddable":true,"href":"https:\/\/wpml.org\/pt-br\/wp-json\/wp\/v2\/related-projects-category?post=1074814"}],"curies":[{"name":"wp","href":"https:\/\/api.w.org\/{rel}","templated":true}]}}