{"id":110624,"date":"2009-05-08T00:41:34","date_gmt":"2009-05-08T00:41:34","guid":{"rendered":"http:\/\/wpml.org\/documentacao\/informacoes-para-desenvolvedores\/"},"modified":"2026-02-26T07:21:36","modified_gmt":"2026-02-26T07:21:36","slug":"informacoes-para-desenvolvedores","status":"publish","type":"page","link":"https:\/\/wpml.org\/pt-br\/documentacao\/informacoes-para-desenvolvedores\/","title":{"rendered":"Informa\u00e7\u00f5es para desenvolvedores"},"content":{"rendered":"\n<p class=\"lead\">O WPML permite que voc\u00ea execute um site WordPress em v\u00e1rios idiomas.<\/p>\n\n<p>A configura\u00e7\u00e3o b\u00e1sica do WPML leva alguns minutos e ajuda voc\u00ea a preparar seu site para se tornar multil\u00edngue. Em seguida, voc\u00ea pode personalizar o comportamento e a apar\u00eancia do seu site para corresponder \u00e0s suas especifica\u00e7\u00f5es exatas. <\/p>\n\n<h2 class=\"wp-block-heading\">1) Transforme seu site monol\u00edngue em um site multil\u00edngue<\/h2>\n\n<div class=\"wp-block-toolset-blocks-container tb-container\" data-toolset-blocks-container=\"fba9754e5043c28e03bff60537062a61\">\n<p>Esta tarefa ser\u00e1 mais f\u00e1cil de realizar com a ajuda destes guias:<\/p>\n\n\n\n<ul class=\"wp-block-list\">\n<li><a href=\"https:\/\/ptc.wpml.org\/documentation\/translate-wordpress-themes-and-plugins-with-ai\/\" target=\"_blank\" rel=\"noreferrer noopener\">Prepara\u00e7\u00e3o e Tradu\u00e7\u00e3o de Arquivos PO\/POT para Temas e Plugins do WordPress <\/a><\/li>\n\n\n\n<li><a href=\"https:\/\/wpml.org\/documentation\/support\/achieving-wpml-compatibility-for-your-themes-and-plugins\/\">Alcan\u00e7ando Compatibilidade com WPML para Seus Temas e Plugins<\/a><\/li>\n\n\n\n<li><a href=\"https:\/\/wpml.org\/documentation\/support\/making-woocommerce-themes-multilingual-and-multi-currency-ready\/\">Tornando Temas WooCommerce Multil\u00edngues e Prontos para M\u00faltiplas Moedas<\/a><\/li>\n<\/ul>\n<\/div>\n\n<h2 class=\"wp-block-heading\">2) Temas e plugins prontos para multil\u00edngue<\/h2>\n\n<div class=\"wp-block-toolset-blocks-container tb-container\" data-toolset-blocks-container=\"fba9754e5043c28e03bff60537062a61\">\n<p>A equipe de compatibilidade do WPML testa milhares de temas e plugins. Voc\u00ea pode encontrar o que foi testado e funciona bem com o WPML nestas listas. <\/p>\n\n\n\n<ul class=\"wp-block-list\">\n<li><a href=\"https:\/\/wpml.org\/pt-br\/documentacao\/compatibilidade-de-temas\/\">Compatibilidade com temas<\/a><\/li>\n\n\n\n<li><a href=\"https:\/\/wpml.org\/plugin\/\">Compatibilidade de plugins<\/a><\/li>\n<\/ul>\n\n\n\n<p>Autores de temas e plugins s\u00e3o bem-vindos para participar do programa <a href=\"https:\/\/wpml.org\/pt-br\/documentacao\/informacoes-para-desenvolvedores\/torne-se-global-programa-de-compatibilidade-wpml\/\">Go Global<\/a> do WPML, onde voc\u00ea pode obter ajuda para que nossos produtos funcionem bem juntos.<\/p>\n<\/div>\n\n<h2 class=\"wp-block-heading\">3) Crie sites multil\u00edngues com tipos de post, campos e taxonomias personalizados<\/h2>\n\n<div class=\"wp-block-toolset-blocks-container tb-container\" data-toolset-blocks-container=\"fba9754e5043c28e03bff60537062a61\">\n<p>Aprenda como tipos de post, campos e taxonomias personalizados tornam os sites multil\u00edngues f\u00e1ceis para seus clientes traduzirem e para voc\u00ea manter.<\/p>\n\n\n\n<ul class=\"wp-block-list\">\n<li><a href=\"https:\/\/wpml.org\/documentation\/developing-custom-multilingual-sites\/\">Desenvolvimento de sites multil\u00edngues personalizados<\/a><\/li>\n<\/ul>\n<\/div>\n\n<h2 class=\"wp-block-heading\">4) Desenvolva sites multil\u00edngues com WPML e construtores de p\u00e1ginas<\/h2>\n\n<div class=\"wp-block-toolset-blocks-container tb-container\" data-toolset-blocks-container=\"fba9754e5043c28e03bff60537062a61\">\n<p>Aprenda como desenvolver sites com WPML e construtores de p\u00e1ginas que usam shortcodes e como registrar widgets de construtor de p\u00e1ginas para tradu\u00e7\u00e3o.<\/p>\n\n\n\n<ul class=\"wp-block-list\">\n<li><a href=\"https:\/\/wpml.org\/documentation\/support\/language-configuration-files\/how-to-register-page-builder-widgets-for-translation\/\">Registrando Widgets de Page Builder para Tradu\u00e7\u00e3o<\/a><\/li>\n\n\n\n<li><a href=\"https:\/\/wpml.org\/documentation\/support\/maintaining-wpbakery-page-builder-compatibility-with-wpml\/\">Mantendo a Compatibilidade do WPBakery Page Builder com WPML<\/a><\/li>\n\n\n\n<li><a href=\"https:\/\/wpml.org\/documentation\/support\/maintaining-the-cornerstone-page-builder-x-theme-compatibility-with-wpml\/\">Mantendo a Compatibilidade do CornerStone com WPML<\/a><\/li>\n\n\n\n<li><a href=\"https:\/\/wpml.org\/documentation\/support\/maintaining-avia-layout-builder-enfold-compatibility-wpml\/\">Mantendo a Compatibilidade do Enfold com WPML<\/a><\/li>\n\n\n\n<li><a href=\"https:\/\/wpml.org\/documentation\/support\/maintaining-divi-builder-compatibility-wpml\/\">Mantendo a Compatibilidade do Divi Builder com WPML<\/a><\/li>\n\n\n\n<li><a href=\"https:\/\/wpml.org\/documentation\/support\/maintaining-the-fusion-builder-avada-compatibility-with-wpml\/\">Mantendo a compatibilidade do Avada Builder com o WPML<\/a><\/li>\n<\/ul>\n<\/div>\n\n<h2 class=\"wp-block-heading\">5) Outros recursos para programadores<a href=\"https:\/\/wpml.org\/pt-br\/documentacao\/informacoes-para-desenvolvedores\/#5-other-programmer-resources\"><\/a><\/h2>\n\n<div class=\"wp-block-toolset-blocks-container tb-container\" data-toolset-blocks-container=\"fba9754e5043c28e03bff60537062a61\">\n<ul class=\"wp-block-list\">\n<li><a href=\"https:\/\/wpml.org\/documentation\/support\/translating-the-theme-you-created\/\">Traduzindo temas WordPress <\/a><a href=\"https:\/\/ptc.wpml.org\/documentation\/translate-wordpress-themes-and-plugins-with-ai\/\" target=\"_blank\" rel=\"noreferrer noopener\">com<\/a><a href=\"https:\/\/wpml.org\/documentation\/support\/translating-the-theme-you-created\/\"> arquivos .mo<\/a><\/li>\n\n\n\n<li><a href=\"https:\/\/wpml.org\/documentation\/support\/embedded-installer-authors\/\">Adicionar WPML-installer ao Seu Tema ou Plugin<\/a><\/li>\n\n\n\n<li><a href=\"https:\/\/wpml.org\/documentation\/support\/wpml-admin-capabilities\/\">Adicionar recursos personalizados de usu\u00e1rio administrador<\/a><\/li>\n\n\n\n<li><a href=\"https:\/\/wpml.org\/documentation\/support\/wpml-coding-api\/\">API de Codifica\u00e7\u00e3o do WPML<\/a><\/li>\n\n\n\n<li><a href=\"https:\/\/wpml.org\/documentation\/support\/wpml-tables\/\">Tabelas de Banco de Dados do WPML<\/a><\/li>\n\n\n\n<li><a href=\"https:\/\/wpml.org\/documentation\/support\/sending-emails-with-wpml\/\">Enviando E-mails com WPML<\/a><\/li>\n\n\n\n<li><a href=\"https:\/\/wpml.org\/documentation\/support\/browser-cookies-stored-wpml\/\">Cookies do Navegador Armazenados pelo WPML<\/a><\/li>\n\n\n\n<li><a href=\"https:\/\/wpml.org\/documentation\/support\/cron-jobs-run-by-wpml-and-woocommerce-multilingual\/\">Tarefas Cron Executadas pelo WPML e WPML Multilingual &amp; Multicurrency for WooCommerce<\/a><\/li>\n\n\n\n<li><a href=\"https:\/\/wpml.org\/documentation\/support\/wpml-troubleshooting-options\/\">Op\u00e7\u00f5es de Solu\u00e7\u00e3o de Problemas do WPML<\/a><\/li>\n\n\n\n<li><a href=\"https:\/\/wpml.org\/documentation\/support\/using-wpml-with-redis-caching\/\">Usando WPML com Cache Redis<\/a><\/li>\n\n\n\n<li><a href=\"https:\/\/wpml.org\/documentation\/support\/string-package-translation\/\">Como Criar Pacotes de Strings<\/a><\/li>\n<\/ul>\n<\/div>\n\n<p><\/p>\n","protected":false},"excerpt":{"rendered":"<p>O WPML permite que voc\u00ea execute um site WordPress em v\u00e1rios idiomas. A configura\u00e7\u00e3o b\u00e1sica do WPML leva alguns minutos e ajuda voc\u00ea a preparar seu site para se tornar multil\u00edngue. Em seguida, voc\u00ea pode personalizar o comportamento e a apar\u00eancia do seu site para corresponder \u00e0s suas especifica\u00e7\u00f5es exatas. 1) Transforme seu site monol\u00edngue [&hellip;]<\/p>\n","protected":false},"author":10760,"featured_media":0,"parent":96558,"menu_order":79,"comment_status":"closed","ping_status":"closed","template":"template-nosidebar-centered.php","meta":{"_bbp_topic_count":0,"_bbp_reply_count":0,"_bbp_total_topic_count":0,"_bbp_total_reply_count":0,"_bbp_voice_count":0,"_bbp_anonymous_reply_count":0,"_bbp_topic_count_hidden":0,"_bbp_reply_count_hidden":0,"_bbp_forum_subforum_count":0,"ep_exclude_from_search":false,"footnotes":""},"related-projects-category":[],"class_list":["post-110624","page","type-page","status-publish","hentry"],"_links":{"self":[{"href":"https:\/\/wpml.org\/pt-br\/wp-json\/wp\/v2\/pages\/110624","targetHints":{"allow":["GET"]}}],"collection":[{"href":"https:\/\/wpml.org\/pt-br\/wp-json\/wp\/v2\/pages"}],"about":[{"href":"https:\/\/wpml.org\/pt-br\/wp-json\/wp\/v2\/types\/page"}],"author":[{"embeddable":true,"href":"https:\/\/wpml.org\/pt-br\/wp-json\/wp\/v2\/users\/10760"}],"replies":[{"embeddable":true,"href":"https:\/\/wpml.org\/pt-br\/wp-json\/wp\/v2\/comments?post=110624"}],"version-history":[{"count":8,"href":"https:\/\/wpml.org\/pt-br\/wp-json\/wp\/v2\/pages\/110624\/revisions"}],"predecessor-version":[{"id":17854069,"href":"https:\/\/wpml.org\/pt-br\/wp-json\/wp\/v2\/pages\/110624\/revisions\/17854069"}],"up":[{"embeddable":true,"href":"https:\/\/wpml.org\/pt-br\/wp-json\/wp\/v2\/pages\/96558"}],"wp:attachment":[{"href":"https:\/\/wpml.org\/pt-br\/wp-json\/wp\/v2\/media?parent=110624"}],"wp:term":[{"taxonomy":"related-projects-category","embeddable":true,"href":"https:\/\/wpml.org\/pt-br\/wp-json\/wp\/v2\/related-projects-category?post=110624"}],"curies":[{"name":"wp","href":"https:\/\/api.w.org\/{rel}","templated":true}]}}