{"id":1117600,"date":"2016-10-18T10:15:31","date_gmt":"2016-10-18T10:15:31","guid":{"rendered":"https:\/\/wpml.org\/pt-br\/account\/pagina-de-indice-de-configuracoes\/"},"modified":"2016-10-18T10:15:31","modified_gmt":"2016-10-18T10:15:31","slug":"pagina-de-indice-de-configuracoes","status":"publish","type":"page","link":"https:\/\/wpml.org\/pt-br\/account\/pagina-de-indice-de-configuracoes\/","title":{"rendered":"P\u00e1gina de \u00edndice de configura\u00e7\u00f5es"},"content":{"rendered":"<p>[config_index_page]<\/p>\n","protected":false},"excerpt":{"rendered":"<p>[config_index_page]<\/p>\n","protected":false},"author":22418,"featured_media":0,"parent":217056,"menu_order":0,"comment_status":"closed","ping_status":"closed","template":"","meta":{"_bbp_topic_count":0,"_bbp_reply_count":0,"_bbp_total_topic_count":0,"_bbp_total_reply_count":0,"_bbp_voice_count":0,"_bbp_anonymous_reply_count":0,"_bbp_topic_count_hidden":0,"_bbp_reply_count_hidden":0,"_bbp_forum_subforum_count":0,"_uag_custom_page_level_css":"","ep_exclude_from_search":false,"footnotes":""},"related-projects-category":[],"class_list":["post-1117600","page","type-page","status-publish","hentry"],"spectra_custom_meta":{"ratings_users":["0"],"ratings_score":["0"],"ratings_average":["0"],"_alp_processed":["1517823445"],"_top_nav_excluded":[""],"_cms_nav_minihome":[""],"_wpml_media_featured":["1"],"_wpml_media_duplicate":["0"]},"uagb_featured_image_src":{"full":false,"thumbnail":false,"medium":false,"medium_large":false,"large":false,"1536x1536":false,"2048x2048":false,"gform-image-choice-sm":false,"gform-image-choice-md":false,"gform-image-choice-lg":false,"woocommerce_thumbnail":false,"woocommerce_single":false,"woocommerce_gallery_thumbnail":false},"uagb_author_info":{"display_name":"David Garc\u00eda","author_link":"https:\/\/wpml.org\/pt-br\/author\/davidgw\/"},"uagb_comment_info":0,"uagb_excerpt":"[config_index_page]","_links":{"self":[{"href":"https:\/\/wpml.org\/pt-br\/wp-json\/wp\/v2\/pages\/1117600","targetHints":{"allow":["GET"]}}],"collection":[{"href":"https:\/\/wpml.org\/pt-br\/wp-json\/wp\/v2\/pages"}],"about":[{"href":"https:\/\/wpml.org\/pt-br\/wp-json\/wp\/v2\/types\/page"}],"author":[{"embeddable":true,"href":"https:\/\/wpml.org\/pt-br\/wp-json\/wp\/v2\/users\/22418"}],"replies":[{"embeddable":true,"href":"https:\/\/wpml.org\/pt-br\/wp-json\/wp\/v2\/comments?post=1117600"}],"version-history":[{"count":0,"href":"https:\/\/wpml.org\/pt-br\/wp-json\/wp\/v2\/pages\/1117600\/revisions"}],"up":[{"embeddable":true,"href":"https:\/\/wpml.org\/pt-br\/wp-json\/wp\/v2\/pages\/217056"}],"wp:attachment":[{"href":"https:\/\/wpml.org\/pt-br\/wp-json\/wp\/v2\/media?parent=1117600"}],"wp:term":[{"taxonomy":"related-projects-category","embeddable":true,"href":"https:\/\/wpml.org\/pt-br\/wp-json\/wp\/v2\/related-projects-category?post=1117600"}],"curies":[{"name":"wp","href":"https:\/\/api.w.org\/{rel}","templated":true}]}}