{"id":1161295,"date":"2013-05-25T05:23:18","date_gmt":"2013-05-25T05:23:18","guid":{"rendered":"https:\/\/wpml.org\/documentacao\/por-onde-comecar\/configuracao-de-idiomas\/opcoes-de-seletor-de-idioma\/"},"modified":"2026-02-26T08:00:36","modified_gmt":"2026-02-26T08:00:36","slug":"opcoes-de-seletor-de-idioma","status":"publish","type":"page","link":"https:\/\/wpml.org\/pt-br\/documentacao\/por-onde-comecar\/configuracao-de-idiomas\/opcoes-de-seletor-de-idioma\/","title":{"rendered":"Como Adicionar um Seletor de Idiomas ao Seu Site WordPress"},"content":{"rendered":"\n<div class=\"wp-block-toolset-blocks-container tb-container\" data-toolset-blocks-container=\"f1f6cf433548e794e350cca473324a7f\"><div class=\"tb-container-inner\">\n<p class=\"lead\">O WPML permite adicionar um seletor de idiomas ao menu do seu site, como um Widget ou no rodap\u00e9. Voc\u00ea tamb\u00e9m pode incluir bandeiras, exibir os idiomas em seus nomes nativos e adicionar estilos personalizados. <\/p>\n\n\n\n<p>Um seletor de idiomas permite que os visitantes escolham o idioma no qual desejam ler o seu conte\u00fado. Dependendo da sua prefer\u00eancia, voc\u00ea pode exibi-lo em diferentes locais em seu site. <\/p>\n\n\n\n<p>Por exemplo, voc\u00ea pode colocar seu seletor de idiomas como um menu na se\u00e7\u00e3o do cabe\u00e7alho.<\/p>\n\n\n\n<figure class=\"wp-block-image tb-image tb-image-dynamic tb-image-frame-none\" data-toolset-blocks-image=\"4fb3499999aa10ccdc6991dec5a9f98f\"><a href=\"https:\/\/wpml.org\/wp-content\/uploads\/2024\/11\/Language-switcher-in-header-1.png\"><img decoding=\"async\" width=\"1024\" height=\"588\" loading=\"lazy\" src=\"https:\/\/wpml.org\/wp-content\/uploads\/2024\/11\/Language-switcher-in-header-1-1024x588.png\" alt=\"Language switcher in header\" class=\"wp-image-16446317\" srcset=\"https:\/\/wpml.org\/wp-content\/uploads\/2024\/11\/Language-switcher-in-header-1-1024x588.png 1024w, https:\/\/wpml.org\/wp-content\/uploads\/2024\/11\/Language-switcher-in-header-1-300x172.png 300w, https:\/\/wpml.org\/wp-content\/uploads\/2024\/11\/Language-switcher-in-header-1-150x86.png 150w, https:\/\/wpml.org\/wp-content\/uploads\/2024\/11\/Language-switcher-in-header-1-768x441.png 768w, https:\/\/wpml.org\/wp-content\/uploads\/2024\/11\/Language-switcher-in-header-1-1536x882.png 1536w, https:\/\/wpml.org\/wp-content\/uploads\/2024\/11\/Language-switcher-in-header-1.png 1600w\" sizes=\"auto, (max-width: 1024px) 100vw, 1024px\" \/><\/a><figcaption><div class=\"tb-image-caption\">Seletor de idiomas na se\u00e7\u00e3o do cabe\u00e7alho<\/div><\/figcaption><\/figure>\n\n\n\n<p>Ou, se voc\u00ea n\u00e3o deseja editar o design do seu cabe\u00e7alho, pode posicionar o seletor de idiomas na parte inferior da se\u00e7\u00e3o do rodap\u00e9. <\/p>\n\n\n\n<figure class=\"wp-block-image tb-image tb-image-dynamic tb-image-frame-none\" data-toolset-blocks-image=\"b108afeeaf99f2655f1b998e1426f8fc\"><a href=\"https:\/\/wpml.org\/wp-content\/uploads\/2024\/03\/language-switcher-in-footer.png\"><img decoding=\"async\" width=\"1024\" height=\"563\" loading=\"lazy\" src=\"https:\/\/wpml.org\/wp-content\/uploads\/2024\/03\/language-switcher-in-footer-1024x563.png\" alt=\"Language switcher in the footer section\" class=\"wp-image-15415067\" srcset=\"https:\/\/wpml.org\/wp-content\/uploads\/2024\/03\/language-switcher-in-footer-1024x563.png 1024w, https:\/\/wpml.org\/wp-content\/uploads\/2024\/03\/language-switcher-in-footer-300x165.png 300w, https:\/\/wpml.org\/wp-content\/uploads\/2024\/03\/language-switcher-in-footer-150x83.png 150w, https:\/\/wpml.org\/wp-content\/uploads\/2024\/03\/language-switcher-in-footer-768x422.png 768w, https:\/\/wpml.org\/wp-content\/uploads\/2024\/03\/language-switcher-in-footer-1536x845.png 1536w, https:\/\/wpml.org\/wp-content\/uploads\/2024\/03\/language-switcher-in-footer.png 1600w\" sizes=\"auto, (max-width: 1024px) 100vw, 1024px\" \/><\/a><figcaption><div class=\"tb-image-caption\">Seletor de idiomas na se\u00e7\u00e3o do rodap\u00e9<\/div><\/figcaption><\/figure>\n\n\n\n<p>Com o WPML, voc\u00ea pode adicionar facilmente seletores de idiomas ao seu site, como os exibidos acima. <\/p>\n\n\n\n<h2 class=\"wp-block-heading\" id=\"add-language-switcher-wpml\">Como adicionar um seletor de idiomas com o WPML<\/h2>\n\n\n\n<p>Com o WPML, voc\u00ea pode adicionar v\u00e1rios seletores de idiomas em diferentes locais. Isso inclui:  <\/p>\n\n\n\n<div style=\"height:20px\" aria-hidden=\"true\" class=\"wp-block-spacer\"><\/div>\n\n\n\n<div class=\"wp-block-toolset-blocks-grid tb-grid\" data-toolset-blocks-grid=\"6329aaaa361b6c3ff5e14c6308f907de\">\n<div class=\"wp-block-toolset-blocks-grid-column tb-grid-column tb-grid-align-top\" data-toolset-blocks-grid-column=\"e0c62ef28c440411136281632d5a8d63\">\n<div class=\"wp-block-toolset-blocks-container tb-container aligncenter\" data-toolset-blocks-container=\"48873aa9a1502db94cee7985805c3625\">\n<div class=\"tb-fields-and-text\" data-toolset-blocks-fields-and-text=\"3e1d2592ce20bdf2bf813c9dfa44c991\"><p><img decoding=\"async\" class=\" wp-image-15966792 aligncenter\" src=\"https:\/\/wpml.org\/wp-content\/uploads\/2024\/07\/menu1-min.png\" alt=\"\" width=\"190\" height=\"190\" srcset=\"https:\/\/wpml.org\/wp-content\/uploads\/2024\/07\/menu1-min.png 370w, https:\/\/wpml.org\/wp-content\/uploads\/2024\/07\/menu1-min-300x300.png 300w, https:\/\/wpml.org\/wp-content\/uploads\/2024\/07\/menu1-min-150x150.png 150w, https:\/\/wpml.org\/wp-content\/uploads\/2024\/07\/menu1-min-100x100.png 100w\" sizes=\"(max-width: 190px) 100vw, 190px\" \/><\/p><\/div>\n\n\n\n<p class=\"tb-heading has-text-color\" data-toolset-blocks-heading=\"bf983b028e621cb4ef8152faf0911a40\" data-last-update=\"1.4\"><strong>Menus<\/strong><\/p>\n<\/div>\n<\/div>\n\n\n\n<div class=\"wp-block-toolset-blocks-grid-column tb-grid-column tb-grid-align-top\" data-toolset-blocks-grid-column=\"3034fbe886c11054e95b46b09d3e4112\">\n<div class=\"wp-block-toolset-blocks-container tb-container aligncenter\" data-toolset-blocks-container=\"48873aa9a1502db94cee7985805c3625\">\n<div class=\"tb-fields-and-text\" data-toolset-blocks-fields-and-text=\"3e1d2592ce20bdf2bf813c9dfa44c991\"><p><img decoding=\"async\" class=\" wp-image-15966806 aligncenter\" src=\"https:\/\/wpml.org\/wp-content\/uploads\/2024\/07\/widget1-min.png\" alt=\"\" width=\"190\" height=\"190\" srcset=\"https:\/\/wpml.org\/wp-content\/uploads\/2024\/07\/widget1-min.png 370w, https:\/\/wpml.org\/wp-content\/uploads\/2024\/07\/widget1-min-300x300.png 300w, https:\/\/wpml.org\/wp-content\/uploads\/2024\/07\/widget1-min-150x150.png 150w, https:\/\/wpml.org\/wp-content\/uploads\/2024\/07\/widget1-min-100x100.png 100w\" sizes=\"(max-width: 190px) 100vw, 190px\" \/><\/p><\/div>\n\n\n\n<p class=\"tb-heading has-text-color\" data-toolset-blocks-heading=\"bf983b028e621cb4ef8152faf0911a40\" data-last-update=\"1.4\"><strong><strong>Widgets<\/strong><\/strong><\/p>\n<\/div>\n<\/div>\n\n\n\n<div class=\"wp-block-toolset-blocks-grid-column tb-grid-column tb-grid-align-top\" data-toolset-blocks-grid-column=\"3034fbe886c11054e95b46b09d3e4112\">\n<div class=\"wp-block-toolset-blocks-container tb-container aligncenter\" data-toolset-blocks-container=\"48873aa9a1502db94cee7985805c3625\">\n<div class=\"tb-fields-and-text\" data-toolset-blocks-fields-and-text=\"3e1d2592ce20bdf2bf813c9dfa44c991\"><p><img decoding=\"async\" class=\" wp-image-15966821 aligncenter\" src=\"https:\/\/wpml.org\/wp-content\/uploads\/2024\/07\/template1-min.png\" alt=\"\" width=\"190\" height=\"190\" srcset=\"https:\/\/wpml.org\/wp-content\/uploads\/2024\/07\/template1-min.png 370w, https:\/\/wpml.org\/wp-content\/uploads\/2024\/07\/template1-min-300x300.png 300w, https:\/\/wpml.org\/wp-content\/uploads\/2024\/07\/template1-min-150x150.png 150w, https:\/\/wpml.org\/wp-content\/uploads\/2024\/07\/template1-min-100x100.png 100w\" sizes=\"(max-width: 190px) 100vw, 190px\" \/><\/p><\/div>\n\n\n\n<p class=\"tb-heading has-text-color\" data-toolset-blocks-heading=\"bf983b028e621cb4ef8152faf0911a40\" data-last-update=\"1.4\"><strong><strong><strong>Templates<\/strong><\/strong><\/strong><\/p>\n<\/div>\n<\/div>\n\n\n\n<div class=\"wp-block-toolset-blocks-grid-column tb-grid-column tb-grid-align-top\" data-toolset-blocks-grid-column=\"3034fbe886c11054e95b46b09d3e4112\">\n<div class=\"wp-block-toolset-blocks-container tb-container aligncenter\" data-toolset-blocks-container=\"48873aa9a1502db94cee7985805c3625\">\n<div class=\"tb-fields-and-text\" data-toolset-blocks-fields-and-text=\"3e1d2592ce20bdf2bf813c9dfa44c991\"><p><img decoding=\"async\" class=\" wp-image-15966835 aligncenter\" src=\"https:\/\/wpml.org\/wp-content\/uploads\/2024\/07\/post1-min.png\" alt=\"\" width=\"190\" height=\"190\" srcset=\"https:\/\/wpml.org\/wp-content\/uploads\/2024\/07\/post1-min.png 370w, https:\/\/wpml.org\/wp-content\/uploads\/2024\/07\/post1-min-300x300.png 300w, https:\/\/wpml.org\/wp-content\/uploads\/2024\/07\/post1-min-150x150.png 150w, https:\/\/wpml.org\/wp-content\/uploads\/2024\/07\/post1-min-100x100.png 100w\" sizes=\"(max-width: 190px) 100vw, 190px\" \/><\/p><\/div>\n\n\n\n<p class=\"tb-heading has-text-color\" data-toolset-blocks-heading=\"bf983b028e621cb4ef8152faf0911a40\" data-last-update=\"1.4\"><strong>Conte\u00fado de postagens<\/strong><\/p>\n<\/div>\n<\/div>\n<\/div>\n\n\n\n<div style=\"height:40px\" aria-hidden=\"true\" class=\"wp-block-spacer\"><\/div>\n\n\n\n<h3 class=\"wp-block-heading\" id=\"add-language-switcher-menu\">Adicionar o seletor de idiomas a um menu, Widget ou rodap\u00e9<\/h3>\n\n\n\n<p>Para adicionar um seletor de idiomas a um menu, Widget ou rodap\u00e9, acesse <strong>WPML \u2192 Idiomas<\/strong>. <\/p>\n\n\n\n<p>A partir daqui, voc\u00ea tamb\u00e9m pode personalizar cada seletor de idiomas. Clique no \u00edcone de l\u00e1pis para editar \u2014 voc\u00ea pode alterar o tamanho e as cores do seletor de idiomas e como cada idioma deve ser exibido (por exemplo, no idioma nativo e no idioma atual do site). <\/p>\n\n\n<div class=\"wp-block-image\">\n<figure class=\" tb-image tb-image-dynamic tb-image-frame-none aligncenter\" data-toolset-blocks-image=\"118ecdfaeca09762e525676dcce1eeb2\"><a href=\"https:\/\/wpml.org\/wp-content\/uploads\/2025\/08\/Language-switcher-settings.png\"><img decoding=\"async\" width=\"1860\" height=\"1147\" loading=\"lazy\" src=\"https:\/\/wpml.org\/wp-content\/uploads\/2025\/08\/Language-switcher-settings.png\" alt=\"\" class=\"wp-image-17328480\" srcset=\"https:\/\/wpml.org\/wp-content\/uploads\/2025\/08\/Language-switcher-settings.png 1860w, https:\/\/wpml.org\/wp-content\/uploads\/2025\/08\/Language-switcher-settings-300x185.png 300w, https:\/\/wpml.org\/wp-content\/uploads\/2025\/08\/Language-switcher-settings-1024x631.png 1024w, https:\/\/wpml.org\/wp-content\/uploads\/2025\/08\/Language-switcher-settings-150x93.png 150w, https:\/\/wpml.org\/wp-content\/uploads\/2025\/08\/Language-switcher-settings-768x474.png 768w, https:\/\/wpml.org\/wp-content\/uploads\/2025\/08\/Language-switcher-settings-1536x947.png 1536w\" sizes=\"auto, (max-width: 1860px) 100vw, 1860px\" \/><\/a><figcaption><div class=\"tb-image-caption\">Configura\u00e7\u00f5es do Seletor de idiomas<\/div><\/figcaption><\/figure>\n<\/div>\n\n\n<h3 class=\"wp-block-heading\" id=\"add-language-switcher-post-content\">Adicionar Seletor de Idiomas ao Conte\u00fado da Postagem<\/h3>\n\n\n\n<p>Os seletores de idiomas no conte\u00fado da postagem aparecem como links inline. <\/p>\n\n\n\n<figure class=\"wp-block-image tb-image tb-image-dynamic tb-image-frame-none\" data-toolset-blocks-image=\"bdd226928cee9acd69bd4b905131dbc5\"><a href=\"https:\/\/wpml.org\/wp-content\/uploads\/2024\/07\/Language-switcher-in-post-content.png\"><img decoding=\"async\" width=\"1024\" height=\"644\" loading=\"lazy\" src=\"https:\/\/wpml.org\/wp-content\/uploads\/2024\/07\/Language-switcher-in-post-content-1024x644.png\" alt=\"Language switcher in post content\" class=\"wp-image-15962558\" srcset=\"https:\/\/wpml.org\/wp-content\/uploads\/2024\/07\/Language-switcher-in-post-content-1024x644.png 1024w, https:\/\/wpml.org\/wp-content\/uploads\/2024\/07\/Language-switcher-in-post-content-300x189.png 300w, https:\/\/wpml.org\/wp-content\/uploads\/2024\/07\/Language-switcher-in-post-content-150x94.png 150w, https:\/\/wpml.org\/wp-content\/uploads\/2024\/07\/Language-switcher-in-post-content-768x483.png 768w, https:\/\/wpml.org\/wp-content\/uploads\/2024\/07\/Language-switcher-in-post-content-1536x966.png 1536w, https:\/\/wpml.org\/wp-content\/uploads\/2024\/07\/Language-switcher-in-post-content.png 1913w\" sizes=\"auto, (max-width: 1024px) 100vw, 1024px\" \/><\/a><figcaption><div class=\"tb-image-caption\">Seletor de idiomas acima do conte\u00fado da publica\u00e7\u00e3o<\/div><\/figcaption><\/figure>\n\n\n\n<p>Similarmente aos seletores de idiomas regulares, voc\u00ea pode incluir bandeiras, exibir idiomas em seus nomes nativos e controlar onde na p\u00e1gina os links aparecem; abaixo ou acima da postagem. <\/p>\n\n\n\n<p>Para adicionar um seletor de idiomas no conte\u00fado da postagem: <\/p>\n\n\n\n<ol class=\"wp-block-list\">\n<li>Acesse <strong>WPML \u2192 Idiomas<\/strong>.<\/li>\n\n\n\n<li>Role para baixo at\u00e9 <strong>Links para tradu\u00e7\u00e3o de posts<\/strong> e marque a caixa.<\/li>\n<\/ol>\n\n\n\n<h3 class=\"wp-block-heading\" id=\"add-language-switcher-template\">Adicionar Seletor de Idiomas a um Modelo<\/h3>\n\n\n\n<p>Usando o bloco <strong>WPML Language Switcher<\/strong>, voc\u00ea pode adicionar um seletor de idiomas a qualquer template ou parte de template do seu site.<\/p>\n\n\n\n<figure class=\"wp-block-image tb-image tb-image-dynamic tb-image-frame-none\" data-toolset-blocks-image=\"58e4dcce800a533034f7d8c6efe2d185\"><a href=\"https:\/\/wpml.org\/wp-content\/uploads\/2024\/07\/Adding-WPML-Language-Switcher-to-template-2.png\"><img decoding=\"async\" width=\"1024\" height=\"762\" loading=\"lazy\" src=\"https:\/\/wpml.org\/wp-content\/uploads\/2024\/07\/Adding-WPML-Language-Switcher-to-template-2-1024x762.png\" alt=\"Adding WPML Language Switcher to template\" class=\"wp-image-15962876\" srcset=\"https:\/\/wpml.org\/wp-content\/uploads\/2024\/07\/Adding-WPML-Language-Switcher-to-template-2-1024x762.png 1024w, https:\/\/wpml.org\/wp-content\/uploads\/2024\/07\/Adding-WPML-Language-Switcher-to-template-2-300x223.png 300w, https:\/\/wpml.org\/wp-content\/uploads\/2024\/07\/Adding-WPML-Language-Switcher-to-template-2-150x112.png 150w, https:\/\/wpml.org\/wp-content\/uploads\/2024\/07\/Adding-WPML-Language-Switcher-to-template-2-768x571.png 768w, https:\/\/wpml.org\/wp-content\/uploads\/2024\/07\/Adding-WPML-Language-Switcher-to-template-2-1536x1143.png 1536w, https:\/\/wpml.org\/wp-content\/uploads\/2024\/07\/Adding-WPML-Language-Switcher-to-template-2.png 1640w\" sizes=\"auto, (max-width: 1024px) 100vw, 1024px\" \/><\/a><figcaption><div class=\"tb-image-caption\">Adicionando o WPML Language Switcher ao template<\/div><\/figcaption><\/figure>\n\n\n\n<p>Assim como outros elementos de bloco, para exibir o <strong>WPML Language switcher <\/strong>em outros idiomas, \u00e9 necess\u00e1rio traduzi-lo:<\/p>\n\n\n\n<ol class=\"wp-block-list\">\n<li>V\u00e1 para <strong>WPML \u2192 painel de tradu\u00e7\u00e3o<\/strong>.<\/li>\n\n\n\n<li>Selecione o modelo ao qual voc\u00ea adicionou o seletor de idiomas. <\/li>\n<\/ol>\n\n\n\n<figure class=\"wp-block-image tb-image tb-image-dynamic tb-image-frame-none\" data-toolset-blocks-image=\"4df73c59c8163fc31117803cb6e9624b\"><a href=\"https:\/\/wpml.org\/wp-content\/uploads\/2025\/08\/Selecting-navigation-in-Translation-Management-1.png\"><img decoding=\"async\" width=\"1982\" height=\"1253\" loading=\"lazy\" src=\"https:\/\/wpml.org\/wp-content\/uploads\/2025\/08\/Selecting-navigation-in-Translation-Management-1.png\" alt=\"\" class=\"wp-image-17328522\" srcset=\"https:\/\/wpml.org\/wp-content\/uploads\/2025\/08\/Selecting-navigation-in-Translation-Management-1.png 1982w, https:\/\/wpml.org\/wp-content\/uploads\/2025\/08\/Selecting-navigation-in-Translation-Management-1-300x190.png 300w, https:\/\/wpml.org\/wp-content\/uploads\/2025\/08\/Selecting-navigation-in-Translation-Management-1-1024x647.png 1024w, https:\/\/wpml.org\/wp-content\/uploads\/2025\/08\/Selecting-navigation-in-Translation-Management-1-150x95.png 150w, https:\/\/wpml.org\/wp-content\/uploads\/2025\/08\/Selecting-navigation-in-Translation-Management-1-768x486.png 768w, https:\/\/wpml.org\/wp-content\/uploads\/2025\/08\/Selecting-navigation-in-Translation-Management-1-1536x971.png 1536w\" sizes=\"auto, (max-width: 1982px) 100vw, 1982px\" \/><\/a><figcaption><div class=\"tb-image-caption\">Selecionando a navega\u00e7\u00e3o no Painel de Tradu\u00e7\u00e3o<\/div><\/figcaption><\/figure>\n\n\n\n<ol start=\"3\" class=\"wp-block-list\">\n<li>Escolha um m\u00e9todo de tradu\u00e7\u00e3o e <strong>traduza<\/strong>.<\/li>\n<\/ol>\n\n\n\n<p>O seletor de idiomas agora ser\u00e1 vis\u00edvel em seus idiomas secund\u00e1rios.<\/p>\n\n\n\n<h2 class=\"wp-block-heading\" id=\"style-language-switcher\">Estilize Seu Seletor de Idiomas<\/h2>\n\n\n\n<p>O WPML oferece v\u00e1rias op\u00e7\u00f5es de estilo para personalizar cada tipo de seletor de idiomas. Isso inclui: <\/p>\n\n\n\n<ul class=\"wp-block-list\">\n<li>Ordem dos idiomas<\/li>\n\n\n\n<li>Mostrar \/ ocultar bandeira do idioma<\/li>\n\n\n\n<li>Layout de lista suspensa ou lista<\/li>\n\n\n\n<li>Mostrar idiomas em nome nativo<\/li>\n<\/ul>\n\n\n\n<p>Para modificar qualquer uma dessas configura\u00e7\u00f5es, acesse <strong><strong>WPML \u2192 Idiomas<\/strong><\/strong> e edite o seletor de idiomas que voc\u00ea deseja personalizar.<\/p>\n\n\n\n<p>Se voc\u00ea precisar de mais op\u00e7\u00f5es de personaliza\u00e7\u00e3o e estiver confort\u00e1vel em usar c\u00f3digo, voc\u00ea pode <a href=\"https:\/\/wpml.org\/documentation\/getting-started-guide\/language-setup\/custom-language-switcher\/\">criar seletores de idiomas personalizados usando PHP<\/a>.<\/p>\n\n\n\n<h2 class=\"wp-block-heading\" id=\"get-started-wpml\">Comece com WPML<\/h2>\n\n\n\n<p>Para adicionar seletores de idiomas com o WPML, voc\u00ea precisa do plano Multilingual CMS ou Multilingual Agency. Consulte nossa <a href=\"https:\/\/wpml.org\/pt-br\/purchase\/\">p\u00e1gina de pre\u00e7os <\/a>para mais informa\u00e7\u00f5es. <\/p>\n<\/div><\/div>\n","protected":false},"excerpt":{"rendered":"","protected":false},"author":578773,"featured_media":0,"parent":100360,"menu_order":45,"comment_status":"closed","ping_status":"closed","template":"","meta":{"_bbp_topic_count":0,"_bbp_reply_count":0,"_bbp_total_topic_count":0,"_bbp_total_reply_count":0,"_bbp_voice_count":0,"_bbp_anonymous_reply_count":0,"_bbp_topic_count_hidden":0,"_bbp_reply_count_hidden":0,"_bbp_forum_subforum_count":0,"_uag_custom_page_level_css":"","ep_exclude_from_search":false,"footnotes":""},"related-projects-category":[],"class_list":["post-1161295","page","type-page","status-publish","hentry"],"spectra_custom_meta":{"ratings_users":["0"],"ratings_score":["0"],"ratings_average":["0"],"_alp_processed":["1772092836"],"_views_template":["0"],"_wp_page_template":["default"],"_syntaxhighlighter_encoded":["1"],"_subscription_coupon_product_id":["0"],"inline_featured_image":["0"],"_last_translation_edit_mode":["translation-editor"],"_wpml_media_featured":["1"],"wpcf-unformatted-code":[""],"wpcf-price-increase-show-from":[""],"wpcf-price-increase-show-till":[""],"_wpml_media_duplicate":["0"],"toolset_post_editor_mode":["block"],"_wpml_word_count":["575"],"cmplz_hide_cookiebanner":[""],"wpcf-price-increase-content":[""],"wpcf-login-box-title":[""],"wpcf-page-content":[""],"_yoast_wpseo_primary_related-projects-category":[""],"_yoast_wpseo_metadesc":["Aprenda como adicionar um seletor de idiomas ao menu do seu site, como widget, em um modelo ou no rodap\u00e9."],"_yoast_wpseo_focuskw":["seletor de idiomas wordpress"],"_uag_css_file_name":["uag-css-1161295.css"],"_uag_page_assets":["a:9:{s:3:\"css\";s:0:\"\";s:2:\"js\";s:0:\"\";s:18:\"current_block_list\";a:12:{i:0;s:24:\"toolset-blocks\/container\";i:1;s:14:\"core\/paragraph\";i:2;s:20:\"toolset-blocks\/image\";i:3;s:12:\"core\/heading\";i:4;s:11:\"core\/spacer\";i:5;s:19:\"toolset-blocks\/grid\";i:6;s:26:\"toolset-blocks\/grid-column\";i:8;s:30:\"toolset-blocks\/fields-and-text\";i:9;s:22:\"toolset-blocks\/heading\";i:10;s:9:\"core\/list\";i:11;s:14:\"core\/list-item\";i:12;s:14:\"core\/shortcode\";}s:8:\"uag_flag\";b:0;s:11:\"uag_version\";s:10:\"1778944232\";s:6:\"gfonts\";a:0:{}s:10:\"gfonts_url\";s:0:\"\";s:12:\"gfonts_files\";a:0:{}s:14:\"uag_faq_layout\";b:0;}"]},"uagb_featured_image_src":{"full":false,"thumbnail":false,"medium":false,"medium_large":false,"large":false,"1536x1536":false,"2048x2048":false,"gform-image-choice-sm":false,"gform-image-choice-md":false,"gform-image-choice-lg":false,"woocommerce_thumbnail":false,"woocommerce_single":false,"woocommerce_gallery_thumbnail":false},"uagb_author_info":{"display_name":"Tomer Helzer","author_link":"https:\/\/wpml.org\/pt-br\/author\/tomer-h\/"},"uagb_comment_info":0,"uagb_excerpt":null,"_links":{"self":[{"href":"https:\/\/wpml.org\/pt-br\/wp-json\/wp\/v2\/pages\/1161295","targetHints":{"allow":["GET"]}}],"collection":[{"href":"https:\/\/wpml.org\/pt-br\/wp-json\/wp\/v2\/pages"}],"about":[{"href":"https:\/\/wpml.org\/pt-br\/wp-json\/wp\/v2\/types\/page"}],"author":[{"embeddable":true,"href":"https:\/\/wpml.org\/pt-br\/wp-json\/wp\/v2\/users\/578773"}],"replies":[{"embeddable":true,"href":"https:\/\/wpml.org\/pt-br\/wp-json\/wp\/v2\/comments?post=1161295"}],"version-history":[{"count":8,"href":"https:\/\/wpml.org\/pt-br\/wp-json\/wp\/v2\/pages\/1161295\/revisions"}],"predecessor-version":[{"id":17854783,"href":"https:\/\/wpml.org\/pt-br\/wp-json\/wp\/v2\/pages\/1161295\/revisions\/17854783"}],"up":[{"embeddable":true,"href":"https:\/\/wpml.org\/pt-br\/wp-json\/wp\/v2\/pages\/100360"}],"wp:attachment":[{"href":"https:\/\/wpml.org\/pt-br\/wp-json\/wp\/v2\/media?parent=1161295"}],"wp:term":[{"taxonomy":"related-projects-category","embeddable":true,"href":"https:\/\/wpml.org\/pt-br\/wp-json\/wp\/v2\/related-projects-category?post=1161295"}],"curies":[{"name":"wp","href":"https:\/\/api.w.org\/{rel}","templated":true}]}}