{"id":11870731,"date":"2022-02-22T08:57:45","date_gmt":"2022-02-22T08:57:45","guid":{"rendered":"https:\/\/wpml.org\/como-contratar-o-pos-pago\/"},"modified":"2026-05-05T15:43:35","modified_gmt":"2026-05-05T15:43:35","slug":"como-contratar-o-pos-pago","status":"publish","type":"page","link":"https:\/\/wpml.org\/pt-br\/documentacao\/traducao-automatica-de-conteudos-wordpress-com-o-wpml\/como-contratar-o-pos-pago\/","title":{"rendered":"Como se inscrever no Pagamento pelo uso"},"content":{"rendered":"\n<p class=\"lead\">Pagar pela tradu\u00e7\u00e3o autom\u00e1tica conforme voc\u00ea usa permite que voc\u00ea traduza seu conte\u00fado e pague pelas tradu\u00e7\u00f5es no final do m\u00eas. Seus primeiros 2.000 cr\u00e9ditos s\u00e3o gratuitos a cada m\u00eas, e voc\u00ea s\u00f3 \u00e9 cobrado pelos cr\u00e9ditos que realmente usa. <\/p>\n\n<p>Usar o pagamento pelo uso para tradu\u00e7\u00e3o autom\u00e1tica \u00e9 a maneira mais acess\u00edvel e flex\u00edvel de traduzir seu site. Para se inscrever, voc\u00ea n\u00e3o precisa de acesso \u00e0 conta do WPML.org. Qualquer usu\u00e1rio configurado como um <a href=\"https:\/\/wpml.org\/documentation\/translating-your-contents\/working-with-translation-managers\/\">Gerenciador de Tradu\u00e7\u00e3o<\/a> no site pode se inscrever diretamente, sem precisar passar por um desenvolvedor do site.  <\/p>\n\n<p>Para come\u00e7ar com o pagamento pelo uso:<\/p>\n\n<ol class=\"wp-block-list\">\n<li>Acesse <strong>WPML<\/strong> \u2192 <strong>Translation Dashboard<\/strong>, clique na aba <strong>Pagamentos e Manuten\u00e7\u00e3o<\/strong> e, em seguida, clique no bot\u00e3o <strong>Ativar pagamento pelo uso<\/strong>.<\/li>\n<\/ol>\n\n<figure class=\"wp-block-image tb-image tb-image-dynamic tb-image-frame-none\" data-toolset-blocks-image=\"4d6e12ff933c6843503705d63f09b857\"><a href=\"https:\/\/wpml.org\/wp-content\/uploads\/2026\/03\/wpml-activate-pay-as-you-go.png\"><img decoding=\"async\" width=\"1903\" height=\"727\" loading=\"lazy\" src=\"https:\/\/wpml.org\/wp-content\/uploads\/2026\/03\/wpml-activate-pay-as-you-go.png\" alt=\"\" class=\"wp-image-17920655\" srcset=\"https:\/\/wpml.org\/wp-content\/uploads\/2026\/03\/wpml-activate-pay-as-you-go.png 1903w, https:\/\/wpml.org\/wp-content\/uploads\/2026\/03\/wpml-activate-pay-as-you-go-300x115.png 300w, https:\/\/wpml.org\/wp-content\/uploads\/2026\/03\/wpml-activate-pay-as-you-go-1024x391.png 1024w, https:\/\/wpml.org\/wp-content\/uploads\/2026\/03\/wpml-activate-pay-as-you-go-150x57.png 150w, https:\/\/wpml.org\/wp-content\/uploads\/2026\/03\/wpml-activate-pay-as-you-go-768x293.png 768w, https:\/\/wpml.org\/wp-content\/uploads\/2026\/03\/wpml-activate-pay-as-you-go-1536x587.png 1536w\" sizes=\"auto, (max-width: 1903px) 100vw, 1903px\" \/><\/a><figcaption><div class=\"tb-image-caption\">Ativando o pagamento pelo uso no WPML<\/div><\/figcaption><\/figure>\n\n<ol start=\"2\" class=\"wp-block-list\">\n<li>Na p\u00e1gina de inscri\u00e7\u00e3o, adicione suas informa\u00e7\u00f5es de faturamento e confirme clicando em <strong>Ativar pagamento pelo uso e continuar<\/strong>. Voc\u00ea est\u00e1 pronto para come\u00e7ar a traduzir! <\/li>\n<\/ol>\n\n<figure class=\"wp-block-image tb-image tb-image-dynamic tb-image-frame-none\" data-toolset-blocks-image=\"f85b35725fa6e5a1e685c0f1a5b00dd2\"><a href=\"https:\/\/wpml.org\/wp-content\/uploads\/2026\/03\/wpml-pay-as-you-go-sign-up.png\"><img decoding=\"async\" width=\"1260\" height=\"674\" loading=\"lazy\" src=\"https:\/\/wpml.org\/wp-content\/uploads\/2026\/03\/wpml-pay-as-you-go-sign-up.png\" alt=\"\" class=\"wp-image-17920747\" srcset=\"https:\/\/wpml.org\/wp-content\/uploads\/2026\/03\/wpml-pay-as-you-go-sign-up.png 1260w, https:\/\/wpml.org\/wp-content\/uploads\/2026\/03\/wpml-pay-as-you-go-sign-up-300x160.png 300w, https:\/\/wpml.org\/wp-content\/uploads\/2026\/03\/wpml-pay-as-you-go-sign-up-1024x548.png 1024w, https:\/\/wpml.org\/wp-content\/uploads\/2026\/03\/wpml-pay-as-you-go-sign-up-150x80.png 150w, https:\/\/wpml.org\/wp-content\/uploads\/2026\/03\/wpml-pay-as-you-go-sign-up-768x411.png 768w\" sizes=\"auto, (max-width: 1260px) 100vw, 1260px\" \/><\/a><figcaption><div class=\"tb-image-caption\">Inscrevendo-se no pagamento pelo uso do WPML para tradu\u00e7\u00e3o autom\u00e1tica<\/div><\/figcaption><\/figure>\n\n<p>Leia mais sobre <a href=\"https:\/\/wpml.org\/pt-br\/documentacao\/traducao-automatica-de-conteudos-wordpress-com-o-wpml\/preco-da-traducao-automatica\/\">pre\u00e7os de pagamento pelo uso<\/a> e <a href=\"https:\/\/wpml.org\/faq\/how-do-automatic-translation-account-invoices-work\/\">como as faturas funcionam<\/a>.<\/p>\n\n<h2 class=\"wp-block-heading\">Pagamentos com cart\u00e3o de cr\u00e9dito<\/h2>\n\n<p>Para se inscrever no Pagamento pelo uso, voc\u00ea precisar\u00e1 de um cart\u00e3o de cr\u00e9dito. O PayPal n\u00e3o \u00e9 suportado no momento. Quando voc\u00ea inserir os dados do seu cart\u00e3o, o WPML n\u00e3o os armazena \u2014 tudo \u00e9 processado com seguran\u00e7a pela Stripe.  <\/p>\n\n<h2 class=\"wp-block-heading\" id=\"paying-as-you-go-across-multiple-sites\">Pagamento conforme voc\u00ea avan\u00e7a em v\u00e1rios sites<\/h2>\n\n<p>Se voc\u00ea gerencia mais de um site multil\u00edngue, voc\u00ea pode <a href=\"https:\/\/wpml.org\/documentation\/translating-your-contents\/advanced-translation-editor\/automatic-translation-subscription-for-multiple-sites\/\">pagar conforme usa em todos os seus sites registrados<\/a>. Isso permite que voc\u00ea compartilhe seus cr\u00e9ditos de tradu\u00e7\u00e3o autom\u00e1tica, gloss\u00e1rio e mem\u00f3ria de tradu\u00e7\u00e3o entre v\u00e1rios sites, incluindo subsites na mesma configura\u00e7\u00e3o de multisite. <\/p>\n\n<h2 class=\"wp-block-heading\" id=\"how-to-stop-paying-as-you-go\">Como parar de pagar conforme voc\u00ea vai<\/h2>\n\n<p>Voc\u00ea n\u00e3o est\u00e1 vinculado a um contrato e pode parar de pagar a qualquer momento.<\/p>\n\n<p>V\u00e1 em <strong>WPML<\/strong> \u2192 <strong>Translation Dashboard<\/strong> e clique na aba <strong>Pagamentos e Manuten\u00e7\u00e3o<\/strong>. Na se\u00e7\u00e3o <strong>Detalhes da conta de Pagamento pelo uso<\/strong>, clique no link <strong>Parar de usar pagamento pelo uso<\/strong>.<\/p>\n\n<p>Voc\u00ea receber\u00e1 uma fatura final por quaisquer cr\u00e9ditos que tenha usado desde sua \u00faltima fatura.<\/p>\n","protected":false},"excerpt":{"rendered":"<p>Pagar pela tradu\u00e7\u00e3o autom\u00e1tica conforme voc\u00ea usa permite que voc\u00ea traduza seu conte\u00fado e pague pelas tradu\u00e7\u00f5es no final do m\u00eas. Seus primeiros 2.000 cr\u00e9ditos s\u00e3o gratuitos a cada m\u00eas, e voc\u00ea s\u00f3 \u00e9 cobrado pelos cr\u00e9ditos que realmente usa. Usar o pagamento pelo uso para tradu\u00e7\u00e3o autom\u00e1tica \u00e9 a maneira mais acess\u00edvel e flex\u00edvel [&hellip;]<\/p>\n","protected":false},"author":76577,"featured_media":0,"parent":14428713,"menu_order":19,"comment_status":"closed","ping_status":"closed","template":"template-nosidebar-centered.php","meta":{"_bbp_topic_count":0,"_bbp_reply_count":0,"_bbp_total_topic_count":0,"_bbp_total_reply_count":0,"_bbp_voice_count":0,"_bbp_anonymous_reply_count":0,"_bbp_topic_count_hidden":0,"_bbp_reply_count_hidden":0,"_bbp_forum_subforum_count":0,"_uag_custom_page_level_css":"","ep_exclude_from_search":false,"footnotes":""},"related-projects-category":[],"class_list":["post-11870731","page","type-page","status-publish","hentry"],"spectra_custom_meta":{"ratings_users":["0"],"ratings_score":["0"],"ratings_average":["0"],"_subscription_coupon_product_id":["0"],"_wpv_contains_gutenberg_views":[""],"_alp_processed":["1777995815"],"wpcf-unformatted-code":[""],"_wpml_media_duplicate":["1"],"_wpml_media_featured":["1"],"toolset_post_editor_mode":["block"],"wpcf-price-increase-show-from":[""],"wpcf-price-increase-show-till":[""],"_last_translation_edit_mode":["translation-editor"],"_oembed_920202e323cae5d4978973f8ff477cf1":["<iframe title=\"How to Activate Pay-As-You-Go Automatic Translation in WPML\" width=\"700\" height=\"394\" src=\"https:\/\/www.youtube.com\/embed\/QP0EH_nMy0k?feature=oembed\" frameborder=\"0\" allow=\"accelerometer; autoplay; clipboard-write; encrypted-media; gyroscope; picture-in-picture\" allowfullscreen><\/iframe>"],"_oembed_time_920202e323cae5d4978973f8ff477cf1":["1660635595"],"_wp_page_template":["template-nosidebar-centered.php"],"wpcf-price-increase-content":[""],"wpcf-login-box-title":[""],"wpcf-page-content":[""],"_wpml_word_count":["372"],"_uag_css_file_name":["uag-css-11870731.css"],"_uag_page_assets":["a:9:{s:3:\"css\";s:260:\".uag-blocks-common-selector{z-index:var(--z-index-desktop) !important}@media(max-width: 976px){.uag-blocks-common-selector{z-index:var(--z-index-tablet) !important}}@media(max-width: 767px){.uag-blocks-common-selector{z-index:var(--z-index-mobile) !important}}\";s:2:\"js\";s:0:\"\";s:18:\"current_block_list\";a:6:{i:0;s:14:\"core\/paragraph\";i:1;s:9:\"core\/list\";i:2;s:14:\"core\/list-item\";i:3;s:20:\"toolset-blocks\/image\";i:4;s:12:\"core\/heading\";i:5;s:14:\"core\/shortcode\";}s:8:\"uag_flag\";b:0;s:11:\"uag_version\";s:10:\"1778421054\";s:6:\"gfonts\";a:0:{}s:10:\"gfonts_url\";s:0:\"\";s:12:\"gfonts_files\";a:0:{}s:14:\"uag_faq_layout\";b:0;}"]},"uagb_featured_image_src":{"full":false,"thumbnail":false,"medium":false,"medium_large":false,"large":false,"1536x1536":false,"2048x2048":false,"gform-image-choice-sm":false,"gform-image-choice-md":false,"gform-image-choice-lg":false,"woocommerce_thumbnail":false,"woocommerce_single":false,"woocommerce_gallery_thumbnail":false},"uagb_author_info":{"display_name":"Dario","author_link":"https:\/\/wpml.org\/pt-br\/author\/darioh\/"},"uagb_comment_info":0,"uagb_excerpt":"Pagar pela tradu\u00e7\u00e3o autom\u00e1tica conforme voc\u00ea usa permite que voc\u00ea traduza seu conte\u00fado e pague pelas tradu\u00e7\u00f5es no final do m\u00eas. Seus primeiros 2.000 cr\u00e9ditos s\u00e3o gratuitos a cada m\u00eas, e voc\u00ea s\u00f3 \u00e9 cobrado pelos cr\u00e9ditos que realmente usa. Usar o pagamento pelo uso para tradu\u00e7\u00e3o autom\u00e1tica \u00e9 a maneira mais acess\u00edvel e flex\u00edvel&hellip;","_links":{"self":[{"href":"https:\/\/wpml.org\/pt-br\/wp-json\/wp\/v2\/pages\/11870731","targetHints":{"allow":["GET"]}}],"collection":[{"href":"https:\/\/wpml.org\/pt-br\/wp-json\/wp\/v2\/pages"}],"about":[{"href":"https:\/\/wpml.org\/pt-br\/wp-json\/wp\/v2\/types\/page"}],"author":[{"embeddable":true,"href":"https:\/\/wpml.org\/pt-br\/wp-json\/wp\/v2\/users\/76577"}],"replies":[{"embeddable":true,"href":"https:\/\/wpml.org\/pt-br\/wp-json\/wp\/v2\/comments?post=11870731"}],"version-history":[{"count":8,"href":"https:\/\/wpml.org\/pt-br\/wp-json\/wp\/v2\/pages\/11870731\/revisions"}],"predecessor-version":[{"id":18014670,"href":"https:\/\/wpml.org\/pt-br\/wp-json\/wp\/v2\/pages\/11870731\/revisions\/18014670"}],"up":[{"embeddable":true,"href":"https:\/\/wpml.org\/pt-br\/wp-json\/wp\/v2\/pages\/14428713"}],"wp:attachment":[{"href":"https:\/\/wpml.org\/pt-br\/wp-json\/wp\/v2\/media?parent=11870731"}],"wp:term":[{"taxonomy":"related-projects-category","embeddable":true,"href":"https:\/\/wpml.org\/pt-br\/wp-json\/wp\/v2\/related-projects-category?post=11870731"}],"curies":[{"name":"wp","href":"https:\/\/api.w.org\/{rel}","templated":true}]}}