{"id":12095327,"date":"2022-09-15T06:36:08","date_gmt":"2022-09-15T06:36:08","guid":{"rendered":"https:\/\/wpml.org\/purchase\/renovacao-do-wpml-como-funciona-e-o-que-acontece-se-voce-nao-renovar\/"},"modified":"2026-04-22T15:42:20","modified_gmt":"2026-04-22T15:42:20","slug":"renovacao-do-wpml-como-funciona-e-o-que-acontece-se-voce-nao-renovar","status":"publish","type":"page","link":"https:\/\/wpml.org\/pt-br\/purchase\/renovacao-do-wpml-como-funciona-e-o-que-acontece-se-voce-nao-renovar\/","title":{"rendered":"Renova\u00e7\u00f5es do WPML"},"content":{"rendered":"\n<div class=\"wp-block-toolset-blocks-container tb-container alignfull\" data-toolset-blocks-container=\"fc8d2aa82106d329ae904413f0960ef9\"><div class=\"tb-container-inner\">\n<div class=\"wp-block-toolset-blocks-grid tb-grid\" data-toolset-blocks-grid=\"39038e72c7b2df1b8a5c57af96f915d6\">\n<div class=\"wp-block-toolset-blocks-grid-column tb-grid-column tb-grid-align-center\" data-toolset-blocks-grid-column=\"f586ff7bfe1d7317c63162ec7b7039ed\">\n<h1 class=\"tb-heading has-text-color\" data-toolset-blocks-heading=\"415760732ef66df37e1713d118e7d93d\" data-last-update=\"1.4\">Renova\u00e7\u00f5es do WPML<\/h1>\n\n\n\n<div class=\"tb-fields-and-text\" data-toolset-blocks-fields-and-text=\"dc100ae563ee26e223a5d75993da1a4e\"><p><span style=\"font-weight: 400;\">Renovar o WPML mant\u00e9m seu site seguro, evita que ele quebre quando saem atualiza\u00e7\u00f5es do WordPress e garante que o WPML sempre funcione.<\/span><\/p><\/div>\n\n\n\n<div class=\"tb-button\" data-toolset-blocks-button=\"910f99aa142ace9f8fd7ae909a33a738\"><a class=\"tb-button__link\" href=\"#renew-wpml\"><span class=\"tb-button__content\">Renovar minha conta<\/span><i class=\"tb-button__icon\"><\/i><\/a><\/div>\n<\/div>\n\n\n\n<div class=\"wp-block-toolset-blocks-grid-column tb-grid-column tb-grid-align-top\" data-toolset-blocks-grid-column=\"3034fbe886c11054e95b46b09d3e4112\"><div class=\"wp-block-image\">\n<figure class=\" tb-image tb-image-dynamic tb-image-frame-none aligncenter\" data-toolset-blocks-image=\"0d855ff1ba944aa1655a9ba8ebc1dee3\"><img decoding=\"async\" width=\"605\" height=\"543\" loading=\"lazy\" src=\"https:\/\/wpml.org\/wp-content\/uploads\/2024\/11\/img-1-min.png\" alt=\"\" class=\"wp-image-16367005\" srcset=\"https:\/\/wpml.org\/wp-content\/uploads\/2024\/11\/img-1-min.png 605w, https:\/\/wpml.org\/wp-content\/uploads\/2024\/11\/img-1-min-300x269.png 300w, https:\/\/wpml.org\/wp-content\/uploads\/2024\/11\/img-1-min-150x135.png 150w\" sizes=\"auto, (max-width: 605px) 100vw, 605px\" \/><\/figure>\n<\/div><\/div>\n<\/div>\n<\/div><\/div>\n\n<div class=\"wp-block-toolset-blocks-container tb-container\" data-toolset-blocks-container=\"7a6ae5a2fdbcfb671737dff1d7fc2d17\"><div class=\"tb-container-inner\">\n<h2 class=\"tb-heading has-text-color\" data-toolset-blocks-heading=\"d75fcd62e73a51f64a3177fe7b033435\" data-last-update=\"1.4\">Benef\u00edcios da renova\u00e7\u00e3o<\/h2>\n\n\n\n<div class=\"wp-block-toolset-blocks-grid tb-grid\" data-toolset-blocks-grid=\"0ee53de61aa8541b5f8c6e136a129062\">\n<div class=\"wp-block-toolset-blocks-grid-column tb-grid-column\" data-toolset-blocks-grid-column=\"c777ff47b88bccde2288392889584581\">\n<div class=\"wp-block-toolset-blocks-container tb-container\" data-toolset-blocks-container=\"7eb4078d55be244546f812efa0213233\">\n<div class=\"wp-block-toolset-blocks-container tb-container\" data-toolset-blocks-container=\"f0feeef213a928c481d5a878e68f6ab9\"><\/div>\n\n\n\n<div class=\"wp-block-toolset-blocks-container tb-container\" data-toolset-blocks-container=\"4562bb7f50514de52ca267d05ac7ce1a\">\n<p class=\"tb-heading has-text-color\" data-toolset-blocks-heading=\"0827eb14e25db5fe9ecb993108aaf87f\" data-last-update=\"1.4\"><strong>Traduza com o WPML<\/strong><\/p>\n\n\n\n<p class=\"tb-heading has-text-color\" data-toolset-blocks-heading=\"24ac9e8ddc1793cbb331be1edd5d28be\" data-last-update=\"1.4\">Continue usando o WPML e mantenha todas as suas tradu\u00e7\u00f5es<\/p>\n<\/div>\n\n\n\n<div class=\"wp-block-toolset-blocks-container tb-container\" data-toolset-blocks-container=\"4562bb7f50514de52ca267d05ac7ce1a\">\n<p class=\"tb-heading has-text-color\" data-toolset-blocks-heading=\"0827eb14e25db5fe9ecb993108aaf87f\" data-last-update=\"1.4\"><strong>Atualiza\u00e7\u00f5es de compatibilidade<\/strong><\/p>\n\n\n\n<p class=\"tb-heading has-text-color\" data-toolset-blocks-heading=\"24ac9e8ddc1793cbb331be1edd5d28be\" data-last-update=\"1.4\">Receba atualiza\u00e7\u00f5es regulares antes dos lan\u00e7amentos do WordPress<\/p>\n<\/div>\n\n\n\n<div class=\"wp-block-toolset-blocks-container tb-container\" data-toolset-blocks-container=\"4562bb7f50514de52ca267d05ac7ce1a\">\n<p class=\"tb-heading has-text-color\" data-toolset-blocks-heading=\"0827eb14e25db5fe9ecb993108aaf87f\" data-last-update=\"1.4\"><strong>Suporte<\/strong><\/p>\n\n\n\n<p class=\"tb-heading has-text-color\" data-toolset-blocks-heading=\"24ac9e8ddc1793cbb331be1edd5d28be\" data-last-update=\"1.4\">Obtenha ajuda da nossa equipe de suporte<\/p>\n<\/div>\n\n\n\n<div class=\"wp-block-toolset-blocks-container tb-container\" data-toolset-blocks-container=\"4562bb7f50514de52ca267d05ac7ce1a\">\n<p class=\"tb-heading has-text-color\" data-toolset-blocks-heading=\"0827eb14e25db5fe9ecb993108aaf87f\" data-last-update=\"1.4\"><strong>Recargas de cr\u00e9ditos<\/strong><\/p>\n\n\n\n<p class=\"tb-heading has-text-color\" data-toolset-blocks-heading=\"24ac9e8ddc1793cbb331be1edd5d28be\" data-last-update=\"1.4\">Receba cr\u00e9ditos gr\u00e1tis quando sua conta for renovada<\/p>\n<\/div>\n\n\n\n<div class=\"wp-block-toolset-blocks-container tb-container\" data-toolset-blocks-container=\"4562bb7f50514de52ca267d05ac7ce1a\">\n<p class=\"tb-heading has-text-color\" data-toolset-blocks-heading=\"0827eb14e25db5fe9ecb993108aaf87f\" data-last-update=\"1.4\"><strong>Registre o WPML em novos sites<\/strong><\/p>\n\n\n\n<p class=\"tb-heading has-text-color\" data-toolset-blocks-heading=\"24ac9e8ddc1793cbb331be1edd5d28be\" data-last-update=\"1.4\">Continue instalando o WPML em novos sites<\/p>\n<\/div>\n<\/div>\n<\/div>\n\n\n\n<div class=\"wp-block-toolset-blocks-grid-column tb-grid-column tb-grid-align-top\" data-toolset-blocks-grid-column=\"3034fbe886c11054e95b46b09d3e4112\">\n<div class=\"wp-block-toolset-blocks-container tb-container\" data-toolset-blocks-container=\"d86653a2d26876b3e2a6aba0093581aa\">\n<div class=\"wp-block-toolset-blocks-container tb-container\" data-toolset-blocks-container=\"9f66c40ed9b5fdacfc4286d120b702c7\">\n<p class=\"tb-heading has-text-color\" data-toolset-blocks-heading=\"ac39eeff1e96129d91de7bdab8fc0540\" data-last-update=\"1.4\">Conta ativa<\/p>\n<\/div>\n\n\n\n<div class=\"wp-block-toolset-blocks-container tb-container\" data-toolset-blocks-container=\"6b466e726ef96ac8f2ff092044064d30\">\n<div class=\"wp-block-toolset-blocks-container tb-container\" data-toolset-blocks-container=\"4c1e644b100a7cd79ae08b214443135d\"><\/div>\n\n\n\n<p class=\"tb-heading has-text-color\" data-toolset-blocks-heading=\"066ff0eb7301bfcc7c8c82495ec49f7a\" data-last-update=\"1.4\">Traduza com o WPML<\/p>\n<\/div>\n\n\n\n<div class=\"wp-block-toolset-blocks-container tb-container\" data-toolset-blocks-container=\"6b466e726ef96ac8f2ff092044064d30\">\n<div class=\"wp-block-toolset-blocks-container tb-container\" data-toolset-blocks-container=\"4c1e644b100a7cd79ae08b214443135d\"><\/div>\n\n\n\n<p class=\"tb-heading has-text-color\" data-toolset-blocks-heading=\"066ff0eb7301bfcc7c8c82495ec49f7a\" data-last-update=\"1.4\">Atualiza\u00e7\u00f5es de compatibilidade<\/p>\n<\/div>\n\n\n\n<div class=\"wp-block-toolset-blocks-container tb-container\" data-toolset-blocks-container=\"6b466e726ef96ac8f2ff092044064d30\">\n<div class=\"wp-block-toolset-blocks-container tb-container\" data-toolset-blocks-container=\"4c1e644b100a7cd79ae08b214443135d\"><\/div>\n\n\n\n<p class=\"tb-heading has-text-color\" data-toolset-blocks-heading=\"066ff0eb7301bfcc7c8c82495ec49f7a\" data-last-update=\"1.4\">Suporte<\/p>\n<\/div>\n\n\n\n<div class=\"wp-block-toolset-blocks-container tb-container\" data-toolset-blocks-container=\"6b466e726ef96ac8f2ff092044064d30\">\n<div class=\"wp-block-toolset-blocks-container tb-container\" data-toolset-blocks-container=\"4c1e644b100a7cd79ae08b214443135d\"><\/div>\n\n\n\n<p class=\"tb-heading has-text-color\" data-toolset-blocks-heading=\"066ff0eb7301bfcc7c8c82495ec49f7a\" data-last-update=\"1.4\">Recargas de cr\u00e9ditos<\/p>\n<\/div>\n\n\n\n<div class=\"wp-block-toolset-blocks-container tb-container\" data-toolset-blocks-container=\"1e636e193165ce3af2c00312087c07c3\">\n<div class=\"wp-block-toolset-blocks-container tb-container\" data-toolset-blocks-container=\"4c1e644b100a7cd79ae08b214443135d\"><\/div>\n\n\n\n<p class=\"tb-heading has-text-color\" data-toolset-blocks-heading=\"066ff0eb7301bfcc7c8c82495ec49f7a\" data-last-update=\"1.4\">Registre o WPML em novos sites<\/p>\n<\/div>\n<\/div>\n<\/div>\n\n\n\n<div class=\"wp-block-toolset-blocks-grid-column tb-grid-column tb-grid-align-top\" data-toolset-blocks-grid-column=\"3034fbe886c11054e95b46b09d3e4112\">\n<div class=\"wp-block-toolset-blocks-container tb-container\" data-toolset-blocks-container=\"b6e68f76113613cbae24c92d22b96508\">\n<div class=\"wp-block-toolset-blocks-container tb-container\" data-toolset-blocks-container=\"cc15e079305115ef004ae52708640087\">\n<p class=\"tb-heading has-text-color\" data-toolset-blocks-heading=\"ac39eeff1e96129d91de7bdab8fc0540\" data-last-update=\"1.4\">Conta expirada<\/p>\n<\/div>\n\n\n\n<div class=\"wp-block-toolset-blocks-container tb-container\" data-toolset-blocks-container=\"ce852b3c7ae437d6bc69191b1631da45\">\n<div class=\"wp-block-toolset-blocks-container tb-container\" data-toolset-blocks-container=\"4c1e644b100a7cd79ae08b214443135d\"><\/div>\n\n\n\n<p class=\"tb-heading has-text-color\" data-toolset-blocks-heading=\"066ff0eb7301bfcc7c8c82495ec49f7a\" data-last-update=\"1.4\">Traduza com o WPML<\/p>\n<\/div>\n\n\n\n<div class=\"wp-block-toolset-blocks-container tb-container\" data-toolset-blocks-container=\"ce852b3c7ae437d6bc69191b1631da45\">\n<div class=\"wp-block-toolset-blocks-container tb-container\" data-toolset-blocks-container=\"f02b797b61bfb4dc15c841a611f765e9\"><\/div>\n\n\n\n<p class=\"tb-heading has-text-color\" data-toolset-blocks-heading=\"066ff0eb7301bfcc7c8c82495ec49f7a\" data-last-update=\"1.4\">Atualiza\u00e7\u00f5es de compatibilidade<\/p>\n<\/div>\n\n\n\n<div class=\"wp-block-toolset-blocks-container tb-container\" data-toolset-blocks-container=\"ce852b3c7ae437d6bc69191b1631da45\">\n<div class=\"wp-block-toolset-blocks-container tb-container\" data-toolset-blocks-container=\"f02b797b61bfb4dc15c841a611f765e9\"><\/div>\n\n\n\n<p class=\"tb-heading has-text-color\" data-toolset-blocks-heading=\"066ff0eb7301bfcc7c8c82495ec49f7a\" data-last-update=\"1.4\">Suporte<\/p>\n<\/div>\n\n\n\n<div class=\"wp-block-toolset-blocks-container tb-container\" data-toolset-blocks-container=\"ce852b3c7ae437d6bc69191b1631da45\">\n<div class=\"wp-block-toolset-blocks-container tb-container\" data-toolset-blocks-container=\"f02b797b61bfb4dc15c841a611f765e9\"><\/div>\n\n\n\n<p class=\"tb-heading has-text-color\" data-toolset-blocks-heading=\"066ff0eb7301bfcc7c8c82495ec49f7a\" data-last-update=\"1.4\">Recargas de cr\u00e9ditos<\/p>\n<\/div>\n\n\n\n<div class=\"wp-block-toolset-blocks-container tb-container\" data-toolset-blocks-container=\"1e636e193165ce3af2c00312087c07c3\">\n<div class=\"wp-block-toolset-blocks-container tb-container\" data-toolset-blocks-container=\"f02b797b61bfb4dc15c841a611f765e9\"><\/div>\n\n\n\n<p class=\"tb-heading has-text-color\" data-toolset-blocks-heading=\"066ff0eb7301bfcc7c8c82495ec49f7a\" data-last-update=\"1.4\">Registre o WPML em novos sites<\/p>\n<\/div>\n<\/div>\n<\/div>\n<\/div>\n<\/div><\/div>\n\n<div class=\"wp-block-toolset-blocks-container tb-container\" data-toolset-blocks-container=\"e65048833a949a6393bcf2d55656d528\"><div class=\"tb-container-inner\">\n<h2 id=\"renew-wpml\" class=\"tb-heading has-text-color\" data-toolset-blocks-heading=\"73941e21fda40c58799714bd31f5acd8\" data-last-update=\"1.4\">Como renovar o WPML<\/h2>\n\n\n\n<div class=\"wp-block-toolset-blocks-grid tb-grid\" data-toolset-blocks-grid=\"8ea5865c429595b71917a429796edf70\">\n<div class=\"wp-block-toolset-blocks-grid-column tb-grid-column tb-grid-align-top\" data-toolset-blocks-grid-column=\"89e1e0dc39d3e98fead7c4090a01f1bc\">\n<p class=\"tb-heading has-text-color has-background wa aligncenter\" data-toolset-blocks-heading=\"273107ffbd4dd1c4671a651a69c7655a\" data-last-update=\"1.4\">Etapa 1<\/p>\n\n\n\n<p class=\"tb-heading has-text-color\" data-toolset-blocks-heading=\"659dd5913ccccf4c54a2a438a35416f5\" data-last-update=\"1.4\">Fa\u00e7a login na sua <a href=\"https:\/\/wpml.org\/pt-br\/account\/\">conta do WPML<\/a> expirada<\/p>\n<\/div>\n\n\n\n<div class=\"wp-block-toolset-blocks-grid-column tb-grid-column tb-grid-align-top\" data-toolset-blocks-grid-column=\"89e1e0dc39d3e98fead7c4090a01f1bc\">\n<p class=\"tb-heading has-text-color has-background wa aligncenter\" data-toolset-blocks-heading=\"273107ffbd4dd1c4671a651a69c7655a\" data-last-update=\"1.4\">Etapa 2<\/p>\n\n\n\n<p class=\"tb-heading has-text-color\" data-toolset-blocks-heading=\"e49c26538802030c4b291cb432b9921c\" data-last-update=\"1.4\">Clique em <strong>Renovar sua conta<\/strong> no aviso<\/p>\n<\/div>\n\n\n\n<div class=\"wp-block-toolset-blocks-grid-column tb-grid-column tb-grid-align-top\" data-toolset-blocks-grid-column=\"89e1e0dc39d3e98fead7c4090a01f1bc\">\n<p class=\"tb-heading has-text-color has-background wa aligncenter\" data-toolset-blocks-heading=\"273107ffbd4dd1c4671a651a69c7655a\" data-last-update=\"1.4\">Etapa 3<\/p>\n\n\n\n<p class=\"tb-heading has-text-color\" data-toolset-blocks-heading=\"e49c26538802030c4b291cb432b9921c\" data-last-update=\"1.4\">Conclua o checkout e pague<\/p>\n<\/div>\n<\/div>\n<\/div><\/div>\n\n<div style=\"height:20px\" aria-hidden=\"true\" class=\"wp-block-spacer\"><\/div>\n\n<div class=\"wp-block-toolset-blocks-container tb-container\" data-toolset-blocks-container=\"9aa1ac579f2c88c7aaf6219534e4b8ea\"><div class=\"tb-container-inner\">\n<div id=\"FAQ\" class=\"wp-block-toolset-blocks-container tb-container\" data-toolset-blocks-container=\"b85bbea7fba27be991aa0c24c63aa6ba\">\n<h3 class=\"tb-heading has-text-color\" data-toolset-blocks-heading=\"9577dea7d75d2ba21e3ec7d0eadf3c94\" data-last-update=\"1.4\">Perguntas frequentes<\/h3>\n\n\n\n<div class=\"wp-block-toolset-blocks-container tb-container\" data-toolset-blocks-container=\"b58d71c6b23adcf044605babd02164c4\">\n<div id=\"what-is-a-credit-lnk\" class=\"tb-fields-and-text\" data-toolset-blocks-fields-and-text=\"af636384927fde30cddd30da1d57c590\"><p><a class=\"anchorlink btn btn-primary no-underline\" role=\"button\" href=\"#renewals-credits\" data-toggle=\"collapse\" aria-expanded=\"false\" aria-controls=\"collapseExample\" style=\"   color: #373737; font-weight: bold;\">O que s\u00e3o recargas de cr\u00e9ditos?<\/a><\/p><\/div>\n\n\n\n<div id=\"renewals-credits\" class=\"wp-block-toolset-blocks-container tb-container collapse\" data-toolset-blocks-container=\"543a6cca6897caf680dd72ddca86f52c\">\n<div class=\"wp-block-toolset-blocks-container tb-container card-body card\" data-toolset-blocks-container=\"4709f8ae6b8c27d262b7a97685dda302\">\n<div class=\"wp-block-toolset-blocks-grid tb-grid\" data-toolset-blocks-grid=\"e9d2b9c7255d69a7c46b00fef2b535e9\">\n<div class=\"wp-block-toolset-blocks-grid-column tb-grid-column tb-grid-align-center\" data-toolset-blocks-grid-column=\"f586ff7bfe1d7317c63162ec7b7039ed\">\n<div class=\"tb-video\"><video autoplay=\"\" playsinline=\"\" loop=\"\" muted=\"\" data-src=\"https:\/\/wpml.org\/wp-content\/uploads\/2023\/07\/Video-renew-WPML-1.mp4\" data-toolset-blocks-video=\"6e01a70e0c5e31ccf7d44b670e33d470\"><\/video><\/div>\n<\/div>\n\n\n\n<div class=\"wp-block-toolset-blocks-grid-column tb-grid-column tb-grid-align-center\" data-toolset-blocks-grid-column=\"f586ff7bfe1d7317c63162ec7b7039ed\">\n<div class=\"tb-fields-and-text product-page-content\" data-toolset-blocks-fields-and-text=\"934dc2c72b193267729e3c3ffd4c5a0c\"><div class=\"wp-block-toolset-blocks-grid tb-grid product-page-content\" data-toolset-blocks-grid=\"1151edddf677d57865be04c77ac1cb97\">\n  <div class=\"wp-block-toolset-blocks-grid-column tb-grid-column tb-grid-align-center\" data-toolset-blocks-grid-column=\"f586ff7bfe1d7317c63162ec7b7039ed\">\n    <p>Sempre que voc\u00ea renova o WPML, n\u00f3s reabastecemos seu saldo de cr\u00e9ditos de tradu\u00e7\u00e3o at\u00e9 um determinado limite:  <\/p>\n    <ul class=\"wp-block-list\">\n      <li><strong>Multilingual CMS<\/strong> \u2013 at\u00e9 90.000 cr\u00e9ditos <\/li>\n      <li><strong>Multilingual Agency<\/strong> \u2013 at\u00e9 180.000 cr\u00e9ditos<\/li>\n    <\/ul>\n  <\/div>\n<\/div><\/div>\n<\/div>\n<\/div>\n\n\n\n<p class=\"tb-heading\" data-toolset-blocks-heading=\"8421bda8b50dfb8caa6445075e894f0b\" data-last-update=\"1.4\">Por exemplo, se voc\u00ea tiver um plano <strong>Multilingual CMS <\/strong>com 33.000 cr\u00e9ditos restantes, voc\u00ea receber\u00e1 57.000 cr\u00e9ditos ao renovar o WPML. <\/p>\n<\/div>\n<\/div>\n<\/div>\n\n\n\n<div class=\"wp-block-toolset-blocks-container tb-container\" data-toolset-blocks-container=\"b58d71c6b23adcf044605babd02164c4\">\n<div id=\"calculate-your-cost-lnk\" class=\"tb-fields-and-text\" data-toolset-blocks-fields-and-text=\"83b909202873c48f1a431dcfe7e3fd31\"><p><a class=\"anchorlink btn btn-primary no-underline\" role=\"button\" href=\"#payment-method\" data-toggle=\"collapse\" aria-expanded=\"false\" aria-controls=\"collapseExample\" style=\"   color: #373737; font-weight: bold;\">Posso transferir renova\u00e7\u00f5es para meus clientes?<\/a><\/p><\/div>\n\n\n\n<div id=\"payment-method\" class=\"wp-block-toolset-blocks-container tb-container collapse\" data-toolset-blocks-container=\"dec7797e6ac58ce5e9c9a487f19f3a9d\">\n<div class=\"wp-block-toolset-blocks-container tb-container card-body card\" data-toolset-blocks-container=\"4709f8ae6b8c27d262b7a97685dda302\">\n<p class=\"tb-heading\" data-toolset-blocks-heading=\"8421bda8b50dfb8caa6445075e894f0b\" data-last-update=\"1.4\">A partir de 13 de janeiro de 2026, n\u00e3o ser\u00e1 poss\u00edvel transferir renova\u00e7\u00f5es para seus clientes. As transfer\u00eancias realizadas antes dessa data continuar\u00e3o funcionando para os usu\u00e1rios finais existentes.  Se o seu cliente desejar assumir um site que voc\u00ea criou para ele, ele dever\u00e1 <a href=\"https:\/\/wpml.org\/purchase\/paying-wpml-renewal-for-my-site\/\">adquirir uma assinatura do WPML e registrar o site novamente<\/a>. <\/p>\n<\/div>\n<\/div>\n<\/div>\n<\/div>\n<\/div><\/div>\n","protected":false},"excerpt":{"rendered":"","protected":false},"author":204756,"featured_media":0,"parent":95897,"menu_order":0,"comment_status":"closed","ping_status":"closed","template":"template-full.php","meta":{"_bbp_topic_count":0,"_bbp_reply_count":0,"_bbp_total_topic_count":0,"_bbp_total_reply_count":0,"_bbp_voice_count":0,"_bbp_anonymous_reply_count":0,"_bbp_topic_count_hidden":0,"_bbp_reply_count_hidden":0,"_bbp_forum_subforum_count":0,"_uag_custom_page_level_css":"","ep_exclude_from_search":false,"footnotes":""},"related-projects-category":[],"class_list":["post-12095327","page","type-page","status-publish","hentry"],"spectra_custom_meta":{"ratings_users":["0"],"ratings_score":["0"],"ratings_average":["0"],"_subscription_coupon_product_id":["0"],"_wpv_contains_gutenberg_views":[""],"_alp_processed":["1776872540"],"wpcf-unformatted-code":[""],"_wpml_media_duplicate":["1"],"_wpml_media_featured":["1"],"toolset_post_editor_mode":["block"],"wpcf-price-increase-show-from":[""],"wpcf-price-increase-show-till":[""],"_wp_page_template":["template-full.php"],"_last_translation_edit_mode":["translation-editor"],"cmplz_hide_cookiebanner":[""],"wpcf-price-increase-content":[""],"wpcf-login-box-title":[""],"wpcf-page-content":[""],"_yoast_wpseo_primary_related-projects-category":[""],"_wpml_word_count":["321"],"_yoast_wpseo_title":["%%title%% %%page%%"],"_yoast_wpseo_metadesc":["Descubra os benef\u00edcios de manter sua assinatura do WPML ativa e como gerenciar suas renova\u00e7\u00f5es."],"_uag_css_file_name":["uag-css-12095327.css"],"_uag_page_assets":["a:9:{s:3:\"css\";s:0:\"\";s:2:\"js\";s:0:\"\";s:18:\"current_block_list\";a:10:{i:0;s:24:\"toolset-blocks\/container\";i:1;s:19:\"toolset-blocks\/grid\";i:2;s:26:\"toolset-blocks\/grid-column\";i:3;s:22:\"toolset-blocks\/heading\";i:4;s:30:\"toolset-blocks\/fields-and-text\";i:5;s:21:\"toolset-blocks\/button\";i:7;s:20:\"toolset-blocks\/image\";i:8;s:11:\"core\/spacer\";i:13;s:20:\"toolset-blocks\/video\";i:14;s:14:\"core\/shortcode\";}s:8:\"uag_flag\";b:0;s:11:\"uag_version\";s:10:\"1778947580\";s:6:\"gfonts\";a:0:{}s:10:\"gfonts_url\";s:0:\"\";s:12:\"gfonts_files\";a:0:{}s:14:\"uag_faq_layout\";b:0;}"]},"uagb_featured_image_src":{"full":false,"thumbnail":false,"medium":false,"medium_large":false,"large":false,"1536x1536":false,"2048x2048":false,"gform-image-choice-sm":false,"gform-image-choice-md":false,"gform-image-choice-lg":false,"woocommerce_thumbnail":false,"woocommerce_single":false,"woocommerce_gallery_thumbnail":false},"uagb_author_info":{"display_name":"Julia Kovaleva","author_link":"https:\/\/wpml.org\/pt-br\/author\/julia-k\/"},"uagb_comment_info":0,"uagb_excerpt":null,"_links":{"self":[{"href":"https:\/\/wpml.org\/pt-br\/wp-json\/wp\/v2\/pages\/12095327","targetHints":{"allow":["GET"]}}],"collection":[{"href":"https:\/\/wpml.org\/pt-br\/wp-json\/wp\/v2\/pages"}],"about":[{"href":"https:\/\/wpml.org\/pt-br\/wp-json\/wp\/v2\/types\/page"}],"author":[{"embeddable":true,"href":"https:\/\/wpml.org\/pt-br\/wp-json\/wp\/v2\/users\/204756"}],"replies":[{"embeddable":true,"href":"https:\/\/wpml.org\/pt-br\/wp-json\/wp\/v2\/comments?post=12095327"}],"version-history":[{"count":8,"href":"https:\/\/wpml.org\/pt-br\/wp-json\/wp\/v2\/pages\/12095327\/revisions"}],"predecessor-version":[{"id":17988390,"href":"https:\/\/wpml.org\/pt-br\/wp-json\/wp\/v2\/pages\/12095327\/revisions\/17988390"}],"up":[{"embeddable":true,"href":"https:\/\/wpml.org\/pt-br\/wp-json\/wp\/v2\/pages\/95897"}],"wp:attachment":[{"href":"https:\/\/wpml.org\/pt-br\/wp-json\/wp\/v2\/media?parent=12095327"}],"wp:term":[{"taxonomy":"related-projects-category","embeddable":true,"href":"https:\/\/wpml.org\/pt-br\/wp-json\/wp\/v2\/related-projects-category?post=12095327"}],"curies":[{"name":"wp","href":"https:\/\/api.w.org\/{rel}","templated":true}]}}