{"id":13070779,"date":"2023-02-20T14:12:32","date_gmt":"2023-02-20T14:12:32","guid":{"rendered":"https:\/\/wpml.org\/documentacao\/informacoes-para-desenvolvedores\/ficheiros-de-configuracao-linguistica\/"},"modified":"2024-10-21T13:42:01","modified_gmt":"2024-10-21T13:42:01","slug":"ficheiros-de-configuracao-linguistica","status":"publish","type":"page","link":"https:\/\/wpml.org\/pt-br\/documentacao\/informacoes-para-desenvolvedores\/ficheiros-de-configuracao-linguistica\/","title":{"rendered":"WPML Arquivo de Configura\u00e7\u00e3o de Idioma"},"content":{"rendered":"\n<p class=\"lead\">WPML pode ler um arquivo de configura\u00e7\u00e3o que informa o que precisa ser traduzido em temas e plugins. O arquivo \u00e9 chamado <strong>wpml-config.xml<\/strong> e \u00e9 colocado na pasta raiz do plugin ou tema. <\/p>\n\n<h2 class=\"wp-block-heading\" id=\"purpose\">O objetivo do arquivo de configura\u00e7\u00e3o de idioma<a href=\"https:\/\/wpml.org\/pt-br\/documentacao\/informacoes-para-desenvolvedores\/ficheiros-de-configuracao-linguistica\/#purpose\"><\/a><\/h2>\n\n<p>Como parte de alcan\u00e7ar a compatibilidade com WPML, voc\u00ea tamb\u00e9m deve criar um arquivo de configura\u00e7\u00e3o que o ajudar\u00e1 a manter a compatibilidade em suas futuras vers\u00f5es. WPML pode traduzir qualquer coisa no seu site WordPress, mas voc\u00ea precisa inform\u00e1-lo o que precisa ser traduzido. Esse arquivo faz isso.<\/p>\n\n<p>V\u00e1 para a p\u00e1gina <strong>WPML<\/strong> \u2192 <strong>Configura\u00e7\u00f5es<\/strong>.<\/p>\n\n<figure class=\"wp-block-image tb-image tb-image-dynamic tb-image-frame-none\" data-toolset-blocks-image=\"d3c2d658d8aa4d32e40a999952956fa7\"><a href=\"https:\/\/wpml.org\/wp-content\/uploads\/2023\/11\/settings-page-1.png\"><img decoding=\"async\" width=\"1024\" height=\"693\" loading=\"lazy\" src=\"https:\/\/wpml.org\/wp-content\/uploads\/2023\/11\/settings-page-1-1024x693.png\" alt=\"\" class=\"wp-image-14904285\" srcset=\"https:\/\/wpml.org\/wp-content\/uploads\/2023\/11\/settings-page-1-1024x693.png 1024w, https:\/\/wpml.org\/wp-content\/uploads\/2023\/11\/settings-page-1-300x203.png 300w, https:\/\/wpml.org\/wp-content\/uploads\/2023\/11\/settings-page-1-150x102.png 150w, https:\/\/wpml.org\/wp-content\/uploads\/2023\/11\/settings-page-1-768x520.png 768w, https:\/\/wpml.org\/wp-content\/uploads\/2023\/11\/settings-page-1-1536x1040.png 1536w, https:\/\/wpml.org\/wp-content\/uploads\/2023\/11\/settings-page-1-2048x1386.png 2048w\" sizes=\"auto, (max-width: 1024px) 100vw, 1024px\" \/><\/a><figcaption><div class=\"tb-image-caption\"><span data-darkreader-inline-color=\"\" style=\"color: rgb(183, 176, 166); font-size: 0.9em; font-style: italic; font-family: Verdana, Geneva, sans-serif; white-space-collapse: collapse; --darkreader-inline-color: #c3bdb4;\">P\u00e1gina de Configura\u00e7\u00f5es do WPML<\/span><div><span data-darkreader-inline-color=\"\" style=\"color: rgb(183, 176, 166); font-size: 0.9em; font-style: italic; font-family: Verdana, Geneva, sans-serif; white-space-collapse: collapse; --darkreader-inline-color: #c3bdb4;\"><\/span><\/div><\/div><\/figcaption><\/figure>\n\n<p>Esta p\u00e1gina informa ao WPML tudo o que ele precisa saber, incluindo quais campos personalizados traduzir ou sincronizar, quais postagens e taxonomias personalizadas devem ser multil\u00edngues e at\u00e9 mesmo quais textos administrativos traduzir.<\/p>\n\n<p>O arquivo de configura\u00e7\u00e3o de idioma inclui essas informa\u00e7\u00f5es para que cada usu\u00e1rio n\u00e3o precise inseri-las manualmente na p\u00e1gina de administra\u00e7\u00e3o.<\/p>\n\n<p>Para alguns dos temas e plug-ins, estamos hospedando os arquivos de configura\u00e7\u00e3o de idioma em nossos servidores. Voc\u00ea pode ver uma lista <a href=\"https:\/\/github.com\/OnTheGoSystems\/wpml-config\" target=\"_blank\" rel=\"noreferrer noopener\">aqui<\/a>. Ele est\u00e1 configurado para substituir o arquivo de configura\u00e7\u00e3o de idioma local que est\u00e1 colocado dentro da pasta raiz do tema ou plugin.<\/p>\n\n<p>WPML tamb\u00e9m permite que voc\u00ea <a href=\"https:\/\/wpml.org\/documentation\/support\/language-configuration-files\/overriding-language-configuration-files\/\" target=\"_blank\" rel=\"noreferrer noopener\">substitua manualmente qualquer configura\u00e7\u00e3o carregada pelos arquivos de configura\u00e7\u00e3o de idioma do tema e plugin<\/a>. Isso se aplica tanto aos arquivos de configura\u00e7\u00e3o de idioma dentro da pasta raiz do tema ou plugin quanto aos arquivos de configura\u00e7\u00e3o de idioma hospedados em nossos servidores. <\/p>\n\n<h2 class=\"wp-block-heading\">Configura\u00e7\u00e3o de op\u00e7\u00f5es de tradu\u00e7\u00e3o para temas e plug-ins de terceiros<\/h2>\n\n<p>WPML \u00e9 compat\u00edvel com muitos temas e plugins populares e, para eles, voc\u00ea n\u00e3o precisa criar um arquivo de configura\u00e7\u00e3o de idioma.<\/p>\n\n<p>No entanto, se voc\u00ea estiver usando um tema ou plugin cujo conte\u00fado n\u00e3o aparece corretamente no Editor de Tradu\u00e7\u00e3o Avan\u00e7ada do WPML, pode ser necess\u00e1rio configurar manualmente suas op\u00e7\u00f5es de tradu\u00e7\u00e3o.<\/p>\n\n<p>Para configurar op\u00e7\u00f5es de tradu\u00e7\u00e3o para temas e plugins de terceiros, v\u00e1 para <strong>WPML<\/strong> \u2192 <strong>Configura\u00e7\u00f5es<\/strong> e clique na aba <strong>Configura\u00e7\u00e3o XML Personalizada<\/strong>. Use o editor de texto nesta p\u00e1gina para inserir o c\u00f3digo como faria se estivesse criando um arquivo <strong>wpml-config.xml<\/strong>. <\/p>\n\n<figure class=\"wp-block-image tb-image tb-image-dynamic tb-image-frame-none\" data-toolset-blocks-image=\"dd594b02fc2c2b21e3964bb69216579a\"><a href=\"https:\/\/wpml.org\/wp-content\/uploads\/2023\/12\/wpml-custom-xml-configuration.png\"><img decoding=\"async\" width=\"1024\" height=\"645\" loading=\"lazy\" src=\"https:\/\/wpml.org\/wp-content\/uploads\/2023\/12\/wpml-custom-xml-configuration-1024x645.png\" alt=\"\" class=\"wp-image-15032931\" srcset=\"https:\/\/wpml.org\/wp-content\/uploads\/2023\/12\/wpml-custom-xml-configuration-1024x645.png 1024w, https:\/\/wpml.org\/wp-content\/uploads\/2023\/12\/wpml-custom-xml-configuration-300x189.png 300w, https:\/\/wpml.org\/wp-content\/uploads\/2023\/12\/wpml-custom-xml-configuration-150x94.png 150w, https:\/\/wpml.org\/wp-content\/uploads\/2023\/12\/wpml-custom-xml-configuration-768x484.png 768w, https:\/\/wpml.org\/wp-content\/uploads\/2023\/12\/wpml-custom-xml-configuration.png 1405w\" sizes=\"auto, (max-width: 1024px) 100vw, 1024px\" \/><\/a><figcaption><div class=\"tb-image-caption\">Definir op\u00e7\u00f5es de tradu\u00e7\u00e3o para temas e plug-ins de terceiros na guia Custom XML Configuration<\/div><\/figcaption><\/figure>\n\n<h2 class=\"wp-block-heading\" id=\"generating-the-xml-file-automatically\">Gera\u00e7\u00e3o autom\u00e1tica do arquivo wpml-config.xml<a href=\"https:\/\/wpml.org\/pt-br\/documentacao\/informacoes-para-desenvolvedores\/ficheiros-de-configuracao-linguistica\/#generating-the-xml-file-automatically\"><\/a><\/h2>\n\n<p>Se voc\u00ea n\u00e3o estiver familiarizado com a cria\u00e7\u00e3o de arquivos XML, nossa equipe criou o plugin <a href=\"https:\/\/wpml.org\/pt-br\/documentacao\/informacoes-para-desenvolvedores\/plug-in-de-ferramentas-multilingues\/\">Multilingual Tools<\/a> que torna essa tarefa mais f\u00e1cil. Embora tenha sido inicialmente concebido como uma ferramenta para ajudar autores de temas e plugins a tornar seus produtos prontos para multil\u00edngues, ele pode ser facilmente usado para gerar seu pr\u00f3prio arquivo <strong>wpml-config.xml<\/strong>. <\/p>\n\n<p>Para saber mais sobre como gerar seu arquivo <strong>wpml-config.xml<\/strong>, visite a p\u00e1gina do plugin <a href=\"https:\/\/wpml.org\/pt-br\/documentacao\/informacoes-para-desenvolvedores\/plug-in-de-ferramentas-multilingues\/\">Multilingual Tools<\/a>. Especificamente, procure na se\u00e7\u00e3o <strong>Como fa\u00e7o para gerar arquivos de configura\u00e7\u00e3o de idioma usando o Multilingual Tools?<\/strong> <\/p>\n\n<p>Uma vez que voc\u00ea tenha o arquivo de configura\u00e7\u00e3o, adicione-o \u00e0 raiz da pasta do seu tema. Se voc\u00ea j\u00e1 tiver um, n\u00e3o o substitua. Em vez disso, edite seu arquivo XML original e adicione o c\u00f3digo gerado com o plugin <strong>Multilingual Tools<\/strong>.<\/p>\n\n<p>Observe que este plugin n\u00e3o \u00e9 destinado a ser usado em sites ao vivo, de produ\u00e7\u00e3o.<\/p>\n\n<p>Para ler este tutorial e criar arquivos de configura\u00e7\u00e3o de idioma para seus temas e plug-ins, voc\u00ea pode come\u00e7ar com este exemplo &#8211; <strong>\n  <a href=\"https:\/\/cdn.wpml.org\/wp-content\/uploads\/2010\/10\/wpml-config.zip\">wpml-config.zip<\/a>\n<\/strong>.<\/p>\n\n<p>Voc\u00ea precisar\u00e1 edit\u00e1-lo, mas poder\u00e1 usar as se\u00e7\u00f5es e a estrutura desse arquivo.<\/p>\n\n<h2 class=\"wp-block-heading\">Estrutura e sintaxe<\/h2>\n\n<p>WPML permite que voc\u00ea configure v\u00e1rios elementos usando o arquivo <strong>wpml-config.xml<\/strong>. Use os seguintes guias para encontrar informa\u00e7\u00f5es adicionais e instru\u00e7\u00f5es sobre como tornar elementos espec\u00edficos do site traduz\u00edveis:  <\/p>\n\n<ul class=\"wp-block-list\">\n<li><a href=\"https:\/\/wpml.org\/documentation\/support\/language-configuration-files\/translate-custom-shortcodes-with-wpml\/\">Traduzir Shortcodes Personalizados com WPML<\/a><\/li>\n\n\n\n<li><a href=\"https:\/\/wpml.org\/documentation\/support\/language-configuration-files\/register-page-builder-content-for-translation\/\">Registrar Conte\u00fado da P\u00e1gina Builder para Tradu\u00e7\u00e3o<\/a><\/li>\n\n\n\n<li><a href=\"https:\/\/wpml.org\/documentation\/support\/language-configuration-files\/how-to-register-page-builder-widgets-for-translation\/\">Registrar Widgets Personalizados da P\u00e1gina Builder para Tradu\u00e7\u00e3o<\/a><\/li>\n\n\n\n<li><a href=\"https:\/\/wpml.org\/documentation\/support\/language-configuration-files\/custom-fields-translation-options\/\">Definir Op\u00e7\u00f5es de Tradu\u00e7\u00e3o para Campos Personalizados Usando o Arquivo de Configura\u00e7\u00e3o do WPML<\/a><\/li>\n\n\n\n<li><a href=\"https:\/\/wpml.org\/documentation\/support\/language-configuration-files\/register-custom-terms-types-taxonomies-as-translatable\/\">Registre termos, tipos e taxonomias personalizados como traduz\u00edveis<\/a><\/li>\n\n\n\n<li><a href=\"https:\/\/wpml.org\/documentation\/support\/language-configuration-files\/make-custom-gutenberg-blocks-translatable\/\">Tornar Blocos Personalizados Gutenberg Traduz\u00edveis<\/a><\/li>\n\n\n\n<li><a href=\"https:\/\/wpml.org\/documentation\/support\/language-configuration-files\/translate-strings-in-wp-options-table\/\">Traduzir Textos que Temas e Plugins Salvam em wp_options<\/a><\/li>\n\n\n\n<li><a href=\"https:\/\/wpml.org\/documentation\/support\/language-configuration-files\/customize-wpml-language-switcher\/\">Personalizar o Seletor de Idiomas do WPML Usando o Arquivo de Configura\u00e7\u00e3o do WPML<\/a><\/li>\n<\/ul>\n\n<h2 class=\"wp-block-heading\" id=\"using-wpml-language-configuration-file-with-child-themes\">Usando o Arquivo de Configura\u00e7\u00e3o de Idioma do WPML com Temas Filhos<a href=\"https:\/\/wpml.org\/pt-br\/documentacao\/informacoes-para-desenvolvedores\/ficheiros-de-configuracao-linguistica\/#using-wpml-language-configuration-file-with-child-themes\"><\/a><\/h2>\n\n<p>Se voc\u00ea estiver usando um tema filho, o arquivo de configura\u00e7\u00e3o de idioma do tema pai substitui o encontrado no tema filho. WPML fornece uma p\u00e1gina de configura\u00e7\u00e3o que permite substituir isso facilmente com quaisquer configura\u00e7\u00f5es personalizadas.<\/p>\n\n<p>Vamos considerar um exemplo onde o arquivo de configura\u00e7\u00e3o de idioma do tema pai est\u00e1 configurando o tipo de postagem personalizada \u201cPropriedade\u201d para ser traduz\u00edvel.<\/p>\n\n<figure class=\"wp-block-image tb-image tb-image-dynamic tb-image-frame-none\" data-toolset-blocks-image=\"bd97f72fcea98419a22c630d55029ab9\"><a href=\"https:\/\/wpml.org\/wp-content\/uploads\/2023\/11\/The-parent-language-configuration-file-is-setting-the-property-custom-post-type-to-translate.png\"><img decoding=\"async\" width=\"884\" height=\"386\" loading=\"lazy\" src=\"https:\/\/wpml.org\/wp-content\/uploads\/2023\/11\/The-parent-language-configuration-file-is-setting-the-property-custom-post-type-to-translate.png\" alt=\"\" class=\"wp-image-14904317\" srcset=\"https:\/\/wpml.org\/wp-content\/uploads\/2023\/11\/The-parent-language-configuration-file-is-setting-the-property-custom-post-type-to-translate.png 884w, https:\/\/wpml.org\/wp-content\/uploads\/2023\/11\/The-parent-language-configuration-file-is-setting-the-property-custom-post-type-to-translate-300x131.png 300w, https:\/\/wpml.org\/wp-content\/uploads\/2023\/11\/The-parent-language-configuration-file-is-setting-the-property-custom-post-type-to-translate-150x65.png 150w, https:\/\/wpml.org\/wp-content\/uploads\/2023\/11\/The-parent-language-configuration-file-is-setting-the-property-custom-post-type-to-translate-768x335.png 768w\" sizes=\"auto, (max-width: 884px) 100vw, 884px\" \/><\/a><figcaption><div class=\"tb-image-caption\">O arquivo de configura\u00e7\u00e3o de idioma do tema pai est\u00e1 configurando o tipo de postagem personalizada de propriedade para traduzir<div><span data-darkreader-inline-color=\"\" style=\"color: rgb(183, 176, 166); font-size: 0.9em; font-style: italic; font-family: Verdana, Geneva, sans-serif; white-space-collapse: collapse; --darkreader-inline-color: #c3bdb4;\"><\/span><\/div><\/div><\/figcaption><\/figure>\n\n<p>Se voc\u00ea estiver usando um tema filho e quiser definir o tipo de postagem personalizada \u201cPropriedade\u201d como n\u00e3o traduz\u00edvel, navegue at\u00e9 a p\u00e1gina <strong>WPML<\/strong> \u2192 <strong>Configura\u00e7\u00f5es<\/strong> e clique na aba <strong>Configura\u00e7\u00e3o XML Personalizada<\/strong>. Use o editor para definir o tipo de postagem personalizada \u201cPropriedade\u201d como n\u00e3o traduz\u00edvel.  Simplesmente, defina o valor do atributo <strong>translate <\/strong>como <strong>0<\/strong> em vez de <strong>1<\/strong>.<\/p>\n\n<figure class=\"wp-block-image tb-image tb-image-dynamic tb-image-frame-none\" data-toolset-blocks-image=\"73c4cb83d97f1b32682b76f4baf9e819\"><a href=\"https:\/\/wpml.org\/wp-content\/uploads\/2023\/11\/wpml-overriding-language-configuration-settings.png\"><img decoding=\"async\" width=\"1024\" height=\"829\" loading=\"lazy\" src=\"https:\/\/wpml.org\/wp-content\/uploads\/2023\/11\/wpml-overriding-language-configuration-settings-1024x829.png\" alt=\"\" class=\"wp-image-14904347\" srcset=\"https:\/\/wpml.org\/wp-content\/uploads\/2023\/11\/wpml-overriding-language-configuration-settings-1024x829.png 1024w, https:\/\/wpml.org\/wp-content\/uploads\/2023\/11\/wpml-overriding-language-configuration-settings-300x243.png 300w, https:\/\/wpml.org\/wp-content\/uploads\/2023\/11\/wpml-overriding-language-configuration-settings-150x121.png 150w, https:\/\/wpml.org\/wp-content\/uploads\/2023\/11\/wpml-overriding-language-configuration-settings-768x622.png 768w, https:\/\/wpml.org\/wp-content\/uploads\/2023\/11\/wpml-overriding-language-configuration-settings.png 1181w\" sizes=\"auto, (max-width: 1024px) 100vw, 1024px\" \/><\/a><figcaption><div class=\"tb-image-caption\">Substituindo as configura\u00e7\u00f5es de configura\u00e7\u00e3o de idioma do tema pai<div><span data-darkreader-inline-color=\"\" style=\"color: rgb(183, 176, 166); font-size: 0.9em; font-style: italic; font-family: Verdana, Geneva, sans-serif; white-space-collapse: collapse; --darkreader-inline-color: #c3bdb4;\"><\/span><\/div><\/div><\/figcaption><\/figure>\n\n<p>As configura\u00e7\u00f5es na aba <strong>Configura\u00e7\u00e3o XML Personalizada<\/strong> t\u00eam prioridade sobre as configura\u00e7\u00f5es no arquivo de configura\u00e7\u00e3o de idioma no tema pai.<a href=\"https:\/\/cdn.wpml.org\/wp-content\/uploads\/2018\/07\/wpml-overriding-language-configuration-settings.png\"><\/a><\/p>\n","protected":false},"excerpt":{"rendered":"<p>WPML pode ler um arquivo de configura\u00e7\u00e3o que informa o que precisa ser traduzido em temas e plugins. O arquivo \u00e9 chamado wpml-config.xml e \u00e9 colocado na pasta raiz do plugin ou tema. O objetivo do arquivo de configura\u00e7\u00e3o de idioma Como parte de alcan\u00e7ar a compatibilidade com WPML, voc\u00ea tamb\u00e9m deve criar um arquivo [&hellip;]<\/p>\n","protected":false},"author":2,"featured_media":0,"parent":110624,"menu_order":28,"comment_status":"closed","ping_status":"closed","template":"template-sidebar-2.php","meta":{"_bbp_topic_count":0,"_bbp_reply_count":0,"_bbp_total_topic_count":0,"_bbp_total_reply_count":0,"_bbp_voice_count":0,"_bbp_anonymous_reply_count":0,"_bbp_topic_count_hidden":0,"_bbp_reply_count_hidden":0,"_bbp_forum_subforum_count":0,"_uag_custom_page_level_css":"","ep_exclude_from_search":false,"footnotes":""},"related-projects-category":[],"class_list":["post-13070779","page","type-page","status-publish","hentry"],"spectra_custom_meta":{"ratings_users":["0"],"ratings_score":["0"],"ratings_average":["0"],"_subscription_coupon_product_id":["0"],"_syntaxhighlighter_encoded":["1"],"_wpv_contains_gutenberg_views":[""],"_alp_processed":["1729518121"],"_views_template":["0"],"wpcf-unformatted-code":[""],"_wpml_media_featured":["1"],"wpcf-price-increase-show-from":[""],"wpcf-price-increase-show-till":[""],"_wp_page_template":["template-sidebar-2.php"],"_last_translation_edit_mode":["translation-editor"],"_wpml_media_duplicate":["0"],"toolset_post_editor_mode":["block"],"wpcf-price-increase-content":[""],"wpcf-relevant-forum-documentation":["1"],"wpcf-login-box-title":[""],"wpcf-page-content":[""],"_yoast_wpseo_primary_related-projects-category":[""],"_cms_nav_minihome":["1"],"_uagb_previous_block_counts":["a:90:{s:21:\"uagb\/advanced-heading\";i:0;s:15:\"uagb\/blockquote\";i:0;s:12:\"uagb\/buttons\";i:0;s:18:\"uagb\/buttons-child\";i:0;s:19:\"uagb\/call-to-action\";i:0;s:15:\"uagb\/cf7-styler\";i:0;s:11:\"uagb\/column\";i:0;s:12:\"uagb\/columns\";i:0;s:14:\"uagb\/container\";i:0;s:21:\"uagb\/content-timeline\";i:0;s:27:\"uagb\/content-timeline-child\";i:0;s:14:\"uagb\/countdown\";i:0;s:12:\"uagb\/counter\";i:0;s:8:\"uagb\/faq\";i:0;s:14:\"uagb\/faq-child\";i:0;s:10:\"uagb\/forms\";i:0;s:17:\"uagb\/forms-accept\";i:0;s:19:\"uagb\/forms-checkbox\";i:0;s:15:\"uagb\/forms-date\";i:0;s:16:\"uagb\/forms-email\";i:0;s:17:\"uagb\/forms-hidden\";i:0;s:15:\"uagb\/forms-name\";i:0;s:16:\"uagb\/forms-phone\";i:0;s:16:\"uagb\/forms-radio\";i:0;s:17:\"uagb\/forms-select\";i:0;s:19:\"uagb\/forms-textarea\";i:0;s:17:\"uagb\/forms-toggle\";i:0;s:14:\"uagb\/forms-url\";i:0;s:14:\"uagb\/gf-styler\";i:0;s:15:\"uagb\/google-map\";i:0;s:11:\"uagb\/how-to\";i:0;s:16:\"uagb\/how-to-step\";i:0;s:9:\"uagb\/icon\";i:0;s:14:\"uagb\/icon-list\";i:0;s:20:\"uagb\/icon-list-child\";i:0;s:10:\"uagb\/image\";i:0;s:18:\"uagb\/image-gallery\";i:0;s:13:\"uagb\/info-box\";i:0;s:18:\"uagb\/inline-notice\";i:0;s:11:\"uagb\/lottie\";i:0;s:21:\"uagb\/marketing-button\";i:0;s:10:\"uagb\/modal\";i:0;s:18:\"uagb\/popup-builder\";i:0;s:16:\"uagb\/post-button\";i:0;s:18:\"uagb\/post-carousel\";i:0;s:17:\"uagb\/post-excerpt\";i:0;s:14:\"uagb\/post-grid\";i:0;s:15:\"uagb\/post-image\";i:0;s:17:\"uagb\/post-masonry\";i:0;s:14:\"uagb\/post-meta\";i:0;s:18:\"uagb\/post-taxonomy\";i:0;s:18:\"uagb\/post-timeline\";i:0;s:15:\"uagb\/post-title\";i:0;s:20:\"uagb\/restaurant-menu\";i:0;s:26:\"uagb\/restaurant-menu-child\";i:0;s:11:\"uagb\/review\";i:0;s:12:\"uagb\/section\";i:0;s:14:\"uagb\/separator\";i:0;s:11:\"uagb\/slider\";i:0;s:17:\"uagb\/slider-child\";i:0;s:17:\"uagb\/social-share\";i:0;s:23:\"uagb\/social-share-child\";i:0;s:16:\"uagb\/star-rating\";i:0;s:23:\"uagb\/sure-cart-checkout\";i:0;s:22:\"uagb\/sure-cart-product\";i:0;s:15:\"uagb\/sure-forms\";i:0;s:22:\"uagb\/table-of-contents\";i:0;s:9:\"uagb\/tabs\";i:0;s:15:\"uagb\/tabs-child\";i:0;s:18:\"uagb\/taxonomy-list\";i:0;s:9:\"uagb\/team\";i:0;s:16:\"uagb\/testimonial\";i:0;s:14:\"uagb\/wp-search\";i:0;s:19:\"uagb\/instagram-feed\";i:0;s:10:\"uagb\/login\";i:0;s:17:\"uagb\/loop-builder\";i:0;s:18:\"uagb\/loop-category\";i:0;s:20:\"uagb\/loop-pagination\";i:0;s:15:\"uagb\/loop-reset\";i:0;s:16:\"uagb\/loop-search\";i:0;s:14:\"uagb\/loop-sort\";i:0;s:17:\"uagb\/loop-wrapper\";i:0;s:13:\"uagb\/register\";i:0;s:19:\"uagb\/register-email\";i:0;s:24:\"uagb\/register-first-name\";i:0;s:23:\"uagb\/register-last-name\";i:0;s:22:\"uagb\/register-password\";i:0;s:30:\"uagb\/register-reenter-password\";i:0;s:19:\"uagb\/register-terms\";i:0;s:22:\"uagb\/register-username\";i:0;}"],"_uag_css_file_name":["uag-css-13070779.css"],"_uag_page_assets":["a:9:{s:3:\"css\";s:260:\".uag-blocks-common-selector{z-index:var(--z-index-desktop) !important}@media(max-width: 976px){.uag-blocks-common-selector{z-index:var(--z-index-tablet) !important}}@media(max-width: 767px){.uag-blocks-common-selector{z-index:var(--z-index-mobile) !important}}\";s:2:\"js\";s:0:\"\";s:18:\"current_block_list\";a:6:{i:0;s:14:\"core\/paragraph\";i:1;s:12:\"core\/heading\";i:2;s:20:\"toolset-blocks\/image\";i:3;s:9:\"core\/list\";i:4;s:14:\"core\/list-item\";i:5;s:14:\"core\/shortcode\";}s:8:\"uag_flag\";b:0;s:11:\"uag_version\";s:10:\"1778206471\";s:6:\"gfonts\";a:0:{}s:10:\"gfonts_url\";s:0:\"\";s:12:\"gfonts_files\";a:0:{}s:14:\"uag_faq_layout\";b:0;}"]},"uagb_featured_image_src":{"full":false,"thumbnail":false,"medium":false,"medium_large":false,"large":false,"1536x1536":false,"2048x2048":false,"gform-image-choice-sm":false,"gform-image-choice-md":false,"gform-image-choice-lg":false,"woocommerce_thumbnail":false,"woocommerce_single":false,"woocommerce_gallery_thumbnail":false},"uagb_author_info":{"display_name":"Amir","author_link":"https:\/\/wpml.org\/pt-br\/author\/amir\/"},"uagb_comment_info":0,"uagb_excerpt":"WPML pode ler um arquivo de configura\u00e7\u00e3o que informa o que precisa ser traduzido em temas e plugins. O arquivo \u00e9 chamado wpml-config.xml e \u00e9 colocado na pasta raiz do plugin ou tema. O objetivo do arquivo de configura\u00e7\u00e3o de idioma Como parte de alcan\u00e7ar a compatibilidade com WPML, voc\u00ea tamb\u00e9m deve criar um arquivo&hellip;","_links":{"self":[{"href":"https:\/\/wpml.org\/pt-br\/wp-json\/wp\/v2\/pages\/13070779","targetHints":{"allow":["GET"]}}],"collection":[{"href":"https:\/\/wpml.org\/pt-br\/wp-json\/wp\/v2\/pages"}],"about":[{"href":"https:\/\/wpml.org\/pt-br\/wp-json\/wp\/v2\/types\/page"}],"author":[{"embeddable":true,"href":"https:\/\/wpml.org\/pt-br\/wp-json\/wp\/v2\/users\/2"}],"replies":[{"embeddable":true,"href":"https:\/\/wpml.org\/pt-br\/wp-json\/wp\/v2\/comments?post=13070779"}],"version-history":[{"count":8,"href":"https:\/\/wpml.org\/pt-br\/wp-json\/wp\/v2\/pages\/13070779\/revisions"}],"predecessor-version":[{"id":16312602,"href":"https:\/\/wpml.org\/pt-br\/wp-json\/wp\/v2\/pages\/13070779\/revisions\/16312602"}],"up":[{"embeddable":true,"href":"https:\/\/wpml.org\/pt-br\/wp-json\/wp\/v2\/pages\/110624"}],"wp:attachment":[{"href":"https:\/\/wpml.org\/pt-br\/wp-json\/wp\/v2\/media?parent=13070779"}],"wp:term":[{"taxonomy":"related-projects-category","embeddable":true,"href":"https:\/\/wpml.org\/pt-br\/wp-json\/wp\/v2\/related-projects-category?post=13070779"}],"curies":[{"name":"wp","href":"https:\/\/api.w.org\/{rel}","templated":true}]}}