{"id":13070953,"date":"2023-02-20T14:23:18","date_gmt":"2023-02-20T14:23:18","guid":{"rendered":"https:\/\/wpml.org\/documentacao\/por-onde-comecar\/configuracao-de-idiomas\/linguas-pre-configuradas\/"},"modified":"2024-11-28T07:01:22","modified_gmt":"2024-11-28T07:01:22","slug":"linguas-pre-configuradas","status":"publish","type":"page","link":"https:\/\/wpml.org\/pt-br\/documentacao\/por-onde-comecar\/configuracao-de-idiomas\/linguas-pre-configuradas\/","title":{"rendered":"L\u00ednguas pr\u00e9-configuradas"},"content":{"rendered":"\n<p class=\"lead\">WPML inclui 65 idiomas prontos para uso. Veja nossa lista de idiomas para saber quais est\u00e3o dispon\u00edveis. <\/p>\n\n<p>Aqui est\u00e1 uma lista de idiomas que v\u00eam <strong>pr\u00e9-configurados<\/strong> com o WPML:<\/p>\n\n<h2 class=\"wp-block-heading\">Mais popular<\/h2>\n\n<ul class=\"wp-block-list\">\n<li>Chin\u00eas (simplificado)<\/li>\n\n\n\n<li>Chin\u00eas (tradicional)<\/li>\n\n\n\n<li>Dinamarqu\u00eas<\/li>\n\n\n\n<li>Holand\u00eas<\/li>\n\n\n\n<li>Ingl\u00eas<\/li>\n\n\n\n<li>Franc\u00eas<\/li>\n\n\n\n<li>Alem\u00e3o<\/li>\n\n\n\n<li>Italiano<\/li>\n\n\n\n<li>Japon\u00eas<\/li>\n\n\n\n<li>Russo<\/li>\n\n\n\n<li>Espanhol<\/li>\n<\/ul>\n\n<h2 class=\"wp-block-heading\">Outras l\u00ednguas pr\u00e9-configuradas<\/h2>\n\n<ul class=\"wp-block-list\">\n<li>Alban\u00eas<\/li>\n\n\n\n<li>\u00c1rabe<\/li>\n\n\n\n<li>Arm\u00eanio<\/li>\n\n\n\n<li>Azerbaijan\u00eas<\/li>\n\n\n\n<li>Basco<\/li>\n\n\n\n<li>Bengali<\/li>\n\n\n\n<li>B\u00f3snio<\/li>\n\n\n\n<li>B\u00falgaro<\/li>\n\n\n\n<li>Catal\u00e3o<\/li>\n\n\n\n<li>Croata<\/li>\n\n\n\n<li>Tcheco<\/li>\n\n\n\n<li>Esperanto<\/li>\n\n\n\n<li>Estoniano<\/li>\n\n\n\n<li>Finland\u00eas<\/li>\n\n\n\n<li>Galego<\/li>\n\n\n\n<li>Grego<\/li>\n\n\n\n<li>Hebraico<\/li>\n\n\n\n<li>Hindi<\/li>\n\n\n\n<li>H\u00fangaro<\/li>\n\n\n\n<li>island\u00eas<\/li>\n\n\n\n<li>Indon\u00e9sio<\/li>\n\n\n\n<li>Irland\u00eas<\/li>\n\n\n\n<li>Coreano<\/li>\n\n\n\n<li>Curdo<\/li>\n\n\n\n<li>Let\u00e3o<\/li>\n\n\n\n<li>Lituano<\/li>\n\n\n\n<li>Maced\u00f4nio<\/li>\n\n\n\n<li>Malaio<\/li>\n\n\n\n<li>Malt\u00eas<\/li>\n\n\n\n<li>Moldavo<\/li>\n\n\n\n<li>Mongol<\/li>\n\n\n\n<li>Nepal\u00eas<\/li>\n\n\n\n<li>Bokm\u00e5l noruegu\u00eas<\/li>\n\n\n\n<li>Persa<\/li>\n\n\n\n<li>Polon\u00eas<\/li>\n\n\n\n<li>Portugu\u00eas (Brasil)<\/li>\n\n\n\n<li>Portugu\u00eas (Portugal)<\/li>\n\n\n\n<li>Punjabi<\/li>\n\n\n\n<li>Quechua<\/li>\n\n\n\n<li>Romeno<\/li>\n\n\n\n<li>S\u00e9rvio<\/li>\n\n\n\n<li>Eslovaco<\/li>\n\n\n\n<li>Esloveno<\/li>\n\n\n\n<li>Somali<\/li>\n\n\n\n<li>Sueco<\/li>\n\n\n\n<li>Tamil<\/li>\n\n\n\n<li>Tailand\u00eas<\/li>\n\n\n\n<li>Turco<\/li>\n\n\n\n<li>Ucraniano<\/li>\n\n\n\n<li>Urdu<\/li>\n\n\n\n<li>Uzbeque<\/li>\n\n\n\n<li>Vietnamita<\/li>\n\n\n\n<li>Gal\u00eas<\/li>\n\n\n\n<li>I\u00eddiche<\/li>\n\n\n\n<li>Zulu<\/li>\n<\/ul>\n\n<p>Voc\u00ea pode encontrar a lista de idiomas pr\u00e9-configurados indo para <strong>WPML<\/strong> \u2192 <strong>Idiomas<\/strong> e clicando em <strong>Adicionar\/Remover idiomas<\/strong>.<\/p>\n\n<p>Se voc\u00ea quiser usar a tradu\u00e7\u00e3o autom\u00e1tica, veja <a href=\"https:\/\/ate.wpml.org\/mt_langs\">quais mecanismos de tradu\u00e7\u00e3o s\u00e3o compat\u00edveis com cada idioma<\/a>.<\/p>\n\n<p>Se voc\u00ea deseja saber o c\u00f3digo de idioma de cada idioma em seu site, pode consultar as <a href=\"https:\/\/wpml.org\/documentation\/support\/wpml-tables\/\">tabelas de banco de dados do WPML<\/a> para todos os idiomas. Ou, voc\u00ea pode ir para <strong>WPML<\/strong> \u2192 <strong>Idiomas<\/strong> e clicar em <strong>Editar Idiomas<\/strong>.  <\/p>\n\n<h2 class=\"wp-block-heading\">N\u00e3o encontrou a sua l\u00edngua? Adicione-a voc\u00ea mesmo<\/h2>\n\n<p>Se o seu idioma n\u00e3o estiver inclu\u00eddo na lista pr\u00e9-configurada de idiomas, voc\u00ea poder\u00e1 <a href=\"https:\/\/wpml.org\/documentation\/getting-started-guide\/language-setup\/editing-wpmls-languages-table\/\">adicionar idiomas personalizados ou espec\u00edficos do pa\u00eds<\/a>.<\/p>\n","protected":false},"excerpt":{"rendered":"<p>WPML inclui 65 idiomas prontos para uso. Veja nossa lista de idiomas para saber quais est\u00e3o dispon\u00edveis. Aqui est\u00e1 uma lista de idiomas que v\u00eam pr\u00e9-configurados com o WPML: Mais popular Outras l\u00ednguas pr\u00e9-configuradas Voc\u00ea pode encontrar a lista de idiomas pr\u00e9-configurados indo para WPML \u2192 Idiomas e clicando em Adicionar\/Remover idiomas. Se voc\u00ea quiser [&hellip;]<\/p>\n","protected":false},"author":59141,"featured_media":0,"parent":100360,"menu_order":0,"comment_status":"closed","ping_status":"closed","template":"template-nosidebar-centered.php","meta":{"_bbp_topic_count":0,"_bbp_reply_count":0,"_bbp_total_topic_count":0,"_bbp_total_reply_count":0,"_bbp_voice_count":0,"_bbp_anonymous_reply_count":0,"_bbp_topic_count_hidden":0,"_bbp_reply_count_hidden":0,"_bbp_forum_subforum_count":0,"_uag_custom_page_level_css":"","ep_exclude_from_search":false,"footnotes":""},"related-projects-category":[],"class_list":["post-13070953","page","type-page","status-publish","hentry"],"spectra_custom_meta":{"ratings_users":["0"],"ratings_score":["0"],"ratings_average":["0"],"_subscription_coupon_product_id":["0"],"_wpv_contains_gutenberg_views":[""],"_alp_processed":["1732777282"],"_views_template":["0"],"wpcf-unformatted-code":[""],"_wpml_media_duplicate":["0"],"_wpml_media_featured":["1"],"toolset_post_editor_mode":["block"],"wpcf-price-increase-show-from":[""],"wpcf-price-increase-show-till":[""],"_wp_page_template":["template-nosidebar-centered.php"],"_last_translation_edit_mode":["translation-editor"],"_yoast_wpseo_metadesc":["WPML inclui 65 idiomas prontos para uso. Veja nossa lista de idiomas para saber quais est\u00e3o dispon\u00edveis."],"_wpml_word_count":["262"],"_uagb_previous_block_counts":["a:90:{s:21:\"uagb\/advanced-heading\";i:0;s:15:\"uagb\/blockquote\";i:0;s:12:\"uagb\/buttons\";i:0;s:18:\"uagb\/buttons-child\";i:0;s:19:\"uagb\/call-to-action\";i:0;s:15:\"uagb\/cf7-styler\";i:0;s:11:\"uagb\/column\";i:0;s:12:\"uagb\/columns\";i:0;s:14:\"uagb\/container\";i:0;s:21:\"uagb\/content-timeline\";i:0;s:27:\"uagb\/content-timeline-child\";i:0;s:14:\"uagb\/countdown\";i:0;s:12:\"uagb\/counter\";i:0;s:8:\"uagb\/faq\";i:0;s:14:\"uagb\/faq-child\";i:0;s:10:\"uagb\/forms\";i:0;s:17:\"uagb\/forms-accept\";i:0;s:19:\"uagb\/forms-checkbox\";i:0;s:15:\"uagb\/forms-date\";i:0;s:16:\"uagb\/forms-email\";i:0;s:17:\"uagb\/forms-hidden\";i:0;s:15:\"uagb\/forms-name\";i:0;s:16:\"uagb\/forms-phone\";i:0;s:16:\"uagb\/forms-radio\";i:0;s:17:\"uagb\/forms-select\";i:0;s:19:\"uagb\/forms-textarea\";i:0;s:17:\"uagb\/forms-toggle\";i:0;s:14:\"uagb\/forms-url\";i:0;s:14:\"uagb\/gf-styler\";i:0;s:15:\"uagb\/google-map\";i:0;s:11:\"uagb\/how-to\";i:0;s:16:\"uagb\/how-to-step\";i:0;s:9:\"uagb\/icon\";i:0;s:14:\"uagb\/icon-list\";i:0;s:20:\"uagb\/icon-list-child\";i:0;s:10:\"uagb\/image\";i:0;s:18:\"uagb\/image-gallery\";i:0;s:13:\"uagb\/info-box\";i:0;s:18:\"uagb\/inline-notice\";i:0;s:11:\"uagb\/lottie\";i:0;s:21:\"uagb\/marketing-button\";i:0;s:10:\"uagb\/modal\";i:0;s:18:\"uagb\/popup-builder\";i:0;s:16:\"uagb\/post-button\";i:0;s:18:\"uagb\/post-carousel\";i:0;s:17:\"uagb\/post-excerpt\";i:0;s:14:\"uagb\/post-grid\";i:0;s:15:\"uagb\/post-image\";i:0;s:17:\"uagb\/post-masonry\";i:0;s:14:\"uagb\/post-meta\";i:0;s:18:\"uagb\/post-taxonomy\";i:0;s:18:\"uagb\/post-timeline\";i:0;s:15:\"uagb\/post-title\";i:0;s:20:\"uagb\/restaurant-menu\";i:0;s:26:\"uagb\/restaurant-menu-child\";i:0;s:11:\"uagb\/review\";i:0;s:12:\"uagb\/section\";i:0;s:14:\"uagb\/separator\";i:0;s:11:\"uagb\/slider\";i:0;s:17:\"uagb\/slider-child\";i:0;s:17:\"uagb\/social-share\";i:0;s:23:\"uagb\/social-share-child\";i:0;s:16:\"uagb\/star-rating\";i:0;s:23:\"uagb\/sure-cart-checkout\";i:0;s:22:\"uagb\/sure-cart-product\";i:0;s:15:\"uagb\/sure-forms\";i:0;s:22:\"uagb\/table-of-contents\";i:0;s:9:\"uagb\/tabs\";i:0;s:15:\"uagb\/tabs-child\";i:0;s:18:\"uagb\/taxonomy-list\";i:0;s:9:\"uagb\/team\";i:0;s:16:\"uagb\/testimonial\";i:0;s:14:\"uagb\/wp-search\";i:0;s:19:\"uagb\/instagram-feed\";i:0;s:10:\"uagb\/login\";i:0;s:17:\"uagb\/loop-builder\";i:0;s:18:\"uagb\/loop-category\";i:0;s:20:\"uagb\/loop-pagination\";i:0;s:15:\"uagb\/loop-reset\";i:0;s:16:\"uagb\/loop-search\";i:0;s:14:\"uagb\/loop-sort\";i:0;s:17:\"uagb\/loop-wrapper\";i:0;s:13:\"uagb\/register\";i:0;s:19:\"uagb\/register-email\";i:0;s:24:\"uagb\/register-first-name\";i:0;s:23:\"uagb\/register-last-name\";i:0;s:22:\"uagb\/register-password\";i:0;s:30:\"uagb\/register-reenter-password\";i:0;s:19:\"uagb\/register-terms\";i:0;s:22:\"uagb\/register-username\";i:0;}"],"_uag_css_file_name":["uag-css-13070953.css"],"_uag_page_assets":["a:9:{s:3:\"css\";s:260:\".uag-blocks-common-selector{z-index:var(--z-index-desktop) !important}@media(max-width: 976px){.uag-blocks-common-selector{z-index:var(--z-index-tablet) !important}}@media(max-width: 767px){.uag-blocks-common-selector{z-index:var(--z-index-mobile) !important}}\";s:2:\"js\";s:0:\"\";s:18:\"current_block_list\";a:5:{i:0;s:14:\"core\/paragraph\";i:1;s:12:\"core\/heading\";i:2;s:9:\"core\/list\";i:3;s:14:\"core\/list-item\";i:4;s:14:\"core\/shortcode\";}s:8:\"uag_flag\";b:0;s:11:\"uag_version\";s:10:\"1778662766\";s:6:\"gfonts\";a:0:{}s:10:\"gfonts_url\";s:0:\"\";s:12:\"gfonts_files\";a:0:{}s:14:\"uag_faq_layout\";b:0;}"]},"uagb_featured_image_src":{"full":false,"thumbnail":false,"medium":false,"medium_large":false,"large":false,"1536x1536":false,"2048x2048":false,"gform-image-choice-sm":false,"gform-image-choice-md":false,"gform-image-choice-lg":false,"woocommerce_thumbnail":false,"woocommerce_single":false,"woocommerce_gallery_thumbnail":false},"uagb_author_info":{"display_name":"Agnes Bury","author_link":"https:\/\/wpml.org\/pt-br\/author\/agnes-b\/"},"uagb_comment_info":0,"uagb_excerpt":"WPML inclui 65 idiomas prontos para uso. Veja nossa lista de idiomas para saber quais est\u00e3o dispon\u00edveis. Aqui est\u00e1 uma lista de idiomas que v\u00eam pr\u00e9-configurados com o WPML: Mais popular Outras l\u00ednguas pr\u00e9-configuradas Voc\u00ea pode encontrar a lista de idiomas pr\u00e9-configurados indo para WPML \u2192 Idiomas e clicando em Adicionar\/Remover idiomas. Se voc\u00ea quiser&hellip;","_links":{"self":[{"href":"https:\/\/wpml.org\/pt-br\/wp-json\/wp\/v2\/pages\/13070953","targetHints":{"allow":["GET"]}}],"collection":[{"href":"https:\/\/wpml.org\/pt-br\/wp-json\/wp\/v2\/pages"}],"about":[{"href":"https:\/\/wpml.org\/pt-br\/wp-json\/wp\/v2\/types\/page"}],"author":[{"embeddable":true,"href":"https:\/\/wpml.org\/pt-br\/wp-json\/wp\/v2\/users\/59141"}],"replies":[{"embeddable":true,"href":"https:\/\/wpml.org\/pt-br\/wp-json\/wp\/v2\/comments?post=13070953"}],"version-history":[{"count":6,"href":"https:\/\/wpml.org\/pt-br\/wp-json\/wp\/v2\/pages\/13070953\/revisions"}],"predecessor-version":[{"id":16452779,"href":"https:\/\/wpml.org\/pt-br\/wp-json\/wp\/v2\/pages\/13070953\/revisions\/16452779"}],"up":[{"embeddable":true,"href":"https:\/\/wpml.org\/pt-br\/wp-json\/wp\/v2\/pages\/100360"}],"wp:attachment":[{"href":"https:\/\/wpml.org\/pt-br\/wp-json\/wp\/v2\/media?parent=13070953"}],"wp:term":[{"taxonomy":"related-projects-category","embeddable":true,"href":"https:\/\/wpml.org\/pt-br\/wp-json\/wp\/v2\/related-projects-category?post=13070953"}],"curies":[{"name":"wp","href":"https:\/\/api.w.org\/{rel}","templated":true}]}}