{"id":142140,"date":"2013-07-06T19:43:53","date_gmt":"2013-07-06T19:43:53","guid":{"rendered":"http:\/\/wpml.org\/comprar\/perguntas-pre-venda\/"},"modified":"2024-06-07T11:30:36","modified_gmt":"2024-06-07T11:30:36","slug":"perguntas-pre-venda","status":"publish","type":"page","link":"https:\/\/wpml.org\/pt-br\/purchase\/perguntas-pre-venda\/","title":{"rendered":"Perguntas de pr\u00e9-venda"},"content":{"rendered":"<p>Voc\u00ea tem alguma pergunta? Voc\u00ea precisa de esclarecimentos? Deixe um coment\u00e1rio aqui e receba uma resposta.<\/p>\n","protected":false},"excerpt":{"rendered":"<p>Voc\u00ea tem alguma pergunta? Voc\u00ea precisa de esclarecimentos? Deixe um coment\u00e1rio aqui e receba uma resposta.<\/p>\n","protected":false},"author":2,"featured_media":0,"parent":95897,"menu_order":44,"comment_status":"open","ping_status":"closed","template":"template-full-header-with-wrapper.php","meta":{"_bbp_topic_count":0,"_bbp_reply_count":0,"_bbp_total_topic_count":0,"_bbp_total_reply_count":0,"_bbp_voice_count":0,"_bbp_anonymous_reply_count":0,"_bbp_topic_count_hidden":0,"_bbp_reply_count_hidden":0,"_bbp_forum_subforum_count":0,"_uag_custom_page_level_css":"","ep_exclude_from_search":false,"footnotes":""},"related-projects-category":[],"class_list":["post-142140","page","type-page","status-publish","hentry"],"spectra_custom_meta":{"ratings_users":["0"],"ratings_score":["0"],"ratings_average":["0"],"_wp_page_template":["template-full-header-with-wrapper.php"],"_icl_translation":["1"],"_alp_processed":["1717759837"],"_edit_lock":["1525764221:59141"],"_wpml_media_duplicate":["0"],"_wpml_media_featured":["1"],"_subscription_coupon_product_id":["0"],"_last_translation_edit_mode":["translation-editor"],"_top_nav_excluded":[""],"_cms_nav_minihome":[""],"_uag_css_file_name":["uag-css-142140.css"],"_uag_page_assets":["a:9:{s:3:\"css\";s:260:\".uag-blocks-common-selector{z-index:var(--z-index-desktop) !important}@media(max-width: 976px){.uag-blocks-common-selector{z-index:var(--z-index-tablet) !important}}@media(max-width: 767px){.uag-blocks-common-selector{z-index:var(--z-index-mobile) !important}}\";s:2:\"js\";s:0:\"\";s:18:\"current_block_list\";a:1:{i:0;s:14:\"core\/shortcode\";}s:8:\"uag_flag\";b:0;s:11:\"uag_version\";s:10:\"1778144187\";s:6:\"gfonts\";a:0:{}s:10:\"gfonts_url\";s:0:\"\";s:12:\"gfonts_files\";a:0:{}s:14:\"uag_faq_layout\";b:0;}"]},"uagb_featured_image_src":{"full":false,"thumbnail":false,"medium":false,"medium_large":false,"large":false,"1536x1536":false,"2048x2048":false,"gform-image-choice-sm":false,"gform-image-choice-md":false,"gform-image-choice-lg":false,"woocommerce_thumbnail":false,"woocommerce_single":false,"woocommerce_gallery_thumbnail":false},"uagb_author_info":{"display_name":"Amir","author_link":"https:\/\/wpml.org\/pt-br\/author\/amir\/"},"uagb_comment_info":504,"uagb_excerpt":"Voc\u00ea tem alguma pergunta? Voc\u00ea precisa de esclarecimentos? Deixe um coment\u00e1rio aqui e receba uma resposta.","_links":{"self":[{"href":"https:\/\/wpml.org\/pt-br\/wp-json\/wp\/v2\/pages\/142140","targetHints":{"allow":["GET"]}}],"collection":[{"href":"https:\/\/wpml.org\/pt-br\/wp-json\/wp\/v2\/pages"}],"about":[{"href":"https:\/\/wpml.org\/pt-br\/wp-json\/wp\/v2\/types\/page"}],"author":[{"embeddable":true,"href":"https:\/\/wpml.org\/pt-br\/wp-json\/wp\/v2\/users\/2"}],"replies":[{"embeddable":true,"href":"https:\/\/wpml.org\/pt-br\/wp-json\/wp\/v2\/comments?post=142140"}],"version-history":[{"count":1,"href":"https:\/\/wpml.org\/pt-br\/wp-json\/wp\/v2\/pages\/142140\/revisions"}],"predecessor-version":[{"id":15715279,"href":"https:\/\/wpml.org\/pt-br\/wp-json\/wp\/v2\/pages\/142140\/revisions\/15715279"}],"up":[{"embeddable":true,"href":"https:\/\/wpml.org\/pt-br\/wp-json\/wp\/v2\/pages\/95897"}],"wp:attachment":[{"href":"https:\/\/wpml.org\/pt-br\/wp-json\/wp\/v2\/media?parent=142140"}],"wp:term":[{"taxonomy":"related-projects-category","embeddable":true,"href":"https:\/\/wpml.org\/pt-br\/wp-json\/wp\/v2\/related-projects-category?post=142140"}],"curies":[{"name":"wp","href":"https:\/\/api.w.org\/{rel}","templated":true}]}}