{"id":142979,"date":"2013-07-09T13:58:24","date_gmt":"2013-07-09T13:58:24","guid":{"rendered":"http:\/\/wpml.org\/documentacao\/informacoes-para-desenvolvedores\/depurando-o-wpml\/"},"modified":"2024-06-07T12:00:57","modified_gmt":"2024-06-07T12:00:57","slug":"depurando-o-wpml","status":"publish","type":"page","link":"https:\/\/wpml.org\/pt-br\/documentacao\/informacoes-para-desenvolvedores\/depurando-o-wpml\/","title":{"rendered":"Depura\u00e7\u00e3o do WPML"},"content":{"rendered":"<h2>Ativando o recurso de depura\u00e7\u00e3o integrado no WordPress<\/h2>\n<p>WordPress inclui um modo de depura\u00e7\u00e3o que ajuda a revelar problemas de PHP.<\/p>\n<p>Para ativ\u00e1-lo, abra o arquivo <strong>wp-config.php<\/strong> e procure por <strong>define(&#8216;WP_DEBUG&#8217;, false);<\/strong>. Altere-o para:<\/p>\n<pre>define('WP_DEBUG', true);<\/pre>\n<p>Para ativar o registro de erros em um arquivo no servidor, voc\u00ea precisa adicionar mais uma linha semelhante:<\/p>\n<pre>define( 'WP_DEBUG_LOG', true );<\/pre>\n<p>Nesse caso, os erros ser\u00e3o salvos em um arquivo <strong><br \/>\n  <tt>debug.log<\/tt><br \/>\n<\/strong> dentro do diret\u00f3rio <strong><br \/>\n  <tt>\/wp-content\/ <\/tt><br \/>\n<\/strong>no diret\u00f3rio \/wp-content\/.<\/p>\n<p>A menos que queira exibir erros na p\u00e1gina quando as pessoas visitarem o site, voc\u00ea precisar\u00e1 adicionar esta linha, imediatamente ap\u00f3s a linha mencionada acima:<\/p>\n<pre>define( 'WP_DEBUG_DISPLAY', false );<\/pre>\n<p>O <strong>wp-config.php<\/strong> est\u00e1 localizado no diret\u00f3rio raiz WordPress. \u00c9 o mesmo arquivo em que est\u00e3o as defini\u00e7\u00f5es de configura\u00e7\u00e3o do banco de dados. Voc\u00ea ter\u00e1 que acess\u00e1-lo por FTP ou SFTP para poder edit\u00e1-lo.<\/p>\n<p>Se voc\u00ea abrir o <strong>wp-config.php<\/strong> e essa declara\u00e7\u00e3o de defini\u00e7\u00e3o n\u00e3o estiver l\u00e1, voc\u00ea poder\u00e1 adicion\u00e1-la logo antes dessa linha:<\/p>\n<pre>\/* That's all, stop editing! Happy blogging. *\/<\/pre>\n<p>Observe que voc\u00ea ver\u00e1 tudo, n\u00e3o apenas relacionado ao WPML. Isso provavelmente incluir\u00e1 mensagens de outros plugins, do seu tema e, \u00e0s vezes, at\u00e9 do n\u00facleo WordPress. As mensagens aparecem em todos os lugares. \u00c0s vezes, eles aparecem bem no topo, mas tamb\u00e9m podem aparecer no meio da p\u00e1gina.<\/p>\n<h2>Como voc\u00ea pode nos enviar relat\u00f3rios de bugs<\/h2>\n<p>Nosso <a href=\"https:\/\/wpml.org\/forums\/forum\/english-support\/\">f\u00f3rum de suporte t\u00e9cnico<\/a> \u00e9 o melhor lugar para voc\u00ea enviar relat\u00f3rios de bugs. Os apoiadores WPML monitoram todas as postagens e respondem rapidamente. Eles alertar\u00e3o a equipe de desenvolvimento WPML para que avalie e resolva adequadamente todos os relat\u00f3rios de erros que voc\u00ea nos enviar. Voc\u00ea pode se inscrever para receber notifica\u00e7\u00f5es por e-mail sobre coment\u00e1rios em seu t\u00f3pico e receber nossas respostas quando estiverem dispon\u00edveis.<\/p>\n<h3>Como enviar o debug.log para os apoiadores<\/h3>\n<p>Na maioria dos casos, voc\u00ea pode encontrar o arquivo <strong>debug.log<\/strong> na pasta <strong>wp-content<\/strong>. Dependendo das configura\u00e7\u00f5es do seu servidor, use FTP ou outro m\u00e9todo para obter o arquivo <strong>debug.log<\/strong>. Voc\u00ea pode ent\u00e3o nos enviar seu conte\u00fado.<\/p>\n<h3>Como enviar o arquivo communication.log para os apoiadores<\/h3>\n<p>Voc\u00ea pode encontrar seu registro de comunica\u00e7\u00e3o acessando a se\u00e7\u00e3o <strong>WPML <\/strong>-&gt; P\u00e1gina <strong>de suporte<\/strong>. Nessa p\u00e1gina, clique no link do registro de comunica\u00e7\u00e3o. Copie as informa\u00e7\u00f5es do registro e forne\u00e7a-as no f\u00f3rum quando solicitado pela equipe de suporte WPML.<\/p>\n<figure id=\"attachment_4763347\" aria-describedby=\"caption-attachment-4763347\" style=\"width: 714px\" class=\"wp-caption aligncenter\"><a href=\"https:\/\/wpml.org\/wp-content\/uploads\/2019\/10\/wpml-communication-log.png\"><img decoding=\"async\" class=\"img-border wp-image-4763347 size-full\" src=\"https:\/\/wpml.org\/wp-content\/uploads\/2019\/10\/wpml-communication-log.png\" alt=\"Acesse a p\u00e1gina de registro de comunica\u00e7\u00e3o\" width=\"714\" height=\"487\" srcset=\"https:\/\/wpml.org\/wp-content\/uploads\/2019\/10\/wpml-communication-log.png 714w, https:\/\/wpml.org\/wp-content\/uploads\/2019\/10\/wpml-communication-log-150x102.png 150w, https:\/\/wpml.org\/wp-content\/uploads\/2019\/10\/wpml-communication-log-300x205.png 300w\" sizes=\"(max-width: 714px) 100vw, 714px\" \/><\/a><figcaption id=\"caption-attachment-4763347\" class=\"wp-caption-text\">Acesse a p\u00e1gina de registro de comunica\u00e7\u00e3o<\/figcaption><\/figure>\n<p>&nbsp;<\/p>\n","protected":false},"excerpt":{"rendered":"<p>Ativando o recurso de depura\u00e7\u00e3o integrado no WordPress WordPress inclui um modo de depura\u00e7\u00e3o que ajuda a revelar problemas de PHP. Para ativ\u00e1-lo, abra o arquivo wp-config.php e procure por define(&#8216;WP_DEBUG&#8217;, false);. Altere-o para: define(&#8216;WP_DEBUG&#8217;, true); Para ativar o registro de erros em um arquivo no servidor, voc\u00ea precisa adicionar mais uma linha semelhante: define( [&hellip;]<\/p>\n","protected":false},"author":2,"featured_media":0,"parent":110624,"menu_order":53,"comment_status":"closed","ping_status":"closed","template":"","meta":{"_bbp_topic_count":0,"_bbp_reply_count":0,"_bbp_total_topic_count":0,"_bbp_total_reply_count":0,"_bbp_voice_count":0,"_bbp_anonymous_reply_count":0,"_bbp_topic_count_hidden":0,"_bbp_reply_count_hidden":0,"_bbp_forum_subforum_count":0,"_uag_custom_page_level_css":"","ep_exclude_from_search":false,"footnotes":""},"related-projects-category":[],"class_list":["post-142979","page","type-page","status-publish","hentry"],"spectra_custom_meta":{"ratings_users":["0"],"ratings_score":["0"],"ratings_average":["0"],"_views_template":["0"],"_wp_page_template":["default"],"_icl_translation":["1"],"_alp_processed":["1717761658"],"_wpml_media_featured":["1"],"_subscription_coupon_product_id":["0"],"_last_translation_edit_mode":["translation-editor"],"_oembed_1e02e02ee671c61d8638766a0ee1cb8e":["<iframe title=\"WPML Advanced Translation Editor\" width=\"700\" height=\"394\" src=\"https:\/\/www.youtube.com\/embed\/TmmyU6MtXY8?feature=oembed&enablejsapi=1&origin=https:\/\/wpml.org\" frameborder=\"0\" allow=\"accelerometer; autoplay; clipboard-write; encrypted-media; gyroscope; picture-in-picture\" allowfullscreen><\/iframe>"],"_oembed_time_1e02e02ee671c61d8638766a0ee1cb8e":["1643891591"],"_oembed_8b192c37df925cacb831b3922e69595d":["<iframe title=\"Using WPML To Translate Pages Built With Fusion Builder (Avada Theme)\" width=\"700\" height=\"394\" src=\"https:\/\/www.youtube.com\/embed\/_bNqjjBPdGA?feature=oembed&enablejsapi=1&origin=https:\/\/wpml.org\" frameborder=\"0\" allow=\"accelerometer; autoplay; clipboard-write; encrypted-media; gyroscope; picture-in-picture\" allowfullscreen><\/iframe>"],"_oembed_time_8b192c37df925cacb831b3922e69595d":["1643891591"],"_oembed_bbf56b1d4c25ce11481afba39f176f85":["<iframe title=\"Using WPML to translate content created with page builders\" width=\"700\" height=\"394\" src=\"https:\/\/www.youtube.com\/embed\/MSqNzrdPMkE?feature=oembed&enablejsapi=1&origin=https:\/\/wpml.org\" frameborder=\"0\" allow=\"accelerometer; autoplay; clipboard-write; encrypted-media; gyroscope; picture-in-picture\" allowfullscreen><\/iframe>"],"_oembed_time_bbf56b1d4c25ce11481afba39f176f85":["1643891591"],"_wpml_media_duplicate":["0"],"_top_nav_excluded":[""],"_cms_nav_minihome":[""],"_uag_css_file_name":["uag-css-142979.css"],"_uag_page_assets":["a:9:{s:3:\"css\";s:260:\".uag-blocks-common-selector{z-index:var(--z-index-desktop) !important}@media(max-width: 976px){.uag-blocks-common-selector{z-index:var(--z-index-tablet) !important}}@media(max-width: 767px){.uag-blocks-common-selector{z-index:var(--z-index-mobile) !important}}\";s:2:\"js\";s:0:\"\";s:18:\"current_block_list\";a:1:{i:0;s:14:\"core\/shortcode\";}s:8:\"uag_flag\";b:0;s:11:\"uag_version\";s:10:\"1778547391\";s:6:\"gfonts\";a:0:{}s:10:\"gfonts_url\";s:0:\"\";s:12:\"gfonts_files\";a:0:{}s:14:\"uag_faq_layout\";b:0;}"]},"uagb_featured_image_src":{"full":false,"thumbnail":false,"medium":false,"medium_large":false,"large":false,"1536x1536":false,"2048x2048":false,"gform-image-choice-sm":false,"gform-image-choice-md":false,"gform-image-choice-lg":false,"woocommerce_thumbnail":false,"woocommerce_single":false,"woocommerce_gallery_thumbnail":false},"uagb_author_info":{"display_name":"Amir","author_link":"https:\/\/wpml.org\/pt-br\/author\/amir\/"},"uagb_comment_info":0,"uagb_excerpt":"Ativando o recurso de depura\u00e7\u00e3o integrado no WordPress WordPress inclui um modo de depura\u00e7\u00e3o que ajuda a revelar problemas de PHP. Para ativ\u00e1-lo, abra o arquivo wp-config.php e procure por define(&#8216;WP_DEBUG&#8217;, false);. Altere-o para: define('WP_DEBUG', true); Para ativar o registro de erros em um arquivo no servidor, voc\u00ea precisa adicionar mais uma linha semelhante: define(&hellip;","_links":{"self":[{"href":"https:\/\/wpml.org\/pt-br\/wp-json\/wp\/v2\/pages\/142979","targetHints":{"allow":["GET"]}}],"collection":[{"href":"https:\/\/wpml.org\/pt-br\/wp-json\/wp\/v2\/pages"}],"about":[{"href":"https:\/\/wpml.org\/pt-br\/wp-json\/wp\/v2\/types\/page"}],"author":[{"embeddable":true,"href":"https:\/\/wpml.org\/pt-br\/wp-json\/wp\/v2\/users\/2"}],"replies":[{"embeddable":true,"href":"https:\/\/wpml.org\/pt-br\/wp-json\/wp\/v2\/comments?post=142979"}],"version-history":[{"count":3,"href":"https:\/\/wpml.org\/pt-br\/wp-json\/wp\/v2\/pages\/142979\/revisions"}],"predecessor-version":[{"id":15716184,"href":"https:\/\/wpml.org\/pt-br\/wp-json\/wp\/v2\/pages\/142979\/revisions\/15716184"}],"up":[{"embeddable":true,"href":"https:\/\/wpml.org\/pt-br\/wp-json\/wp\/v2\/pages\/110624"}],"wp:attachment":[{"href":"https:\/\/wpml.org\/pt-br\/wp-json\/wp\/v2\/media?parent=142979"}],"wp:term":[{"taxonomy":"related-projects-category","embeddable":true,"href":"https:\/\/wpml.org\/pt-br\/wp-json\/wp\/v2\/related-projects-category?post=142979"}],"curies":[{"name":"wp","href":"https:\/\/api.w.org\/{rel}","templated":true}]}}