{"id":14428687,"date":"2013-05-02T09:13:53","date_gmt":"2013-05-02T09:13:53","guid":{"rendered":"https:\/\/wpml.org\/documentacao\/projetos-relacionados\/woocommerce-multilingual-sites-multilingues-de-woocommerce-facilitados\/"},"modified":"2026-02-26T07:30:00","modified_gmt":"2026-02-26T07:30:00","slug":"woocommerce-multilingual-sites-multilingues-de-woocommerce-facilitados","status":"publish","type":"page","link":"https:\/\/wpml.org\/pt-br\/documentacao\/projetos-relacionados\/woocommerce-multilingual-sites-multilingues-de-woocommerce-facilitados\/","title":{"rendered":"WPML Multilingual &amp; Multicurrency for WooCommerce &#8211; Traduza lojas"},"content":{"rendered":"\n<div class=\"wp-block-toolset-blocks-container tb-container\" data-toolset-blocks-container=\"e1777e62136f4ba1982726a3fbfdc08a\"><div class=\"tb-container-inner\">\n<div class=\"wp-block-toolset-blocks-container tb-container\" data-toolset-blocks-container=\"0f611822a64f1e56998896f941cece14\"><\/div>\n\n\n\n<h1 class=\"tb-heading\" data-toolset-blocks-heading=\"e9065b09e177b8e381d819f7555bdfa3\" data-last-update=\"1.4\">WPML Multilingual &amp; Multicurrency for WooCommerce<\/h1>\n\n\n\n<p class=\"tb-heading has-text-color\" data-toolset-blocks-heading=\"5ac4b88993e585f6f50c4066e3249b89\" data-last-update=\"1.4\">WCML by WPML permite que voc\u00ea construa lojas WooCommerce internacionais com m\u00faltiplos idiomas, m\u00faltiplas moedas e gateways de pagamento localizados. Confiado por <strong>mais de 100.000 sites WooCommerce<\/strong>. <\/p>\n\n\n\n<div id=\"wpml-info-account-trigger\" class=\"tb-button\" data-toolset-blocks-button=\"ce3f7911c3fe772167490718a699b022\"><a class=\"tb-button__link\" href=\"https:\/\/wpml.org\/account\/downloads\/#wpml-multilingual-multicurrency-for-woocommerce\" target=\"_blank\"><span class=\"tb-button__content\">Obtenha o WPML para WooCommerce<\/span><i class=\"tb-button__icon\"><\/i><\/a><\/div>\n<\/div><\/div>\n\n<div class=\"wp-block-toolset-blocks-container tb-container\" data-toolset-blocks-container=\"39c45dee860c2af8017f91b5660b8bf4\"><div class=\"tb-container-inner\">\n<div class=\"wp-block-toolset-blocks-grid tb-grid\" data-toolset-blocks-grid=\"d35d48406572d278d0ded23a36f918c1\">\n<div class=\"wp-block-toolset-blocks-grid-column tb-grid-column tb-grid-align-center\" data-toolset-blocks-grid-column=\"f586ff7bfe1d7317c63162ec7b7039ed\">\n<div class=\"wp-block-toolset-blocks-grid tb-grid\" data-toolset-blocks-grid=\"a89a58d8b7281c452b56bf2474e5a755\">\n<div class=\"wp-block-toolset-blocks-grid-column tb-grid-column tb-grid-align-center\" data-toolset-blocks-grid-column=\"2c6e19232c221cec2ce8d8a5ee3199bb\">\n<div class=\"wp-block-toolset-blocks-container tb-container\" data-toolset-blocks-container=\"e4642a443dba58cbb4cb859048f420b0\"><\/div>\n<\/div>\n\n\n\n<div class=\"wp-block-toolset-blocks-grid-column tb-grid-column tb-grid-align-center\" data-toolset-blocks-grid-column=\"2c6e19232c221cec2ce8d8a5ee3199bb\">\n<h2 class=\"tb-heading\" data-toolset-blocks-heading=\"adee741f66278c9138f8153f222d48a1\" data-last-update=\"1.4\">Traduza cada parte da sua loja WooCommerce<\/h2>\n<\/div>\n<\/div>\n\n\n\n<p class=\"tb-heading\" data-toolset-blocks-heading=\"bb795b7d1d6b9280919a6ffc19c910cf\" data-last-update=\"1.4\">O WPML <a href=\"https:\/\/wpml.org\/pt-br\/documentacao\/projetos-relacionados\/woocommerce-multilingual-sites-multilingues-de-woocommerce-facilitados\/como-traduzir-lojas-woocommerce-com-wpml\/\">traduz tudo em sua loja WooCommerce<\/a>. Isso inclui produtos, varia\u00e7\u00f5es, p\u00e1ginas de Finaliza\u00e7\u00e3o de Compra e Carrinho, e-mails e at\u00e9 avalia\u00e7\u00f5es de produtos. Seus clientes nunca veem um site com idiomas misturados.<br\/><br\/>Ele funciona com todos os temas e extens\u00f5es populares do WooCommerce, mantendo seu design e funcionalidade consistentes em todos os idiomas.<br\/><\/p>\n<\/div>\n\n\n\n<div class=\"wp-block-toolset-blocks-grid-column tb-grid-column tb-grid-align-center main-img-box\" data-toolset-blocks-grid-column=\"9f3f98f46c4d051f6a2753c51e211d8b\">\n<div class=\"wp-block-toolset-blocks-container tb-container\" data-toolset-blocks-container=\"b1f74dca45ee98b17e903016169062ad\"><\/div>\n<\/div>\n<\/div>\n\n\n\n<div class=\"wp-block-toolset-blocks-grid tb-grid\" data-toolset-blocks-grid=\"0bfc40d4c5824288340ea52d67851ff8\">\n<div class=\"wp-block-toolset-blocks-grid-column tb-grid-column tb-grid-align-center\" data-toolset-blocks-grid-column=\"f586ff7bfe1d7317c63162ec7b7039ed\">\n<div class=\"wp-block-toolset-blocks-container tb-container\" data-toolset-blocks-container=\"90567df4eabefa703920ccb0e145ea1c\"><\/div>\n<\/div>\n\n\n\n<div class=\"wp-block-toolset-blocks-grid-column tb-grid-column tb-grid-align-center main-img-box\" data-toolset-blocks-grid-column=\"026d15f91d20448fab5fc2538214c790\">\n<div class=\"wp-block-toolset-blocks-grid tb-grid\" data-toolset-blocks-grid=\"71cbd3ef044608289fab18493bad15b1\">\n<div class=\"wp-block-toolset-blocks-grid-column tb-grid-column tb-grid-align-center\" data-toolset-blocks-grid-column=\"f586ff7bfe1d7317c63162ec7b7039ed\">\n<div class=\"wp-block-toolset-blocks-container tb-container\" data-toolset-blocks-container=\"4b92aba627056d4e9be0625dea214d62\"><\/div>\n<\/div>\n\n\n\n<div class=\"wp-block-toolset-blocks-grid-column tb-grid-column tb-grid-align-center\" data-toolset-blocks-grid-column=\"f586ff7bfe1d7317c63162ec7b7039ed\">\n<h2 class=\"tb-heading\" data-toolset-blocks-heading=\"adee741f66278c9138f8153f222d48a1\" data-last-update=\"1.4\">Aceite v\u00e1rias moedas e gateways de pagamento<\/h2>\n<\/div>\n<\/div>\n\n\n\n<p class=\"tb-heading\" data-toolset-blocks-heading=\"bb795b7d1d6b9280919a6ffc19c910cf\" data-last-update=\"1.4\"><strong>33% dos compradores abandonam os carrinhos<\/strong> quando os pre\u00e7os s\u00e3o exibidos apenas em d\u00f3lares americanos. O WPML garante que isso n\u00e3o aconte\u00e7a com voc\u00ea. <br\/><br\/>Voc\u00ea pode definir pre\u00e7os e <a href=\"https:\/\/wpml.org\/pt-br\/documentacao\/projetos-relacionados\/woocommerce-multilingual-sites-multilingues-de-woocommerce-facilitados\/recursos-de-varias-moedas-para-o-woocommerce\/\">receber pagamentos em mais de 200 moedas<\/a> com base no idioma ou localiza\u00e7\u00e3o de seus clientes.<br\/><br\/>Conecte-se a fontes de taxas de c\u00e2mbio em tempo real \u2014 por hora, diariamente ou semanalmente \u2014 ou defina taxas personalizadas para ter controle total.<\/p>\n<\/div>\n<\/div>\n\n\n\n<div class=\"wp-block-toolset-blocks-grid tb-grid\" data-toolset-blocks-grid=\"d35d48406572d278d0ded23a36f918c1\">\n<div class=\"wp-block-toolset-blocks-grid-column tb-grid-column tb-grid-align-center\" data-toolset-blocks-grid-column=\"f586ff7bfe1d7317c63162ec7b7039ed\">\n<div class=\"wp-block-toolset-blocks-grid tb-grid\" data-toolset-blocks-grid=\"1c563cd523a49946984e648211e635a1\">\n<div class=\"wp-block-toolset-blocks-grid-column tb-grid-column tb-grid-align-center\" data-toolset-blocks-grid-column=\"f586ff7bfe1d7317c63162ec7b7039ed\">\n<div class=\"wp-block-toolset-blocks-container tb-container\" data-toolset-blocks-container=\"500e43cc7bb1907cd2ca3c2130edf155\"><\/div>\n<\/div>\n\n\n\n<div class=\"wp-block-toolset-blocks-grid-column tb-grid-column tb-grid-align-center\" data-toolset-blocks-grid-column=\"f586ff7bfe1d7317c63162ec7b7039ed\">\n<h2 class=\"tb-heading\" data-toolset-blocks-heading=\"adee741f66278c9138f8153f222d48a1\" data-last-update=\"1.4\">Obtenha tradu\u00e7\u00e3o autom\u00e1tica de IA com qualidade humana<\/h2>\n<\/div>\n<\/div>\n\n\n\n<p class=\"tb-heading\" data-toolset-blocks-heading=\"bb795b7d1d6b9280919a6ffc19c910cf\" data-last-update=\"1.4\">Evite o trabalho de tradu\u00e7\u00e3o manual e comece a vender globalmente mais cedo. <br\/><br\/>Traduza toda a sua loja WooCommerce com o PTC, o mecanismo de <a href=\"https:\/\/wpml.org\/pt-br\/documentacao\/traducao-automatica-de-conteudos-wordpress-com-o-wpml\/\">tradu\u00e7\u00e3o autom\u00e1tica por IA<\/a> do WPML, que oferece precis\u00e3o de qualidade humana na velocidade e custo da m\u00e1quina.<br\/><br\/>Al\u00e9m disso, cada tradu\u00e7\u00e3o \u00e9 coberta pela nossa <a href=\"https:\/\/wpml.org\/pt-br\/documentacao\/traducao-automatica-de-conteudos-wordpress-com-o-wpml\/traducao-automatica-com-qualidade-garantida\/\">Garantia de Qualidade para tradu\u00e7\u00e3o por IA<\/a>.<\/p>\n<\/div>\n\n\n\n<div class=\"wp-block-toolset-blocks-grid-column tb-grid-column tb-grid-align-center main-img-box\" data-toolset-blocks-grid-column=\"026d15f91d20448fab5fc2538214c790\">\n<div class=\"wp-block-toolset-blocks-container tb-container\" data-toolset-blocks-container=\"4788de94a1ad39f20c4baaee8cbea303\"><\/div>\n<\/div>\n<\/div>\n\n\n\n<div class=\"wp-block-toolset-blocks-grid tb-grid\" data-toolset-blocks-grid=\"0bfc40d4c5824288340ea52d67851ff8\">\n<div class=\"wp-block-toolset-blocks-grid-column tb-grid-column tb-grid-align-center\" data-toolset-blocks-grid-column=\"f586ff7bfe1d7317c63162ec7b7039ed\">\n<div class=\"wp-block-toolset-blocks-container tb-container\" data-toolset-blocks-container=\"b98ce3adafae6d91d5437b573b97ebc2\"><\/div>\n<\/div>\n\n\n\n<div class=\"wp-block-toolset-blocks-grid-column tb-grid-column tb-grid-align-top main-img-box\" data-toolset-blocks-grid-column=\"48bc3cef69a20281895bd9d7321af3c3\">\n<div class=\"wp-block-toolset-blocks-grid tb-grid\" data-toolset-blocks-grid=\"bdd1d51824e700af242e1991fbf7a135\">\n<div class=\"wp-block-toolset-blocks-grid-column tb-grid-column tb-grid-align-center\" data-toolset-blocks-grid-column=\"f586ff7bfe1d7317c63162ec7b7039ed\">\n<div class=\"wp-block-toolset-blocks-container tb-container\" data-toolset-blocks-container=\"ca6ec92e03b36dd09cb8828b536d4636\"><\/div>\n<\/div>\n\n\n\n<div class=\"wp-block-toolset-blocks-grid-column tb-grid-column tb-grid-align-center\" data-toolset-blocks-grid-column=\"f586ff7bfe1d7317c63162ec7b7039ed\">\n<h2 class=\"tb-heading\" data-toolset-blocks-heading=\"adee741f66278c9138f8153f222d48a1\" data-last-update=\"1.4\">Aumente o tr\u00e1fego org\u00e2nico por meio de SEO multil\u00edngue<\/h2>\n<\/div>\n<\/div>\n\n\n\n<p class=\"tb-heading\" data-toolset-blocks-heading=\"bb795b7d1d6b9280919a6ffc19c910cf\" data-last-update=\"1.4\">O WPML traduz textos meta de SEO e URLs. Ele tamb\u00e9m mant\u00e9m automaticamente tags hreflang, breadcrumbs e sitemaps localizados para que os mecanismos de busca entendam e indexem seu site corretamente.  <br\/><br\/>Com o <a href=\"https:\/\/wpml.org\/pt-br\/documentacao\/seo-multilingue\/\">SEO multil\u00edngue<\/a>, sua loja receber\u00e1 mais tr\u00e1fego org\u00e2nico de visitantes em diferentes idiomas.<\/p>\n<\/div>\n<\/div>\n\n\n\n<div class=\"wp-block-toolset-blocks-container tb-container\" data-toolset-blocks-container=\"9ba9c3ca25504983dd5fd05f8065071e\">\n<div class=\"wp-block-toolset-blocks-grid tb-grid\" data-toolset-blocks-grid=\"c6b972590259fc930bc051af7a3729c8\">\n<div class=\"wp-block-toolset-blocks-grid-column tb-grid-column tb-grid-align-top\" data-toolset-blocks-grid-column=\"8b5b0c23f55222193f253e4cd6504b27\">\n<div class=\"wp-block-toolset-blocks-container tb-container\" data-toolset-blocks-container=\"76c8efba34324d3b5bd3d449cb572077\"><\/div>\n\n\n\n<div class=\"wp-block-toolset-blocks-container tb-container\" data-toolset-blocks-container=\"76b9e19aebd78b467b04c64acfe33167\">\n<h2 class=\"tb-heading\" data-toolset-blocks-heading=\"6d8a5c9c42cf0af506722b054bea7c02\" data-last-update=\"1.4\">Est\u00e1vel, seguro e sempre pronto<\/h2>\n\n\n\n<p class=\"tb-heading\" data-toolset-blocks-heading=\"bb795b7d1d6b9280919a6ffc19c910cf\" data-last-update=\"1.4\">Com mais de <strong>1,5 milh\u00e3o de sites<\/strong> usando o WPML, a estabilidade n\u00e3o \u00e9 opcional. \u00c9 a nossa reputa\u00e7\u00e3o. <br\/><br\/>O WPML e o complemento WCML s\u00e3o testados antes de cada novo <strong>lan\u00e7amento do WordPress e WooCommerce<\/strong>, garantindo que sua loja multil\u00edngue permane\u00e7a est\u00e1vel, n\u00e3o importa quais atualiza\u00e7\u00f5es cheguem.<\/p>\n<\/div>\n<\/div>\n\n\n\n<div class=\"wp-block-toolset-blocks-grid-column tb-grid-column tb-grid-align-top\" data-toolset-blocks-grid-column=\"ccef0acde848d1374ee2e3f64f9f452a\">\n<div class=\"wp-block-toolset-blocks-container tb-container\" data-toolset-blocks-container=\"b841f10638deca18a1503f8dde4c3207\"><\/div>\n\n\n\n<div class=\"wp-block-toolset-blocks-container tb-container\" data-toolset-blocks-container=\"76b9e19aebd78b467b04c64acfe33167\">\n<h2 class=\"tb-heading\" data-toolset-blocks-heading=\"17c63c2c4f267bd025227c2af31ce35d\" data-last-update=\"1.4\">Suporte global com o qual pode contar<\/h2>\n\n\n\n<p class=\"tb-heading\" data-toolset-blocks-heading=\"bb795b7d1d6b9280919a6ffc19c910cf\" data-last-update=\"1.4\">Nossos especialistas de suporte trabalham <strong>6 dias por semana, 19 horas por dia<\/strong>, em <strong>9 idiomas<\/strong>.<br\/><br\/>Seja manh\u00e3 em T\u00f3quio ou noite em Los Angeles, sua loja WooCommerce continua funcionando sem problemas.<\/p>\n<\/div>\n<\/div>\n\n\n\n<div class=\"wp-block-toolset-blocks-grid-column tb-grid-column tb-grid-align-top\" data-toolset-blocks-grid-column=\"3034fbe886c11054e95b46b09d3e4112\"><\/div>\n\n\n\n<div class=\"wp-block-toolset-blocks-grid-column tb-grid-column tb-grid-align-top\" data-toolset-blocks-grid-column=\"3034fbe886c11054e95b46b09d3e4112\"><\/div>\n<\/div>\n<\/div>\n\n\n\n<div class=\"wp-block-toolset-blocks-container tb-container\" data-toolset-blocks-container=\"bcb90e3a5937c53eebcc98567de656c8\">\n<h2 class=\"tb-heading\" data-toolset-blocks-heading=\"fcb2374cee529d0d027b01f6c0206369\" data-last-update=\"1.4\">Pronto para traduzir? N\u00f3s o guiaremos. <\/h2>\n\n\n\n<p class=\"tb-heading\" data-toolset-blocks-heading=\"6e60ed0861ca1c3f7a5a419840cab502\" data-last-update=\"1.4\">Siga nosso guia passo a passo para ver como \u00e9 f\u00e1cil tornar seu site WooCommerce multil\u00edngue com o WPML. <\/p>\n\n\n\n<div class=\"tb-button\" data-toolset-blocks-button=\"0d6d838fa47cdbc993ae1e77f9a64dee\"><a class=\"tb-button__link\" href=\"https:\/\/wpml.org\/documentation\/related-projects\/woocommerce-multilingual\/how-to-translate-woocommerce\/\"><span class=\"tb-button__content\">Como traduzir o WooCommerce<\/span><i class=\"tb-button__icon\"><\/i><\/a><\/div>\n<\/div>\n<\/div><\/div>\n","protected":false},"excerpt":{"rendered":"<p class=\"lead\">O WPML Multilingual &amp; Multicurrency for WooCommerce facilita a gest\u00e3o de sites de e-commerce multil\u00edngues com WooCommerce e WPML. O plugin simplifica o processo de tradu\u00e7\u00e3o, para que voc\u00ea precise traduzir apenas os textos.  As tradu\u00e7\u00f5es para produtos, categorias e varia\u00e7\u00f5es s\u00e3o criadas automaticamente para voc\u00ea.<\/p>\n","protected":false},"author":538393,"featured_media":0,"parent":96560,"menu_order":0,"comment_status":"closed","ping_status":"closed","template":"template-full-with-popup-generic.php","meta":{"_bbp_topic_count":0,"_bbp_reply_count":0,"_bbp_total_topic_count":0,"_bbp_total_reply_count":0,"_bbp_voice_count":0,"_bbp_anonymous_reply_count":0,"_bbp_topic_count_hidden":0,"_bbp_reply_count_hidden":0,"_bbp_forum_subforum_count":0,"_uag_custom_page_level_css":"","ep_exclude_from_search":false,"footnotes":""},"related-projects-category":[27782],"class_list":["post-14428687","page","type-page","status-publish","hentry","related-projects-category-e-commerce-pt-br"],"spectra_custom_meta":{"ratings_users":["0"],"ratings_score":["0"],"ratings_average":["0"],"_subscription_coupon_product_id":["0"],"_wpv_contains_gutenberg_views":[""],"_alp_processed":["1772091001"],"wpcf-unformatted-code":[""],"wpcf-disable-autop":["1"],"_wpml_media_duplicate":["0"],"_wpml_media_featured":["1"],"wpcf-display-breadcrumbs":["0"],"toolset_post_editor_mode":["block"],"wpcf-price-increase-show-from":[""],"wpcf-price-increase-show-till":[""],"_wp_page_template":["template-full-with-popup-generic.php"],"_last_translation_edit_mode":["translation-editor"],"_oembed_bbf56b1d4c25ce11481afba39f176f85":["<iframe title=\"Using WPML to translate content created with page builders\" width=\"700\" height=\"394\" src=\"https:\/\/www.youtube.com\/embed\/MSqNzrdPMkE?feature=oembed&enablejsapi=1&origin=https:\/\/wpml.org\" frameborder=\"0\" allow=\"accelerometer; autoplay; clipboard-write; encrypted-media; gyroscope; picture-in-picture; web-share\" allowfullscreen><\/iframe>"],"_oembed_time_bbf56b1d4c25ce11481afba39f176f85":["1700141763"],"_wpml_word_count":["520"],"cmplz_hide_cookiebanner":[""],"wpcf-related-product-full-name":[""],"wpcf-related-product-download-url":[""],"wpcf-price-increase-content":[""],"wpcf-relevant-forum-documentation":["1"],"wpcf-login-box-title":[""],"wpcf-page-content":[""],"_yoast_wpseo_primary_related-projects-category":["26961"],"_yoast_wpseo_title":["WPML Multilingual & Multicurrency for WooCommerce - Traduza lojas"],"_yoast_wpseo_metadesc":["WCML by WPML permite que voc\u00ea construa lojas WooCommerce internacionais com m\u00faltiplos idiomas, m\u00faltiplas moedas e gateways de pagamento localizados."],"_yoast_wpseo_focuskw":["WooCommerce Multilingual"],"_uag_css_file_name":["uag-css-14428687.css"],"_uag_page_assets":["a:9:{s:3:\"css\";s:260:\".uag-blocks-common-selector{z-index:var(--z-index-desktop) !important}@media(max-width: 976px){.uag-blocks-common-selector{z-index:var(--z-index-tablet) !important}}@media(max-width: 767px){.uag-blocks-common-selector{z-index:var(--z-index-mobile) !important}}\";s:2:\"js\";s:0:\"\";s:18:\"current_block_list\";a:6:{i:0;s:24:\"toolset-blocks\/container\";i:1;s:22:\"toolset-blocks\/heading\";i:2;s:21:\"toolset-blocks\/button\";i:4;s:19:\"toolset-blocks\/grid\";i:5;s:26:\"toolset-blocks\/grid-column\";i:6;s:14:\"core\/shortcode\";}s:8:\"uag_flag\";b:0;s:11:\"uag_version\";s:10:\"1778645926\";s:6:\"gfonts\";a:0:{}s:10:\"gfonts_url\";s:0:\"\";s:12:\"gfonts_files\";a:0:{}s:14:\"uag_faq_layout\";b:0;}"]},"uagb_featured_image_src":{"full":false,"thumbnail":false,"medium":false,"medium_large":false,"large":false,"1536x1536":false,"2048x2048":false,"gform-image-choice-sm":false,"gform-image-choice-md":false,"gform-image-choice-lg":false,"woocommerce_thumbnail":false,"woocommerce_single":false,"woocommerce_gallery_thumbnail":false},"uagb_author_info":{"display_name":"Kathy","author_link":"https:\/\/wpml.org\/pt-br\/author\/kathy-b\/"},"uagb_comment_info":0,"uagb_excerpt":"O WPML Multilingual &amp; Multicurrency for WooCommerce facilita a gest\u00e3o de sites de e-commerce multil\u00edngues com WooCommerce e WPML. O plugin simplifica o processo de tradu\u00e7\u00e3o, para que voc\u00ea precise traduzir apenas os textos. As tradu\u00e7\u00f5es para produtos, categorias e varia\u00e7\u00f5es s\u00e3o criadas automaticamente para voc\u00ea.","_links":{"self":[{"href":"https:\/\/wpml.org\/pt-br\/wp-json\/wp\/v2\/pages\/14428687","targetHints":{"allow":["GET"]}}],"collection":[{"href":"https:\/\/wpml.org\/pt-br\/wp-json\/wp\/v2\/pages"}],"about":[{"href":"https:\/\/wpml.org\/pt-br\/wp-json\/wp\/v2\/types\/page"}],"author":[{"embeddable":true,"href":"https:\/\/wpml.org\/pt-br\/wp-json\/wp\/v2\/users\/538393"}],"replies":[{"embeddable":true,"href":"https:\/\/wpml.org\/pt-br\/wp-json\/wp\/v2\/comments?post=14428687"}],"version-history":[{"count":8,"href":"https:\/\/wpml.org\/pt-br\/wp-json\/wp\/v2\/pages\/14428687\/revisions"}],"predecessor-version":[{"id":17854513,"href":"https:\/\/wpml.org\/pt-br\/wp-json\/wp\/v2\/pages\/14428687\/revisions\/17854513"}],"up":[{"embeddable":true,"href":"https:\/\/wpml.org\/pt-br\/wp-json\/wp\/v2\/pages\/96560"}],"wp:attachment":[{"href":"https:\/\/wpml.org\/pt-br\/wp-json\/wp\/v2\/media?parent=14428687"}],"wp:term":[{"taxonomy":"related-projects-category","embeddable":true,"href":"https:\/\/wpml.org\/pt-br\/wp-json\/wp\/v2\/related-projects-category?post=14428687"}],"curies":[{"name":"wp","href":"https:\/\/api.w.org\/{rel}","templated":true}]}}