{"id":15083151,"date":"2021-08-05T15:02:06","date_gmt":"2021-08-05T15:02:06","guid":{"rendered":"https:\/\/wpml.org\/home-2\/termos-e-condicoes\/"},"modified":"2026-03-11T14:56:41","modified_gmt":"2026-03-11T14:56:41","slug":"termos-e-condicoes","status":"publish","type":"page","link":"https:\/\/wpml.org\/pt-br\/home-2\/termos-e-condicoes\/","title":{"rendered":"Termos e Condi\u00e7\u00f5es"},"content":{"rendered":"\n<p class=\"lead\">Os plugins do WPML, este site e todos os servi\u00e7os relacionados s\u00e3o fornecidos pela empresa <a href=\"https:\/\/onthegosystems.com\/\" target=\"_blank\" rel=\"noreferrer noopener\">OnTheGoSystems<\/a>. Ao utiliz\u00e1-los, voc\u00ea concorda com os termos e condi\u00e7\u00f5es apresentados abaixo. <\/p>\n\n<p><strong>Nesta p\u00e1gina:<\/strong><\/p>\n\n<ul class=\"wp-block-list\">\n<li><a href=\"#license-and-trademark\">Licen\u00e7a e marca registrada<\/a><\/li>\n\n\n\n<li><a href=\"#using-your-wpml-account\">Como usar sua conta do WPML<\/a>\n<ul class=\"wp-block-list\">\n<li><a href=\"#renewal-options\">Op\u00e7\u00f5es de renova\u00e7\u00e3o<\/a><\/li>\n\n\n\n<li><a href=\"#what-happens-if-you-don-t-renew\">O que acontece se voc\u00ea n\u00e3o renovar<\/a><\/li>\n\n\n\n<li><a href=\"#registering-sites-with-wpml\">Como registrar sites no WPML<\/a><\/li>\n\n\n\n<li><a href=\"#receiving-support\">Como receber suporte<\/a><\/li>\n<\/ul>\n<\/li>\n\n\n\n<li><a href=\"#developing-wpml-powered-websites-for-clients\">Desenvolver sites com WPML para clientes<\/a>\n<ul class=\"wp-block-list\">\n<li><a href=\"#transferring-accounts-to-clients\">Transferir contas para clientes<\/a><\/li>\n\n\n\n<li><a href=\"#adding-other-people-to-your-account\">Adicionar outras pessoas \u00e0 sua conta<\/a><\/li>\n<\/ul>\n<\/li>\n\n\n\n<li><a href=\"#fair-usage-policy\">Pol\u00edtica de uso justo<\/a><\/li>\n\n\n\n<li><a href=\"#using-wpmls-automatic-translation\">Usando a Tradu\u00e7\u00e3o Autom\u00e1tica do WPML<\/a>\n<ul class=\"wp-block-list\">\n<li><a href=\"#pay-as-you-go-for-automatic-translation\">Pagamento pelo uso para tradu\u00e7\u00e3o autom\u00e1tica<\/a><\/li>\n\n\n\n<li><a href=\"#prepaid-packages-for-automatic-translation\">Pacotes pr\u00e9-pagos para tradu\u00e7\u00e3o autom\u00e1tica<\/a><\/li>\n\n\n\n<li><a href=\"#refunds-related-to-automatic-translation\">Reembolsos relacionados \u00e0 tradu\u00e7\u00e3o autom\u00e1tica<\/a><\/li>\n\n\n\n<li><a href=\"#content-restrictions-when-using-ptc\">Restri\u00e7\u00f5es de conte\u00fado ao usar o PTC<\/a><\/li>\n<\/ul>\n<\/li>\n\n\n\n<li><a href=\"#privacy-information-and-gdpr\">Informa\u00e7\u00f5es de privacidade e GDPR<\/a><\/li>\n<\/ul>\n\n<h2 class=\"wp-block-heading\" id=\"license-and-trademark\">Licen\u00e7a e marca registrada<\/h2>\n\n<p>O c\u00f3digo do WPML \u00e9 licenciado sob a GPL. O nome, o logotipo do WPML e o nome da empresa OnTheGoSystems s\u00e3o marcas registradas e n\u00e3o s\u00e3o cobertos pela licen\u00e7a GPL. <\/p>\n\n<p>Para mais detalhes, consulte nossa p\u00e1gina <a href=\"https:\/\/wpml.org\/pt-br\/home-2\/conformidade-com-a-licenca-gpl-do-wpml\/\">Conformidade do WPML com a licen\u00e7a GPL<\/a>.<\/p>\n\n<p><strong>Voc\u00ea n\u00e3o pode:<\/strong><\/p>\n\n<ul class=\"wp-block-list\">\n<li>Usar o nome, o logotipo do WPML ou a marca OnTheGoSystems sem permiss\u00e3o<\/li>\n\n\n\n<li>Sugerir afilia\u00e7\u00e3o oficial ao WPML ou \u00e0 OnTheGoSystems<\/li>\n<\/ul>\n\n<p>Incluir o WPML em ofertas de produtos exige um acordo de parceria. <a href=\"https:\/\/wpml.org\/pt-br\/home-2\/entre-em-contato-conosco\/formulario-para-contato\/\">Entre em contato conosco<\/a> para discutir as op\u00e7\u00f5es.<\/p>\n\n<h2 class=\"wp-block-heading\" id=\"using-your-wpml-account\">Como usar sua conta do WPML<\/h2>\n\n<p>Ao adquirir o WPML, voc\u00ea obt\u00e9m acesso a uma conta WPML. Existem tr\u00eas tipos de contas WPML: Multilingual Blog, Multilingual CMS e Multilingual Agency. <\/p>\n\n<p>Cada tipo de conta d\u00e1 acesso a um conjunto espec\u00edfico de recursos. Mais importante: o tipo da sua conta define: <\/p>\n\n<ul class=\"wp-block-list\">\n<li>A quais plugins do WPML voc\u00ea tem acesso<\/li>\n\n\n\n<li>Quantos sites voc\u00ea pode registrar no WPML<\/li>\n<\/ul>\n\n<p>Al\u00e9m disso, todos os tipos de conta oferecem:<\/p>\n\n<ul class=\"wp-block-list\">\n<li>Acesso ao nosso suporte por 1 ano<\/li>\n\n\n\n<li>Atualiza\u00e7\u00f5es gratuitas por 1 ano<\/li>\n<\/ul>\n\n<h3 class=\"wp-block-heading\" id=\"renewal-options\">Op\u00e7\u00f5es de renova\u00e7\u00e3o<\/h3>\n\n<p>Sua conta do WPML vem configurada para renova\u00e7\u00e3o autom\u00e1tica por padr\u00e3o. Sua assinatura ser\u00e1 renovada automaticamente todos os anos, a menos que voc\u00ea mude para renova\u00e7\u00e3o manual.   <\/p>\n\n<p>Com a renova\u00e7\u00e3o manual, enviaremos e-mails de lembrete 30 dias e 3 dias antes de sua conta expirar. Para evitar que sua conta expire, voc\u00ea precisar\u00e1 concluir manualmente o pagamento da renova\u00e7\u00e3o. <\/p>\n\n<h3 class=\"wp-block-heading\" id=\"what-happens-if-you-don-t-renew\">O que acontece se voc\u00ea n\u00e3o renovar<\/h3>\n\n<p>Sua assinatura pode expirar se voc\u00ea n\u00e3o pagar uma renova\u00e7\u00e3o manual a tempo ou se a renova\u00e7\u00e3o autom\u00e1tica n\u00e3o for conclu\u00edda. Se isso acontecer, voc\u00ea ainda poder\u00e1 fazer login na sua conta, por\u00e9m voc\u00ea: <\/p>\n\n<ul class=\"wp-block-list\">\n<li>Deixar\u00e1 de receber atualiza\u00e7\u00f5es dos plugins<\/li>\n\n\n\n<li>N\u00e3o ter\u00e1 mais acesso ao suporte<\/li>\n\n\n\n<li>N\u00e3o poder\u00e1 registrar o WPML em um novo site, mesmo que ainda tenha vagas dispon\u00edveis<\/li>\n\n\n\n<li>N\u00e3o poder\u00e1 registrar novamente o WPML em um site que j\u00e1 o utilizava se o URL do site mudar (por exemplo, ap\u00f3s uma migra\u00e7\u00e3o ou atualiza\u00e7\u00e3o de dom\u00ednio)<\/li>\n<\/ul>\n\n<p>Voc\u00ea pode continuar usando o WPML nos sites j\u00e1 registrados, mas lembre-se de que o WordPress e outros plugins s\u00e3o atualizados regularmente. Executar uma vers\u00e3o desatualizada do WPML pode levar a problemas de compatibilidade ao longo do tempo. <\/p>\n\n<h3 class=\"wp-block-heading\" id=\"registering-sites-with-wpml\">Como registrar sites no WPML<\/h3>\n\n<p>Voc\u00ea precisa <a href=\"https:\/\/wpml.org\/pt-br\/faq\/como-instalar-o-wpml\/#register\">registrar o WPML no seu site WordPress com uma chave do site<\/a> quando:<\/p>\n\n<ul class=\"wp-block-list\">\n<li>Instalar e ativar o WPML em um novo site<\/li>\n\n\n\n<li>O URL de um site j\u00e1 registrado no WPML mudar, como ap\u00f3s uma migra\u00e7\u00e3o ou atualiza\u00e7\u00e3o de dom\u00ednio  <\/li>\n<\/ul>\n\n<p>Em ambos os casos, voc\u00ea precisa de uma assinatura ativa do WPML.  <\/p>\n\n<p>O n\u00famero de sites que voc\u00ea pode registrar depende do tipo da sua conta do WPML:<\/p>\n\n<ul class=\"wp-block-list\">\n<li><strong>Multilingual Blog<\/strong> \u2013 1 site de produ\u00e7\u00e3o + 3 sites de desenvolvimento<\/li>\n\n\n\n<li><strong>Multilingual CMS<\/strong> \u2013 3 sites de produ\u00e7\u00e3o + 9 sites de desenvolvimento<\/li>\n\n\n\n<li><strong>Multilingual Agency<\/strong> \u2013 n\u00famero ilimitado de sites de produ\u00e7\u00e3o e desenvolvimento<\/li>\n\n\n\n<li><strong>Lifetime (descontinuado)<\/strong> \u2013 n\u00famero ilimitado de sites, sem necessidade de assinatura anual<\/li>\n<\/ul>\n\n<h3 class=\"wp-block-heading\" id=\"receiving-support\">Como receber suporte<\/h3>\n\n<p>Apenas clientes com contas v\u00e1lidas e ativas t\u00eam acesso ao nosso suporte. Oferecemos suporte por chat e f\u00f3rum. <\/p>\n\n<p>Para informa\u00e7\u00f5es detalhadas sobre o que est\u00e1 inclu\u00eddo no nosso suporte, leia nossa <a href=\"https:\/\/wpml.org\/pt-br\/purchase\/politica-de-suporte\/\">pol\u00edtica de suporte<\/a>.<\/p>\n\n<h2 class=\"wp-block-heading\" id=\"developing-wpml-powered-websites-for-clients\">Desenvolver sites com WPML para clientes<\/h2>\n\n<p>Voc\u00ea pode registrar o WPML nos sites que desenvolve para seus clientes.  <\/p>\n\n<p>Nesse caso, voc\u00ea ainda \u00e9 a \u00fanica pessoa com acesso aos recursos da sua conta. Em outras palavras, somente voc\u00ea pode baixar os plugins do WPML, registrar sites e receber suporte. <\/p>\n\n<p>Se seus clientes precisarem de suporte, voc\u00ea ter\u00e1 de fornec\u00ea-lo a eles.<\/p>\n\n<h3 class=\"wp-block-heading\" id=\"transferring-accounts-to-clients\">Transferir contas para clientes<\/h3>\n\n<p>A partir de 13 de janeiro de 2026, n\u00e3o \u00e9 poss\u00edvel transferir renova\u00e7\u00f5es. Quaisquer transfer\u00eancias feitas antes dessa data continuar\u00e3o funcionando enquanto seus clientes continuarem renovando. <\/p>\n\n<p>Para transferir a propriedade, seu cliente precisa <a href=\"https:\/\/wpml.org\/pt-br\/purchase\/\">comprar a pr\u00f3pria assinatura do WPML<\/a> e, em seguida, <a href=\"https:\/\/wpml.org\/purchase\/paying-wpml-renewal-for-my-site\/\">registrar o site na conta dele<\/a>.<\/p>\n\n<h3 class=\"wp-block-heading\" id=\"adding-other-people-to-your-account\">Adicionar outras pessoas \u00e0 sua conta<\/h3>\n\n<p>Se voc\u00ea \u00e9 uma ag\u00eancia que cria sites para clientes, pode ter pessoas diferentes na sua equipe que precisam de acesso a recursos diferentes da sua conta do WPML. Por exemplo, pessoas diferentes podem precisar baixar plugins, registrar sites, abrir tickets de suporte e pagar a assinatura. <\/p>\n\n<p>Nesse caso, voc\u00ea pode <a href=\"https:\/\/wpml.org\/announcements\/2020\/09\/add-other-people-to-your-wpml-cms-or-agency-account\/\">adicionar mais pessoas \u00e0 sua conta<\/a> facilmente.<\/p>\n\n<h2 class=\"wp-block-heading\" id=\"fair-usage-policy\">Pol\u00edtica de uso justo<\/h2>\n\n<p>Embora as contas Multilingual Agency e as contas Lifetime descontinuadas permitam registrar o WPML em um n\u00famero ilimitado de sites, voc\u00ea \u00e9 obrigado a utiliz\u00e1-las de acordo com nossa pol\u00edtica de uso justo.<\/p>\n\n<p>Em outras palavras, voc\u00ea pode us\u00e1-las em sites que desenvolve para voc\u00ea e\/ou seus clientes. N\u00e3o \u00e9 permitido registrar o WPML em sites de terceiros fora desse escopo. <\/p>\n\n<p>Reservamo-nos o direito de cancelar qualquer conta que viole esta pol\u00edtica.<\/p>\n\n<h2 class=\"wp-block-heading\" id=\"using-wpmls-automatic-translation\">Como usar a tradu\u00e7\u00e3o por IA do WPML<\/h2>\n\n<p>Com o WPML, voc\u00ea pode <a href=\"https:\/\/wpml.org\/pt-br\/documentacao\/traducao-automatica-de-conteudos-wordpress-com-o-wpml\/\">traduzir seu site usando tradu\u00e7\u00e3o por IA<\/a> por meio do mecanismo PTC (Private Translation Cloud) ou usando outros tr\u00eas mecanismos de tradu\u00e7\u00e3o autom\u00e1tica: DeepL, Google e Microsoft.<\/p>\n\n<p>Para usar a tradu\u00e7\u00e3o autom\u00e1tica do WPML, voc\u00ea precisa de cr\u00e9ditos. Ao comprar o WPML, voc\u00ea recebe um pacote generoso de cr\u00e9ditos para come\u00e7ar e, se precisar de mais, pode ativar uma conta de pagamento pelo uso ou comprar um pacote de cr\u00e9ditos pr\u00e9-pagos. <\/p>\n\n<h3 class=\"wp-block-heading\" id=\"pay-as-you-go-for-automatic-translation\">Pagamento pelo uso para tradu\u00e7\u00e3o autom\u00e1tica<\/h3>\n\n<p>A maneira mais barata e conveniente de pagar pela tradu\u00e7\u00e3o autom\u00e1tica \u00e9 inscrever-se na interface do plugin e utilizar o pagamento pelo uso. N\u00e3o h\u00e1 taxa de assinatura mensal e voc\u00ea pode cancelar a qualquer momento. <\/p>\n\n<p>Veja como funciona, em resumo:<\/p>\n\n<ul class=\"wp-block-list\">\n<li>Cada palavra traduzida custa uma determinada quantidade de cr\u00e9ditos de tradu\u00e7\u00e3o, com base no mecanismo de tradu\u00e7\u00e3o que voc\u00ea usa (PTC, Google, Microsoft ou DeepL).<\/li>\n\n\n\n<li>Os primeiros 2.000 cr\u00e9ditos de tradu\u00e7\u00e3o que voc\u00ea usar a cada m\u00eas s\u00e3o gratuitos. Se voc\u00ea gastar mais do que isso, cobraremos com base em quantos cr\u00e9ditos voc\u00ea usou al\u00e9m desse limite, de acordo com a <a href=\"https:\/\/wpml.org\/pt-br\/documentacao\/traducao-automatica-de-conteudos-wordpress-com-o-wpml\/preco-da-traducao-automatica\/\">tabela de pre\u00e7os atual<\/a>. Voc\u00ea n\u00e3o pode transferir cr\u00e9ditos gratuitos n\u00e3o utilizados para o m\u00eas seguinte.  <\/li>\n\n\n\n<li>Os pre\u00e7os s\u00e3o calculados de forma progressiva, portanto, quanto mais voc\u00ea traduz em um m\u00eas, mais barato fica por cr\u00e9dito.<\/li>\n\n\n\n<li>Se voc\u00ea n\u00e3o gastar nenhum cr\u00e9dito em um determinado m\u00eas, simplesmente n\u00e3o cobraremos nada.<\/li>\n\n\n\n<li>Para cada fatura de tradu\u00e7\u00e3o autom\u00e1tica, voc\u00ea ser\u00e1 cobrado por quaisquer cr\u00e9ditos usados durante o m\u00eas-calend\u00e1rio anterior. O per\u00edodo de cobran\u00e7a come\u00e7a \u00e0 meia-noite UTC no primeiro dia do m\u00eas e termina \u00e0 meia-noite UTC no primeiro dia do m\u00eas seguinte. As faturas s\u00e3o emitidas e seu cart\u00e3o de cr\u00e9dito \u00e9 cobrado no dia 3 de cada m\u00eas.  <\/li>\n\n\n\n<li>O WPML n\u00e3o armazena as informa\u00e7\u00f5es do seu cart\u00e3o de cr\u00e9dito. Os pagamentos s\u00e3o processados via Stripe. <\/li>\n<\/ul>\n\n<p>Reservamo-nos o direito de alterar os pre\u00e7os da tradu\u00e7\u00e3o e a forma como ela \u00e9 calculada no futuro. \u00c9 claro que, se isso acontecer, sempre avisaremos voc\u00ea com anteced\u00eancia.  Para informa\u00e7\u00f5es detalhadas, incluindo uma calculadora de pre\u00e7os, consulte nossa p\u00e1gina sobre <a href=\"https:\/\/wpml.org\/pt-br\/documentacao\/traducao-automatica-de-conteudos-wordpress-com-o-wpml\/preco-da-traducao-automatica\/\">pre\u00e7os da tradu\u00e7\u00e3o autom\u00e1tica<\/a>.<\/p>\n\n<p>Cobran\u00e7as de limite de seguran\u00e7a:<\/p>\n\n<ul class=\"wp-block-list\">\n<li>Existem duas cobran\u00e7as de limite de seguran\u00e7a que nos protegem contra fraudes. <\/li>\n\n\n\n<li>Se voc\u00ea exceder 100 \u20ac em um m\u00eas, cobraremos automaticamente por esses primeiros 100 \u20ac (+ IVA). Observe que voc\u00ea precisaria traduzir muitas palavras para atingir esse limite. Em seguida, subtrairemos esses \u20ac100 euros de sua fatura no final do m\u00eas.<\/li>\n\n\n\n<li>O mesmo acontece se voc\u00ea exceder \u20ac 4.000 em um m\u00eas. Se voc\u00ea ultrapassar esse limite em um m\u00eas, cobraremos por isso automaticamente. Observe que voc\u00ea precisaria traduzir uma quantidade enorme de palavras para atingir esse limite. Novamente, subtrairemos esses \u20ac 4.000 da sua fatura no final do m\u00eas.<\/li>\n<\/ul>\n\n<p>Os limites de seguran\u00e7a est\u00e3o vinculados \u00e0 sua assinatura de pagamento pelo uso, portanto, ser\u00e3o redefinidos sempre que voc\u00ea cancel\u00e1-la e reativ\u00e1-la. Isso tamb\u00e9m pode acontecer se voc\u00ea migrar seu site, por exemplo, ao fazer uma c\u00f3pia do seu site e iniciar uma nova assinatura. <\/p>\n\n<h3 class=\"wp-block-heading\" id=\"prepaid-packages-for-automatic-translation\">Pacotes pr\u00e9-pagos para tradu\u00e7\u00e3o autom\u00e1tica<\/h3>\n\n<p>Em alguns casos, voc\u00ea pode preferir comprar pacotes de cr\u00e9ditos para tradu\u00e7\u00e3o autom\u00e1tica. Oferecemos os seguintes pacotes:   <\/p>\n\n<ul class=\"wp-block-list\">\n<li>40.000 cr\u00e9ditos por 50 \u20ac<\/li>\n\n\n\n<li>90.000 cr\u00e9ditos por 90 \u20ac<\/li>\n\n\n\n<li>200.000 cr\u00e9ditos por 180 \u20ac<\/li>\n\n\n\n<li>500.000 cr\u00e9ditos por 420 \u20ac<\/li>\n\n\n\n<li>1.000.000 de cr\u00e9ditos por 800 \u20ac<\/li>\n<\/ul>\n\n<p>Voc\u00ea pode adicionar cr\u00e9ditos a qualquer site que n\u00e3o utilize o pagamento pelo uso. Esses cr\u00e9ditos n\u00e3o expiram. <\/p>\n\n<h3 class=\"wp-block-heading\" id=\"refunds-related-to-automatic-translation\">Reembolsos relacionados \u00e0 tradu\u00e7\u00e3o autom\u00e1tica<\/h3>\n\n<p><strong>Mecanismo de tradu\u00e7\u00e3o PTC<\/strong><\/p>\n\n<p>Apenas o mecanismo de tradu\u00e7\u00e3o PTC do WPML vem com uma <a href=\"https:\/\/wpml.org\/pt-br\/documentacao\/traducao-automatica-de-conteudos-wordpress-com-o-wpml\/traducao-automatica-com-qualidade-garantida\/\">Garantia de qualidade da tradu\u00e7\u00e3o<\/a> que permite reembolsos de cr\u00e9ditos de tradu\u00e7\u00e3o. Se voc\u00ea n\u00e3o estiver satisfeito com as tradu\u00e7\u00f5es autom\u00e1ticas do PTC, trabalharemos para corrigir. Se voc\u00ea ainda n\u00e3o estiver satisfeito, reembolsaremos integralmente seus cr\u00e9ditos de tradu\u00e7\u00e3o.  <\/p>\n\n<p><strong>Mecanismos de tradu\u00e7\u00e3o DeepL, Google e Microsoft<\/strong><\/p>\n\n<p>N\u00e3o oferecemos reembolsos nem garantia para outros mecanismos de tradu\u00e7\u00e3o dispon\u00edveis no WPML \u2013 DeepL, Google e Microsoft. Quando voc\u00ea usa esses mecanismos, no momento em que a tradu\u00e7\u00e3o autom\u00e1tica \u00e9 conclu\u00edda (o que \u00e9 muito r\u00e1pido), n\u00f3s j\u00e1 pagamos a esses mecanismos de tradu\u00e7\u00e3o por essa tradu\u00e7\u00e3o. <\/p>\n\n<p>Por isso, em geral, n\u00e3o conseguimos oferecer reembolsos pelos cr\u00e9ditos de tradu\u00e7\u00e3o que voc\u00ea j\u00e1 usou com esses mecanismos de terceiros. Em alguns casos raros, podemos conceder um reembolso parcial ou total. Por exemplo, isso pode acontecer em caso de poss\u00edveis problemas t\u00e9cnicos do nosso lado, relacionados \u00e0 cobran\u00e7a de cr\u00e9ditos de tradu\u00e7\u00e3o autom\u00e1tica.  <\/p>\n\n<p>Observe que, nesses casos, o valor que reembolsamos pode ser ligeiramente menor do que o valor pago. Essa diferen\u00e7a ocorre porque n\u00f3s, como empresa, trabalhamos exclusivamente em euro (EUR), portanto ela acontece devido \u00e0 convers\u00e3o de moeda. Essas diferen\u00e7as s\u00e3o muito pequenas e n\u00e3o nos responsabilizamos por elas, portanto n\u00e3o podemos e n\u00e3o emitiremos reembolsos adicionais por elas.  <\/p>\n\n<h3 class=\"wp-block-heading\" id=\"content-restrictions-when-using-ptc\">Restri\u00e7\u00f5es de conte\u00fado ao usar o PTC<\/h3>\n\n<p>O PTC \u00e9 o mecanismo de tradu\u00e7\u00e3o por IA do WPML e usa modelos de linguagem avan\u00e7ados para traduzir seu conte\u00fado. Esses modelos seguem regras r\u00edgidas para garantir que sejam usados de forma respons\u00e1vel. <\/p>\n\n<p>Por isso, o PTC n\u00e3o traduzir\u00e1 conte\u00fado que inclua coisas como:<\/p>\n\n<ul class=\"wp-block-list\">\n<li>Atividade ilegal, por exemplo, como fabricar subst\u00e2ncias nocivas, comprar armas ilegais ou promover viol\u00eancia<\/li>\n\n\n\n<li>Material sexualmente expl\u00edcito ou explorat\u00f3rio<\/li>\n\n\n\n<li>Discurso de \u00f3dio, intimida\u00e7\u00e3o ou discrimina\u00e7\u00e3o<\/li>\n\n\n\n<li>Informa\u00e7\u00f5es falsas ou se passar por outra pessoa<\/li>\n<\/ul>\n\n<p>Se o PTC detectar esse tipo de conte\u00fado, ele interromper\u00e1 e se recusar\u00e1 a traduzi-lo. Nesses casos, mudamos automaticamente o mecanismo de tradu\u00e7\u00e3o do seu site para o DeepL, para que voc\u00ea ainda possa obter tradu\u00e7\u00f5es, s\u00f3 que n\u00e3o pelo PTC. <\/p>\n\n<p>Ao usar o PTC, voc\u00ea concorda em seguir estas diretrizes. Se seu conte\u00fado for contra elas, poderemos limitar ou alterar a forma como o PTC funciona no seu site. <\/p>\n\n<h2 class=\"wp-block-heading\" id=\"privacy-information-and-gdpr\">Informa\u00e7\u00f5es de privacidade e GDPR<\/h2>\n\n<p>Se voc\u00ea est\u00e1 procurando informa\u00e7\u00f5es de privacidade, leia nossa <a href=\"https:\/\/wpml.org\/pt-br\/documentacao\/politica-de-privacidade-e-conformidade-com-o-gdpr\/\">pol\u00edtica de privacidade e conformidade com o GDPR<\/a>.<\/p>\n","protected":false},"excerpt":{"rendered":"<p>Os plugins do WPML, este site e todos os servi\u00e7os relacionados s\u00e3o fornecidos pela empresa OnTheGoSystems. Ao utiliz\u00e1-los, voc\u00ea concorda com os termos e condi\u00e7\u00f5es apresentados abaixo. Nesta p\u00e1gina: Licen\u00e7a e marca registrada O c\u00f3digo do WPML \u00e9 licenciado sob a GPL. O nome, o logotipo do WPML e o nome da empresa OnTheGoSystems s\u00e3o [&hellip;]<\/p>\n","protected":false},"author":76577,"featured_media":0,"parent":95673,"menu_order":0,"comment_status":"closed","ping_status":"closed","template":"template-nosidebar-centered.php","meta":{"_bbp_topic_count":0,"_bbp_reply_count":0,"_bbp_total_topic_count":0,"_bbp_total_reply_count":0,"_bbp_voice_count":0,"_bbp_anonymous_reply_count":0,"_bbp_topic_count_hidden":0,"_bbp_reply_count_hidden":0,"_bbp_forum_subforum_count":0,"_uag_custom_page_level_css":"","ep_exclude_from_search":false,"footnotes":""},"related-projects-category":[],"class_list":["post-15083151","page","type-page","status-publish","hentry"],"spectra_custom_meta":{"ratings_users":["0"],"ratings_score":["0"],"ratings_average":["0"],"_subscription_coupon_product_id":["0"],"_wpv_contains_gutenberg_views":[""],"_alp_processed":["1773241002"],"wpcf-unformatted-code":[""],"_wpml_media_duplicate":["1"],"_wpml_media_featured":["1"],"toolset_post_editor_mode":["block"],"wpcf-price-increase-show-from":[""],"wpcf-price-increase-show-till":[""],"_wp_page_template":["template-nosidebar-centered.php"],"_last_translation_edit_mode":["translation-editor"],"_wpml_word_count":["2018"],"cmplz_hide_cookiebanner":[""],"wpcf-price-increase-content":[""],"wpcf-login-box-title":[""],"wpcf-page-content":[""],"_yoast_wpseo_primary_related-projects-category":[""],"_uag_page_assets":["a:9:{s:3:\"css\";s:0:\"\";s:2:\"js\";s:0:\"\";s:18:\"current_block_list\";a:5:{i:0;s:14:\"core\/paragraph\";i:1;s:9:\"core\/list\";i:2;s:14:\"core\/list-item\";i:3;s:12:\"core\/heading\";i:4;s:14:\"core\/shortcode\";}s:8:\"uag_flag\";b:0;s:11:\"uag_version\";s:10:\"1778112968\";s:6:\"gfonts\";a:0:{}s:10:\"gfonts_url\";s:0:\"\";s:12:\"gfonts_files\";a:0:{}s:14:\"uag_faq_layout\";b:0;}"]},"uagb_featured_image_src":{"full":false,"thumbnail":false,"medium":false,"medium_large":false,"large":false,"1536x1536":false,"2048x2048":false,"gform-image-choice-sm":false,"gform-image-choice-md":false,"gform-image-choice-lg":false,"woocommerce_thumbnail":false,"woocommerce_single":false,"woocommerce_gallery_thumbnail":false},"uagb_author_info":{"display_name":"Dario","author_link":"https:\/\/wpml.org\/pt-br\/author\/darioh\/"},"uagb_comment_info":0,"uagb_excerpt":"Os plugins do WPML, este site e todos os servi\u00e7os relacionados s\u00e3o fornecidos pela empresa OnTheGoSystems. Ao utiliz\u00e1-los, voc\u00ea concorda com os termos e condi\u00e7\u00f5es apresentados abaixo. Nesta p\u00e1gina: Licen\u00e7a e marca registrada O c\u00f3digo do WPML \u00e9 licenciado sob a GPL. O nome, o logotipo do WPML e o nome da empresa OnTheGoSystems s\u00e3o&hellip;","_links":{"self":[{"href":"https:\/\/wpml.org\/pt-br\/wp-json\/wp\/v2\/pages\/15083151","targetHints":{"allow":["GET"]}}],"collection":[{"href":"https:\/\/wpml.org\/pt-br\/wp-json\/wp\/v2\/pages"}],"about":[{"href":"https:\/\/wpml.org\/pt-br\/wp-json\/wp\/v2\/types\/page"}],"author":[{"embeddable":true,"href":"https:\/\/wpml.org\/pt-br\/wp-json\/wp\/v2\/users\/76577"}],"replies":[{"embeddable":true,"href":"https:\/\/wpml.org\/pt-br\/wp-json\/wp\/v2\/comments?post=15083151"}],"version-history":[{"count":8,"href":"https:\/\/wpml.org\/pt-br\/wp-json\/wp\/v2\/pages\/15083151\/revisions"}],"predecessor-version":[{"id":17889340,"href":"https:\/\/wpml.org\/pt-br\/wp-json\/wp\/v2\/pages\/15083151\/revisions\/17889340"}],"up":[{"embeddable":true,"href":"https:\/\/wpml.org\/pt-br\/wp-json\/wp\/v2\/pages\/95673"}],"wp:attachment":[{"href":"https:\/\/wpml.org\/pt-br\/wp-json\/wp\/v2\/media?parent=15083151"}],"wp:term":[{"taxonomy":"related-projects-category","embeddable":true,"href":"https:\/\/wpml.org\/pt-br\/wp-json\/wp\/v2\/related-projects-category?post=15083151"}],"curies":[{"name":"wp","href":"https:\/\/api.w.org\/{rel}","templated":true}]}}