{"id":15198045,"date":"2011-04-13T08:09:29","date_gmt":"2011-04-13T08:09:29","guid":{"rendered":"https:\/\/wpml.org\/documentacao\/projetos-relacionados\/gravity-forms-multilingual\/"},"modified":"2026-02-26T07:10:32","modified_gmt":"2026-02-26T07:10:32","slug":"gravity-forms-multilingual","status":"publish","type":"page","link":"https:\/\/wpml.org\/pt-br\/documentacao\/projetos-relacionados\/gravity-forms-multilingual\/","title":{"rendered":"Gravity Forms Multilingual"},"content":{"rendered":"\n<div class=\"wp-block-toolset-blocks-container tb-container alignfull\" data-toolset-blocks-container=\"10492591bfb51d70e8d09aa8d457bae2\"><div class=\"tb-container-inner\">\n<p class=\"tb-heading has-text-color\" data-toolset-blocks-heading=\"0190bf5c0f5e682e6e1d8be7e6f401ac\" data-last-update=\"1.4\"><span><span><a href=\"https:\/\/wpml.org\/pt-br\/home-2\/\">Home<\/a><\/span><\/span><\/p>\n\n\n\n<div class=\"wp-block-toolset-blocks-grid tb-grid\" data-toolset-blocks-grid=\"1e3256eddcd8d1ddf217eef5389f4d56\">\n<div class=\"wp-block-toolset-blocks-grid-column tb-grid-column tb-grid-align-center\" data-toolset-blocks-grid-column=\"f586ff7bfe1d7317c63162ec7b7039ed\">\n<div class=\"wp-block-toolset-blocks-container tb-container\" data-toolset-blocks-container=\"cbb7accfa9454b18fd5408ff9119221d\"><\/div>\n\n\n\n<h1 class=\"tb-heading has-text-color\" data-toolset-blocks-heading=\"b686c8b3d4780754ef6585bd91a569b8\" data-last-update=\"1.4\">Gravity Forms Multilingual &#8211; Traduza formul\u00e1rios com o WPML<\/h1>\n\n\n\n<div class=\"tb-fields-and-text\" data-toolset-blocks-fields-and-text=\"3f9f3fa6c769cb8df265aa2f59e7f9eb\"><p><span data-sheets-root=\"1\">O Gravity Forms Multilingual (GFML) \u00e9 um complemento do WPML para traduzir os campos e etiquetas do seu formul\u00e1rio para mais idiomas. <\/span><\/p><\/div>\n\n\n\n<div id=\"wpml-info-account-trigger\" class=\"tb-button\" data-toolset-blocks-button=\"64b9b74ef0dba354ef53d032147aa2ae\"><a class=\"tb-button__link\" href=\"https:\/\/wpml.org\/account\/downloads\/#gravityforms-multilingual\"><span class=\"tb-button__content\">Obtenha o Gravity Forms Multilingual<\/span><i class=\"tb-button__icon\"><\/i><\/a><\/div>\n<\/div>\n\n\n\n<div class=\"wp-block-toolset-blocks-grid-column tb-grid-column tb-grid-align-center\" data-toolset-blocks-grid-column=\"c77f65d01bb1c283e93f285b389d97af\">\n<figure class=\"wp-block-image tb-image tb-image-dynamic tb-image-frame-none\" data-toolset-blocks-image=\"5706d347fdaaf17eed1ed237c8b186f0\"><img decoding=\"async\" loading=\"lazy\" src=\"https:\/\/cdn.wpml.org\/wp-content\/uploads\/2023\/04\/form-10-1.png\"\/><\/figure>\n<\/div>\n<\/div>\n<\/div><\/div>\n\n<div class=\"wp-block-toolset-blocks-container tb-container\" data-toolset-blocks-container=\"8f3deaef8758197413c254193c4637bf\"><div class=\"tb-container-inner\">\n<h3 class=\"tb-heading has-text-color\" data-toolset-blocks-heading=\"64944ef240e0d9481016a33eed26e822\" data-last-update=\"1.4\"><strong>Uma maneira simples e poderosa de criar formul\u00e1rios gravity multil\u00edngues<\/strong><\/h3>\n\n\n\n<div class=\"wp-block-toolset-blocks-grid tb-grid\" data-toolset-blocks-grid=\"d73b029f031f092476d7c78dca9026b6\">\n<div class=\"wp-block-toolset-blocks-grid-column tb-grid-column tb-grid-align-top\" data-toolset-blocks-grid-column=\"3034fbe886c11054e95b46b09d3e4112\">\n<div class=\"wp-block-toolset-blocks-grid tb-grid\" data-toolset-blocks-grid=\"1c3b519f11ed173dde36e2dd3d915363\">\n<div class=\"wp-block-toolset-blocks-grid-column tb-grid-column tb-grid-align-top\" data-toolset-blocks-grid-column=\"3034fbe886c11054e95b46b09d3e4112\">\n<div class=\"wp-block-toolset-blocks-container tb-container\" data-toolset-blocks-container=\"4c1e644b100a7cd79ae08b214443135d\"><\/div>\n<\/div>\n\n\n\n<div class=\"wp-block-toolset-blocks-grid-column tb-grid-column tb-grid-align-center\" data-toolset-blocks-grid-column=\"f586ff7bfe1d7317c63162ec7b7039ed\">\n<h3 class=\"tb-heading has-text-color\" data-toolset-blocks-heading=\"b2d352fa342796268e813d45e9ad169e\" data-last-update=\"1.4\"><strong>Fluxo de trabalho f\u00e1cil<\/strong><\/h3>\n\n\n\n<p class=\"tb-heading has-text-color\" data-toolset-blocks-heading=\"3a2e96e3a39991294f000d733d564a60\" data-last-update=\"1.4\">Traduza formul\u00e1rios gravity com o painel de tradu\u00e7\u00e3o do WPML.<\/p>\n<\/div>\n<\/div>\n<\/div>\n\n\n\n<div class=\"wp-block-toolset-blocks-grid-column tb-grid-column tb-grid-align-top\" data-toolset-blocks-grid-column=\"6aa6629b0bd14de4b0c8a30d5e016060\">\n<div class=\"wp-block-toolset-blocks-grid tb-grid\" data-toolset-blocks-grid=\"1c3b519f11ed173dde36e2dd3d915363\">\n<div class=\"wp-block-toolset-blocks-grid-column tb-grid-column tb-grid-align-top\" data-toolset-blocks-grid-column=\"3034fbe886c11054e95b46b09d3e4112\">\n<div class=\"wp-block-toolset-blocks-container tb-container\" data-toolset-blocks-container=\"4c1e644b100a7cd79ae08b214443135d\"><\/div>\n<\/div>\n\n\n\n<div class=\"wp-block-toolset-blocks-grid-column tb-grid-column tb-grid-align-center\" data-toolset-blocks-grid-column=\"f586ff7bfe1d7317c63162ec7b7039ed\">\n<h3 class=\"tb-heading has-text-color\" data-toolset-blocks-heading=\"3b2b4300cf3526adeeeceb0a7d34ea01\" data-last-update=\"1.4\"><strong>Tradu\u00e7\u00e3o flex\u00edvel<\/strong><\/h3>\n\n\n\n<p class=\"tb-heading has-text-color\" data-toolset-blocks-heading=\"489fe393b980d16eaf272662f21c57f9\" data-last-update=\"1.4\">Traduza o Gravity Forms por voc\u00ea mesmo ou com a ajuda de tradutores profissionais.<\/p>\n<\/div>\n<\/div>\n<\/div>\n\n\n\n<div class=\"wp-block-toolset-blocks-grid-column tb-grid-column tb-grid-align-top\" data-toolset-blocks-grid-column=\"3034fbe886c11054e95b46b09d3e4112\">\n<div class=\"wp-block-toolset-blocks-grid tb-grid\" data-toolset-blocks-grid=\"1c3b519f11ed173dde36e2dd3d915363\">\n<div class=\"wp-block-toolset-blocks-grid-column tb-grid-column tb-grid-align-top\" data-toolset-blocks-grid-column=\"3034fbe886c11054e95b46b09d3e4112\">\n<div class=\"wp-block-toolset-blocks-container tb-container\" data-toolset-blocks-container=\"4c1e644b100a7cd79ae08b214443135d\"><\/div>\n<\/div>\n\n\n\n<div class=\"wp-block-toolset-blocks-grid-column tb-grid-column tb-grid-align-center\" data-toolset-blocks-grid-column=\"f586ff7bfe1d7317c63162ec7b7039ed\">\n<h3 class=\"tb-heading has-text-color\" data-toolset-blocks-heading=\"3b2b4300cf3526adeeeceb0a7d34ea01\" data-last-update=\"1.4\"><strong>Processo r\u00e1pido<\/strong><\/h3>\n\n\n\n<p class=\"tb-heading has-text-color\" data-toolset-blocks-heading=\"489fe393b980d16eaf272662f21c57f9\" data-last-update=\"1.4\">Traduza formul\u00e1rios gravity \u00fanicos e m\u00faltiplos em apenas alguns minutos.<\/p>\n<\/div>\n<\/div>\n<\/div>\n<\/div>\n<\/div><\/div>\n\n<div class=\"wp-block-toolset-blocks-container tb-container\" data-toolset-blocks-container=\"a03f28b68e7ebf56bfe1641740b90da2\"><div class=\"tb-container-inner\">\n<div class=\"wp-block-toolset-blocks-grid tb-grid\" data-toolset-blocks-grid=\"bc3b338eeaf2c2dab6d1efcf997e6968\">\n<div class=\"wp-block-toolset-blocks-grid-column tb-grid-column tb-grid-align-top wcml-sticky-top\" data-toolset-blocks-grid-column=\"f7f9a013a6074411e874a8d48900e955\">\n<p class=\"tb-heading\" data-toolset-blocks-heading=\"ba314f8b957a1e719a05768a3039acf2\" data-last-update=\"1.4\"><strong>Nesta p\u00e1gina<\/strong><\/p>\n\n\n\n<p class=\"tb-heading has-text-color\" data-toolset-blocks-heading=\"e61aa8997e9522834de21cdb2df7f0d9\" data-last-update=\"1.4\"><a href=\"#getting-started\">Come\u00e7ar<\/a><\/p>\n\n\n\n<p class=\"tb-heading has-text-color\" data-toolset-blocks-heading=\"e61aa8997e9522834de21cdb2df7f0d9\" data-last-update=\"1.4\"><a href=\"#translate-gravity-forms\">Como traduzir formul\u00e1rios gravity com o WPML<\/a><\/p>\n\n\n\n<p class=\"tb-heading has-text-color\" data-toolset-blocks-heading=\"57fd50fba93b22bbe47ab8e2f98ccbfc\" data-last-update=\"1.4\"><a href=\"#translate-with-wpml\">Comece a traduzir com WPML<\/a><\/p>\n<\/div>\n\n\n\n<div class=\"wp-block-toolset-blocks-grid-column tb-grid-column tb-grid-align-top product-page-content\" data-toolset-blocks-grid-column=\"3ca40a3bbaa937ab1f07ea8568a8fddf\">\n<h2 class=\"wp-block-heading\" id=\"getting-started\">Come\u00e7ar<\/h2>\n\n\n\n<p>Para traduzir o Gravity Forms com o WPML, voc\u00ea precisa instalar e ativar os seguintes plugins:<\/p>\n\n\n\n<ul class=\"wp-block-list\">\n<li>WPML<\/li>\n\n\n\n<li>WPML String Translation<\/li>\n\n\n\n<li><a href=\"https:\/\/www.gravityforms.com\/\">Gravity Forms<\/a><\/li>\n\n\n\n<li><a href=\"https:\/\/wpml.org\/pt-br\/account\/downloads\/#gravityforms-multilingual\">Gravity Forms Multilingual<\/a><\/li>\n<\/ul>\n\n\n\n<h2 class=\"wp-block-heading\" id=\"translate-gravity-forms\">Como traduzir formul\u00e1rios gravity com o WPML<\/h2>\n\n\n\n<p>Com o WPML, voc\u00ea pode traduzir todos os elementos do Gravity Forms. Isso inclui: <\/p>\n\n\n\n<ul class=\"wp-block-list\">\n<li>T\u00edtulos dos formul\u00e1rios<\/li>\n\n\n\n<li>R\u00f3tulos dos campos<\/li>\n\n\n\n<li>Sub-r\u00f3tulos<\/li>\n\n\n\n<li>Bot\u00f5es de r\u00e1dio<\/li>\n\n\n\n<li>Caixas de marca\u00e7\u00e3o<\/li>\n\n\n\n<li>Menus suspensos<\/li>\n\n\n\n<li>Confirma\u00e7\u00f5es<\/li>\n\n\n\n<li>Notifica\u00e7\u00f5es<\/li>\n<\/ul>\n\n\n\n<p>Para traduzir o Gravity Forms com o WPML:<\/p>\n\n\n\n<ol class=\"wp-block-list\">\n<li>V\u00e1 para <strong>WPML<\/strong> \u2192 <strong>Painel de Tradu\u00e7\u00e3o<\/strong> e role at\u00e9 a se\u00e7\u00e3o <strong>Gravity Forms<\/strong>.<\/li>\n\n\n\n<li>Selecione os formul\u00e1rios que deseja traduzir e envie para tradu\u00e7\u00e3o. <\/li>\n<\/ol>\n\n\n\n<figure class=\"wp-block-image tb-image tb-image-dynamic tb-image-frame-none\" data-toolset-blocks-image=\"8b5ec2a09b31d7cefa81f15dad358e5d\"><a href=\"https:\/\/wpml.org\/wp-content\/uploads\/2026\/02\/Selecting-to-translate-Gravity-Forms.png\"><img decoding=\"async\" width=\"1024\" height=\"625\" loading=\"lazy\" src=\"https:\/\/wpml.org\/wp-content\/uploads\/2026\/02\/Selecting-to-translate-Gravity-Forms-1024x625.png\" alt=\"Selecting to translate Gravity Forms\" class=\"wp-image-17792209\" srcset=\"https:\/\/wpml.org\/wp-content\/uploads\/2026\/02\/Selecting-to-translate-Gravity-Forms-1024x625.png 1024w, https:\/\/wpml.org\/wp-content\/uploads\/2026\/02\/Selecting-to-translate-Gravity-Forms-300x183.png 300w, https:\/\/wpml.org\/wp-content\/uploads\/2026\/02\/Selecting-to-translate-Gravity-Forms-150x92.png 150w, https:\/\/wpml.org\/wp-content\/uploads\/2026\/02\/Selecting-to-translate-Gravity-Forms-768x469.png 768w, https:\/\/wpml.org\/wp-content\/uploads\/2026\/02\/Selecting-to-translate-Gravity-Forms-1536x938.png 1536w, https:\/\/wpml.org\/wp-content\/uploads\/2026\/02\/Selecting-to-translate-Gravity-Forms.png 1600w\" sizes=\"auto, (max-width: 1024px) 100vw, 1024px\" \/><\/a><figcaption><div class=\"tb-image-caption\">Selecionando para traduzir o Gravity Forms<\/div><\/figcaption><\/figure>\n\n\n\n<ol start=\"3\" class=\"wp-block-list\">\n<li>Por fim, v\u00e1 para <strong>WPML <\/strong>\u2192 <strong>Tradu\u00e7\u00f5es <\/strong>para revisar as tradu\u00e7\u00f5es autom\u00e1ticas ou inserir as suas pr\u00f3prias (se voc\u00ea estiver traduzindo por conta pr\u00f3pria).<\/li>\n<\/ol>\n\n\n\n<figure class=\"wp-block-image tb-image tb-image-dynamic tb-image-frame-none\" data-toolset-blocks-image=\"d513a7fa7c0c36635d995fd24ea92c1e\"><a href=\"https:\/\/wpml.org\/wp-content\/uploads\/2025\/08\/Clicking-the-Review-button-to-check-automatic-translations.png\"><img decoding=\"async\" width=\"1024\" height=\"578\" loading=\"lazy\" src=\"https:\/\/wpml.org\/wp-content\/uploads\/2025\/08\/Clicking-the-Review-button-to-check-automatic-translations-1024x578.png\" alt=\"Clicking the Review button to check automatic translations\" class=\"wp-image-17317392\" srcset=\"https:\/\/wpml.org\/wp-content\/uploads\/2025\/08\/Clicking-the-Review-button-to-check-automatic-translations-1024x578.png 1024w, https:\/\/wpml.org\/wp-content\/uploads\/2025\/08\/Clicking-the-Review-button-to-check-automatic-translations-300x169.png 300w, https:\/\/wpml.org\/wp-content\/uploads\/2025\/08\/Clicking-the-Review-button-to-check-automatic-translations-150x85.png 150w, https:\/\/wpml.org\/wp-content\/uploads\/2025\/08\/Clicking-the-Review-button-to-check-automatic-translations-768x433.png 768w, https:\/\/wpml.org\/wp-content\/uploads\/2025\/08\/Clicking-the-Review-button-to-check-automatic-translations-1536x867.png 1536w, https:\/\/wpml.org\/wp-content\/uploads\/2025\/08\/Clicking-the-Review-button-to-check-automatic-translations.png 1600w\" sizes=\"auto, (max-width: 1024px) 100vw, 1024px\" \/><\/a><figcaption><div class=\"tb-image-caption\">Clicar no bot\u00e3o Review para verificar as tradu\u00e7\u00f5es autom\u00e1ticas<\/div><\/figcaption><\/figure>\n\n\n\n<p>Se voc\u00ea estiver traduzindo por conta pr\u00f3pria, ser\u00e1 direcionado para o <strong>Editor de tradu\u00e7\u00e3o avan\u00e7ado<\/strong>. L\u00e1, voc\u00ea ver\u00e1 todos os elementos do seu formul\u00e1rio, incluindo campos do formul\u00e1rio, mensagens de confirma\u00e7\u00e3o e <strong>notifica\u00e7\u00f5es por e-mail<\/strong>, prontos para tradu\u00e7\u00e3o. <\/p>\n\n\n<div class=\"wp-block-image\">\n<figure class=\" tb-image tb-image-dynamic tb-image-frame-none aligncenter\" data-toolset-blocks-image=\"614ed99cf6b92b21ec74720bbd295c77\"><a href=\"https:\/\/wpml.org\/wp-content\/uploads\/2025\/04\/wpml-advanced-translation-editor-translating-gravity-form.png\"><img decoding=\"async\" width=\"1024\" height=\"703\" loading=\"lazy\" src=\"https:\/\/wpml.org\/wp-content\/uploads\/2025\/04\/wpml-advanced-translation-editor-translating-gravity-form-1024x703.png\" alt=\"\" class=\"wp-image-16937905\" srcset=\"https:\/\/wpml.org\/wp-content\/uploads\/2025\/04\/wpml-advanced-translation-editor-translating-gravity-form-1024x703.png 1024w, https:\/\/wpml.org\/wp-content\/uploads\/2025\/04\/wpml-advanced-translation-editor-translating-gravity-form-300x206.png 300w, https:\/\/wpml.org\/wp-content\/uploads\/2025\/04\/wpml-advanced-translation-editor-translating-gravity-form-150x103.png 150w, https:\/\/wpml.org\/wp-content\/uploads\/2025\/04\/wpml-advanced-translation-editor-translating-gravity-form-768x528.png 768w, https:\/\/wpml.org\/wp-content\/uploads\/2025\/04\/wpml-advanced-translation-editor-translating-gravity-form-1536x1055.png 1536w, https:\/\/wpml.org\/wp-content\/uploads\/2025\/04\/wpml-advanced-translation-editor-translating-gravity-form-2048x1407.png 2048w\" sizes=\"auto, (max-width: 1024px) 100vw, 1024px\" \/><\/a><figcaption><div class=\"tb-image-caption\">Traduzindo um formul\u00e1rio gravity no editor de tradu\u00e7\u00e3o avan\u00e7ado<\/div><\/figcaption><\/figure>\n<\/div>\n\n\n<p>Quando terminar, voc\u00ea pode visualizar seus formul\u00e1rios Gravity Forms traduzidos alternando os idiomas no seu site. Lembre-se de <a href=\"https:\/\/wpml.org\/documentation\/getting-started-guide\/translate-pages-in-wordpress-with-wpml\/\">traduzir a p\u00e1gina<\/a> que cont\u00e9m o seu formul\u00e1rio para poder alternar entre os idiomas. <\/p>\n\n\n\n<div class=\"wp-block-columns is-layout-flex wp-container-core-columns-is-layout-28f84493 wp-block-columns-is-layout-flex\">\n<div class=\"wp-block-column is-layout-flow wp-block-column-is-layout-flow\">\n<figure class=\"wp-block-image tb-image tb-image-dynamic tb-image-frame-none\" data-toolset-blocks-image=\"1363834e26e8c4908fe944d05a44d8ac\"><a href=\"https:\/\/wpml.org\/wp-content\/uploads\/2024\/04\/Contact-form-in-English.png\"><img decoding=\"async\" width=\"1024\" height=\"715\" loading=\"lazy\" src=\"https:\/\/wpml.org\/wp-content\/uploads\/2024\/04\/Contact-form-in-English-1024x715.png\" alt=\"Contact form in English\" class=\"wp-image-15483526\" srcset=\"https:\/\/wpml.org\/wp-content\/uploads\/2024\/04\/Contact-form-in-English-1024x715.png 1024w, https:\/\/wpml.org\/wp-content\/uploads\/2024\/04\/Contact-form-in-English-300x209.png 300w, https:\/\/wpml.org\/wp-content\/uploads\/2024\/04\/Contact-form-in-English-150x105.png 150w, https:\/\/wpml.org\/wp-content\/uploads\/2024\/04\/Contact-form-in-English-768x536.png 768w, https:\/\/wpml.org\/wp-content\/uploads\/2024\/04\/Contact-form-in-English.png 1490w\" sizes=\"auto, (max-width: 1024px) 100vw, 1024px\" \/><\/a><figcaption><div class=\"tb-image-caption\">Formul\u00e1rio de contato em ingl\u00eas <\/div><\/figcaption><\/figure>\n<\/div>\n\n\n\n<div class=\"wp-block-column is-layout-flow wp-block-column-is-layout-flow\">\n<figure class=\"wp-block-image tb-image tb-image-dynamic tb-image-frame-none\" data-toolset-blocks-image=\"dc14b32d6c440e2558dff259cb37ab2b\"><a href=\"https:\/\/wpml.org\/wp-content\/uploads\/2024\/04\/Contact-form-in-Spanish.png\"><img decoding=\"async\" width=\"1024\" height=\"697\" loading=\"lazy\" src=\"https:\/\/wpml.org\/wp-content\/uploads\/2024\/04\/Contact-form-in-Spanish-1024x697.png\" alt=\"Contact form in Spanish\" class=\"wp-image-15483541\" srcset=\"https:\/\/wpml.org\/wp-content\/uploads\/2024\/04\/Contact-form-in-Spanish-1024x697.png 1024w, https:\/\/wpml.org\/wp-content\/uploads\/2024\/04\/Contact-form-in-Spanish-300x204.png 300w, https:\/\/wpml.org\/wp-content\/uploads\/2024\/04\/Contact-form-in-Spanish-150x102.png 150w, https:\/\/wpml.org\/wp-content\/uploads\/2024\/04\/Contact-form-in-Spanish-768x523.png 768w, https:\/\/wpml.org\/wp-content\/uploads\/2024\/04\/Contact-form-in-Spanish.png 1512w\" sizes=\"auto, (max-width: 1024px) 100vw, 1024px\" \/><\/a><figcaption><div class=\"tb-image-caption\">Formul\u00e1rio de contato em espanhol <\/div><\/figcaption><\/figure>\n<\/div>\n<\/div>\n\n\n\n<h2 class=\"wp-block-heading\" id=\"translate-with-wpml\">Comece a traduzir com WPML <\/h2>\n\n\n\n<p>Se voc\u00ea j\u00e1 possui uma conta do WPML, poder\u00e1 baixar o Gravity Forms Multilingual (sem custo adicional) na <a href=\"https:\/\/wpml.org\/pt-br\/account\/downloads\/#gravityforms-multilingual\">p\u00e1gina de Downloads<\/a>.<\/p>\n\n\n\n<p>N\u00e3o tem WPML? Visite nossa <a href=\"https:\/\/wpml.org\/pt-br\/purchase\/\">p\u00e1gina de pre\u00e7os<\/a> para encontrar o plano certo para o seu site.  <\/p>\n<\/div>\n<\/div>\n<\/div><\/div>\n","protected":false},"excerpt":{"rendered":"<p class=\"lead\">O WPML permite que voc\u00ea traduza os textos que aparecem nos seus Gravity Forms para outros idiomas do seu site. Uma vez traduzido, o formul\u00e1rio \u00e9 exibido automaticamente no idioma correto no front-end. <\/p>\n","protected":false},"author":538393,"featured_media":0,"parent":96560,"menu_order":36,"comment_status":"closed","ping_status":"closed","template":"template-full-with-popup-generic.php","meta":{"_bbp_topic_count":0,"_bbp_reply_count":0,"_bbp_total_topic_count":0,"_bbp_total_reply_count":0,"_bbp_voice_count":0,"_bbp_anonymous_reply_count":0,"_bbp_topic_count_hidden":0,"_bbp_reply_count_hidden":0,"_bbp_forum_subforum_count":0,"ep_exclude_from_search":false,"footnotes":""},"related-projects-category":[27811],"class_list":["post-15198045","page","type-page","status-publish","hentry","related-projects-category-forms-pt-br"],"_links":{"self":[{"href":"https:\/\/wpml.org\/pt-br\/wp-json\/wp\/v2\/pages\/15198045","targetHints":{"allow":["GET"]}}],"collection":[{"href":"https:\/\/wpml.org\/pt-br\/wp-json\/wp\/v2\/pages"}],"about":[{"href":"https:\/\/wpml.org\/pt-br\/wp-json\/wp\/v2\/types\/page"}],"author":[{"embeddable":true,"href":"https:\/\/wpml.org\/pt-br\/wp-json\/wp\/v2\/users\/538393"}],"replies":[{"embeddable":true,"href":"https:\/\/wpml.org\/pt-br\/wp-json\/wp\/v2\/comments?post=15198045"}],"version-history":[{"count":8,"href":"https:\/\/wpml.org\/pt-br\/wp-json\/wp\/v2\/pages\/15198045\/revisions"}],"predecessor-version":[{"id":17853654,"href":"https:\/\/wpml.org\/pt-br\/wp-json\/wp\/v2\/pages\/15198045\/revisions\/17853654"}],"up":[{"embeddable":true,"href":"https:\/\/wpml.org\/pt-br\/wp-json\/wp\/v2\/pages\/96560"}],"wp:attachment":[{"href":"https:\/\/wpml.org\/pt-br\/wp-json\/wp\/v2\/media?parent=15198045"}],"wp:term":[{"taxonomy":"related-projects-category","embeddable":true,"href":"https:\/\/wpml.org\/pt-br\/wp-json\/wp\/v2\/related-projects-category?post=15198045"}],"curies":[{"name":"wp","href":"https:\/\/api.w.org\/{rel}","templated":true}]}}