{"id":15236182,"date":"2017-12-14T15:48:10","date_gmt":"2017-12-14T15:48:10","guid":{"rendered":"https:\/\/wpml.org\/documentacao\/projetos-relacionados\/mailchimp-para-wordpress-multilingue\/"},"modified":"2026-02-26T07:11:57","modified_gmt":"2026-02-26T07:11:57","slug":"mailchimp-para-wordpress-multilingue","status":"publish","type":"page","link":"https:\/\/wpml.org\/pt-br\/documentacao\/projetos-relacionados\/mailchimp-para-wordpress-multilingue\/","title":{"rendered":"MailChimp para WordPress multil\u00edngue"},"content":{"rendered":"\n<div class=\"wp-block-toolset-blocks-container tb-container alignfull\" data-toolset-blocks-container=\"da271f28aef2552c7c0bc0e1e428f0eb\"><div class=\"tb-container-inner\">\n<p class=\"tb-heading has-text-color\" data-toolset-blocks-heading=\"6dfefc05fa175efbb0f816dd1eaa5401\" data-last-update=\"1.4\"><span><span><a href=\"https:\/\/wpml.org\/pt-br\/home-2\/\">Home<\/a><\/span><\/span><\/p>\n\n\n\n<div class=\"wp-block-toolset-blocks-grid tb-grid\" data-toolset-blocks-grid=\"3fa7871119765f343e58c12128f1af57\">\n<div class=\"wp-block-toolset-blocks-grid-column tb-grid-column tb-grid-align-center\" data-toolset-blocks-grid-column=\"b85ea2e4863c9199dad3ace2f33b53a3\">\n<div class=\"wp-block-toolset-blocks-container tb-container\" data-toolset-blocks-container=\"f83fc7765e75dacc167a511772d7997a\"><\/div>\n\n\n\n<h1 class=\"tb-heading has-text-color\" data-toolset-blocks-heading=\"b686c8b3d4780754ef6585bd91a569b8\" data-last-update=\"1.4\">MailChimp para WordPress multil\u00edngue &#8211; traduza formul\u00e1rios do MailChimp<\/h1>\n\n\n\n<p>O MailChimp para WordPress Multil\u00edngue \u00e9 um complemento do WPML para traduzir formul\u00e1rios de inscri\u00e7\u00e3o e mensagens relacionadas para mais idiomas.<\/p>\n\n\n\n<div style=\"height:15px\" aria-hidden=\"true\" class=\"wp-block-spacer\"><\/div>\n\n\n\n<div id=\"wpml-info-account-trigger\" class=\"tb-button\" data-toolset-blocks-button=\"3e19fb0c9836d23d8bb4fbed1cad90a0\"><a class=\"tb-button__link\" href=\"https:\/\/wpml.org\/account\/downloads\/#mailchimp-for-wordpress-multilingual\"><span class=\"tb-button__content\">Obtenha o MailChimp para WordPress multil\u00edngue<\/span><i class=\"tb-button__icon\"><\/i><\/a><\/div>\n<\/div>\n\n\n\n<div class=\"wp-block-toolset-blocks-grid-column tb-grid-column tb-grid-align-center\" data-toolset-blocks-grid-column=\"c77f65d01bb1c283e93f285b389d97af\">\n<div class=\"wp-block-toolset-blocks-container tb-container\" data-toolset-blocks-container=\"5201cc7c9273ee77decbaadbe034423b\"><div class=\"tb-container-inner\">\n<p class=\"tb-heading has-text-color\" data-toolset-blocks-heading=\"1fcd2d356de1d555c8229ca748e523d8\" data-last-update=\"1.4\">Veja o que faz do MailChimp para WordPress uma <a href=\"https:\/\/wpml.org\/compatibility\/2022\/11\/best-email-marketing-lead-generation-tools-for-multilingual-wordpress-sites\/\">ferramenta recomendada de marketing por e-mail e gera\u00e7\u00e3o de leads para sites multil\u00edngues<\/a>. <\/p>\n<\/div><\/div>\n<\/div>\n<\/div>\n<\/div><\/div>\n\n<div class=\"wp-block-toolset-blocks-container tb-container\" data-toolset-blocks-container=\"4402d053d6a59f530e7a06f2c4a80699\"><div class=\"tb-container-inner\">\n<h3 class=\"tb-heading has-text-color\" data-toolset-blocks-heading=\"dc56c1bd2585d5bceed02dcf19062eab\" data-last-update=\"1.4\"><strong>Traduza o MailChimp para WordPress (MC4WP) com o WPML<\/strong><\/h3>\n\n\n\n<div class=\"wp-block-toolset-blocks-grid tb-grid\" data-toolset-blocks-grid=\"e58df69290db7587a854e1dc1557c957\">\n<div class=\"wp-block-toolset-blocks-grid-column tb-grid-column tb-grid-align-top\" data-toolset-blocks-grid-column=\"3034fbe886c11054e95b46b09d3e4112\">\n<div class=\"wp-block-toolset-blocks-grid tb-grid\" data-toolset-blocks-grid=\"0bda7635c2bab81fdc928e64d7b62d89\">\n<div class=\"wp-block-toolset-blocks-grid-column tb-grid-column tb-grid-align-top\" data-toolset-blocks-grid-column=\"3034fbe886c11054e95b46b09d3e4112\">\n<div class=\"wp-block-toolset-blocks-container tb-container\" data-toolset-blocks-container=\"4c1e644b100a7cd79ae08b214443135d\"><\/div>\n<\/div>\n\n\n\n<div class=\"wp-block-toolset-blocks-grid-column tb-grid-column tb-grid-align-center\" data-toolset-blocks-grid-column=\"f586ff7bfe1d7317c63162ec7b7039ed\">\n<h3 class=\"tb-heading has-text-color\" data-toolset-blocks-heading=\"9725591899e85568dfc63c9cff28e917\" data-last-update=\"1.4\">Traduza formul\u00e1rios de inscri\u00e7\u00e3o e mensagens relacionadas para se envolver com um p\u00fablico mais amplo<\/h3>\n<\/div>\n<\/div>\n<\/div>\n\n\n\n<div class=\"wp-block-toolset-blocks-grid-column tb-grid-column tb-grid-align-top\" data-toolset-blocks-grid-column=\"6aa6629b0bd14de4b0c8a30d5e016060\">\n<div class=\"wp-block-toolset-blocks-grid tb-grid\" data-toolset-blocks-grid=\"b6c25b061d44cf54c0551af727fc5a3e\">\n<div class=\"wp-block-toolset-blocks-grid-column tb-grid-column tb-grid-align-top\" data-toolset-blocks-grid-column=\"3034fbe886c11054e95b46b09d3e4112\">\n<div class=\"wp-block-toolset-blocks-container tb-container\" data-toolset-blocks-container=\"4c1e644b100a7cd79ae08b214443135d\"><\/div>\n<\/div>\n\n\n\n<div class=\"wp-block-toolset-blocks-grid-column tb-grid-column tb-grid-align-center\" data-toolset-blocks-grid-column=\"f586ff7bfe1d7317c63162ec7b7039ed\">\n<h3 class=\"tb-heading has-text-color\" data-toolset-blocks-heading=\"9725591899e85568dfc63c9cff28e917\" data-last-update=\"1.4\">Os usu\u00e1rios podem alternar entre idiomas usando um <a href=\"https:\/\/wpml.org\/pt-br\/documentacao\/por-onde-comecar\/configuracao-de-idiomas\/opcoes-de-seletor-de-idioma\/\">seletor de idiomas<\/a> para acessar formul\u00e1rios de inscri\u00e7\u00e3o no idioma de sua prefer\u00eancia<\/h3>\n<\/div>\n<\/div>\n<\/div>\n\n\n\n<div class=\"wp-block-toolset-blocks-grid-column tb-grid-column tb-grid-align-top\" data-toolset-blocks-grid-column=\"3034fbe886c11054e95b46b09d3e4112\">\n<div class=\"wp-block-toolset-blocks-grid tb-grid\" data-toolset-blocks-grid=\"822a2d9bcb4e0ed2e822a4b134873788\">\n<div class=\"wp-block-toolset-blocks-grid-column tb-grid-column tb-grid-align-top\" data-toolset-blocks-grid-column=\"3034fbe886c11054e95b46b09d3e4112\">\n<div class=\"wp-block-toolset-blocks-container tb-container\" data-toolset-blocks-container=\"4c1e644b100a7cd79ae08b214443135d\"><\/div>\n<\/div>\n\n\n\n<div class=\"wp-block-toolset-blocks-grid-column tb-grid-column tb-grid-align-center\" data-toolset-blocks-grid-column=\"f586ff7bfe1d7317c63162ec7b7039ed\">\n<h3 class=\"tb-heading has-text-color\" data-toolset-blocks-heading=\"9725591899e85568dfc63c9cff28e917\" data-last-update=\"1.4\">Use a <a href=\"https:\/\/wpml.org\/pt-br\/documentacao\/traducao-automatica-de-conteudos-wordpress-com-o-wpml\/\">tradu\u00e7\u00e3o autom\u00e1tica<\/a> para traduzir r\u00e1pida e precisamente seu conte\u00fado de marketing por e-mail, economizando tempo e recursos<\/h3>\n<\/div>\n<\/div>\n<\/div>\n<\/div>\n<\/div><\/div>\n\n<div class=\"wp-block-toolset-blocks-container tb-container\" data-toolset-blocks-container=\"a03f28b68e7ebf56bfe1641740b90da2\"><div class=\"tb-container-inner\">\n<div class=\"wp-block-toolset-blocks-grid tb-grid\" data-toolset-blocks-grid=\"d996511cd63e79e8bac4bdd8b35d3a54\">\n<div class=\"wp-block-toolset-blocks-grid-column tb-grid-column tb-grid-align-top product-page-content\" data-toolset-blocks-grid-column=\"3ca40a3bbaa937ab1f07ea8568a8fddf\">\n<p><\/p>\n\n\n\n<h2 class=\"wp-block-heading\" id=\"getting-started\">Plugins necess\u00e1rios<\/h2>\n\n\n\n<p>Para come\u00e7ar, instale e ative os seguintes plugins:<\/p>\n\n\n\n<ul class=\"wp-block-list\">\n<li><a href=\"https:\/\/wordpress.org\/plugins\/mailchimp-for-wp\/\">Mailchimp para WordPress<\/a><\/li>\n\n\n\n<li>WPML<\/li>\n\n\n\n<li>WPML String Translation<\/li>\n\n\n\n<li><a href=\"https:\/\/wpml.org\/pt-br\/download\/mailchimp-for-wordpress-multilingual\/\">MailChimp para WordPress multil\u00edngue<\/a><\/li>\n<\/ul>\n\n\n\n<h2 class=\"wp-block-heading\" id=\"translating-your-forms\">Como traduzir o MailChimp para WordPress com o WPML<\/h2>\n\n\n\n<p>Para traduzir o MailChimp para WordPress (MC4WP) com o WPML:<\/p>\n\n\n\n<ol class=\"wp-block-list\">\n<li>V\u00e1 para <strong>WPML \u2192 painel de tradu\u00e7\u00e3o<\/strong>.<\/li>\n\n\n\n<li>Role para baixo at\u00e9 <strong>Formul\u00e1rios de Inscri\u00e7\u00e3o do MailChimp<\/strong> e selecione os formul\u00e1rios que deseja traduzir.<\/li>\n<\/ol>\n\n\n\n<figure class=\"wp-block-image tb-image tb-image-dynamic tb-image-frame-none\" data-toolset-blocks-image=\"70f0016fd8345627c64c6a4a65799d68\"><a href=\"https:\/\/wpml.org\/wp-content\/uploads\/2026\/02\/Sending-Mailchimp-form-for-translation.png\"><img decoding=\"async\" width=\"1024\" height=\"625\" loading=\"lazy\" src=\"https:\/\/wpml.org\/wp-content\/uploads\/2026\/02\/Sending-Mailchimp-form-for-translation-1024x625.png\" alt=\"Sending Mailchimp form for translation\" class=\"wp-image-17792382\" srcset=\"https:\/\/wpml.org\/wp-content\/uploads\/2026\/02\/Sending-Mailchimp-form-for-translation-1024x625.png 1024w, https:\/\/wpml.org\/wp-content\/uploads\/2026\/02\/Sending-Mailchimp-form-for-translation-300x183.png 300w, https:\/\/wpml.org\/wp-content\/uploads\/2026\/02\/Sending-Mailchimp-form-for-translation-150x92.png 150w, https:\/\/wpml.org\/wp-content\/uploads\/2026\/02\/Sending-Mailchimp-form-for-translation-768x469.png 768w, https:\/\/wpml.org\/wp-content\/uploads\/2026\/02\/Sending-Mailchimp-form-for-translation-1536x938.png 1536w, https:\/\/wpml.org\/wp-content\/uploads\/2026\/02\/Sending-Mailchimp-form-for-translation.png 1600w\" sizes=\"auto, (max-width: 1024px) 100vw, 1024px\" \/><\/a><figcaption><div class=\"tb-image-caption\">Enviando formul\u00e1rio do MailChimp para tradu\u00e7\u00e3o<\/div><\/figcaption><\/figure>\n\n\n\n<ol start=\"3\" class=\"wp-block-list\">\n<li>Escolha um m\u00e9todo de tradu\u00e7\u00e3o e traduza. <\/li>\n<\/ol>\n\n\n\n<h2 class=\"wp-block-heading\">Comece com WPML<\/h2>\n\n\n\n<p>Se voc\u00ea \u00e9 um usu\u00e1rio do WPML, baixe o <strong>MailChimp for WordPress Multilingual<\/strong>,<strong> <\/strong>sem custo adicional, na p\u00e1gina de <a href=\"https:\/\/wpml.org\/pt-br\/account\/downloads\/\">Downloads<\/a>.<\/p>\n\n\n\n<p>N\u00e3o \u00e9 cliente do WPML? Veja nossa <a href=\"https:\/\/wpml.org\/pt-br\/purchase\/\">p\u00e1gina de pre\u00e7os<\/a> para encontrar o plano certo para o seu site. <\/p>\n<\/div>\n\n\n\n<div class=\"wp-block-toolset-blocks-grid-column tb-grid-column tb-grid-align-top\" data-toolset-blocks-grid-column=\"3034fbe886c11054e95b46b09d3e4112\">\n<\/div>\n<\/div>\n<\/div><\/div>\n","protected":false},"excerpt":{"rendered":"<p class=\"lead\">MailChimp \u00e9 um servi\u00e7o online popular que permite distribuir campanhas de e-mail automatizadas. A integra\u00e7\u00e3o entre o <a href=\"https:\/\/wordpress.org\/plugins\/mailchimp-for-wp\/\">plugin MailChimp para WordPress<\/a> e o WPML permite traduzir formul\u00e1rios de inscri\u00e7\u00e3o e mensagens relacionadas. <\/p>\n","protected":false},"author":538393,"featured_media":0,"parent":96560,"menu_order":46,"comment_status":"closed","ping_status":"closed","template":"template-full-with-popup-generic.php","meta":{"_bbp_topic_count":0,"_bbp_reply_count":0,"_bbp_total_topic_count":0,"_bbp_total_reply_count":0,"_bbp_voice_count":0,"_bbp_anonymous_reply_count":0,"_bbp_topic_count_hidden":0,"_bbp_reply_count_hidden":0,"_bbp_forum_subforum_count":0,"ep_exclude_from_search":false,"footnotes":""},"related-projects-category":[27811],"class_list":["post-15236182","page","type-page","status-publish","hentry","related-projects-category-forms-pt-br"],"_links":{"self":[{"href":"https:\/\/wpml.org\/pt-br\/wp-json\/wp\/v2\/pages\/15236182","targetHints":{"allow":["GET"]}}],"collection":[{"href":"https:\/\/wpml.org\/pt-br\/wp-json\/wp\/v2\/pages"}],"about":[{"href":"https:\/\/wpml.org\/pt-br\/wp-json\/wp\/v2\/types\/page"}],"author":[{"embeddable":true,"href":"https:\/\/wpml.org\/pt-br\/wp-json\/wp\/v2\/users\/538393"}],"replies":[{"embeddable":true,"href":"https:\/\/wpml.org\/pt-br\/wp-json\/wp\/v2\/comments?post=15236182"}],"version-history":[{"count":8,"href":"https:\/\/wpml.org\/pt-br\/wp-json\/wp\/v2\/pages\/15236182\/revisions"}],"predecessor-version":[{"id":17853714,"href":"https:\/\/wpml.org\/pt-br\/wp-json\/wp\/v2\/pages\/15236182\/revisions\/17853714"}],"up":[{"embeddable":true,"href":"https:\/\/wpml.org\/pt-br\/wp-json\/wp\/v2\/pages\/96560"}],"wp:attachment":[{"href":"https:\/\/wpml.org\/pt-br\/wp-json\/wp\/v2\/media?parent=15236182"}],"wp:term":[{"taxonomy":"related-projects-category","embeddable":true,"href":"https:\/\/wpml.org\/pt-br\/wp-json\/wp\/v2\/related-projects-category?post=15236182"}],"curies":[{"name":"wp","href":"https:\/\/api.w.org\/{rel}","templated":true}]}}