{"id":15251964,"date":"2020-01-10T16:51:40","date_gmt":"2020-01-10T16:51:40","guid":{"rendered":"https:\/\/wpml.org\/documentacao\/projetos-relacionados\/como-criar-formularios-multilingues-usando-o-ninja-forms-e-o-wpml\/"},"modified":"2026-02-26T07:49:50","modified_gmt":"2026-02-26T07:49:50","slug":"como-criar-formularios-multilingues-usando-o-ninja-forms-e-o-wpml","status":"publish","type":"page","link":"https:\/\/wpml.org\/pt-br\/documentacao\/projetos-relacionados\/como-criar-formularios-multilingues-usando-o-ninja-forms-e-o-wpml\/","title":{"rendered":"Criando Formul\u00e1rios Multil\u00edngues Usando Ninja Forms e WPML"},"content":{"rendered":"\n<div class=\"wp-block-toolset-blocks-container tb-container alignfull\" data-toolset-blocks-container=\"3bdd7b7923f0504f85e1f169382e9634\"><div class=\"tb-container-inner\">\n<p class=\"tb-heading has-text-color\" data-toolset-blocks-heading=\"12d3e7a40b21f8b1ac6a31847a202b82\" data-last-update=\"1.4\"><span><span><a href=\"https:\/\/wpml.org\/pt-br\/home-2\/\">Home<\/a><\/span><\/span><\/p>\n\n\n\n<div class=\"wp-block-toolset-blocks-grid tb-grid\" data-toolset-blocks-grid=\"1e3256eddcd8d1ddf217eef5389f4d56\">\n<div class=\"wp-block-toolset-blocks-grid-column tb-grid-column tb-grid-align-center\" data-toolset-blocks-grid-column=\"f586ff7bfe1d7317c63162ec7b7039ed\">\n<div class=\"wp-block-toolset-blocks-container tb-container\" data-toolset-blocks-container=\"b7100b8049c686a2b456b529c816d48c\"><\/div>\n\n\n\n<h1 class=\"tb-heading has-text-color\" data-toolset-blocks-heading=\"b686c8b3d4780754ef6585bd91a569b8\" data-last-update=\"1.4\">Ninja Forms Multilingual &#8211; Tradu\u00e7\u00e3o de Formul\u00e1rios sem Esfor\u00e7o com WPML<\/h1>\n\n\n\n<p class=\"has-medium-font-size\">Ninja Forms Multilingual (NFML) \u00e9 um complemento do WPML para traduzir os campos e r\u00f3tulos dos seus formul\u00e1rios para mais idiomas.<\/p>\n\n\n\n<div style=\"height:15px\" aria-hidden=\"true\" class=\"wp-block-spacer\"><\/div>\n\n\n\n<div id=\"wpml-info-account-trigger\" class=\"tb-button\" data-toolset-blocks-button=\"817217bf6b2edafdbd41f8b787b084bb\"><a class=\"tb-button__link\" href=\"https:\/\/wpml.org\/account\/downloads\/#wpml-ninja-forms\"><span class=\"tb-button__content\">Obter Ninja Forms Multilingual<\/span><i class=\"tb-button__icon\"><\/i><\/a><\/div>\n<\/div>\n\n\n\n<div class=\"wp-block-toolset-blocks-grid-column tb-grid-column tb-grid-align-center\" data-toolset-blocks-grid-column=\"c77f65d01bb1c283e93f285b389d97af\">\n<figure class=\"wp-block-image tb-image tb-image-dynamic tb-image-frame-none\" data-toolset-blocks-image=\"d232bd64397efd699a867df4fdcb96f9\"><img decoding=\"async\" width=\"706\" height=\"644\" loading=\"lazy\" src=\"https:\/\/wpml.org\/wp-content\/uploads\/2023\/04\/form-14-1.png\" alt=\"\" class=\"wp-image-13398403\" srcset=\"https:\/\/wpml.org\/wp-content\/uploads\/2023\/04\/form-14-1.png 706w, https:\/\/wpml.org\/wp-content\/uploads\/2023\/04\/form-14-1-300x274.png 300w, https:\/\/wpml.org\/wp-content\/uploads\/2023\/04\/form-14-1-150x137.png 150w\" sizes=\"auto, (max-width: 706px) 100vw, 706px\" \/><\/figure>\n<\/div>\n<\/div>\n<\/div><\/div>\n\n<div class=\"wp-block-toolset-blocks-container tb-container\" data-toolset-blocks-container=\"4402d053d6a59f530e7a06f2c4a80699\"><div class=\"tb-container-inner\">\n<h3 class=\"tb-heading has-text-color\" data-toolset-blocks-heading=\"dc56c1bd2585d5bceed02dcf19062eab\" data-last-update=\"1.4\"><strong>Traduzir Ninja Forms com WPML<\/strong><\/h3>\n\n\n\n<div class=\"wp-block-toolset-blocks-grid tb-grid\" data-toolset-blocks-grid=\"d73b029f031f092476d7c78dca9026b6\">\n<div class=\"wp-block-toolset-blocks-grid-column tb-grid-column tb-grid-align-top\" data-toolset-blocks-grid-column=\"3034fbe886c11054e95b46b09d3e4112\">\n<div class=\"wp-block-toolset-blocks-grid tb-grid\" data-toolset-blocks-grid=\"9bfc87ef58a09f5e6817f53045b0bafe\">\n<div class=\"wp-block-toolset-blocks-grid-column tb-grid-column tb-grid-align-top\" data-toolset-blocks-grid-column=\"3034fbe886c11054e95b46b09d3e4112\">\n<div class=\"wp-block-toolset-blocks-container tb-container\" data-toolset-blocks-container=\"4c1e644b100a7cd79ae08b214443135d\"><\/div>\n<\/div>\n\n\n\n<div class=\"wp-block-toolset-blocks-grid-column tb-grid-column tb-grid-align-center\" data-toolset-blocks-grid-column=\"f586ff7bfe1d7317c63162ec7b7039ed\">\n<h3 class=\"tb-heading has-text-color\" data-toolset-blocks-heading=\"9725591899e85568dfc63c9cff28e917\" data-last-update=\"1.4\">Simplesmente crie formul\u00e1rios no seu idioma e depois traduza-os para v\u00e1rios idiomas<\/h3>\n<\/div>\n<\/div>\n<\/div>\n\n\n\n<div class=\"wp-block-toolset-blocks-grid-column tb-grid-column tb-grid-align-top\" data-toolset-blocks-grid-column=\"6aa6629b0bd14de4b0c8a30d5e016060\">\n<div class=\"wp-block-toolset-blocks-grid tb-grid\" data-toolset-blocks-grid=\"9bfc87ef58a09f5e6817f53045b0bafe\">\n<div class=\"wp-block-toolset-blocks-grid-column tb-grid-column tb-grid-align-top\" data-toolset-blocks-grid-column=\"3034fbe886c11054e95b46b09d3e4112\">\n<div class=\"wp-block-toolset-blocks-container tb-container\" data-toolset-blocks-container=\"4c1e644b100a7cd79ae08b214443135d\"><\/div>\n<\/div>\n\n\n\n<div class=\"wp-block-toolset-blocks-grid-column tb-grid-column tb-grid-align-center\" data-toolset-blocks-grid-column=\"f586ff7bfe1d7317c63162ec7b7039ed\">\n<h3 class=\"tb-heading has-text-color\" data-toolset-blocks-heading=\"b40d2f81245ad6defbcd1e818829d11d\" data-last-update=\"1.4\">Traduza formul\u00e1rios automaticamente, por conta pr\u00f3pria ou com a ajuda de tradutores experientes<\/h3>\n<\/div>\n<\/div>\n<\/div>\n\n\n\n<div class=\"wp-block-toolset-blocks-grid-column tb-grid-column tb-grid-align-top\" data-toolset-blocks-grid-column=\"3034fbe886c11054e95b46b09d3e4112\">\n<div class=\"wp-block-toolset-blocks-grid tb-grid\" data-toolset-blocks-grid=\"1c3b519f11ed173dde36e2dd3d915363\">\n<div class=\"wp-block-toolset-blocks-grid-column tb-grid-column tb-grid-align-top\" data-toolset-blocks-grid-column=\"3034fbe886c11054e95b46b09d3e4112\">\n<div class=\"wp-block-toolset-blocks-container tb-container\" data-toolset-blocks-container=\"4c1e644b100a7cd79ae08b214443135d\"><\/div>\n<\/div>\n\n\n\n<div class=\"wp-block-toolset-blocks-grid-column tb-grid-column tb-grid-align-center\" data-toolset-blocks-grid-column=\"f586ff7bfe1d7317c63162ec7b7039ed\">\n<h3 class=\"tb-heading has-text-color\" data-toolset-blocks-heading=\"b40d2f81245ad6defbcd1e818829d11d\" data-last-update=\"1.4\">Os formul\u00e1rios traduzidos aparecem em suas postagens e p\u00e1ginas automaticamente sem nenhum esfor\u00e7o extra de sua parte<\/h3>\n<\/div>\n<\/div>\n<\/div>\n<\/div>\n<\/div><\/div>\n\n<div class=\"wp-block-toolset-blocks-container tb-container\" data-toolset-blocks-container=\"a03f28b68e7ebf56bfe1641740b90da2\"><div class=\"tb-container-inner\">\n<div class=\"wp-block-toolset-blocks-grid tb-grid\" data-toolset-blocks-grid=\"d996511cd63e79e8bac4bdd8b35d3a54\">\n<div class=\"wp-block-toolset-blocks-grid-column tb-grid-column tb-grid-align-top product-page-content\" data-toolset-blocks-grid-column=\"3ca40a3bbaa937ab1f07ea8568a8fddf\">\n<h2 class=\"wp-block-heading\" id=\"getting-started\">Come\u00e7ar<\/h2>\n\n\n\n<p>Para traduzir Ninja Forms com WPML, instale e ative os seguintes plugins: <\/p>\n\n\n\n<ul class=\"wp-block-list\">\n<li><a href=\"https:\/\/ninjaforms.com\/\" target=\"_blank\" rel=\"noreferrer noopener\">Ninja Forms<\/a><\/li>\n\n\n\n<li>WPML <\/li>\n\n\n\n<li>WPML String Translation<\/li>\n\n\n\n<li><a href=\"https:\/\/wpml.org\/pt-br\/download\/wpml-ninja-forms\/?section=changelog\">Ninja Forms Multilingual<\/a><\/li>\n<\/ul>\n\n\n\n<h2 class=\"wp-block-heading\" id=\"creating-and-translating-forms\">Como Traduzir Ninja Forms com WPML<\/h2>\n\n\n\n<p>O WPML permite traduzir cada parte do Ninja Forms. Isso inclui tipos de campo, r\u00f3tulos, espa\u00e7os reservados, texto de ajuda, mensagens e muito mais.  <\/p>\n\n\n\n<p>Para traduzir Ninja Forms com WPML:<\/p>\n\n\n\n<ol class=\"wp-block-list\">\n<li>Acesse <strong>WPML<\/strong> \u2192 <strong>Painel de Tradu\u00e7\u00e3o<\/strong> e role at\u00e9 a se\u00e7\u00e3o <strong>Ninja Forms<\/strong>.<\/li>\n\n\n\n<li>Selecione os formul\u00e1rios que deseja traduzir.<\/li>\n<\/ol>\n\n\n\n<figure class=\"wp-block-image tb-image tb-image-dynamic tb-image-frame-none\" data-toolset-blocks-image=\"420076f41ef01e08eb4d030359482531\"><a href=\"https:\/\/wpml.org\/wp-content\/uploads\/2026\/02\/Selecting-to-translate-Ninja-Form.png\"><img decoding=\"async\" width=\"1024\" height=\"625\" loading=\"lazy\" src=\"https:\/\/wpml.org\/wp-content\/uploads\/2026\/02\/Selecting-to-translate-Ninja-Form-1024x625.png\" alt=\"Selecting to translate Ninja Form\" class=\"wp-image-17792513\" srcset=\"https:\/\/wpml.org\/wp-content\/uploads\/2026\/02\/Selecting-to-translate-Ninja-Form-1024x625.png 1024w, https:\/\/wpml.org\/wp-content\/uploads\/2026\/02\/Selecting-to-translate-Ninja-Form-300x183.png 300w, https:\/\/wpml.org\/wp-content\/uploads\/2026\/02\/Selecting-to-translate-Ninja-Form-150x92.png 150w, https:\/\/wpml.org\/wp-content\/uploads\/2026\/02\/Selecting-to-translate-Ninja-Form-768x469.png 768w, https:\/\/wpml.org\/wp-content\/uploads\/2026\/02\/Selecting-to-translate-Ninja-Form-1536x938.png 1536w, https:\/\/wpml.org\/wp-content\/uploads\/2026\/02\/Selecting-to-translate-Ninja-Form.png 1600w\" sizes=\"auto, (max-width: 1024px) 100vw, 1024px\" \/><\/a><figcaption><div class=\"tb-image-caption\">Selecionando para traduzir o Ninja Form<\/div><\/figcaption><\/figure>\n\n\n\n<ol start=\"3\" class=\"wp-block-list\">\n<li>Escolha um m\u00e9todo de tradu\u00e7\u00e3o e, em seguida, envie para tradu\u00e7\u00e3o.<\/li>\n<\/ol>\n\n\n\n<div style=\"height:30px\" aria-hidden=\"true\" class=\"wp-block-spacer\"><\/div>\n\n\n\n<p>Para visualizar seu formul\u00e1rio traduzido, visite a p\u00e1gina que cont\u00e9m seu formul\u00e1rio e mude de idioma. <\/p>\n\n\n\n<div class=\"wp-block-toolset-blocks-grid tb-grid\" data-toolset-blocks-grid=\"3d9c399fe625e1b972f817a0680229f6\">\n<div class=\"wp-block-toolset-blocks-grid-column tb-grid-column tb-grid-align-top\" data-toolset-blocks-grid-column=\"3034fbe886c11054e95b46b09d3e4112\">\n<figure class=\"wp-block-image tb-image tb-image-dynamic tb-image-frame-none\" data-toolset-blocks-image=\"1373f6997fde4652820ad79c9dc286c7\"><a href=\"https:\/\/wpml.org\/wp-content\/uploads\/2024\/07\/Ninja-Form-in-English.png\"><img decoding=\"async\" width=\"1024\" height=\"903\" loading=\"lazy\" src=\"https:\/\/wpml.org\/wp-content\/uploads\/2024\/07\/Ninja-Form-in-English-1024x903.png\" alt=\"Ninja Form in English\" class=\"wp-image-16006962\" srcset=\"https:\/\/wpml.org\/wp-content\/uploads\/2024\/07\/Ninja-Form-in-English-1024x903.png 1024w, https:\/\/wpml.org\/wp-content\/uploads\/2024\/07\/Ninja-Form-in-English-300x264.png 300w, https:\/\/wpml.org\/wp-content\/uploads\/2024\/07\/Ninja-Form-in-English-150x132.png 150w, https:\/\/wpml.org\/wp-content\/uploads\/2024\/07\/Ninja-Form-in-English-768x677.png 768w, https:\/\/wpml.org\/wp-content\/uploads\/2024\/07\/Ninja-Form-in-English.png 1334w\" sizes=\"auto, (max-width: 1024px) 100vw, 1024px\" \/><\/a><figcaption><div class=\"tb-image-caption\">Ninja Forms em ingl\u00eas<\/div><\/figcaption><\/figure>\n<\/div>\n\n\n\n<div class=\"wp-block-toolset-blocks-grid-column tb-grid-column tb-grid-align-top\" data-toolset-blocks-grid-column=\"3034fbe886c11054e95b46b09d3e4112\">\n<figure class=\"wp-block-image tb-image tb-image-dynamic tb-image-frame-none\" data-toolset-blocks-image=\"28169bfe5cd63b19d009f25cdf09d10d\"><a href=\"https:\/\/wpml.org\/wp-content\/uploads\/2024\/07\/Ninja-Form-in-Spanish-1.png\"><img decoding=\"async\" width=\"1024\" height=\"904\" loading=\"lazy\" src=\"https:\/\/wpml.org\/wp-content\/uploads\/2024\/07\/Ninja-Form-in-Spanish-1-1024x904.png\" alt=\"Ninja Form in Spanish\" class=\"wp-image-16007394\" srcset=\"https:\/\/wpml.org\/wp-content\/uploads\/2024\/07\/Ninja-Form-in-Spanish-1-1024x904.png 1024w, https:\/\/wpml.org\/wp-content\/uploads\/2024\/07\/Ninja-Form-in-Spanish-1-300x265.png 300w, https:\/\/wpml.org\/wp-content\/uploads\/2024\/07\/Ninja-Form-in-Spanish-1-150x132.png 150w, https:\/\/wpml.org\/wp-content\/uploads\/2024\/07\/Ninja-Form-in-Spanish-1-768x678.png 768w, https:\/\/wpml.org\/wp-content\/uploads\/2024\/07\/Ninja-Form-in-Spanish-1.png 1320w\" sizes=\"auto, (max-width: 1024px) 100vw, 1024px\" \/><\/a><figcaption><div class=\"tb-image-caption\">Ninja Forms em espanhol<\/div><\/figcaption><\/figure>\n<\/div>\n<\/div>\n\n\n\n<p>Lembre-se de <a href=\"\/?page_id=15451745\">traduzir a p\u00e1gina<\/a> que cont\u00e9m seu formul\u00e1rio para poder alternar entre idiomas.<\/p>\n\n\n\n<h2 class=\"wp-block-heading\" id=\"get-started\">Comece com WPML<\/h2>\n\n\n\n<p>Para traduzir Ninja Forms com WPML, voc\u00ea precisa de um plano pago. Visite nossa <a href=\"https:\/\/wpml.org\/pt-br\/purchase\/\">p\u00e1gina de pre\u00e7os<\/a> para mais informa\u00e7\u00f5es. <\/p>\n<\/div>\n\n\n\n<div class=\"wp-block-toolset-blocks-grid-column tb-grid-column tb-grid-align-top\" data-toolset-blocks-grid-column=\"3034fbe886c11054e95b46b09d3e4112\">\n<\/div>\n<\/div>\n<\/div><\/div>\n","protected":false},"excerpt":{"rendered":"<p class=\"lead\">Ninja Forms \u00e9 um construtor de formul\u00e1rios intuitivo de arrastar e soltar para WordPress. Aprenda como usar o WPML para criar formul\u00e1rios multil\u00edngues usando Ninja Forms. <\/p>\n","protected":false},"author":538393,"featured_media":0,"parent":96560,"menu_order":64,"comment_status":"closed","ping_status":"closed","template":"template-full-with-popup-generic.php","meta":{"_bbp_topic_count":0,"_bbp_reply_count":0,"_bbp_total_topic_count":0,"_bbp_total_reply_count":0,"_bbp_voice_count":0,"_bbp_anonymous_reply_count":0,"_bbp_topic_count_hidden":0,"_bbp_reply_count_hidden":0,"_bbp_forum_subforum_count":0,"_uag_custom_page_level_css":"","ep_exclude_from_search":false,"footnotes":""},"related-projects-category":[27811],"class_list":["post-15251964","page","type-page","status-publish","hentry","related-projects-category-forms-pt-br"],"spectra_custom_meta":{"ratings_users":["0"],"ratings_score":["0"],"ratings_average":["0"],"_subscription_coupon_product_id":["0"],"_wpv_contains_gutenberg_views":[""],"_alp_processed":["1772092190"],"_views_template":["0"],"wpcf-unformatted-code":[""],"_wpml_media_duplicate":["1"],"_wpml_media_featured":["1"],"toolset_post_editor_mode":["block"],"wpcf-price-increase-show-from":[""],"wpcf-price-increase-show-till":[""],"_wp_page_template":["template-full-with-popup-generic.php"],"_last_translation_edit_mode":["translation-editor"],"_wpml_word_count":["396"],"cmplz_hide_cookiebanner":[""],"wpcf-related-product-full-name":["Ninja Forms Multilingual"],"wpcf-related-product-download-url":["https:\/\/wpml.org\/account\/downloads\/#wpml-ninja-forms"],"wpcf-price-increase-content":[""],"wpcf-login-box-title":[""],"wpcf-page-content":[""],"_yoast_wpseo_primary_related-projects-category":["26967"],"_yoast_wpseo_title":["Ninja Forms Multilingual - Traduza Formul\u00e1rios com WPML"],"_yoast_wpseo_metadesc":["Ninja Forms Multilingual (NFML) \u00e9 um complemento do WPML para traduzir os campos e r\u00f3tulos dos seus formul\u00e1rios para mais idiomas."],"_uag_css_file_name":["uag-css-15251964.css"],"_uag_page_assets":["a:9:{s:3:\"css\";s:260:\".uag-blocks-common-selector{z-index:var(--z-index-desktop) !important}@media(max-width: 976px){.uag-blocks-common-selector{z-index:var(--z-index-tablet) !important}}@media(max-width: 767px){.uag-blocks-common-selector{z-index:var(--z-index-mobile) !important}}\";s:2:\"js\";s:0:\"\";s:18:\"current_block_list\";a:12:{i:0;s:24:\"toolset-blocks\/container\";i:1;s:22:\"toolset-blocks\/heading\";i:2;s:19:\"toolset-blocks\/grid\";i:3;s:26:\"toolset-blocks\/grid-column\";i:4;s:14:\"core\/paragraph\";i:5;s:11:\"core\/spacer\";i:6;s:21:\"toolset-blocks\/button\";i:8;s:20:\"toolset-blocks\/image\";i:12;s:12:\"core\/heading\";i:13;s:9:\"core\/list\";i:14;s:14:\"core\/list-item\";i:16;s:14:\"core\/shortcode\";}s:8:\"uag_flag\";b:0;s:11:\"uag_version\";s:10:\"1778806751\";s:6:\"gfonts\";a:0:{}s:10:\"gfonts_url\";s:0:\"\";s:12:\"gfonts_files\";a:0:{}s:14:\"uag_faq_layout\";b:0;}"]},"uagb_featured_image_src":{"full":false,"thumbnail":false,"medium":false,"medium_large":false,"large":false,"1536x1536":false,"2048x2048":false,"gform-image-choice-sm":false,"gform-image-choice-md":false,"gform-image-choice-lg":false,"woocommerce_thumbnail":false,"woocommerce_single":false,"woocommerce_gallery_thumbnail":false},"uagb_author_info":{"display_name":"Kathy","author_link":"https:\/\/wpml.org\/pt-br\/author\/kathy-b\/"},"uagb_comment_info":0,"uagb_excerpt":"Ninja Forms \u00e9 um construtor de formul\u00e1rios intuitivo de arrastar e soltar para WordPress. Aprenda como usar o WPML para criar formul\u00e1rios multil\u00edngues usando Ninja Forms.","_links":{"self":[{"href":"https:\/\/wpml.org\/pt-br\/wp-json\/wp\/v2\/pages\/15251964","targetHints":{"allow":["GET"]}}],"collection":[{"href":"https:\/\/wpml.org\/pt-br\/wp-json\/wp\/v2\/pages"}],"about":[{"href":"https:\/\/wpml.org\/pt-br\/wp-json\/wp\/v2\/types\/page"}],"author":[{"embeddable":true,"href":"https:\/\/wpml.org\/pt-br\/wp-json\/wp\/v2\/users\/538393"}],"replies":[{"embeddable":true,"href":"https:\/\/wpml.org\/pt-br\/wp-json\/wp\/v2\/comments?post=15251964"}],"version-history":[{"count":8,"href":"https:\/\/wpml.org\/pt-br\/wp-json\/wp\/v2\/pages\/15251964\/revisions"}],"predecessor-version":[{"id":17854561,"href":"https:\/\/wpml.org\/pt-br\/wp-json\/wp\/v2\/pages\/15251964\/revisions\/17854561"}],"up":[{"embeddable":true,"href":"https:\/\/wpml.org\/pt-br\/wp-json\/wp\/v2\/pages\/96560"}],"wp:attachment":[{"href":"https:\/\/wpml.org\/pt-br\/wp-json\/wp\/v2\/media?parent=15251964"}],"wp:term":[{"taxonomy":"related-projects-category","embeddable":true,"href":"https:\/\/wpml.org\/pt-br\/wp-json\/wp\/v2\/related-projects-category?post=15251964"}],"curies":[{"name":"wp","href":"https:\/\/api.w.org\/{rel}","templated":true}]}}