{"id":15254334,"date":"2014-06-13T10:48:14","date_gmt":"2014-06-13T10:48:14","guid":{"rendered":"https:\/\/wpml.org\/documentacao\/projetos-relacionados\/plug-in-de-ferramentas-multilingues\/"},"modified":"2025-09-10T08:49:19","modified_gmt":"2025-09-10T08:49:19","slug":"plug-in-de-ferramentas-multilingues","status":"publish","type":"page","link":"https:\/\/wpml.org\/pt-br\/documentacao\/informacoes-para-desenvolvedores\/plug-in-de-ferramentas-multilingues\/","title":{"rendered":"Plugin Multilingual Tools"},"content":{"rendered":"\n<div class=\"wp-block-toolset-blocks-container tb-container alignfull\" data-toolset-blocks-container=\"fdede197a056736e7322c161590b89a1\"><div class=\"tb-container-inner\">\n<p class=\"tb-heading has-text-color\" data-toolset-blocks-heading=\"0190bf5c0f5e682e6e1d8be7e6f401ac\" data-last-update=\"1.4\"><span><span><a href=\"https:\/\/wpml.org\/pt-br\/home-2\/\">Home<\/a><\/span><\/span><\/p>\n\n\n\n<div class=\"wp-block-toolset-blocks-grid tb-grid\" data-toolset-blocks-grid=\"4994ab091993c2c41b112f7268aa6088\">\n<div class=\"wp-block-toolset-blocks-grid-column tb-grid-column tb-grid-align-center\" data-toolset-blocks-grid-column=\"f586ff7bfe1d7317c63162ec7b7039ed\">\n<h1 class=\"tb-heading has-text-color\" data-toolset-blocks-heading=\"b686c8b3d4780754ef6585bd91a569b8\" data-last-update=\"1.4\">Multilingual Tools<\/h1>\n\n\n\n<div class=\"tb-fields-and-text\" data-toolset-blocks-fields-and-text=\"f74ad0754467fb071b00f80b6400d545\"><p>Teste<span style=\"font-weight: 400;\"> sua configura\u00e7\u00e3o e confirme se seu plugin e tema s\u00e3o compat\u00edveis com WPML.<\/span><\/p><\/div>\n\n\n\n<div class=\"tb-button\" data-toolset-blocks-button=\"4badb2b822dc5019f9c460608c3a3b0f\"><a class=\"tb-button__link\" href=\"https:\/\/github.com\/OnTheGoSystems\/multilingual-tools\" target=\"_blank\" rel=\"noopener\"><span class=\"tb-button__content\">Baixar Plugin<\/span><i class=\"tb-button__icon\"><\/i><\/a><\/div>\n<\/div>\n\n\n\n<div class=\"wp-block-toolset-blocks-grid-column tb-grid-column tb-grid-align-center\" data-toolset-blocks-grid-column=\"c77f65d01bb1c283e93f285b389d97af\">\n<div class=\"wp-block-toolset-blocks-container tb-container\" data-toolset-blocks-container=\"39d6c41ef896e9e4000cd0db5cad231e\"><\/div>\n<\/div>\n<\/div>\n<\/div><\/div>\n\n<div class=\"wp-block-toolset-blocks-container tb-container\" data-toolset-blocks-container=\"a03f28b68e7ebf56bfe1641740b90da2\"><div class=\"tb-container-inner\">\n<div class=\"wp-block-toolset-blocks-grid tb-grid\" data-toolset-blocks-grid=\"53ce567584c307825428d23825630ccf\">\n<div class=\"wp-block-toolset-blocks-grid-column tb-grid-column tb-grid-align-top wcml-sticky-top\" data-toolset-blocks-grid-column=\"f7f9a013a6074411e874a8d48900e955\">\n<p><strong>Nesta p\u00e1gina<\/strong><\/p>\n\n\n\n<p class=\"tb-heading\" data-toolset-blocks-heading=\"d1d455b792d304584caa300e338ef016\" data-last-update=\"1.4\"><a href=\"#getting-started\">Come\u00e7ar<\/a><\/p>\n\n\n\n<p class=\"tb-heading\" data-toolset-blocks-heading=\"b6a68071437b65e280e5ebbe2eb9be2e\" data-last-update=\"1.4\"><a href=\"#how-to\">Como Usar o Multilingual Tools<\/a><\/p>\n\n\n\n<p class=\"tb-heading\" data-toolset-blocks-heading=\"d696b8be6ccef6966d53a93acf501838\" data-last-update=\"1.4\"><a href=\"#verify\">Verificar se os textos codificados est\u00e3o envolvidos em chamadas gettext<\/a><\/p>\n\n\n\n<p class=\"tb-heading\" data-toolset-blocks-heading=\"d696b8be6ccef6966d53a93acf501838\" data-last-update=\"1.4\"><a href=\"#scan\">Examinar seu tema e plugin em busca de texto<\/a><\/p>\n\n\n\n<p class=\"tb-heading\" data-toolset-blocks-heading=\"d696b8be6ccef6966d53a93acf501838\" data-last-update=\"1.4\"><a href=\"#choose\">Selecionar elementos para testar<\/a><\/p>\n\n\n\n<p class=\"tb-heading\" data-toolset-blocks-heading=\"d696b8be6ccef6966d53a93acf501838\" data-last-update=\"1.4\"><a href=\"#send\">Enviar Conte\u00fado para Tradu\u00e7\u00e3o<\/a><\/p>\n\n\n\n<p class=\"tb-heading\" data-toolset-blocks-heading=\"c300fbd3038fde48313a1766838adbf9\" data-last-update=\"1.4\"><a href=\"#confirm\">Confirmar compatibilidade<\/a><\/p>\n\n\n\n<p class=\"tb-heading\" data-toolset-blocks-heading=\"c300fbd3038fde48313a1766838adbf9\" data-last-update=\"1.4\"><a href=\"#register-for-translation\">Torne os blocos do Elementor e Gutenberg traduz\u00edveis<\/a><\/p>\n\n\n\n<p class=\"tb-heading\" data-toolset-blocks-heading=\"3527d878ad14a7af15023b7352efc4aa\" data-last-update=\"1.4\"><a href=\"#generate\">Gerar um Arquivo de Configura\u00e7\u00e3o de Idioma<\/a><\/p>\n<\/div>\n\n\n\n<div class=\"wp-block-toolset-blocks-grid-column tb-grid-column tb-grid-align-top product-page-content\" data-toolset-blocks-grid-column=\"613ca808c900d7f6c7303b84383bbf91\">\n<p>Multilingual Tools \u00e9 um addon gratuito para testar a compatibilidade do seu plugin e tema com WPML. <\/p>\n\n\n\n<p>Ao usar este addon, voc\u00ea pode identificar quais textos e elementos est\u00e3o devidamente configurados para tradu\u00e7\u00e3o (e quais n\u00e3o est\u00e3o), al\u00e9m de gerar um <a href=\"https:\/\/wpml.org\/pt-br\/documentacao\/informacoes-para-desenvolvedores\/ficheiros-de-configuracao-linguistica\/\">arquivo de configura\u00e7\u00e3o de idioma<\/a>.<\/p>\n\n\n\n<div style=\"height:10px\" aria-hidden=\"true\" class=\"wp-block-spacer\"><\/div>\n\n\n\n<h2 class=\"wp-block-heading\" id=\"getting-started\">Come\u00e7ar<\/h2>\n\n\n\n<p>Para come\u00e7ar, instale e ative: <\/p>\n\n\n\n<ul class=\"wp-block-list\">\n<li>WPML<\/li>\n\n\n\n<li><a href=\"https:\/\/github.com\/OnTheGoSystems\/multilingual-tools\" target=\"_blank\" rel=\"noreferrer noopener\">Multilingual Tools<\/a><\/li>\n\n\n\n<li>Plugins \/ temas que voc\u00ea deseja testar<\/li>\n<\/ul>\n\n\n\n<p>Lembre-se de que o Multilingual Tools \u00e9 um plugin de teste, portanto <strong>jamais<\/strong> o utilize em sites de produ\u00e7\u00e3o ou de clientes. <\/p>\n\n\n\n<div style=\"height:10px\" aria-hidden=\"true\" class=\"wp-block-spacer\"><\/div>\n\n\n\n<h2 class=\"wp-block-heading\" id=\"how-to\">Como Usar o Multilingual Tools<\/h2>\n\n\n\n<p>Para come\u00e7ar, v\u00e1 para <strong>Multilingual Tools <\/strong>\u2192 <strong>Vis\u00e3o Geral<\/strong> para ver um resumo do seu arquivo de configura\u00e7\u00e3o de idioma atual.<\/p>\n\n\n\n<figure class=\"wp-block-image tb-image tb-image-dynamic tb-image-frame-none\" data-toolset-blocks-image=\"0de2af71fe6f65d15963045b54289c06\"><a href=\"https:\/\/wpml.org\/wp-content\/uploads\/2024\/08\/Multilingual-Tools-Overview-page-1.png\"><img decoding=\"async\" width=\"1640\" height=\"1068\" loading=\"lazy\" src=\"https:\/\/wpml.org\/wp-content\/uploads\/2024\/08\/Multilingual-Tools-Overview-page-1.png\" alt=\"\" class=\"wp-image-16124390\" srcset=\"https:\/\/wpml.org\/wp-content\/uploads\/2024\/08\/Multilingual-Tools-Overview-page-1.png 1640w, https:\/\/wpml.org\/wp-content\/uploads\/2024\/08\/Multilingual-Tools-Overview-page-1-300x195.png 300w, https:\/\/wpml.org\/wp-content\/uploads\/2024\/08\/Multilingual-Tools-Overview-page-1-1024x667.png 1024w, https:\/\/wpml.org\/wp-content\/uploads\/2024\/08\/Multilingual-Tools-Overview-page-1-150x98.png 150w, https:\/\/wpml.org\/wp-content\/uploads\/2024\/08\/Multilingual-Tools-Overview-page-1-768x500.png 768w, https:\/\/wpml.org\/wp-content\/uploads\/2024\/08\/Multilingual-Tools-Overview-page-1-1536x1000.png 1536w\" sizes=\"auto, (max-width: 1640px) 100vw, 1640px\" \/><\/a><figcaption><div class=\"tb-image-caption\">P\u00e1gina de Vis\u00e3o Geral do Multilingual Tools<\/div><\/figcaption><\/figure>\n\n\n\n<p>Caso esteja satisfeito com sua configura\u00e7\u00e3o, siga os passos abaixo para test\u00e1-la. Caso contr\u00e1rio, <a href=\"#generate\">gere um novo arquivo de configura\u00e7\u00e3o de idioma<\/a> para atualizar suas configura\u00e7\u00f5es. <\/p>\n\n\n\n<div style=\"height:10px\" aria-hidden=\"true\" class=\"wp-block-spacer\"><\/div>\n\n\n\n<h3 class=\"wp-block-heading\" id=\"verify\"><a><\/a>1. Verifique se os Textos Codificados Est\u00e3o Envolvidos em Chamadas Gettext<\/h3>\n\n\n\n<p>Para traduzir seu plugin ou tema, voc\u00ea precisa envolver todos os textos codificados com chamadas <strong>gettext <\/strong>. Se voc\u00ea ainda n\u00e3o fez isso, ou quiser verificar novamente sua configura\u00e7\u00e3o, siga estas <a href=\"https:\/\/ptc.wpml.org\/documentation\/translate-wordpress-themes-and-plugins-with-ai\/#internationalization\" target=\"_blank\" rel=\"noreferrer noopener\">diretrizes de i18n do WordPress<\/a> para obter instru\u00e7\u00f5es. <\/p>\n\n\n\n<div style=\"height:10px\" aria-hidden=\"true\" class=\"wp-block-spacer\"><\/div>\n\n\n\n<h3 class=\"wp-block-heading\" id=\"scan\"><a><\/a>2. Escaneie Seu Plugin ou Tema para Textos Codificados<\/h3>\n\n\n\n<p>Em seguida, use WPML para escanear seu plugin ou tema em busca de textos codificados:<\/p>\n\n\n\n<ol start=\"1\" class=\"wp-block-list\">\n<li>V\u00e1 para <strong>WPML <\/strong>\u2192 <strong>Localiza\u00e7\u00e3o de temas e plugins<\/strong>.<\/li>\n\n\n\n<li>Selecione seu tema ou plugin e escaneie os textos.<\/li>\n<\/ol>\n\n\n\n<figure class=\"wp-block-image tb-image tb-image-dynamic tb-image-frame-none\" data-toolset-blocks-image=\"7ed8a5f5ef655f332d40417eff882e2e\"><a href=\"https:\/\/wpml.org\/wp-content\/uploads\/2024\/08\/Scanning-texts-in-theme-1.png\"><img decoding=\"async\" width=\"1024\" height=\"637\" loading=\"lazy\" src=\"https:\/\/wpml.org\/wp-content\/uploads\/2024\/08\/Scanning-texts-in-theme-1-1024x637.png\" alt=\"\" class=\"wp-image-16124410\" srcset=\"https:\/\/wpml.org\/wp-content\/uploads\/2024\/08\/Scanning-texts-in-theme-1-1024x637.png 1024w, https:\/\/wpml.org\/wp-content\/uploads\/2024\/08\/Scanning-texts-in-theme-1-300x187.png 300w, https:\/\/wpml.org\/wp-content\/uploads\/2024\/08\/Scanning-texts-in-theme-1-150x93.png 150w, https:\/\/wpml.org\/wp-content\/uploads\/2024\/08\/Scanning-texts-in-theme-1-768x478.png 768w, https:\/\/wpml.org\/wp-content\/uploads\/2024\/08\/Scanning-texts-in-theme-1.png 1515w\" sizes=\"auto, (max-width: 1024px) 100vw, 1024px\" \/><\/a><figcaption><div class=\"tb-image-caption\">Escaneando textos no tema<br\/><\/div><\/figcaption><\/figure>\n\n\n\n<h3 class=\"wp-block-heading\" id=\"choose\">3. Escolha Elementos para Testar<\/h3>\n\n\n\n<p>Em seguida, selecione os elementos para os quais voc\u00ea deseja testar a configura\u00e7\u00e3o:<\/p>\n\n\n\n<ol start=\"1\" class=\"wp-block-list\">\n<li>V\u00e1 para <strong>Multilingual Tools <\/strong>\u2192 <strong>Configura\u00e7\u00f5es<\/strong>.<\/li>\n\n\n\n<li>Role para baixo at\u00e9 <strong>Adicionar informa\u00e7\u00f5es de idioma \u00e0 duplicata do post<\/strong>.<\/li>\n\n\n\n<li>Marque os elementos que voc\u00ea deseja testar e salve.<\/li>\n<\/ol>\n\n\n\n<figure class=\"wp-block-image tb-image tb-image-dynamic tb-image-frame-none\" data-toolset-blocks-image=\"2628accc80e1b3a6577b638a3d90a434\"><a href=\"https:\/\/wpml.org\/wp-content\/uploads\/2024\/08\/Choosing-elements-to-test-1.png\"><img decoding=\"async\" width=\"1516\" height=\"941\" loading=\"lazy\" src=\"https:\/\/wpml.org\/wp-content\/uploads\/2024\/08\/Choosing-elements-to-test-1.png\" alt=\"\" class=\"wp-image-16124424\" srcset=\"https:\/\/wpml.org\/wp-content\/uploads\/2024\/08\/Choosing-elements-to-test-1.png 1516w, https:\/\/wpml.org\/wp-content\/uploads\/2024\/08\/Choosing-elements-to-test-1-300x186.png 300w, https:\/\/wpml.org\/wp-content\/uploads\/2024\/08\/Choosing-elements-to-test-1-1024x636.png 1024w, https:\/\/wpml.org\/wp-content\/uploads\/2024\/08\/Choosing-elements-to-test-1-150x93.png 150w, https:\/\/wpml.org\/wp-content\/uploads\/2024\/08\/Choosing-elements-to-test-1-768x477.png 768w\" sizes=\"auto, (max-width: 1516px) 100vw, 1516px\" \/><\/a><figcaption><div class=\"tb-image-caption\">Escolhendo elementos para testar<\/div><\/figcaption><\/figure>\n\n\n\n<p>Para testar strings, abra o menu suspenso de strings na se\u00e7\u00e3o <strong>Gerar automaticamente tradu\u00e7\u00f5es de strings <\/strong>, selecione suas fontes de strings e clique em <strong>Gerar tradu\u00e7\u00f5es de strings<\/strong>.<\/p>\n\n\n\n<div style=\"height:5px\" aria-hidden=\"true\" class=\"wp-block-spacer\"><\/div>\n\n\n\n<h3 class=\"wp-block-heading\" id=\"send\"><a><\/a>4. Envie Conte\u00fado para Tradu\u00e7\u00e3o<\/h3>\n\n\n\n<p>Para evitar despender tempo (ou dinheiro) traduzindo conte\u00fado fict\u00edcio, o Multilingual Tools acrescenta um prefixo de idioma aos textos. Para executar esta a\u00e7\u00e3o, <strong>duplique<\/strong> seu conte\u00fado utilizando o WPML e deixe que o Multilingual Tools se encarregue do restante: <\/p>\n\n\n\n<ol start=\"1\" class=\"wp-block-list\">\n<li>V\u00e1 para <strong>WPML <\/strong>\u2192 <strong>painel de tradu\u00e7\u00e3o<\/strong>.<\/li>\n\n\n\n<li>Selecione o conte\u00fado que deseja testar.<\/li>\n\n\n\n<li>Escolha <strong>Duplicar<\/strong> como o m\u00e9todo de tradu\u00e7\u00e3o e traduza. <\/li>\n<\/ol>\n\n\n\n<div style=\"height:20px\" aria-hidden=\"true\" class=\"wp-block-spacer\"><\/div>\n\n\n\n<h3 class=\"wp-block-heading\" id=\"confirm\"><a><\/a>5. Confirme a Compatibilidade<\/h3>\n\n\n\n<p>Por fim, visite o conte\u00fado que acabou de traduzir no front-end e alterne entre os idiomas. Seus elementos s\u00e3o compat\u00edveis se os textos inclu\u00edrem um prefixo de idioma. Se alguns textos n\u00e3o contiverem um prefixo, eles n\u00e3o s\u00e3o compat\u00edveis e necessitam de configura\u00e7\u00e3o adicional.  <\/p>\n\n\n\n<figure class=\"wp-block-image tb-image tb-image-dynamic tb-image-frame-none\" data-toolset-blocks-image=\"8b6da16759908e532eea9919a0e0990e\"><a href=\"https:\/\/wpml.org\/wp-content\/uploads\/2024\/08\/Checking-compatibility-on-front-end-1.png\"><img decoding=\"async\" width=\"1285\" height=\"799\" loading=\"lazy\" src=\"https:\/\/wpml.org\/wp-content\/uploads\/2024\/08\/Checking-compatibility-on-front-end-1.png\" alt=\"\" class=\"wp-image-16124439\" srcset=\"https:\/\/wpml.org\/wp-content\/uploads\/2024\/08\/Checking-compatibility-on-front-end-1.png 1285w, https:\/\/wpml.org\/wp-content\/uploads\/2024\/08\/Checking-compatibility-on-front-end-1-300x187.png 300w, https:\/\/wpml.org\/wp-content\/uploads\/2024\/08\/Checking-compatibility-on-front-end-1-1024x637.png 1024w, https:\/\/wpml.org\/wp-content\/uploads\/2024\/08\/Checking-compatibility-on-front-end-1-150x93.png 150w, https:\/\/wpml.org\/wp-content\/uploads\/2024\/08\/Checking-compatibility-on-front-end-1-768x478.png 768w\" sizes=\"auto, (max-width: 1285px) 100vw, 1285px\" \/><\/a><figcaption><div class=\"tb-image-caption\">Verificando compatibilidade no front-end<\/div><\/figcaption><\/figure>\n\n\n\n<h2 class=\"wp-block-heading\" id=\"register-for-translation\">Tornar blocos personalizados Elementor e Gutenberg traduz\u00edveis<\/h2>\n\n\n\n<p>Se seu plugin est\u00e1 utilizando widgets Elementor ou blocos Gutenberg, o plugin <strong>Multilingual Tools<\/strong> facilita o processo de torn\u00e1-los traduz\u00edveis. O plugin gera a vers\u00e3o inicial do c\u00f3digo XML necess\u00e1rio para registrar widgets e blocos, eliminando a necessidade de cri\u00e1-lo do zero. <\/p>\n\n\n\n<p>Verifique como <a href=\"https:\/\/wpml.org\/documentation\/support\/language-configuration-files\/make-custom-gutenberg-blocks-translatable\/\">tornar blocos personalizados Gutenberg traduz\u00edveis<\/a> e <a href=\"https:\/\/wpml.org\/documentation\/support\/multilingual-tools\/registering-custom-elementor-widgets-for-translation\/\">como registrar widgets personalizados Elementor<\/a>.<\/p>\n\n\n\n<h2 class=\"wp-block-heading\" id=\"generate\">Gerar um Arquivo de Configura\u00e7\u00e3o de Idioma<\/h2>\n\n\n\n<p>Para gerar um arquivo de configura\u00e7\u00e3o de idioma, v\u00e1 para <strong>Multilingual Tools <\/strong>\u2192 <strong>Arquivo de Configura\u00e7\u00e3o<\/strong> e defina suas prefer\u00eancias.<\/p>\n\n\n\n<h3 class=\"wp-block-heading\" id=\"settings\"><a><\/a>Vis\u00e3o Geral das Configura\u00e7\u00f5es<\/h3>\n\n\n\n<p><strong>Tipo de Post Personalizado \/ Taxonomias Personalizadas<\/strong><\/p>\n\n\n\n<ul class=\"wp-block-list\">\n<li><strong>N\u00e3o fazer nada<\/strong> \u2013 ignorar e n\u00e3o traduzir<\/li>\n\n\n\n<li><strong>Traduz\u00edvel<\/strong> \u2013 mostrar apenas itens traduzidos<\/li>\n\n\n\n<li><strong>Traduz\u00edvel <\/strong>\u2013 usar tradu\u00e7\u00e3o se dispon\u00edvel ou voltar para o idioma padr\u00e3o<\/li>\n<\/ul>\n\n\n\n<p><strong>Campos Personalizados<\/strong><\/p>\n\n\n\n<ul class=\"wp-block-list\">\n<li><strong>N\u00e3o traduzir<\/strong> \u2013 ignorar e n\u00e3o traduzir<\/li>\n\n\n\n<li><strong>Copiar<\/strong> \u2013 copiar valor do idioma padr\u00e3o e manter sincronizado (bom para n\u00fameros)<\/li>\n\n\n\n<li><strong>Copiar uma vez<\/strong> \u2013 copiar valor do idioma padr\u00e3o apenas uma vez (bom para criar valores de campo diferentes por idioma)<\/li>\n\n\n\n<li><strong>Traduzir<\/strong> \u2013 traduzir para outros idiomas<\/li>\n<\/ul>\n\n\n\n<p><strong>Textos administrativos<\/strong><\/p>\n\n\n\n<p>Registre strings na tabela <strong>wp_options<\/strong> para tradu\u00e7\u00e3o. Por exemplo, o t\u00edtulo do site ou as configura\u00e7\u00f5es de widgets s\u00e3o frequentemente armazenados nesta tabela. Ao registr\u00e1-los no arquivo de configura\u00e7\u00e3o, voc\u00ea garante que os usu\u00e1rios possam traduzi-los.  <\/p>\n\n\n\n<p><strong>C\u00f3digos curtos<\/strong><\/p>\n\n\n\n<p>Registre textos ou atributos dentro de shortcodes para tradu\u00e7\u00e3o.<\/p>\n<\/div>\n<\/div>\n<\/div><\/div>\n","protected":false},"excerpt":{"rendered":"","protected":false},"author":2,"featured_media":0,"parent":110624,"menu_order":89,"comment_status":"closed","ping_status":"closed","template":"template-full.php","meta":{"_bbp_topic_count":0,"_bbp_reply_count":0,"_bbp_total_topic_count":0,"_bbp_total_reply_count":0,"_bbp_voice_count":0,"_bbp_anonymous_reply_count":0,"_bbp_topic_count_hidden":0,"_bbp_reply_count_hidden":0,"_bbp_forum_subforum_count":0,"_uag_custom_page_level_css":"","ep_exclude_from_search":false,"footnotes":""},"related-projects-category":[27888],"class_list":["post-15254334","page","type-page","status-publish","hentry","related-projects-category-ferramentas-de-teste"],"spectra_custom_meta":{"ratings_users":["0"],"ratings_score":["0"],"ratings_average":["0"],"_subscription_coupon_product_id":["0"],"_wpv_contains_gutenberg_views":[""],"_alp_processed":["1757494159"],"_views_template":["0"],"wpcf-unformatted-code":[""],"_wpml_media_duplicate":["0"],"_wpml_media_featured":["1"],"wpcf-price-increase-show-from":[""],"wpcf-price-increase-show-till":[""],"_wp_page_template":["template-full.php"],"_last_translation_edit_mode":["translation-editor"],"toolset_post_editor_mode":["block"],"cmplz_hide_cookiebanner":[""],"wpcf-price-increase-content":[""],"wpcf-login-box-title":[""],"wpcf-page-content":[""],"_yoast_wpseo_primary_related-projects-category":["26977"],"_wpml_word_count":["922"],"_oembed_bbf56b1d4c25ce11481afba39f176f85":["{{unknown}}"],"_yoast_wpseo_metadesc":["Use o plugin Multilingual Tools para testar sua configura\u00e7\u00e3o e confirmar se seus plugins e temas s\u00e3o compat\u00edveis com WPML."],"_uag_page_assets":["a:9:{s:3:\"css\";s:260:\".uag-blocks-common-selector{z-index:var(--z-index-desktop) !important}@media(max-width: 976px){.uag-blocks-common-selector{z-index:var(--z-index-tablet) !important}}@media(max-width: 767px){.uag-blocks-common-selector{z-index:var(--z-index-mobile) !important}}\";s:2:\"js\";s:0:\"\";s:18:\"current_block_list\";a:13:{i:0;s:24:\"toolset-blocks\/container\";i:1;s:22:\"toolset-blocks\/heading\";i:2;s:19:\"toolset-blocks\/grid\";i:3;s:26:\"toolset-blocks\/grid-column\";i:4;s:30:\"toolset-blocks\/fields-and-text\";i:5;s:21:\"toolset-blocks\/button\";i:9;s:14:\"core\/paragraph\";i:10;s:11:\"core\/spacer\";i:11;s:12:\"core\/heading\";i:12;s:9:\"core\/list\";i:13;s:14:\"core\/list-item\";i:14;s:20:\"toolset-blocks\/image\";i:15;s:14:\"core\/shortcode\";}s:8:\"uag_flag\";b:0;s:11:\"uag_version\";s:10:\"1778085675\";s:6:\"gfonts\";a:0:{}s:10:\"gfonts_url\";s:0:\"\";s:12:\"gfonts_files\";a:0:{}s:14:\"uag_faq_layout\";b:0;}"],"_uag_css_file_name":["uag-css-15254334.css"]},"uagb_featured_image_src":{"full":false,"thumbnail":false,"medium":false,"medium_large":false,"large":false,"1536x1536":false,"2048x2048":false,"gform-image-choice-sm":false,"gform-image-choice-md":false,"gform-image-choice-lg":false,"woocommerce_thumbnail":false,"woocommerce_single":false,"woocommerce_gallery_thumbnail":false},"uagb_author_info":{"display_name":"Amir","author_link":"https:\/\/wpml.org\/pt-br\/author\/amir\/"},"uagb_comment_info":0,"uagb_excerpt":null,"_links":{"self":[{"href":"https:\/\/wpml.org\/pt-br\/wp-json\/wp\/v2\/pages\/15254334","targetHints":{"allow":["GET"]}}],"collection":[{"href":"https:\/\/wpml.org\/pt-br\/wp-json\/wp\/v2\/pages"}],"about":[{"href":"https:\/\/wpml.org\/pt-br\/wp-json\/wp\/v2\/types\/page"}],"author":[{"embeddable":true,"href":"https:\/\/wpml.org\/pt-br\/wp-json\/wp\/v2\/users\/2"}],"replies":[{"embeddable":true,"href":"https:\/\/wpml.org\/pt-br\/wp-json\/wp\/v2\/comments?post=15254334"}],"version-history":[{"count":8,"href":"https:\/\/wpml.org\/pt-br\/wp-json\/wp\/v2\/pages\/15254334\/revisions"}],"predecessor-version":[{"id":17389616,"href":"https:\/\/wpml.org\/pt-br\/wp-json\/wp\/v2\/pages\/15254334\/revisions\/17389616"}],"up":[{"embeddable":true,"href":"https:\/\/wpml.org\/pt-br\/wp-json\/wp\/v2\/pages\/110624"}],"wp:attachment":[{"href":"https:\/\/wpml.org\/pt-br\/wp-json\/wp\/v2\/media?parent=15254334"}],"wp:term":[{"taxonomy":"related-projects-category","embeddable":true,"href":"https:\/\/wpml.org\/pt-br\/wp-json\/wp\/v2\/related-projects-category?post=15254334"}],"curies":[{"name":"wp","href":"https:\/\/api.w.org\/{rel}","templated":true}]}}