{"id":15257653,"date":"2020-01-20T11:59:52","date_gmt":"2020-01-20T11:59:52","guid":{"rendered":"https:\/\/wpml.org\/documentacao\/projetos-relacionados\/como-criar-formularios-multilingues-usando-wpforms-e-wpml\/"},"modified":"2026-02-26T07:49:43","modified_gmt":"2026-02-26T07:49:43","slug":"como-criar-formularios-multilingues-usando-wpforms-e-wpml","status":"publish","type":"page","link":"https:\/\/wpml.org\/pt-br\/documentacao\/projetos-relacionados\/como-criar-formularios-multilingues-usando-wpforms-e-wpml\/","title":{"rendered":"Criando formul\u00e1rios multil\u00edngues usando WPForms e WPML"},"content":{"rendered":"\n<div class=\"wp-block-toolset-blocks-container tb-container alignfull\" data-toolset-blocks-container=\"94dd78864cc45c0d76f651c04a8537d4\"><div class=\"tb-container-inner\">\n<p class=\"tb-heading has-text-color\" data-toolset-blocks-heading=\"0190bf5c0f5e682e6e1d8be7e6f401ac\" data-last-update=\"1.4\"><span><span><a href=\"https:\/\/wpml.org\/pt-br\/home-2\/\">Home<\/a><\/span><\/span><\/p>\n\n\n\n<div class=\"wp-block-toolset-blocks-grid tb-grid\" data-toolset-blocks-grid=\"1e3256eddcd8d1ddf217eef5389f4d56\">\n<div class=\"wp-block-toolset-blocks-grid-column tb-grid-column tb-grid-align-center\" data-toolset-blocks-grid-column=\"f586ff7bfe1d7317c63162ec7b7039ed\">\n<div class=\"wp-block-toolset-blocks-container tb-container\" data-toolset-blocks-container=\"63eba53fa33f26df5ecc49627b8c150d\"><\/div>\n\n\n\n<h1 class=\"tb-heading has-text-color\" data-toolset-blocks-heading=\"b686c8b3d4780754ef6585bd91a569b8\" data-last-update=\"1.4\">WPForms Multilingual &#8211; Traduza formul\u00e1rios com o WPML<\/h1>\n\n\n\n<div class=\"tb-fields-and-text\" data-toolset-blocks-fields-and-text=\"2d56af030c7b03fd37e29388704bc251\"><p><span data-sheets-root=\"1\">O WPForms Multilingual (WPFML) \u00e9 um complemento do WPML para traduzir os campos e etiquetas dos seus formul\u00e1rios para mais idiomas. <\/span><\/p><\/div>\n\n\n\n<div id=\"wpml-info-account-trigger\" class=\"tb-button\" data-toolset-blocks-button=\"27ae1cc6291807eef1dd335f2720be5e\"><a class=\"tb-button__link\" href=\"https:\/\/wpml.org\/account\/downloads\/#wpforms-multilingual\"><span class=\"tb-button__content\">Obtenha o WPForms Multilingual<\/span><i class=\"tb-button__icon\"><\/i><\/a><\/div>\n<\/div>\n\n\n\n<div class=\"wp-block-toolset-blocks-grid-column tb-grid-column tb-grid-align-center\" data-toolset-blocks-grid-column=\"c77f65d01bb1c283e93f285b389d97af\">\n<figure class=\"wp-block-image tb-image tb-image-dynamic tb-image-frame-none\" data-toolset-blocks-image=\"7514518659316b7a6c4ca8dd966a452f\"><img decoding=\"async\" width=\"706\" height=\"644\" loading=\"lazy\" src=\"https:\/\/wpml.org\/wp-content\/uploads\/2023\/04\/form-10-1.png\" alt=\"\" class=\"wp-image-13391979\" srcset=\"https:\/\/wpml.org\/wp-content\/uploads\/2023\/04\/form-10-1.png 706w, https:\/\/wpml.org\/wp-content\/uploads\/2023\/04\/form-10-1-300x274.png 300w, https:\/\/wpml.org\/wp-content\/uploads\/2023\/04\/form-10-1-150x137.png 150w\" sizes=\"auto, (max-width: 706px) 100vw, 706px\" \/><\/figure>\n<\/div>\n<\/div>\n<\/div><\/div>\n\n<div class=\"wp-block-toolset-blocks-container tb-container\" data-toolset-blocks-container=\"8f3deaef8758197413c254193c4637bf\"><div class=\"tb-container-inner\">\n<h3 class=\"tb-heading has-text-color\" data-toolset-blocks-heading=\"b070f645c37bab54e01bb6a1dae34a7f\" data-last-update=\"1.4\"><strong>Crie WPForms multil\u00edngues com WPML<\/strong><\/h3>\n\n\n\n<div class=\"wp-block-toolset-blocks-grid tb-grid\" data-toolset-blocks-grid=\"7edcf3bc4776444a257584af916cc96f\">\n<div class=\"wp-block-toolset-blocks-grid-column tb-grid-column tb-grid-align-top\" data-toolset-blocks-grid-column=\"3034fbe886c11054e95b46b09d3e4112\">\n<div class=\"wp-block-toolset-blocks-container tb-container\" data-toolset-blocks-container=\"adbbcc4f0fb57ebb3945b71819a17420\"><\/div>\n\n\n\n<p class=\"tb-heading has-text-color\" data-toolset-blocks-heading=\"d4f8b066db357591cd36f26cf22c3f4b\" data-last-update=\"1.4\">Traduza o mesmo formul\u00e1rio para um <strong>n\u00famero ilimitado de idiomas<\/strong> em minutos.<\/p>\n<\/div>\n\n\n\n<div class=\"wp-block-toolset-blocks-grid-column tb-grid-column tb-grid-align-top\" data-toolset-blocks-grid-column=\"6aa6629b0bd14de4b0c8a30d5e016060\">\n<div class=\"wp-block-toolset-blocks-container tb-container\" data-toolset-blocks-container=\"5684ad6fb8b6cdf9e58c033a331ea3c3\"><\/div>\n\n\n\n<h3 class=\"tb-heading has-text-color\" data-toolset-blocks-heading=\"3ef30984be70a22f91a1371cf6f5feb7\" data-last-update=\"1.4\">Traduza <strong>cada elemento<\/strong> do seu formul\u00e1rio WordPress, incluindo t\u00edtulos de formul\u00e1rios, campos, r\u00f3tulos, sub-r\u00f3tulos, notifica\u00e7\u00f5es, confirma\u00e7\u00f5es e muito mais.<\/h3>\n<\/div>\n\n\n\n<div class=\"wp-block-toolset-blocks-grid-column tb-grid-column tb-grid-align-top\" data-toolset-blocks-grid-column=\"3034fbe886c11054e95b46b09d3e4112\">\n<div class=\"wp-block-toolset-blocks-container tb-container\" data-toolset-blocks-container=\"768e3db91a13730deb5db79f1a2f2625\"><\/div>\n\n\n\n<h3 class=\"tb-heading has-text-color\" data-toolset-blocks-heading=\"3ef30984be70a22f91a1371cf6f5feb7\" data-last-update=\"1.4\">Traduza formul\u00e1rios <strong>automaticamente<\/strong>, <strong>por conta pr\u00f3pria<\/strong> ou <strong>com<\/strong> <strong>tradutores profissionais<\/strong>, tudo a partir do painel de tradu\u00e7\u00e3o do WPML.<\/h3>\n<\/div>\n<\/div>\n<\/div><\/div>\n\n<div class=\"wp-block-toolset-blocks-container tb-container\" data-toolset-blocks-container=\"a03f28b68e7ebf56bfe1641740b90da2\"><div class=\"tb-container-inner\">\n<div class=\"wp-block-toolset-blocks-grid tb-grid\" data-toolset-blocks-grid=\"53ce567584c307825428d23825630ccf\">\n<div class=\"wp-block-toolset-blocks-grid-column tb-grid-column tb-grid-align-top product-page-content wcml-sticky-top\" data-toolset-blocks-grid-column=\"6c0dc946376cceadc9fc9fc41b7e5a85\">\n<p class=\"tb-heading has-text-color\" data-toolset-blocks-heading=\"71bae4bc73e48e0e55545f40ce013867\" data-last-update=\"1.4\"><strong>Nesta p\u00e1gina<\/strong><\/p>\n\n\n\n<p class=\"tb-heading\" data-toolset-blocks-heading=\"4501ab3f5d8cb86525799ef6b1804e84\" data-last-update=\"1.4\"><a href=\"#getting-started\">Plugins necess\u00e1rios<\/a><\/p>\n\n\n\n<p class=\"tb-heading\" data-toolset-blocks-heading=\"4501ab3f5d8cb86525799ef6b1804e84\" data-last-update=\"1.4\"><a href=\"#translate-wpforms-with-wpml\">Como traduzir WPForms com WPML<\/a><\/p>\n\n\n\n<p class=\"tb-heading\" data-toolset-blocks-heading=\"4501ab3f5d8cb86525799ef6b1804e84\" data-last-update=\"1.4\"><a href=\"#text-not-translating\">O texto n\u00e3o est\u00e1 sendo traduzido?<\/a><\/p>\n\n\n\n<p class=\"tb-heading\" data-toolset-blocks-heading=\"4501ab3f5d8cb86525799ef6b1804e84\" data-last-update=\"1.4\"><a href=\"#start-translating-with-wpml\">Comece a traduzir com WPML<\/a><\/p>\n<\/div>\n\n\n\n<div class=\"wp-block-toolset-blocks-grid-column tb-grid-column tb-grid-align-top product-page-content\" data-toolset-blocks-grid-column=\"613ca808c900d7f6c7303b84383bbf91\">\n<h2 class=\"wp-block-heading\" id=\"getting-started\">Plugins necess\u00e1rios<\/h2>\n\n\n\n<p>Para traduzir WPForms com WPML, instale e ative: <\/p>\n\n\n\n<ul class=\"wp-block-list\">\n<li><a href=\"https:\/\/wpml.org\/pt-br\/purchase\/\">WPML<\/a> <\/li>\n\n\n\n<li>WPML String Translation <\/li>\n\n\n\n<li><a href=\"https:\/\/wpforms.com\/\">WPForms<\/a> ou <a href=\"https:\/\/wordpress.org\/plugins\/wpforms-lite\/\">WPForms lite<\/a><\/li>\n\n\n\n<li><a href=\"https:\/\/wpml.org\/pt-br\/account\/downloads\/#wpforms-multilingual\">WPForms Multilingual<\/a><\/li>\n<\/ul>\n\n\n\n<div style=\"height:10px\" aria-hidden=\"true\" class=\"wp-block-spacer\"><\/div>\n\n\n\n<h2 class=\"wp-block-heading\" id=\"translate-wpforms-with-wpml\">Como traduzir WPForms com WPML<\/h2>\n\n\n\n<p>Para traduzir WPForms com WPML:<\/p>\n\n\n\n<ol class=\"wp-block-list\">\n<li>V\u00e1 para <strong>WPML \u2192 Painel de Tradu\u00e7\u00e3o<\/strong> e role para baixo at\u00e9 a se\u00e7\u00e3o <strong>WPForms<\/strong>.<\/li>\n\n\n\n<li>Selecione os formul\u00e1rios que deseja traduzir.<\/li>\n<\/ol>\n\n\n\n<figure class=\"wp-block-image tb-image tb-image-dynamic tb-image-frame-none\" data-toolset-blocks-image=\"d2a04325e00c9482ba6596fa6a12dc8b\"><a href=\"https:\/\/wpml.org\/wp-content\/uploads\/2026\/02\/Selecting-WPForms-to-translate.png\"><img decoding=\"async\" width=\"1024\" height=\"625\" loading=\"lazy\" src=\"https:\/\/wpml.org\/wp-content\/uploads\/2026\/02\/Selecting-WPForms-to-translate-1024x625.png\" alt=\"Selecting WPForms to translate\" class=\"wp-image-17792333\" srcset=\"https:\/\/wpml.org\/wp-content\/uploads\/2026\/02\/Selecting-WPForms-to-translate-1024x625.png 1024w, https:\/\/wpml.org\/wp-content\/uploads\/2026\/02\/Selecting-WPForms-to-translate-300x183.png 300w, https:\/\/wpml.org\/wp-content\/uploads\/2026\/02\/Selecting-WPForms-to-translate-150x92.png 150w, https:\/\/wpml.org\/wp-content\/uploads\/2026\/02\/Selecting-WPForms-to-translate-768x469.png 768w, https:\/\/wpml.org\/wp-content\/uploads\/2026\/02\/Selecting-WPForms-to-translate-1536x938.png 1536w, https:\/\/wpml.org\/wp-content\/uploads\/2026\/02\/Selecting-WPForms-to-translate.png 1600w\" sizes=\"auto, (max-width: 1024px) 100vw, 1024px\" \/><\/a><figcaption><div class=\"tb-image-caption\">Selecionando WPForms para traduzir<\/div><\/figcaption><\/figure>\n\n\n\n<ol start=\"3\" class=\"wp-block-list\">\n<li>Escolha um m\u00e9todo de tradu\u00e7\u00e3o e envie para tradu\u00e7\u00e3o. <\/li>\n<\/ol>\n\n\n\n<div style=\"height:30px\" aria-hidden=\"true\" class=\"wp-block-spacer\"><\/div>\n\n\n\n<p>Para visualizar seu formul\u00e1rio no frontend, v\u00e1 para a p\u00e1gina que cont\u00e9m seu formul\u00e1rio e alterne os idiomas. Lembre-se de <a href=\"https:\/\/wpml.org\/documentation\/getting-started-guide\/translate-pages-in-wordpress-with-wpml\/\">traduzir a p\u00e1gina<\/a> com seu formul\u00e1rio para poder fazer isso.  <\/p>\n\n\n\n<div class=\"wp-block-toolset-blocks-grid tb-grid\" data-toolset-blocks-grid=\"3d9c399fe625e1b972f817a0680229f6\">\n<div class=\"wp-block-toolset-blocks-grid-column tb-grid-column tb-grid-align-top\" data-toolset-blocks-grid-column=\"3034fbe886c11054e95b46b09d3e4112\">\n<figure class=\"wp-block-image tb-image tb-image-dynamic tb-image-frame-none\" data-toolset-blocks-image=\"ecb464f0158c81e6d8f5faad4c65ec38\"><a href=\"https:\/\/wpml.org\/wp-content\/uploads\/2024\/05\/wpml-wpforms-english-form.png\"><img decoding=\"async\" width=\"885\" height=\"1024\" loading=\"lazy\" src=\"https:\/\/wpml.org\/wp-content\/uploads\/2024\/05\/wpml-wpforms-english-form-885x1024.png\" alt=\"\" class=\"wp-image-15667912\" srcset=\"https:\/\/wpml.org\/wp-content\/uploads\/2024\/05\/wpml-wpforms-english-form-885x1024.png 885w, https:\/\/wpml.org\/wp-content\/uploads\/2024\/05\/wpml-wpforms-english-form-259x300.png 259w, https:\/\/wpml.org\/wp-content\/uploads\/2024\/05\/wpml-wpforms-english-form-130x150.png 130w, https:\/\/wpml.org\/wp-content\/uploads\/2024\/05\/wpml-wpforms-english-form-768x889.png 768w, https:\/\/wpml.org\/wp-content\/uploads\/2024\/05\/wpml-wpforms-english-form-300x347.png 300w, https:\/\/wpml.org\/wp-content\/uploads\/2024\/05\/wpml-wpforms-english-form.png 1320w\" sizes=\"auto, (max-width: 885px) 100vw, 885px\" \/><\/a><figcaption><div class=\"tb-image-caption\">Formul\u00e1rio de candidatura a emprego em ingl\u00eas <\/div><\/figcaption><\/figure>\n<\/div>\n\n\n\n<div class=\"wp-block-toolset-blocks-grid-column tb-grid-column tb-grid-align-top\" data-toolset-blocks-grid-column=\"3034fbe886c11054e95b46b09d3e4112\">\n<figure class=\"wp-block-image tb-image tb-image-dynamic tb-image-frame-none\" data-toolset-blocks-image=\"ca9afd352f60c0ef00901e5437823363\"><a href=\"https:\/\/wpml.org\/wp-content\/uploads\/2024\/05\/wpml-wpforms-spanish-translation.png\"><img decoding=\"async\" width=\"886\" height=\"1024\" loading=\"lazy\" src=\"https:\/\/wpml.org\/wp-content\/uploads\/2024\/05\/wpml-wpforms-spanish-translation-886x1024.png\" alt=\"\" class=\"wp-image-15667926\" srcset=\"https:\/\/wpml.org\/wp-content\/uploads\/2024\/05\/wpml-wpforms-spanish-translation-886x1024.png 886w, https:\/\/wpml.org\/wp-content\/uploads\/2024\/05\/wpml-wpforms-spanish-translation-259x300.png 259w, https:\/\/wpml.org\/wp-content\/uploads\/2024\/05\/wpml-wpforms-spanish-translation-130x150.png 130w, https:\/\/wpml.org\/wp-content\/uploads\/2024\/05\/wpml-wpforms-spanish-translation-768x888.png 768w, https:\/\/wpml.org\/wp-content\/uploads\/2024\/05\/wpml-wpforms-spanish-translation-1328x1536.png 1328w, https:\/\/wpml.org\/wp-content\/uploads\/2024\/05\/wpml-wpforms-spanish-translation-300x347.png 300w, https:\/\/wpml.org\/wp-content\/uploads\/2024\/05\/wpml-wpforms-spanish-translation.png 1408w\" sizes=\"auto, (max-width: 886px) 100vw, 886px\" \/><\/a><figcaption><div class=\"tb-image-caption\">Formul\u00e1rio de candidatura a emprego em espanhol<\/div><\/figcaption><\/figure>\n<\/div>\n<\/div>\n\n\n\n<h2 class=\"wp-block-heading\" id=\"text-not-translating\">O texto n\u00e3o est\u00e1 sendo traduzido?<\/h2>\n\n\n\n<p>Se alguns dos textos do seu formul\u00e1rio n\u00e3o forem traduzidos, como r\u00f3tulos e sub-r\u00f3tulos, provavelmente s\u00e3o strings. Para traduzir strings:  <\/p>\n\n\n\n<ol class=\"wp-block-list\">\n<li>Visite seu formul\u00e1rio no front-end. Isso far\u00e1 com que o WPML registre as strings para tradu\u00e7\u00e3o. <\/li>\n\n\n\n<li>Em seguida, v\u00e1 para <strong>WPML \u2192 Painel de Tradu\u00e7\u00e3o<\/strong> e role at\u00e9 a se\u00e7\u00e3o <strong>Outros textos (Strings)<\/strong>.<\/li>\n\n\n\n<li>Procure suas strings e envie-as para tradu\u00e7\u00e3o. <\/li>\n<\/ol>\n\n\n\n<div style=\"height:30px\" aria-hidden=\"true\" class=\"wp-block-spacer\"><\/div>\n\n\n\n<p>Se voc\u00ea ainda n\u00e3o conseguir encontrar esses textos, certifique-se de que o <strong>Registro autom\u00e1tico<\/strong> esteja ativado na se\u00e7\u00e3o <strong>Outros textos (Strings)<\/strong> no Painel de Tradu\u00e7\u00e3o.<\/p>\n\n\n\n<h2 class=\"wp-block-heading\" id=\"start-translating-with-wpml\">Comece a traduzir com WPML <\/h2>\n\n\n\n<p>Se voc\u00ea j\u00e1 possui uma conta do WPML, pode baixar o WPForms Multilingual (sem custo adicional) na p\u00e1gina de <a href=\"https:\/\/wpml.org\/pt-br\/account\/downloads\/#wpforms-multilingual\">Downloads<\/a>.<\/p>\n\n\n\n<p>N\u00e3o tem WPML? Visite nossa <a href=\"https:\/\/wpml.org\/pt-br\/purchase\/\">p\u00e1gina de pre\u00e7os<\/a> para encontrar o plano certo para o seu site.  <\/p>\n<\/div>\n<\/div>\n<\/div><\/div>\n","protected":false},"excerpt":{"rendered":"<p class=\"lead\">WPForms \u00e9 um plugin para adicionar formul\u00e1rios de contato ao seu site WordPress. Neste guia, voc\u00ea pode aprender como tornar seus WPForms multil\u00edngues usando o WPML. <\/p>\n","protected":false},"author":538393,"featured_media":0,"parent":96560,"menu_order":59,"comment_status":"closed","ping_status":"closed","template":"template-full-with-popup-generic.php","meta":{"_bbp_topic_count":0,"_bbp_reply_count":0,"_bbp_total_topic_count":0,"_bbp_total_reply_count":0,"_bbp_voice_count":0,"_bbp_anonymous_reply_count":0,"_bbp_topic_count_hidden":0,"_bbp_reply_count_hidden":0,"_bbp_forum_subforum_count":0,"ep_exclude_from_search":false,"footnotes":""},"related-projects-category":[27811],"class_list":["post-15257653","page","type-page","status-publish","hentry","related-projects-category-forms-pt-br"],"_links":{"self":[{"href":"https:\/\/wpml.org\/pt-br\/wp-json\/wp\/v2\/pages\/15257653","targetHints":{"allow":["GET"]}}],"collection":[{"href":"https:\/\/wpml.org\/pt-br\/wp-json\/wp\/v2\/pages"}],"about":[{"href":"https:\/\/wpml.org\/pt-br\/wp-json\/wp\/v2\/types\/page"}],"author":[{"embeddable":true,"href":"https:\/\/wpml.org\/pt-br\/wp-json\/wp\/v2\/users\/538393"}],"replies":[{"embeddable":true,"href":"https:\/\/wpml.org\/pt-br\/wp-json\/wp\/v2\/comments?post=15257653"}],"version-history":[{"count":8,"href":"https:\/\/wpml.org\/pt-br\/wp-json\/wp\/v2\/pages\/15257653\/revisions"}],"predecessor-version":[{"id":17854572,"href":"https:\/\/wpml.org\/pt-br\/wp-json\/wp\/v2\/pages\/15257653\/revisions\/17854572"}],"up":[{"embeddable":true,"href":"https:\/\/wpml.org\/pt-br\/wp-json\/wp\/v2\/pages\/96560"}],"wp:attachment":[{"href":"https:\/\/wpml.org\/pt-br\/wp-json\/wp\/v2\/media?parent=15257653"}],"wp:term":[{"taxonomy":"related-projects-category","embeddable":true,"href":"https:\/\/wpml.org\/pt-br\/wp-json\/wp\/v2\/related-projects-category?post=15257653"}],"curies":[{"name":"wp","href":"https:\/\/api.w.org\/{rel}","templated":true}]}}