{"id":15274301,"date":"2020-09-01T09:58:50","date_gmt":"2020-09-01T09:58:50","guid":{"rendered":"https:\/\/wpml.org\/documentacao\/por-onde-comecar\/traducao-de-strings\/encontrar-cadeias-de-caracteres-que-nao-aparecem-na-pagina-string-translation\/"},"modified":"2026-01-13T12:30:30","modified_gmt":"2026-01-13T12:30:30","slug":"encontrar-cadeias-de-caracteres-que-nao-aparecem-na-pagina-string-translation","status":"publish","type":"page","link":"https:\/\/wpml.org\/pt-br\/documentacao\/por-onde-comecar\/traducao-de-strings\/encontrar-cadeias-de-caracteres-que-nao-aparecem-na-pagina-string-translation\/","title":{"rendered":"Como encontrar e tornar as strings dispon\u00edveis para tradu\u00e7\u00e3o no WPML"},"content":{"rendered":"\n<p class=\"lead\">Aprenda como registrar strings que o WPML n\u00e3o consegue registrar automaticamente, incluindo configura\u00e7\u00f5es de temas ou plugins, op\u00e7\u00f5es e perfis de usu\u00e1rio.<\/p>\n\n<p>A tabela a seguir resume as solu\u00e7\u00f5es dispon\u00edveis quando voc\u00ea n\u00e3o consegue encontrar strings espec\u00edficas. <\/p>\n\n<div class=\"wp-block-toolset-blocks-container tb-container\" data-toolset-blocks-container=\"97cef80e2ff2574cc1f5e23b1010ee4d\">\n<div class=\"wp-block-toolset-blocks-grid tb-grid\" data-toolset-blocks-grid=\"464176651c5a217ebf73f5e0f3bfcf9a\">\n<div class=\"wp-block-toolset-blocks-grid-column tb-grid-column tb-grid-align-top\" data-toolset-blocks-grid-column=\"ea2d3ac875fe590a95c0ed0dc58d8998\">\n<p class=\"tb-heading has-text-color\" data-toolset-blocks-heading=\"284c2488caecbb88b65a920f5725963f\" data-last-update=\"1.4\">O que Precisa ser Traduzido?<\/p>\n<\/div>\n\n\n\n<div class=\"wp-block-toolset-blocks-grid-column tb-grid-column tb-grid-align-top\" data-toolset-blocks-grid-column=\"ea2d3ac875fe590a95c0ed0dc58d8998\">\n<div class=\"wp-block-toolset-blocks-grid tb-grid\" data-toolset-blocks-grid=\"25389beb3ae44c2f534cf9cce3889deb\">\n<div class=\"wp-block-toolset-blocks-grid-column tb-grid-column tb-grid-align-top\" data-toolset-blocks-grid-column=\"3034fbe886c11054e95b46b09d3e4112\">\n<div class=\"wp-block-toolset-blocks-container tb-container\" data-toolset-blocks-container=\"d887476b751b1ccf902f9e0dbd78cd72\"><\/div>\n<\/div>\n\n\n\n<div class=\"wp-block-toolset-blocks-grid-column tb-grid-column tb-grid-align-top\" data-toolset-blocks-grid-column=\"3034fbe886c11054e95b46b09d3e4112\">\n<p class=\"tb-heading has-text-color\" data-toolset-blocks-heading=\"6b0edee257fd23ea76bab786d83a8c96\" data-last-update=\"1.4\">O que Fazer<\/p>\n<\/div>\n<\/div>\n<\/div>\n<\/div>\n\n\n\n<div class=\"wp-block-toolset-blocks-grid tb-grid\" data-toolset-blocks-grid=\"14f2f9bf50219b385f1a5cd21de34a98\">\n<div class=\"wp-block-toolset-blocks-grid-column tb-grid-column tb-grid-align-top\" data-toolset-blocks-grid-column=\"3034fbe886c11054e95b46b09d3e4112\">\n<p class=\"tb-heading has-text-color\" data-toolset-blocks-heading=\"55ff5668e09f8f9c65d6da1ff5ae9025\" data-last-update=\"1.4\">O que Precisa ser Traduzido?<\/p>\n\n\n\n<p class=\"tb-heading has-text-color\" data-toolset-blocks-heading=\"d48d462ed13286af3a71200330f02a70\" data-last-update=\"1.4\">O tema ou plugin diz que est\u00e1 100% traduzido, mas algumas ou todas as <strong>tradu\u00e7\u00f5es est\u00e3o faltando<\/strong> no front-end do site<\/p>\n<\/div>\n\n\n\n<div class=\"wp-block-toolset-blocks-grid-column tb-grid-column tb-grid-align-top\" data-toolset-blocks-grid-column=\"3034fbe886c11054e95b46b09d3e4112\">\n<p class=\"tb-heading has-text-color\" data-toolset-blocks-heading=\"55ff5668e09f8f9c65d6da1ff5ae9025\" data-last-update=\"1.4\">O que Fazer<\/p>\n\n\n\n<div class=\"tb-button\" data-toolset-blocks-button=\"73b5f6e64a8b37f678ca53ed5a27ebb0\"><a class=\"tb-button__link\" href=\"#update-theme-or-plugin-translations\"><i class=\"tb-button__icon\"><\/i><span class=\"tb-button__content\">Atualizar tradu\u00e7\u00f5es de temas ou plugins<\/span><\/a><\/div>\n<\/div>\n<\/div>\n\n\n\n<div class=\"wp-block-toolset-blocks-grid tb-grid\" data-toolset-blocks-grid=\"14f2f9bf50219b385f1a5cd21de34a98\">\n<div class=\"wp-block-toolset-blocks-grid-column tb-grid-column tb-grid-align-top\" data-toolset-blocks-grid-column=\"3034fbe886c11054e95b46b09d3e4112\">\n<p class=\"tb-heading has-text-color\" data-toolset-blocks-heading=\"55ff5668e09f8f9c65d6da1ff5ae9025\" data-last-update=\"1.4\">O que Precisa ser Traduzido?<\/p>\n\n\n\n<p class=\"tb-heading has-text-color\" data-toolset-blocks-heading=\"d48d462ed13286af3a71200330f02a70\" data-last-update=\"1.4\">Strings da <strong>\u00e1rea de administra\u00e7\u00e3o<\/strong>, configura\u00e7\u00f5es de temas\/plugins, widgets e mensagens ou e-mails personalizados<\/p>\n<\/div>\n\n\n\n<div class=\"wp-block-toolset-blocks-grid-column tb-grid-column tb-grid-align-top\" data-toolset-blocks-grid-column=\"3034fbe886c11054e95b46b09d3e4112\">\n<p class=\"tb-heading has-text-color\" data-toolset-blocks-heading=\"55ff5668e09f8f9c65d6da1ff5ae9025\" data-last-update=\"1.4\">O que Fazer<\/p>\n\n\n\n<div class=\"tb-button\" data-toolset-blocks-button=\"1adb19db35fbb36487357641c6c5efdf\"><a class=\"tb-button__link\" href=\"#register-admin-and-setting-strings-for-translation\"><i class=\"tb-button__icon\"><\/i><span class=\"tb-button__content\">Registrar strings administrativas e de configura\u00e7\u00f5es para tradu\u00e7\u00e3o<\/span><\/a><\/div>\n<\/div>\n<\/div>\n\n\n\n<div class=\"wp-block-toolset-blocks-grid tb-grid\" data-toolset-blocks-grid=\"14f2f9bf50219b385f1a5cd21de34a98\">\n<div class=\"wp-block-toolset-blocks-grid-column tb-grid-column tb-grid-align-top\" data-toolset-blocks-grid-column=\"3034fbe886c11054e95b46b09d3e4112\">\n<p class=\"tb-heading has-text-color\" data-toolset-blocks-heading=\"55ff5668e09f8f9c65d6da1ff5ae9025\" data-last-update=\"1.4\">O que Precisa ser Traduzido?<\/p>\n\n\n\n<p class=\"tb-heading has-text-color\" data-toolset-blocks-heading=\"d48d462ed13286af3a71200330f02a70\" data-last-update=\"1.4\"><strong>Informa\u00e7\u00f5es do perfil do usu\u00e1rio<\/strong>, como nomes, biografias ou campos personalizados<\/p>\n<\/div>\n\n\n\n<div class=\"wp-block-toolset-blocks-grid-column tb-grid-column tb-grid-align-top\" data-toolset-blocks-grid-column=\"3034fbe886c11054e95b46b09d3e4112\">\n<p class=\"tb-heading has-text-color\" data-toolset-blocks-heading=\"55ff5668e09f8f9c65d6da1ff5ae9025\" data-last-update=\"1.4\">O que Fazer<\/p>\n\n\n\n<div class=\"tb-button\" data-toolset-blocks-button=\"e6f6398f774d9be21abd9df19081ff20\"><a class=\"tb-button__link\" href=\"https:\/\/wpml.org\/documentation\/getting-started-guide\/string-translation\/translating-user-meta-information-with-wpml\/\" target=\"_blank\" rel=\"noopener\"><i class=\"tb-button__icon\"><\/i><span class=\"tb-button__content\">Tornar as fun\u00e7\u00f5es de usu\u00e1rio traduz\u00edveis<\/span><\/a><\/div>\n<\/div>\n<\/div>\n\n\n\n<div class=\"wp-block-toolset-blocks-grid tb-grid\" data-toolset-blocks-grid=\"14f2f9bf50219b385f1a5cd21de34a98\">\n<div class=\"wp-block-toolset-blocks-grid-column tb-grid-column tb-grid-align-top\" data-toolset-blocks-grid-column=\"3034fbe886c11054e95b46b09d3e4112\">\n<p class=\"tb-heading has-text-color\" data-toolset-blocks-heading=\"55ff5668e09f8f9c65d6da1ff5ae9025\" data-last-update=\"1.4\">O que Precisa ser Traduzido?<\/p>\n\n\n\n<p class=\"tb-heading has-text-color\" data-toolset-blocks-heading=\"d48d462ed13286af3a71200330f02a70\" data-last-update=\"1.4\">Voc\u00ea deseja <strong>substituir as tradu\u00e7\u00f5es<\/strong> fornecidas pelo tema ou plugin<\/p>\n<\/div>\n\n\n\n<div class=\"wp-block-toolset-blocks-grid-column tb-grid-column tb-grid-align-top\" data-toolset-blocks-grid-column=\"3034fbe886c11054e95b46b09d3e4112\">\n<p class=\"tb-heading has-text-color\" data-toolset-blocks-heading=\"55ff5668e09f8f9c65d6da1ff5ae9025\" data-last-update=\"1.4\">O que Fazer<\/p>\n\n\n\n<div class=\"tb-button\" data-toolset-blocks-button=\"b558867ee521b9d21aa8f62553478877\"><a class=\"tb-button__link\" href=\"#scan-theme-or-plugin-to-update-translations\"><i class=\"tb-button__icon\"><\/i><span class=\"tb-button__content\">Escanear o tema ou plugin em busca de strings<\/span><\/a><\/div>\n<\/div>\n<\/div>\n\n\n\n<div class=\"wp-block-toolset-blocks-grid tb-grid\" data-toolset-blocks-grid=\"14f2f9bf50219b385f1a5cd21de34a98\">\n<div class=\"wp-block-toolset-blocks-grid-column tb-grid-column tb-grid-align-top\" data-toolset-blocks-grid-column=\"3034fbe886c11054e95b46b09d3e4112\">\n<p class=\"tb-heading has-text-color\" data-toolset-blocks-heading=\"55ff5668e09f8f9c65d6da1ff5ae9025\" data-last-update=\"1.4\">O que Precisa ser Traduzido?<\/p>\n\n\n\n<p class=\"tb-heading has-text-color\" data-toolset-blocks-heading=\"d48d462ed13286af3a71200330f02a70\" data-last-update=\"1.4\">Tradu\u00e7\u00f5es de strings diversas n\u00e3o s\u00e3o sincronizadas em um <strong>site executado em v\u00e1rios servidores<\/strong><\/p>\n<\/div>\n\n\n\n<div class=\"wp-block-toolset-blocks-grid-column tb-grid-column tb-grid-align-top\" data-toolset-blocks-grid-column=\"3034fbe886c11054e95b46b09d3e4112\">\n<p class=\"tb-heading has-text-color\" data-toolset-blocks-heading=\"55ff5668e09f8f9c65d6da1ff5ae9025\" data-last-update=\"1.4\">O que Fazer<\/p>\n\n\n\n<div class=\"tb-button\" data-toolset-blocks-button=\"81f7e074890b8c4e885b95aa01a19a4a\"><a class=\"tb-button__link\" href=\"https:\/\/wpml.org\/documentation\/getting-started-guide\/string-translation\/finding-strings-that-dont-appear-on-the-string-translation-page\/using-string-translation-on-sites-running-on-multiple-servers\/\" target=\"_blank\" rel=\"noopener\"><i class=\"tb-button__icon\"><\/i><span class=\"tb-button__content\">Sincronizar arquivos MO entre seus servidores<\/span><\/a><\/div>\n<\/div>\n<\/div>\n<\/div>\n\n<h2 class=\"wp-block-heading\" id=\"update-theme-or-plugin-translations\">Atualizando tradu\u00e7\u00f5es de temas ou plugins<\/h2>\n\n<p>Para ver se o seu tema ou plugin inclui tradu\u00e7\u00f5es para os seus idiomas, visite as p\u00e1ginas respectivas no reposit\u00f3rio de <a href=\"https:\/\/wordpress.org\/themes\/\">temas<\/a> ou <a href=\"https:\/\/wordpress.org\/plugins\/\">plugins<\/a> do WordPress. Procure por essas informa\u00e7\u00f5es na se\u00e7\u00e3o <strong>Idiomas<\/strong> ou <strong>Tradu\u00e7\u00f5es<\/strong>.<\/p>\n\n<div class=\"wp-block-toolset-blocks-grid tb-grid\" data-toolset-blocks-grid=\"3d9c399fe625e1b972f817a0680229f6\">\n<div class=\"wp-block-toolset-blocks-grid-column tb-grid-column tb-grid-align-top\" data-toolset-blocks-grid-column=\"3034fbe886c11054e95b46b09d3e4112\">\n<figure class=\"wp-block-image tb-image tb-image-dynamic tb-image-frame-none\" data-toolset-blocks-image=\"0d0767343e215c60bb767bb1843555cc\"><a href=\"https:\/\/wpml.org\/wp-content\/uploads\/2024\/07\/Languages-section-in-WordPress-repository.png\"><img decoding=\"async\" width=\"847\" height=\"1024\" loading=\"lazy\" src=\"https:\/\/wpml.org\/wp-content\/uploads\/2024\/07\/Languages-section-in-WordPress-repository-847x1024.png\" alt=\"Languages section in WordPress repository\" class=\"wp-image-16018180\" srcset=\"https:\/\/wpml.org\/wp-content\/uploads\/2024\/07\/Languages-section-in-WordPress-repository-847x1024.png 847w, https:\/\/wpml.org\/wp-content\/uploads\/2024\/07\/Languages-section-in-WordPress-repository-248x300.png 248w, https:\/\/wpml.org\/wp-content\/uploads\/2024\/07\/Languages-section-in-WordPress-repository-124x150.png 124w, https:\/\/wpml.org\/wp-content\/uploads\/2024\/07\/Languages-section-in-WordPress-repository-768x929.png 768w, https:\/\/wpml.org\/wp-content\/uploads\/2024\/07\/Languages-section-in-WordPress-repository-1270x1536.png 1270w, https:\/\/wpml.org\/wp-content\/uploads\/2024\/07\/Languages-section-in-WordPress-repository-300x363.png 300w, https:\/\/wpml.org\/wp-content\/uploads\/2024\/07\/Languages-section-in-WordPress-repository.png 1622w\" sizes=\"auto, (max-width: 847px) 100vw, 847px\" \/><\/a><figcaption><div class=\"tb-image-caption\">Se\u00e7\u00e3o de idiomas no reposit\u00f3rio do WordPress<\/div><\/figcaption><\/figure>\n<\/div>\n\n\n\n<div class=\"wp-block-toolset-blocks-grid-column tb-grid-column tb-grid-align-top\" data-toolset-blocks-grid-column=\"3034fbe886c11054e95b46b09d3e4112\">\n<figure class=\"wp-block-image tb-image tb-image-dynamic tb-image-frame-none\" data-toolset-blocks-image=\"1c7540ad6d682d0447b723a995e5839e\"><a href=\"https:\/\/wpml.org\/wp-content\/uploads\/2024\/07\/Translations-section-in-WordPress-repository.png\"><img decoding=\"async\" width=\"781\" height=\"1024\" loading=\"lazy\" src=\"https:\/\/wpml.org\/wp-content\/uploads\/2024\/07\/Translations-section-in-WordPress-repository-781x1024.png\" alt=\"Translations section in WordPress repository\" class=\"wp-image-16018194\" srcset=\"https:\/\/wpml.org\/wp-content\/uploads\/2024\/07\/Translations-section-in-WordPress-repository-781x1024.png 781w, https:\/\/wpml.org\/wp-content\/uploads\/2024\/07\/Translations-section-in-WordPress-repository-229x300.png 229w, https:\/\/wpml.org\/wp-content\/uploads\/2024\/07\/Translations-section-in-WordPress-repository-114x150.png 114w, https:\/\/wpml.org\/wp-content\/uploads\/2024\/07\/Translations-section-in-WordPress-repository-768x1007.png 768w, https:\/\/wpml.org\/wp-content\/uploads\/2024\/07\/Translations-section-in-WordPress-repository-1171x1536.png 1171w, https:\/\/wpml.org\/wp-content\/uploads\/2024\/07\/Translations-section-in-WordPress-repository-1561x2048.png 1561w, https:\/\/wpml.org\/wp-content\/uploads\/2024\/07\/Translations-section-in-WordPress-repository-300x393.png 300w, https:\/\/wpml.org\/wp-content\/uploads\/2024\/07\/Translations-section-in-WordPress-repository.png 1598w\" sizes=\"auto, (max-width: 781px) 100vw, 781px\" \/><\/a><figcaption><div class=\"tb-image-caption\">Se\u00e7\u00e3o de tradu\u00e7\u00f5es no reposit\u00f3rio do WordPress<\/div><\/figcaption><\/figure>\n<\/div>\n<\/div>\n\n<p>Se voc\u00ea n\u00e3o consegue ver as tradu\u00e7\u00f5es no seu site, \u00e9 prov\u00e1vel que voc\u00ea tenha instalado e ativado o tema ou plugin primeiro e, em seguida, configurado os idiomas do WPML. Para exibir as tradu\u00e7\u00f5es: <\/p>\n\n<ol class=\"wp-block-list\">\n<li>Na \u00e1rea de administra\u00e7\u00e3o do seu site, v\u00e1 para <strong>Painel \u2192 Atualiza\u00e7\u00f5es<\/strong>.<\/li>\n\n\n\n<li>Role para baixo at\u00e9 a se\u00e7\u00e3o Tradu\u00e7\u00f5es e clique em <strong>Atualizar tradu\u00e7\u00f5es<\/strong>.<\/li>\n<\/ol>\n\n<figure class=\"wp-block-image tb-image tb-image-dynamic tb-image-frame-none\" data-toolset-blocks-image=\"6a20e6d04cf68ee080ee96d813d39bb4\"><a href=\"https:\/\/wpml.org\/wp-content\/uploads\/2024\/07\/wordpress-dashboard-updates-update-translations.png\"><img decoding=\"async\" width=\"1024\" height=\"752\" loading=\"lazy\" src=\"https:\/\/wpml.org\/wp-content\/uploads\/2024\/07\/wordpress-dashboard-updates-update-translations-1024x752.png\" alt=\"Updating translations in WordPress Updates\" class=\"wp-image-16018151\" srcset=\"https:\/\/wpml.org\/wp-content\/uploads\/2024\/07\/wordpress-dashboard-updates-update-translations-1024x752.png 1024w, https:\/\/wpml.org\/wp-content\/uploads\/2024\/07\/wordpress-dashboard-updates-update-translations-300x220.png 300w, https:\/\/wpml.org\/wp-content\/uploads\/2024\/07\/wordpress-dashboard-updates-update-translations-150x110.png 150w, https:\/\/wpml.org\/wp-content\/uploads\/2024\/07\/wordpress-dashboard-updates-update-translations-768x564.png 768w, https:\/\/wpml.org\/wp-content\/uploads\/2024\/07\/wordpress-dashboard-updates-update-translations-1536x1129.png 1536w, https:\/\/wpml.org\/wp-content\/uploads\/2024\/07\/wordpress-dashboard-updates-update-translations.png 1810w\" sizes=\"auto, (max-width: 1024px) 100vw, 1024px\" \/><\/a><figcaption><div class=\"tb-image-caption\">Atualizando tradu\u00e7\u00f5es nas atualiza\u00e7\u00f5es do WordPress<\/div><\/figcaption><\/figure>\n\n<p>Agora voc\u00ea dever\u00e1 ver as tradu\u00e7\u00f5es atualizadas no front-end.<\/p>\n\n<h2 class=\"wp-block-heading\" id=\"register-admin-and-setting-strings-for-translation\">Registrando strings da \u00e1rea de administra\u00e7\u00e3o do WordPress e das configura\u00e7\u00f5es de temas e plugins<\/h2>\n\n<p>Quando o tema ou plugin que voc\u00ea est\u00e1 usando n\u00e3o \u00e9 totalmente compat\u00edvel com o WPML, voc\u00ea precisa traduzir manualmente alguns de seus textos. Isso inclui:<\/p>\n\n<ul class=\"wp-block-list\">\n<li>Textos do painel de op\u00e7\u00f5es do seu tema, como texto de rodap\u00e9, avisos de direitos autorais e mensagens personalizadas<\/li>\n\n\n\n<li>R\u00f3tulos, mensagens ou outros textos personalizados definidos nas op\u00e7\u00f5es e configura\u00e7\u00f5es do plugin<\/li>\n\n\n\n<li>Algumas configura\u00e7\u00f5es principais do WordPress, como o formato da hora<\/li>\n\n\n\n<li>Alguns t\u00edtulos e conte\u00fados de widgets<\/li>\n<\/ul>\n\n<p>Antes de traduzir esses textos voc\u00ea mesmo, recomendamos entrar em contato com os autores e pedir que tornem seu tema ou plugin totalmente compat\u00edvel com o WPML atrav\u00e9s do nosso <a href=\"https:\/\/wpml.org\/pt-br\/documentacao\/informacoes-para-desenvolvedores\/torne-se-global-programa-de-compatibilidade-wpml\/\">programa Go Global<\/a>.<\/p>\n\n<p>Para registrar esses textos para tradu\u00e7\u00e3o voc\u00ea mesmo:<\/p>\n\n<ol class=\"wp-block-list\">\n<li>V\u00e1 para <strong>WPML \u2192 String Translation<\/strong>.<\/li>\n\n\n\n<li>Role at\u00e9 <strong>Utilit\u00e1rios<\/strong>, expanda a se\u00e7\u00e3o <strong>N\u00e3o est\u00e1 vendo as strings que procura?<\/strong>, e clique no link <strong>Tradu\u00e7\u00e3o de Textos Administrativos<\/strong>.<\/li>\n<\/ol>\n\n<figure class=\"wp-block-image tb-image tb-image-dynamic tb-image-frame-none\" data-toolset-blocks-image=\"ab61d4c13f8ab1b9685d8e4fd1139d36\"><a href=\"https:\/\/wpml.org\/wp-content\/uploads\/2024\/07\/Admin-text-translations-in-string-translation.png\"><img decoding=\"async\" width=\"1024\" height=\"634\" loading=\"lazy\" src=\"https:\/\/wpml.org\/wp-content\/uploads\/2024\/07\/Admin-text-translations-in-string-translation-1024x634.png\" alt=\"Admin text translations in string translation\" class=\"wp-image-15967669\" srcset=\"https:\/\/wpml.org\/wp-content\/uploads\/2024\/07\/Admin-text-translations-in-string-translation-1024x634.png 1024w, https:\/\/wpml.org\/wp-content\/uploads\/2024\/07\/Admin-text-translations-in-string-translation-300x186.png 300w, https:\/\/wpml.org\/wp-content\/uploads\/2024\/07\/Admin-text-translations-in-string-translation-150x93.png 150w, https:\/\/wpml.org\/wp-content\/uploads\/2024\/07\/Admin-text-translations-in-string-translation-768x475.png 768w, https:\/\/wpml.org\/wp-content\/uploads\/2024\/07\/Admin-text-translations-in-string-translation-1536x950.png 1536w, https:\/\/wpml.org\/wp-content\/uploads\/2024\/07\/Admin-text-translations-in-string-translation.png 2033w\" sizes=\"auto, (max-width: 1024px) 100vw, 1024px\" \/><\/a><figcaption><div class=\"tb-image-caption\">Tradu\u00e7\u00f5es de textos administrativos na tradu\u00e7\u00e3o de strings<\/div><\/figcaption><\/figure>\n\n<ol start=\"3\" class=\"wp-block-list\">\n<li>Na p\u00e1gina Textos administrativos, selecione as strings que voc\u00ea deseja traduzir e <strong>Adicionar ao String Translation<\/strong>.<\/li>\n<\/ol>\n\n<p>Essas strings agora estar\u00e3o dispon\u00edveis para tradu\u00e7\u00e3o no String Translation.<\/p>\n\n<p><\/p>\n\n<h2 class=\"wp-block-heading\" id=\"scan-theme-or-plugin-to-update-translations\">Escaneando um tema ou plugin para atualizar tradu\u00e7\u00f5es existentes<\/h2>\n\n<p>O registro autom\u00e1tico do WPML otimiza o desempenho do site, apenas disponibilizando para tradu\u00e7\u00e3o textos n\u00e3o traduzidos de temas e plugins. Escanear um tema ou plugin carrega todas as strings, mesmo aquelas com tradu\u00e7\u00f5es existentes.  <\/p>\n\n<p>Para escanear um tema ou plugin: <\/p>\n\n<ol class=\"wp-block-list\">\n<li>V\u00e1 para <strong>WPML \u2192 Localiza\u00e7\u00e3o de temas e plugins<\/strong>.<\/li>\n\n\n\n<li>Selecione seu tema ou plugin e escaneie-o.<\/li>\n<\/ol>\n\n<figure class=\"wp-block-image tb-image tb-image-dynamic tb-image-frame-none\" data-toolset-blocks-image=\"29a7b0ae1a0fffbb361069397c440d50\"><a href=\"https:\/\/wpml.org\/wp-content\/uploads\/2024\/07\/Scanning-themes-and-plugins.png\"><img decoding=\"async\" width=\"1024\" height=\"598\" loading=\"lazy\" src=\"https:\/\/wpml.org\/wp-content\/uploads\/2024\/07\/Scanning-themes-and-plugins-1024x598.png\" alt=\"Scanning themes and plugins\" class=\"wp-image-15967846\" srcset=\"https:\/\/wpml.org\/wp-content\/uploads\/2024\/07\/Scanning-themes-and-plugins-1024x598.png 1024w, https:\/\/wpml.org\/wp-content\/uploads\/2024\/07\/Scanning-themes-and-plugins-300x175.png 300w, https:\/\/wpml.org\/wp-content\/uploads\/2024\/07\/Scanning-themes-and-plugins-150x88.png 150w, https:\/\/wpml.org\/wp-content\/uploads\/2024\/07\/Scanning-themes-and-plugins-768x449.png 768w, https:\/\/wpml.org\/wp-content\/uploads\/2024\/07\/Scanning-themes-and-plugins-1536x898.png 1536w, https:\/\/wpml.org\/wp-content\/uploads\/2024\/07\/Scanning-themes-and-plugins.png 1980w\" sizes=\"auto, (max-width: 1024px) 100vw, 1024px\" \/><\/a><figcaption><div class=\"tb-image-caption\">Escaneando temas e plugins<\/div><\/figcaption><\/figure>\n\n<p>As strings nesses componentes agora estar\u00e3o dispon\u00edveis para tradu\u00e7\u00e3o no String Translation.<\/p>\n\n<div style=\"height:15px\" aria-hidden=\"true\" class=\"wp-block-spacer\"><\/div>\n\n<div class=\"wp-block-toolset-blocks-container tb-container\" data-toolset-blocks-container=\"c47dd654e4f0c4475c1f18ec0d79b136\">\n<div class=\"wp-block-toolset-blocks-grid tb-grid\" data-toolset-blocks-grid=\"37d19417981b1b97920df56c088840a6\">\n<div class=\"wp-block-toolset-blocks-grid-column tb-grid-column tb-grid-align-top\" data-toolset-blocks-grid-column=\"3034fbe886c11054e95b46b09d3e4112\">\n<div class=\"wp-block-toolset-blocks-container tb-container\" data-toolset-blocks-container=\"8462661d63c4401da3f7686632759d01\"><\/div>\n<\/div>\n\n\n\n<div class=\"wp-block-toolset-blocks-grid-column tb-grid-column tb-grid-align-top\" data-toolset-blocks-grid-column=\"3034fbe886c11054e95b46b09d3e4112\">\n<p class=\"tb-heading has-text-color\" data-toolset-blocks-heading=\"c1ace1a37913fe1cf5b4191d09bc8145\" data-last-update=\"1.4\">Tenha em mente que o WPML s\u00f3 pode encontrar tradu\u00e7\u00f5es existentes que foram carregadas pelo menos uma vez. Embora isso geralmente aconte\u00e7a automaticamente, \u00e0s vezes voc\u00ea precisa acionar essa a\u00e7\u00e3o voc\u00ea mesmo. <br\/><br\/>Para fazer isso, basta visitar a p\u00e1gina que cont\u00e9m suas tradu\u00e7\u00f5es ausentes no front-end. Ao visualizar a p\u00e1gina, o WPML registrar\u00e1 automaticamente as tradu\u00e7\u00f5es ausentes. <\/p>\n<\/div>\n<\/div>\n<\/div>\n","protected":false},"excerpt":{"rendered":"<p>Aprenda como registrar strings que o WPML n\u00e3o consegue registrar automaticamente, incluindo configura\u00e7\u00f5es de temas ou plugins, op\u00e7\u00f5es e perfis de usu\u00e1rio. A tabela a seguir resume as solu\u00e7\u00f5es dispon\u00edveis quando voc\u00ea n\u00e3o consegue encontrar strings espec\u00edficas. Atualizando tradu\u00e7\u00f5es de temas ou plugins Para ver se o seu tema ou plugin inclui tradu\u00e7\u00f5es para os [&hellip;]<\/p>\n","protected":false},"author":538393,"featured_media":0,"parent":99586,"menu_order":39,"comment_status":"closed","ping_status":"closed","template":"template-sidebar-3.php","meta":{"_bbp_topic_count":0,"_bbp_reply_count":0,"_bbp_total_topic_count":0,"_bbp_total_reply_count":0,"_bbp_voice_count":0,"_bbp_anonymous_reply_count":0,"_bbp_topic_count_hidden":0,"_bbp_reply_count_hidden":0,"_bbp_forum_subforum_count":0,"_uag_custom_page_level_css":"","ep_exclude_from_search":false,"footnotes":""},"related-projects-category":[],"class_list":["post-15274301","page","type-page","status-publish","hentry"],"spectra_custom_meta":{"ratings_users":["0"],"ratings_score":["0"],"ratings_average":["0"],"_subscription_coupon_product_id":["0"],"_wpv_contains_gutenberg_views":[""],"_alp_processed":["1768307430"],"_views_template":["0"],"wpcf-unformatted-code":[""],"_wpml_media_duplicate":["1"],"_wpml_media_featured":["1"],"toolset_post_editor_mode":["block"],"wpcf-price-increase-show-from":[""],"wpcf-price-increase-show-till":[""],"_last_translation_edit_mode":["translation-editor"],"_wp_page_template":["template-sidebar-3.php"],"_wpml_word_count":["852"],"_yoast_wpseo_metadesc":["Aprenda como registrar strings que o WPML n\u00e3o consegue registrar automaticamente, incluindo configura\u00e7\u00f5es de temas ou plugins, op\u00e7\u00f5es e perfis de usu\u00e1rio."],"_uag_css_file_name":["uag-css-15274301.css"],"_uag_page_assets":["a:9:{s:3:\"css\";s:260:\".uag-blocks-common-selector{z-index:var(--z-index-desktop) !important}@media(max-width: 976px){.uag-blocks-common-selector{z-index:var(--z-index-tablet) !important}}@media(max-width: 767px){.uag-blocks-common-selector{z-index:var(--z-index-mobile) !important}}\";s:2:\"js\";s:0:\"\";s:18:\"current_block_list\";a:12:{i:0;s:14:\"core\/paragraph\";i:1;s:24:\"toolset-blocks\/container\";i:2;s:19:\"toolset-blocks\/grid\";i:3;s:26:\"toolset-blocks\/grid-column\";i:4;s:22:\"toolset-blocks\/heading\";i:5;s:21:\"toolset-blocks\/button\";i:6;s:12:\"core\/heading\";i:9;s:20:\"toolset-blocks\/image\";i:10;s:9:\"core\/list\";i:11;s:14:\"core\/list-item\";i:12;s:11:\"core\/spacer\";i:13;s:14:\"core\/shortcode\";}s:8:\"uag_flag\";b:0;s:11:\"uag_version\";s:10:\"1778542423\";s:6:\"gfonts\";a:0:{}s:10:\"gfonts_url\";s:0:\"\";s:12:\"gfonts_files\";a:0:{}s:14:\"uag_faq_layout\";b:0;}"]},"uagb_featured_image_src":{"full":false,"thumbnail":false,"medium":false,"medium_large":false,"large":false,"1536x1536":false,"2048x2048":false,"gform-image-choice-sm":false,"gform-image-choice-md":false,"gform-image-choice-lg":false,"woocommerce_thumbnail":false,"woocommerce_single":false,"woocommerce_gallery_thumbnail":false},"uagb_author_info":{"display_name":"Kathy","author_link":"https:\/\/wpml.org\/pt-br\/author\/kathy-b\/"},"uagb_comment_info":0,"uagb_excerpt":"Aprenda como registrar strings que o WPML n\u00e3o consegue registrar automaticamente, incluindo configura\u00e7\u00f5es de temas ou plugins, op\u00e7\u00f5es e perfis de usu\u00e1rio. A tabela a seguir resume as solu\u00e7\u00f5es dispon\u00edveis quando voc\u00ea n\u00e3o consegue encontrar strings espec\u00edficas. Atualizando tradu\u00e7\u00f5es de temas ou plugins Para ver se o seu tema ou plugin inclui tradu\u00e7\u00f5es para os&hellip;","_links":{"self":[{"href":"https:\/\/wpml.org\/pt-br\/wp-json\/wp\/v2\/pages\/15274301","targetHints":{"allow":["GET"]}}],"collection":[{"href":"https:\/\/wpml.org\/pt-br\/wp-json\/wp\/v2\/pages"}],"about":[{"href":"https:\/\/wpml.org\/pt-br\/wp-json\/wp\/v2\/types\/page"}],"author":[{"embeddable":true,"href":"https:\/\/wpml.org\/pt-br\/wp-json\/wp\/v2\/users\/538393"}],"replies":[{"embeddable":true,"href":"https:\/\/wpml.org\/pt-br\/wp-json\/wp\/v2\/comments?post=15274301"}],"version-history":[{"count":8,"href":"https:\/\/wpml.org\/pt-br\/wp-json\/wp\/v2\/pages\/15274301\/revisions"}],"predecessor-version":[{"id":17725201,"href":"https:\/\/wpml.org\/pt-br\/wp-json\/wp\/v2\/pages\/15274301\/revisions\/17725201"}],"up":[{"embeddable":true,"href":"https:\/\/wpml.org\/pt-br\/wp-json\/wp\/v2\/pages\/99586"}],"wp:attachment":[{"href":"https:\/\/wpml.org\/pt-br\/wp-json\/wp\/v2\/media?parent=15274301"}],"wp:term":[{"taxonomy":"related-projects-category","embeddable":true,"href":"https:\/\/wpml.org\/pt-br\/wp-json\/wp\/v2\/related-projects-category?post=15274301"}],"curies":[{"name":"wp","href":"https:\/\/api.w.org\/{rel}","templated":true}]}}