{"id":15274409,"date":"2019-04-26T07:57:10","date_gmt":"2019-04-26T07:57:10","guid":{"rendered":"https:\/\/wpml.org\/purchase\/como-alterar-seu-metodo-de-pagamento\/"},"modified":"2026-03-04T07:46:26","modified_gmt":"2026-03-04T07:46:26","slug":"como-alterar-seu-metodo-de-pagamento","status":"publish","type":"page","link":"https:\/\/wpml.org\/pt-br\/purchase\/como-alterar-seu-metodo-de-pagamento\/","title":{"rendered":"Como alterar sua forma de pagamento no WPML"},"content":{"rendered":"\n<p class=\"lead\">Voc\u00ea pode alterar seu m\u00e9todo de pagamento para planos WPML na \u00e1rea da sua Conta WPML e para Tradu\u00e7\u00e3o Autom\u00e1tica na aba Pagamentos e Manuten\u00e7\u00e3o no painel de administra\u00e7\u00e3o do WordPress.<\/p>\n\n<p>Existem dois tipos de pagamentos no WPML: <\/p>\n\n<ul class=\"wp-block-list\">\n<li>Planos WPML (por exemplo, WPML Multilingual CMS)<\/li>\n\n\n\n<li>Tradu\u00e7\u00e3o autom\u00e1tica (Pagamento pelo uso) <\/li>\n<\/ul>\n\n<p>Cada op\u00e7\u00e3o possui um processo diferente para alterar os m\u00e9todos de pagamento.<\/p>\n\n<h2 class=\"wp-block-heading\" id=\"wpml-plans\">Alterando o M\u00e9todo de Pagamento para Planos WPML<\/h2>\n\n<p>Para alterar o m\u00e9todo de pagamento do seu plano WPML:<\/p>\n\n<ol class=\"wp-block-list\">\n<li>Fa\u00e7a login na sua <a href=\"https:\/\/wpml.org\/pt-br\/account\/\">Conta WPML<\/a>.<\/li>\n\n\n\n<li>Na se\u00e7\u00e3o <strong>Conta e Pagamentos<\/strong>, clique em <strong>Modificar suas op\u00e7\u00f5es de renova\u00e7\u00e3o<\/strong>.<\/li>\n<\/ol>\n\n<figure class=\"wp-block-image tb-image tb-image-dynamic tb-image-frame-none\" data-toolset-blocks-image=\"ef228ae186bc0623f5df4ade9a64e81b\"><a href=\"https:\/\/wpml.org\/wp-content\/uploads\/2026\/01\/wpml-modify-renewal-options.png\"><img decoding=\"async\" width=\"1024\" height=\"705\" loading=\"lazy\" src=\"https:\/\/wpml.org\/wp-content\/uploads\/2026\/01\/wpml-modify-renewal-options-1024x705.png\" alt=\"\" class=\"wp-image-17725414\" srcset=\"https:\/\/wpml.org\/wp-content\/uploads\/2026\/01\/wpml-modify-renewal-options-1024x705.png 1024w, https:\/\/wpml.org\/wp-content\/uploads\/2026\/01\/wpml-modify-renewal-options-300x207.png 300w, https:\/\/wpml.org\/wp-content\/uploads\/2026\/01\/wpml-modify-renewal-options-150x103.png 150w, https:\/\/wpml.org\/wp-content\/uploads\/2026\/01\/wpml-modify-renewal-options-768x529.png 768w, https:\/\/wpml.org\/wp-content\/uploads\/2026\/01\/wpml-modify-renewal-options-1536x1058.png 1536w, https:\/\/wpml.org\/wp-content\/uploads\/2026\/01\/wpml-modify-renewal-options-2048x1410.png 2048w\" sizes=\"auto, (max-width: 1024px) 100vw, 1024px\" \/><\/a><figcaption><div class=\"tb-image-caption\">Clicar no link Modificar suas op\u00e7\u00f5es de renova\u00e7\u00e3o <\/div><\/figcaption><\/figure>\n\n<ol start=\"3\" class=\"wp-block-list\">\n<li>Clique em <strong>Alterar M\u00e9todo de Pagamento<\/strong> e insira uma nova op\u00e7\u00e3o de pagamento.<\/li>\n<\/ol>\n\n<figure class=\"wp-block-image tb-image tb-image-dynamic tb-image-frame-none\" data-toolset-blocks-image=\"0eaf22585d1d16c64ba52ed41d797931\"><a href=\"https:\/\/wpml.org\/wp-content\/uploads\/2026\/01\/wpml-change-payment-method.png\"><img decoding=\"async\" width=\"1024\" height=\"600\" loading=\"lazy\" src=\"https:\/\/wpml.org\/wp-content\/uploads\/2026\/01\/wpml-change-payment-method-1024x600.png\" alt=\"\" class=\"wp-image-17725367\" srcset=\"https:\/\/wpml.org\/wp-content\/uploads\/2026\/01\/wpml-change-payment-method-1024x600.png 1024w, https:\/\/wpml.org\/wp-content\/uploads\/2026\/01\/wpml-change-payment-method-300x176.png 300w, https:\/\/wpml.org\/wp-content\/uploads\/2026\/01\/wpml-change-payment-method-150x88.png 150w, https:\/\/wpml.org\/wp-content\/uploads\/2026\/01\/wpml-change-payment-method-768x450.png 768w, https:\/\/wpml.org\/wp-content\/uploads\/2026\/01\/wpml-change-payment-method-1536x900.png 1536w, https:\/\/wpml.org\/wp-content\/uploads\/2026\/01\/wpml-change-payment-method-2048x1200.png 2048w\" sizes=\"auto, (max-width: 1024px) 100vw, 1024px\" \/><\/a><figcaption><div class=\"tb-image-caption\">Alterando a forma de pagamento do WPML<\/div><\/figcaption><\/figure>\n\n<p>Sua assinatura agora usar\u00e1 o novo m\u00e9todo de pagamento quando seu plano WPML for renovado. <\/p>\n\n<h2 class=\"wp-block-heading\" id=\"automatic-translation\">Alterando o M\u00e9todo de Pagamento para Tradu\u00e7\u00e3o Autom\u00e1tica<\/h2>\n\n<p>Para alterar o m\u00e9todo de pagamento para tradu\u00e7\u00e3o autom\u00e1tica:<\/p>\n\n<ol class=\"wp-block-list\">\n<li>Fa\u00e7a login no painel de administra\u00e7\u00e3o do WordPress.<\/li>\n\n\n\n<li>V\u00e1 para <strong>WPML <\/strong>\u2192 <strong>painel de tradu\u00e7\u00e3o<\/strong>.<\/li>\n\n\n\n<li>Mude para a aba <strong>Pagamentos e Manuten\u00e7\u00e3o<\/strong>.<\/li>\n\n\n\n<li>Clique em <strong>Editar<\/strong> em <strong>Detalhes de pagamento<\/strong> e insira um novo m\u00e9todo de pagamento.<\/li>\n<\/ol>\n\n<figure class=\"wp-block-image tb-image tb-image-dynamic tb-image-frame-none\" data-toolset-blocks-image=\"716201e12c5e53a460440996f9105f57\"><a href=\"https:\/\/wpml.org\/wp-content\/uploads\/2026\/02\/Changing-payment-method-for-automatic-translation.png\"><img decoding=\"async\" width=\"1024\" height=\"634\" loading=\"lazy\" src=\"https:\/\/wpml.org\/wp-content\/uploads\/2026\/02\/Changing-payment-method-for-automatic-translation-1024x634.png\" alt=\"Changing payment method for automatic translation\" class=\"wp-image-17860784\" srcset=\"https:\/\/wpml.org\/wp-content\/uploads\/2026\/02\/Changing-payment-method-for-automatic-translation-1024x634.png 1024w, https:\/\/wpml.org\/wp-content\/uploads\/2026\/02\/Changing-payment-method-for-automatic-translation-300x186.png 300w, https:\/\/wpml.org\/wp-content\/uploads\/2026\/02\/Changing-payment-method-for-automatic-translation-150x93.png 150w, https:\/\/wpml.org\/wp-content\/uploads\/2026\/02\/Changing-payment-method-for-automatic-translation-768x476.png 768w, https:\/\/wpml.org\/wp-content\/uploads\/2026\/02\/Changing-payment-method-for-automatic-translation-1536x951.png 1536w, https:\/\/wpml.org\/wp-content\/uploads\/2026\/02\/Changing-payment-method-for-automatic-translation.png 1600w\" sizes=\"auto, (max-width: 1024px) 100vw, 1024px\" \/><\/a><figcaption><div class=\"tb-image-caption\">Alterando o m\u00e9todo de pagamento para tradu\u00e7\u00e3o autom\u00e1tica<\/div><\/figcaption><\/figure>\n\n<p>O WPML agora usar\u00e1 seu novo m\u00e9todo de pagamento ao gastar cr\u00e9ditos de Pagamento pelo uso.<\/p>\n\n<h2 class=\"wp-block-heading\" id=\"expired-accounts\">Alterando o M\u00e9todo de Pagamento para Contas Expiradas<\/h2>\n\n<p>Se seu plano WPML expirou devido a falha no pagamento, voc\u00ea precisa atualizar seu m\u00e9todo de pagamento:<\/p>\n\n<ol class=\"wp-block-list\">\n<li>Fa\u00e7a login na sua <a href=\"https:\/\/wpml.org\/pt-br\/account\/\">Conta WPML<\/a>.<\/li>\n\n\n\n<li>Clique no bot\u00e3o <strong>Renovar sua conta<\/strong>.<\/li>\n\n\n\n<li>Na p\u00e1gina de finaliza\u00e7\u00e3o da compra, clique no link <strong>Usar um m\u00e9todo de pagamento diferente<\/strong>. <\/li>\n<\/ol>\n\n<figure class=\"wp-block-image tb-image tb-image-dynamic tb-image-frame-none\" data-toolset-blocks-image=\"bf0b909e5ec2664944143c0537d46e9c\"><a href=\"https:\/\/wpml.org\/wp-content\/uploads\/2026\/03\/Use-a-different-payment-method-button.png\"><img decoding=\"async\" width=\"1024\" height=\"636\" loading=\"lazy\" src=\"https:\/\/wpml.org\/wp-content\/uploads\/2026\/03\/Use-a-different-payment-method-button-1024x636.png\" alt=\"Use a different payment method button\" class=\"wp-image-17869702\" srcset=\"https:\/\/wpml.org\/wp-content\/uploads\/2026\/03\/Use-a-different-payment-method-button-1024x636.png 1024w, https:\/\/wpml.org\/wp-content\/uploads\/2026\/03\/Use-a-different-payment-method-button-300x186.png 300w, https:\/\/wpml.org\/wp-content\/uploads\/2026\/03\/Use-a-different-payment-method-button-150x93.png 150w, https:\/\/wpml.org\/wp-content\/uploads\/2026\/03\/Use-a-different-payment-method-button-768x477.png 768w, https:\/\/wpml.org\/wp-content\/uploads\/2026\/03\/Use-a-different-payment-method-button.png 1385w\" sizes=\"auto, (max-width: 1024px) 100vw, 1024px\" \/><\/a><figcaption><div class=\"tb-image-caption\">Link Usar um m\u00e9todo de pagamento diferente<\/div><\/figcaption><\/figure>\n\n<ol start=\"4\" class=\"wp-block-list\">\n<li>Na janela pop-up que se abre, selecione a op\u00e7\u00e3o <strong>Pagar com cart\u00e3o de cr\u00e9dito<\/strong>.<\/li>\n\n\n\n<li>Conclua a compra com seu novo cart\u00e3o.<\/li>\n<\/ol>\n\n<h2 class=\"wp-block-heading\" id=\"update-billing-details\">Como Atualizar os Detalhes de Faturamento<\/h2>\n\n<p>De forma semelhante aos m\u00e9todos de pagamento, os detalhes de faturamento tamb\u00e9m s\u00e3o tratados separadamente para planos WPML e faturas de tradu\u00e7\u00e3o autom\u00e1tica. <\/p>\n\n<h3 class=\"wp-block-heading\">Atualizar Detalhes de Faturamento para Planos WPML<\/h3>\n\n<p>Para atualizar os detalhes de faturamento nas faturas de planos WPML: <\/p>\n\n<ol class=\"wp-block-list\">\n<li>Fa\u00e7a login na sua <a href=\"https:\/\/wpml.org\/pt-br\/account\/\">Conta WPML<\/a>. <\/li>\n\n\n\n<li>Em <strong>Conta e Pagamentos<\/strong>, clique em <strong>Detalhes pessoais e senha<\/strong>. <\/li>\n\n\n\n<li>Atualize seus detalhes de faturamento e salve. <\/li>\n<\/ol>\n\n<h3 class=\"wp-block-heading\">Atualizar Detalhes de Faturamento para Tradu\u00e7\u00e3o Autom\u00e1tica<\/h3>\n\n<p>Para atualizar os detalhes de faturamento para faturas de tradu\u00e7\u00e3o autom\u00e1tica: <\/p>\n\n<ol class=\"wp-block-list\">\n<li>V\u00e1 para <strong>WPML <\/strong>\u2192 <strong>painel de tradu\u00e7\u00e3o<\/strong>.<\/li>\n\n\n\n<li>Mude para a aba <strong>Pagamentos e Manuten\u00e7\u00e3o<\/strong>.<\/li>\n\n\n\n<li>Clique em <strong>Editar<\/strong> no cont\u00eainer <strong>Detalhes da empresa<\/strong>.<\/li>\n\n\n\n<li>Atualize seus detalhes de faturamento e salve. <\/li>\n<\/ol>\n\n<div class=\"wp-block-toolset-blocks-container tb-container\" data-toolset-blocks-container=\"f908b134276ba3432b0b77744504af0a\">\n<div class=\"wp-block-toolset-blocks-grid tb-grid\" data-toolset-blocks-grid=\"37d19417981b1b97920df56c088840a6\">\n<div class=\"wp-block-toolset-blocks-grid-column tb-grid-column tb-grid-align-top\" data-toolset-blocks-grid-column=\"3034fbe886c11054e95b46b09d3e4112\">\n<div class=\"wp-block-toolset-blocks-container tb-container\" data-toolset-blocks-container=\"cc43e498a8e72566120af9f4b6101de7\"><\/div>\n<\/div>\n\n\n\n<div class=\"wp-block-toolset-blocks-grid-column tb-grid-column tb-grid-align-top\" data-toolset-blocks-grid-column=\"3034fbe886c11054e95b46b09d3e4112\">\n<p class=\"tb-heading\" data-toolset-blocks-heading=\"5f70829b5533bc42f59006f0ef3ef21a\" data-last-update=\"1.4\"><strong>Importante:<\/strong> As altera\u00e7\u00f5es nos seus dados de faturamento se aplicam apenas a faturas futuras.<\/p>\n\n\n\n<p class=\"tb-heading\" data-toolset-blocks-heading=\"a2008aa16950a8d790fdc66dc574eeb8\" data-last-update=\"1.4\">Se voc\u00ea precisar atualizar uma fatura que j\u00e1 foi emitida, ser\u00e1 necess\u00e1rio solicitar o reembolso do pedido original e realiz\u00e1-lo novamente com seus dados atualizados. Saiba mais sobre como <a href=\"https:\/\/wpml.org\/pt-br\/faq\/como-posso-obter-uma-fatura-fiscal-wpml-e-atualizar-minhas-informacoes-de-faturamento\/#can-i-update-billing-information-for-an-invoice-thats-already-been-issued\">atualizar faturas emitidas<\/a>. <\/p>\n<\/div>\n<\/div>\n<\/div>\n","protected":false},"excerpt":{"rendered":"<p>Voc\u00ea pode alterar seu m\u00e9todo de pagamento para planos WPML na \u00e1rea da sua Conta WPML e para Tradu\u00e7\u00e3o Autom\u00e1tica na aba Pagamentos e Manuten\u00e7\u00e3o no painel de administra\u00e7\u00e3o do WordPress. Existem dois tipos de pagamentos no WPML: Cada op\u00e7\u00e3o possui um processo diferente para alterar os m\u00e9todos de pagamento. Alterando o M\u00e9todo de Pagamento [&hellip;]<\/p>\n","protected":false},"author":76577,"featured_media":0,"parent":95897,"menu_order":39,"comment_status":"closed","ping_status":"closed","template":"template-sidebar-2.php","meta":{"_bbp_topic_count":0,"_bbp_reply_count":0,"_bbp_total_topic_count":0,"_bbp_total_reply_count":0,"_bbp_voice_count":0,"_bbp_anonymous_reply_count":0,"_bbp_topic_count_hidden":0,"_bbp_reply_count_hidden":0,"_bbp_forum_subforum_count":0,"_uag_custom_page_level_css":"","ep_exclude_from_search":false,"footnotes":""},"related-projects-category":[],"class_list":["post-15274409","page","type-page","status-publish","hentry"],"spectra_custom_meta":{"ratings_users":["0"],"ratings_score":["0"],"ratings_average":["0"],"_subscription_coupon_product_id":["0"],"_wpv_contains_gutenberg_views":[""],"_alp_processed":["1772610386"],"_views_template":["0"],"wpcf-unformatted-code":[""],"_wpml_media_duplicate":["1"],"_wpml_media_featured":["1"],"toolset_post_editor_mode":["block"],"wpcf-price-increase-show-from":[""],"wpcf-price-increase-show-till":[""],"_wp_page_template":["template-sidebar-2.php"],"_last_translation_edit_mode":["translation-editor"],"_wpml_word_count":["511"],"cmplz_hide_cookiebanner":[""],"wpcf-price-increase-content":[""],"wpcf-login-box-title":[""],"wpcf-page-content":[""],"_yoast_wpseo_primary_related-projects-category":[""],"_yoast_wpseo_title":["%%title%% %%page%%"],"_yoast_wpseo_metadesc":["Altere o m\u00e9todo de pagamento para planos WPML na \u00e1rea da Conta WPML e para Tradu\u00e7\u00e3o Autom\u00e1tica na aba Pagamentos e Manuten\u00e7\u00e3o no WordPress."],"_yoast_wpseo_focuskw":["alterar m\u00e9todo de pagamento"]},"uagb_featured_image_src":{"full":false,"thumbnail":false,"medium":false,"medium_large":false,"large":false,"1536x1536":false,"2048x2048":false,"gform-image-choice-sm":false,"gform-image-choice-md":false,"gform-image-choice-lg":false,"woocommerce_thumbnail":false,"woocommerce_single":false,"woocommerce_gallery_thumbnail":false},"uagb_author_info":{"display_name":"Dario","author_link":"https:\/\/wpml.org\/pt-br\/author\/darioh\/"},"uagb_comment_info":0,"uagb_excerpt":"Voc\u00ea pode alterar seu m\u00e9todo de pagamento para planos WPML na \u00e1rea da sua Conta WPML e para Tradu\u00e7\u00e3o Autom\u00e1tica na aba Pagamentos e Manuten\u00e7\u00e3o no painel de administra\u00e7\u00e3o do WordPress. Existem dois tipos de pagamentos no WPML: Cada op\u00e7\u00e3o possui um processo diferente para alterar os m\u00e9todos de pagamento. Alterando o M\u00e9todo de Pagamento&hellip;","_links":{"self":[{"href":"https:\/\/wpml.org\/pt-br\/wp-json\/wp\/v2\/pages\/15274409","targetHints":{"allow":["GET"]}}],"collection":[{"href":"https:\/\/wpml.org\/pt-br\/wp-json\/wp\/v2\/pages"}],"about":[{"href":"https:\/\/wpml.org\/pt-br\/wp-json\/wp\/v2\/types\/page"}],"author":[{"embeddable":true,"href":"https:\/\/wpml.org\/pt-br\/wp-json\/wp\/v2\/users\/76577"}],"replies":[{"embeddable":true,"href":"https:\/\/wpml.org\/pt-br\/wp-json\/wp\/v2\/comments?post=15274409"}],"version-history":[{"count":8,"href":"https:\/\/wpml.org\/pt-br\/wp-json\/wp\/v2\/pages\/15274409\/revisions"}],"predecessor-version":[{"id":17870806,"href":"https:\/\/wpml.org\/pt-br\/wp-json\/wp\/v2\/pages\/15274409\/revisions\/17870806"}],"up":[{"embeddable":true,"href":"https:\/\/wpml.org\/pt-br\/wp-json\/wp\/v2\/pages\/95897"}],"wp:attachment":[{"href":"https:\/\/wpml.org\/pt-br\/wp-json\/wp\/v2\/media?parent=15274409"}],"wp:term":[{"taxonomy":"related-projects-category","embeddable":true,"href":"https:\/\/wpml.org\/pt-br\/wp-json\/wp\/v2\/related-projects-category?post=15274409"}],"curies":[{"name":"wp","href":"https:\/\/api.w.org\/{rel}","templated":true}]}}