{"id":15434274,"date":"2012-02-27T15:42:00","date_gmt":"2012-02-27T15:42:00","guid":{"rendered":"https:\/\/wpml.org\/documentacao\/projetos-relacionados\/migrar-do-qtranslate-para-o-wpml\/"},"modified":"2026-02-26T08:05:12","modified_gmt":"2026-02-26T08:05:12","slug":"migrar-do-qtranslate-para-o-wpml","status":"publish","type":"page","link":"https:\/\/wpml.org\/pt-br\/documentacao\/migrar-do-qtranslate-para-o-wpml\/","title":{"rendered":"Migrar do qTranslate para o WPML"},"content":{"rendered":"<p class=\"lead\">Migre suas tradu\u00e7\u00f5es do qTranslate para o WPML com um complemento que preserva suas configura\u00e7\u00f5es originais e limpa as meta tags restantes do qTranslate.<\/p>\n<p><!--more--><\/p>\n<div class=\"alert alert-warning\" role=\"alert\">O plugin qTranslate X foi abandonado h\u00e1 anos e n\u00e3o mantemos mais ativamente nosso plugin de migra\u00e7\u00e3o.<\/div>\n<p>O plugin qTranslate funciona de forma completamente diferente do WPML. Em vez de ter idiomas diferentes em posts diferentes, o qTranslate coloca todos os idiomas no mesmo post. <\/p>\n<p>Ele faz isso alterando os posts de, por exemplo, <strong>Hello World<\/strong> para <strong>[:en]Hello World[:de]Hallo Welt[:]<\/strong>.<\/p>\n<p>Quando voc\u00ea desinstala o qTranslate, todas essas meta tags permanecem em seu banco de dados.<\/p>\n<p>Nosso plugin de migra\u00e7\u00e3o pode fazer o seguinte:<\/p>\n<ul>\n<li>Dividir o conte\u00fado de diferentes idiomas em posts diferentes, permitindo que seu site seja executado com o WPML.<\/li>\n<li>Limpar seu banco de dados de todas as meta tags restantes do qTranslate.<\/li>\n<li>Converter seu site com tecnologia qTranslate em um site de um idioma, removendo todas as tradu\u00e7\u00f5es e deixando apenas o idioma que voc\u00ea decidir manter.<\/li>\n<\/ul>\n<p><strong>Limita\u00e7\u00f5es:<\/strong><\/p>\n<ul>\n<li>Nosso plugin de migra\u00e7\u00e3o funciona apenas para Posts e P\u00e1ginas, os tipos de post integrados do WordPress. Ele n\u00e3o funcionar\u00e1 com tipos de post personalizados. <\/li>\n<li>Voc\u00ea precisa corrigir manualmente todos os menus no site ap\u00f3s a migra\u00e7\u00e3o.<\/li>\n<\/ul>\n<p>Voc\u00ea pode baixar nosso plugin <a href=\"https:\/\/wordpress.org\/plugins\/qtranslate-to-wpml-export\/\" target=\"_blank\" rel=\"noopener noreferrer\">qTranslate X Cleanup and WPML Import<\/a> do reposit\u00f3rio do WordPress.<\/p>\n<h2>Convers\u00e3o de idioma \u00fanico (sem WPML, remover todas as tradu\u00e7\u00f5es)<\/h2>\n<p>Se voc\u00ea estiver usando o plugin qTranslate Importer sem o WPML, a sa\u00edda ser\u00e1 um site com apenas um idioma. O processo de convers\u00e3o perguntar\u00e1 qual idioma voc\u00ea deseja manter. Todos os outros idiomas ser\u00e3o exclu\u00eddos do site.<\/p>\n<p>Isso \u00e9 \u00fatil se voc\u00ea estiver experimentando o qTranslate e agora deseja limpar o banco de dados de todas essas meta tags de idioma.<\/p>\n<p>No final do processamento, todos os posts ter\u00e3o apenas o idioma que voc\u00ea escolher.<\/p>\n<p>Como funciona:<\/p>\n<ol>\n<li>Desative o qTranslate e ative o plugin <strong>qTranslate X Cleanup and WPML Import<\/strong>.<\/li>\n<li>Fa\u00e7a backup do seu banco de dados. S\u00e9rio, mesmo que voc\u00ea esteja apenas experimentando, \u00e9 necess\u00e1rio fazer backup do seu banco de dados.<\/li>\n<li>V\u00e1 para <strong>Configura\u00e7\u00f5es \u2192 qTranslate Importer<\/strong> e escolha o idioma que voc\u00ea deseja manter.<\/li>\n<li>Clique no bot\u00e3o <strong>Clean (Limpar<\/strong> ). Isso percorrer\u00e1 todo o conte\u00fado do site e remover\u00e1 os metadados de idioma do conte\u00fado.<\/li>\n<\/ol>\n<p>A tela do plugin se parece com isto:<\/p>\n<figure id=\"attachment_1134700\" aria-describedby=\"caption-attachment-1134700\" style=\"width: 300px\" class=\"wp-caption aligncenter\"><a href=\"https:\/\/wpml.org\/wp-content\/uploads\/2012\/02\/qt-importer-no-wpml_update-2016.png\"><img decoding=\"async\" class=\"wp-image-1134700 size-medium\" title=\"qt-importer-no-wpml\" src=\"https:\/\/wpml.org\/wp-content\/uploads\/2012\/02\/qt-importer-no-wpml_update-2016-300x150.png\" width=\"300\" height=\"150\" srcset=\"https:\/\/wpml.org\/wp-content\/uploads\/2012\/02\/qt-importer-no-wpml_update-2016-300x150.png 300w, https:\/\/wpml.org\/wp-content\/uploads\/2012\/02\/qt-importer-no-wpml_update-2016-150x75.png 150w, https:\/\/wpml.org\/wp-content\/uploads\/2012\/02\/qt-importer-no-wpml_update-2016-768x384.png 768w, https:\/\/wpml.org\/wp-content\/uploads\/2012\/02\/qt-importer-no-wpml_update-2016.png 956w\" sizes=\"(max-width: 300px) 100vw, 300px\" \/><\/a><figcaption id=\"caption-attachment-1134700\" class=\"wp-caption-text\">qTranslate importer convertendo para um idioma<\/figcaption><\/figure>\n<p>Escolha o idioma que voc\u00ea deseja manter e aceite as duas caixas de sele\u00e7\u00e3o. Depois, voc\u00ea pode come\u00e7ar a limpeza.<\/p>\n<h2 id=\"with-wpml\">Convers\u00e3o multil\u00edngue (converter do qTranslate para o WPML)<\/h2>\n<p>Se voc\u00ea tiver o WPML, o importador qTranslate converter\u00e1 o site de todos os idiomas em um post para diferentes idiomas em posts diferentes. Quando a convers\u00e3o for conclu\u00edda, voc\u00ea poder\u00e1 usar o WPML no site. <\/p>\n<p>A melhor maneira de fazer essa convers\u00e3o \u00e9 desativar o qTranslate, ativar o WPML e o importador qTranslate e deix\u00e1-lo fazer tudo automaticamente.<\/p>\n<p>O processo de importa\u00e7\u00e3o ser\u00e1:<\/p>\n<ol>\n<li>Verifique quais idiomas o qTranslate usou e ative os mesmos idiomas no WPML.<\/li>\n<li>Verifique quais permalinks de idioma voc\u00ea usou no qTranslate e escolha a mesma configura\u00e7\u00e3o no WPML.<\/li>\n<li>Processe todos os posts, taxonomia e campos personalizados e crie outros separados para diferentes idiomas.<\/li>\n<li>Crie regras de reescrita de URL que permitam que voc\u00ea redirecione os links de entrada para seus novos URLs.<\/li>\n<\/ol>\n<p>Para fazer isso de forma segura, siga estas etapas:<\/p>\n<ol>\n<li>Desative o qTranslate e ative o WPML e o plugin <strong>qTranslate X Cleanup and WPML Import<\/strong>.<\/li>\n<li>Fa\u00e7a backup do seu banco de dados. Isso \u00e9 fundamental. Voc\u00ea precisa fazer isso antes de executar a importa\u00e7\u00e3o.<\/li>\n<li>V\u00e1 para <strong>Settings \u2192 qTranslate Importer<\/strong> e revise a convers\u00e3o de dados planejada.<\/li>\n<li>Clique no bot\u00e3o <strong>Iniciar<\/strong>. Isso percorrer\u00e1 todo o conte\u00fado do site e o converter\u00e1 para usar o WPML.<\/li>\n<\/ol>\n<h3>O processo de importa\u00e7\u00e3o para o WPML<\/h3>\n<p>A tela de importa\u00e7\u00e3o tem a seguinte apar\u00eancia:<\/p>\n<figure id=\"attachment_1134699\" aria-describedby=\"caption-attachment-1134699\" style=\"width: 300px\" class=\"wp-caption aligncenter\"><a href=\"https:\/\/wpml.org\/wp-content\/uploads\/2012\/02\/qt-import-with-wpml_update-2016.png\"><img decoding=\"async\" class=\"wp-image-1134699 size-medium\" title=\"qt-import-with-wpml\" src=\"https:\/\/wpml.org\/wp-content\/uploads\/2012\/02\/qt-import-with-wpml_update-2016-300x160.png\" width=\"300\" height=\"160\" srcset=\"https:\/\/wpml.org\/wp-content\/uploads\/2012\/02\/qt-import-with-wpml_update-2016-300x160.png 300w, https:\/\/wpml.org\/wp-content\/uploads\/2012\/02\/qt-import-with-wpml_update-2016-150x80.png 150w, https:\/\/wpml.org\/wp-content\/uploads\/2012\/02\/qt-import-with-wpml_update-2016-768x409.png 768w, https:\/\/wpml.org\/wp-content\/uploads\/2012\/02\/qt-import-with-wpml_update-2016.png 941w\" sizes=\"(max-width: 300px) 100vw, 300px\" \/><\/a><figcaption id=\"caption-attachment-1134699\" class=\"wp-caption-text\">Importa\u00e7\u00e3o do qTranslate para o WPML<\/figcaption><\/figure>\n<p>\u00c0 medida que ele for executado, voc\u00ea ver\u00e1 o progresso. N\u00e3o interrompa o processo de importa\u00e7\u00e3o at\u00e9 que ele diga &#8220;conclu\u00eddo&#8221;. A tela deve ser atualizada a cada poucos segundos, pois processa 10 posts por vez.<\/p>\n<h3>Adi\u00e7\u00e3o de redirecionamentos de URL<\/h3>\n<p>Quando a importa\u00e7\u00e3o for conclu\u00edda, voc\u00ea ver\u00e1 o seguinte:<\/p>\n<figure id=\"attachment_1134701\" aria-describedby=\"caption-attachment-1134701\" style=\"width: 300px\" class=\"wp-caption aligncenter\"><a href=\"https:\/\/wpml.org\/wp-content\/uploads\/2012\/02\/qt-importer-wpml-finished_update-2016.png\"><img decoding=\"async\" class=\"wp-image-1134701 size-medium\" title=\"qt-importer-wpml-finished\" src=\"https:\/\/wpml.org\/wp-content\/uploads\/2012\/02\/qt-importer-wpml-finished_update-2016-300x203.png\" width=\"300\" height=\"203\" srcset=\"https:\/\/wpml.org\/wp-content\/uploads\/2012\/02\/qt-importer-wpml-finished_update-2016-300x203.png 300w, https:\/\/wpml.org\/wp-content\/uploads\/2012\/02\/qt-importer-wpml-finished_update-2016-150x101.png 150w, https:\/\/wpml.org\/wp-content\/uploads\/2012\/02\/qt-importer-wpml-finished_update-2016-768x519.png 768w, https:\/\/wpml.org\/wp-content\/uploads\/2012\/02\/qt-importer-wpml-finished_update-2016.png 934w\" sizes=\"(max-width: 300px) 100vw, 300px\" \/><\/a><figcaption id=\"caption-attachment-1134701\" class=\"wp-caption-text\">Convers\u00e3o do qTranslate para o WPML conclu\u00edda<\/figcaption><\/figure>\n<p>Se voc\u00ea puder editar o arquivo <strong>.htaccess<\/strong>, copie tudo da caixa de regras de reescrita <strong>.htaccess<\/strong> e adicione-o ao arquivo <strong>.htaccess<\/strong> do seu site.<\/p>\n<p>H\u00e1 um bot\u00e3o de <strong>valida\u00e7\u00e3o<\/strong> que ler\u00e1 esse arquivo e verificar\u00e1 se voc\u00ea adicionou as regras ao local correto.<\/p>\n<p>Como alternativa, voc\u00ea pode adicionar as informa\u00e7\u00f5es de redirecionamento ao seu tema. Clique no bot\u00e3o para baixar o arquivo PHP com regras de redirecionamento e salve-o na pasta do seu tema. <\/p>\n<p>Em seguida, adicione a seguinte linha ao arquivo <strong>functions.php<\/strong> no tema:<\/p>\n<pre>include(get_stylesheet_directory() . '\/qt-importer-redirects.php'); <\/pre>\n<p>Essa \u00e9 uma instru\u00e7\u00e3o PHP, portanto, deve estar dentro de um bloco <strong>&lt;?php &#8230; ?&gt;<\/strong>.<\/p>\n<h3>Outros textos que voc\u00ea pode ter que editar manualmente<\/h3>\n<p>Muitos sites que usam o qTranslate usaram as meta tags de idioma em v\u00e1rios lugares, codificadas em PHP ou em p\u00e1ginas de op\u00e7\u00f5es. Depois de se afastar do qTranslate, voc\u00ea precisar\u00e1 usar diferentes maneiras de traduzir essas strings. <\/p>\n<p>Primeiro, localize-os. Percorra as diferentes telas de administra\u00e7\u00e3o em seu tema e plugins que voc\u00ea est\u00e1 usando e veja se h\u00e1 alguma tag como:<\/p>\n<pre>&lt;!\u2013-:en\u2013-&gt;Texto em ingl\u00eas&lt;!\u2013-:\u2013-&gt;&lt;!\u2013-:fr\u2013-&gt;Texto em franc\u00eas&lt;!\u2013-:\u2013-&gt;<\/pre>\n<p>Substitua essas informa\u00e7\u00f5es apenas pelo texto no idioma padr\u00e3o.<\/p>\n<p>Em seguida, voc\u00ea pode usar o m\u00f3dulo <a href=\"https:\/\/wpml.org\/documentation\/getting-started-guide\/string-translation\/\">String Translation<\/a> do WPML para traduzi-los para qualquer idioma.<\/p>\n<h2>Obtendo ajuda<\/h2>\n<p>Caso precise de ajuda para migrar do qTranslate para o WPML, visite o <a href=\"https:\/\/wpml.org\/forums\/forum\/english-support\/\" target=\"_blank\" rel=\"noopener noreferrer\">f\u00f3rum de suporte do WPML<\/a>.<\/p>\n","protected":false},"excerpt":{"rendered":"<p>Migre suas tradu\u00e7\u00f5es do qTranslate para o WPML com um complemento que preserva suas configura\u00e7\u00f5es originais e limpa as meta tags restantes do qTranslate.<\/p>\n","protected":false},"author":2,"featured_media":0,"parent":96558,"menu_order":80,"comment_status":"closed","ping_status":"closed","template":"template-nosidebar-centered.php","meta":{"_bbp_topic_count":0,"_bbp_reply_count":0,"_bbp_total_topic_count":0,"_bbp_total_reply_count":0,"_bbp_voice_count":0,"_bbp_anonymous_reply_count":0,"_bbp_topic_count_hidden":0,"_bbp_reply_count_hidden":0,"_bbp_forum_subforum_count":0,"_uag_custom_page_level_css":"","ep_exclude_from_search":false,"footnotes":""},"related-projects-category":[],"class_list":["post-15434274","page","type-page","status-publish","hentry"],"spectra_custom_meta":{"ratings_users":["0"],"ratings_score":["0"],"ratings_average":["0"],"_subscription_coupon_product_id":["0"],"_wpv_contains_gutenberg_views":[""],"_alp_processed":["1772093112"],"_views_template":["0"],"wpcf-unformatted-code":[""],"_wpml_media_duplicate":["0"],"_wpml_media_featured":["1"],"wpcf-price-increase-show-from":[""],"wpcf-price-increase-show-till":[""],"_wp_page_template":["template-nosidebar-centered.php"],"_last_translation_edit_mode":["translation-editor"],"_wpml_word_count":["973"],"_oembed_bbf56b1d4c25ce11481afba39f176f85":["{{unknown}}"],"_top_nav_excluded":[""],"_cms_nav_minihome":[""],"_yoast_wpseo_metadesc":["Migre suas tradu\u00e7\u00f5es do qTranslate para o WPML com um complemento que preserva suas configura\u00e7\u00f5es originais e limpa as meta tags restantes do qTranslate."]},"uagb_featured_image_src":{"full":false,"thumbnail":false,"medium":false,"medium_large":false,"large":false,"1536x1536":false,"2048x2048":false,"gform-image-choice-sm":false,"gform-image-choice-md":false,"gform-image-choice-lg":false,"woocommerce_thumbnail":false,"woocommerce_single":false,"woocommerce_gallery_thumbnail":false},"uagb_author_info":{"display_name":"Amir","author_link":"https:\/\/wpml.org\/pt-br\/author\/amir\/"},"uagb_comment_info":0,"uagb_excerpt":"Migre suas tradu\u00e7\u00f5es do qTranslate para o WPML com um complemento que preserva suas configura\u00e7\u00f5es originais e limpa as meta tags restantes do qTranslate.","_links":{"self":[{"href":"https:\/\/wpml.org\/pt-br\/wp-json\/wp\/v2\/pages\/15434274","targetHints":{"allow":["GET"]}}],"collection":[{"href":"https:\/\/wpml.org\/pt-br\/wp-json\/wp\/v2\/pages"}],"about":[{"href":"https:\/\/wpml.org\/pt-br\/wp-json\/wp\/v2\/types\/page"}],"author":[{"embeddable":true,"href":"https:\/\/wpml.org\/pt-br\/wp-json\/wp\/v2\/users\/2"}],"replies":[{"embeddable":true,"href":"https:\/\/wpml.org\/pt-br\/wp-json\/wp\/v2\/comments?post=15434274"}],"version-history":[{"count":3,"href":"https:\/\/wpml.org\/pt-br\/wp-json\/wp\/v2\/pages\/15434274\/revisions"}],"predecessor-version":[{"id":17854914,"href":"https:\/\/wpml.org\/pt-br\/wp-json\/wp\/v2\/pages\/15434274\/revisions\/17854914"}],"up":[{"embeddable":true,"href":"https:\/\/wpml.org\/pt-br\/wp-json\/wp\/v2\/pages\/96558"}],"wp:attachment":[{"href":"https:\/\/wpml.org\/pt-br\/wp-json\/wp\/v2\/media?parent=15434274"}],"wp:term":[{"taxonomy":"related-projects-category","embeddable":true,"href":"https:\/\/wpml.org\/pt-br\/wp-json\/wp\/v2\/related-projects-category?post=15434274"}],"curies":[{"name":"wp","href":"https:\/\/api.w.org\/{rel}","templated":true}]}}