{"id":15648709,"date":"2013-03-21T02:32:04","date_gmt":"2013-03-21T02:32:04","guid":{"rendered":"https:\/\/wpml.org\/documentacao\/por-onde-comecar\/traduzindo-imagens-com-o-wpml-media-translation\/"},"modified":"2025-08-27T06:49:26","modified_gmt":"2025-08-27T06:49:26","slug":"traduzindo-imagens-com-o-wpml-media-translation","status":"publish","type":"page","link":"https:\/\/wpml.org\/pt-br\/documentacao\/por-onde-comecar\/traduzindo-imagens-com-o-wpml-media-translation\/","title":{"rendered":"Como traduzir m\u00eddia com o WPML"},"content":{"rendered":"\n<p class=\"lead\">Com o WPML, voc\u00ea pode traduzir os metadados de imagens, v\u00eddeos e PDFs. Voc\u00ea tamb\u00e9m pode exibir m\u00eddias diferentes em cada idioma. <\/p>\n\n<h2 class=\"wp-block-heading\">Como traduzir informa\u00e7\u00f5es de meta de m\u00eddia<\/h2>\n\n<p>O plugin principal do WPML CMS pode traduzir textos de m\u00eddia como:<\/p>\n\n<ul class=\"wp-block-list\">\n<li>Texto alternativo (alt)<\/li>\n\n\n\n<li>Legendas<\/li>\n\n\n\n<li>Descri\u00e7\u00f5es<\/li>\n\n\n\n<li>T\u00edtulos<\/li>\n<\/ul>\n\n<p>Isso se aplica a todos os tipos de m\u00eddia, incluindo imagens, v\u00eddeos e PDFs no seu conte\u00fado.<\/p>\n\n<p>Para traduzir esses metadados para arquivos de m\u00eddia:<\/p>\n\n<ol class=\"wp-block-list\">\n<li>V\u00e1 para <strong>WPML \u2192 painel de tradu\u00e7\u00e3o<\/strong><\/li>\n\n\n\n<li>Selecione a publica\u00e7\u00e3o ou p\u00e1gina que inclui a m\u00eddia<\/li>\n<\/ol>\n\n<figure class=\"wp-block-image tb-image tb-image-dynamic tb-image-frame-none\" data-toolset-blocks-image=\"c2d2d7ef19a9712bb67b231e0e5fb8c5\"><a href=\"https:\/\/wpml.org\/wp-content\/uploads\/2025\/01\/Sending-a-page-with-an-image-for-translation.png\"><img decoding=\"async\" width=\"1024\" height=\"705\" loading=\"lazy\" src=\"https:\/\/wpml.org\/wp-content\/uploads\/2025\/01\/Sending-a-page-with-an-image-for-translation-1024x705.png\" alt=\"Sending a page with an image for translation\" class=\"wp-image-16589732\" srcset=\"https:\/\/wpml.org\/wp-content\/uploads\/2025\/01\/Sending-a-page-with-an-image-for-translation-1024x705.png 1024w, https:\/\/wpml.org\/wp-content\/uploads\/2025\/01\/Sending-a-page-with-an-image-for-translation-300x207.png 300w, https:\/\/wpml.org\/wp-content\/uploads\/2025\/01\/Sending-a-page-with-an-image-for-translation-150x103.png 150w, https:\/\/wpml.org\/wp-content\/uploads\/2025\/01\/Sending-a-page-with-an-image-for-translation-768x529.png 768w, https:\/\/wpml.org\/wp-content\/uploads\/2025\/01\/Sending-a-page-with-an-image-for-translation-1536x1058.png 1536w, https:\/\/wpml.org\/wp-content\/uploads\/2025\/01\/Sending-a-page-with-an-image-for-translation.png 1600w\" sizes=\"auto, (max-width: 1024px) 100vw, 1024px\" \/><\/a><figcaption><div class=\"tb-image-caption\">Enviando uma p\u00e1gina com uma imagem para tradu\u00e7\u00e3o<\/div><\/figcaption><\/figure>\n\n<ol start=\"3\" class=\"wp-block-list\">\n<li>Envie para tradu\u00e7\u00e3o<\/li>\n<\/ol>\n\n<p>O WPML traduzir\u00e1 seus textos de m\u00eddia junto com o restante do seu conte\u00fado, com r\u00f3tulos claros exibidos no <strong>Editor de tradu\u00e7\u00e3o avan\u00e7ado<\/strong>.<\/p>\n\n<figure class=\"wp-block-image tb-image tb-image-dynamic tb-image-frame-none\" data-toolset-blocks-image=\"5b24b4b664763539d284a899f0cf8136\"><a href=\"https:\/\/wpml.org\/wp-content\/uploads\/2025\/07\/wpml-media-translation-advanced-translation-editor.png\"><img decoding=\"async\" width=\"1024\" height=\"475\" loading=\"lazy\" src=\"https:\/\/wpml.org\/wp-content\/uploads\/2025\/07\/wpml-media-translation-advanced-translation-editor-1024x475.png\" alt=\"\" class=\"wp-image-17231948\" srcset=\"https:\/\/wpml.org\/wp-content\/uploads\/2025\/07\/wpml-media-translation-advanced-translation-editor-1024x475.png 1024w, https:\/\/wpml.org\/wp-content\/uploads\/2025\/07\/wpml-media-translation-advanced-translation-editor-300x139.png 300w, https:\/\/wpml.org\/wp-content\/uploads\/2025\/07\/wpml-media-translation-advanced-translation-editor-150x70.png 150w, https:\/\/wpml.org\/wp-content\/uploads\/2025\/07\/wpml-media-translation-advanced-translation-editor-768x356.png 768w, https:\/\/wpml.org\/wp-content\/uploads\/2025\/07\/wpml-media-translation-advanced-translation-editor-1536x713.png 1536w, https:\/\/wpml.org\/wp-content\/uploads\/2025\/07\/wpml-media-translation-advanced-translation-editor-2048x950.png 2048w\" sizes=\"auto, (max-width: 1024px) 100vw, 1024px\" \/><\/a><figcaption><div class=\"tb-image-caption\">Traduzindo informa\u00e7\u00f5es de meta de imagem no Editor de tradu\u00e7\u00e3o avan\u00e7ado<\/div><\/figcaption><\/figure>\n\n<div style=\"height:10px\" aria-hidden=\"true\" class=\"wp-block-spacer\"><\/div>\n\n<h3 class=\"wp-block-heading\">Garantindo que as informa\u00e7\u00f5es de metadados de m\u00eddia sejam traduzidas automaticamente<\/h3>\n\n<div class=\"wp-block-toolset-blocks-container tb-container\" data-toolset-blocks-container=\"059282e0f1ebc546110ff1cb930ffa9b\">\n<div class=\"wp-block-toolset-blocks-grid tb-grid\" data-toolset-blocks-grid=\"37d19417981b1b97920df56c088840a6\">\n<div class=\"wp-block-toolset-blocks-grid-column tb-grid-column tb-grid-align-top\" data-toolset-blocks-grid-column=\"3034fbe886c11054e95b46b09d3e4112\">\n<div class=\"wp-block-toolset-blocks-container tb-container\" data-toolset-blocks-container=\"c5825f0c4b3f029780c2562e9593100f\"><\/div>\n<\/div>\n\n\n\n<div class=\"wp-block-toolset-blocks-grid-column tb-grid-column tb-grid-align-top\" data-toolset-blocks-grid-column=\"3034fbe886c11054e95b46b09d3e4112\">\n<p class=\"tb-heading has-text-color\" data-toolset-blocks-heading=\"22ef05fdba1cfbe58f04e15160f47403\" data-last-update=\"1.4\">O WPML inclui uma configura\u00e7\u00e3o inteligente que envia automaticamente os textos de m\u00eddia corretos, como texto alt, t\u00edtulos e legendas, para tradu\u00e7\u00e3o.<\/p>\n\n\n\n<p class=\"tb-heading has-text-color\" data-toolset-blocks-heading=\"eb5785bf25c074df5138b25e5c073ded\" data-last-update=\"1.4\">Enquanto esta op\u00e7\u00e3o estiver ativada, voc\u00ea n\u00e3o precisa configurar nenhuma configura\u00e7\u00e3o extra. Os textos de m\u00eddia s\u00e3o traduzidos com o restante do seu conte\u00fado, e seu banco de dados permanece limpo.<br\/>Por padr\u00e3o, esta configura\u00e7\u00e3o est\u00e1 ativada para novos sites. Para garantir que seu site esteja usando-a:  <br\/><\/p>\n\n\n\n<ol class=\"wp-block-list\">\n<li style=\"font-size:16px\">V\u00e1 para <strong>WPML \u2192 configura\u00e7\u00f5es<\/strong><\/li>\n\n\n\n<li style=\"font-size:16px\">Role at\u00e9 a se\u00e7\u00e3o <strong>Media Translation<\/strong><\/li>\n\n\n\n<li style=\"font-size:16px\">Certifique-se de que <strong>Detectar automaticamente as melhores op\u00e7\u00f5es para traduzir textos de imagem<\/strong> esteja ativado<\/li>\n<\/ol>\n\n\n\n<figure class=\"wp-block-image tb-image tb-image-dynamic tb-image-frame-none\" data-toolset-blocks-image=\"ef042c5b854917cc5120475582dd9282\"><a href=\"https:\/\/wpml.org\/wp-content\/uploads\/2025\/07\/wpml-media-translation-option.png\"><img decoding=\"async\" width=\"1024\" height=\"142\" loading=\"lazy\" src=\"https:\/\/wpml.org\/wp-content\/uploads\/2025\/07\/wpml-media-translation-option-1024x142.png\" alt=\"\" class=\"wp-image-17231973\" srcset=\"https:\/\/wpml.org\/wp-content\/uploads\/2025\/07\/wpml-media-translation-option-1024x142.png 1024w, https:\/\/wpml.org\/wp-content\/uploads\/2025\/07\/wpml-media-translation-option-300x42.png 300w, https:\/\/wpml.org\/wp-content\/uploads\/2025\/07\/wpml-media-translation-option-150x21.png 150w, https:\/\/wpml.org\/wp-content\/uploads\/2025\/07\/wpml-media-translation-option-768x106.png 768w, https:\/\/wpml.org\/wp-content\/uploads\/2025\/07\/wpml-media-translation-option-1536x213.png 1536w, https:\/\/wpml.org\/wp-content\/uploads\/2025\/07\/wpml-media-translation-option.png 1950w\" sizes=\"auto, (max-width: 1024px) 100vw, 1024px\" \/><\/a><\/figure>\n<\/div>\n<\/div>\n<\/div>\n\n<h2 class=\"wp-block-heading\">Como exibir diferentes M\u00eddias por idioma<\/h2>\n\n<p>O WPML tamb\u00e9m permite que voc\u00ea exiba imagens, v\u00eddeos ou PDFs diferentes para idiomas diferentes. Isso \u00e9 \u00fatil quando voc\u00ea quer que seus elementos visuais mostrem diferen\u00e7as regionais ou culturais. <\/p>\n\n<p>Para exibir imagens diferentes por idioma, instale e ative o complemento <strong>WPML Media Translation<\/strong>.<\/p>\n\n<div style=\"height:10px\" aria-hidden=\"true\" class=\"wp-block-spacer\"><\/div>\n\n<div class=\"wp-block-buttons is-layout-flex wp-block-buttons-is-layout-flex\">\n<div class=\"wp-block-button\"><a class=\"wp-block-button__link wp-element-button\" href=\"https:\/\/wpml.org\/pt-br\/account\/downloads\/#wpml-media\" style=\"border-radius:5px\">Baixar WPML Media Translation<\/a><\/div>\n<\/div>\n\n<div style=\"height:40px\" aria-hidden=\"true\" class=\"wp-block-spacer\"><\/div>\n\n<p>Uma vez ativado, siga as instru\u00e7\u00f5es para configurar o WPML Media Translation. Voc\u00ea s\u00f3 precisa clicar em um bot\u00e3o e o WPML faz o resto.  Ent\u00e3o:<\/p>\n\n<ol class=\"wp-block-list\">\n<li>V\u00e1 para <strong>WPML \u2192 Painel de Tradu\u00e7\u00e3o<\/strong> e envie o conte\u00fado com sua m\u00eddia para tradu\u00e7\u00e3o.<\/li>\n\n\n\n<li>V\u00e1 para <strong>WPML \u2192 Media Translation<\/strong> e clique no \u00edcone de mais sob o idioma para o qual voc\u00ea deseja usar m\u00eddias diferentes.<\/li>\n\n\n\n<li>Carregue as m\u00eddias diferentes, ajuste suas informa\u00e7\u00f5es meta e salve.<\/li>\n<\/ol>\n<div class=\"wp-block-image\">\n<figure class=\" tb-image tb-image-dynamic tb-image-frame-none aligncenter\" data-toolset-blocks-image=\"97f880281ef65c128d5ef41dd06920d1\"><a href=\"https:\/\/wpml.org\/wp-content\/uploads\/2025\/07\/wpml-media-translation-uploading-different-image.png\"><img decoding=\"async\" width=\"1024\" height=\"665\" loading=\"lazy\" src=\"https:\/\/wpml.org\/wp-content\/uploads\/2025\/07\/wpml-media-translation-uploading-different-image-1024x665.png\" alt=\"\" class=\"wp-image-17232009\" srcset=\"https:\/\/wpml.org\/wp-content\/uploads\/2025\/07\/wpml-media-translation-uploading-different-image-1024x665.png 1024w, https:\/\/wpml.org\/wp-content\/uploads\/2025\/07\/wpml-media-translation-uploading-different-image-300x195.png 300w, https:\/\/wpml.org\/wp-content\/uploads\/2025\/07\/wpml-media-translation-uploading-different-image-150x97.png 150w, https:\/\/wpml.org\/wp-content\/uploads\/2025\/07\/wpml-media-translation-uploading-different-image-768x499.png 768w, https:\/\/wpml.org\/wp-content\/uploads\/2025\/07\/wpml-media-translation-uploading-different-image-1536x998.png 1536w, https:\/\/wpml.org\/wp-content\/uploads\/2025\/07\/wpml-media-translation-uploading-different-image.png 1958w\" sizes=\"auto, (max-width: 1024px) 100vw, 1024px\" \/><\/a><figcaption><div class=\"tb-image-caption\">Substituindo m\u00eddia no Media Translation<\/div><\/figcaption><\/figure>\n<\/div>\n<p>Seu conte\u00fado agora exibir\u00e1 diferentes m\u00eddias em cada idioma. <\/p>\n\n<div class=\"wp-block-toolset-blocks-grid tb-grid\" data-toolset-blocks-grid=\"3d9c399fe625e1b972f817a0680229f6\">\n<div class=\"wp-block-toolset-blocks-grid-column tb-grid-column tb-grid-align-top\" data-toolset-blocks-grid-column=\"3034fbe886c11054e95b46b09d3e4112\">\n<figure class=\"wp-block-image tb-image tb-image-dynamic tb-image-frame-none\" data-toolset-blocks-image=\"1164549c381e81407db538a5e7a96505\"><a href=\"https:\/\/wpml.org\/wp-content\/uploads\/2025\/07\/english-post-with-original-media.png\"><img decoding=\"async\" width=\"1024\" height=\"844\" loading=\"lazy\" src=\"https:\/\/wpml.org\/wp-content\/uploads\/2025\/07\/english-post-with-original-media-1024x844.png\" alt=\"\" class=\"wp-image-17232024\" srcset=\"https:\/\/wpml.org\/wp-content\/uploads\/2025\/07\/english-post-with-original-media-1024x844.png 1024w, https:\/\/wpml.org\/wp-content\/uploads\/2025\/07\/english-post-with-original-media-300x247.png 300w, https:\/\/wpml.org\/wp-content\/uploads\/2025\/07\/english-post-with-original-media-150x124.png 150w, https:\/\/wpml.org\/wp-content\/uploads\/2025\/07\/english-post-with-original-media-768x633.png 768w, https:\/\/wpml.org\/wp-content\/uploads\/2025\/07\/english-post-with-original-media-1536x1267.png 1536w, https:\/\/wpml.org\/wp-content\/uploads\/2025\/07\/english-post-with-original-media-2048x1689.png 2048w\" sizes=\"auto, (max-width: 1024px) 100vw, 1024px\" \/><\/a><figcaption><div class=\"tb-image-caption\">Receita em Ingl\u00eas<\/div><\/figcaption><\/figure>\n<\/div>\n\n\n\n<div class=\"wp-block-toolset-blocks-grid-column tb-grid-column tb-grid-align-top\" data-toolset-blocks-grid-column=\"3034fbe886c11054e95b46b09d3e4112\">\n<figure class=\"wp-block-image tb-image tb-image-dynamic tb-image-frame-none\" data-toolset-blocks-image=\"6bc38bdf7261b0fe5061d90f65c9fc69\"><a href=\"https:\/\/wpml.org\/wp-content\/uploads\/2025\/07\/spanish-post-with-translated-media.png\"><img decoding=\"async\" width=\"1024\" height=\"810\" loading=\"lazy\" src=\"https:\/\/wpml.org\/wp-content\/uploads\/2025\/07\/spanish-post-with-translated-media-1024x810.png\" alt=\"\" class=\"wp-image-17232041\" srcset=\"https:\/\/wpml.org\/wp-content\/uploads\/2025\/07\/spanish-post-with-translated-media-1024x810.png 1024w, https:\/\/wpml.org\/wp-content\/uploads\/2025\/07\/spanish-post-with-translated-media-300x237.png 300w, https:\/\/wpml.org\/wp-content\/uploads\/2025\/07\/spanish-post-with-translated-media-150x119.png 150w, https:\/\/wpml.org\/wp-content\/uploads\/2025\/07\/spanish-post-with-translated-media-768x608.png 768w, https:\/\/wpml.org\/wp-content\/uploads\/2025\/07\/spanish-post-with-translated-media-1536x1215.png 1536w, https:\/\/wpml.org\/wp-content\/uploads\/2025\/07\/spanish-post-with-translated-media-2048x1620.png 2048w\" sizes=\"auto, (max-width: 1024px) 100vw, 1024px\" \/><\/a><figcaption><div class=\"tb-image-caption\">Receita em espanhol<\/div><\/figcaption><\/figure>\n<\/div>\n<\/div>\n\n<div style=\"height:10px\" aria-hidden=\"true\" class=\"wp-block-spacer\"><\/div>\n\n<h2 class=\"wp-block-heading\">Perguntas frequentes<\/h2>\n\n<div id=\"faq\" class=\"wp-block-toolset-blocks-container tb-container\" data-toolset-blocks-container=\"3c47785d6e1708c649124e2fe04a1b68\">\n<div class=\"wp-block-toolset-blocks-container tb-container\" data-toolset-blocks-container=\"40d6b7d75c97be28d62acd5aaafad645\">\n<details class=\"wp-block-details has-dark-gray-color has-text-color is-layout-flow wp-block-details-is-layout-flow\" open><summary><strong>O WPML duplica imagens?<\/strong><\/summary>\n<div class=\"wp-block-toolset-blocks-container tb-container\" data-toolset-blocks-container=\"b55b9e366429f8319ddee947984288b0\">\n<p class=\"tb-heading\" data-toolset-blocks-heading=\"9a15efaa54afc32df94f0ea0e933ff27\" data-last-update=\"1.4\">O WPML <strong>n\u00e3o<\/strong> duplica arquivos de imagem. \u00c0s vezes, ele duplica os textos de m\u00eddia (como texto alt, legendas e t\u00edtulos) ap\u00f3s a tradu\u00e7\u00e3o. <br\/><br\/>Se o WPML precisa duplicar o texto de m\u00eddia, depende de como a m\u00eddia \u00e9 usada no seu conte\u00fado:<br\/><br\/>&#8211; Se o seu construtor de p\u00e1ginas extrai os textos da imagem da Biblioteca de M\u00eddia (como no Elementor, Divi Gallery ou Beaver Builder), o WPML duplica os textos de m\u00eddia durante a tradu\u00e7\u00e3o.<br\/>&#8211; Se os textos s\u00e3o armazenados dentro da p\u00e1gina (como em blocos Gutenberg, m\u00f3dulo de Imagem do Divi ou imagens de produto do WooCommerce), o WPML n\u00e3o os duplica e apenas traduz os textos de m\u00eddia diretamente.<br\/><br\/>Quando a op\u00e7\u00e3o <strong>Detectar automaticamente as melhores op\u00e7\u00f5es para traduzir textos de imagem<\/strong> est\u00e1 ativada, o WPML decide se a duplica\u00e7\u00e3o de texto de m\u00eddia \u00e9 necess\u00e1ria. Voc\u00ea n\u00e3o precisa se preocupar com isso. <br\/><\/p>\n<\/div>\n<\/details>\n<\/div>\n\n\n\n<div class=\"wp-block-toolset-blocks-container tb-container\" data-toolset-blocks-container=\"40d6b7d75c97be28d62acd5aaafad645\">\n<details class=\"wp-block-details has-dark-gray-color has-text-color is-layout-flow wp-block-details-is-layout-flow\"><summary><strong>Posso desativar a configura\u00e7\u00e3o \u201cDetectar automaticamente as melhores op\u00e7\u00f5es para traduzir textos de imagem\u201d e controlar as configura\u00e7\u00f5es de tradu\u00e7\u00e3o de m\u00eddia manualmente?<\/strong><\/summary>\n<div class=\"wp-block-toolset-blocks-container tb-container\" data-toolset-blocks-container=\"b55b9e366429f8319ddee947984288b0\">\n<p class=\"tb-heading\" data-toolset-blocks-heading=\"9a15efaa54afc32df94f0ea0e933ff27\" data-last-update=\"1.4\">Sim, voc\u00ea pode\u2014mas <strong>n\u00e3o<\/strong> \u00e9 recomendado.<br\/><br\/>Quando esta op\u00e7\u00e3o inteligente est\u00e1 ativada, o WPML verifica como cada imagem \u00e9 usada, duplica textos de m\u00eddia apenas quando necess\u00e1rio e somente durante a tradu\u00e7\u00e3o, e envia os textos corretos para tradu\u00e7\u00e3o.<br\/><br\/>Se voc\u00ea desativar isso, voc\u00ea precisar\u00e1 gerenciar todas as configura\u00e7\u00f5es manualmente em <strong>WPML \u2192 Configura\u00e7\u00f5es \u2192 Media Translation<\/strong>. Alterar as configura\u00e7\u00f5es manualmente pode levar a:<br\/>&#8211; Duplica\u00e7\u00e3o desnecess\u00e1ria de textos de imagem, o que usa espa\u00e7o no banco de dados<br\/>&#8211; Campos duplicados no Editor de Tradu\u00e7\u00e3o<br\/>&#8211; Tradu\u00e7\u00f5es ausentes no front-end <br\/><br\/>\u00c9 por isso que recomendamos usar a op\u00e7\u00e3o de detec\u00e7\u00e3o autom\u00e1tica. O WPML resolve isso para voc\u00ea e evita esses problemas completamente. <br\/><span id=\"docs-internal-guid-4d7fa5c0-7fff-f44b-7b8f-4dc1f5dcd09e\"><\/span><\/p>\n\n\n\n<p class=\"tb-heading has-text-color\" data-toolset-blocks-heading=\"98289a89e96ca858c0fcdf8fa716a3f5\" data-last-update=\"1.4\"><\/p>\n<\/div>\n<\/details>\n<\/div>\n\n\n\n<div class=\"wp-block-toolset-blocks-container tb-container\" data-toolset-blocks-container=\"40d6b7d75c97be28d62acd5aaafad645\">\n<details class=\"wp-block-details has-dark-gray-color has-text-color is-layout-flow wp-block-details-is-layout-flow\"><summary><strong>Posso exibir diferentes m\u00eddias em cada idioma com ACF?<\/strong><\/summary>\n<div class=\"wp-block-toolset-blocks-container tb-container\" data-toolset-blocks-container=\"b55b9e366429f8319ddee947984288b0\">\n<p class=\"tb-heading\" data-toolset-blocks-heading=\"9a15efaa54afc32df94f0ea0e933ff27\" data-last-update=\"1.4\">Sim, voc\u00ea pode exibir diferentes m\u00eddias em cada idioma com ACF. Consulte nosso <a href=\"https:\/\/wpml.org\/documentation\/related-projects\/translate-sites-built-with-acf\/how-to-use-different-files-and-images-across-languages-with-acf-and-wpml\/\">tutorial ACF<\/a> para aprender como fazer isso. <\/p>\n<\/div>\n<\/details>\n<\/div>\n<\/div>\n","protected":false},"excerpt":{"rendered":"<p>Com o WPML, voc\u00ea pode traduzir os metadados de imagens, v\u00eddeos e PDFs. Voc\u00ea tamb\u00e9m pode exibir m\u00eddias diferentes em cada idioma. Como traduzir informa\u00e7\u00f5es de meta de m\u00eddia O plugin principal do WPML CMS pode traduzir textos de m\u00eddia como: Isso se aplica a todos os tipos de m\u00eddia, incluindo imagens, v\u00eddeos e PDFs [&hellip;]<\/p>\n","protected":false},"author":2,"featured_media":0,"parent":98409,"menu_order":55,"comment_status":"closed","ping_status":"closed","template":"template-sidebar-2.php","meta":{"_bbp_topic_count":0,"_bbp_reply_count":0,"_bbp_total_topic_count":0,"_bbp_total_reply_count":0,"_bbp_voice_count":0,"_bbp_anonymous_reply_count":0,"_bbp_topic_count_hidden":0,"_bbp_reply_count_hidden":0,"_bbp_forum_subforum_count":0,"_uag_custom_page_level_css":"","ep_exclude_from_search":false,"footnotes":""},"related-projects-category":[],"class_list":["post-15648709","page","type-page","status-publish","hentry"],"spectra_custom_meta":{"ratings_users":["0"],"ratings_score":["0"],"ratings_average":["0"],"_subscription_coupon_product_id":["0"],"_wpv_contains_gutenberg_views":[""],"_alp_processed":["1756277366"],"_views_template":["0"],"wpcf-unformatted-code":[""],"_wpml_media_duplicate":["1"],"_wpml_media_featured":["1"],"toolset_post_editor_mode":["block"],"wpcf-price-increase-show-from":[""],"wpcf-price-increase-show-till":[""],"_wp_page_template":["template-sidebar-2.php"],"_last_translation_edit_mode":["translation-editor"],"_wpml_word_count":["779"],"cmplz_hide_cookiebanner":[""],"wpcf-price-increase-content":[""],"wpcf-relevant-forum-documentation":["1"],"wpcf-login-box-title":[""],"wpcf-page-content":[""],"_yoast_wpseo_primary_related-projects-category":[""],"_yoast_wpseo_title":["%%title%%"],"_yoast_wpseo_metadesc":["Com o WPML, voc\u00ea pode traduzir os metadados de imagens, v\u00eddeos e PDFs. Voc\u00ea tamb\u00e9m pode exibir m\u00eddias diferentes em cada idioma."],"_oembed_8b192c37df925cacb831b3922e69595d":["<iframe title=\"Using WPML To Translate Pages Built With Fusion Builder (Avada Theme)\" width=\"700\" height=\"394\" src=\"https:\/\/www.youtube.com\/embed\/_bNqjjBPdGA?feature=oembed&enablejsapi=1&origin=https:\/\/wpml.org\" frameborder=\"0\" allow=\"accelerometer; autoplay; clipboard-write; encrypted-media; gyroscope; picture-in-picture; web-share\" referrerpolicy=\"strict-origin-when-cross-origin\" allowfullscreen><\/iframe>"],"_oembed_time_8b192c37df925cacb831b3922e69595d":["1758650182"],"_oembed_bbf56b1d4c25ce11481afba39f176f85":["{{unknown}}"],"_uag_css_file_name":["uag-css-15648709.css"],"_uag_page_assets":["a:9:{s:3:\"css\";s:260:\".uag-blocks-common-selector{z-index:var(--z-index-desktop) !important}@media(max-width: 976px){.uag-blocks-common-selector{z-index:var(--z-index-tablet) !important}}@media(max-width: 767px){.uag-blocks-common-selector{z-index:var(--z-index-mobile) !important}}\";s:2:\"js\";s:0:\"\";s:18:\"current_block_list\";a:14:{i:0;s:14:\"core\/paragraph\";i:1;s:12:\"core\/heading\";i:2;s:9:\"core\/list\";i:3;s:14:\"core\/list-item\";i:4;s:20:\"toolset-blocks\/image\";i:5;s:11:\"core\/spacer\";i:6;s:24:\"toolset-blocks\/container\";i:7;s:19:\"toolset-blocks\/grid\";i:8;s:26:\"toolset-blocks\/grid-column\";i:10;s:22:\"toolset-blocks\/heading\";i:11;s:12:\"core\/buttons\";i:12;s:11:\"core\/button\";i:15;s:12:\"core\/details\";i:16;s:14:\"core\/shortcode\";}s:8:\"uag_flag\";b:0;s:11:\"uag_version\";s:10:\"1778756019\";s:6:\"gfonts\";a:0:{}s:10:\"gfonts_url\";s:0:\"\";s:12:\"gfonts_files\";a:0:{}s:14:\"uag_faq_layout\";b:0;}"]},"uagb_featured_image_src":{"full":false,"thumbnail":false,"medium":false,"medium_large":false,"large":false,"1536x1536":false,"2048x2048":false,"gform-image-choice-sm":false,"gform-image-choice-md":false,"gform-image-choice-lg":false,"woocommerce_thumbnail":false,"woocommerce_single":false,"woocommerce_gallery_thumbnail":false},"uagb_author_info":{"display_name":"Amir","author_link":"https:\/\/wpml.org\/pt-br\/author\/amir\/"},"uagb_comment_info":0,"uagb_excerpt":"Com o WPML, voc\u00ea pode traduzir os metadados de imagens, v\u00eddeos e PDFs. Voc\u00ea tamb\u00e9m pode exibir m\u00eddias diferentes em cada idioma. Como traduzir informa\u00e7\u00f5es de meta de m\u00eddia O plugin principal do WPML CMS pode traduzir textos de m\u00eddia como: Isso se aplica a todos os tipos de m\u00eddia, incluindo imagens, v\u00eddeos e PDFs&hellip;","_links":{"self":[{"href":"https:\/\/wpml.org\/pt-br\/wp-json\/wp\/v2\/pages\/15648709","targetHints":{"allow":["GET"]}}],"collection":[{"href":"https:\/\/wpml.org\/pt-br\/wp-json\/wp\/v2\/pages"}],"about":[{"href":"https:\/\/wpml.org\/pt-br\/wp-json\/wp\/v2\/types\/page"}],"author":[{"embeddable":true,"href":"https:\/\/wpml.org\/pt-br\/wp-json\/wp\/v2\/users\/2"}],"replies":[{"embeddable":true,"href":"https:\/\/wpml.org\/pt-br\/wp-json\/wp\/v2\/comments?post=15648709"}],"version-history":[{"count":8,"href":"https:\/\/wpml.org\/pt-br\/wp-json\/wp\/v2\/pages\/15648709\/revisions"}],"predecessor-version":[{"id":17350070,"href":"https:\/\/wpml.org\/pt-br\/wp-json\/wp\/v2\/pages\/15648709\/revisions\/17350070"}],"up":[{"embeddable":true,"href":"https:\/\/wpml.org\/pt-br\/wp-json\/wp\/v2\/pages\/98409"}],"wp:attachment":[{"href":"https:\/\/wpml.org\/pt-br\/wp-json\/wp\/v2\/media?parent=15648709"}],"wp:term":[{"taxonomy":"related-projects-category","embeddable":true,"href":"https:\/\/wpml.org\/pt-br\/wp-json\/wp\/v2\/related-projects-category?post=15648709"}],"curies":[{"name":"wp","href":"https:\/\/api.w.org\/{rel}","templated":true}]}}