{"id":15648759,"date":"2024-05-21T08:31:50","date_gmt":"2024-05-21T08:31:50","guid":{"rendered":"https:\/\/wpml.org\/documentacao\/por-onde-comecar\/configuracao-de-idiomas\/como-adicionar-idiomas-no-wpml\/"},"modified":"2024-05-21T08:31:53","modified_gmt":"2024-05-21T08:31:53","slug":"como-adicionar-idiomas-no-wpml","status":"publish","type":"page","link":"https:\/\/wpml.org\/pt-br\/documentacao\/por-onde-comecar\/configuracao-de-idiomas\/como-adicionar-idiomas-no-wpml\/","title":{"rendered":"Como adicionar idiomas no WPML"},"content":{"rendered":"\n<p class=\"lead\">WPML permite que voc\u00ea adicione mais idiomas ao seu site a qualquer momento. Saiba como adicionar idiomas pr\u00e9-configurados ou seu pr\u00f3prio idioma personalizado.  <\/p>\n\n<p>Por padr\u00e3o, WPML vem com <a href=\"https:\/\/wpml.org\/pt-br\/documentacao\/por-onde-comecar\/configuracao-de-idiomas\/linguas-pre-configuradas\/\">65 idiomas pr\u00e9-configurados<\/a>. Isso inclui idiomas populares, como espanhol, franc\u00eas e alem\u00e3o, al\u00e9m de idiomas mais exclusivos, como chin\u00eas, japon\u00eas e \u00e1rabe.  <\/p>\n\n<p>Se quiser adicionar um idioma n\u00e3o dispon\u00edvel no WPML por padr\u00e3o, voc\u00ea pode criar um idioma personalizado.  <\/p>\n\n<h2 class=\"wp-block-heading\">Adicionar idiomas pr\u00e9-configurados<\/h2>\n\n<p>Para adicionar idiomas pr\u00e9-configurados no WPML:  <\/p>\n\n<ol class=\"wp-block-list\">\n<li>V\u00e1 para WPML \u2192 Idiomas. <\/li>\n\n\n\n<li>Em <strong>Idiomas do site<\/strong>, clique em <strong>Adicionar \/ Remover idiomas<\/strong>.  <\/li>\n\n\n\n<li>Selecione os idiomas que voc\u00ea deseja adicionar e salve.<\/li>\n<\/ol>\n\n<h2 class=\"wp-block-heading\">Adicionar idiomas personalizados<\/h2>\n\n<p>Para adicionar idiomas personalizados no WPML:  <\/p>\n\n<ol class=\"wp-block-list\">\n<li>V\u00e1 para WPML \u2192 Idiomas. <\/li>\n\n\n\n<li>Em <strong>Idiomas do site<\/strong>, clique em <strong>Editar idiomas<\/strong>.  <\/li>\n\n\n\n<li>Role a tela para baixo e clique em <strong>Add Language (Adicionar idioma<\/strong>).<\/li>\n\n\n\n<li>Digite os detalhes do idioma personalizado e salve.<\/li>\n<\/ol>\n\n<figure class=\"wp-block-image tb-image tb-image-dynamic tb-image-frame-none\" data-toolset-blocks-image=\"7ce363cda8ba7114471d6371f3e83b28\"><a href=\"https:\/\/wpml.org\/wp-content\/uploads\/2024\/05\/Adding-custom-language.png\"><img decoding=\"async\" width=\"1024\" height=\"572\" loading=\"lazy\" src=\"https:\/\/wpml.org\/wp-content\/uploads\/2024\/05\/Adding-custom-language-1024x572.png\" alt=\"Adding custom languages in WPML\" class=\"wp-image-15633949\" srcset=\"https:\/\/wpml.org\/wp-content\/uploads\/2024\/05\/Adding-custom-language-1024x572.png 1024w, https:\/\/wpml.org\/wp-content\/uploads\/2024\/05\/Adding-custom-language-300x168.png 300w, https:\/\/wpml.org\/wp-content\/uploads\/2024\/05\/Adding-custom-language-150x84.png 150w, https:\/\/wpml.org\/wp-content\/uploads\/2024\/05\/Adding-custom-language-768x429.png 768w, https:\/\/wpml.org\/wp-content\/uploads\/2024\/05\/Adding-custom-language-1536x858.png 1536w, https:\/\/wpml.org\/wp-content\/uploads\/2024\/05\/Adding-custom-language.png 1885w\" sizes=\"auto, (max-width: 1024px) 100vw, 1024px\" \/><\/a><figcaption><div class=\"tb-image-caption\">Adicionando idiomas personalizados no WPML<\/div><\/figcaption><\/figure>\n\n<h2 class=\"wp-block-heading\">Tradu\u00e7\u00e3o autom\u00e1tica para idiomas personalizados<\/h2>\n\n<p>Embora os mecanismos de tradu\u00e7\u00e3o ofere\u00e7am suporte a muitos idiomas e dialetos, alguns idiomas personalizados podem n\u00e3o estar dispon\u00edveis. Nesses casos, voc\u00ea tem duas op\u00e7\u00f5es:  <\/p>\n\n<ul class=\"wp-block-list\">\n<li>Traduzir manualmente por voc\u00ea mesmo<\/li>\n\n\n\n<li>Traduzir automaticamente para um idioma semelhante<\/li>\n<\/ul>\n\n<p>Por exemplo, digamos que voc\u00ea tenha criado um idioma personalizado chamado su\u00ed\u00e7o-alem\u00e3o. Como \u00e9 semelhante ao alem\u00e3o, voc\u00ea pode primeiro traduzir automaticamente seu conte\u00fado para o alem\u00e3o e, em seguida, editar as tradu\u00e7\u00f5es para refletir as nuances locais da Su\u00ed\u00e7a.  <\/p>\n\n<p>Voc\u00ea pode especificar para qual idioma WPML deve traduzir automaticamente na coluna <strong>Mapeamento de idioma<\/strong>.  <\/p>\n","protected":false},"excerpt":{"rendered":"<p>WPML permite que voc\u00ea adicione mais idiomas ao seu site a qualquer momento. Saiba como adicionar idiomas pr\u00e9-configurados ou seu pr\u00f3prio idioma personalizado. Por padr\u00e3o, WPML vem com 65 idiomas pr\u00e9-configurados. Isso inclui idiomas populares, como espanhol, franc\u00eas e alem\u00e3o, al\u00e9m de idiomas mais exclusivos, como chin\u00eas, japon\u00eas e \u00e1rabe. Se quiser adicionar um idioma [&hellip;]<\/p>\n","protected":false},"author":2,"featured_media":0,"parent":100360,"menu_order":28,"comment_status":"closed","ping_status":"closed","template":"","meta":{"_bbp_topic_count":0,"_bbp_reply_count":0,"_bbp_total_topic_count":0,"_bbp_total_reply_count":0,"_bbp_voice_count":0,"_bbp_anonymous_reply_count":0,"_bbp_topic_count_hidden":0,"_bbp_reply_count_hidden":0,"_bbp_forum_subforum_count":0,"_uag_custom_page_level_css":"","ep_exclude_from_search":false,"footnotes":""},"related-projects-category":[],"class_list":["post-15648759","page","type-page","status-publish","hentry"],"spectra_custom_meta":{"ratings_users":["0"],"ratings_score":["0"],"ratings_average":["0"],"_subscription_coupon_product_id":["0"],"_wpv_contains_gutenberg_views":[""],"_alp_processed":["1716280314"],"_views_template":["0"],"wpcf-unformatted-code":[""],"_wpml_media_duplicate":["0"],"_wpml_media_featured":["1"],"toolset_post_editor_mode":["block"],"wpcf-price-increase-show-from":[""],"wpcf-price-increase-show-till":[""],"_wp_page_template":["default"],"_yoast_wpseo_title":["%%title%% %%page%%"],"_yoast_wpseo_metadesc":["WPML permite que voc\u00ea adicione mais idiomas ao seu site a qualquer momento. Saiba como adicionar idiomas pr\u00e9-configurados ou seu pr\u00f3prio idioma personalizado."],"_yoast_wpseo_focuskw":["adicionar idiomas wpml"],"_last_translation_edit_mode":["translation-editor"],"_uagb_previous_block_counts":["a:90:{s:21:\"uagb\/advanced-heading\";i:0;s:15:\"uagb\/blockquote\";i:0;s:12:\"uagb\/buttons\";i:0;s:18:\"uagb\/buttons-child\";i:0;s:19:\"uagb\/call-to-action\";i:0;s:15:\"uagb\/cf7-styler\";i:0;s:11:\"uagb\/column\";i:0;s:12:\"uagb\/columns\";i:0;s:14:\"uagb\/container\";i:0;s:21:\"uagb\/content-timeline\";i:0;s:27:\"uagb\/content-timeline-child\";i:0;s:14:\"uagb\/countdown\";i:0;s:12:\"uagb\/counter\";i:0;s:8:\"uagb\/faq\";i:0;s:14:\"uagb\/faq-child\";i:0;s:10:\"uagb\/forms\";i:0;s:17:\"uagb\/forms-accept\";i:0;s:19:\"uagb\/forms-checkbox\";i:0;s:15:\"uagb\/forms-date\";i:0;s:16:\"uagb\/forms-email\";i:0;s:17:\"uagb\/forms-hidden\";i:0;s:15:\"uagb\/forms-name\";i:0;s:16:\"uagb\/forms-phone\";i:0;s:16:\"uagb\/forms-radio\";i:0;s:17:\"uagb\/forms-select\";i:0;s:19:\"uagb\/forms-textarea\";i:0;s:17:\"uagb\/forms-toggle\";i:0;s:14:\"uagb\/forms-url\";i:0;s:14:\"uagb\/gf-styler\";i:0;s:15:\"uagb\/google-map\";i:0;s:11:\"uagb\/how-to\";i:0;s:16:\"uagb\/how-to-step\";i:0;s:9:\"uagb\/icon\";i:0;s:14:\"uagb\/icon-list\";i:0;s:20:\"uagb\/icon-list-child\";i:0;s:10:\"uagb\/image\";i:0;s:18:\"uagb\/image-gallery\";i:0;s:13:\"uagb\/info-box\";i:0;s:18:\"uagb\/inline-notice\";i:0;s:11:\"uagb\/lottie\";i:0;s:21:\"uagb\/marketing-button\";i:0;s:10:\"uagb\/modal\";i:0;s:18:\"uagb\/popup-builder\";i:0;s:16:\"uagb\/post-button\";i:0;s:18:\"uagb\/post-carousel\";i:0;s:17:\"uagb\/post-excerpt\";i:0;s:14:\"uagb\/post-grid\";i:0;s:15:\"uagb\/post-image\";i:0;s:17:\"uagb\/post-masonry\";i:0;s:14:\"uagb\/post-meta\";i:0;s:18:\"uagb\/post-taxonomy\";i:0;s:18:\"uagb\/post-timeline\";i:0;s:15:\"uagb\/post-title\";i:0;s:20:\"uagb\/restaurant-menu\";i:0;s:26:\"uagb\/restaurant-menu-child\";i:0;s:11:\"uagb\/review\";i:0;s:12:\"uagb\/section\";i:0;s:14:\"uagb\/separator\";i:0;s:11:\"uagb\/slider\";i:0;s:17:\"uagb\/slider-child\";i:0;s:17:\"uagb\/social-share\";i:0;s:23:\"uagb\/social-share-child\";i:0;s:16:\"uagb\/star-rating\";i:0;s:23:\"uagb\/sure-cart-checkout\";i:0;s:22:\"uagb\/sure-cart-product\";i:0;s:15:\"uagb\/sure-forms\";i:0;s:22:\"uagb\/table-of-contents\";i:0;s:9:\"uagb\/tabs\";i:0;s:15:\"uagb\/tabs-child\";i:0;s:18:\"uagb\/taxonomy-list\";i:0;s:9:\"uagb\/team\";i:0;s:16:\"uagb\/testimonial\";i:0;s:14:\"uagb\/wp-search\";i:0;s:19:\"uagb\/instagram-feed\";i:0;s:10:\"uagb\/login\";i:0;s:17:\"uagb\/loop-builder\";i:0;s:18:\"uagb\/loop-category\";i:0;s:20:\"uagb\/loop-pagination\";i:0;s:15:\"uagb\/loop-reset\";i:0;s:16:\"uagb\/loop-search\";i:0;s:14:\"uagb\/loop-sort\";i:0;s:17:\"uagb\/loop-wrapper\";i:0;s:13:\"uagb\/register\";i:0;s:19:\"uagb\/register-email\";i:0;s:24:\"uagb\/register-first-name\";i:0;s:23:\"uagb\/register-last-name\";i:0;s:22:\"uagb\/register-password\";i:0;s:30:\"uagb\/register-reenter-password\";i:0;s:19:\"uagb\/register-terms\";i:0;s:22:\"uagb\/register-username\";i:0;}"],"_uag_css_file_name":["uag-css-15648759.css"],"_uag_page_assets":["a:9:{s:3:\"css\";s:0:\"\";s:2:\"js\";s:0:\"\";s:18:\"current_block_list\";a:6:{i:0;s:14:\"core\/paragraph\";i:1;s:12:\"core\/heading\";i:2;s:9:\"core\/list\";i:3;s:14:\"core\/list-item\";i:4;s:20:\"toolset-blocks\/image\";i:5;s:14:\"core\/shortcode\";}s:8:\"uag_flag\";b:0;s:11:\"uag_version\";s:10:\"1778939435\";s:6:\"gfonts\";a:0:{}s:10:\"gfonts_url\";s:0:\"\";s:12:\"gfonts_files\";a:0:{}s:14:\"uag_faq_layout\";b:0;}"]},"uagb_featured_image_src":{"full":false,"thumbnail":false,"medium":false,"medium_large":false,"large":false,"1536x1536":false,"2048x2048":false,"gform-image-choice-sm":false,"gform-image-choice-md":false,"gform-image-choice-lg":false,"woocommerce_thumbnail":false,"woocommerce_single":false,"woocommerce_gallery_thumbnail":false},"uagb_author_info":{"display_name":"Amir","author_link":"https:\/\/wpml.org\/pt-br\/author\/amir\/"},"uagb_comment_info":0,"uagb_excerpt":"WPML permite que voc\u00ea adicione mais idiomas ao seu site a qualquer momento. Saiba como adicionar idiomas pr\u00e9-configurados ou seu pr\u00f3prio idioma personalizado. Por padr\u00e3o, WPML vem com 65 idiomas pr\u00e9-configurados. Isso inclui idiomas populares, como espanhol, franc\u00eas e alem\u00e3o, al\u00e9m de idiomas mais exclusivos, como chin\u00eas, japon\u00eas e \u00e1rabe. Se quiser adicionar um idioma&hellip;","_links":{"self":[{"href":"https:\/\/wpml.org\/pt-br\/wp-json\/wp\/v2\/pages\/15648759","targetHints":{"allow":["GET"]}}],"collection":[{"href":"https:\/\/wpml.org\/pt-br\/wp-json\/wp\/v2\/pages"}],"about":[{"href":"https:\/\/wpml.org\/pt-br\/wp-json\/wp\/v2\/types\/page"}],"author":[{"embeddable":true,"href":"https:\/\/wpml.org\/pt-br\/wp-json\/wp\/v2\/users\/2"}],"replies":[{"embeddable":true,"href":"https:\/\/wpml.org\/pt-br\/wp-json\/wp\/v2\/comments?post=15648759"}],"version-history":[{"count":2,"href":"https:\/\/wpml.org\/pt-br\/wp-json\/wp\/v2\/pages\/15648759\/revisions"}],"predecessor-version":[{"id":15648763,"href":"https:\/\/wpml.org\/pt-br\/wp-json\/wp\/v2\/pages\/15648759\/revisions\/15648763"}],"up":[{"embeddable":true,"href":"https:\/\/wpml.org\/pt-br\/wp-json\/wp\/v2\/pages\/100360"}],"wp:attachment":[{"href":"https:\/\/wpml.org\/pt-br\/wp-json\/wp\/v2\/media?parent=15648759"}],"wp:term":[{"taxonomy":"related-projects-category","embeddable":true,"href":"https:\/\/wpml.org\/pt-br\/wp-json\/wp\/v2\/related-projects-category?post=15648759"}],"curies":[{"name":"wp","href":"https:\/\/api.w.org\/{rel}","templated":true}]}}