{"id":15653559,"date":"2024-05-22T06:31:13","date_gmt":"2024-05-22T06:31:13","guid":{"rendered":"https:\/\/wpml.org\/documentacao\/por-onde-comecar\/configuracao-de-idiomas\/ativacao-de-um-cookie-de-idioma-para-oferecer-suporte-a-filtragem-ajax\/"},"modified":"2024-05-22T06:31:16","modified_gmt":"2024-05-22T06:31:16","slug":"ativacao-de-um-cookie-de-idioma-para-oferecer-suporte-a-filtragem-ajax","status":"publish","type":"page","link":"https:\/\/wpml.org\/pt-br\/documentacao\/por-onde-comecar\/configuracao-de-idiomas\/ativacao-de-um-cookie-de-idioma-para-oferecer-suporte-a-filtragem-ajax\/","title":{"rendered":"Ativa\u00e7\u00e3o de um cookie de idioma para oferecer suporte \u00e0 filtragem AJAX"},"content":{"rendered":"\n<p class=\"lead\">WPML Multilingual &#038; Multicurrency for WooCommerce e alguns temas e plug-ins precisam executar chamadas AJAX no front-end com base nas informa\u00e7\u00f5es de idioma. Para isso, talvez voc\u00ea precise ativar um cookie de idioma que ofere\u00e7a suporte \u00e0 filtragem AJAX.<\/p>\n\n<p>Para ativar as informa\u00e7\u00f5es de idioma para as chamadas AJAX de front-end, v\u00e1 para <strong>WPML<\/strong> \u2192 <strong>Idiomas<\/strong> e role a tela para baixo at\u00e9 a se\u00e7\u00e3o <strong>Filtragem de idioma para opera\u00e7\u00f5es AJAX <\/strong>. Nesse ponto, marque a op\u00e7\u00e3o <strong>Armazenar um cookie de idioma para oferecer suporte \u00e0 filtragem de idioma para AJAX<\/strong>.<\/p>\n<div class=\"wp-block-image\">\n<figure class=\" tb-image tb-image-dynamic tb-image-frame-none aligncenter\" data-toolset-blocks-image=\"140e5ba8514a71e257816c8fb2c5964a\"><a href=\"https:\/\/wpml.org\/wp-content\/uploads\/2017\/06\/wpml-store-a-language-cookie-to-support-language-filtering-for-AJAX.png\"><img decoding=\"async\" width=\"950\" height=\"137\" loading=\"lazy\" src=\"https:\/\/wpml.org\/wp-content\/uploads\/2017\/06\/wpml-store-a-language-cookie-to-support-language-filtering-for-AJAX.png\" alt=\"Enabling the language cookie that supports AJAX filtering on the front-end\" class=\"wp-image-1305345\" srcset=\"https:\/\/wpml.org\/wp-content\/uploads\/2017\/06\/wpml-store-a-language-cookie-to-support-language-filtering-for-AJAX.png 950w, https:\/\/wpml.org\/wp-content\/uploads\/2017\/06\/wpml-store-a-language-cookie-to-support-language-filtering-for-AJAX-150x22.png 150w, https:\/\/wpml.org\/wp-content\/uploads\/2017\/06\/wpml-store-a-language-cookie-to-support-language-filtering-for-AJAX-300x43.png 300w, https:\/\/wpml.org\/wp-content\/uploads\/2017\/06\/wpml-store-a-language-cookie-to-support-language-filtering-for-AJAX-768x111.png 768w\" sizes=\"auto, (max-width: 950px) 100vw, 950px\" \/><\/a><figcaption><div class=\"tb-image-caption\">Ativar o cookie de idioma que oferece suporte \u00e0 filtragem AJAX no front-end<\/div><\/figcaption><\/figure>\n<\/div>\n<p>Agora, WPML definir\u00e1 um cookie usando JavaScript, o que permite que ele retorne o conte\u00fado correto para opera\u00e7\u00f5es AJAX.<\/p>\n\n<p>\u00c9 assim que isso funciona para os visitantes:<\/p>\n\n<ul class=\"wp-block-list\"><li>Para os usu\u00e1rios que est\u00e3o conectados, nada muda e essa configura\u00e7\u00e3o n\u00e3o \u00e9 aplicada. O cookie de idioma \u00e9 salvo normalmente usando PHP.<\/li><li>Para usu\u00e1rios que n\u00e3o est\u00e3o conectados, WPML verifica se essa configura\u00e7\u00e3o est\u00e1 ativada e, se estiver, o cookie de idioma \u00e9 definido usando JavaScript. Isso permite que WPML defina o cookie de idioma mesmo que o site esteja em cache.<\/li><\/ul>\n\n<p>Se voc\u00ea usa WPML 4.5 ou posterior, essa configura\u00e7\u00e3o \u00e9 ativada por padr\u00e3o. Se voc\u00ea perceber que ele interfere no seu plug-in de cache, poder\u00e1 desativ\u00e1-lo seguindo as mesmas etapas detalhadas acima.<\/p>\n","protected":false},"excerpt":{"rendered":"<p>WPML Multilingual &#038; Multicurrency for WooCommerce e alguns temas e plug-ins precisam executar chamadas AJAX no front-end com base nas informa\u00e7\u00f5es de idioma. Para isso, talvez voc\u00ea precise ativar um cookie de idioma que ofere\u00e7a suporte \u00e0 filtragem AJAX. Para ativar as informa\u00e7\u00f5es de idioma para as chamadas AJAX de front-end, v\u00e1 para WPML \u2192 [&hellip;]<\/p>\n","protected":false},"author":76577,"featured_media":0,"parent":100360,"menu_order":79,"comment_status":"closed","ping_status":"closed","template":"","meta":{"_bbp_topic_count":0,"_bbp_reply_count":0,"_bbp_total_topic_count":0,"_bbp_total_reply_count":0,"_bbp_voice_count":0,"_bbp_anonymous_reply_count":0,"_bbp_topic_count_hidden":0,"_bbp_reply_count_hidden":0,"_bbp_forum_subforum_count":0,"_uag_custom_page_level_css":"","ep_exclude_from_search":false,"footnotes":""},"related-projects-category":[],"class_list":["post-15653559","page","type-page","status-publish","hentry"],"spectra_custom_meta":{"ratings_users":["0"],"ratings_score":["0"],"ratings_average":["0"],"_subscription_coupon_product_id":["0"],"_wpv_contains_gutenberg_views":[""],"_alp_processed":["1716359476"],"_views_template":["0"],"wpcf-unformatted-code":[""],"_wpml_media_duplicate":["1"],"_wpml_media_featured":["1"],"toolset_post_editor_mode":["block"],"wpcf-price-increase-show-from":[""],"wpcf-price-increase-show-till":[""],"_wp_page_template":["default"],"_last_translation_edit_mode":["translation-editor"],"_uagb_previous_block_counts":["a:90:{s:21:\"uagb\/advanced-heading\";i:0;s:15:\"uagb\/blockquote\";i:0;s:12:\"uagb\/buttons\";i:0;s:18:\"uagb\/buttons-child\";i:0;s:19:\"uagb\/call-to-action\";i:0;s:15:\"uagb\/cf7-styler\";i:0;s:11:\"uagb\/column\";i:0;s:12:\"uagb\/columns\";i:0;s:14:\"uagb\/container\";i:0;s:21:\"uagb\/content-timeline\";i:0;s:27:\"uagb\/content-timeline-child\";i:0;s:14:\"uagb\/countdown\";i:0;s:12:\"uagb\/counter\";i:0;s:8:\"uagb\/faq\";i:0;s:14:\"uagb\/faq-child\";i:0;s:10:\"uagb\/forms\";i:0;s:17:\"uagb\/forms-accept\";i:0;s:19:\"uagb\/forms-checkbox\";i:0;s:15:\"uagb\/forms-date\";i:0;s:16:\"uagb\/forms-email\";i:0;s:17:\"uagb\/forms-hidden\";i:0;s:15:\"uagb\/forms-name\";i:0;s:16:\"uagb\/forms-phone\";i:0;s:16:\"uagb\/forms-radio\";i:0;s:17:\"uagb\/forms-select\";i:0;s:19:\"uagb\/forms-textarea\";i:0;s:17:\"uagb\/forms-toggle\";i:0;s:14:\"uagb\/forms-url\";i:0;s:14:\"uagb\/gf-styler\";i:0;s:15:\"uagb\/google-map\";i:0;s:11:\"uagb\/how-to\";i:0;s:16:\"uagb\/how-to-step\";i:0;s:9:\"uagb\/icon\";i:0;s:14:\"uagb\/icon-list\";i:0;s:20:\"uagb\/icon-list-child\";i:0;s:10:\"uagb\/image\";i:0;s:18:\"uagb\/image-gallery\";i:0;s:13:\"uagb\/info-box\";i:0;s:18:\"uagb\/inline-notice\";i:0;s:11:\"uagb\/lottie\";i:0;s:21:\"uagb\/marketing-button\";i:0;s:10:\"uagb\/modal\";i:0;s:18:\"uagb\/popup-builder\";i:0;s:16:\"uagb\/post-button\";i:0;s:18:\"uagb\/post-carousel\";i:0;s:17:\"uagb\/post-excerpt\";i:0;s:14:\"uagb\/post-grid\";i:0;s:15:\"uagb\/post-image\";i:0;s:17:\"uagb\/post-masonry\";i:0;s:14:\"uagb\/post-meta\";i:0;s:18:\"uagb\/post-taxonomy\";i:0;s:18:\"uagb\/post-timeline\";i:0;s:15:\"uagb\/post-title\";i:0;s:20:\"uagb\/restaurant-menu\";i:0;s:26:\"uagb\/restaurant-menu-child\";i:0;s:11:\"uagb\/review\";i:0;s:12:\"uagb\/section\";i:0;s:14:\"uagb\/separator\";i:0;s:11:\"uagb\/slider\";i:0;s:17:\"uagb\/slider-child\";i:0;s:17:\"uagb\/social-share\";i:0;s:23:\"uagb\/social-share-child\";i:0;s:16:\"uagb\/star-rating\";i:0;s:23:\"uagb\/sure-cart-checkout\";i:0;s:22:\"uagb\/sure-cart-product\";i:0;s:15:\"uagb\/sure-forms\";i:0;s:22:\"uagb\/table-of-contents\";i:0;s:9:\"uagb\/tabs\";i:0;s:15:\"uagb\/tabs-child\";i:0;s:18:\"uagb\/taxonomy-list\";i:0;s:9:\"uagb\/team\";i:0;s:16:\"uagb\/testimonial\";i:0;s:14:\"uagb\/wp-search\";i:0;s:19:\"uagb\/instagram-feed\";i:0;s:10:\"uagb\/login\";i:0;s:17:\"uagb\/loop-builder\";i:0;s:18:\"uagb\/loop-category\";i:0;s:20:\"uagb\/loop-pagination\";i:0;s:15:\"uagb\/loop-reset\";i:0;s:16:\"uagb\/loop-search\";i:0;s:14:\"uagb\/loop-sort\";i:0;s:17:\"uagb\/loop-wrapper\";i:0;s:13:\"uagb\/register\";i:0;s:19:\"uagb\/register-email\";i:0;s:24:\"uagb\/register-first-name\";i:0;s:23:\"uagb\/register-last-name\";i:0;s:22:\"uagb\/register-password\";i:0;s:30:\"uagb\/register-reenter-password\";i:0;s:19:\"uagb\/register-terms\";i:0;s:22:\"uagb\/register-username\";i:0;}"],"_uag_css_file_name":["uag-css-15653559.css"],"_uag_page_assets":["a:9:{s:3:\"css\";s:260:\".uag-blocks-common-selector{z-index:var(--z-index-desktop) !important}@media(max-width: 976px){.uag-blocks-common-selector{z-index:var(--z-index-tablet) !important}}@media(max-width: 767px){.uag-blocks-common-selector{z-index:var(--z-index-mobile) !important}}\";s:2:\"js\";s:0:\"\";s:18:\"current_block_list\";a:4:{i:0;s:14:\"core\/paragraph\";i:1;s:20:\"toolset-blocks\/image\";i:2;s:9:\"core\/list\";i:3;s:14:\"core\/shortcode\";}s:8:\"uag_flag\";b:0;s:11:\"uag_version\";s:10:\"1778752907\";s:6:\"gfonts\";a:0:{}s:10:\"gfonts_url\";s:0:\"\";s:12:\"gfonts_files\";a:0:{}s:14:\"uag_faq_layout\";b:0;}"]},"uagb_featured_image_src":{"full":false,"thumbnail":false,"medium":false,"medium_large":false,"large":false,"1536x1536":false,"2048x2048":false,"gform-image-choice-sm":false,"gform-image-choice-md":false,"gform-image-choice-lg":false,"woocommerce_thumbnail":false,"woocommerce_single":false,"woocommerce_gallery_thumbnail":false},"uagb_author_info":{"display_name":"Dario","author_link":"https:\/\/wpml.org\/pt-br\/author\/darioh\/"},"uagb_comment_info":0,"uagb_excerpt":"WPML Multilingual &#038; Multicurrency for WooCommerce e alguns temas e plug-ins precisam executar chamadas AJAX no front-end com base nas informa\u00e7\u00f5es de idioma. Para isso, talvez voc\u00ea precise ativar um cookie de idioma que ofere\u00e7a suporte \u00e0 filtragem AJAX. Para ativar as informa\u00e7\u00f5es de idioma para as chamadas AJAX de front-end, v\u00e1 para WPML \u2192&hellip;","_links":{"self":[{"href":"https:\/\/wpml.org\/pt-br\/wp-json\/wp\/v2\/pages\/15653559","targetHints":{"allow":["GET"]}}],"collection":[{"href":"https:\/\/wpml.org\/pt-br\/wp-json\/wp\/v2\/pages"}],"about":[{"href":"https:\/\/wpml.org\/pt-br\/wp-json\/wp\/v2\/types\/page"}],"author":[{"embeddable":true,"href":"https:\/\/wpml.org\/pt-br\/wp-json\/wp\/v2\/users\/76577"}],"replies":[{"embeddable":true,"href":"https:\/\/wpml.org\/pt-br\/wp-json\/wp\/v2\/comments?post=15653559"}],"version-history":[{"count":2,"href":"https:\/\/wpml.org\/pt-br\/wp-json\/wp\/v2\/pages\/15653559\/revisions"}],"predecessor-version":[{"id":15653564,"href":"https:\/\/wpml.org\/pt-br\/wp-json\/wp\/v2\/pages\/15653559\/revisions\/15653564"}],"up":[{"embeddable":true,"href":"https:\/\/wpml.org\/pt-br\/wp-json\/wp\/v2\/pages\/100360"}],"wp:attachment":[{"href":"https:\/\/wpml.org\/pt-br\/wp-json\/wp\/v2\/media?parent=15653559"}],"wp:term":[{"taxonomy":"related-projects-category","embeddable":true,"href":"https:\/\/wpml.org\/pt-br\/wp-json\/wp\/v2\/related-projects-category?post=15653559"}],"curies":[{"name":"wp","href":"https:\/\/api.w.org\/{rel}","templated":true}]}}