{"id":15654268,"date":"2024-05-22T07:20:32","date_gmt":"2024-05-22T07:20:32","guid":{"rendered":"https:\/\/wpml.org\/documentacao\/por-onde-comecar\/configuracao-de-idiomas\/opcoes-de-formato-de-url-de-idioma\/"},"modified":"2024-10-21T15:27:48","modified_gmt":"2024-10-21T15:27:48","slug":"opcoes-de-formato-de-url-de-idioma","status":"publish","type":"page","link":"https:\/\/wpml.org\/pt-br\/documentacao\/por-onde-comecar\/configuracao-de-idiomas\/opcoes-de-formato-de-url-de-idioma\/","title":{"rendered":"Op\u00e7\u00f5es de formato de URL de idioma"},"content":{"rendered":"<p class=\"lead\">WPML oferece a op\u00e7\u00e3o de formatar seus URLs de idioma em dom\u00ednios, diret\u00f3rios ou como par\u00e2metros. Saiba como funciona e descubra o que \u00e9 melhor para voc\u00ea.<\/p>\n<p>WPML permite que voc\u00ea escolha formatar os URLs de idioma do seu site usando um argumento de idioma no URL, em pastas virtuais ou em diferentes dom\u00ednios (ou subdom\u00ednios). Internamente, todos os idiomas s\u00e3o salvos em um banco de dados WordPress, mas para os visitantes os idiomas podem parecer estar em sites diferentes. Voc\u00ea pode escolher o formato desejado ao configurar o WPML pela primeira vez. Se voc\u00ea quiser mudar para um formato diferente ap\u00f3s configurar o WPML, voc\u00ea pode fazer isso indo para <strong>WPML<\/strong> \u2192 <strong>Idiomas<\/strong> e rolando at\u00e9 <strong>Formato de URL de Idioma<\/strong>.<br \/>\nVoc\u00ea pode escolher entre as seguintes op\u00e7\u00f5es: <\/p>\n<ul>\n<li><a href=\"#different-languages-in-directories\">Diferentes idiomas nos diret\u00f3rios<\/a><\/li>\n<li><a href=\"#a-different-domain-per-language\">Um dom\u00ednio diferente por idioma<\/a><\/li>\n<li><a href=\"#language-name-added-as-a-parameter\">Nome do idioma como par\u00e2metro<\/a><\/li>\n<\/ul>\n<p><img decoding=\"async\" style=\"max-width: 100%;\" src=\"https:\/\/cdn.wpml.org\/wp-content\/uploads\/2012\/05\/language-url-options1.png\" alt=\"Op\u00e7\u00f5es de URL de idioma\" width=\"655\"><\/p>\n<p><img decoding=\"async\" src=\"https:\/\/cdn.wpml.org\/wp-content\/themes\/sitepress\/images\/mail\/separator.jpg\" alt=\"\"><\/p>\n<h2>Diferentes idiomas nos diret\u00f3rios<\/h2>\n<p>Quando voc\u00ea habilita idiomas em diret\u00f3rios, est\u00e1 dizendo ao WPML para organizar as tradu\u00e7\u00f5es em algo que parece diferentes pastas virtuais. Por exemplo:<\/p>\n<ul>\n<li>www.example.com<\/li>\n<li>www.example.com\/es\/<\/li>\n<li>www.example.com\/ja\/<\/li>\n<\/ul>\n<p><img decoding=\"async\" src=\"https:\/\/cdn.wpml.org\/wp-content\/uploads\/2013\/09\/language-directories.png\" alt=\"Idiomas em diret\u00f3rios\" width=\"275\" height=\"198\"><\/p>\n<h3>Configura\u00e7\u00f5es do servidor para idiomas em diret\u00f3rios<\/h3>\n<p>Para configurar seus idiomas em diret\u00f3rios, o m\u00f3dulo de reescrita do Apache deve estar ativado. Se voc\u00ea n\u00e3o tiver acesso \u00e0s configura\u00e7\u00f5es do seu servidor, entre em contato com o provedor de hospedagem para solicitar a ativa\u00e7\u00e3o.<\/p>\n<p>Seu site tamb\u00e9m precisa usar uma <a href=\"https:\/\/wordpress.org\/support\/article\/using-permalinks\/#mod_rewrite-pretty-permalinks\">estrutura de permalink &#8220;bonita&#8221;<\/a>. Voc\u00ea pode alterar a estrutura de permalink do seu site nas configura\u00e7\u00f5es do WordPress. <\/p>\n<h3>Erros comuns<\/h3>\n<p>Certifique-se de que voc\u00ea N\u00c3O est\u00e1 fazendo nenhuma das seguintes a\u00e7\u00f5es:<\/p>\n<ul>\n<li><strong>Criando diret\u00f3rios reais no seu site<\/strong><br \/>\nVoc\u00ea n\u00e3o precisa criar diret\u00f3rios reais na sua instala\u00e7\u00e3o do WordPress, ou instalar o WordPress v\u00e1rias vezes. Na verdade, se voc\u00ea fizer isso, os idiomas nos diret\u00f3rios n\u00e3o funcionar\u00e3o.<\/p>\n<p>Esses diret\u00f3rios s\u00e3o virtuais. Eles n\u00e3o existem como qualquer caminho f\u00edsico.<\/li>\n<li><strong>Redirecionando para outros diret\u00f3rios<\/strong><br \/>\nSemelhante \u00e0 cria\u00e7\u00e3o de diret\u00f3rios reais, alguns usu\u00e1rios editam seus arquivos <strong>.htaccess<\/strong> e adicionam regras de redirecionamento. Voc\u00ea n\u00e3o deve fazer isso. WPML cria suas pr\u00f3prias regras de redirecionamento dinamicamente.<\/li>\n<\/ul>\n<p>Para obter mais dicas de solu\u00e7\u00e3o de problemas, consulte o artigo a seguir: <a href=\"https:\/\/wpml.org\/documentation\/getting-started-guide\/language-setup\/language-url-options\/cannot-activate-language-directories\/\">N\u00e3o \u00e9 poss\u00edvel ativar diret\u00f3rios de idiomas<\/a>.<\/p>\n<h3>Exibindo o idioma padr\u00e3o do seu site em um diret\u00f3rio<\/h3>\n<p>WPML tamb\u00e9m permite que voc\u00ea exiba seu idioma padr\u00e3o em um diret\u00f3rio e selecione o que mostrar no URL raiz do site.<\/p>\n<figure id=\"attachment_3119703\" aria-describedby=\"caption-attachment-3119703\" style=\"width: 934px\" class=\"wp-caption aligncenter\"><img decoding=\"async\" class=\"img-border wp-image-3119703 size-full\" src=\"https:\/\/wpml.org\/wp-content\/uploads\/2019\/01\/directory-for-default-language.png\" alt=\"Diret\u00f3rio para o idioma padr\u00e3o\" width=\"934\" height=\"404\" srcset=\"https:\/\/wpml.org\/wp-content\/uploads\/2019\/01\/directory-for-default-language.png 934w, https:\/\/wpml.org\/wp-content\/uploads\/2019\/01\/directory-for-default-language-150x65.png 150w, https:\/\/wpml.org\/wp-content\/uploads\/2019\/01\/directory-for-default-language-300x130.png 300w, https:\/\/wpml.org\/wp-content\/uploads\/2019\/01\/directory-for-default-language-768x332.png 768w\" sizes=\"(max-width: 934px) 100vw, 934px\" \/><figcaption id=\"caption-attachment-3119703\" class=\"wp-caption-text\">Diret\u00f3rio para um idioma padr\u00e3o<\/figcaption><\/figure>\n<p>Leia mais sobre <a href=\"https:\/\/wpml.org\/documentation\/getting-started-guide\/language-setup\/directory-default-language\/\">colocar o idioma padr\u00e3o do site em um diret\u00f3rio<\/a>.<\/p>\n<h2>Um dom\u00ednio diferente por idioma<\/h2>\n<p>Voc\u00ea pode colocar idiomas diferentes em dom\u00ednios completamente independentes. Por exemplo:<\/p>\n<ul>\n<li>www.example.com<\/li>\n<li>www.example.de<\/li>\n<\/ul>\n<p>Voc\u00ea tamb\u00e9m pode optar por colocar idiomas diferentes em subdom\u00ednios diferentes. Por exemplo:  <\/p>\n<ul>\n<li>pt.example.com<\/li>\n<li>de.example.com<\/li>\n<\/ul>\n<p><img decoding=\"async\" src=\"https:\/\/cdn.wpml.org\/wp-content\/uploads\/2013\/09\/language-urls.png\" alt=\"Idiomas em dom\u00ednios\" width=\"275\" height=\"198\"><\/p>\n<h3>Configura\u00e7\u00f5es de DNS e servidor para exibir dom\u00ednios diferentes por idioma<\/h3>\n<p>A escolha desse formato exige que voc\u00ea defina as configura\u00e7\u00f5es adequadas de DNS e servidor. Por favor, veja nosso tutorial para instru\u00e7\u00f5es passo a passo sobre as <a href=\"https:\/\/wpml.org\/documentation\/getting-started-guide\/language-setup\/language-url-options\/how-to-use-wpml-with-different-domains-per-language\/\">configura\u00e7\u00f5es de servidor necess\u00e1rias para usar idiomas em dom\u00ednios<\/a>.<\/p>\n<p>Se voc\u00ea n\u00e3o tiver acesso \u00e0s configura\u00e7\u00f5es do servidor, entre em contato com o provedor de hospedagem para obter ajuda.<\/p>\n<h2>Nome do idioma adicionado como um par\u00e2metro<\/h2>\n<p>Escolher exibir o idioma como um par\u00e2metro adiciona o idioma ao final do URL do seu site. Por exemplo:<\/p>\n<ul>\n<li>www.example.com\/?lang=fr<\/li>\n<li>www.example.com\/about\/?lang=en<\/li>\n<\/ul>\n<p>Esse formato n\u00e3o exige nenhuma altera\u00e7\u00e3o adicional nas configura\u00e7\u00f5es do servidor.<\/p>\n","protected":false},"excerpt":{"rendered":"<p>WPML oferece a op\u00e7\u00e3o de formatar seus URLs de idioma em dom\u00ednios, diret\u00f3rios ou como par\u00e2metros. Saiba como funciona e descubra o que \u00e9 melhor para voc\u00ea. WPML permite que voc\u00ea escolha formatar os URLs de idioma do seu site usando um argumento de idioma no URL, em pastas virtuais ou em diferentes dom\u00ednios (ou [&hellip;]<\/p>\n","protected":false},"author":76577,"featured_media":0,"parent":100360,"menu_order":0,"comment_status":"closed","ping_status":"closed","template":"template-sidebar-2.php","meta":{"_bbp_topic_count":0,"_bbp_reply_count":0,"_bbp_total_topic_count":0,"_bbp_total_reply_count":0,"_bbp_voice_count":0,"_bbp_anonymous_reply_count":0,"_bbp_topic_count_hidden":0,"_bbp_reply_count_hidden":0,"_bbp_forum_subforum_count":0,"_uag_custom_page_level_css":"","ep_exclude_from_search":false,"footnotes":""},"related-projects-category":[],"class_list":["post-15654268","page","type-page","status-publish","hentry"],"spectra_custom_meta":{"ratings_users":["0"],"ratings_score":["0"],"ratings_average":["0"],"_subscription_coupon_product_id":["0"],"_wpv_contains_gutenberg_views":[""],"_alp_processed":["1729524468"],"_views_template":["0"],"_wpml_media_duplicate":["0"],"_wpml_media_featured":["1"],"_wp_page_template":["template-sidebar-2.php"],"_last_translation_edit_mode":["translation-editor"],"wpcf-unformatted-code":[""],"wpcf-price-increase-show-from":[""],"wpcf-price-increase-show-till":[""],"_top_nav_excluded":[""],"_cms_nav_minihome":[""],"_yoast_wpseo_metadesc":["WPML oferece a op\u00e7\u00e3o de formatar seus URLs de idioma em dom\u00ednios, diret\u00f3rios ou como par\u00e2metros. Saiba como funciona e descubra o que \u00e9 melhor para voc\u00ea."],"_uag_css_file_name":["uag-css-15654268.css"],"_uag_page_assets":["a:9:{s:3:\"css\";s:260:\".uag-blocks-common-selector{z-index:var(--z-index-desktop) !important}@media(max-width: 976px){.uag-blocks-common-selector{z-index:var(--z-index-tablet) !important}}@media(max-width: 767px){.uag-blocks-common-selector{z-index:var(--z-index-mobile) !important}}\";s:2:\"js\";s:0:\"\";s:18:\"current_block_list\";a:1:{i:0;s:14:\"core\/shortcode\";}s:8:\"uag_flag\";b:0;s:11:\"uag_version\";s:10:\"1778355129\";s:6:\"gfonts\";a:0:{}s:10:\"gfonts_url\";s:0:\"\";s:12:\"gfonts_files\";a:0:{}s:14:\"uag_faq_layout\";b:0;}"]},"uagb_featured_image_src":{"full":false,"thumbnail":false,"medium":false,"medium_large":false,"large":false,"1536x1536":false,"2048x2048":false,"gform-image-choice-sm":false,"gform-image-choice-md":false,"gform-image-choice-lg":false,"woocommerce_thumbnail":false,"woocommerce_single":false,"woocommerce_gallery_thumbnail":false},"uagb_author_info":{"display_name":"Dario","author_link":"https:\/\/wpml.org\/pt-br\/author\/darioh\/"},"uagb_comment_info":0,"uagb_excerpt":"WPML oferece a op\u00e7\u00e3o de formatar seus URLs de idioma em dom\u00ednios, diret\u00f3rios ou como par\u00e2metros. Saiba como funciona e descubra o que \u00e9 melhor para voc\u00ea. WPML permite que voc\u00ea escolha formatar os URLs de idioma do seu site usando um argumento de idioma no URL, em pastas virtuais ou em diferentes dom\u00ednios (ou&hellip;","_links":{"self":[{"href":"https:\/\/wpml.org\/pt-br\/wp-json\/wp\/v2\/pages\/15654268","targetHints":{"allow":["GET"]}}],"collection":[{"href":"https:\/\/wpml.org\/pt-br\/wp-json\/wp\/v2\/pages"}],"about":[{"href":"https:\/\/wpml.org\/pt-br\/wp-json\/wp\/v2\/types\/page"}],"author":[{"embeddable":true,"href":"https:\/\/wpml.org\/pt-br\/wp-json\/wp\/v2\/users\/76577"}],"replies":[{"embeddable":true,"href":"https:\/\/wpml.org\/pt-br\/wp-json\/wp\/v2\/comments?post=15654268"}],"version-history":[{"count":2,"href":"https:\/\/wpml.org\/pt-br\/wp-json\/wp\/v2\/pages\/15654268\/revisions"}],"predecessor-version":[{"id":16313276,"href":"https:\/\/wpml.org\/pt-br\/wp-json\/wp\/v2\/pages\/15654268\/revisions\/16313276"}],"up":[{"embeddable":true,"href":"https:\/\/wpml.org\/pt-br\/wp-json\/wp\/v2\/pages\/100360"}],"wp:attachment":[{"href":"https:\/\/wpml.org\/pt-br\/wp-json\/wp\/v2\/media?parent=15654268"}],"wp:term":[{"taxonomy":"related-projects-category","embeddable":true,"href":"https:\/\/wpml.org\/pt-br\/wp-json\/wp\/v2\/related-projects-category?post=15654268"}],"curies":[{"name":"wp","href":"https:\/\/api.w.org\/{rel}","templated":true}]}}