{"id":15654333,"date":"2013-01-02T04:00:52","date_gmt":"2013-01-02T04:00:52","guid":{"rendered":"https:\/\/wpml.org\/documentacao\/por-onde-comecar\/como-traduzir-slugs-de-url-com-o-wpml\/"},"modified":"2026-03-25T11:07:54","modified_gmt":"2026-03-25T11:07:54","slug":"como-traduzir-slugs-de-url-com-o-wpml","status":"publish","type":"page","link":"https:\/\/wpml.org\/pt-br\/documentacao\/por-onde-comecar\/como-traduzir-slugs-de-url-com-o-wpml\/","title":{"rendered":"Como traduzir Slugs de URL com o WPML"},"content":{"rendered":"\n<p class=\"lead\">O WPML permite traduzir Slugs de URL para diferentes idiomas. Isso inclui Slugs de p\u00e1ginas, posts, tipos de post personalizados e taxonomias. <\/p>\n\n<p>Um Slug de URL \u00e9 a parte de um URL que identifica uma p\u00e1gina espec\u00edfica em um site. Tanto os mecanismos de busca quanto os usu\u00e1rios dependem dos Slugs para entender o t\u00f3pico de uma p\u00e1gina, por isso \u00e9 importante torn\u00e1-los claros e f\u00e1ceis de ler.  <\/p>\n\n<figure class=\"wp-block-image tb-image tb-image-dynamic tb-image-frame-none\" data-toolset-blocks-image=\"4bc183fe93b1a7e954618827e8d9e419\"><img decoding=\"async\" width=\"1024\" height=\"604\" loading=\"lazy\" src=\"https:\/\/wpml.org\/wp-content\/uploads\/2024\/06\/URL-with-custom-post-type-and-page-title-slugs-1024x604.png\" alt=\"URL with custom post type and page title slugs\" class=\"wp-image-15705085\" srcset=\"https:\/\/wpml.org\/wp-content\/uploads\/2024\/06\/URL-with-custom-post-type-and-page-title-slugs-1024x604.png 1024w, https:\/\/wpml.org\/wp-content\/uploads\/2024\/06\/URL-with-custom-post-type-and-page-title-slugs-300x177.png 300w, https:\/\/wpml.org\/wp-content\/uploads\/2024\/06\/URL-with-custom-post-type-and-page-title-slugs-150x88.png 150w, https:\/\/wpml.org\/wp-content\/uploads\/2024\/06\/URL-with-custom-post-type-and-page-title-slugs-768x453.png 768w, https:\/\/wpml.org\/wp-content\/uploads\/2024\/06\/URL-with-custom-post-type-and-page-title-slugs.png 1063w\" sizes=\"auto, (max-width: 1024px) 100vw, 1024px\" \/><figcaption><div class=\"tb-image-caption\">URL com Slugs de tipo de post personalizado e de t\u00edtulo de p\u00e1gina<\/div><\/figcaption><\/figure>\n\n<h2 class=\"tb-heading\" data-toolset-blocks-heading=\"3a94a5f5ac99f0c5642cb0af3ba9a028\" data-last-update=\"1.4\">Primeiros passos<\/h2>\n\n<p>Para traduzir Slugs de URL com o WPML, instale e ative: <\/p>\n\n<ul class=\"wp-block-list\">\n<li>WPML<\/li>\n\n\n\n<li>WPML String Translation<\/li>\n<\/ul>\n\n<div style=\"height:10px\" aria-hidden=\"true\" class=\"wp-block-spacer\"><\/div>\n\n<h2 class=\"wp-block-heading\" id=\"translate-custom-post-type-url-slug\">Traduzir Slugs de URL de tipos de post personalizados <\/h2>\n\n<p>Para traduzir Slugs de URL de tipos de post personalizados:<\/p>\n\n<ol class=\"wp-block-list\">\n<li>V\u00e1 para <strong>WPML<\/strong> \u2192 <strong>Configura\u00e7\u00f5es<\/strong>. <\/li>\n\n\n\n<li>Role para baixo at\u00e9 a se\u00e7\u00e3o <strong>Tradu\u00e7\u00f5es de Slug<\/strong> e marque a caixa de sele\u00e7\u00e3o.<\/li>\n\n\n\n<li>Em seguida, role para baixo at\u00e9 a se\u00e7\u00e3o <strong>Tradu\u00e7\u00e3o de tipos de post<\/strong> e defina seu tipo de post personalizado como <strong>Traduz\u00edvel \u2013 exibir apenas itens traduzidos<\/strong>. Clique no bot\u00e3o <strong>Salvar<\/strong> na parte inferior desta se\u00e7\u00e3o. <\/li>\n<\/ol>\n\n<figure class=\"wp-block-image tb-image tb-image-dynamic tb-image-frame-none\" data-toolset-blocks-image=\"5c7c8b54c2308ab9542a43fa73a87275\"><a href=\"https:\/\/wpml.org\/wp-content\/uploads\/2024\/06\/Setting-custom-post-type-to-Translatable.png\"><img decoding=\"async\" width=\"1024\" height=\"589\" loading=\"lazy\" src=\"https:\/\/wpml.org\/wp-content\/uploads\/2024\/06\/Setting-custom-post-type-to-Translatable-1024x589.png\" alt=\"Setting custom post type to Translatable\" class=\"wp-image-15705128\" srcset=\"https:\/\/wpml.org\/wp-content\/uploads\/2024\/06\/Setting-custom-post-type-to-Translatable-1024x589.png 1024w, https:\/\/wpml.org\/wp-content\/uploads\/2024\/06\/Setting-custom-post-type-to-Translatable-300x173.png 300w, https:\/\/wpml.org\/wp-content\/uploads\/2024\/06\/Setting-custom-post-type-to-Translatable-150x86.png 150w, https:\/\/wpml.org\/wp-content\/uploads\/2024\/06\/Setting-custom-post-type-to-Translatable-768x442.png 768w, https:\/\/wpml.org\/wp-content\/uploads\/2024\/06\/Setting-custom-post-type-to-Translatable-1536x884.png 1536w, https:\/\/wpml.org\/wp-content\/uploads\/2024\/06\/Setting-custom-post-type-to-Translatable.png 1600w\" sizes=\"auto, (max-width: 1024px) 100vw, 1024px\" \/><\/a><figcaption><div class=\"tb-image-caption\">Definindo o tipo de post personalizado como Traduz\u00edvel<\/div><\/figcaption><\/figure>\n\n<ol start=\"4\" class=\"wp-block-list\">\n<li>Ap\u00f3s o recarregamento da p\u00e1gina, role at\u00e9 o seu tipo de post e, logo abaixo dele, expanda a se\u00e7\u00e3o para definir diferentes Slugs. Insira as tradu\u00e7\u00f5es para os Slugs do seu tipo de post e clique no bot\u00e3o <strong>Salvar<\/strong> na parte inferior da se\u00e7\u00e3o de tipos de post. <\/li>\n<\/ol>\n\n<figure class=\"wp-block-image tb-image tb-image-dynamic tb-image-frame-none\" data-toolset-blocks-image=\"1192727ace559ec9240dd56f3ec1cabd\"><a href=\"https:\/\/wpml.org\/wp-content\/uploads\/2024\/06\/Translating-slugs-for-custom-post-types.png\"><img decoding=\"async\" width=\"1024\" height=\"589\" loading=\"lazy\" src=\"https:\/\/wpml.org\/wp-content\/uploads\/2024\/06\/Translating-slugs-for-custom-post-types-1024x589.png\" alt=\"Translating slugs for custom post types\" class=\"wp-image-15705142\" srcset=\"https:\/\/wpml.org\/wp-content\/uploads\/2024\/06\/Translating-slugs-for-custom-post-types-1024x589.png 1024w, https:\/\/wpml.org\/wp-content\/uploads\/2024\/06\/Translating-slugs-for-custom-post-types-300x173.png 300w, https:\/\/wpml.org\/wp-content\/uploads\/2024\/06\/Translating-slugs-for-custom-post-types-150x86.png 150w, https:\/\/wpml.org\/wp-content\/uploads\/2024\/06\/Translating-slugs-for-custom-post-types-768x442.png 768w, https:\/\/wpml.org\/wp-content\/uploads\/2024\/06\/Translating-slugs-for-custom-post-types-1536x884.png 1536w, https:\/\/wpml.org\/wp-content\/uploads\/2024\/06\/Translating-slugs-for-custom-post-types.png 1600w\" sizes=\"auto, (max-width: 1024px) 100vw, 1024px\" \/><\/a><figcaption><div class=\"tb-image-caption\">Traduzindo Slugs para tipos de post personalizados<\/div><\/figcaption><\/figure>\n\n<p>Os Slugs do seu tipo de post personalizado agora aparecer\u00e3o traduzidos no URL. <\/p>\n\n<div class=\"wp-block-toolset-blocks-grid tb-grid\" data-toolset-blocks-grid=\"3d9c399fe625e1b972f817a0680229f6\">\n<div class=\"wp-block-toolset-blocks-grid-column tb-grid-column tb-grid-align-top\" data-toolset-blocks-grid-column=\"3034fbe886c11054e95b46b09d3e4112\">\n<figure class=\"wp-block-image tb-image tb-image-dynamic tb-image-frame-none\" data-toolset-blocks-image=\"862ab5c3717b5fcafb003929ec5f0f70\"><a href=\"https:\/\/wpml.org\/wp-content\/uploads\/2024\/06\/Custom-post-type-in-English.png\"><img decoding=\"async\" width=\"1024\" height=\"577\" loading=\"lazy\" src=\"https:\/\/wpml.org\/wp-content\/uploads\/2024\/06\/Custom-post-type-in-English-1024x577.png\" alt=\"Custom post type in English\" class=\"wp-image-15705158\" srcset=\"https:\/\/wpml.org\/wp-content\/uploads\/2024\/06\/Custom-post-type-in-English-1024x577.png 1024w, https:\/\/wpml.org\/wp-content\/uploads\/2024\/06\/Custom-post-type-in-English-300x169.png 300w, https:\/\/wpml.org\/wp-content\/uploads\/2024\/06\/Custom-post-type-in-English-150x84.png 150w, https:\/\/wpml.org\/wp-content\/uploads\/2024\/06\/Custom-post-type-in-English-768x432.png 768w, https:\/\/wpml.org\/wp-content\/uploads\/2024\/06\/Custom-post-type-in-English.png 1119w\" sizes=\"auto, (max-width: 1024px) 100vw, 1024px\" \/><\/a><figcaption><div class=\"tb-image-caption\">Tipo de post personalizado em ingl\u00eas<\/div><\/figcaption><\/figure>\n<\/div>\n\n\n\n<div class=\"wp-block-toolset-blocks-grid-column tb-grid-column tb-grid-align-top\" data-toolset-blocks-grid-column=\"3034fbe886c11054e95b46b09d3e4112\">\n<figure class=\"wp-block-image tb-image tb-image-dynamic tb-image-frame-none\" data-toolset-blocks-image=\"b6d8dca290b8348118a4e2bebaf16589\"><a href=\"https:\/\/wpml.org\/wp-content\/uploads\/2024\/06\/Custom-post-type-in-Spanish.png\"><img decoding=\"async\" width=\"1024\" height=\"577\" loading=\"lazy\" src=\"https:\/\/wpml.org\/wp-content\/uploads\/2024\/06\/Custom-post-type-in-Spanish-1024x577.png\" alt=\"Custom post type in Spanish\" class=\"wp-image-15705172\" srcset=\"https:\/\/wpml.org\/wp-content\/uploads\/2024\/06\/Custom-post-type-in-Spanish-1024x577.png 1024w, https:\/\/wpml.org\/wp-content\/uploads\/2024\/06\/Custom-post-type-in-Spanish-300x169.png 300w, https:\/\/wpml.org\/wp-content\/uploads\/2024\/06\/Custom-post-type-in-Spanish-150x84.png 150w, https:\/\/wpml.org\/wp-content\/uploads\/2024\/06\/Custom-post-type-in-Spanish-768x432.png 768w, https:\/\/wpml.org\/wp-content\/uploads\/2024\/06\/Custom-post-type-in-Spanish.png 1119w\" sizes=\"auto, (max-width: 1024px) 100vw, 1024px\" \/><\/a><figcaption><div class=\"tb-image-caption\">Tipo de post personalizado em espanhol<\/div><\/figcaption><\/figure>\n<\/div>\n<\/div>\n\n<h2 class=\"wp-block-heading\" id=\"translate-page-post-url-slug\">Traduzir Slugs de URL de p\u00e1ginas e posts<\/h2>\n\n<p>Por padr\u00e3o, ao enviar p\u00e1ginas e posts para tradu\u00e7\u00e3o, o WPML traduz automaticamente seus Slugs de URL usando o t\u00edtulo. <\/p>\n\n<p>Por exemplo, ao traduzir uma p\u00e1gina intitulada \u201cMixed Berry Smoothie\u201d para o espanhol, o WPML usar\u00e1 o novo t\u00edtulo da p\u00e1gina, \u201cBatido de Bayas Mixtas\u201d, ao criar o URL:<\/p>\n<div class=\"wp-block-syntaxhighlighter-code \"><pre class=\"brush: xml; title: ; notranslate\" title=\"\">\nsmooothy.com\/es\/receta\/batido-de-bayas-mixtas\/\n<\/pre><\/div>\n<div style=\"height:15px\" aria-hidden=\"true\" class=\"wp-block-spacer\"><\/div>\n\n<p>Se desejar mais controle, voc\u00ea tamb\u00e9m pode traduzir os Slugs por conta pr\u00f3pria:<\/p>\n\n<ol class=\"wp-block-list\">\n<li>V\u00e1 em <strong>WPML <\/strong>\u2192 <strong>Configura\u00e7\u00f5es<\/strong> e role para baixo at\u00e9 <strong>Op\u00e7\u00f5es de documentos traduzidos<\/strong>.<\/li>\n\n\n\n<li>Em <strong>URL da p\u00e1gina<\/strong>, escolha a op\u00e7\u00e3o <strong>traduzir<\/strong> e salve.<\/li>\n<\/ol>\n\n<figure class=\"wp-block-image tb-image tb-image-dynamic tb-image-frame-none\" data-toolset-blocks-image=\"d8f67a73ca31d5ff29c6b6e7dbeb3f19\"><a href=\"https:\/\/wpml.org\/wp-content\/uploads\/2024\/06\/Setting-the-option-to-Translate-the-page-URL.png\"><img decoding=\"async\" width=\"1024\" height=\"596\" loading=\"lazy\" src=\"https:\/\/wpml.org\/wp-content\/uploads\/2024\/06\/Setting-the-option-to-Translate-the-page-URL-1024x596.png\" alt=\"Setting the option to Translate the page URL\" class=\"wp-image-15705201\" srcset=\"https:\/\/wpml.org\/wp-content\/uploads\/2024\/06\/Setting-the-option-to-Translate-the-page-URL-1024x596.png 1024w, https:\/\/wpml.org\/wp-content\/uploads\/2024\/06\/Setting-the-option-to-Translate-the-page-URL-300x175.png 300w, https:\/\/wpml.org\/wp-content\/uploads\/2024\/06\/Setting-the-option-to-Translate-the-page-URL-150x87.png 150w, https:\/\/wpml.org\/wp-content\/uploads\/2024\/06\/Setting-the-option-to-Translate-the-page-URL-768x447.png 768w, https:\/\/wpml.org\/wp-content\/uploads\/2024\/06\/Setting-the-option-to-Translate-the-page-URL.png 1536w\" sizes=\"auto, (max-width: 1024px) 100vw, 1024px\" \/><\/a><figcaption><div class=\"tb-image-caption\">Setting the option to Translate the page URL<\/div><\/figcaption><\/figure>\n\n<p>Agora voc\u00ea pode traduzir o Slug de URL ao editar p\u00e1ginas no Editor de tradu\u00e7\u00e3o avan\u00e7ado. <\/p>\n\n<figure class=\"wp-block-image tb-image tb-image-dynamic tb-image-frame-none\" data-toolset-blocks-image=\"abdb39ea76e96571860273eca92ae4fe\"><a href=\"https:\/\/wpml.org\/wp-content\/uploads\/2025\/01\/Translating-URL-in-ATE-1.png\"><img decoding=\"async\" width=\"1024\" height=\"782\" loading=\"lazy\" src=\"https:\/\/wpml.org\/wp-content\/uploads\/2025\/01\/Translating-URL-in-ATE-1-1024x782.png\" alt=\"Translating URL in ATE\" class=\"wp-image-16646914\" srcset=\"https:\/\/wpml.org\/wp-content\/uploads\/2025\/01\/Translating-URL-in-ATE-1-1024x782.png 1024w, https:\/\/wpml.org\/wp-content\/uploads\/2025\/01\/Translating-URL-in-ATE-1-300x229.png 300w, https:\/\/wpml.org\/wp-content\/uploads\/2025\/01\/Translating-URL-in-ATE-1-150x114.png 150w, https:\/\/wpml.org\/wp-content\/uploads\/2025\/01\/Translating-URL-in-ATE-1-768x586.png 768w, https:\/\/wpml.org\/wp-content\/uploads\/2025\/01\/Translating-URL-in-ATE-1-1536x1172.png 1536w, https:\/\/wpml.org\/wp-content\/uploads\/2025\/01\/Translating-URL-in-ATE-1.png 1707w\" sizes=\"auto, (max-width: 1024px) 100vw, 1024px\" \/><\/a><figcaption><div class=\"tb-image-caption\">Traduzindo o Slug de URL da p\u00e1gina no Editor de tradu\u00e7\u00e3o avan\u00e7ado<\/div><\/figcaption><\/figure>\n\n<h2 class=\"wp-block-heading\" id=\"translate-taxonomy-url-slugs\">Traduzir Slugs de URL de taxonomia<\/h2>\n\n<p>Para traduzir Slugs de URL de taxonomia, siga nosso <a href=\"https:\/\/wpml.org\/pt-br\/documentacao\/por-onde-comecar\/traducao-de-categorias-de-post-e-taxonomias-personalizadas\/\">guia de tradu\u00e7\u00e3o de taxonomia<\/a>. <\/p>\n\n<h2 class=\"wp-block-heading\" id=\"copy-url\">Copiar URL para idioma secund\u00e1rio<\/h2>\n\n<p>Al\u00e9m de traduzir Slugs de URL, o WPML tamb\u00e9m permite \u201ccopiar\u201d Slugs para idiomas secund\u00e1rios. <\/p>\n\n<div class=\"wp-block-toolset-blocks-grid tb-grid\" data-toolset-blocks-grid=\"3d9c399fe625e1b972f817a0680229f6\">\n<div class=\"wp-block-toolset-blocks-grid-column tb-grid-column tb-grid-align-top\" data-toolset-blocks-grid-column=\"3034fbe886c11054e95b46b09d3e4112\">\n<figure class=\"wp-block-image tb-image tb-image-dynamic tb-image-frame-none\" data-toolset-blocks-image=\"08c3923f15ea66a8c440d76a509e389c\"><a href=\"https:\/\/wpml.org\/wp-content\/uploads\/2024\/08\/Smoothie-recipe-in-English.png\"><img decoding=\"async\" width=\"1024\" height=\"577\" loading=\"lazy\" src=\"https:\/\/wpml.org\/wp-content\/uploads\/2024\/08\/Smoothie-recipe-in-English-1024x577.png\" alt=\"Smoothie recipe in English\" class=\"wp-image-16034822\" srcset=\"https:\/\/wpml.org\/wp-content\/uploads\/2024\/08\/Smoothie-recipe-in-English-1024x577.png 1024w, https:\/\/wpml.org\/wp-content\/uploads\/2024\/08\/Smoothie-recipe-in-English-300x169.png 300w, https:\/\/wpml.org\/wp-content\/uploads\/2024\/08\/Smoothie-recipe-in-English-150x84.png 150w, https:\/\/wpml.org\/wp-content\/uploads\/2024\/08\/Smoothie-recipe-in-English-768x432.png 768w, https:\/\/wpml.org\/wp-content\/uploads\/2024\/08\/Smoothie-recipe-in-English.png 1119w\" sizes=\"auto, (max-width: 1024px) 100vw, 1024px\" \/><\/a><figcaption><div class=\"tb-image-caption\">Receita de smoothie em ingl\u00eas<\/div><\/figcaption><\/figure>\n<\/div>\n\n\n\n<div class=\"wp-block-toolset-blocks-grid-column tb-grid-column tb-grid-align-top\" data-toolset-blocks-grid-column=\"3034fbe886c11054e95b46b09d3e4112\">\n<figure class=\"wp-block-image tb-image tb-image-dynamic tb-image-frame-none\" data-toolset-blocks-image=\"897e18ef1a1ec71d6959103dcd836f31\"><a href=\"https:\/\/wpml.org\/wp-content\/uploads\/2024\/08\/Smoothie-recipe-in-Chinese.png\"><img decoding=\"async\" width=\"1024\" height=\"577\" loading=\"lazy\" src=\"https:\/\/wpml.org\/wp-content\/uploads\/2024\/08\/Smoothie-recipe-in-Chinese-1024x577.png\" alt=\"Smoothie recipe in Chinese\" class=\"wp-image-16034836\" srcset=\"https:\/\/wpml.org\/wp-content\/uploads\/2024\/08\/Smoothie-recipe-in-Chinese-1024x577.png 1024w, https:\/\/wpml.org\/wp-content\/uploads\/2024\/08\/Smoothie-recipe-in-Chinese-300x169.png 300w, https:\/\/wpml.org\/wp-content\/uploads\/2024\/08\/Smoothie-recipe-in-Chinese-150x84.png 150w, https:\/\/wpml.org\/wp-content\/uploads\/2024\/08\/Smoothie-recipe-in-Chinese-768x432.png 768w, https:\/\/wpml.org\/wp-content\/uploads\/2024\/08\/Smoothie-recipe-in-Chinese.png 1119w\" sizes=\"auto, (max-width: 1024px) 100vw, 1024px\" \/><\/a><figcaption><div class=\"tb-image-caption\">Receita de smoothie em chin\u00eas<\/div><\/figcaption><\/figure>\n<\/div>\n<\/div>\n\n<p>Isso \u00e9 \u00fatil quando seu site possui idiomas n\u00e3o ASCII (chin\u00eas, japon\u00eas, \u00e1rabe, por exemplo) e voc\u00ea deseja evitar que seus URLs pare\u00e7am spam ao serem compartilhados na web. Por exemplo, o seguinte URL em chin\u00eas ficar\u00e1 assim ao ser copiado e colado: <\/p>\n\n<div style=\"height:20px\" aria-hidden=\"true\" class=\"wp-block-spacer\"><\/div>\n\n<p>exemplo.com\/\u716e\u996d\/ \u2192 exemplo.com\/%E7%85%AE%E9%A5%AD\/<\/p>\n\n<div style=\"height:20px\" aria-hidden=\"true\" class=\"wp-block-spacer\"><\/div>\n\n<p>Para melhorar a apar\u00eancia dos seus URLs, voc\u00ea pode copiar seus Slugs de URL originais para outros idiomas:<\/p>\n\n<ol class=\"wp-block-list\">\n<li>V\u00e1 para <strong>WPML <\/strong>\u2192 <strong>idiomas<\/strong>.<\/li>\n\n\n\n<li>Em <strong>idiomas do site<\/strong>, clique no link <strong>editar idiomas<\/strong>. <\/li>\n\n\n\n<li>Na tabela, defina o valor de <strong>Codificar URLs <\/strong> como <strong>Sim<\/strong> no idioma para o qual deseja que os Slugs sejam copiados. Clique em <strong>Salvar<\/strong>.<\/li>\n<\/ol>\n\n<figure class=\"wp-block-image tb-image tb-image-dynamic tb-image-frame-none\" data-toolset-blocks-image=\"7c3529241fe0ca56d92f4aed75fa832e\"><a href=\"https:\/\/wpml.org\/wp-content\/uploads\/2024\/08\/Encoding-URLs-for-Chinese-1.png\"><img decoding=\"async\" width=\"1024\" height=\"606\" loading=\"lazy\" src=\"https:\/\/wpml.org\/wp-content\/uploads\/2024\/08\/Encoding-URLs-for-Chinese-1-1024x606.png\" alt=\"\" class=\"wp-image-16034892\" srcset=\"https:\/\/wpml.org\/wp-content\/uploads\/2024\/08\/Encoding-URLs-for-Chinese-1-1024x606.png 1024w, https:\/\/wpml.org\/wp-content\/uploads\/2024\/08\/Encoding-URLs-for-Chinese-1-300x178.png 300w, https:\/\/wpml.org\/wp-content\/uploads\/2024\/08\/Encoding-URLs-for-Chinese-1-150x89.png 150w, https:\/\/wpml.org\/wp-content\/uploads\/2024\/08\/Encoding-URLs-for-Chinese-1-768x454.png 768w, https:\/\/wpml.org\/wp-content\/uploads\/2024\/08\/Encoding-URLs-for-Chinese-1-1536x909.png 1536w, https:\/\/wpml.org\/wp-content\/uploads\/2024\/08\/Encoding-URLs-for-Chinese-1-2048x1212.png 2048w\" sizes=\"auto, (max-width: 1024px) 100vw, 1024px\" \/><\/a><figcaption><div class=\"tb-image-caption\">Codificando URLs para o chin\u00eas<\/div><\/figcaption><\/figure>\n\n<ol start=\"4\" class=\"wp-block-list\">\n<li>Em seguida, v\u00e1 em <strong>WPML <\/strong>\u2192 <strong>Configura\u00e7\u00f5es<\/strong>.<\/li>\n\n\n\n<li>Em <strong>op\u00e7\u00f5es de documentos traduzidos<\/strong>, configure <strong>URL da p\u00e1gina<\/strong> para <strong>copiar do idioma original<\/strong> e salve. <\/li>\n<\/ol>\n\n<p>Seus Slugs de URL agora ser\u00e3o copiados para o seu idioma secund\u00e1rio (codificado) quando voc\u00ea traduzir o conte\u00fado. <\/p>\n\n<h2 class=\"wp-block-heading\" id=\"get-started\">Comece com WPML<\/h2>\n\n<p>Para traduzir Slugs de URL com o WPML, voc\u00ea precisa do tipo de conta Multilingual CMS ou Multilingual Agency. <\/p>\n\n<p>Visite nossa <a href=\"https:\/\/wpml.org\/pt-br\/purchase\/\">p\u00e1gina de pre\u00e7os<\/a> para saber mais sobre nossos planos.<\/p>\n","protected":false},"excerpt":{"rendered":"<p>O WPML permite traduzir Slugs de URL para diferentes idiomas. Isso inclui Slugs de p\u00e1ginas, posts, tipos de post personalizados e taxonomias. Um Slug de URL \u00e9 a parte de um URL que identifica uma p\u00e1gina espec\u00edfica em um site. Tanto os mecanismos de busca quanto os usu\u00e1rios dependem dos Slugs para entender o t\u00f3pico [&hellip;]<\/p>\n","protected":false},"author":2,"featured_media":0,"parent":98409,"menu_order":56,"comment_status":"closed","ping_status":"closed","template":"template-sidebar-2.php","meta":{"_bbp_topic_count":0,"_bbp_reply_count":0,"_bbp_total_topic_count":0,"_bbp_total_reply_count":0,"_bbp_voice_count":0,"_bbp_anonymous_reply_count":0,"_bbp_topic_count_hidden":0,"_bbp_reply_count_hidden":0,"_bbp_forum_subforum_count":0,"_uag_custom_page_level_css":"","ep_exclude_from_search":false,"footnotes":""},"related-projects-category":[],"class_list":["post-15654333","page","type-page","status-publish","hentry"],"spectra_custom_meta":{"ratings_users":["0"],"ratings_score":["0"],"ratings_average":["0"],"_subscription_coupon_product_id":["0"],"_wpv_contains_gutenberg_views":[""],"_alp_processed":["1774436874"],"_views_template":["0"],"wpcf-unformatted-code":[""],"_wpml_media_duplicate":["0"],"_wpml_media_featured":["1"],"toolset_post_editor_mode":["block"],"wpcf-price-increase-show-from":[""],"wpcf-price-increase-show-till":[""],"_wp_page_template":["template-sidebar-2.php"],"_last_translation_edit_mode":["translation-editor"],"_wpml_word_count":["643"],"_yoast_wpseo_title":["%%title%% %%page%%"],"_yoast_wpseo_metadesc":["O WPML permite traduzir Slugs de URL para diferentes idiomas. Isso inclui Slugs de p\u00e1ginas, posts, tipos de post personalizados e taxonomias."],"_yoast_wpseo_focuskw":["Traduza slugs de URL"],"_uag_css_file_name":["uag-css-15654333.css"]},"uagb_featured_image_src":{"full":false,"thumbnail":false,"medium":false,"medium_large":false,"large":false,"1536x1536":false,"2048x2048":false,"gform-image-choice-sm":false,"gform-image-choice-md":false,"gform-image-choice-lg":false,"woocommerce_thumbnail":false,"woocommerce_single":false,"woocommerce_gallery_thumbnail":false},"uagb_author_info":{"display_name":"Amir","author_link":"https:\/\/wpml.org\/pt-br\/author\/amir\/"},"uagb_comment_info":0,"uagb_excerpt":"O WPML permite traduzir Slugs de URL para diferentes idiomas. Isso inclui Slugs de p\u00e1ginas, posts, tipos de post personalizados e taxonomias. Um Slug de URL \u00e9 a parte de um URL que identifica uma p\u00e1gina espec\u00edfica em um site. Tanto os mecanismos de busca quanto os usu\u00e1rios dependem dos Slugs para entender o t\u00f3pico&hellip;","_links":{"self":[{"href":"https:\/\/wpml.org\/pt-br\/wp-json\/wp\/v2\/pages\/15654333","targetHints":{"allow":["GET"]}}],"collection":[{"href":"https:\/\/wpml.org\/pt-br\/wp-json\/wp\/v2\/pages"}],"about":[{"href":"https:\/\/wpml.org\/pt-br\/wp-json\/wp\/v2\/types\/page"}],"author":[{"embeddable":true,"href":"https:\/\/wpml.org\/pt-br\/wp-json\/wp\/v2\/users\/2"}],"replies":[{"embeddable":true,"href":"https:\/\/wpml.org\/pt-br\/wp-json\/wp\/v2\/comments?post=15654333"}],"version-history":[{"count":7,"href":"https:\/\/wpml.org\/pt-br\/wp-json\/wp\/v2\/pages\/15654333\/revisions"}],"predecessor-version":[{"id":17925891,"href":"https:\/\/wpml.org\/pt-br\/wp-json\/wp\/v2\/pages\/15654333\/revisions\/17925891"}],"up":[{"embeddable":true,"href":"https:\/\/wpml.org\/pt-br\/wp-json\/wp\/v2\/pages\/98409"}],"wp:attachment":[{"href":"https:\/\/wpml.org\/pt-br\/wp-json\/wp\/v2\/media?parent=15654333"}],"wp:term":[{"taxonomy":"related-projects-category","embeddable":true,"href":"https:\/\/wpml.org\/pt-br\/wp-json\/wp\/v2\/related-projects-category?post=15654333"}],"curies":[{"name":"wp","href":"https:\/\/api.w.org\/{rel}","templated":true}]}}