{"id":15655596,"date":"2022-08-26T10:22:56","date_gmt":"2022-08-26T10:22:56","guid":{"rendered":"https:\/\/wpml.org\/documentacao\/projetos-relacionados\/advanced-custom-fields-acf-multilingue-traduza-todos-os-campos-com-o-wpml\/preferencias-de-traducao-de-campos-personalizados-para-acf-e-wpml\/"},"modified":"2024-06-06T14:02:16","modified_gmt":"2024-06-06T14:02:16","slug":"preferencias-de-traducao-de-campos-personalizados-para-acf-e-wpml","status":"publish","type":"page","link":"https:\/\/wpml.org\/pt-br\/documentacao\/projetos-relacionados\/advanced-custom-fields-acf-multilingue-traduza-todos-os-campos-com-o-wpml\/preferencias-de-traducao-de-campos-personalizados-para-acf-e-wpml\/","title":{"rendered":"Prefer\u00eancias de tradu\u00e7\u00e3o de campos personalizados para ACF e WPML"},"content":{"rendered":"\n<p class=\"lead\">O ACF Multilingual se baseia nas prefer\u00eancias de tradu\u00e7\u00e3o para gerenciar como os campos personalizados aparecem nas vers\u00f5es de idiomas diferentes do seu site.<\/p>\n\n<p>Embora voc\u00ea possa escolher entre duas op\u00e7\u00f5es de tradu\u00e7\u00e3o com prefer\u00eancias de tradu\u00e7\u00e3o predefinidas, o modo Expert permite que voc\u00ea controle como cada campo aparece nos idiomas secund\u00e1rios.  <\/p>\n\n<p><strong>Voc\u00ea tem quatro prefer\u00eancias de tradu\u00e7\u00e3o para escolher:<\/strong><\/p>\n\n<div class=\"wp-block-toolset-blocks-grid tb-grid\" data-toolset-blocks-grid=\"6d30eb1e38bb20176948bc192d4fc3df\">\n<div class=\"wp-block-toolset-blocks-grid-column tb-grid-column tb-grid-align-top\" data-toolset-blocks-grid-column=\"e4e86604f3ad36200edf52d1622ddc73\">\n<p class=\"tb-heading has-text-color has-background wa\" data-toolset-blocks-heading=\"554b98bd0c25fac22ce4cae2c81c7c57\" data-last-update=\"1.4\">Traduzir<\/p>\n\n\n\n<div class=\"wp-block-toolset-blocks-container tb-container\" data-toolset-blocks-container=\"89715433d6069a9df49467c3d95396fc\">\n<p class=\"tb-heading\" data-toolset-blocks-heading=\"b09796d750527ad36b4e33acb19864d5\" data-last-update=\"1.4\">Torna os valores de seus campos personalizados dispon\u00edveis para tradu\u00e7\u00e3o.<\/p>\n<\/div>\n\n\n\n<div class=\"wp-block-toolset-blocks-container tb-container\" data-toolset-blocks-container=\"d718aa58a66ec9f469cddd7421827efc\">\n<div class=\"wp-block-toolset-blocks-grid tb-grid\" data-toolset-blocks-grid=\"b9ba198fa8644ce060d6f261547d5fb7\">\n<div class=\"wp-block-toolset-blocks-grid-column tb-grid-column tb-grid-align-top\" data-toolset-blocks-grid-column=\"3034fbe886c11054e95b46b09d3e4112\">\n<div class=\"wp-block-toolset-blocks-container tb-container\" data-toolset-blocks-container=\"c5825f0c4b3f029780c2562e9593100f\"><\/div>\n<\/div>\n\n\n\n<div class=\"wp-block-toolset-blocks-grid-column tb-grid-column tb-grid-align-top\" data-toolset-blocks-grid-column=\"3034fbe886c11054e95b46b09d3e4112\">\n<p class=\"tb-heading\" data-toolset-blocks-heading=\"4c8c6fb6238e271b166377f9a25088b9\" data-last-update=\"1.4\">Recomendado para campos de texto (por exemplo, Texto, \u00c1rea de texto, WYSIWYG, Mensagem).<\/p>\n<\/div>\n<\/div>\n<\/div>\n<\/div>\n\n\n\n<div class=\"wp-block-toolset-blocks-grid-column tb-grid-column tb-grid-align-top\" data-toolset-blocks-grid-column=\"9bf300cb43bb9f03c7ec5743d8671031\">\n<p class=\"tb-heading has-text-color has-background wa\" data-toolset-blocks-heading=\"554b98bd0c25fac22ce4cae2c81c7c57\" data-last-update=\"1.4\">C\u00f3pia<\/p>\n\n\n\n<div class=\"wp-block-toolset-blocks-container tb-container\" data-toolset-blocks-container=\"89715433d6069a9df49467c3d95396fc\">\n<p class=\"tb-heading\" data-toolset-blocks-heading=\"b09796d750527ad36b4e33acb19864d5\" data-last-update=\"1.4\">Copia o valor do campo em todos os idiomas, mantendo-o igual em todos os lugares.<\/p>\n<\/div>\n\n\n\n<div class=\"wp-block-toolset-blocks-container tb-container\" data-toolset-blocks-container=\"d718aa58a66ec9f469cddd7421827efc\">\n<div class=\"wp-block-toolset-blocks-grid tb-grid\" data-toolset-blocks-grid=\"b9ba198fa8644ce060d6f261547d5fb7\">\n<div class=\"wp-block-toolset-blocks-grid-column tb-grid-column tb-grid-align-top\" data-toolset-blocks-grid-column=\"3034fbe886c11054e95b46b09d3e4112\">\n<div class=\"wp-block-toolset-blocks-container tb-container\" data-toolset-blocks-container=\"c5825f0c4b3f029780c2562e9593100f\"><\/div>\n<\/div>\n\n\n\n<div class=\"wp-block-toolset-blocks-grid-column tb-grid-column tb-grid-align-top\" data-toolset-blocks-grid-column=\"3034fbe886c11054e95b46b09d3e4112\">\n<p class=\"tb-heading\" data-toolset-blocks-heading=\"4c8c6fb6238e271b166377f9a25088b9\" data-last-update=\"1.4\">Recomendado para campos personalizados que permanecem os mesmos em todos os idiomas, como N\u00famero, Intervalo, Verdadeiro\/Falso, Imagem.<\/p>\n<\/div>\n<\/div>\n<\/div>\n<\/div>\n\n\n\n<div class=\"wp-block-toolset-blocks-grid-column tb-grid-column tb-grid-align-top\" data-toolset-blocks-grid-column=\"9bf300cb43bb9f03c7ec5743d8671031\">\n<p class=\"tb-heading has-text-color has-background wa\" data-toolset-blocks-heading=\"554b98bd0c25fac22ce4cae2c81c7c57\" data-last-update=\"1.4\">Copiar uma vez<\/p>\n\n\n\n<div class=\"wp-block-toolset-blocks-container tb-container\" data-toolset-blocks-container=\"c0ae25e118e7651be7aa562df662a60c\">\n<p class=\"tb-heading\" data-toolset-blocks-heading=\"b09796d750527ad36b4e33acb19864d5\" data-last-update=\"1.4\">Copia o valor do campo para as tradu\u00e7\u00f5es apenas uma vez, permitindo que voc\u00ea modifique independentemente os valores do campo nas tradu\u00e7\u00f5es posteriormente.<\/p>\n<\/div>\n\n\n\n<div class=\"wp-block-toolset-blocks-container tb-container\" data-toolset-blocks-container=\"d718aa58a66ec9f469cddd7421827efc\">\n<div class=\"wp-block-toolset-blocks-grid tb-grid\" data-toolset-blocks-grid=\"0ee54b13cff5a5a046256dac8d7ad810\">\n<div class=\"wp-block-toolset-blocks-grid-column tb-grid-column tb-grid-align-top\" data-toolset-blocks-grid-column=\"3034fbe886c11054e95b46b09d3e4112\">\n<div class=\"wp-block-toolset-blocks-container tb-container\" data-toolset-blocks-container=\"c5825f0c4b3f029780c2562e9593100f\"><\/div>\n<\/div>\n\n\n\n<div class=\"wp-block-toolset-blocks-grid-column tb-grid-column tb-grid-align-top\" data-toolset-blocks-grid-column=\"3034fbe886c11054e95b46b09d3e4112\">\n<p class=\"tb-heading\" data-toolset-blocks-heading=\"4c8c6fb6238e271b166377f9a25088b9\" data-last-update=\"1.4\">Se voc\u00ea escolher essa op\u00e7\u00e3o porque deseja valores de campo diferentes nos idiomas, precisar\u00e1 <a href=\"https:\/\/wpml.org\/pt-br\/documentacao\/traduzindo-seus-conteudos\/como-usar-designs-diferentes-para-idiomas-diferentes\/\">traduzir manualmente as publica\u00e7\u00f5es com esses campos no editor WordPress<\/a>.<\/p>\n<\/div>\n<\/div>\n<\/div>\n<\/div>\n\n\n\n<div class=\"wp-block-toolset-blocks-grid-column tb-grid-column tb-grid-align-top\" data-toolset-blocks-grid-column=\"9bf300cb43bb9f03c7ec5743d8671031\">\n<p class=\"tb-heading has-text-color has-background wa\" data-toolset-blocks-heading=\"554b98bd0c25fac22ce4cae2c81c7c57\" data-last-update=\"1.4\">N\u00e3o traduzir<\/p>\n\n\n\n<div class=\"wp-block-toolset-blocks-container tb-container\" data-toolset-blocks-container=\"c0ae25e118e7651be7aa562df662a60c\">\n<p class=\"tb-heading\" data-toolset-blocks-heading=\"b09796d750527ad36b4e33acb19864d5\" data-last-update=\"1.4\">A op\u00e7\u00e3o padr\u00e3o para campos personalizados que voc\u00ea ainda n\u00e3o escolheu como traduzir.<\/p>\n<\/div>\n\n\n\n<div class=\"wp-block-toolset-blocks-container tb-container\" data-toolset-blocks-container=\"d718aa58a66ec9f469cddd7421827efc\">\n<div class=\"wp-block-toolset-blocks-grid tb-grid\" data-toolset-blocks-grid=\"b9ba198fa8644ce060d6f261547d5fb7\">\n<div class=\"wp-block-toolset-blocks-grid-column tb-grid-column tb-grid-align-top\" data-toolset-blocks-grid-column=\"3034fbe886c11054e95b46b09d3e4112\">\n<div class=\"wp-block-toolset-blocks-container tb-container\" data-toolset-blocks-container=\"c5825f0c4b3f029780c2562e9593100f\"><\/div>\n<\/div>\n\n\n\n<div class=\"wp-block-toolset-blocks-grid-column tb-grid-column tb-grid-align-top\" data-toolset-blocks-grid-column=\"3034fbe886c11054e95b46b09d3e4112\">\n<p class=\"tb-heading\" data-toolset-blocks-heading=\"4c8c6fb6238e271b166377f9a25088b9\" data-last-update=\"1.4\">Voc\u00ea pode selecionar essa op\u00e7\u00e3o para os campos que deseja que WPML ignore. Se voc\u00ea quiser que um campo tenha o mesmo valor em todos os idiomas, alterne-o para a op\u00e7\u00e3o <strong>Copiar<\/strong>.<\/p>\n<\/div>\n<\/div>\n<\/div>\n<\/div>\n<\/div>\n\n<p>Para seus principais tipos de campo ACF <strong>Repeater<\/strong> e <strong>Flexible Content <\/strong>, voc\u00ea tem duas op\u00e7\u00f5es:<\/p>\n\n<ol class=\"wp-block-list\">\n<li>Selecione <strong>Copiar <\/strong>para manter o mesmo layout e n\u00famero de campos em todos os idiomas<\/li>\n\n\n\n<li>Selecione <strong>Copy Once<\/strong> se voc\u00ea quiser um layout ou n\u00famero de campos diferente em outros idiomas<\/li>\n<\/ol>\n\n<p>Em ambos os casos, voc\u00ea pode definir prefer\u00eancias de tradu\u00e7\u00e3o para seus subcampos com base em como deseja que eles apare\u00e7am nas tradu\u00e7\u00f5es.<\/p>\n\n<h2 class=\"wp-block-heading\">Entendendo como ACFML traduz campos personalizados em op\u00e7\u00f5es de tradu\u00e7\u00e3o predefinidas<\/h2>\n\n<p>As tabelas a seguir incluem as prefer\u00eancias de convers\u00e3o predefinidas para os tipos de campo ACF. Voc\u00ea precisa usar o modo <strong>Expert<\/strong> para modificar essas op\u00e7\u00f5es predefinidas.  <\/p>\n\n<h2 class=\"wp-block-heading\">Campos b\u00e1sicos<\/h2>\n\n<figure class=\"wp-block-table\"><table><tbody><tr><td><strong>Tipo<\/strong><\/td><td><strong>Mesmos campos em todos os idiomas<\/strong><\/td><td><strong>Diferentes campos nos idiomas<\/strong><\/td><\/tr><tr><td>Texto<\/td><td>Traduzir<\/td><td>Traduzir<\/td><\/tr><tr><td>\u00c1rea de texto<\/td><td>Traduzir<\/td><td>Traduzir<\/td><\/tr><tr><td>N\u00famero<\/td><td>C\u00f3pia<\/td><td>Copiar uma vez<\/td><\/tr><tr><td>Faixa<\/td><td>C\u00f3pia<\/td><td>Copiar uma vez<\/td><\/tr><tr><td>Email<\/td><td>C\u00f3pia<\/td><td>Copiar uma vez<\/td><\/tr><tr><td>URL<\/td><td>C\u00f3pia<\/td><td>Copiar uma vez<\/td><\/tr><tr><td>Senha<\/td><td>C\u00f3pia<\/td><td>Copiar uma vez<\/td><\/tr><\/tbody><\/table><\/figure>\n\n<h2 class=\"wp-block-heading\">Campos de conte\u00fado<\/h2>\n\n<figure class=\"wp-block-table\"><table><tbody><tr><td><strong>Tipo<\/strong><\/td><td><strong><strong>Mesmos campos em todos os idiomas<\/strong><\/strong><\/td><td><strong><strong>Diferentes campos nos idiomas<\/strong><\/strong><\/td><\/tr><tr><td>Imagem<\/td><td>C\u00f3pia<\/td><td>Copiar uma vez<\/td><\/tr><tr><td>Arquivo<\/td><td>C\u00f3pia<\/td><td>Copiar uma vez<\/td><\/tr><tr><td>Editor Wysiwyg<\/td><td>Traduzir<\/td><td>Traduzir<\/td><\/tr><tr><td>oEmbed<\/td><td>C\u00f3pia<\/td><td>Copiar uma vez<\/td><\/tr><tr><td>Galeria<\/td><td>C\u00f3pia<\/td><td>Copiar uma vez<\/td><\/tr><\/tbody><\/table><\/figure>\n\n<h2 class=\"wp-block-heading\">Campos de escolha<\/h2>\n\n<figure class=\"wp-block-table\"><table><tbody><tr><td><strong>Tipo<\/strong><\/td><td><strong><strong>Mesmos campos em todos os idiomas<\/strong><\/strong><\/td><td><strong><strong>Diferentes campos nos idiomas<\/strong><\/strong><\/td><\/tr><tr><td>Selecionar<\/td><td>C\u00f3pia<\/td><td>Copiar uma vez<\/td><\/tr><tr><td>Caixa de marca\u00e7\u00e3o<\/td><td>C\u00f3pia<\/td><td>Copiar uma vez<\/td><\/tr><tr><td>Bot\u00e3o de r\u00e1dio<\/td><td>C\u00f3pia<\/td><td>Copiar uma vez<\/td><\/tr><tr><td>Grupo de bot\u00f5es<\/td><td>C\u00f3pia<\/td><td>Copiar uma vez<\/td><\/tr><tr><td>Verdadeiro \/ Falso<\/td><td>C\u00f3pia<\/td><td>Copiar uma vez<\/td><\/tr><\/tbody><\/table><\/figure>\n\n<h2 class=\"wp-block-heading\">Campos jQuery<\/h2>\n\n<figure class=\"wp-block-table\"><table><tbody><tr><td><strong>Tipo<\/strong><\/td><td><strong><strong><strong>Mesmos campos em todos os idiomas<\/strong><\/strong><\/strong><\/td><td><strong><strong>Diferentes campos nos idiomas<\/strong><\/strong><\/td><\/tr><tr><td>Mapa do Google<\/td><td>C\u00f3pia<\/td><td>Copiar uma vez<\/td><\/tr><tr><td>Data Picker<\/td><td>C\u00f3pia<\/td><td>Copiar uma vez<\/td><\/tr><tr><td>Seletor de data e hora<\/td><td>C\u00f3pia<\/td><td>Copiar uma vez<\/td><\/tr><tr><td>Selecionador de tempo<\/td><td>C\u00f3pia<\/td><td>Copiar uma vez<\/td><\/tr><tr><td>Seletor de cores<\/td><td>C\u00f3pia<\/td><td>Copiar uma vez<\/td><\/tr><\/tbody><\/table><\/figure>\n\n<h2 class=\"wp-block-heading\">Campos de layout<\/h2>\n\n<figure class=\"wp-block-table\"><table><tbody><tr><td><strong>Tipo<\/strong><\/td><td><strong><strong><strong>Mesmos campos em todos os idiomas<\/strong><\/strong><\/strong><\/td><td><strong><strong><strong>Diferentes campos nos idiomas<\/strong><\/strong><\/strong><\/td><\/tr><tr><td>Mensagem<\/td><td>Traduzir<\/td><td>Traduzir<\/td><\/tr><tr><td>Acorde\u00e3o<\/td><td>C\u00f3pia<\/td><td>Copiar uma vez<\/td><\/tr><tr><td>Guia<\/td><td>C\u00f3pia<\/td><td>Copiar uma vez<\/td><\/tr><tr><td>Grupo<\/td><td>C\u00f3pia<\/td><td>Copiar uma vez<\/td><\/tr><tr><td>Repetidor<\/td><td>C\u00f3pia<\/td><td>Copiar uma vez<\/td><\/tr><tr><td>Conte\u00fado flex\u00edvel<\/td><td>C\u00f3pia<\/td><td>Copiar uma vez<\/td><\/tr><tr><td>Clonar<\/td><td>C\u00f3pia<\/td><td>Copiar uma vez<\/td><\/tr><\/tbody><\/table><\/figure>\n\n<h2 class=\"wp-block-heading\">Campos relacionais<\/h2>\n\n<figure class=\"wp-block-table\"><table><tbody><tr><td><strong>Tipo<\/strong><\/td><td><strong><strong>Mesmos campos em todos os idiomas<\/strong><\/strong><\/td><td><strong><strong>Diferentes campos nos idiomas<\/strong><\/strong><\/td><\/tr><tr><td>Link<\/td><td>C\u00f3pia<\/td><td>Copiar uma vez<\/td><\/tr><tr><td>Objeto post <\/td><td>C\u00f3pia<\/td><td>Copiar uma vez<\/td><\/tr><tr><td>Link da p\u00e1gina<\/td><td>C\u00f3pia<\/td><td>Copiar uma vez<\/td><\/tr><tr><td>Rela\u00e7\u00e3o<\/td><td>C\u00f3pia<\/td><td>Copiar uma vez<\/td><\/tr><tr><td>Taxonomia<\/td><td>C\u00f3pia<\/td><td>Copiar uma vez<\/td><\/tr><tr><td>Usu\u00e1rio<\/td><td>C\u00f3pia<\/td><td>Copiar uma vez<\/td><\/tr><\/tbody><\/table><\/figure>\n","protected":false},"excerpt":{"rendered":"<p>O ACF Multilingual se baseia nas prefer\u00eancias de tradu\u00e7\u00e3o para gerenciar como os campos personalizados aparecem nas vers\u00f5es de idiomas diferentes do seu site. Embora voc\u00ea possa escolher entre duas op\u00e7\u00f5es de tradu\u00e7\u00e3o com prefer\u00eancias de tradu\u00e7\u00e3o predefinidas, o modo Expert permite que voc\u00ea controle como cada campo aparece nos idiomas secund\u00e1rios. Voc\u00ea tem quatro [&hellip;]<\/p>\n","protected":false},"author":538393,"featured_media":0,"parent":15235353,"menu_order":23,"comment_status":"closed","ping_status":"closed","template":"","meta":{"_bbp_topic_count":0,"_bbp_reply_count":0,"_bbp_total_topic_count":0,"_bbp_total_reply_count":0,"_bbp_voice_count":0,"_bbp_anonymous_reply_count":0,"_bbp_topic_count_hidden":0,"_bbp_reply_count_hidden":0,"_bbp_forum_subforum_count":0,"_uag_custom_page_level_css":"","ep_exclude_from_search":false,"footnotes":""},"related-projects-category":[],"class_list":["post-15655596","page","type-page","status-publish","hentry"],"spectra_custom_meta":{"ratings_users":["0"],"ratings_score":["0"],"ratings_average":["0"],"_subscription_coupon_product_id":["0"],"_wpv_contains_gutenberg_views":[""],"_alp_processed":["1717682536"],"wpcf-unformatted-code":[""],"_wpml_media_duplicate":["1"],"_wpml_media_featured":["1"],"toolset_post_editor_mode":["block"],"wpcf-price-increase-show-from":[""],"wpcf-price-increase-show-till":[""],"_last_translation_edit_mode":["translation-editor"],"_wp_page_template":[""],"_yoast_wpseo_metadesc":["O ACF Multilingual se baseia nas prefer\u00eancias de tradu\u00e7\u00e3o para gerenciar como os campos personalizados aparecem nas vers\u00f5es de idiomas diferentes do seu site."],"_uag_css_file_name":["uag-css-15655596.css"],"_uag_page_assets":["a:9:{s:3:\"css\";s:0:\"\";s:2:\"js\";s:0:\"\";s:18:\"current_block_list\";a:10:{i:0;s:14:\"core\/paragraph\";i:1;s:19:\"toolset-blocks\/grid\";i:2;s:26:\"toolset-blocks\/grid-column\";i:3;s:22:\"toolset-blocks\/heading\";i:4;s:24:\"toolset-blocks\/container\";i:5;s:9:\"core\/list\";i:6;s:14:\"core\/list-item\";i:7;s:12:\"core\/heading\";i:8;s:10:\"core\/table\";i:9;s:14:\"core\/shortcode\";}s:8:\"uag_flag\";b:0;s:11:\"uag_version\";s:10:\"1778896465\";s:6:\"gfonts\";a:0:{}s:10:\"gfonts_url\";s:0:\"\";s:12:\"gfonts_files\";a:0:{}s:14:\"uag_faq_layout\";b:0;}"]},"uagb_featured_image_src":{"full":false,"thumbnail":false,"medium":false,"medium_large":false,"large":false,"1536x1536":false,"2048x2048":false,"gform-image-choice-sm":false,"gform-image-choice-md":false,"gform-image-choice-lg":false,"woocommerce_thumbnail":false,"woocommerce_single":false,"woocommerce_gallery_thumbnail":false},"uagb_author_info":{"display_name":"Kathy","author_link":"https:\/\/wpml.org\/pt-br\/author\/kathy-b\/"},"uagb_comment_info":0,"uagb_excerpt":"O ACF Multilingual se baseia nas prefer\u00eancias de tradu\u00e7\u00e3o para gerenciar como os campos personalizados aparecem nas vers\u00f5es de idiomas diferentes do seu site. Embora voc\u00ea possa escolher entre duas op\u00e7\u00f5es de tradu\u00e7\u00e3o com prefer\u00eancias de tradu\u00e7\u00e3o predefinidas, o modo Expert permite que voc\u00ea controle como cada campo aparece nos idiomas secund\u00e1rios. Voc\u00ea tem quatro&hellip;","_links":{"self":[{"href":"https:\/\/wpml.org\/pt-br\/wp-json\/wp\/v2\/pages\/15655596","targetHints":{"allow":["GET"]}}],"collection":[{"href":"https:\/\/wpml.org\/pt-br\/wp-json\/wp\/v2\/pages"}],"about":[{"href":"https:\/\/wpml.org\/pt-br\/wp-json\/wp\/v2\/types\/page"}],"author":[{"embeddable":true,"href":"https:\/\/wpml.org\/pt-br\/wp-json\/wp\/v2\/users\/538393"}],"replies":[{"embeddable":true,"href":"https:\/\/wpml.org\/pt-br\/wp-json\/wp\/v2\/comments?post=15655596"}],"version-history":[{"count":3,"href":"https:\/\/wpml.org\/pt-br\/wp-json\/wp\/v2\/pages\/15655596\/revisions"}],"predecessor-version":[{"id":15711571,"href":"https:\/\/wpml.org\/pt-br\/wp-json\/wp\/v2\/pages\/15655596\/revisions\/15711571"}],"up":[{"embeddable":true,"href":"https:\/\/wpml.org\/pt-br\/wp-json\/wp\/v2\/pages\/15235353"}],"wp:attachment":[{"href":"https:\/\/wpml.org\/pt-br\/wp-json\/wp\/v2\/media?parent=15655596"}],"wp:term":[{"taxonomy":"related-projects-category","embeddable":true,"href":"https:\/\/wpml.org\/pt-br\/wp-json\/wp\/v2\/related-projects-category?post=15655596"}],"curies":[{"name":"wp","href":"https:\/\/api.w.org\/{rel}","templated":true}]}}