{"id":15656295,"date":"2013-07-10T10:54:22","date_gmt":"2013-07-10T10:54:22","guid":{"rendered":"https:\/\/wpml.org\/documentacao\/compatibilidade-de-plugins\/otimize-sites-multilingues-usando-o-yoast-seo-e-o-wpml\/"},"modified":"2026-02-26T08:09:16","modified_gmt":"2026-02-26T08:09:16","slug":"otimize-sites-multilingues-usando-o-yoast-seo-e-o-wpml","status":"publish","type":"page","link":"https:\/\/wpml.org\/pt-br\/documentacao\/compatibilidade-de-plugins\/otimize-sites-multilingues-usando-o-yoast-seo-e-o-wpml\/","title":{"rendered":"Yoast SEO Multilingual \u2013 Otimize sites com o WPML"},"content":{"rendered":"\n<div class=\"tb-fields-and-text\" data-toolset-blocks-fields-and-text=\"1bfdc8431e59bcf096caffac6389cfaf\"><p><img decoding=\"async\" class=\"size-full wp-image-15661604 aligncenter\" src=\"https:\/\/wpml.org\/wp-content\/uploads\/2024\/05\/Banner-YoastSEO-1-min.png\" alt=\"\" width=\"1400\" height=\"540\" srcset=\"https:\/\/wpml.org\/wp-content\/uploads\/2024\/05\/Banner-YoastSEO-1-min.png 1400w, https:\/\/wpml.org\/wp-content\/uploads\/2024\/05\/Banner-YoastSEO-1-min-300x116.png 300w, https:\/\/wpml.org\/wp-content\/uploads\/2024\/05\/Banner-YoastSEO-1-min-1024x395.png 1024w, https:\/\/wpml.org\/wp-content\/uploads\/2024\/05\/Banner-YoastSEO-1-min-150x58.png 150w, https:\/\/wpml.org\/wp-content\/uploads\/2024\/05\/Banner-YoastSEO-1-min-768x296.png 768w\" sizes=\"(max-width: 1400px) 100vw, 1400px\" \/><\/p><\/div>\n\n<p class=\"lead\">Saiba como traduzir as meta-informa\u00e7\u00f5es do Yoast SEO para mais idiomas e otimize seu site para SEO multil\u00edngue.<\/p>\n\n<div class=\"wp-block-toolset-blocks-grid tb-grid\" data-toolset-blocks-grid=\"53f136bfa28f200d6e261a82c95996b5\">\n<div class=\"wp-block-toolset-blocks-grid-column tb-grid-column tb-grid-align-top\" data-toolset-blocks-grid-column=\"3034fbe886c11054e95b46b09d3e4112\">\n<div class=\"wp-block-toolset-blocks-container tb-container\" data-toolset-blocks-container=\"be73f458495d79428d7e89cedc1b399f\"><\/div>\n\n\n\n<p class=\"tb-heading\" data-toolset-blocks-heading=\"6eee2a0222dd86c811e3129fc3ca4915\" data-last-update=\"1.4\">Traduza elementos de SEO on-page<\/p>\n\n\n\n<p class=\"tb-heading has-text-color\" data-toolset-blocks-heading=\"8f22bb68207bdb49cdf90c813ccae5c6\" data-last-update=\"1.4\">Traduza t\u00edtulos, meta descri\u00e7\u00f5es, slugs de URL e muito mais<\/p>\n<\/div>\n\n\n\n<div class=\"wp-block-toolset-blocks-grid-column tb-grid-column tb-grid-align-top\" data-toolset-blocks-grid-column=\"3034fbe886c11054e95b46b09d3e4112\">\n<div class=\"wp-block-toolset-blocks-container tb-container\" data-toolset-blocks-container=\"e3745882ba0b8c516064055aec850f9c\"><\/div>\n\n\n\n<p class=\"tb-heading\" data-toolset-blocks-heading=\"6eee2a0222dd86c811e3129fc3ca4915\" data-last-update=\"1.4\">Otimize para recursos da SERP<\/p>\n\n\n\n<p class=\"tb-heading has-text-color\" data-toolset-blocks-heading=\"8f22bb68207bdb49cdf90c813ccae5c6\" data-last-update=\"1.4\">Traduza a marca\u00e7\u00e3o de schema para aparecer em recursos da SERP<\/p>\n<\/div>\n\n\n\n<div class=\"wp-block-toolset-blocks-grid-column tb-grid-column tb-grid-align-top\" data-toolset-blocks-grid-column=\"d70c942bde2021df68b110a492c57696\">\n<div class=\"wp-block-toolset-blocks-container tb-container\" data-toolset-blocks-container=\"8a1b313c9f03b55aaa0c1e630f1582bc\"><\/div>\n\n\n\n<p class=\"tb-heading\" data-toolset-blocks-heading=\"6eee2a0222dd86c811e3129fc3ca4915\" data-last-update=\"1.4\">Melhore a indexa\u00e7\u00e3o em outros idiomas<\/p>\n\n\n\n<p class=\"tb-heading has-text-color\" data-toolset-blocks-heading=\"8f22bb68207bdb49cdf90c813ccae5c6\" data-last-update=\"1.4\">Ajude os mecanismos de busca a encontrar seu conte\u00fado com sitemaps multil\u00edngues<\/p>\n<\/div>\n<\/div>\n\n<h2 class=\"wp-block-heading\" id=\"get-started\">Primeiros passos<\/h2>\n\n<p>Para usar o Yoast SEO com o WPML, voc\u00ea precisa dos seguintes plugins: <\/p>\n\n<ul class=\"wp-block-list\">\n<li>Yoast SEO<\/li>\n\n\n\n<li>WPML  <\/li>\n\n\n\n<li>WPML String Translation<\/li>\n\n\n\n<li><a href=\"https:\/\/wpml.org\/pt-br\/documentacao\/projetos-relacionados\/wpml-seo\/\">WPML SEO<\/a> (extens\u00e3o gratuita)<\/li>\n<\/ul>\n\n<h2 class=\"wp-block-heading\" id=\"translate-on-page-seo-elements\">Traduza elementos de SEO on-page<\/h2>\n\n<p>O WPML pode traduzir elementos de SEO on-page que voc\u00ea adiciona ao conte\u00fado com o Yoast, como:  <\/p>\n\n<ul class=\"wp-block-list\">\n<li>T\u00edtulos de SEO<\/li>\n\n\n\n<li>Meta descri\u00e7\u00f5es<\/li>\n\n\n\n<li>Slugs de URL<\/li>\n\n\n\n<li>Legendas de imagens<\/li>\n\n\n\n<li>Breadcrumbs<\/li>\n\n\n\n<li>Metadados sociais<\/li>\n<\/ul>\n\n<p>Para traduzir esses elementos, basta enviar para tradu\u00e7\u00e3o o conte\u00fado ao qual eles pertencem:  <\/p>\n\n<ol class=\"wp-block-list\">\n<li>Acesse <strong>WPML<\/strong> \u2192 <strong>Painel de Tradu\u00e7\u00e3o<\/strong>.  <\/li>\n\n\n\n<li>Selecione a p\u00e1gina, o post ou o post personalizado que deseja traduzir.  <\/li>\n<\/ol>\n<div class=\"wp-block-image\">\n<figure class=\" tb-image tb-image-dynamic tb-image-frame-none aligncenter\" data-toolset-blocks-image=\"4331ff0834321f888d21daa056d97c76\"><a href=\"https:\/\/wpml.org\/wp-content\/uploads\/2025\/08\/Selecting-content-to-translate.png\"><img decoding=\"async\" width=\"1935\" height=\"1254\" loading=\"lazy\" src=\"https:\/\/wpml.org\/wp-content\/uploads\/2025\/08\/Selecting-content-to-translate.png\" alt=\"\" class=\"wp-image-17327095\" srcset=\"https:\/\/wpml.org\/wp-content\/uploads\/2025\/08\/Selecting-content-to-translate.png 1935w, https:\/\/wpml.org\/wp-content\/uploads\/2025\/08\/Selecting-content-to-translate-300x194.png 300w, https:\/\/wpml.org\/wp-content\/uploads\/2025\/08\/Selecting-content-to-translate-1024x664.png 1024w, https:\/\/wpml.org\/wp-content\/uploads\/2025\/08\/Selecting-content-to-translate-150x97.png 150w, https:\/\/wpml.org\/wp-content\/uploads\/2025\/08\/Selecting-content-to-translate-768x498.png 768w, https:\/\/wpml.org\/wp-content\/uploads\/2025\/08\/Selecting-content-to-translate-1536x995.png 1536w\" sizes=\"auto, (max-width: 1935px) 100vw, 1935px\" \/><\/a><figcaption><div class=\"tb-image-caption\">Selecionando conte\u00fado para traduzir no Painel de Tradu\u00e7\u00e3o<\/div><\/figcaption><\/figure>\n<\/div>\n<ol start=\"3\" class=\"wp-block-list\">\n<li>Escolha um m\u00e9todo de tradu\u00e7\u00e3o e traduza. Para a melhor qualidade, recomendamos usar a <a href=\"https:\/\/wpml.org\/pt-br\/documentacao\/traducao-automatica-de-conteudos-wordpress-com-o-wpml\/\">tradu\u00e7\u00e3o autom\u00e1tica<\/a> do WPML. <\/li>\n<\/ol>\n\n<p>O WPML traduzir\u00e1 automaticamente os elementos de SEO on-page junto com o restante do seu conte\u00fado.  <\/p>\n\n<h2 class=\"wp-block-heading\" id=\"translating-global-seo-texts\">Traduza textos globais de SEO<\/h2>\n\n<p>Para traduzir textos globais de SEO, como o r\u00f3tulo da p\u00e1gina inicial nos breadcrumbs, siga estas etapas:<\/p>\n\n<ol class=\"wp-block-list\">\n<li>Acesse <strong>WPML<\/strong> \u2192 <strong>Painel de Tradu\u00e7\u00e3o<\/strong>.<\/li>\n\n\n\n<li>Role para baixo at\u00e9 a se\u00e7\u00e3o <strong>Outros textos (Strings) <\/strong>e pesquise seus textos.<\/li>\n\n\n\n<li>Selecione seus textos e envie-os para tradu\u00e7\u00e3o.<\/li>\n<\/ol>\n\n<h2 class=\"wp-block-heading\">Traduza metadados de taxonomia<\/h2>\n\n<p>Antes das nossas atualiza\u00e7\u00f5es recentes do WPML, voc\u00ea s\u00f3 podia traduzir manualmente metadados de taxonomias personalizadas alternando o idioma no admin. Agora, voc\u00ea pode fazer isso pelo <strong>Painel de Tradu\u00e7\u00e3o<\/strong>. <\/p>\n\n<figure class=\"wp-block-image tb-image tb-image-dynamic tb-image-frame-none\" data-toolset-blocks-image=\"121e0122cc57e1efef820652f3bd1fc9\"><a href=\"https:\/\/wpml.org\/wp-content\/uploads\/2025\/06\/yoast-taxonomy-metadata-example.png\"><img decoding=\"async\" width=\"1914\" height=\"1788\" loading=\"lazy\" src=\"https:\/\/wpml.org\/wp-content\/uploads\/2025\/06\/yoast-taxonomy-metadata-example.png\" alt=\"\" class=\"wp-image-17148887\" srcset=\"https:\/\/wpml.org\/wp-content\/uploads\/2025\/06\/yoast-taxonomy-metadata-example.png 1914w, https:\/\/wpml.org\/wp-content\/uploads\/2025\/06\/yoast-taxonomy-metadata-example-300x280.png 300w, https:\/\/wpml.org\/wp-content\/uploads\/2025\/06\/yoast-taxonomy-metadata-example-1024x957.png 1024w, https:\/\/wpml.org\/wp-content\/uploads\/2025\/06\/yoast-taxonomy-metadata-example-150x140.png 150w, https:\/\/wpml.org\/wp-content\/uploads\/2025\/06\/yoast-taxonomy-metadata-example-768x717.png 768w, https:\/\/wpml.org\/wp-content\/uploads\/2025\/06\/yoast-taxonomy-metadata-example-1536x1435.png 1536w\" sizes=\"auto, (max-width: 1914px) 100vw, 1914px\" \/><\/a><figcaption><div class=\"tb-image-caption\">Exemplo de metadados de taxonomia personalizada adicionados com o Yoast SEO<\/div><\/figcaption><\/figure>\n\n<p>Digamos que voc\u00ea definiu o t\u00edtulo de SEO e a meta descri\u00e7\u00e3o de uma categoria. Para traduzir esses metadados: <\/p>\n\n<p>1. V\u00e1 para <strong>WPML \u2192 Painel de Tradu\u00e7\u00e3o<\/strong> e role para baixo at\u00e9 a se\u00e7\u00e3o <strong>Yoast SEO<\/strong>.<\/p>\n\n<p>2. Selecione <strong>Term Meta<\/strong> e envie para tradu\u00e7\u00e3o. Isso traduz todo o texto personalizado adicionado nos campos do Yoast SEO dentro de taxonomias individuais. <\/p>\n\n<figure class=\"wp-block-image tb-image tb-image-dynamic tb-image-frame-none\" data-toolset-blocks-image=\"00b8279b5df45ba72550f840ef09f718\"><a href=\"https:\/\/wpml.org\/wp-content\/uploads\/2025\/08\/translate-yoast-term-meta-scaled-1.png\"><img decoding=\"async\" width=\"2560\" height=\"1697\" loading=\"lazy\" src=\"https:\/\/wpml.org\/wp-content\/uploads\/2025\/08\/translate-yoast-term-meta-scaled-1.png\" alt=\"\" class=\"wp-image-17327109\" srcset=\"https:\/\/wpml.org\/wp-content\/uploads\/2025\/08\/translate-yoast-term-meta-scaled-1.png 2560w, https:\/\/wpml.org\/wp-content\/uploads\/2025\/08\/translate-yoast-term-meta-scaled-1-300x199.png 300w, https:\/\/wpml.org\/wp-content\/uploads\/2025\/08\/translate-yoast-term-meta-scaled-1-1024x679.png 1024w, https:\/\/wpml.org\/wp-content\/uploads\/2025\/08\/translate-yoast-term-meta-scaled-1-150x99.png 150w, https:\/\/wpml.org\/wp-content\/uploads\/2025\/08\/translate-yoast-term-meta-scaled-1-768x509.png 768w, https:\/\/wpml.org\/wp-content\/uploads\/2025\/08\/translate-yoast-term-meta-scaled-1-1536x1018.png 1536w, https:\/\/wpml.org\/wp-content\/uploads\/2025\/08\/translate-yoast-term-meta-scaled-1-2048x1358.png 2048w\" sizes=\"auto, (max-width: 2560px) 100vw, 2560px\" \/><\/a><figcaption><div class=\"tb-image-caption\">Traduzindo metadados de taxonomia do Yoast SEO a partir do Painel de Tradu\u00e7\u00e3o<\/div><\/figcaption><\/figure>\n\n<p>Traduzir os metadados de taxonomia pelo <strong>Painel de Tradu\u00e7\u00e3o <\/strong>substitui quaisquer tradu\u00e7\u00f5es manuais que voc\u00ea possa ter adicionado antes.<\/p>\n\n<p>Se voc\u00ea n\u00e3o traduzir os metadados, as categorias traduzidas usar\u00e3o os metadados padr\u00e3o (globais) adicionados nas configura\u00e7\u00f5es do Yoast. Para traduzir os metadados padr\u00e3o, v\u00e1 para <strong>WPML \u2192 String Translation<\/strong> e filtre por strings de SEO (<strong>admin_texts_wpseo_titles<\/strong>). <\/p>\n\n<h2 class=\"wp-block-heading\" id=\"translate-schema-markup\">Traduza a marca\u00e7\u00e3o de schema<\/h2>\n\n<p>O WPML pode traduzir qualquer tipo de marca\u00e7\u00e3o de esquema que voc\u00ea criar com o Yoast SEO. Isso inclui produto, receita, avalia\u00e7\u00e3o, FAQ e quaisquer outras <a href=\"https:\/\/yoast.com\/structured-data-schema-ultimate-guide\/#kinds\" target=\"_blank\" rel=\"noreferrer noopener\">marca\u00e7\u00f5es que o Yoast suporte<\/a>.  <\/p>\n\n<p>Para traduzir sua marca\u00e7\u00e3o de schema, basta enviar seu conte\u00fado para tradu\u00e7\u00e3o. O WPML gerar\u00e1 automaticamente a marca\u00e7\u00e3o de schema usando suas tradu\u00e7\u00f5es.   <\/p>\n\n<h2 class=\"wp-block-heading\" id=\"create-multilingual-sitemaps\">Crie sitemaps multil\u00edngues<\/h2>\n\n<p>O WPML funciona junto com o Yoast para organizar automaticamente seu conte\u00fado original e traduzido em um sitemap. H\u00e1 apenas um sitemap para todos os idiomas (a menos que voc\u00ea <a href=\"https:\/\/wpml.org\/documentation\/getting-started-guide\/language-setup\/language-url-options\/how-to-use-wpml-with-different-domains-per-language\/\">crie dom\u00ednios separados para cada idioma<\/a>). <\/p>\n\n<h3 class=\"wp-block-heading\">Usando tags hreflang<\/h3>\n\n<p>Por padr\u00e3o, o WPML adiciona <a href=\"https:\/\/wpml.org\/documentation\/support\/adding-hreflang-wordpress\/\">tags hreflang<\/a> para cada varia\u00e7\u00e3o de URL diretamente no sitemap XML para um SEO mais eficiente.<\/p>\n\n<div class=\"wp-block-toolset-blocks-container tb-container\" data-toolset-blocks-container=\"2c91a1408f0350425618fe679f6cd945\">\n<div class=\"wp-block-toolset-blocks-grid tb-grid\" data-toolset-blocks-grid=\"37d19417981b1b97920df56c088840a6\">\n<div class=\"wp-block-toolset-blocks-grid-column tb-grid-column tb-grid-align-top\" data-toolset-blocks-grid-column=\"3034fbe886c11054e95b46b09d3e4112\">\n<div class=\"wp-block-toolset-blocks-container tb-container\" data-toolset-blocks-container=\"8462661d63c4401da3f7686632759d01\"><\/div>\n<\/div>\n\n\n\n<div class=\"wp-block-toolset-blocks-grid-column tb-grid-column tb-grid-align-top\" data-toolset-blocks-grid-column=\"3034fbe886c11054e95b46b09d3e4112\">\n<p class=\"tb-heading has-text-color\" data-toolset-blocks-heading=\"6b0edee257fd23ea76bab786d83a8c96\" data-last-update=\"1.4\"><strong>Observa\u00e7\u00e3o:<\/strong> Esta altera\u00e7\u00e3o s\u00f3 \u00e9 vis\u00edvel no c\u00f3digo-fonte XML.<\/p>\n\n\n\n<p class=\"tb-heading has-text-color\" data-toolset-blocks-heading=\"c1ace1a37913fe1cf5b4191d09bc8145\" data-last-update=\"1.4\">Se voc\u00ea abrir seu sitemap em um navegador, n\u00e3o ver\u00e1 as tags hreflang na visualiza\u00e7\u00e3o leg\u00edvel para humanos. Isso \u00e9 esperado. Para confirmar que as tags est\u00e3o l\u00e1, visualize o c\u00f3digo-fonte da p\u00e1gina \u2014 voc\u00ea ver\u00e1 as tags hreflang corretamente inclu\u00eddas no XML bruto.  <\/p>\n<\/div>\n<\/div>\n<\/div>\n\n<p>Se voc\u00ea preferir as tags hreflang no  da p\u00e1gina, em vez disso, siga estas etapas:<\/p>\n\n<p>1. Desative o recurso de sitemap adicionando o seguinte c\u00f3digo ao seu <strong>wp-config.php<\/strong>:<\/p>\n\n<pre class=\"wp-block-preformatted\">define( 'WPML_SEO_ENABLE_SITEMAP_HREFLANG', false );  <\/pre>\n\n<p>2. Acesse <strong>WPML \u2192 Idiomas<\/strong> e role para baixo at\u00e9 <strong>Op\u00e7\u00f5es de SEO<\/strong>. L\u00e1, ative a configura\u00e7\u00e3o <strong>Exibir idiomas alternativos na se\u00e7\u00e3o HEAD<\/strong>. <\/p>\n\n<figure class=\"wp-block-image tb-image tb-image-dynamic tb-image-frame-none\" data-toolset-blocks-image=\"022f014f7dcb8a799fbee75dd779b8ef\"><a href=\"https:\/\/wpml.org\/wp-content\/uploads\/2025\/08\/display-alternative-languages-1.png\"><img decoding=\"async\" width=\"2348\" height=\"1374\" loading=\"lazy\" src=\"https:\/\/wpml.org\/wp-content\/uploads\/2025\/08\/display-alternative-languages-1.png\" alt=\"\" class=\"wp-image-17327147\" srcset=\"https:\/\/wpml.org\/wp-content\/uploads\/2025\/08\/display-alternative-languages-1.png 2348w, https:\/\/wpml.org\/wp-content\/uploads\/2025\/08\/display-alternative-languages-1-300x176.png 300w, https:\/\/wpml.org\/wp-content\/uploads\/2025\/08\/display-alternative-languages-1-1024x599.png 1024w, https:\/\/wpml.org\/wp-content\/uploads\/2025\/08\/display-alternative-languages-1-150x88.png 150w, https:\/\/wpml.org\/wp-content\/uploads\/2025\/08\/display-alternative-languages-1-768x449.png 768w, https:\/\/wpml.org\/wp-content\/uploads\/2025\/08\/display-alternative-languages-1-1536x899.png 1536w, https:\/\/wpml.org\/wp-content\/uploads\/2025\/08\/display-alternative-languages-1-2048x1198.png 2048w\" sizes=\"auto, (max-width: 2348px) 100vw, 2348px\" \/><\/a><figcaption><div class=\"tb-image-caption\">Ativando a configura\u00e7\u00e3o que adiciona tags hreflang no <head da p\u00e1gina><\/div><\/figcaption><\/figure>\n\n<p>O WPML tamb\u00e9m oferece suporte a um atributo hreflang x-default que define para onde enviar os usu\u00e1rios se o idioma deles n\u00e3o estiver inclu\u00eddo em outras tags hreflang.<\/p>\n\n<h2 class=\"wp-block-heading\" id=\"get-started-yoast-wpml\">Comece a usar o Yoast SEO &amp; WPML<\/h2>\n\n<p>Para usar o Yoast SEO com o WPML, voc\u00ea precisa do plano Multilingual CMS ou Multilingual Agency do WPML. <\/p>\n\n<p>Para saber mais sobre nossos planos, visite nossa <a href=\"https:\/\/wpml.org\/pt-br\/purchase\/\">p\u00e1gina de pre\u00e7os<\/a>.  <\/p>\n\n<h2 class=\"wp-block-heading\" id=\"support-help\">Suporte &amp; Ajuda<\/h2>\n\n<p>Voc\u00ea est\u00e1 tendo problemas para traduzir o Yoast SEO? Visite nossos <a href=\"https:\/\/wpml.org\/known-issues\/\">Problemas Conhecidos e Solu\u00e7\u00f5es<\/a> para encontrar uma corre\u00e7\u00e3o para o seu problema.  <\/p>\n\n<p>Ainda precisa de ajuda? Abra um <a href=\"https:\/\/wpml.org\/pt-br\/forums\/forum\/suporte-em-portugues\/\">ticket de suporte<\/a>.   <\/p>\n","protected":false},"excerpt":{"rendered":"<p class=\"lead\">O Yoast SEO e o WPML alimentam dezenas de milhares de sites WordPress multil\u00edngues. Juntos, eles ajudam voc\u00ea a otimizar o conte\u00fado do seu site para mecanismos de busca em cada um dos idiomas do site (SEO multil\u00edngue). <\/p>\n","protected":false},"author":578773,"featured_media":0,"parent":16317473,"menu_order":41,"comment_status":"closed","ping_status":"closed","template":"template-sidebar-2.php","meta":{"_bbp_topic_count":0,"_bbp_reply_count":0,"_bbp_total_topic_count":0,"_bbp_total_reply_count":0,"_bbp_voice_count":0,"_bbp_anonymous_reply_count":0,"_bbp_topic_count_hidden":0,"_bbp_reply_count_hidden":0,"_bbp_forum_subforum_count":0,"ep_exclude_from_search":false,"footnotes":""},"related-projects-category":[27818],"class_list":["post-15656295","page","type-page","status-publish","hentry","related-projects-category-seo-pt-br"],"_links":{"self":[{"href":"https:\/\/wpml.org\/pt-br\/wp-json\/wp\/v2\/pages\/15656295","targetHints":{"allow":["GET"]}}],"collection":[{"href":"https:\/\/wpml.org\/pt-br\/wp-json\/wp\/v2\/pages"}],"about":[{"href":"https:\/\/wpml.org\/pt-br\/wp-json\/wp\/v2\/types\/page"}],"author":[{"embeddable":true,"href":"https:\/\/wpml.org\/pt-br\/wp-json\/wp\/v2\/users\/578773"}],"replies":[{"embeddable":true,"href":"https:\/\/wpml.org\/pt-br\/wp-json\/wp\/v2\/comments?post=15656295"}],"version-history":[{"count":8,"href":"https:\/\/wpml.org\/pt-br\/wp-json\/wp\/v2\/pages\/15656295\/revisions"}],"predecessor-version":[{"id":17855067,"href":"https:\/\/wpml.org\/pt-br\/wp-json\/wp\/v2\/pages\/15656295\/revisions\/17855067"}],"up":[{"embeddable":true,"href":"https:\/\/wpml.org\/pt-br\/wp-json\/wp\/v2\/pages\/16317473"}],"wp:attachment":[{"href":"https:\/\/wpml.org\/pt-br\/wp-json\/wp\/v2\/media?parent=15656295"}],"wp:term":[{"taxonomy":"related-projects-category","embeddable":true,"href":"https:\/\/wpml.org\/pt-br\/wp-json\/wp\/v2\/related-projects-category?post=15656295"}],"curies":[{"name":"wp","href":"https:\/\/api.w.org\/{rel}","templated":true}]}}