{"id":15660737,"date":"2018-01-08T08:57:04","date_gmt":"2018-01-08T08:57:04","guid":{"rendered":"https:\/\/wpml.org\/documentacao\/traduzindo-seus-conteudos\/exibicao-de-conteudo-nao-traduzido-em-idiomas-secundarios\/"},"modified":"2025-07-23T07:34:50","modified_gmt":"2025-07-23T07:34:50","slug":"exibicao-de-conteudo-nao-traduzido-em-idiomas-secundarios","status":"publish","type":"page","link":"https:\/\/wpml.org\/pt-br\/documentacao\/traduzindo-seus-conteudos\/exibicao-de-conteudo-nao-traduzido-em-idiomas-secundarios\/","title":{"rendered":"Como duplicar e copiar conte\u00fado no WPML"},"content":{"rendered":"\n<p class=\"lead\">A duplica\u00e7\u00e3o e a c\u00f3pia permitem exibir conte\u00fado n\u00e3o traduzido em seus idiomas secund\u00e1rios. Siga este guia para saber mais sobre cada op\u00e7\u00e3o no WPML.  <\/p>\n\n<div style=\"height:30px\" aria-hidden=\"true\" class=\"wp-block-spacer\"><\/div>\n\n<figure class=\"wp-block-table is-style-regular\"><table><tbody><tr><th><\/th><th><a href=\"#duplicating-content\"><strong>Duplicar<\/strong><\/a><\/th><th><a href=\"#copying-content\"><strong>Copiar<\/strong><\/a><\/th><th><a href=\"#fallback-content\"><strong>Fallback<\/strong><\/a><\/th><\/tr><tr><td><strong>Funcionalidade<\/strong><\/td><td>Duplica o conte\u00fado original para idiomas secund\u00e1rios e os mant\u00e9m sincronizados<\/td><td>Copia o conte\u00fado original para idiomas secund\u00e1rios sem mant\u00ea-los sincronizados<\/td><td>Exibe tradu\u00e7\u00f5es se existirem ou o conte\u00fado original quando n\u00e3o h\u00e1 tradu\u00e7\u00f5es<\/td><\/tr><tr><td><strong>Finalidade<\/strong><\/td><td>Voc\u00ea n\u00e3o planeja traduzir seu conte\u00fado, mas quer exibi-lo em todos os idiomas <\/td><td>Voc\u00ea planeja traduzir seu conte\u00fado e precisa de um espa\u00e7o reservado tempor\u00e1rio<\/td><td>Voc\u00ea quer exibir conte\u00fado em idiomas secund\u00e1rios, independentemente da exist\u00eancia de tradu\u00e7\u00f5es<\/td><\/tr><tr><td><strong>Depend\u00eancia<\/strong><\/td><td>Sincronizado com o conte\u00fado original<\/td><td>Independente do conte\u00fado original<\/td><td>Sincronizado com o conte\u00fado original<\/td><\/tr><\/tbody><\/table><\/figure>\n\n<div style=\"height:10px\" aria-hidden=\"true\" class=\"wp-block-spacer\"><\/div>\n\n<h2 class=\"wp-block-heading\" id=\"duplicating-content\">Duplicar Conte\u00fado<a href=\"https:\/\/wpml.org\/pt-br\/documentacao\/traduzindo-seus-conteudos\/exibicao-de-conteudo-nao-traduzido-em-idiomas-secundarios\/#duplicating-content\"><\/a><\/h2>\n\n<p>A duplica\u00e7\u00e3o de conte\u00fado copia todo o conte\u00fado, incluindo taxonomias, do seu idioma padr\u00e3o para o secund\u00e1rio, mantendo ambos sincronizados. Sempre que voc\u00ea editar seu conte\u00fado original, a vers\u00e3o duplicada ser\u00e1 atualizada automaticamente, e quaisquer edi\u00e7\u00f5es feitas nela ser\u00e3o sobrescritas.  <a href=\"https:\/\/wpml.org\/pt-br\/documentacao\/traduzindo-seus-conteudos\/exibicao-de-conteudo-nao-traduzido-em-idiomas-secundarios\/#how-to-duplicate-pages-and-posts-in-bulk\"><\/a><\/p>\n\n<p>Para duplicar conte\u00fado:<\/p>\n\n<ol class=\"wp-block-list\">\n<li>V\u00e1 para <strong>WPML<\/strong> \u2192 <strong>painel de tradu\u00e7\u00e3o<\/strong>.<\/li>\n\n\n\n<li>Selecione os itens que deseja duplicar.<\/li>\n<\/ol>\n\n<figure class=\"wp-block-image tb-image tb-image-dynamic tb-image-frame-none\" data-toolset-blocks-image=\"0d1cc2ab2893aaec940826d240b37d75\"><a href=\"https:\/\/wpml.org\/wp-content\/uploads\/2025\/02\/wpml-translation-management-selecting-posts-for-translation.png\"><img decoding=\"async\" width=\"1024\" height=\"719\" loading=\"lazy\" src=\"https:\/\/wpml.org\/wp-content\/uploads\/2025\/02\/wpml-translation-management-selecting-posts-for-translation-1024x719.png\" alt=\"\" class=\"wp-image-16694680\" srcset=\"https:\/\/wpml.org\/wp-content\/uploads\/2025\/02\/wpml-translation-management-selecting-posts-for-translation-1024x719.png 1024w, https:\/\/wpml.org\/wp-content\/uploads\/2025\/02\/wpml-translation-management-selecting-posts-for-translation-300x211.png 300w, https:\/\/wpml.org\/wp-content\/uploads\/2025\/02\/wpml-translation-management-selecting-posts-for-translation-150x105.png 150w, https:\/\/wpml.org\/wp-content\/uploads\/2025\/02\/wpml-translation-management-selecting-posts-for-translation-768x539.png 768w, https:\/\/wpml.org\/wp-content\/uploads\/2025\/02\/wpml-translation-management-selecting-posts-for-translation-1536x1079.png 1536w, https:\/\/wpml.org\/wp-content\/uploads\/2025\/02\/wpml-translation-management-selecting-posts-for-translation-2048x1438.png 2048w\" sizes=\"auto, (max-width: 1024px) 100vw, 1024px\" \/><\/a><figcaption><div class=\"tb-image-caption\">Selecionando conte\u00fado para traduzir no Painel de Tradu\u00e7\u00e3o<\/div><\/figcaption><\/figure>\n\n<ol start=\"3\" class=\"wp-block-list\">\n<li>Escolha os idiomas para os quais deseja duplicar e clique em <strong>duplicar<\/strong>.<\/li>\n<\/ol>\n\n<h3 class=\"wp-block-heading\" id=\"how-to-convert-a-translation-into-a-duplicate\">Como Converter uma Duplicata em uma Tradu\u00e7\u00e3o<a href=\"https:\/\/wpml.org\/pt-br\/documentacao\/traduzindo-seus-conteudos\/exibicao-de-conteudo-nao-traduzido-em-idiomas-secundarios\/#how-to-convert-a-translation-into-a-duplicate\"><\/a><\/h3>\n\n<p>Para converter uma duplicata em uma tradu\u00e7\u00e3o:<\/p>\n\n<ol class=\"wp-block-list\">\n<li>Na barra de administra\u00e7\u00e3o superior do WordPress, mude para o idioma do seu conte\u00fado duplicado.<\/li>\n<\/ol>\n<div class=\"wp-block-image\">\n<figure class=\" tb-image tb-image-dynamic tb-image-frame-none aligncenter\" data-toolset-blocks-image=\"e81fc7c545f210678a47ec2b534592f8\"><a href=\"https:\/\/wpml.org\/wp-content\/uploads\/2024\/07\/Selecting-language-of-duplicate-content-in-the-top-WordPress-admin-bar.png\"><img decoding=\"async\" width=\"1024\" height=\"644\" loading=\"lazy\" src=\"https:\/\/wpml.org\/wp-content\/uploads\/2024\/07\/Selecting-language-of-duplicate-content-in-the-top-WordPress-admin-bar-1024x644.png\" alt=\"Selecting language of duplicate content in the top WordPress admin bar\" class=\"wp-image-15968056\" srcset=\"https:\/\/wpml.org\/wp-content\/uploads\/2024\/07\/Selecting-language-of-duplicate-content-in-the-top-WordPress-admin-bar-1024x644.png 1024w, https:\/\/wpml.org\/wp-content\/uploads\/2024\/07\/Selecting-language-of-duplicate-content-in-the-top-WordPress-admin-bar-300x189.png 300w, https:\/\/wpml.org\/wp-content\/uploads\/2024\/07\/Selecting-language-of-duplicate-content-in-the-top-WordPress-admin-bar-150x94.png 150w, https:\/\/wpml.org\/wp-content\/uploads\/2024\/07\/Selecting-language-of-duplicate-content-in-the-top-WordPress-admin-bar-768x483.png 768w, https:\/\/wpml.org\/wp-content\/uploads\/2024\/07\/Selecting-language-of-duplicate-content-in-the-top-WordPress-admin-bar-1536x966.png 1536w, https:\/\/wpml.org\/wp-content\/uploads\/2024\/07\/Selecting-language-of-duplicate-content-in-the-top-WordPress-admin-bar.png 1995w\" sizes=\"auto, (max-width: 1024px) 100vw, 1024px\" \/><\/a><figcaption><div class=\"tb-image-caption\">Selecionando o idioma do conte\u00fado duplicado na barra de administra\u00e7\u00e3o superior do WordPress<\/div><\/figcaption><\/figure>\n<\/div>\n<ol start=\"2\" class=\"wp-block-list\">\n<li><strong>Edite<\/strong> o item duplicado que deseja converter em uma tradu\u00e7\u00e3o.<\/li>\n\n\n\n<li>Um pop-up aparecer\u00e1 assim que o editor carregar. Clique em <strong>editar mesmo assim<\/strong>. <\/li>\n\n\n\n<li>Na se\u00e7\u00e3o <strong>idioma<\/strong> no editor, clique em <strong>traduzir independentemente<\/strong>.<\/li>\n<\/ol>\n<div class=\"wp-block-image\">\n<figure class=\" tb-image tb-image-dynamic tb-image-frame-none aligncenter\" data-toolset-blocks-image=\"74b0cc9c8fc11af3dc25b4bc8a124c09\"><a href=\"https:\/\/wpml.org\/wp-content\/uploads\/2024\/04\/selecting-translate-independently-in-wordpress-editor-1-2.png\"><img decoding=\"async\" width=\"1024\" height=\"619\" loading=\"lazy\" src=\"https:\/\/wpml.org\/wp-content\/uploads\/2024\/04\/selecting-translate-independently-in-wordpress-editor-1-2-1024x619.png\" alt=\"selecting translate independently in wordpress editor\" class=\"wp-image-15539169\" srcset=\"https:\/\/wpml.org\/wp-content\/uploads\/2024\/04\/selecting-translate-independently-in-wordpress-editor-1-2-1024x619.png 1024w, https:\/\/wpml.org\/wp-content\/uploads\/2024\/04\/selecting-translate-independently-in-wordpress-editor-1-2-300x181.png 300w, https:\/\/wpml.org\/wp-content\/uploads\/2024\/04\/selecting-translate-independently-in-wordpress-editor-1-2-150x91.png 150w, https:\/\/wpml.org\/wp-content\/uploads\/2024\/04\/selecting-translate-independently-in-wordpress-editor-1-2-768x464.png 768w, https:\/\/wpml.org\/wp-content\/uploads\/2024\/04\/selecting-translate-independently-in-wordpress-editor-1-2-1536x928.png 1536w, https:\/\/wpml.org\/wp-content\/uploads\/2024\/04\/selecting-translate-independently-in-wordpress-editor-1-2-2048x1237.png 2048w\" sizes=\"auto, (max-width: 1024px) 100vw, 1024px\" \/><\/a><figcaption><div class=\"tb-image-caption\"><em>Clicando em traduzir independentemente no editor do WordPress<\/em><\/div><\/figcaption><\/figure>\n<\/div>\n<p>Sua p\u00e1gina agora deixar\u00e1 de sincronizar com o conte\u00fado original. <\/p>\n\n<p>Para converter uma tradu\u00e7\u00e3o de volta para uma duplicata, siga os mesmos passos descritos acima, mas clique no bot\u00e3o <strong>Substituir com conte\u00fado do [idioma padr\u00e3o]<\/strong>.<\/p>\n<div class=\"wp-block-image\">\n<figure class=\" tb-image tb-image-dynamic tb-image-frame-none aligncenter\" data-toolset-blocks-image=\"13dc996ab5cc5b65a5a74dc3f52a0dbc\"><a href=\"https:\/\/wpml.org\/wp-content\/uploads\/2024\/04\/overwriting-content-with-deafult-language-content-1.png\"><img decoding=\"async\" width=\"1024\" height=\"617\" loading=\"lazy\" src=\"https:\/\/wpml.org\/wp-content\/uploads\/2024\/04\/overwriting-content-with-deafult-language-content-1-1024x617.png\" alt=\"overwriting content with default language content\" class=\"wp-image-15539186\" srcset=\"https:\/\/wpml.org\/wp-content\/uploads\/2024\/04\/overwriting-content-with-deafult-language-content-1-1024x617.png 1024w, https:\/\/wpml.org\/wp-content\/uploads\/2024\/04\/overwriting-content-with-deafult-language-content-1-300x181.png 300w, https:\/\/wpml.org\/wp-content\/uploads\/2024\/04\/overwriting-content-with-deafult-language-content-1-150x90.png 150w, https:\/\/wpml.org\/wp-content\/uploads\/2024\/04\/overwriting-content-with-deafult-language-content-1-768x463.png 768w, https:\/\/wpml.org\/wp-content\/uploads\/2024\/04\/overwriting-content-with-deafult-language-content-1-1536x925.png 1536w, https:\/\/wpml.org\/wp-content\/uploads\/2024\/04\/overwriting-content-with-deafult-language-content-1-2048x1234.png 2048w\" sizes=\"auto, (max-width: 1024px) 100vw, 1024px\" \/><\/a><figcaption><div class=\"tb-image-caption\"><em>Substituindo conte\u00fado com o conte\u00fado do idioma padr\u00e3o<\/em><\/div><\/figcaption><\/figure>\n<\/div>\n<h2 class=\"wp-block-heading\" id=\"copying-content\">Copiar Conte\u00fado<a href=\"https:\/\/wpml.org\/pt-br\/documentacao\/traduzindo-seus-conteudos\/exibicao-de-conteudo-nao-traduzido-em-idiomas-secundarios\/#copying-content\"><\/a><\/h2>\n\n<p>Copiar conte\u00fado faz a mesma coisa que duplicar conte\u00fado, com uma exce\u00e7\u00e3o: o conte\u00fado copiado n\u00e3o \u00e9 sincronizado com o original. Isso significa que voc\u00ea pode edit\u00e1-lo independentemente sem sobrescrever as altera\u00e7\u00f5es quando atualizar o conte\u00fado original. <\/p>\n\n<p>Copiar conte\u00fado copia o t\u00edtulo, o resumo e o conte\u00fado da p\u00e1gina do idioma padr\u00e3o. Ele <strong>n\u00e3o<\/strong> copia campos personalizados.<a href=\"https:\/\/wpml.org\/pt-br\/documentacao\/traduzindo-seus-conteudos\/exibicao-de-conteudo-nao-traduzido-em-idiomas-secundarios\/#how-to-copy-content\"><\/a><\/p>\n\n<div style=\"height:15px\" aria-hidden=\"true\" class=\"wp-block-spacer\"><\/div>\n\n<p>Para copiar conte\u00fado:<\/p>\n\n<ol class=\"wp-block-list\">\n<li><strong>Edite<\/strong> a p\u00e1gina no idioma padr\u00e3o.<\/li>\n\n\n\n<li>Na barra de administra\u00e7\u00e3o superior do WordPress, mude para o idioma para o qual deseja copiar. Uma p\u00e1gina em branco aparecer\u00e1. <\/li>\n\n\n\n<li>Na se\u00e7\u00e3o <strong>Idioma<\/strong> no editor, clique no bot\u00e3o <strong>Copiar conte\u00fado do [idioma padr\u00e3o]<\/strong>.<\/li>\n<\/ol>\n<div class=\"wp-block-image\">\n<figure class=\" tb-image tb-image-dynamic tb-image-frame-none aligncenter\" data-toolset-blocks-image=\"acdfe6fcc3f2793ddb6d7c8839e5f9fc\"><a href=\"https:\/\/wpml.org\/wp-content\/uploads\/2024\/04\/Copying-default-language-content-to-a-secondary-language-page-1.png\"><img decoding=\"async\" width=\"1024\" height=\"501\" loading=\"lazy\" src=\"https:\/\/wpml.org\/wp-content\/uploads\/2024\/04\/Copying-default-language-content-to-a-secondary-language-page-1-1024x501.png\" alt=\"Copying default language content to a secondary language page\" class=\"wp-image-15539345\" srcset=\"https:\/\/wpml.org\/wp-content\/uploads\/2024\/04\/Copying-default-language-content-to-a-secondary-language-page-1-1024x501.png 1024w, https:\/\/wpml.org\/wp-content\/uploads\/2024\/04\/Copying-default-language-content-to-a-secondary-language-page-1-300x147.png 300w, https:\/\/wpml.org\/wp-content\/uploads\/2024\/04\/Copying-default-language-content-to-a-secondary-language-page-1-150x73.png 150w, https:\/\/wpml.org\/wp-content\/uploads\/2024\/04\/Copying-default-language-content-to-a-secondary-language-page-1-768x375.png 768w, https:\/\/wpml.org\/wp-content\/uploads\/2024\/04\/Copying-default-language-content-to-a-secondary-language-page-1-1536x751.png 1536w, https:\/\/wpml.org\/wp-content\/uploads\/2024\/04\/Copying-default-language-content-to-a-secondary-language-page-1-2048x1001.png 2048w\" sizes=\"auto, (max-width: 1024px) 100vw, 1024px\" \/><\/a><figcaption><div class=\"tb-image-caption\"><em>Copiando conte\u00fado do idioma padr\u00e3o para uma p\u00e1gina em idioma secund\u00e1rio<\/em><\/div><\/figcaption><\/figure>\n<\/div>\n<div class=\"wp-block-toolset-blocks-container tb-container\" data-toolset-blocks-container=\"f5f041a90998d188dc29b72f1841b8ae\">\n<div class=\"wp-block-toolset-blocks-grid tb-grid\" data-toolset-blocks-grid=\"37d19417981b1b97920df56c088840a6\">\n<div class=\"wp-block-toolset-blocks-grid-column tb-grid-column tb-grid-align-top\" data-toolset-blocks-grid-column=\"3034fbe886c11054e95b46b09d3e4112\">\n<div class=\"wp-block-toolset-blocks-container tb-container\" data-toolset-blocks-container=\"8462661d63c4401da3f7686632759d01\"><\/div>\n<\/div>\n\n\n\n<div class=\"wp-block-toolset-blocks-grid-column tb-grid-column tb-grid-align-top\" data-toolset-blocks-grid-column=\"3034fbe886c11054e95b46b09d3e4112\">\n<p class=\"tb-heading has-text-color\" data-toolset-blocks-heading=\"c1ace1a37913fe1cf5b4191d09bc8145\" data-last-update=\"1.4\">Se voc\u00ea estiver usando o editor de blocos Gutenberg e n\u00e3o vir o seletor de idioma no topo da tela, clique no menu de 3 pontos no canto superior direito e desmarque o <strong>modo tela cheia<\/strong>.<\/p>\n<\/div>\n<\/div>\n<\/div>\n\n<p><\/p>\n\n<h2 class=\"wp-block-heading\" id=\"fallback-content\">Fallback de Conte\u00fado N\u00e3o Traduzido para o Idioma Padr\u00e3o<a href=\"https:\/\/wpml.org\/pt-br\/documentacao\/traduzindo-seus-conteudos\/exibicao-de-conteudo-nao-traduzido-em-idiomas-secundarios\/#using-the-default-language-as-a-fallback-for-untranslated-content\"><\/a><\/h2>\n\n<p>O fallback de conte\u00fado n\u00e3o traduzido exibe o conte\u00fado original quando n\u00e3o h\u00e1 tradu\u00e7\u00f5es dispon\u00edveis. Em outras palavras:  <\/p>\n\n<ul class=\"wp-block-list\">\n<li>Se o conte\u00fado n\u00e3o tiver tradu\u00e7\u00f5es, ele aparecer\u00e1 no idioma padr\u00e3o. <a href=\"https:\/\/wpml.org\/pt-br\/documentacao\/traduzindo-seus-conteudos\/exibicao-de-conteudo-nao-traduzido-em-idiomas-secundarios\/#how-to-display-untranslated-post-types-as-a-fallback\"><\/a><\/li>\n\n\n\n<li>Se o conte\u00fado tiver tradu\u00e7\u00f5es, ele aparecer\u00e1 traduzido. <\/li>\n<\/ul>\n\n<div style=\"height:15px\" aria-hidden=\"true\" class=\"wp-block-spacer\"><\/div>\n\n<p>Para fazer o fallback de tipos de post n\u00e3o traduzidos para o seu idioma padr\u00e3o:<\/p>\n\n<ol class=\"wp-block-list\">\n<li>V\u00e1 para <strong>WPML \u2192 configura\u00e7\u00f5es<\/strong>. <\/li>\n\n\n\n<li>Role para baixo at\u00e9 <strong>Tradu\u00e7\u00e3o de Tipos de Post<\/strong> e selecione <strong>Traduz\u00edvel \u2013 usar tradu\u00e7\u00e3o se dispon\u00edvel ou fazer fallback para o idioma padr\u00e3o<\/strong> para seus tipos de post. <\/li>\n<\/ol>\n\n<figure class=\"wp-block-image tb-image tb-image-dynamic tb-image-frame-none\" data-toolset-blocks-image=\"839b20c4ccf56d765b729f4ce30c7583\"><a href=\"https:\/\/wpml.org\/wp-content\/uploads\/2024\/04\/Setting-post-types-to-fallback-to-original-language.png\"><img decoding=\"async\" width=\"1024\" height=\"560\" loading=\"lazy\" src=\"https:\/\/wpml.org\/wp-content\/uploads\/2024\/04\/Setting-post-types-to-fallback-to-original-language-1024x560.png\" alt=\"Setting post types to fallback to original language\" class=\"wp-image-15539608\" srcset=\"https:\/\/wpml.org\/wp-content\/uploads\/2024\/04\/Setting-post-types-to-fallback-to-original-language-1024x560.png 1024w, https:\/\/wpml.org\/wp-content\/uploads\/2024\/04\/Setting-post-types-to-fallback-to-original-language-300x164.png 300w, https:\/\/wpml.org\/wp-content\/uploads\/2024\/04\/Setting-post-types-to-fallback-to-original-language-150x82.png 150w, https:\/\/wpml.org\/wp-content\/uploads\/2024\/04\/Setting-post-types-to-fallback-to-original-language-768x420.png 768w, https:\/\/wpml.org\/wp-content\/uploads\/2024\/04\/Setting-post-types-to-fallback-to-original-language-1536x840.png 1536w, https:\/\/wpml.org\/wp-content\/uploads\/2024\/04\/Setting-post-types-to-fallback-to-original-language-2048x1121.png 2048w\" sizes=\"auto, (max-width: 1024px) 100vw, 1024px\" \/><\/a><figcaption><div class=\"tb-image-caption\"><em>Configurando tipos de post para fazer fallback para o idioma padr\u00e3o<\/em><\/div><\/figcaption><\/figure>\n\n<p>Para que as taxonomias n\u00e3o traduzidas retrocedam ao seu idioma padr\u00e3o:<\/p>\n\n<ol class=\"wp-block-list\">\n<li>V\u00e1 para <strong>WPML \u2192 configura\u00e7\u00f5es<\/strong>.<\/li>\n\n\n\n<li>Role para baixo at\u00e9 <strong>Taxonomias personalizadas<\/strong> e selecione <strong>Traduz\u00edvel \u2013 usar tradu\u00e7\u00e3o se dispon\u00edvel ou fazer fallback para o idioma padr\u00e3o<\/strong> para suas taxonomias. <\/li>\n<\/ol>\n<div class=\"wp-block-image\">\n<figure class=\" tb-image tb-image-dynamic tb-image-frame-none aligncenter\" data-toolset-blocks-image=\"63e176be054e03aa39f473a8c422fdc4\"><a href=\"https:\/\/wpml.org\/wp-content\/uploads\/2024\/04\/Setting-taxonomies-to-fallback-to-default-language.png\"><img decoding=\"async\" width=\"1024\" height=\"562\" loading=\"lazy\" src=\"https:\/\/wpml.org\/wp-content\/uploads\/2024\/04\/Setting-taxonomies-to-fallback-to-default-language-1024x562.png\" alt=\"Setting taxonomies to fallback to default language\" class=\"wp-image-15539771\" srcset=\"https:\/\/wpml.org\/wp-content\/uploads\/2024\/04\/Setting-taxonomies-to-fallback-to-default-language-1024x562.png 1024w, https:\/\/wpml.org\/wp-content\/uploads\/2024\/04\/Setting-taxonomies-to-fallback-to-default-language-300x165.png 300w, https:\/\/wpml.org\/wp-content\/uploads\/2024\/04\/Setting-taxonomies-to-fallback-to-default-language-150x82.png 150w, https:\/\/wpml.org\/wp-content\/uploads\/2024\/04\/Setting-taxonomies-to-fallback-to-default-language-768x421.png 768w, https:\/\/wpml.org\/wp-content\/uploads\/2024\/04\/Setting-taxonomies-to-fallback-to-default-language-1536x843.png 1536w, https:\/\/wpml.org\/wp-content\/uploads\/2024\/04\/Setting-taxonomies-to-fallback-to-default-language-2048x1124.png 2048w\" sizes=\"auto, (max-width: 1024px) 100vw, 1024px\" \/><\/a><figcaption><div class=\"tb-image-caption\">Configurando taxonomias para retroceder ao idioma padr\u00e3o<\/div><\/figcaption><\/figure>\n<\/div>","protected":false},"excerpt":{"rendered":"<p>A duplica\u00e7\u00e3o e a c\u00f3pia permitem exibir conte\u00fado n\u00e3o traduzido em seus idiomas secund\u00e1rios. Siga este guia para saber mais sobre cada op\u00e7\u00e3o no WPML. Duplicar Copiar Fallback Funcionalidade Duplica o conte\u00fado original para idiomas secund\u00e1rios e os mant\u00e9m sincronizados Copia o conte\u00fado original para idiomas secund\u00e1rios sem mant\u00ea-los sincronizados Exibe tradu\u00e7\u00f5es se existirem ou [&hellip;]<\/p>\n","protected":false},"author":578773,"featured_media":0,"parent":96594,"menu_order":50,"comment_status":"closed","ping_status":"closed","template":"template-sidebar-2.php","meta":{"_bbp_topic_count":0,"_bbp_reply_count":0,"_bbp_total_topic_count":0,"_bbp_total_reply_count":0,"_bbp_voice_count":0,"_bbp_anonymous_reply_count":0,"_bbp_topic_count_hidden":0,"_bbp_reply_count_hidden":0,"_bbp_forum_subforum_count":0,"_uag_custom_page_level_css":"","ep_exclude_from_search":false,"footnotes":""},"related-projects-category":[],"class_list":["post-15660737","page","type-page","status-publish","hentry"],"spectra_custom_meta":{"ratings_users":["0"],"ratings_score":["0"],"ratings_average":["0"],"_subscription_coupon_product_id":["0"],"_wpv_contains_gutenberg_views":[""],"_alp_processed":["1753256091"],"_views_template":["0"],"wpcf-unformatted-code":[""],"_wpml_media_duplicate":["0"],"_wpml_media_featured":["1"],"toolset_post_editor_mode":["block"],"wpcf-price-increase-show-from":[""],"wpcf-price-increase-show-till":[""],"_wp_page_template":["template-sidebar-2.php"],"_last_translation_edit_mode":["translation-editor"],"_wpml_word_count":["718"],"cmplz_hide_cookiebanner":[""],"wpcf-price-increase-content":[""],"wpcf-login-box-title":[""],"wpcf-page-content":[""],"_yoast_wpseo_primary_related-projects-category":[""],"_yoast_wpseo_title":["%%title%% %%page%%"],"_yoast_wpseo_metadesc":["A duplica\u00e7\u00e3o e a c\u00f3pia permitem exibir conte\u00fado n\u00e3o traduzido em seus idiomas secund\u00e1rios. Siga este guia para aprender sobre cada op\u00e7\u00e3o no WPML."],"_uag_css_file_name":["uag-css-15660737.css"],"_uag_page_assets":["a:9:{s:3:\"css\";s:260:\".uag-blocks-common-selector{z-index:var(--z-index-desktop) !important}@media(max-width: 976px){.uag-blocks-common-selector{z-index:var(--z-index-tablet) !important}}@media(max-width: 767px){.uag-blocks-common-selector{z-index:var(--z-index-mobile) !important}}\";s:2:\"js\";s:0:\"\";s:18:\"current_block_list\";a:12:{i:0;s:14:\"core\/paragraph\";i:1;s:11:\"core\/spacer\";i:2;s:10:\"core\/table\";i:3;s:12:\"core\/heading\";i:4;s:9:\"core\/list\";i:5;s:14:\"core\/list-item\";i:6;s:20:\"toolset-blocks\/image\";i:7;s:24:\"toolset-blocks\/container\";i:8;s:19:\"toolset-blocks\/grid\";i:9;s:26:\"toolset-blocks\/grid-column\";i:11;s:22:\"toolset-blocks\/heading\";i:12;s:14:\"core\/shortcode\";}s:8:\"uag_flag\";b:0;s:11:\"uag_version\";s:10:\"1778553436\";s:6:\"gfonts\";a:0:{}s:10:\"gfonts_url\";s:0:\"\";s:12:\"gfonts_files\";a:0:{}s:14:\"uag_faq_layout\";b:0;}"]},"uagb_featured_image_src":{"full":false,"thumbnail":false,"medium":false,"medium_large":false,"large":false,"1536x1536":false,"2048x2048":false,"gform-image-choice-sm":false,"gform-image-choice-md":false,"gform-image-choice-lg":false,"woocommerce_thumbnail":false,"woocommerce_single":false,"woocommerce_gallery_thumbnail":false},"uagb_author_info":{"display_name":"Tomer Helzer","author_link":"https:\/\/wpml.org\/pt-br\/author\/tomer-h\/"},"uagb_comment_info":0,"uagb_excerpt":"A duplica\u00e7\u00e3o e a c\u00f3pia permitem exibir conte\u00fado n\u00e3o traduzido em seus idiomas secund\u00e1rios. Siga este guia para saber mais sobre cada op\u00e7\u00e3o no WPML. Duplicar Copiar Fallback Funcionalidade Duplica o conte\u00fado original para idiomas secund\u00e1rios e os mant\u00e9m sincronizados Copia o conte\u00fado original para idiomas secund\u00e1rios sem mant\u00ea-los sincronizados Exibe tradu\u00e7\u00f5es se existirem ou&hellip;","_links":{"self":[{"href":"https:\/\/wpml.org\/pt-br\/wp-json\/wp\/v2\/pages\/15660737","targetHints":{"allow":["GET"]}}],"collection":[{"href":"https:\/\/wpml.org\/pt-br\/wp-json\/wp\/v2\/pages"}],"about":[{"href":"https:\/\/wpml.org\/pt-br\/wp-json\/wp\/v2\/types\/page"}],"author":[{"embeddable":true,"href":"https:\/\/wpml.org\/pt-br\/wp-json\/wp\/v2\/users\/578773"}],"replies":[{"embeddable":true,"href":"https:\/\/wpml.org\/pt-br\/wp-json\/wp\/v2\/comments?post=15660737"}],"version-history":[{"count":7,"href":"https:\/\/wpml.org\/pt-br\/wp-json\/wp\/v2\/pages\/15660737\/revisions"}],"predecessor-version":[{"id":17262024,"href":"https:\/\/wpml.org\/pt-br\/wp-json\/wp\/v2\/pages\/15660737\/revisions\/17262024"}],"up":[{"embeddable":true,"href":"https:\/\/wpml.org\/pt-br\/wp-json\/wp\/v2\/pages\/96594"}],"wp:attachment":[{"href":"https:\/\/wpml.org\/pt-br\/wp-json\/wp\/v2\/media?parent=15660737"}],"wp:term":[{"taxonomy":"related-projects-category","embeddable":true,"href":"https:\/\/wpml.org\/pt-br\/wp-json\/wp\/v2\/related-projects-category?post=15660737"}],"curies":[{"name":"wp","href":"https:\/\/api.w.org\/{rel}","templated":true}]}}