{"id":15711912,"date":"2024-06-06T14:24:48","date_gmt":"2024-06-06T14:24:48","guid":{"rendered":"https:\/\/wpml.org\/documentacao\/por-onde-comecar\/configuracao-de-idiomas\/ocultacao-de-idiomas-no-front-end\/"},"modified":"2024-12-10T14:07:27","modified_gmt":"2024-12-10T14:07:27","slug":"ocultacao-de-idiomas-no-front-end","status":"publish","type":"page","link":"https:\/\/wpml.org\/pt-br\/documentacao\/por-onde-comecar\/configuracao-de-idiomas\/ocultacao-de-idiomas-no-front-end\/","title":{"rendered":"Oculta\u00e7\u00e3o de idiomas no front-end"},"content":{"rendered":"\n<p class=\"lead\">WPML permite ocultar idiomas em seu site enquanto prepara tradu\u00e7\u00f5es, garantindo que o conte\u00fado incompleto permane\u00e7a oculto.<\/p>\n\n<p>Para ocultar um idioma no front-end, v\u00e1 para a p\u00e1gina <strong>WPML<\/strong> \u2192 <strong>Idiomas<\/strong> e na se\u00e7\u00e3o <strong>Ocultar idiomas<\/strong> selecione todos os idiomas que deseja ocultar. Depois de selecionar os idiomas, clique no bot\u00e3o <strong>Salvar<\/strong>.<\/p>\n<div class=\"wp-block-image\">\n<figure class=\" tb-image tb-image-dynamic tb-image-frame-none aligncenter\" data-toolset-blocks-image=\"0c937333e46f9ddfe3e313c71fd8ecd4\"><a href=\"https:\/\/wpml.org\/wp-content\/uploads\/2021\/08\/wpml-hiding-language-from-frontend.png\"><img decoding=\"async\" width=\"1127\" height=\"569\" loading=\"lazy\" src=\"https:\/\/wpml.org\/wp-content\/uploads\/2021\/08\/wpml-hiding-language-from-frontend.png\" alt=\"\" class=\"wp-image-9390475\" srcset=\"https:\/\/wpml.org\/wp-content\/uploads\/2021\/08\/wpml-hiding-language-from-frontend.png 1127w, https:\/\/wpml.org\/wp-content\/uploads\/2021\/08\/wpml-hiding-language-from-frontend-300x151.png 300w, https:\/\/wpml.org\/wp-content\/uploads\/2021\/08\/wpml-hiding-language-from-frontend-1024x517.png 1024w, https:\/\/wpml.org\/wp-content\/uploads\/2021\/08\/wpml-hiding-language-from-frontend-150x76.png 150w, https:\/\/wpml.org\/wp-content\/uploads\/2021\/08\/wpml-hiding-language-from-frontend-768x388.png 768w\" sizes=\"auto, (max-width: 1127px) 100vw, 1127px\" \/><\/a><figcaption><div class=\"tb-image-caption\">Ocultando idioma no front-end<\/div><\/figcaption><\/figure>\n<\/div>\n<h2 class=\"wp-block-heading\">Envio de conte\u00fado para tradu\u00e7\u00e3o e revis\u00e3o de tradu\u00e7\u00f5es para idiomas ocultos<\/h2>\n\n<p>Para <a href=\"https:\/\/wpml.org\/documentation\/translating-your-contents\/\">enviar conte\u00fado para tradu\u00e7\u00e3o<\/a> de idiomas ocultos, voc\u00ea deve primeiro ajustar uma configura\u00e7\u00e3o de perfil de usu\u00e1rio para seus tradutores. Isso tamb\u00e9m se aplica se voc\u00ea precisar permitir que os tradutores revisem e aprovem tradu\u00e7\u00f5es pendentes para esses idiomas.<\/p>\n\n<ol class=\"wp-block-list\">\n<li>V\u00e1 para <strong>Users <\/strong>\u2192 <strong>All Users<\/strong> e clique em <strong>Edit<\/strong> ao lado do usu\u00e1rio que voc\u00ea deseja ver os idiomas ocultos.<\/li>\n\n\n\n<li>Encontre a se\u00e7\u00e3o <strong>configura\u00e7\u00f5es de idioma do WPML<\/strong> e marque a caixa de sele\u00e7\u00e3o <strong>Exibir idiomas ocultos<\/strong>.<\/li>\n\n\n\n<li>Clique no bot\u00e3o <strong>Update Profile (Atualizar perfil<\/strong> ) para salvar.<\/li>\n<\/ol>\n<div class=\"wp-block-image\">\n<figure class=\" tb-image tb-image-dynamic tb-image-frame-none aligncenter\" data-toolset-blocks-image=\"f7338b238b5c7b32fd2f9da85b9f02a0\"><a href=\"https:\/\/wpml.org\/wp-content\/uploads\/2021\/10\/wpml-edit-user-profile-settings.png\"><img decoding=\"async\" width=\"877\" height=\"438\" loading=\"lazy\" src=\"https:\/\/wpml.org\/wp-content\/uploads\/2021\/10\/wpml-edit-user-profile-settings.png\" alt=\"\" class=\"wp-image-9764303\" srcset=\"https:\/\/wpml.org\/wp-content\/uploads\/2021\/10\/wpml-edit-user-profile-settings.png 877w, https:\/\/wpml.org\/wp-content\/uploads\/2021\/10\/wpml-edit-user-profile-settings-300x150.png 300w, https:\/\/wpml.org\/wp-content\/uploads\/2021\/10\/wpml-edit-user-profile-settings-150x75.png 150w, https:\/\/wpml.org\/wp-content\/uploads\/2021\/10\/wpml-edit-user-profile-settings-768x384.png 768w\" sizes=\"auto, (max-width: 877px) 100vw, 877px\" \/><\/a><figcaption><div class=\"tb-image-caption\">Edi\u00e7\u00e3o das configura\u00e7\u00f5es do perfil do usu\u00e1rio<\/div><\/figcaption><\/figure>\n<\/div>\n<p>Agora, voc\u00ea pode atribuir trabalhos de tradu\u00e7\u00e3o a esse usu\u00e1rio espec\u00edfico e permitir que ele revise tradu\u00e7\u00f5es para idiomas ocultos.<\/p>\n","protected":false},"excerpt":{"rendered":"<p>WPML permite ocultar idiomas em seu site enquanto prepara tradu\u00e7\u00f5es, garantindo que o conte\u00fado incompleto permane\u00e7a oculto. Para ocultar um idioma no front-end, v\u00e1 para a p\u00e1gina WPML \u2192 Idiomas e na se\u00e7\u00e3o Ocultar idiomas selecione todos os idiomas que deseja ocultar. Depois de selecionar os idiomas, clique no bot\u00e3o Salvar. Envio de conte\u00fado para [&hellip;]<\/p>\n","protected":false},"author":76577,"featured_media":0,"parent":100360,"menu_order":39,"comment_status":"closed","ping_status":"closed","template":"template-nosidebar-centered.php","meta":{"_bbp_topic_count":0,"_bbp_reply_count":0,"_bbp_total_topic_count":0,"_bbp_total_reply_count":0,"_bbp_voice_count":0,"_bbp_anonymous_reply_count":0,"_bbp_topic_count_hidden":0,"_bbp_reply_count_hidden":0,"_bbp_forum_subforum_count":0,"ep_exclude_from_search":false,"footnotes":""},"related-projects-category":[],"class_list":["post-15711912","page","type-page","status-publish","hentry"],"_links":{"self":[{"href":"https:\/\/wpml.org\/pt-br\/wp-json\/wp\/v2\/pages\/15711912","targetHints":{"allow":["GET"]}}],"collection":[{"href":"https:\/\/wpml.org\/pt-br\/wp-json\/wp\/v2\/pages"}],"about":[{"href":"https:\/\/wpml.org\/pt-br\/wp-json\/wp\/v2\/types\/page"}],"author":[{"embeddable":true,"href":"https:\/\/wpml.org\/pt-br\/wp-json\/wp\/v2\/users\/76577"}],"replies":[{"embeddable":true,"href":"https:\/\/wpml.org\/pt-br\/wp-json\/wp\/v2\/comments?post=15711912"}],"version-history":[{"count":3,"href":"https:\/\/wpml.org\/pt-br\/wp-json\/wp\/v2\/pages\/15711912\/revisions"}],"predecessor-version":[{"id":16498668,"href":"https:\/\/wpml.org\/pt-br\/wp-json\/wp\/v2\/pages\/15711912\/revisions\/16498668"}],"up":[{"embeddable":true,"href":"https:\/\/wpml.org\/pt-br\/wp-json\/wp\/v2\/pages\/100360"}],"wp:attachment":[{"href":"https:\/\/wpml.org\/pt-br\/wp-json\/wp\/v2\/media?parent=15711912"}],"wp:term":[{"taxonomy":"related-projects-category","embeddable":true,"href":"https:\/\/wpml.org\/pt-br\/wp-json\/wp\/v2\/related-projects-category?post=15711912"}],"curies":[{"name":"wp","href":"https:\/\/api.w.org\/{rel}","templated":true}]}}