{"id":15990751,"date":"2021-09-23T13:25:56","date_gmt":"2021-09-23T13:25:56","guid":{"rendered":"https:\/\/wpml.org\/documentacao\/traduzindo-seus-conteudos\/advanced-translation-editor\/como-usar-o-glossario-para-traducoes-precisas\/"},"modified":"2025-08-21T10:31:22","modified_gmt":"2025-08-21T10:31:22","slug":"como-usar-o-glossario-para-traducoes-precisas","status":"publish","type":"page","link":"https:\/\/wpml.org\/pt-br\/documentacao\/traduzindo-seus-conteudos\/advanced-translation-editor\/como-usar-o-glossario-para-traducoes-precisas\/","title":{"rendered":"Como utilizar o gloss\u00e1rio do WPML"},"content":{"rendered":"\n<p class=\"lead\">O gloss\u00e1rio do WPML ajuda voc\u00ea a obter tradu\u00e7\u00f5es de maior qualidade definindo como deseja que certas palavras apare\u00e7am em v\u00e1rios idiomas.<\/p>\n\n<h2 class=\"wp-block-heading\" id=\"wpml-glossary\">O que \u00e9 o gloss\u00e1rio do WPML?<\/h2>\n\n<p>O Gloss\u00e1rio do WPML \u00e9 uma ferramenta que melhora a precis\u00e3o da tradu\u00e7\u00e3o especificando tradu\u00e7\u00f5es para palavras que t\u00eam m\u00faltiplos significados (ou m\u00faltiplas tradu\u00e7\u00f5es poss\u00edveis).<\/p>\n\n<p>Por exemplo:<\/p>\n\n<ul class=\"wp-block-list\">\n<li>O termo \u201cwhole foods\u201d pode significar tanto o supermercado org\u00e2nico (Whole Foods) quanto alimentos minimamente processados.<\/li>\n\n\n\n<li>Em espanhol, o checkout do WooCommerce pode ser traduzido de v\u00e1rias maneiras, como \u201cP\u00e1gina de pago\u201d, \u201cFinalizar compra\u201d ou \u201cCarrito de compra\u201d.<\/li>\n<\/ul>\n\n<p>Para eliminar a confus\u00e3o, voc\u00ea pode criar uma entrada de gloss\u00e1rio com a tradu\u00e7\u00e3o correta ou preferida em diferentes idiomas.<\/p>\n\n<figure class=\"wp-block-image tb-image tb-image-dynamic tb-image-frame-none\" data-toolset-blocks-image=\"a17398cb3ca9a22d3886cb3b06aac566\"><a href=\"https:\/\/wpml.org\/wp-content\/uploads\/2025\/08\/glossary-terms-examples-scaled-2.png\"><img decoding=\"async\" width=\"2560\" height=\"1496\" loading=\"lazy\" src=\"https:\/\/wpml.org\/wp-content\/uploads\/2025\/08\/glossary-terms-examples-scaled-2.png\" alt=\"\" class=\"wp-image-17327943\" srcset=\"https:\/\/wpml.org\/wp-content\/uploads\/2025\/08\/glossary-terms-examples-scaled-2.png 2560w, https:\/\/wpml.org\/wp-content\/uploads\/2025\/08\/glossary-terms-examples-scaled-2-300x175.png 300w, https:\/\/wpml.org\/wp-content\/uploads\/2025\/08\/glossary-terms-examples-scaled-2-1024x598.png 1024w, https:\/\/wpml.org\/wp-content\/uploads\/2025\/08\/glossary-terms-examples-scaled-2-150x88.png 150w, https:\/\/wpml.org\/wp-content\/uploads\/2025\/08\/glossary-terms-examples-scaled-2-768x449.png 768w, https:\/\/wpml.org\/wp-content\/uploads\/2025\/08\/glossary-terms-examples-scaled-2-1536x898.png 1536w, https:\/\/wpml.org\/wp-content\/uploads\/2025\/08\/glossary-terms-examples-scaled-2-2048x1197.png 2048w\" sizes=\"auto, (max-width: 2560px) 100vw, 2560px\" \/><\/a><figcaption><div class=\"tb-image-caption\">Entradas de gloss\u00e1rio com suas tradu\u00e7\u00f5es em diferentes idiomas<span id=\"docs-internal-guid-882aa6a1-7fff-eb6d-0fd3-04d46d1bc1d0\"><div><span data-darkreader-inline-color=\"\" data-darkreader-inline-bgcolor=\"\" style=\"font-size: 10pt; font-family: Arial, sans-serif; color: rgb(0, 0, 0); background-color: transparent; font-style: italic; font-variant-numeric: normal; font-variant-east-asian: normal; font-variant-alternates: normal; font-variant-position: normal; vertical-align: baseline; --darkreader-inline-color: #efedea; --darkreader-inline-bgcolor: transparent;\"><\/span><\/div><\/span><\/div><\/figcaption><\/figure>\n\n<p>Uma vez criadas, os mecanismos de tradu\u00e7\u00e3o autom\u00e1tica usar\u00e3o a entrada do gloss\u00e1rio para traduzir corretamente seus termos, e os tradutores receber\u00e3o contexto adicional durante a tradu\u00e7\u00e3o.<\/p>\n\n<figure class=\"wp-block-image tb-image tb-image-dynamic tb-image-frame-none\" data-toolset-blocks-image=\"c91036b71ab40c8261b4dba8f61e3361\"><a href=\"https:\/\/wpml.org\/wp-content\/uploads\/2025\/06\/glossary-suggestions-in-ate.png\"><img decoding=\"async\" width=\"2524\" height=\"1124\" loading=\"lazy\" src=\"https:\/\/wpml.org\/wp-content\/uploads\/2025\/06\/glossary-suggestions-in-ate.png\" alt=\"\" class=\"wp-image-17173779\" srcset=\"https:\/\/wpml.org\/wp-content\/uploads\/2025\/06\/glossary-suggestions-in-ate.png 2524w, https:\/\/wpml.org\/wp-content\/uploads\/2025\/06\/glossary-suggestions-in-ate-300x134.png 300w, https:\/\/wpml.org\/wp-content\/uploads\/2025\/06\/glossary-suggestions-in-ate-1024x456.png 1024w, https:\/\/wpml.org\/wp-content\/uploads\/2025\/06\/glossary-suggestions-in-ate-150x67.png 150w, https:\/\/wpml.org\/wp-content\/uploads\/2025\/06\/glossary-suggestions-in-ate-768x342.png 768w, https:\/\/wpml.org\/wp-content\/uploads\/2025\/06\/glossary-suggestions-in-ate-1536x684.png 1536w, https:\/\/wpml.org\/wp-content\/uploads\/2025\/06\/glossary-suggestions-in-ate-2048x912.png 2048w\" sizes=\"auto, (max-width: 2524px) 100vw, 2524px\" \/><\/a><figcaption><div class=\"tb-image-caption\">O editor avan\u00e7ado de tradu\u00e7\u00e3o do WPML sugerindo uma tradu\u00e7\u00e3o para um termo do gloss\u00e1rio<\/div><\/figcaption><\/figure>\n\n<p>Lembre-se de que apenas o <strong>DeepL<\/strong> e o <strong>PTC<\/strong> suportam o gloss\u00e1rio, e que o DeepL considera as entradas do gloss\u00e1rio como \u201crecomenda\u00e7\u00f5es.\u201d <\/p>\n\n<p>Ou seja, enquanto o PTC sempre usar\u00e1 suas entradas ao criar tradu\u00e7\u00f5es, o DeepL pode \u00e0s vezes ignor\u00e1-las se decidir que uma palavra diferente \u00e9 mais adequada. Se voc\u00ea quiser que as tradu\u00e7\u00f5es sempre usem as entradas do seu gloss\u00e1rio \u2013 use o PTC. <\/p>\n\n<h2 class=\"wp-block-heading\">Melhores pr\u00e1ticas para adicionar termos ao seu gloss\u00e1rio<\/h2>\n\n<p>Antes de adicionar termos ao Gloss\u00e1rio do WPML, considere estas diretrizes:<\/p>\n\n<ul class=\"wp-block-list\">\n<li><strong>Adicione Apenas Termos Essenciais<br\/><\/strong>Evite usar excessivamente o gloss\u00e1rio para definir termos desnecess\u00e1rios. Inclua apenas termos que tanto tradutores humanos quanto de IA possam ter dificuldade para traduzir corretamente, como palavras com m\u00faltiplos significados. <\/li>\n\n\n\n<li><strong><strong>Mantenha os Termos Simples<\/strong><\/strong><br\/>Insira os termos exatamente como devem aparecer nas tradu\u00e7\u00f5es. N\u00e3o inclua informa\u00e7\u00f5es extras como texto entre par\u00eanteses, a menos que fa\u00e7a parte do pr\u00f3prio termo. <\/li>\n\n\n\n<li><strong>Evite Duplicatas<\/strong><br\/>Certifique-se de que cada termo seja \u00fanico. Entradas duplicadas podem causar problemas com a tradu\u00e7\u00e3o de IA. <\/li>\n<\/ul>\n\n<h2 class=\"wp-block-heading\" id=\"create-glossary-entries\">Como criar entradas no gloss\u00e1rio no WPML<\/h2>\n\n<p>Costumava haver dois tipos de entradas de gloss\u00e1rio no WPML: nomes e termos gerais. Com nossas atualiza\u00e7\u00f5es recentes, existe apenas um tipo de entrada (nomes). Isso torna o gloss\u00e1rio mais simples e mais f\u00e1cil de gerenciar tanto para usu\u00e1rios quanto para IA.  <\/p>\n\n<p>Para criar entradas no gloss\u00e1rio no WPML: <\/p>\n\n<ol class=\"wp-block-list\">\n<li>V\u00e1 para <strong>WPML <\/strong>\u2192 <strong>painel de tradu\u00e7\u00e3o<\/strong>.<\/li>\n\n\n\n<li>Mude para a aba <strong>Ferramentas de Tradu\u00e7\u00e3o<\/strong> e selecione <strong>Gloss\u00e1rio<\/strong>.<\/li>\n\n\n\n<li>Clique em <strong>Adicionar entrada de gloss\u00e1rio<\/strong> e insira seu termo, descri\u00e7\u00e3o e tradu\u00e7\u00f5es.<\/li>\n<\/ol>\n\n<figure class=\"wp-block-image tb-image tb-image-dynamic tb-image-frame-none\" data-toolset-blocks-image=\"229df1dcc6b5d9b9eb58e348e21f15e0\"><a href=\"https:\/\/wpml.org\/wp-content\/uploads\/2025\/08\/adding-glossary-term.png\"><img decoding=\"async\" width=\"2304\" height=\"1884\" loading=\"lazy\" src=\"https:\/\/wpml.org\/wp-content\/uploads\/2025\/08\/adding-glossary-term.png\" alt=\"\" class=\"wp-image-17328261\" srcset=\"https:\/\/wpml.org\/wp-content\/uploads\/2025\/08\/adding-glossary-term.png 2304w, https:\/\/wpml.org\/wp-content\/uploads\/2025\/08\/adding-glossary-term-300x245.png 300w, https:\/\/wpml.org\/wp-content\/uploads\/2025\/08\/adding-glossary-term-1024x837.png 1024w, https:\/\/wpml.org\/wp-content\/uploads\/2025\/08\/adding-glossary-term-150x123.png 150w, https:\/\/wpml.org\/wp-content\/uploads\/2025\/08\/adding-glossary-term-768x628.png 768w, https:\/\/wpml.org\/wp-content\/uploads\/2025\/08\/adding-glossary-term-1536x1256.png 1536w, https:\/\/wpml.org\/wp-content\/uploads\/2025\/08\/adding-glossary-term-2048x1675.png 2048w\" sizes=\"auto, (max-width: 2304px) 100vw, 2304px\" \/><\/a><figcaption><div class=\"tb-image-caption\">Adicionando uma nova entrada de gloss\u00e1rio no WPML<span id=\"docs-internal-guid-b6ce8840-7fff-cecd-0c3a-26c7af9dc3e7\"><div><span data-darkreader-inline-color=\"\" data-darkreader-inline-bgcolor=\"\" style=\"font-size: 10pt; font-family: Arial, sans-serif; color: rgb(0, 0, 0); background-color: transparent; font-style: italic; font-variant-numeric: normal; font-variant-east-asian: normal; font-variant-alternates: normal; font-variant-position: normal; vertical-align: baseline; --darkreader-inline-color: #efedea; --darkreader-inline-bgcolor: transparent;\"><\/span><\/div><\/span><\/div><\/figcaption><\/figure>\n\n<h2 class=\"wp-block-heading\" id=\"importing-glossary-terms\">Importa\u00e7\u00e3o em massa de termos do gloss\u00e1rio utilizando arquivos CSV<\/h2>\n\n<p>O WPML permite importar (e exportar) facilmente seus termos de gloss\u00e1rio usando arquivos CSV. Esta abordagem pode economizar seu tempo importando instantaneamente muitos termos de uma s\u00f3 vez, al\u00e9m de simplificar sua organiza\u00e7\u00e3o mantendo todos os termos em um \u00fanico lugar. <\/p>\n\n<p>Para importar termos do gloss\u00e1rio:<\/p>\n\n<ol class=\"wp-block-list\">\n<li>V\u00e1 para <strong>WPML <\/strong>\u2192 <strong>painel de tradu\u00e7\u00e3o<\/strong>.<\/li>\n\n\n\n<li>Mude para a aba <strong>Ferramentas de Tradu\u00e7\u00e3o<\/strong> e selecione <strong>Gloss\u00e1rio<\/strong>.<\/li>\n\n\n\n<li>Clique em <strong>Importar gloss\u00e1rio<\/strong> para enviar um arquivo CSV.<\/li>\n<\/ol>\n\n<p>Voc\u00ea tamb\u00e9m pode clicar em <strong>Exportar gloss\u00e1rio<\/strong> para baixar os termos em um arquivo CSV.<\/p>\n\n<figure class=\"wp-block-image tb-image tb-image-dynamic tb-image-frame-none\" data-toolset-blocks-image=\"8dd51b56b69c117e70942a2c8be6c1ac\"><a href=\"https:\/\/wpml.org\/wp-content\/uploads\/2025\/08\/import-glossary-scaled-2.png\"><img decoding=\"async\" width=\"2560\" height=\"1498\" loading=\"lazy\" src=\"https:\/\/wpml.org\/wp-content\/uploads\/2025\/08\/import-glossary-scaled-2.png\" alt=\"\" class=\"wp-image-17327929\" srcset=\"https:\/\/wpml.org\/wp-content\/uploads\/2025\/08\/import-glossary-scaled-2.png 2560w, https:\/\/wpml.org\/wp-content\/uploads\/2025\/08\/import-glossary-scaled-2-300x176.png 300w, https:\/\/wpml.org\/wp-content\/uploads\/2025\/08\/import-glossary-scaled-2-1024x599.png 1024w, https:\/\/wpml.org\/wp-content\/uploads\/2025\/08\/import-glossary-scaled-2-150x88.png 150w, https:\/\/wpml.org\/wp-content\/uploads\/2025\/08\/import-glossary-scaled-2-768x449.png 768w, https:\/\/wpml.org\/wp-content\/uploads\/2025\/08\/import-glossary-scaled-2-1536x899.png 1536w, https:\/\/wpml.org\/wp-content\/uploads\/2025\/08\/import-glossary-scaled-2-2048x1198.png 2048w\" sizes=\"auto, (max-width: 2560px) 100vw, 2560px\" \/><\/a><figcaption><div class=\"tb-image-caption\">Importando seu gloss\u00e1rio via arquivo CSV<\/div><\/figcaption><\/figure>\n\n<h2 class=\"wp-block-heading\" id=\"updating-translations\">Atualizando Tradu\u00e7\u00f5es Ap\u00f3s Alterar Entradas do Gloss\u00e1rio<\/h2>\n\n<p>Sempre que voc\u00ea criar ou atualizar termos do gloss\u00e1rio, voc\u00ea precisa atualizar as tradu\u00e7\u00f5es que incluem esses termos. Para atualizar automaticamente todas as tradu\u00e7\u00f5es necess\u00e1rias, v\u00e1 para a aba <strong>Gloss\u00e1rio<\/strong> e clique em <strong>Atualizar tradu\u00e7\u00f5es existentes<\/strong>. <\/p>\n<div class=\"wp-block-image\">\n<figure class=\" tb-image tb-image-dynamic tb-image-frame-none aligncenter\" data-toolset-blocks-image=\"b89ba22f6df4feb5c30facaaa557472f\"><a href=\"https:\/\/wpml.org\/wp-content\/uploads\/2025\/06\/update-existing-translations-for-glossary-terms-scaled.png\"><img decoding=\"async\" width=\"2560\" height=\"1082\" loading=\"lazy\" src=\"https:\/\/wpml.org\/wp-content\/uploads\/2025\/06\/update-existing-translations-for-glossary-terms-scaled.png\" alt=\"\" class=\"wp-image-17173851\" srcset=\"https:\/\/wpml.org\/wp-content\/uploads\/2025\/06\/update-existing-translations-for-glossary-terms-scaled.png 2560w, https:\/\/wpml.org\/wp-content\/uploads\/2025\/06\/update-existing-translations-for-glossary-terms-300x127.png 300w, https:\/\/wpml.org\/wp-content\/uploads\/2025\/06\/update-existing-translations-for-glossary-terms-1024x433.png 1024w, https:\/\/wpml.org\/wp-content\/uploads\/2025\/06\/update-existing-translations-for-glossary-terms-150x63.png 150w, https:\/\/wpml.org\/wp-content\/uploads\/2025\/06\/update-existing-translations-for-glossary-terms-768x325.png 768w, https:\/\/wpml.org\/wp-content\/uploads\/2025\/06\/update-existing-translations-for-glossary-terms-1536x649.png 1536w, https:\/\/wpml.org\/wp-content\/uploads\/2025\/06\/update-existing-translations-for-glossary-terms-2048x865.png 2048w\" sizes=\"auto, (max-width: 2560px) 100vw, 2560px\" \/><\/a><figcaption><div class=\"tb-image-caption\">Clicando no bot\u00e3o atualizar tradu\u00e7\u00f5es existentes<\/div><\/figcaption><\/figure>\n<\/div>\n<p>O WPML agora atualizar\u00e1 automaticamente as tradu\u00e7\u00f5es sem consumir nenhum cr\u00e9dito. Completar esse processo pode levar alguns minutos, ent\u00e3o n\u00e3o clique no bot\u00e3o novamente se n\u00e3o vir mudan\u00e7as imediatas. <\/p>\n\n<p>Por padr\u00e3o, esse recurso s\u00f3 pode atualizar tradu\u00e7\u00f5es criadas nos \u00faltimos 30 dias. Para atualizar termos do gloss\u00e1rio em tradu\u00e7\u00f5es mais antigas, reenvie seu conte\u00fado para tradu\u00e7\u00e3o via <strong>WPML <\/strong>\u2192 <strong>Painel de Tradu\u00e7\u00e3o<\/strong>. Lembre-se de que esse m\u00e9todo de tradu\u00e7\u00e3o consome cr\u00e9ditos.  <\/p>\n\n<p><\/p>\n","protected":false},"excerpt":{"rendered":"<p>O gloss\u00e1rio do WPML ajuda voc\u00ea a obter tradu\u00e7\u00f5es de maior qualidade definindo como deseja que certas palavras apare\u00e7am em v\u00e1rios idiomas. O que \u00e9 o gloss\u00e1rio do WPML? O Gloss\u00e1rio do WPML \u00e9 uma ferramenta que melhora a precis\u00e3o da tradu\u00e7\u00e3o especificando tradu\u00e7\u00f5es para palavras que t\u00eam m\u00faltiplos significados (ou m\u00faltiplas tradu\u00e7\u00f5es poss\u00edveis). Por [&hellip;]<\/p>\n","protected":false},"author":777903,"featured_media":0,"parent":15083213,"menu_order":0,"comment_status":"closed","ping_status":"closed","template":"template-sidebar-2.php","meta":{"_bbp_topic_count":0,"_bbp_reply_count":0,"_bbp_total_topic_count":0,"_bbp_total_reply_count":0,"_bbp_voice_count":0,"_bbp_anonymous_reply_count":0,"_bbp_topic_count_hidden":0,"_bbp_reply_count_hidden":0,"_bbp_forum_subforum_count":0,"_uag_custom_page_level_css":"","ep_exclude_from_search":false,"footnotes":""},"related-projects-category":[],"class_list":["post-15990751","page","type-page","status-publish","hentry"],"spectra_custom_meta":{"_subscription_coupon_product_id":["0"],"_wpv_contains_gutenberg_views":[""],"_alp_processed":["1755772282"],"wpcf-unformatted-code":[""],"_wpml_media_duplicate":["1"],"_wpml_media_featured":["1"],"toolset_post_editor_mode":["block"],"wpcf-price-increase-show-from":[""],"wpcf-price-increase-show-till":[""],"_wp_page_template":["template-sidebar-2.php"],"_last_translation_edit_mode":["translation-editor"],"_wpml_word_count":["761"],"cmplz_hide_cookiebanner":[""],"wpcf-price-increase-content":[""],"wpcf-login-box-title":[""],"wpcf-page-content":[""],"_yoast_wpseo_primary_related-projects-category":[""],"_yoast_wpseo_metadesc":["O gloss\u00e1rio do WPML permite criar melhores tradu\u00e7\u00f5es ao definir como voc\u00ea deseja que certas palavras apare\u00e7am nas tradu\u00e7\u00f5es do seu site."],"_uag_css_file_name":["uag-css-15990751.css"],"_uag_page_assets":["a:9:{s:3:\"css\";s:260:\".uag-blocks-common-selector{z-index:var(--z-index-desktop) !important}@media(max-width: 976px){.uag-blocks-common-selector{z-index:var(--z-index-tablet) !important}}@media(max-width: 767px){.uag-blocks-common-selector{z-index:var(--z-index-mobile) !important}}\";s:2:\"js\";s:0:\"\";s:18:\"current_block_list\";a:6:{i:0;s:14:\"core\/paragraph\";i:1;s:12:\"core\/heading\";i:2;s:9:\"core\/list\";i:3;s:14:\"core\/list-item\";i:4;s:20:\"toolset-blocks\/image\";i:5;s:14:\"core\/shortcode\";}s:8:\"uag_flag\";b:0;s:11:\"uag_version\";s:10:\"1778314670\";s:6:\"gfonts\";a:0:{}s:10:\"gfonts_url\";s:0:\"\";s:12:\"gfonts_files\";a:0:{}s:14:\"uag_faq_layout\";b:0;}"]},"uagb_featured_image_src":{"full":false,"thumbnail":false,"medium":false,"medium_large":false,"large":false,"1536x1536":false,"2048x2048":false,"gform-image-choice-sm":false,"gform-image-choice-md":false,"gform-image-choice-lg":false,"woocommerce_thumbnail":false,"woocommerce_single":false,"woocommerce_gallery_thumbnail":false},"uagb_author_info":{"display_name":"Nikoletta","author_link":"https:\/\/wpml.org\/pt-br\/author\/nikoletta-b\/"},"uagb_comment_info":0,"uagb_excerpt":"O gloss\u00e1rio do WPML ajuda voc\u00ea a obter tradu\u00e7\u00f5es de maior qualidade definindo como deseja que certas palavras apare\u00e7am em v\u00e1rios idiomas. O que \u00e9 o gloss\u00e1rio do WPML? O Gloss\u00e1rio do WPML \u00e9 uma ferramenta que melhora a precis\u00e3o da tradu\u00e7\u00e3o especificando tradu\u00e7\u00f5es para palavras que t\u00eam m\u00faltiplos significados (ou m\u00faltiplas tradu\u00e7\u00f5es poss\u00edveis). Por&hellip;","_links":{"self":[{"href":"https:\/\/wpml.org\/pt-br\/wp-json\/wp\/v2\/pages\/15990751","targetHints":{"allow":["GET"]}}],"collection":[{"href":"https:\/\/wpml.org\/pt-br\/wp-json\/wp\/v2\/pages"}],"about":[{"href":"https:\/\/wpml.org\/pt-br\/wp-json\/wp\/v2\/types\/page"}],"author":[{"embeddable":true,"href":"https:\/\/wpml.org\/pt-br\/wp-json\/wp\/v2\/users\/777903"}],"replies":[{"embeddable":true,"href":"https:\/\/wpml.org\/pt-br\/wp-json\/wp\/v2\/comments?post=15990751"}],"version-history":[{"count":8,"href":"https:\/\/wpml.org\/pt-br\/wp-json\/wp\/v2\/pages\/15990751\/revisions"}],"predecessor-version":[{"id":17336966,"href":"https:\/\/wpml.org\/pt-br\/wp-json\/wp\/v2\/pages\/15990751\/revisions\/17336966"}],"up":[{"embeddable":true,"href":"https:\/\/wpml.org\/pt-br\/wp-json\/wp\/v2\/pages\/15083213"}],"wp:attachment":[{"href":"https:\/\/wpml.org\/pt-br\/wp-json\/wp\/v2\/media?parent=15990751"}],"wp:term":[{"taxonomy":"related-projects-category","embeddable":true,"href":"https:\/\/wpml.org\/pt-br\/wp-json\/wp\/v2\/related-projects-category?post=15990751"}],"curies":[{"name":"wp","href":"https:\/\/api.w.org\/{rel}","templated":true}]}}