{"id":17014896,"date":"2022-09-26T17:56:55","date_gmt":"2022-09-26T17:56:55","guid":{"rendered":"https:\/\/wpml.org\/documentacao\/traducao-automatica-de-conteudos-wordpress-com-o-wpml\/como-traduzir-seu-site-wordpress-com-deepl\/"},"modified":"2026-02-26T08:02:42","modified_gmt":"2026-02-26T08:02:42","slug":"como-traduzir-seu-site-wordpress-com-deepl","status":"publish","type":"page","link":"https:\/\/wpml.org\/pt-br\/documentacao\/traducao-automatica-de-conteudos-wordpress-com-o-wpml\/como-traduzir-seu-site-wordpress-com-deepl\/","title":{"rendered":"Como traduzir seu site WordPress com o DeepL"},"content":{"rendered":"\n<p class=\"lead\">Aprenda como traduzir automaticamente seu site WordPress para mais idiomas com DeepL e WPML.<\/p>\n\n<div class=\"tb-fields-and-text\" data-toolset-blocks-fields-and-text=\"3c3b6da774357482b62973e19972f612\"><p><img decoding=\"async\" class=\"size-full wp-image-15646162 aligncenter\" src=\"https:\/\/wpml.org\/wp-content\/uploads\/2024\/05\/Banner-DeepL1-min.png\" alt=\"\" width=\"1400\" height=\"540\" srcset=\"https:\/\/wpml.org\/wp-content\/uploads\/2024\/05\/Banner-DeepL1-min.png 1400w, https:\/\/wpml.org\/wp-content\/uploads\/2024\/05\/Banner-DeepL1-min-300x116.png 300w, https:\/\/wpml.org\/wp-content\/uploads\/2024\/05\/Banner-DeepL1-min-1024x395.png 1024w, https:\/\/wpml.org\/wp-content\/uploads\/2024\/05\/Banner-DeepL1-min-150x58.png 150w, https:\/\/wpml.org\/wp-content\/uploads\/2024\/05\/Banner-DeepL1-min-768x296.png 768w\" sizes=\"(max-width: 1400px) 100vw, 1400px\" \/><\/p><\/div>\n\n<h2 class=\"wp-block-heading\" id=\"why-translate-with-wpml\">Por que traduzir com DeepL e WPML?<\/h2>\n\n<p>O DeepL \u00e9 um dos melhores mecanismos de tradu\u00e7\u00e3o autom\u00e1tica dispon\u00edveis atualmente. Ele suporta mais de 30 idiomas, pode gerar tradu\u00e7\u00f5es com apar\u00eancia nativa e \u00e9 o mecanismo de tradu\u00e7\u00e3o preferido entre os clientes do WPML. Somente em 2025, o WPML traduziu mais de <strong>13 bilh\u00f5es de palavras<\/strong> com o DeepL!  <\/p>\n\n<p>Ao traduzir com o WPML, voc\u00ea obt\u00e9m acesso total ao DeepL, al\u00e9m de recursos exclusivos do WPML:<\/p>\n\n<div class=\"wp-block-toolset-blocks-grid tb-grid\" data-toolset-blocks-grid=\"e55248a839e80904b4f3d4995ba20b04\">\n<div class=\"wp-block-toolset-blocks-grid-column tb-grid-column tb-grid-align-top\" data-toolset-blocks-grid-column=\"3034fbe886c11054e95b46b09d3e4112\">\n<div class=\"wp-block-toolset-blocks-container tb-container\" data-toolset-blocks-container=\"dcc94753058845e5dfc3bb51fd001fd7\"><\/div>\n\n\n\n<p class=\"tb-heading\" data-toolset-blocks-heading=\"6eee2a0222dd86c811e3129fc3ca4915\" data-last-update=\"1.4\">Integra\u00e7\u00e3o Direta<\/p>\n\n\n\n<p class=\"tb-heading has-text-color\" data-toolset-blocks-heading=\"8f22bb68207bdb49cdf90c813ccae5c6\" data-last-update=\"1.4\">Acesse o DeepL diretamente dentro do painel administrativo do WordPress<\/p>\n<\/div>\n\n\n\n<div class=\"wp-block-toolset-blocks-grid-column tb-grid-column tb-grid-align-top\" data-toolset-blocks-grid-column=\"3034fbe886c11054e95b46b09d3e4112\">\n<div class=\"wp-block-toolset-blocks-container tb-container\" data-toolset-blocks-container=\"9ee1b84d5ec856faa07d399d1ab08f07\"><\/div>\n\n\n\n<p class=\"tb-heading\" data-toolset-blocks-heading=\"6eee2a0222dd86c811e3129fc3ca4915\" data-last-update=\"1.4\">Idiomas Ilimitados<\/p>\n\n\n\n<p class=\"tb-heading has-text-color\" data-toolset-blocks-heading=\"8f22bb68207bdb49cdf90c813ccae5c6\" data-last-update=\"1.4\">Traduza para quantos idiomas desejar<\/p>\n<\/div>\n\n\n\n<div class=\"wp-block-toolset-blocks-grid-column tb-grid-column tb-grid-align-top\" data-toolset-blocks-grid-column=\"3034fbe886c11054e95b46b09d3e4112\">\n<div class=\"wp-block-toolset-blocks-container tb-container\" data-toolset-blocks-container=\"70d5a5d61dcac229fe1d29ce8e00a0da\"><\/div>\n\n\n\n<p class=\"tb-heading\" data-toolset-blocks-heading=\"6eee2a0222dd86c811e3129fc3ca4915\" data-last-update=\"1.4\">Tradu\u00e7\u00f5es Nativas<\/p>\n\n\n\n<p class=\"tb-heading has-text-color\" data-toolset-blocks-heading=\"8f22bb68207bdb49cdf90c813ccae5c6\" data-last-update=\"1.4\">Use as redes neurais de IA do DeepL para gerar tradu\u00e7\u00f5es<\/p>\n<\/div>\n\n\n\n<div class=\"wp-block-toolset-blocks-grid-column tb-grid-column tb-grid-align-top\" data-toolset-blocks-grid-column=\"3034fbe886c11054e95b46b09d3e4112\">\n<div class=\"wp-block-toolset-blocks-container tb-container\" data-toolset-blocks-container=\"21d23713a4ae77ce3721867dd0a95049\"><\/div>\n\n\n\n<p class=\"tb-heading\" data-toolset-blocks-heading=\"6eee2a0222dd86c811e3129fc3ca4915\" data-last-update=\"1.4\">Controle a formalidade<\/p>\n\n\n\n<p class=\"tb-heading has-text-color\" data-toolset-blocks-heading=\"8f22bb68207bdb49cdf90c813ccae5c6\" data-last-update=\"1.4\">Gere tradu\u00e7\u00f5es que correspondam \u00e0s normas e prefer\u00eancias locais<\/p>\n<\/div>\n\n\n\n<div class=\"wp-block-toolset-blocks-grid-column tb-grid-column tb-grid-align-top\" data-toolset-blocks-grid-column=\"3034fbe886c11054e95b46b09d3e4112\">\n<div class=\"wp-block-toolset-blocks-container tb-container\" data-toolset-blocks-container=\"e58b790335eff4ad6511098b15931f21\"><\/div>\n\n\n\n<p class=\"tb-heading\" data-toolset-blocks-heading=\"6eee2a0222dd86c811e3129fc3ca4915\" data-last-update=\"1.4\">Tradu\u00e7\u00e3o Autom\u00e1tica Gratuita<\/p>\n\n\n\n<p class=\"tb-heading has-text-color\" data-toolset-blocks-heading=\"8f22bb68207bdb49cdf90c813ccae5c6\" data-last-update=\"1.4\">Traduza automaticamente seu site para 2-3 idiomas gratuitamente<\/p>\n<\/div>\n\n\n\n<div class=\"wp-block-toolset-blocks-grid-column tb-grid-column tb-grid-align-top\" data-toolset-blocks-grid-column=\"3034fbe886c11054e95b46b09d3e4112\">\n<div class=\"wp-block-toolset-blocks-container tb-container\" data-toolset-blocks-container=\"b3040d3d13da2364a055f805b1b14f99\"><\/div>\n\n\n\n<p class=\"tb-heading\" data-toolset-blocks-heading=\"6eee2a0222dd86c811e3129fc3ca4915\" data-last-update=\"1.4\">Otimize para SEO<\/p>\n\n\n\n<p class=\"tb-heading has-text-color\" data-toolset-blocks-heading=\"8f22bb68207bdb49cdf90c813ccae5c6\" data-last-update=\"1.4\">Traduza URLs e metadados, e defina automaticamente as tags hreflang<\/p>\n<\/div>\n<\/div>\n\n<h2 class=\"wp-block-heading\" id=\"translate-with-deepl-and-wpml\">Como traduzir seu site WordPress com DeepL e WPML <\/h2>\n\n<p>Traduzir seu site WordPress com DeepL e WPML leva apenas alguns minutos. Veja como funciona o processo.  <\/p>\n\n<h3 class=\"wp-block-heading\" id=\"select-your-languages\">1. Selecione Seus Idiomas <\/h3>\n\n<p>Com o WPML, voc\u00ea pode adicionar um n\u00famero ilimitado de idiomas ao seu site. <\/p>\n\n<p>Isso inclui todos os mais de 30 idiomas dispon\u00edveis no DeepL, al\u00e9m de quaisquer outros idiomas suportados pelos mecanismos de tradu\u00e7\u00e3o alternativos do WPML \u2013 <a href=\"https:\/\/wpml.org\/pt-br\/documentacao\/traducao-automatica-de-conteudos-wordpress-com-o-wpml\/como-utilizar-o-google-translate-no-wordpress-tutorial-completo\/\">Google Translate<\/a>, <a href=\"https:\/\/wpml.org\/pt-br\/documentacao\/traducao-automatica-de-conteudos-wordpress-com-o-wpml\/traduza-seu-site-wordpress-com-o-microsoft-translator\/\">Microsoft Translator<\/a> e <a href=\"https:\/\/wpml.org\/pt-br\/documentacao\/traducao-automatica-de-conteudos-wordpress-com-o-wpml\/\">PTC<\/a>.<\/p>\n\n<p>Para adicionar idiomas, basta selecionar quantos desejar durante o assistente de configura\u00e7\u00e3o do WPML. <\/p>\n<div class=\"wp-block-image\">\n<figure class=\" tb-image tb-image-dynamic tb-image-frame-none aligncenter\" data-toolset-blocks-image=\"314060fb176e3e5d1ae66ae03cd0105e\"><a href=\"https:\/\/wpml.org\/wp-content\/uploads\/2024\/07\/WPML-setup.png\"><img decoding=\"async\" width=\"1024\" height=\"674\" loading=\"lazy\" src=\"https:\/\/wpml.org\/wp-content\/uploads\/2024\/07\/WPML-setup-1024x674.png\" alt=\"WPML setup wizard\" class=\"wp-image-15988519\" srcset=\"https:\/\/wpml.org\/wp-content\/uploads\/2024\/07\/WPML-setup-1024x674.png 1024w, https:\/\/wpml.org\/wp-content\/uploads\/2024\/07\/WPML-setup-300x198.png 300w, https:\/\/wpml.org\/wp-content\/uploads\/2024\/07\/WPML-setup-150x99.png 150w, https:\/\/wpml.org\/wp-content\/uploads\/2024\/07\/WPML-setup-768x506.png 768w, https:\/\/wpml.org\/wp-content\/uploads\/2024\/07\/WPML-setup-1536x1011.png 1536w, https:\/\/wpml.org\/wp-content\/uploads\/2024\/07\/WPML-setup.png 1909w\" sizes=\"auto, (max-width: 1024px) 100vw, 1024px\" \/><\/a><figcaption><div class=\"tb-image-caption\">Selecionando idiomas no assistente de configura\u00e7\u00e3o do WPML<\/div><\/figcaption><\/figure>\n<\/div>\n<h3 class=\"wp-block-heading\" id=\"select-deepl\">2. Selecione o DeepL como seu mecanismo de tradu\u00e7\u00e3o<\/h3>\n\n<p>Para usar o DeepL com o WPML, v\u00e1 para <strong>WPML \u2192 Configura\u00e7\u00f5es<\/strong> e localize a se\u00e7\u00e3o <strong>Tradu\u00e7\u00e3o autom\u00e1tica<\/strong>. Clique em <strong>Mecanismo diferente<\/strong> e arraste o DeepL para o topo da lista. <\/p>\n\n<figure class=\"wp-block-image tb-image tb-image-dynamic tb-image-frame-none\" data-toolset-blocks-image=\"997490d397df3d1a2dfa148b42c66ba4\"><img decoding=\"async\" width=\"1024\" height=\"545\" loading=\"lazy\" src=\"https:\/\/wpml.org\/wp-content\/uploads\/2026\/02\/wpml-settings-making-deepl-default-engine-1024x545.png\" alt=\"DeepL translation engine in WPML Settinga\" class=\"wp-image-17832730\" srcset=\"https:\/\/wpml.org\/wp-content\/uploads\/2026\/02\/wpml-settings-making-deepl-default-engine-1024x545.png 1024w, https:\/\/wpml.org\/wp-content\/uploads\/2026\/02\/wpml-settings-making-deepl-default-engine-300x160.png 300w, https:\/\/wpml.org\/wp-content\/uploads\/2026\/02\/wpml-settings-making-deepl-default-engine-150x80.png 150w, https:\/\/wpml.org\/wp-content\/uploads\/2026\/02\/wpml-settings-making-deepl-default-engine-768x409.png 768w, https:\/\/wpml.org\/wp-content\/uploads\/2026\/02\/wpml-settings-making-deepl-default-engine-1536x817.png 1536w, https:\/\/wpml.org\/wp-content\/uploads\/2026\/02\/wpml-settings-making-deepl-default-engine-2048x1090.png 2048w\" sizes=\"auto, (max-width: 1024px) 100vw, 1024px\" \/><figcaption><div class=\"tb-image-caption\">Definindo o DeepL como mecanismo padr\u00e3o nas Configura\u00e7\u00f5es do WPML<\/div><\/figcaption><\/figure>\n\n<p>Por padr\u00e3o, o WPML define automaticamente a formalidade para cada idioma com base nas prefer\u00eancias culturais. Para ajustar isso, clique no link <strong>Editar formalidade<\/strong> ao lado do DeepL e escolha sua configura\u00e7\u00e3o preferida para cada idioma. <\/p>\n\n<p>Quando terminar, clique em <strong>Salvar configura\u00e7\u00f5es<\/strong>. O WPML agora usar\u00e1 o DeepL para traduzir seu conte\u00fado. <\/p>\n\n<h3 class=\"wp-block-heading\" id=\"send-content-for-translation\">3. Enviar Conte\u00fado para Tradu\u00e7\u00e3o<\/h3>\n\n<p>Com o WPML, voc\u00ea pode traduzir todo o conte\u00fado do seu site. Isso inclui p\u00e1ginas, posts, posts personalizados, produtos e muito mais.  <\/p>\n\n<p>Para traduzir conte\u00fado com o DeepL:<\/p>\n\n<ol class=\"wp-block-list\">\n<li>V\u00e1 para <strong>WPML<\/strong> \u2192 <strong>painel de tradu\u00e7\u00e3o<\/strong>.<\/li>\n\n\n\n<li>Selecione o conte\u00fado que deseja traduzir.<\/li>\n\n\n\n<li>Selecione <strong>Traduzir automaticamente<\/strong> e clique em <strong>Traduzir<\/strong>.<\/li>\n<\/ol>\n<div class=\"wp-block-image\">\n<figure class=\" tb-image tb-image-dynamic tb-image-frame-none aligncenter\" data-toolset-blocks-image=\"5a3ec6f63ac8322456c6ebf56ee4be9c\"><a href=\"https:\/\/wpml.org\/wp-content\/uploads\/2026\/02\/Selecting-to-translate-homepage.png\"><img decoding=\"async\" width=\"1024\" height=\"601\" loading=\"lazy\" src=\"https:\/\/wpml.org\/wp-content\/uploads\/2026\/02\/Selecting-to-translate-homepage-1024x601.png\" alt=\"Selecting to translate homepage\" class=\"wp-image-17792287\" srcset=\"https:\/\/wpml.org\/wp-content\/uploads\/2026\/02\/Selecting-to-translate-homepage-1024x601.png 1024w, https:\/\/wpml.org\/wp-content\/uploads\/2026\/02\/Selecting-to-translate-homepage-300x176.png 300w, https:\/\/wpml.org\/wp-content\/uploads\/2026\/02\/Selecting-to-translate-homepage-150x88.png 150w, https:\/\/wpml.org\/wp-content\/uploads\/2026\/02\/Selecting-to-translate-homepage-768x451.png 768w, https:\/\/wpml.org\/wp-content\/uploads\/2026\/02\/Selecting-to-translate-homepage-1536x901.png 1536w, https:\/\/wpml.org\/wp-content\/uploads\/2026\/02\/Selecting-to-translate-homepage.png 1600w\" sizes=\"auto, (max-width: 1024px) 100vw, 1024px\" \/><\/a><figcaption><div class=\"tb-image-caption\">Selecionando para traduzir a p\u00e1gina inicial<\/div><\/figcaption><\/figure>\n<\/div>\n<h3 class=\"wp-block-heading\" id=\"review-translations\">4. Revise suas tradu\u00e7\u00f5es<\/h3>\n\n<p>Assim que o DeepL terminar de traduzir seu conte\u00fado, voc\u00ea pode revisar suas tradu\u00e7\u00f5es autom\u00e1ticas usando o editor de front-end do WPML. <\/p>\n\n<p>Se as tradu\u00e7\u00f5es parecerem boas, voc\u00ea as publica em seu site. <\/p>\n\n<figure class=\"wp-block-image tb-image tb-image-dynamic tb-image-frame-none\" data-toolset-blocks-image=\"16826df9a930cfa08316459b8861dee1\"><a href=\"https:\/\/wpml.org\/wp-content\/uploads\/2024\/05\/Reviewing-translations-in-WPML.png\" data-lightbox=\"Reviewing-translations-in-WPML.png\"><img decoding=\"async\" width=\"1100\" height=\"671\" loading=\"lazy\" src=\"https:\/\/wpml.org\/wp-content\/uploads\/2024\/05\/Reviewing-translations-in-WPML.png\" alt=\"\" class=\"wp-image-15627913\" srcset=\"https:\/\/wpml.org\/wp-content\/uploads\/2024\/05\/Reviewing-translations-in-WPML.png 1100w, https:\/\/wpml.org\/wp-content\/uploads\/2024\/05\/Reviewing-translations-in-WPML-300x183.png 300w, https:\/\/wpml.org\/wp-content\/uploads\/2024\/05\/Reviewing-translations-in-WPML-1024x625.png 1024w, https:\/\/wpml.org\/wp-content\/uploads\/2024\/05\/Reviewing-translations-in-WPML-150x92.png 150w, https:\/\/wpml.org\/wp-content\/uploads\/2024\/05\/Reviewing-translations-in-WPML-768x468.png 768w\" sizes=\"auto, (max-width: 1100px) 100vw, 1100px\" \/><\/a><figcaption><div class=\"tb-image-caption\">Revisando tradu\u00e7\u00f5es no WPML<\/div><\/figcaption><\/figure>\n\n<p>Se quiser fazer altera\u00e7\u00f5es, voc\u00ea pode editar as tradu\u00e7\u00f5es usando o <a href=\"https:\/\/wpml.org\/pt-br\/documentacao\/traduzindo-seus-conteudos\/advanced-translation-editor\/\">Editor de tradu\u00e7\u00e3o avan\u00e7ado<\/a>. <\/p>\n<div class=\"wp-block-image\">\n<figure class=\" tb-image tb-image-dynamic tb-image-frame-none aligncenter\" data-toolset-blocks-image=\"32b2c0030b6aad27689b3cc1f4cbcca2\"><a href=\"https:\/\/wpml.org\/wp-content\/uploads\/2024\/07\/Editing-homepage-in-Advanced-Translation-Editor.png\"><img decoding=\"async\" width=\"1024\" height=\"687\" loading=\"lazy\" src=\"https:\/\/wpml.org\/wp-content\/uploads\/2024\/07\/Editing-homepage-in-Advanced-Translation-Editor-1024x687.png\" alt=\"Editing homepage in Advanced Translation Editor\" class=\"wp-image-15988660\" srcset=\"https:\/\/wpml.org\/wp-content\/uploads\/2024\/07\/Editing-homepage-in-Advanced-Translation-Editor-1024x687.png 1024w, https:\/\/wpml.org\/wp-content\/uploads\/2024\/07\/Editing-homepage-in-Advanced-Translation-Editor-300x201.png 300w, https:\/\/wpml.org\/wp-content\/uploads\/2024\/07\/Editing-homepage-in-Advanced-Translation-Editor-150x101.png 150w, https:\/\/wpml.org\/wp-content\/uploads\/2024\/07\/Editing-homepage-in-Advanced-Translation-Editor-768x515.png 768w, https:\/\/wpml.org\/wp-content\/uploads\/2024\/07\/Editing-homepage-in-Advanced-Translation-Editor-1536x1030.png 1536w, https:\/\/wpml.org\/wp-content\/uploads\/2024\/07\/Editing-homepage-in-Advanced-Translation-Editor.png 1870w\" sizes=\"auto, (max-width: 1024px) 100vw, 1024px\" \/><\/a><figcaption><div class=\"tb-image-caption\">Editando a p\u00e1gina inicial no Editor de tradu\u00e7\u00e3o avan\u00e7ado<\/div><\/figcaption><\/figure>\n<\/div>\n<p>Se voc\u00ea estiver com pouco tempo, ou simplesmente preferir que um tradutor profissional revise seu conte\u00fado, voc\u00ea tamb\u00e9m pode <a href=\"https:\/\/wpml.org\/documentation\/support\/wpml-admin-capabilities\/\">convidar outros usu\u00e1rios<\/a> para revisar as tradu\u00e7\u00f5es em seu site.<\/p>\n\n<p>Para manter seu site seguro, os revisores s\u00f3 podem editar o conte\u00fado espec\u00edfico que voc\u00ea enviar a eles. <\/p>\n\n<h2 class=\"wp-block-heading\" id=\"deepl-wpml-cost\">Quanto custam o DeepL e o WPML?<\/h2>\n\n<p>Traduzir com DeepL e WPML custa cerca de $ 0,0015 por palavra. No entanto, quando voc\u00ea compra o WPML, as primeiras 45.000 palavras s\u00e3o gratuitas. Isso \u00e9 suficiente para traduzir um site de tamanho m\u00e9dio para 2-3 idiomas sem custo adicional.  <\/p>\n\n<p>Para obter mais informa\u00e7\u00f5es, visite nossa <a href=\"https:\/\/wpml.org\/pt-br\/documentacao\/traducao-automatica-de-conteudos-wordpress-com-o-wpml\/preco-da-traducao-automatica\/\">pol\u00edtica de pre\u00e7os para tradu\u00e7\u00e3o autom\u00e1tica<\/a>.<\/p>\n\n<h2 class=\"wp-block-heading\" id=\"get-started\">Comece a usar o DeepL e o WPML<\/h2>\n\n<p class=\"lead\">Para traduzir com o DeepL e o WPML, voc\u00ea precisa do plano Multilingual CMS ou Multilingual Agency do WPML. Para comparar os planos, visite nossa <a href=\"https:\/\/wpml.org\/pt-br\/purchase\/\">p\u00e1gina de pre\u00e7os<\/a>. <\/p>\n","protected":false},"excerpt":{"rendered":"<p>Aprenda como traduzir automaticamente seu site WordPress para mais idiomas com DeepL e WPML. Por que traduzir com DeepL e WPML? O DeepL \u00e9 um dos melhores mecanismos de tradu\u00e7\u00e3o autom\u00e1tica dispon\u00edveis atualmente. Ele suporta mais de 30 idiomas, pode gerar tradu\u00e7\u00f5es com apar\u00eancia nativa e \u00e9 o mecanismo de tradu\u00e7\u00e3o preferido entre os clientes [&hellip;]<\/p>\n","protected":false},"author":578773,"featured_media":15217892,"parent":14428713,"menu_order":68,"comment_status":"closed","ping_status":"closed","template":"template-sidebar-2.php","meta":{"_bbp_topic_count":0,"_bbp_reply_count":0,"_bbp_total_topic_count":0,"_bbp_total_reply_count":0,"_bbp_voice_count":0,"_bbp_anonymous_reply_count":0,"_bbp_topic_count_hidden":0,"_bbp_reply_count_hidden":0,"_bbp_forum_subforum_count":0,"_uag_custom_page_level_css":"","ep_exclude_from_search":false,"footnotes":""},"related-projects-category":[],"class_list":["post-17014896","page","type-page","status-publish","has-post-thumbnail","hentry"],"spectra_custom_meta":{"_subscription_coupon_product_id":["0"],"_wpv_contains_gutenberg_views":[""],"_alp_processed":["1772092963"],"wpcf-unformatted-code":[""],"_wpml_media_duplicate":["1"],"_wpml_media_featured":["1"],"toolset_post_editor_mode":["block"],"wpcf-price-increase-show-from":[""],"wpcf-price-increase-show-till":[""],"_wp_page_template":["template-sidebar-2.php"],"_thumbnail_id":["15217892"],"_last_translation_edit_mode":["translation-editor"],"_wpml_word_count":["780"],"cmplz_hide_cookiebanner":[""],"wpcf-price-increase-content":[""],"wpcf-login-box-title":[""],"wpcf-page-content":[""],"_yoast_wpseo_primary_related-projects-category":[""],"_yoast_wpseo_title":["%%title%% %%page%%"],"_yoast_wpseo_metadesc":["Aprenda como traduzir automaticamente seu site WordPress para mais idiomas com DeepL e WPML."],"_yoast_wpseo_focuskw":["deepl wordpress"]},"uagb_featured_image_src":{"full":["https:\/\/wpml.org\/wp-content\/uploads\/2024\/01\/Slide-16_9-1-1-4.png",1920,1080,false],"thumbnail":["https:\/\/wpml.org\/wp-content\/uploads\/2024\/01\/Slide-16_9-1-1-4-150x84.png",150,84,true],"medium":["https:\/\/wpml.org\/wp-content\/uploads\/2024\/01\/Slide-16_9-1-1-4-300x169.png",300,169,true],"medium_large":["https:\/\/wpml.org\/wp-content\/uploads\/2024\/01\/Slide-16_9-1-1-4-768x432.png",768,432,true],"large":["https:\/\/wpml.org\/wp-content\/uploads\/2024\/01\/Slide-16_9-1-1-4-1024x576.png",1024,576,true],"1536x1536":["https:\/\/wpml.org\/wp-content\/uploads\/2024\/01\/Slide-16_9-1-1-4-1536x864.png",1536,864,true],"2048x2048":["https:\/\/wpml.org\/wp-content\/uploads\/2024\/01\/Slide-16_9-1-1-4.png",1920,1080,false],"gform-image-choice-sm":["https:\/\/wpml.org\/wp-content\/uploads\/2024\/01\/Slide-16_9-1-1-4.png",300,169,false],"gform-image-choice-md":["https:\/\/wpml.org\/wp-content\/uploads\/2024\/01\/Slide-16_9-1-1-4.png",400,225,false],"gform-image-choice-lg":["https:\/\/wpml.org\/wp-content\/uploads\/2024\/01\/Slide-16_9-1-1-4.png",600,338,false],"woocommerce_thumbnail":["https:\/\/wpml.org\/wp-content\/uploads\/2024\/01\/Slide-16_9-1-1-4-150x150.png",150,150,true],"woocommerce_single":["https:\/\/wpml.org\/wp-content\/uploads\/2024\/01\/Slide-16_9-1-1-4-300x169.png",300,169,true],"woocommerce_gallery_thumbnail":["https:\/\/wpml.org\/wp-content\/uploads\/2024\/01\/Slide-16_9-1-1-4-100x100.png",100,100,true]},"uagb_author_info":{"display_name":"Tomer Helzer","author_link":"https:\/\/wpml.org\/pt-br\/author\/tomer-h\/"},"uagb_comment_info":0,"uagb_excerpt":"Aprenda como traduzir automaticamente seu site WordPress para mais idiomas com DeepL e WPML. Por que traduzir com DeepL e WPML? O DeepL \u00e9 um dos melhores mecanismos de tradu\u00e7\u00e3o autom\u00e1tica dispon\u00edveis atualmente. Ele suporta mais de 30 idiomas, pode gerar tradu\u00e7\u00f5es com apar\u00eancia nativa e \u00e9 o mecanismo de tradu\u00e7\u00e3o preferido entre os clientes&hellip;","_links":{"self":[{"href":"https:\/\/wpml.org\/pt-br\/wp-json\/wp\/v2\/pages\/17014896","targetHints":{"allow":["GET"]}}],"collection":[{"href":"https:\/\/wpml.org\/pt-br\/wp-json\/wp\/v2\/pages"}],"about":[{"href":"https:\/\/wpml.org\/pt-br\/wp-json\/wp\/v2\/types\/page"}],"author":[{"embeddable":true,"href":"https:\/\/wpml.org\/pt-br\/wp-json\/wp\/v2\/users\/578773"}],"replies":[{"embeddable":true,"href":"https:\/\/wpml.org\/pt-br\/wp-json\/wp\/v2\/comments?post=17014896"}],"version-history":[{"count":8,"href":"https:\/\/wpml.org\/pt-br\/wp-json\/wp\/v2\/pages\/17014896\/revisions"}],"predecessor-version":[{"id":17854823,"href":"https:\/\/wpml.org\/pt-br\/wp-json\/wp\/v2\/pages\/17014896\/revisions\/17854823"}],"up":[{"embeddable":true,"href":"https:\/\/wpml.org\/pt-br\/wp-json\/wp\/v2\/pages\/14428713"}],"wp:featuredmedia":[{"embeddable":true,"href":"https:\/\/wpml.org\/pt-br\/wp-json\/wp\/v2\/media\/15217892"}],"wp:attachment":[{"href":"https:\/\/wpml.org\/pt-br\/wp-json\/wp\/v2\/media?parent=17014896"}],"wp:term":[{"taxonomy":"related-projects-category","embeddable":true,"href":"https:\/\/wpml.org\/pt-br\/wp-json\/wp\/v2\/related-projects-category?post=17014896"}],"curies":[{"name":"wp","href":"https:\/\/api.w.org\/{rel}","templated":true}]}}