{"id":17578478,"date":"2020-06-23T15:24:11","date_gmt":"2020-06-23T15:24:11","guid":{"rendered":"https:\/\/wpml.org\/documentacao\/compatibilidade-de-plugins\/traduza-o-rank-math-com-o-wpml\/"},"modified":"2026-02-26T07:26:49","modified_gmt":"2026-02-26T07:26:49","slug":"traduza-o-rank-math-com-o-wpml","status":"publish","type":"page","link":"https:\/\/wpml.org\/pt-br\/documentacao\/compatibilidade-de-plugins\/traduza-o-rank-math-com-o-wpml\/","title":{"rendered":"Traduza o Rank Math com o WPML"},"content":{"rendered":"\n<p class=\"lead\">Saiba como traduzir o Rank Math com o WPML. Traduza todos os atributos de SEO, incluindo t\u00edtulos, meta descri\u00e7\u00f5es, links permanentes e muito mais.   <\/p>\n\n<h2 class=\"wp-block-heading\" id=\"getting-started\">Primeiros passos<\/h2>\n\n<p>Para traduzir o Rank Math com o WPML, \u00e9 necess\u00e1rio ter os seguintes plugins:<\/p>\n\n<ul class=\"wp-block-list\">\n<li><a href=\"https:\/\/rankmath.com\/\" target=\"_blank\" rel=\"noreferrer noopener\">Rank Math<\/a><\/li>\n\n\n\n<li>WPML core<\/li>\n\n\n\n<li>WPML String Translation<\/li>\n\n\n\n<li><a href=\"https:\/\/wpml.org\/compatibility\/2021\/04\/wpml-seo-plugin-better-integration-with-seo-plugins\/\">Complemento WPML SEO<\/a><\/li>\n<\/ul>\n\n<h2 class=\"wp-block-heading\" id=\"translating-on-page-seo-attributes\">Traduzir atributos de SEO na p\u00e1gina<\/h2>\n\n<p>O WPML pode traduzir todos os atributos de SEO na p\u00e1gina. Isso inclui: <\/p>\n\n<ul class=\"wp-block-list\">\n<li>T\u00edtulos de p\u00e1gina<\/li>\n\n\n\n<li>Meta descri\u00e7\u00f5es<\/li>\n\n\n\n<li>Trilhas de navega\u00e7\u00e3o<\/li>\n\n\n\n<li>ALT e legendas de imagens<\/li>\n\n\n\n<li>Permalinks<\/li>\n\n\n\n<li>E muito mais&#8230;<\/li>\n<\/ul>\n\n<p>Atualmente, o WPML n\u00e3o suporta recursos de permalink personalizados para tradu\u00e7\u00e3o. Por exemplo, usar a configura\u00e7\u00e3o do Rank Math para remover uma base de categoria das URLs far\u00e1 com que elas n\u00e3o sejam traduzidas corretamente. Antes de decidir usar essa configura\u00e7\u00e3o, confira nossa <a href=\"https:\/\/wpml.org\/errata\/rank-math-setting-to-strip-product-base-breaks-translating-product-links\/\">solu\u00e7\u00e3o alternativa para remover uma base de categoria das URLs<\/a> ou entre em contato com nosso suporte.  <\/p>\n\n<p>Para traduzir atributos de SEO na p\u00e1gina com o WPML, simplesmente envie seu conte\u00fado para tradu\u00e7\u00e3o. O WPML traduz os atributos junto com a p\u00e1gina ou post aos quais est\u00e3o associados. <\/p>\n\n<figure class=\"wp-block-image tb-image tb-image-dynamic tb-image-frame-none\" data-toolset-blocks-image=\"a21f464e4de3ce2b2e806dbc3cf5ad81\"><a href=\"https:\/\/wpml.org\/wp-content\/uploads\/2026\/02\/Translating-post-with-Rank-Math-SEO-attributes.png\"><img decoding=\"async\" width=\"1024\" height=\"625\" loading=\"lazy\" src=\"https:\/\/wpml.org\/wp-content\/uploads\/2026\/02\/Translating-post-with-Rank-Math-SEO-attributes-1024x625.png\" alt=\"Translating post with Rank Math SEO attributes\" class=\"wp-image-17792441\" srcset=\"https:\/\/wpml.org\/wp-content\/uploads\/2026\/02\/Translating-post-with-Rank-Math-SEO-attributes-1024x625.png 1024w, https:\/\/wpml.org\/wp-content\/uploads\/2026\/02\/Translating-post-with-Rank-Math-SEO-attributes-300x183.png 300w, https:\/\/wpml.org\/wp-content\/uploads\/2026\/02\/Translating-post-with-Rank-Math-SEO-attributes-150x92.png 150w, https:\/\/wpml.org\/wp-content\/uploads\/2026\/02\/Translating-post-with-Rank-Math-SEO-attributes-768x469.png 768w, https:\/\/wpml.org\/wp-content\/uploads\/2026\/02\/Translating-post-with-Rank-Math-SEO-attributes-1536x938.png 1536w, https:\/\/wpml.org\/wp-content\/uploads\/2026\/02\/Translating-post-with-Rank-Math-SEO-attributes.png 1600w\" sizes=\"auto, (max-width: 1024px) 100vw, 1024px\" \/><\/a><figcaption><div class=\"tb-image-caption\">Traduzindo post com atributos de Rank Math SEO<\/div><\/figcaption><\/figure>\n\n<h2 class=\"wp-block-heading\">Traduza metadados de taxonomia<\/h2>\n\n<p>Ao traduzir um post, o WPML tamb\u00e9m traduz as taxonomias anexadas. Isso inclui quaisquer atributos de SEO que voc\u00ea adicionou no snippet do Rank Math para cada termo de taxonomia (como t\u00edtulo meta e descri\u00e7\u00e3o meta). <\/p>\n\n<figure class=\"wp-block-image tb-image tb-image-dynamic tb-image-frame-none\" data-toolset-blocks-image=\"ac7af4acbeeb8aa8ea51c21a684966cd\"><a href=\"https:\/\/wpml.org\/wp-content\/uploads\/2025\/05\/category-seo-snippet-rankmath-1.png\"><img decoding=\"async\" width=\"1976\" height=\"1952\" loading=\"lazy\" src=\"https:\/\/wpml.org\/wp-content\/uploads\/2025\/05\/category-seo-snippet-rankmath-1.png\" alt=\"\" class=\"wp-image-17035026\" srcset=\"https:\/\/wpml.org\/wp-content\/uploads\/2025\/05\/category-seo-snippet-rankmath-1.png 1976w, https:\/\/wpml.org\/wp-content\/uploads\/2025\/05\/category-seo-snippet-rankmath-1-300x296.png 300w, https:\/\/wpml.org\/wp-content\/uploads\/2025\/05\/category-seo-snippet-rankmath-1-1024x1012.png 1024w, https:\/\/wpml.org\/wp-content\/uploads\/2025\/05\/category-seo-snippet-rankmath-1-150x148.png 150w, https:\/\/wpml.org\/wp-content\/uploads\/2025\/05\/category-seo-snippet-rankmath-1-768x759.png 768w, https:\/\/wpml.org\/wp-content\/uploads\/2025\/05\/category-seo-snippet-rankmath-1-1536x1517.png 1536w, https:\/\/wpml.org\/wp-content\/uploads\/2025\/05\/category-seo-snippet-rankmath-1-100x100.png 100w\" sizes=\"auto, (max-width: 1976px) 100vw, 1976px\" \/><\/a><figcaption><div class=\"tb-image-caption\">Adicionando o metat\u00edtulo e a meta descri\u00e7\u00e3o de uma categoria com o Rank Math<\/div><\/figcaption><\/figure>\n\n<p>Se voc\u00ea modificar os metadados de uma taxonomia no idioma original \u2014 ou quiser traduzir taxonomias que n\u00e3o est\u00e3o anexadas a nenhum post \u2014 v\u00e1 para <strong>WPML \u2192 Tradu\u00e7\u00e3o de Taxonomia<\/strong> para atualizar as tradu\u00e7\u00f5es.<\/p>\n\n<figure class=\"wp-block-image tb-image tb-image-dynamic tb-image-frame-none\" data-toolset-blocks-image=\"da86bdb58e0b4c0917fb2fdee7f9d4c4\"><a href=\"https:\/\/wpml.org\/wp-content\/uploads\/2025\/05\/translate-rankmath-taxonomy-metadata-1.png\"><img decoding=\"async\" width=\"2560\" height=\"1662\" loading=\"lazy\" src=\"https:\/\/wpml.org\/wp-content\/uploads\/2025\/05\/translate-rankmath-taxonomy-metadata-1.png\" alt=\"\" class=\"wp-image-17035041\" srcset=\"https:\/\/wpml.org\/wp-content\/uploads\/2025\/05\/translate-rankmath-taxonomy-metadata-1.png 2560w, https:\/\/wpml.org\/wp-content\/uploads\/2025\/05\/translate-rankmath-taxonomy-metadata-1-300x195.png 300w, https:\/\/wpml.org\/wp-content\/uploads\/2025\/05\/translate-rankmath-taxonomy-metadata-1-1024x665.png 1024w, https:\/\/wpml.org\/wp-content\/uploads\/2025\/05\/translate-rankmath-taxonomy-metadata-1-150x97.png 150w, https:\/\/wpml.org\/wp-content\/uploads\/2025\/05\/translate-rankmath-taxonomy-metadata-1-768x499.png 768w, https:\/\/wpml.org\/wp-content\/uploads\/2025\/05\/translate-rankmath-taxonomy-metadata-1-1536x997.png 1536w, https:\/\/wpml.org\/wp-content\/uploads\/2025\/05\/translate-rankmath-taxonomy-metadata-1-2048x1330.png 2048w\" sizes=\"auto, (max-width: 2560px) 100vw, 2560px\" \/><\/a><figcaption><div class=\"tb-image-caption\">Traduzindo termos de taxonomia e metadados com a Tradu\u00e7\u00e3o de Taxonomia do WPML<\/div><\/figcaption><\/figure>\n\n<h2 class=\"wp-block-heading\" id=\"translating-global-seo-texts\">Traduza textos globais de SEO<\/h2>\n\n<p>Para traduzir textos globais de SEO, como o r\u00f3tulo da p\u00e1gina inicial dos breadcrumbs, siga estas etapas:<\/p>\n\n<ol class=\"wp-block-list\">\n<li>V\u00e1 para <strong>WPML<\/strong> \u2192 <strong>painel de tradu\u00e7\u00e3o<\/strong>.<\/li>\n\n\n\n<li>Role para a se\u00e7\u00e3o <strong>Outros textos (Strings) <\/strong>e procure seus textos.<strong> <\/strong><\/li>\n\n\n\n<li>Selecione seus textos e envie-os para tradu\u00e7\u00e3o. <\/li>\n<\/ol>\n\n<h2 class=\"wp-block-heading\" id=\"sitemaps-and-wpml\">Sitemaps multil\u00edngues com o WPML<\/h2>\n\n<p id=\"known-issues\">O WPML lida com sitemaps multil\u00edngues e <a href=\"https:\/\/wpml.org\/documentation\/support\/adding-hreflang-wordpress\/\">tags hreflang<\/a> automaticamente. Por padr\u00e3o, ele adiciona tags hreflang para cada varia\u00e7\u00e3o de URL nos sitemaps XML. <\/p>\n\n<h3 class=\"wp-block-heading\">Adicionando tags hreflang na p\u00e1gina <\/h3>\n\n<p id=\"known-issues\">Se voc\u00ea preferir tags hreflang na p\u00e1gina  em vez do sitemap, voc\u00ea pode alterar a configura\u00e7\u00e3o por conta pr\u00f3pria. Basta: <\/p>\n\n<p id=\"known-issues\">1. Desativar o recurso de sitemap adicionando este c\u00f3digo ao seu <strong>wp-config.php<\/strong>:<\/p>\n\n<pre class=\"wp-block-preformatted\">define( 'WPML_SEO_ENABLE_SITEMAP_HREFLANG', false );  <\/pre>\n\n<p><\/p>\n\n<p>2. Navegue at\u00e9 a p\u00e1gina <strong>WPML \u2192 Idiomas<\/strong> e procure por <strong>Op\u00e7\u00f5es de SEO<\/strong>. Voc\u00ea ver\u00e1 a caixa de sele\u00e7\u00e3o <strong>Exibir idiomas alternativos na se\u00e7\u00e3o HEAD<\/strong> \u2014 ative-a e <strong>Salve<\/strong>. <\/p>\n\n<figure class=\"wp-block-image tb-image tb-image-dynamic tb-image-frame-none\" data-toolset-blocks-image=\"3189122d0149db8bc89e7bb241be5417\"><a href=\"https:\/\/wpml.org\/wp-content\/uploads\/2025\/09\/option-for-hreflang-tag-in-head-rankmath.png\"><img decoding=\"async\" width=\"2544\" height=\"1174\" loading=\"lazy\" src=\"https:\/\/wpml.org\/wp-content\/uploads\/2025\/09\/option-for-hreflang-tag-in-head-rankmath.png\" alt=\"\" class=\"wp-image-17384104\" srcset=\"https:\/\/wpml.org\/wp-content\/uploads\/2025\/09\/option-for-hreflang-tag-in-head-rankmath.png 2544w, https:\/\/wpml.org\/wp-content\/uploads\/2025\/09\/option-for-hreflang-tag-in-head-rankmath-300x138.png 300w, https:\/\/wpml.org\/wp-content\/uploads\/2025\/09\/option-for-hreflang-tag-in-head-rankmath-1024x473.png 1024w, https:\/\/wpml.org\/wp-content\/uploads\/2025\/09\/option-for-hreflang-tag-in-head-rankmath-150x69.png 150w, https:\/\/wpml.org\/wp-content\/uploads\/2025\/09\/option-for-hreflang-tag-in-head-rankmath-768x354.png 768w, https:\/\/wpml.org\/wp-content\/uploads\/2025\/09\/option-for-hreflang-tag-in-head-rankmath-1536x709.png 1536w, https:\/\/wpml.org\/wp-content\/uploads\/2025\/09\/option-for-hreflang-tag-in-head-rankmath-2048x945.png 2048w\" sizes=\"auto, (max-width: 2544px) 100vw, 2544px\" \/><\/a><figcaption><div class=\"tb-image-caption\">Ativando a op\u00e7\u00e3o para adicionar tags hreflang no <head da p\u00e1gina><\/div><\/figcaption><\/figure>\n\n<h2 class=\"wp-block-heading\" id=\"translate-with-wpml\">Traduza o Rank Math com o WPML  <a href=\"https:\/\/wpml.org\/pt-br\/documentacao\/projetos-relacionados\/gravity-forms-multilingual\/#translate-with-wpml\"><\/a><\/h2>\n\n<p>Se voc\u00ea j\u00e1 tem uma conta WPML, pode baixar o complemento WPML SEO para o Rank Math (sem custo adicional) na <a href=\"https:\/\/wpml.org\/pt-br\/account\/downloads\/#wpml-seo\">p\u00e1gina de Downloads<\/a>.<\/p>\n\n<p>N\u00e3o tem WPML? Visite nossa <a href=\"https:\/\/wpml.org\/pt-br\/purchase\/\">p\u00e1gina de pre\u00e7os<\/a> para encontrar o plano certo para o seu site.  <\/p>\n","protected":false},"excerpt":{"rendered":"<p>Saiba como traduzir o Rank Math com o WPML. Traduza todos os atributos de SEO, incluindo t\u00edtulos, meta descri\u00e7\u00f5es, links permanentes e muito mais. Primeiros passos Para traduzir o Rank Math com o WPML, \u00e9 necess\u00e1rio ter os seguintes plugins: Traduzir atributos de SEO na p\u00e1gina O WPML pode traduzir todos os atributos de SEO [&hellip;]<\/p>\n","protected":false},"author":578773,"featured_media":0,"parent":16317473,"menu_order":20,"comment_status":"closed","ping_status":"closed","template":"template-sidebar-2.php","meta":{"_bbp_topic_count":0,"_bbp_reply_count":0,"_bbp_total_topic_count":0,"_bbp_total_reply_count":0,"_bbp_voice_count":0,"_bbp_anonymous_reply_count":0,"_bbp_topic_count_hidden":0,"_bbp_reply_count_hidden":0,"_bbp_forum_subforum_count":0,"ep_exclude_from_search":false,"footnotes":""},"related-projects-category":[],"class_list":["post-17578478","page","type-page","status-publish","hentry"],"_links":{"self":[{"href":"https:\/\/wpml.org\/pt-br\/wp-json\/wp\/v2\/pages\/17578478","targetHints":{"allow":["GET"]}}],"collection":[{"href":"https:\/\/wpml.org\/pt-br\/wp-json\/wp\/v2\/pages"}],"about":[{"href":"https:\/\/wpml.org\/pt-br\/wp-json\/wp\/v2\/types\/page"}],"author":[{"embeddable":true,"href":"https:\/\/wpml.org\/pt-br\/wp-json\/wp\/v2\/users\/578773"}],"replies":[{"embeddable":true,"href":"https:\/\/wpml.org\/pt-br\/wp-json\/wp\/v2\/comments?post=17578478"}],"version-history":[{"count":6,"href":"https:\/\/wpml.org\/pt-br\/wp-json\/wp\/v2\/pages\/17578478\/revisions"}],"predecessor-version":[{"id":17854333,"href":"https:\/\/wpml.org\/pt-br\/wp-json\/wp\/v2\/pages\/17578478\/revisions\/17854333"}],"up":[{"embeddable":true,"href":"https:\/\/wpml.org\/pt-br\/wp-json\/wp\/v2\/pages\/16317473"}],"wp:attachment":[{"href":"https:\/\/wpml.org\/pt-br\/wp-json\/wp\/v2\/media?parent=17578478"}],"wp:term":[{"taxonomy":"related-projects-category","embeddable":true,"href":"https:\/\/wpml.org\/pt-br\/wp-json\/wp\/v2\/related-projects-category?post=17578478"}],"curies":[{"name":"wp","href":"https:\/\/api.w.org\/{rel}","templated":true}]}}