{"id":17825106,"date":"2026-02-25T09:31:59","date_gmt":"2026-02-25T09:31:59","guid":{"rendered":"https:\/\/wpml.org\/?page_id=17825106"},"modified":"2026-03-02T09:26:43","modified_gmt":"2026-03-02T09:26:43","slug":"programa-de-parceria-para-agencias-termos-e-condicoes","status":"publish","type":"page","link":"https:\/\/wpml.org\/pt-br\/account\/programa-de-parceria-para-agencias\/programa-de-parceria-para-agencias-termos-e-condicoes\/","title":{"rendered":"Programa de Parceria para Ag\u00eancias \u2014 Termos e Condi\u00e7\u00f5es"},"content":{"rendered":"\n<p class=\"lead\">Saiba como funciona o Programa de Parceria para Ag\u00eancias, incluindo como o(a) senhor(a) ganha recompensas, o que cada n\u00edvel oferece e como os cr\u00e9ditos e pontos s\u00e3o calculados.<\/p>\n\n<h2 class=\"wp-block-heading\">Como ganhar pontos<\/h2>\n\n<p>O(a) senhor(a) ganha 1 ponto de recompensa para cada 1 cr\u00e9dito de tradu\u00e7\u00e3o que o(a) senhor(a) e seus clientes utilizarem por meio da tradu\u00e7\u00e3o autom\u00e1tica. Isso se aplica aos cr\u00e9ditos de tradu\u00e7\u00e3o usados com qualquer mecanismo de tradu\u00e7\u00e3o (PTC, DeepL, Google ou Microsoft). <\/p>\n\n<p>Isso se aplica tanto a tradu\u00e7\u00f5es de sites quanto a tradu\u00e7\u00f5es de software.<\/p>\n\n<p>Seu saldo de pontos \u00e9 atualizado diariamente. Os cr\u00e9ditos que o(a) senhor(a) gastar hoje ser\u00e3o refletidos no contador de pontos no dia seguinte. <\/p>\n\n<h2 class=\"wp-block-heading\">Como sites e cr\u00e9ditos s\u00e3o atribu\u00eddos \u00e0 sua conta<\/h2>\n\n<p><strong>Para sites WPML:<\/strong> Os pontos v\u00eam de sites registrados na sua conta WPML. Se o(a) senhor(a) criar um site para um cliente (ou para si mesmo) usando sua licen\u00e7a WPML, os cr\u00e9ditos de tradu\u00e7\u00e3o usados nesse site contam para suas recompensas. Se o cliente posteriormente mudar para a pr\u00f3pria licen\u00e7a WPML, esse site deixar\u00e1 de contar.  <\/p>\n\n<p>Tanto sites de produ\u00e7\u00e3o quanto de staging contam, desde que estejam registrados na sua conta.<\/p>\n\n<p><strong>Para <\/strong><a href=\"https:\/\/ptc.wpml.org\/\" target=\"_blank\" rel=\"noreferrer noopener\"><strong>PTC para Software<\/strong><\/a><strong>:<\/strong> Seus clientes precisam se cadastrar pelo seu link de indica\u00e7\u00e3o. O(a) senhor(a) encontrar\u00e1 esse link na p\u00e1gina do Programa de Parceria para Ag\u00eancias na sua conta WPML. Quando os clientes visitarem ptc.wpml.org usando seu link, a conta deles ser\u00e1 conectada \u00e0 sua, e os cr\u00e9ditos que eles utilizarem contar\u00e3o para seus pontos.  <\/p>\n\n<h2 class=\"wp-block-heading\">Quando o rastreamento de pontos come\u00e7a<\/h2>\n\n<p>Ao se inscrever, voc\u00ea recebe pontos por todos os cr\u00e9ditos de tradu\u00e7\u00e3o autom\u00e1tica usados desde a \u00faltima renova\u00e7\u00e3o de sua conta WPML. Os pontos continuam se acumulando at\u00e9 a pr\u00f3xima data de renova\u00e7\u00e3o. <\/p>\n\n<p>Por exemplo: se sua conta WPML foi renovada em 10 de junho de 2025 e voc\u00ea se inscrever no programa em 2 de mar\u00e7o de 2026, voc\u00ea receber\u00e1 pontos por todos os cr\u00e9ditos usados entre 10 de junho de 2025 e 10 de junho de 2026.<\/p>\n\n<h2 class=\"wp-block-heading\">Quando seus pontos s\u00e3o redefinidos<\/h2>\n\n<p>Seus pontos come\u00e7am a se acumular a partir da data da sua \u00faltima compra ou renova\u00e7\u00e3o da assinatura do WPML. Eles s\u00e3o redefinidos na pr\u00f3xima data de renova\u00e7\u00e3o da assinatura. <\/p>\n\n<h2 class=\"wp-block-heading\">N\u00edveis de recompensa<\/h2>\n\n<p>H\u00e1 tr\u00eas n\u00edveis de recompensa. O(a) senhor(a) os atinge ao acumular os seguintes pontos: <\/p>\n\n<ul class=\"wp-block-list\">\n<li><strong>Bronze:<\/strong> 500.000 pontos<\/li>\n\n\n\n<li><strong>Ouro:<\/strong> 1.250.000 pontos<\/li>\n\n\n\n<li><strong>Platina:<\/strong> 2.500.000 pontos<\/li>\n<\/ul>\n\n<p>Quando o(a) senhor(a) alcan\u00e7a um n\u00edvel, ele \u00e9 seu durante aquele ano de assinatura \u2014 seu n\u00edvel n\u00e3o cair\u00e1, mesmo que o uso diminua.<\/p>\n\n<p>Os n\u00edveis s\u00e3o redefinidos quando sua assinatura \u00e9 renovada, e o(a) senhor(a) come\u00e7a do zero.<\/p>\n\n<h2 class=\"wp-block-heading\">O que cada n\u00edvel inclui<\/h2>\n\n<p><strong>Bronze<\/strong><\/p>\n\n<ul class=\"wp-block-list\">\n<li>Suporte VIP<\/li>\n\n\n\n<li>20 % de desconto na sua pr\u00f3xima renova\u00e7\u00e3o do WPML<\/li>\n\n\n\n<li>300.000 cr\u00e9ditos de tradu\u00e7\u00e3o gratuitos para o site da sua ag\u00eancia<\/li>\n<\/ul>\n\n<p><strong>Ouro<\/strong><\/p>\n\n<ul class=\"wp-block-list\">\n<li>Suporte VIP<\/li>\n\n\n\n<li>50 % de desconto na sua pr\u00f3xima renova\u00e7\u00e3o do WPML<\/li>\n\n\n\n<li>500.000 cr\u00e9ditos de tradu\u00e7\u00e3o gratuitos para o site da sua ag\u00eancia<\/li>\n<\/ul>\n\n<p><strong>Platina<\/strong><\/p>\n\n<ul class=\"wp-block-list\">\n<li>Suporte VIP<\/li>\n\n\n\n<li>100 % de desconto na sua pr\u00f3xima renova\u00e7\u00e3o do WPML (renova\u00e7\u00e3o gratuita)<\/li>\n\n\n\n<li>800.000 cr\u00e9ditos de tradu\u00e7\u00e3o gratuitos para o site da sua ag\u00eancia<\/li>\n<\/ul>\n\n<h2 class=\"wp-block-heading\">Suporte VIP<\/h2>\n\n<p>Suporte VIP significa:<\/p>\n\n<ul class=\"wp-block-list\">\n<li>Suas solicita\u00e7\u00f5es de suporte t\u00eam prioridade, para que o(a) senhor(a) receba respostas mais r\u00e1pidas<\/li>\n\n\n\n<li>Seus problemas s\u00e3o tratados diretamente por desenvolvedores<\/li>\n<\/ul>\n\n<h2 class=\"wp-block-heading\">Descontos de renova\u00e7\u00e3o<\/h2>\n\n<p>Quando o(a) senhor(a) atinge um n\u00edvel de recompensa, o desconto de renova\u00e7\u00e3o \u00e9 aplicado automaticamente \u00e0 sua pr\u00f3xima renova\u00e7\u00e3o da assinatura do WPML.<\/p>\n\n<p>O desconto \u00e9 aplicado uma \u00fanica vez, apenas na sua pr\u00f3xima renova\u00e7\u00e3o, e somente na conta WPML da sua ag\u00eancia.<\/p>\n\n<p>Se sua conta estiver configurada para renova\u00e7\u00e3o manual, o desconto ser\u00e1 aplicado somente se o(a) senhor(a) renov\u00e1-la dentro do prazo. Se sua conta expirar, o(a) senhor(a) perder\u00e1 o desconto. <\/p>\n\n<h2 class=\"wp-block-heading\">Cr\u00e9ditos de tradu\u00e7\u00e3o gratuitos<\/h2>\n\n<p>Os cr\u00e9ditos gratuitos que o(a) senhor(a) ganha s\u00f3 podem ser usados no pr\u00f3prio site da sua ag\u00eancia. O(a) senhor(a) define qual \u00e9 esse site na p\u00e1gina do Programa de Parceria para Ag\u00eancias na sua conta WPML. <\/p>\n\n<p>Esses cr\u00e9ditos n\u00e3o expiram, mas tamb\u00e9m n\u00e3o podem ser transferidos para outros sites.<\/p>\n\n<h2 class=\"wp-block-heading\">Como entrar no programa<\/h2>\n\n<p>Para participar, fa\u00e7a login na sua conta WPML e inscreva-se na se\u00e7\u00e3o Programa de Parceria para Ag\u00eancias. O(a) senhor(a) pode acessar isso a partir da sua p\u00e1gina principal de Conta. <\/p>\n\n<p>Apenas contas Multilingual Agency s\u00e3o qualificadas. Se voc\u00ea tiver uma conta Multilingual Blog ou Multilingual CMS, n\u00e3o ver\u00e1 esta op\u00e7\u00e3o. <\/p>\n\n<h2 class=\"wp-block-heading\">Como sair do programa<\/h2>\n\n<p>N\u00e3o h\u00e1 um processo formal de cancelamento, mas o(a) senhor(a) pode simplesmente parar de participar a qualquer momento. Se o(a) senhor(a) j\u00e1 tiver atingido um n\u00edvel de recompensa, mant\u00e9m o que ganhou: <\/p>\n\n<ul class=\"wp-block-list\">\n<li>O(a) senhor(a) tem acesso ao suporte VIP at\u00e9 a pr\u00f3xima renova\u00e7\u00e3o, quando as recompensas s\u00e3o redefinidas<\/li>\n\n\n\n<li>O desconto da sua pr\u00f3xima renova\u00e7\u00e3o continua valendo<\/li>\n\n\n\n<li>O(a) senhor(a) ainda pode atribuir seus cr\u00e9ditos gratuitos quando estiver pronto<\/li>\n<\/ul>\n\n<h2 class=\"wp-block-heading\">Como isso afeta seus clientes<\/h2>\n\n<p>Inscrever-se neste programa n\u00e3o muda nada para seus clientes:<\/p>\n\n<ul class=\"wp-block-list\">\n<li>O pre\u00e7o dos cr\u00e9ditos de tradu\u00e7\u00e3o permanece o mesmo<\/li>\n\n\n\n<li>O pre\u00e7o anual de renova\u00e7\u00e3o do WPML permanece o mesmo<\/li>\n<\/ul>\n\n<h2 class=\"wp-block-heading\">Garantia de qualidade para tradu\u00e7\u00e3o autom\u00e1tica com PTC<\/h2>\n\n<p>Tradu\u00e7\u00f5es autom\u00e1ticas feitas pelo PTC v\u00eam com uma garantia de qualidade. Se o(a) senhor(a) ou seus clientes n\u00e3o estiverem satisfeitos com a qualidade da tradu\u00e7\u00e3o, informe-nos o que est\u00e1 errado. Tratamos problemas de qualidade como bugs e trabalhamos para corrigi-los. Se o(a) senhor(a) ainda n\u00e3o estiver satisfeito, reembolsaremos integralmente seus cr\u00e9ditos de tradu\u00e7\u00e3o.   <\/p>\n\n<p><a href=\"https:\/\/wpml.org\/pt-br\/documentacao\/traducao-automatica-de-conteudos-wordpress-com-o-wpml\/traducao-automatica-com-qualidade-garantida\/\" target=\"_blank\" rel=\"noreferrer noopener\">Saiba mais sobre a Garantia de Qualidade PTC<\/a><\/p>\n\n<p><\/p>\n","protected":false},"excerpt":{"rendered":"<p>Saiba como funciona o Programa de Parceria para Ag\u00eancias, incluindo como o(a) senhor(a) ganha recompensas, o que cada n\u00edvel oferece e como os cr\u00e9ditos e pontos s\u00e3o calculados. Como ganhar pontos O(a) senhor(a) ganha 1 ponto de recompensa para cada 1 cr\u00e9dito de tradu\u00e7\u00e3o que o(a) senhor(a) e seus clientes utilizarem por meio da tradu\u00e7\u00e3o [&hellip;]<\/p>\n","protected":false},"author":76577,"featured_media":0,"parent":17825094,"menu_order":0,"comment_status":"closed","ping_status":"closed","template":"template-nosidebar-centered.php","meta":{"_bbp_topic_count":0,"_bbp_reply_count":0,"_bbp_total_topic_count":0,"_bbp_total_reply_count":0,"_bbp_voice_count":0,"_bbp_anonymous_reply_count":0,"_bbp_topic_count_hidden":0,"_bbp_reply_count_hidden":0,"_bbp_forum_subforum_count":0,"_uag_custom_page_level_css":"","ep_exclude_from_search":false,"footnotes":""},"related-projects-category":[],"class_list":["post-17825106","page","type-page","status-publish","hentry"],"spectra_custom_meta":{"_subscription_coupon_product_id":["0"],"_wpv_contains_gutenberg_views":[""],"_alp_processed":["1772443603"],"_last_translation_edit_mode":["translation-editor"],"_yoast_wpseo_meta-robots-noindex":["1"],"_yoast_wpseo_meta-robots-nofollow":["1"],"_yoast_wpseo_meta-robots-adv":["nosnippet"],"wpcf-unformatted-code":[""],"_wpml_media_duplicate":["1"],"_wpml_media_featured":["1"],"toolset_post_editor_mode":["block"],"wpcf-price-increase-show-from":[""],"wpcf-price-increase-show-till":[""],"_wp_page_template":["template-nosidebar-centered.php"],"_wpml_word_count":["955"],"cmplz_hide_cookiebanner":[""],"wpcf-price-increase-content":[""],"wpcf-login-box-title":[""],"wpcf-page-content":[""],"_yoast_wpseo_primary_related-projects-category":[""],"_edit_lock":["1772012608:76577"],"_edit_last":["76577"],"_yoast_wpseo_content_score":["90"],"_yoast_wpseo_estimated-reading-time-minutes":[""],"_uagb_previous_block_counts":["a:90:{s:21:\"uagb\/advanced-heading\";i:0;s:15:\"uagb\/blockquote\";i:0;s:12:\"uagb\/buttons\";i:0;s:18:\"uagb\/buttons-child\";i:0;s:19:\"uagb\/call-to-action\";i:0;s:15:\"uagb\/cf7-styler\";i:0;s:11:\"uagb\/column\";i:0;s:12:\"uagb\/columns\";i:0;s:14:\"uagb\/container\";i:0;s:21:\"uagb\/content-timeline\";i:0;s:27:\"uagb\/content-timeline-child\";i:0;s:14:\"uagb\/countdown\";i:0;s:12:\"uagb\/counter\";i:0;s:8:\"uagb\/faq\";i:0;s:14:\"uagb\/faq-child\";i:0;s:10:\"uagb\/forms\";i:0;s:17:\"uagb\/forms-accept\";i:0;s:19:\"uagb\/forms-checkbox\";i:0;s:15:\"uagb\/forms-date\";i:0;s:16:\"uagb\/forms-email\";i:0;s:17:\"uagb\/forms-hidden\";i:0;s:15:\"uagb\/forms-name\";i:0;s:16:\"uagb\/forms-phone\";i:0;s:16:\"uagb\/forms-radio\";i:0;s:17:\"uagb\/forms-select\";i:0;s:19:\"uagb\/forms-textarea\";i:0;s:17:\"uagb\/forms-toggle\";i:0;s:14:\"uagb\/forms-url\";i:0;s:14:\"uagb\/gf-styler\";i:0;s:15:\"uagb\/google-map\";i:0;s:11:\"uagb\/how-to\";i:0;s:16:\"uagb\/how-to-step\";i:0;s:9:\"uagb\/icon\";i:0;s:14:\"uagb\/icon-list\";i:0;s:20:\"uagb\/icon-list-child\";i:0;s:10:\"uagb\/image\";i:0;s:18:\"uagb\/image-gallery\";i:0;s:13:\"uagb\/info-box\";i:0;s:18:\"uagb\/inline-notice\";i:0;s:11:\"uagb\/lottie\";i:0;s:21:\"uagb\/marketing-button\";i:0;s:10:\"uagb\/modal\";i:0;s:18:\"uagb\/popup-builder\";i:0;s:16:\"uagb\/post-button\";i:0;s:18:\"uagb\/post-carousel\";i:0;s:17:\"uagb\/post-excerpt\";i:0;s:14:\"uagb\/post-grid\";i:0;s:15:\"uagb\/post-image\";i:0;s:17:\"uagb\/post-masonry\";i:0;s:14:\"uagb\/post-meta\";i:0;s:18:\"uagb\/post-taxonomy\";i:0;s:18:\"uagb\/post-timeline\";i:0;s:15:\"uagb\/post-title\";i:0;s:20:\"uagb\/restaurant-menu\";i:0;s:26:\"uagb\/restaurant-menu-child\";i:0;s:11:\"uagb\/review\";i:0;s:12:\"uagb\/section\";i:0;s:14:\"uagb\/separator\";i:0;s:11:\"uagb\/slider\";i:0;s:17:\"uagb\/slider-child\";i:0;s:17:\"uagb\/social-share\";i:0;s:23:\"uagb\/social-share-child\";i:0;s:16:\"uagb\/star-rating\";i:0;s:23:\"uagb\/sure-cart-checkout\";i:0;s:22:\"uagb\/sure-cart-product\";i:0;s:15:\"uagb\/sure-forms\";i:0;s:22:\"uagb\/table-of-contents\";i:0;s:9:\"uagb\/tabs\";i:0;s:15:\"uagb\/tabs-child\";i:0;s:18:\"uagb\/taxonomy-list\";i:0;s:9:\"uagb\/team\";i:0;s:16:\"uagb\/testimonial\";i:0;s:14:\"uagb\/wp-search\";i:0;s:19:\"uagb\/instagram-feed\";i:0;s:10:\"uagb\/login\";i:0;s:17:\"uagb\/loop-builder\";i:0;s:18:\"uagb\/loop-category\";i:0;s:20:\"uagb\/loop-pagination\";i:0;s:15:\"uagb\/loop-reset\";i:0;s:16:\"uagb\/loop-search\";i:0;s:14:\"uagb\/loop-sort\";i:0;s:17:\"uagb\/loop-wrapper\";i:0;s:13:\"uagb\/register\";i:0;s:19:\"uagb\/register-email\";i:0;s:24:\"uagb\/register-first-name\";i:0;s:23:\"uagb\/register-last-name\";i:0;s:22:\"uagb\/register-password\";i:0;s:30:\"uagb\/register-reenter-password\";i:0;s:19:\"uagb\/register-terms\";i:0;s:22:\"uagb\/register-username\";i:0;}"],"_uag_css_file_name":["uag-css-17825106.css"],"_uag_page_assets":["a:9:{s:3:\"css\";s:0:\"\";s:2:\"js\";s:0:\"\";s:18:\"current_block_list\";a:5:{i:0;s:14:\"core\/paragraph\";i:1;s:12:\"core\/heading\";i:2;s:9:\"core\/list\";i:3;s:14:\"core\/list-item\";i:4;s:14:\"core\/shortcode\";}s:8:\"uag_flag\";b:0;s:11:\"uag_version\";s:10:\"1778492585\";s:6:\"gfonts\";a:0:{}s:10:\"gfonts_url\";s:0:\"\";s:12:\"gfonts_files\";a:0:{}s:14:\"uag_faq_layout\";b:0;}"]},"uagb_featured_image_src":{"full":false,"thumbnail":false,"medium":false,"medium_large":false,"large":false,"1536x1536":false,"2048x2048":false,"gform-image-choice-sm":false,"gform-image-choice-md":false,"gform-image-choice-lg":false,"woocommerce_thumbnail":false,"woocommerce_single":false,"woocommerce_gallery_thumbnail":false},"uagb_author_info":{"display_name":"Dario","author_link":"https:\/\/wpml.org\/pt-br\/author\/darioh\/"},"uagb_comment_info":0,"uagb_excerpt":"Saiba como funciona o Programa de Parceria para Ag\u00eancias, incluindo como o(a) senhor(a) ganha recompensas, o que cada n\u00edvel oferece e como os cr\u00e9ditos e pontos s\u00e3o calculados. Como ganhar pontos O(a) senhor(a) ganha 1 ponto de recompensa para cada 1 cr\u00e9dito de tradu\u00e7\u00e3o que o(a) senhor(a) e seus clientes utilizarem por meio da tradu\u00e7\u00e3o&hellip;","_links":{"self":[{"href":"https:\/\/wpml.org\/pt-br\/wp-json\/wp\/v2\/pages\/17825106","targetHints":{"allow":["GET"]}}],"collection":[{"href":"https:\/\/wpml.org\/pt-br\/wp-json\/wp\/v2\/pages"}],"about":[{"href":"https:\/\/wpml.org\/pt-br\/wp-json\/wp\/v2\/types\/page"}],"author":[{"embeddable":true,"href":"https:\/\/wpml.org\/pt-br\/wp-json\/wp\/v2\/users\/76577"}],"replies":[{"embeddable":true,"href":"https:\/\/wpml.org\/pt-br\/wp-json\/wp\/v2\/comments?post=17825106"}],"version-history":[{"count":2,"href":"https:\/\/wpml.org\/pt-br\/wp-json\/wp\/v2\/pages\/17825106\/revisions"}],"predecessor-version":[{"id":17863784,"href":"https:\/\/wpml.org\/pt-br\/wp-json\/wp\/v2\/pages\/17825106\/revisions\/17863784"}],"up":[{"embeddable":true,"href":"https:\/\/wpml.org\/pt-br\/wp-json\/wp\/v2\/pages\/17825094"}],"wp:attachment":[{"href":"https:\/\/wpml.org\/pt-br\/wp-json\/wp\/v2\/media?parent=17825106"}],"wp:term":[{"taxonomy":"related-projects-category","embeddable":true,"href":"https:\/\/wpml.org\/pt-br\/wp-json\/wp\/v2\/related-projects-category?post=17825106"}],"curies":[{"name":"wp","href":"https:\/\/api.w.org\/{rel}","templated":true}]}}