{"id":17964801,"date":"2026-04-09T09:47:48","date_gmt":"2026-04-09T09:47:48","guid":{"rendered":"https:\/\/wpml.org\/account\/acordo-de-processamento-de-dados\/"},"modified":"2026-04-09T09:47:48","modified_gmt":"2026-04-09T09:47:48","slug":"acordo-de-processamento-de-dados","status":"publish","type":"page","link":"https:\/\/wpml.org\/pt-br\/account\/acordo-de-processamento-de-dados\/","title":{"rendered":"Acordo de Processamento de Dados"},"content":{"rendered":"<p><span>Este Acordo (o \u201c<\/span><strong>DPA<\/strong><span>\u201d) \u00e9 datado da primeira data em que come\u00e7amos a fornecer os Servi\u00e7os a voc\u00ea (a \u201cData de In\u00edcio\u201d) e complementa nossos <\/span><span><a href=\"https:\/\/wpml.org\/home\/terms-and-conditions\/\">Termos e Condi\u00e7\u00f5es<\/a><\/span><span> (doravante, os \u201c<\/span> <strong>Termos<\/strong><span>\u201d) e nossa <\/span><span><a href=\"https:\/\/wpml.org\/documentation\/privacy-policy-and-gdpr-compliance\/\">Pol\u00edtica de Privacidade<\/a><\/span><span> (doravante, a \u201c<\/span><strong>Pol\u00edtica de Privacidade<\/strong><span>\u201d), conforme atualizada periodicamente entre voc\u00ea e n\u00f3s, ou outro acordo que regule o seu uso dos Servi\u00e7os (em conjunto com o DPA, os Termos e a Pol\u00edtica de Privacidade, o \u201c<\/span><strong>Acordo<\/strong><span>\u201d). Este DPA \u00e9 um acordo entre voc\u00ea e a entidade que voc\u00ea representa (\u201cCliente\u201d, \u201cvoc\u00ea\u201d ou \u201cseu\/sua\u201d) e a OnTheGoSystems Limited (\u201c <\/span><strong>n\u00f3s<\/strong><span>\u201d, \u201c<\/span><strong>nos<\/strong><span>\u201d ou \u201c<\/span><strong>nosso\/nossa<\/strong><span>\u201d) nos termos do Acordo.<\/span><\/p>\n<p><strong>AS PARTES CONCORDAM COM O SEGUINTE:<\/strong><\/p>\n<p class=\"dpa-main-point\"><strong>1. DEFINI\u00c7\u00d5ES E INTERPRETA\u00c7\u00c3O<\/strong><\/p>\n<p><span>1.1. As defini\u00e7\u00f5es abaixo ter\u00e3o o seguinte significado:<\/span><\/p>\n<p><span>\u201c<strong>Controlador<\/strong>\u201d<\/span><span>,  <\/span><span>\u201c<strong>Titular dos Dados<\/strong>\u201d<\/span><span>,  <\/span><span>\u201c<strong>Dados Pessoais<\/strong>\u201d<\/span><span>, \u201c<\/span><strong>Viola\u00e7\u00e3o de Dados Pessoais<\/strong><span>\u201d, &#8220;<\/span><strong>Tratamento<\/strong><span>&#8221; (incluindo os derivados &#8220;<\/span><strong>Tratados<\/strong><span>&#8221; e &#8220;<\/span><strong>Tratar<\/strong><span>&#8220;) e &#8220;<\/span><strong>Operador<\/strong><span>&#8220;, t\u00eam os significados atribu\u00eddos no GDPR ou, quando relevante, o significado de termos essencialmente equivalentes em outras Leis de Prote\u00e7\u00e3o de Dados aplic\u00e1veis;<\/span><\/p>\n<p><span>&#8220;<\/span><strong>Leis de Prote\u00e7\u00e3o de Dados<\/strong><span>&#8221; significa qualquer lei aplic\u00e1vel relacionada ao Tratamento, \u00e0 privacidade e ao uso de Dados Pessoais, incluindo: (i) o GDPR; (ii) o UK GDPR; (iii) leis que implementem, substituam, ampliem, reencenem, consolidem ou alterem quaisquer das leis anteriores; (iv) quaisquer leis ou regulamentos nacionais correspondentes; e (v) orienta\u00e7\u00f5es, c\u00f3digos ou mecanismos de certifica\u00e7\u00e3o correspondentes da autoridade reguladora competente em rela\u00e7\u00e3o a tais leis;     <\/span><\/p>\n<p><span>&#8220;<\/span><strong>(Seus) Dados Pessoais<\/strong><span>&#8221; significa Dados Pessoais fornecidos ou disponibilizados a n\u00f3s por voc\u00ea (ou coletados ou criados para voc\u00ea) em conex\u00e3o com este Acordo.<\/span><\/p>\n<p><span>1.2. Todas as palavras com iniciais mai\u00fasculas n\u00e3o mencionadas na cl\u00e1usula 1.1 acima ter\u00e3o o significado e a defini\u00e7\u00e3o atribu\u00eddos a elas na Pol\u00edtica de Privacidade ou nos Termos e Condi\u00e7\u00f5es.<\/span><\/p>\n<p><span>1.3. A refer\u00eancia a leis inclui legisla\u00e7\u00e3o subordinada e significa essa lei conforme alterada ou reeditada periodicamente. <\/span><\/p>\n<p><span>1.4. Em caso de quaisquer inconsist\u00eancias, sobreposi\u00e7\u00f5es ou redund\u00e2ncias entre este DPA e os Termos ou a Pol\u00edtica de Privacidade, os termos estabelecidos neste DPA prevalecer\u00e3o em todos os casos.<\/span><\/p>\n<p><span>1.5. Quando o Tratamento dos seus Dados Pessoais estiver sujeito ao GDPR, uma refer\u00eancia a uma \u201cobriga\u00e7\u00e3o legal\u201d neste Acordo significa uma obriga\u00e7\u00e3o nos termos do direito da Uni\u00e3o ou do Estado-Membro.<\/span><\/p>\n<p class=\"dpa-main-point\"><strong>2. TRATAMENTO DOS SEUS DADOS PESSOAIS<\/strong><\/p>\n<ol start=\"1\">\n<li><span>2.1. As partes concordam e reconhecem que a OnTheGoSystems Limited \u00e9 um Operador que atua apenas de acordo com as instru\u00e7\u00f5es documentadas do Cliente. O objeto e a dura\u00e7\u00e3o do Tratamento, a natureza e a finalidade do Tratamento, os tipos de Dados Pessoais e as categorias de Titulares dos Dados est\u00e3o estabelecidos no Ap\u00eandice 1. Nenhuma categoria especial de Dados Pessoais ser\u00e1 Tratada sem a aprova\u00e7\u00e3o pr\u00e9via por escrito do Cliente.  <\/span><\/li>\n<li><span>2.2. As partes podem, individualmente como Controladores separados, precisar Tratar os Dados Pessoais dos representantes uma da outra. Tamb\u00e9m podemos Tratar seus Dados Pessoais para fins de execu\u00e7\u00e3o dos Servi\u00e7os como Controlador separado em alguns aspectos, conforme acordado pelas partes. <\/span><\/li>\n<li><span>2.3. N\u00f3s apenas Trataremos seus Dados Pessoais de acordo com este Acordo, na medida necess\u00e1ria para fornecer os Servi\u00e7os.<\/span><\/li>\n<li><span>2.4. N\u00f3s iremos: (i) cumprir e Tratar todos os seus Dados Pessoais de acordo com as Leis de Prote\u00e7\u00e3o de Dados aplic\u00e1veis; (ii) cooperar e auxiliar o Cliente com quaisquer avalia\u00e7\u00f5es de impacto \u00e0 prote\u00e7\u00e3o de dados e consultas com (ou notifica\u00e7\u00f5es a) ou ao responder a perguntas de ou investiga\u00e7\u00f5es por reguladores ou autoridades de supervis\u00e3o; (iii) garantir que suas pol\u00edticas, medidas e procedimentos atendam, executem e cumpram as Leis de Prote\u00e7\u00e3o de Dados e assegurar que possui todas as medidas apropriadas necess\u00e1rias para garantir que o tratamento de dados seja realizado com base em uma base legal e que obtenha consentimentos, quando necess\u00e1rio, e garanta que todos os avisos exigidos estejam em vigor para permitir a transfer\u00eancia l\u00edcita dos seus Dados Pessoais a qualquer destinat\u00e1rio terceiro durante a vig\u00eancia e para as finalidades deste Acordo. Revisaremos regularmente os avisos e as pol\u00edticas e os manteremos atualizados, quando necess\u00e1rio, para garantir que os requisitos de informa\u00e7\u00e3o sejam atendidos e que quaisquer altera\u00e7\u00f5es sejam comunicadas aos titulares dos dados de forma imediata.    <\/span><\/li>\n<li><span>2.5. Voc\u00ea dever\u00e1: (i) garantir que o tratamento encomendado nos termos deste Acordo, e o compartilhamento de dados pessoais envolvido, seja realizado em estrita conformidade com as Leis de Prote\u00e7\u00e3o de Dados aplic\u00e1veis; (ii) entregar seus Dados Pessoais a n\u00f3s; (iii) assegurar, antes e durante todo o tratamento, que cumprimos as Leis de Prote\u00e7\u00e3o de Dados; (iv)     <\/span><span>ter o direito, mediante aviso pr\u00e9vio razo\u00e1vel e sujeito a salvaguardas apropriadas, de supervisionar o tratamento, inclusive realizando inspe\u00e7\u00f5es e auditorias ou baseando-se em relat\u00f3rios de conformidade relevantes;<\/span><span>&nbsp;(v) cumprir reciprocamente as obriga\u00e7\u00f5es estabelecidas neste Acordo na medida aplic\u00e1vel e (vi) quaisquer outras obriga\u00e7\u00f5es decorrentes da legisla\u00e7\u00e3o vigente e aplic\u00e1vel. <\/span><\/li>\n<\/ol>\n<p class=\"dpa-main-point\"><strong>3. NOSSO PESSOAL<\/strong><\/p>\n<ol start=\"1\">\n<li><span>3.1. Garantiremos que nosso pessoal esteja sujeito a um dever contratual ou legal apropriado de confidencialidade em rela\u00e7\u00e3o aos seus Dados Pessoais.<\/span><\/li>\n<li><span>3.2. Nosso pessoal cessar\u00e1 o Tratamento dos seus Dados Pessoais quando n\u00e3o for mais necess\u00e1rio faz\u00ea-lo para executar os Servi\u00e7os, a menos que exista uma obriga\u00e7\u00e3o legal de reter seus Dados Pessoais. A seu crit\u00e9rio, excluiremos com seguran\u00e7a ou devolveremos esses dados e certificaremos por escrito que n\u00f3s (incluindo nossas empresas do grupo) e cada subcontratado o fez. <\/span><\/li>\n<\/ol>\n<p class=\"dpa-main-point\"><strong>4. SEGURAN\u00c7A<\/strong><\/p>\n<ol start=\"1\">\n<li><span>4.1. As Partes garantem que implementaram e manter\u00e3o medidas t\u00e9cnicas e organizacionais apropriadas para proteger seus Dados Pessoais contra uma Viola\u00e7\u00e3o de Dados Pessoais, as quais dever\u00e3o, em todos os momentos, atender, no m\u00ednimo, aos padr\u00f5es exigidos pelas Leis de Prote\u00e7\u00e3o de Dados.<\/span><\/li>\n<li><span>4.2. Garantiremos que dispomos de medidas de seguran\u00e7a t\u00e9cnicas e organizacionais apropriadas para proteger seus Dados Pessoais contra tratamento n\u00e3o autorizado ou il\u00edcito e contra perda ou destrui\u00e7\u00e3o acidental, ou dano a Dados Pessoais, apropriadas ao dano que possa resultar do tratamento n\u00e3o autorizado ou il\u00edcito ou da perda, destrui\u00e7\u00e3o ou dano acidental e \u00e0 natureza dos dados a serem protegidos, levando em considera\u00e7\u00e3o o estado de desenvolvimento tecnol\u00f3gico e o custo de implementa\u00e7\u00e3o de quaisquer medidas, garantindo que a disponibilidade e o acesso aos Dados Pessoais possam ser restaurados em tempo h\u00e1bil ap\u00f3s um incidente e avaliando e avaliando regularmente a efic\u00e1cia das medidas t\u00e9cnicas e organizacionais adotadas por ela.<\/span><\/li>\n<\/ol>\n<p class=\"dpa-main-point\"><strong>5. NOTIFICA\u00c7\u00c3O E VIOLA\u00c7\u00d5ES DE DADOS PESSOAIS<\/strong><\/p>\n<ol start=\"1\">\n<li><span>5.1. Se recebermos qualquer reclama\u00e7\u00e3o, reivindica\u00e7\u00e3o ou solicita\u00e7\u00e3o em rela\u00e7\u00e3o ao Tratamento dos seus Dados Pessoais (especialmente aquelas relacionadas ao exerc\u00edcio de direitos do Titular dos Dados), n\u00f3s, sem demora indevida, encaminharemos isso a voc\u00ea e cooperaremos e o auxiliaremos a responder conforme orientado por voc\u00ea.<\/span><\/li>\n<li><span>5.2. Se tomarmos conhecimento de qualquer Viola\u00e7\u00e3o de Dados Pessoais, n\u00f3s, sem demora indevida (e, em qualquer caso, dentro de 36 horas), notificaremos voc\u00ea, investigaremos a Viola\u00e7\u00e3o de Dados Pessoais, remediaremos\/mitigaremos quaisquer danos e evitaremos a recorr\u00eancia (fornecendo a voc\u00ea informa\u00e7\u00f5es detalhadas relacionadas durante todo o processo) e cooperaremos para informar as autoridades de supervis\u00e3o relevantes ou os Titulares dos Dados afetados.<\/span><\/li>\n<\/ol>\n<p class=\"dpa-main-point\"><strong>6. SUBCONTRATADOS<\/strong><\/p>\n<p><span>Podemos nomear suboperadores ou permitir que empresas do nosso grupo Tratem seus Dados Pessoais. Faremos arranjos apropriados para garantir que tais suboperadores estejam contratualmente vinculados \u00e0s mesmas obriga\u00e7\u00f5es contidas neste Acordo e permaneceremos totalmente respons\u00e1veis perante voc\u00ea pelo desempenho de um subcontratado, bem como por quaisquer de seus atos ou omiss\u00f5es relacionados ao seu Tratamento de Dados Pessoais. <\/span><\/p>\n<p class=\"dpa-main-point\"><strong>7. TRANSFER\u00caNCIAS DE DADOS<\/strong><\/p>\n<ol start=\"1\">\n<li><span>7.1. N\u00f3s (ou qualquer subcontratado) apenas transferiremos seus Dados Pessoais para um pa\u00eds fora do EEE ou para uma organiza\u00e7\u00e3o internacional quando tal transfer\u00eancia estiver sujeita a salvaguardas apropriadas e, de outra forma, estiver em conformidade com as Leis de Prote\u00e7\u00e3o de Dados.<\/span><\/li>\n<li><span>7.2. Para a melhor presta\u00e7\u00e3o dos Servi\u00e7os a voc\u00ea, n\u00f3s ou nossos suboperadores ou subcontratados podemos armazenar seus Dados Pessoais em servidores fora do EEE. Nesses casos, Cl\u00e1usulas Contratuais Padr\u00e3o ou, alternativamente, Regras Corporativas Vinculantes ou procedimentos alternativos previstos nas Leis de Prote\u00e7\u00e3o de Dados, e seus requisitos correspondentes, est\u00e3o em vigor e se aplicar\u00e3o a n\u00f3s na forma e maneira adequadas \u00e0 nossa posi\u00e7\u00e3o como Operadores dos seus Dados Pessoais. <\/span><\/li>\n<\/ol>\n<p class=\"dpa-main-point\"><strong>8. REGISTROS<\/strong><\/p>\n<p><span>Manteremos registros e informa\u00e7\u00f5es completos e precisos para demonstrar nossa conformidade com este DPA (fornecendo-os prontamente a voc\u00ea mediante solicita\u00e7\u00e3o).<\/span><\/p>\n<p class=\"dpa-main-point\"><strong>9. PRAZO E RESCIS\u00c3O<\/strong><\/p>\n<ol start=\"1\">\n<li><span>9.1. Este Acordo ter\u00e1 in\u00edcio na Data de In\u00edcio e continuar\u00e1 por tempo indeterminado, salvo se rescindido por qualquer uma das partes de acordo com os termos da nossa colabora\u00e7\u00e3o e quaisquer obriga\u00e7\u00f5es relacionadas aos Servi\u00e7os.<\/span><\/li>\n<li><span>9.2. A Confidencialidade nos termos da se\u00e7\u00e3o 10 deste Acordo sobreviver\u00e1 \u00e0 rescis\u00e3o ou expira\u00e7\u00e3o deste Acordo e continuar\u00e1 por tempo indeterminado.<\/span><\/li>\n<\/ol>\n<p class=\"dpa-main-point\"><strong>10. CONFIDENCIALIDADE<\/strong><\/p>\n<p><span>As Partes n\u00e3o divulgar\u00e3o, sem o consentimento pr\u00e9vio e por escrito da outra parte, quaisquer informa\u00e7\u00f5es divulgadas ou disponibilizadas, em qualquer forma ou meio, direta ou indiretamente, antes ou ap\u00f3s a data deste Acordo, em conex\u00e3o com o tratamento, bem como as informa\u00e7\u00f5es relacionadas aos Servi\u00e7os empresariais, planos financeiros, direitos de propriedade intelectual, clientes, fornecedores, funcion\u00e1rios, planos; o know-how, desenhos, segredos comerciais, informa\u00e7\u00f5es t\u00e9cnicas ou software; quaisquer outras informa\u00e7\u00f5es que cada um de n\u00f3s deseje proteger contra divulga\u00e7\u00e3o irrestrita e que sejam marcadas como confidenciais ou propriet\u00e1rias ou que, por sua natureza, sejam claramente confidenciais; e quaisquer constata\u00e7\u00f5es, dados ou an\u00e1lises derivados de tais informa\u00e7\u00f5es, salvo se for exigido que sejam divulgadas em um processo judicial ou administrativo ou exigido por lei. Nesse caso, as Partes informar\u00e3o uma \u00e0 outra com anteced\u00eancia para adotar quaisquer precau\u00e7\u00f5es legais necess\u00e1rias para garantir que as informa\u00e7\u00f5es sejam protegidas no \u00e2mbito da divulga\u00e7\u00e3o obrigat\u00f3ria. <\/span><\/p>\n<p class=\"dpa-main-point\"><strong>11. INDENIZA\u00c7\u00c3O<\/strong><\/p>\n<p><span>11.1. Cada Parte dever\u00e1 proteger e indenizar a outra Parte mediante solicita\u00e7\u00e3o e, em todos os momentos, mant\u00ea-la protegida e indenizada, na m\u00e1xima extens\u00e3o permitida pela lei aplic\u00e1vel, em rela\u00e7\u00e3o a todas as viola\u00e7\u00f5es e infra\u00e7\u00f5es parciais ou totais das Leis de Prote\u00e7\u00e3o de Dados, inclusive decorrentes direta ou indiretamente de ou em conex\u00e3o com uma viola\u00e7\u00e3o por qualquer Parte de suas obriga\u00e7\u00f5es nos termos deste Acordo.<\/span><\/p>\n<p><span>11.2. N\u00e3o obstante o acima, caso n\u00f3s, como operadores de dados, deixemos de cumprir as estipula\u00e7\u00f5es deste Acordo devido a atos e\/ou omiss\u00f5es de sua parte, voc\u00ea ser\u00e1 respons\u00e1vel perante n\u00f3s, os titulares dos dados envolvidos e as autoridades de supervis\u00e3o competentes, pelo n\u00e3o cumprimento do mesmo e por quaisquer infra\u00e7\u00f5es em que possamos ter incorrido.<\/span><\/p>\n<p class=\"dpa-main-point\"><strong>12. LEI APLIC\u00c1VEL<\/strong><\/p>\n<ol start=\"1\">\n<li><span>12.1. Este Acordo e qualquer disputa ou reivindica\u00e7\u00e3o decorrente dele, ou em conex\u00e3o com ele, seu objeto ou forma\u00e7\u00e3o (incluindo disputas ou reivindica\u00e7\u00f5es extracontratuais), ser\u00e3o regidos e interpretados de acordo com as leis da Confedera\u00e7\u00e3o Su\u00ed\u00e7a e os tribunais de Zurique.<\/span><\/li>\n<\/ol>\n<p class=\"dpa-main-point\"><strong>13. NOTIFICA\u00c7\u00d5ES<\/strong><\/p>\n<ol start=\"1\">\n<li><span>13.1. Todas as notifica\u00e7\u00f5es e comunica\u00e7\u00f5es feitas nos termos deste Acordo devem ser por escrito e ser\u00e3o entregues pessoalmente, enviadas por correio ou enviadas por e-mail para o endere\u00e7o ou endere\u00e7o de e-mail indicado no cabe\u00e7alho deste Acordo, ou para outro endere\u00e7o conforme notificado periodicamente pelas Partes ao alterarem o endere\u00e7o.<\/span><\/li>\n<\/ol>\n<h2><strong>Ap\u00eandice 1<\/strong><\/h2>\n<p class=\"dpa-main-point\"><strong>1. Informa\u00e7\u00f5es sobre o Tratamento<\/strong><\/p>\n<ol start=\"1\">\n<li><span>NATUREZA E FINALIDADE DO TRATAMENTO<\/span><span>:<\/span><\/li>\n<\/ol>\n<p><span>O contexto e as finalidades do Tratamento dos seus Dados Pessoais s\u00e3o a nossa presta\u00e7\u00e3o dos Servi\u00e7os, isto \u00e9, o desenvolvimento adequado do relacionamento entre as Partes, conforme descrito nos Termos, bem como a gest\u00e3o de intera\u00e7\u00f5es com terceiros necess\u00e1rias para a contrata\u00e7\u00e3o adequada dos Servi\u00e7os, e aquelas atividades que as Partes possam acordar periodicamente e que sejam necess\u00e1rias para as finalidades estabelecidas acima, de acordo com este acordo.<\/span><\/p>\n<ol start=\"2\">\n<li><span>DURA\u00c7\u00c3O DO TRATAMENTO<\/span><span>:<\/span><\/li>\n<\/ol>\n<p><span>O Tratamento dos seus Dados Pessoais por n\u00f3s ocorrer\u00e1 enquanto o Acordo que constitui a base legal para os Servi\u00e7os permanecer em vigor e, ap\u00f3s a rescis\u00e3o ou expira\u00e7\u00e3o, conforme necess\u00e1rio para cumprir as obriga\u00e7\u00f5es de exclus\u00e3o\/devolu\u00e7\u00e3o previstas neste Acordo.<\/span><\/p>\n<p class=\"dpa-main-point\"><strong>3. DADOS PESSOAIS ABRANGIDOS:<\/strong><\/p>\n<p><span>Podemos tratar dados pessoais, como dados de identifica\u00e7\u00e3o (nome, sobrenome, g\u00eanero) ou dados de contato (e-mail, n\u00famero de telefone, endere\u00e7o), entre outros.<\/span><\/p>\n<p><span>Nenhuma categoria especial de Dados Pessoais ser\u00e1 tratada.<\/span><\/p>\n<p class=\"dpa-main-point\"><strong>4. PESSOAS AFETADAS (TITULARES DOS DADOS):<\/strong><\/p>\n<p><span>O grupo de Titulares dos Dados afetados pelo Tratamento de seus Dados Pessoais consiste em clientes e consumidores e prestadores de servi\u00e7os.<\/span><\/p>\n<p class=\"dpa-main-point\"><strong>5. SUBCONTRATADOS PERMITIDOS E TRANSFER\u00caNCIAS:<\/strong><\/p>\n<p><span>De acordo com o Acordo, os subcontratados atualmente autorizados e\/ou as transfer\u00eancias dos seus Dados Pessoais est\u00e3o estabelecidos na tabela abaixo.<\/span><\/p>\n<table class=\"data-table\">\n<thead>\n<tr>\n<th>Nome<\/th>\n<th>Localiza\u00e7\u00e3o\/Transfer\u00eancias<\/th>\n<th>\n Mecanismo<br \/>\n        <span class=\"th-subtext\">Mecanismo acordado para garantir que qualquer transfer\u00eancia esteja em conformidade com as Leis de Prote\u00e7\u00e3o de Dados<\/span>\n      <\/th>\n<\/tr>\n<\/thead>\n<tbody>\n<tr>\n<td><strong>Amazon Web Services, Inc.<\/strong><\/td>\n<td>S\u00e3o esperadas Transfer\u00eancias Internacionais e elas ser\u00e3o realizadas de acordo com a cl\u00e1usula 7 do DPA.<\/td>\n<td>Empresa que nos fornece servi\u00e7os de hospedagem em rela\u00e7\u00e3o aos Servi\u00e7os.<\/td>\n<\/tr>\n<tr>\n<td><strong>Stripe Payments Europe, Limited, e Stripe Technology Europe, Limited.<\/strong><\/td>\n<td>S\u00e3o esperadas Transfer\u00eancias Internacionais e elas ser\u00e3o realizadas de acordo com a cl\u00e1usula 7 do DPA.<\/td>\n<td>Empresa que fornece pagamentos e gateways de pagamento em rela\u00e7\u00e3o aos seus pagamentos pelos Servi\u00e7os.<\/td>\n<\/tr>\n<tr>\n<td><strong>PayPal, Inc.<\/strong><\/td>\n<td>S\u00e3o esperadas Transfer\u00eancias Internacionais e elas ser\u00e3o realizadas de acordo com a cl\u00e1usula 7 do DPA.<\/td>\n<td>Empresa que fornece pagamentos e gateways de pagamento em rela\u00e7\u00e3o aos seus pagamentos pelos Servi\u00e7os.<\/td>\n<\/tr>\n<\/tbody>\n<\/table>\n<p><span>OnTheGoSystems Limited<\/span><\/p>\n<p><span>22\/F 3 Lockhart Road<\/span><\/p>\n<p><span>Wanchai, Hong Kong<\/span><\/p>\n<p><span>17 de fevereiro de 2026<\/span><\/p>\n","protected":false},"excerpt":{"rendered":"<p>Este Acordo (o \u201cDPA\u201d) \u00e9 datado da primeira data em que come\u00e7amos a fornecer os Servi\u00e7os a voc\u00ea (a \u201cData de In\u00edcio\u201d) e complementa nossos Termos e Condi\u00e7\u00f5es (doravante, os \u201c Termos\u201d) e nossa Pol\u00edtica de Privacidade (doravante, a \u201cPol\u00edtica de Privacidade\u201d), conforme atualizada periodicamente entre voc\u00ea e n\u00f3s, ou outro acordo que regule o [&hellip;]<\/p>\n","protected":false},"author":806986,"featured_media":0,"parent":217056,"menu_order":0,"comment_status":"closed","ping_status":"closed","template":"templates\/account-dpa.php","meta":{"_bbp_topic_count":0,"_bbp_reply_count":0,"_bbp_total_topic_count":0,"_bbp_total_reply_count":0,"_bbp_voice_count":0,"_bbp_anonymous_reply_count":0,"_bbp_topic_count_hidden":0,"_bbp_reply_count_hidden":0,"_bbp_forum_subforum_count":0,"ep_exclude_from_search":false,"footnotes":""},"related-projects-category":[],"class_list":["post-17964801","page","type-page","status-publish","hentry"],"_links":{"self":[{"href":"https:\/\/wpml.org\/pt-br\/wp-json\/wp\/v2\/pages\/17964801","targetHints":{"allow":["GET"]}}],"collection":[{"href":"https:\/\/wpml.org\/pt-br\/wp-json\/wp\/v2\/pages"}],"about":[{"href":"https:\/\/wpml.org\/pt-br\/wp-json\/wp\/v2\/types\/page"}],"author":[{"embeddable":true,"href":"https:\/\/wpml.org\/pt-br\/wp-json\/wp\/v2\/users\/806986"}],"replies":[{"embeddable":true,"href":"https:\/\/wpml.org\/pt-br\/wp-json\/wp\/v2\/comments?post=17964801"}],"version-history":[{"count":0,"href":"https:\/\/wpml.org\/pt-br\/wp-json\/wp\/v2\/pages\/17964801\/revisions"}],"up":[{"embeddable":true,"href":"https:\/\/wpml.org\/pt-br\/wp-json\/wp\/v2\/pages\/217056"}],"wp:attachment":[{"href":"https:\/\/wpml.org\/pt-br\/wp-json\/wp\/v2\/media?parent=17964801"}],"wp:term":[{"taxonomy":"related-projects-category","embeddable":true,"href":"https:\/\/wpml.org\/pt-br\/wp-json\/wp\/v2\/related-projects-category?post=17964801"}],"curies":[{"name":"wp","href":"https:\/\/api.w.org\/{rel}","templated":true}]}}