{"id":217002,"date":"2013-09-08T20:26:26","date_gmt":"2013-09-08T20:26:26","guid":{"rendered":"http:\/\/wpml.org\/affiliate-2\/"},"modified":"2026-01-08T13:47:07","modified_gmt":"2026-01-08T13:47:07","slug":"affiliate","status":"publish","type":"page","link":"https:\/\/wpml.org\/pt-br\/account\/affiliate\/","title":{"rendered":"Afiliado"},"content":{"rendered":"","protected":false},"excerpt":{"rendered":"","protected":false},"author":22418,"featured_media":0,"parent":217056,"menu_order":27,"comment_status":"closed","ping_status":"closed","template":"affiliate-template.php","meta":{"_bbp_topic_count":0,"_bbp_reply_count":0,"_bbp_total_topic_count":0,"_bbp_total_reply_count":0,"_bbp_voice_count":0,"_bbp_anonymous_reply_count":0,"_bbp_topic_count_hidden":0,"_bbp_reply_count_hidden":0,"_bbp_forum_subforum_count":0,"_uag_custom_page_level_css":"","ep_exclude_from_search":false,"footnotes":""},"related-projects-category":[],"class_list":["post-217002","page","type-page","status-publish","hentry"],"spectra_custom_meta":{"_wp_page_template":["affiliate-template.php"],"bbps-topic-tags":["a:0:{}"],"ratings_users":["0"],"ratings_score":["0"],"ratings_average":["0"],"_alp_processed":["1767880027"],"_views_template":["0"],"_subscription_coupon_product_id":["0"],"inline_featured_image":["0"],"_wpml_media_duplicate":["0"],"_wpml_media_featured":["1"],"_last_translation_edit_mode":["translation-editor"],"wpcf-unformatted-code":[""],"wpcf-price-increase-show-from":[""],"wpcf-price-increase-show-till":[""],"_yoast_wpseo_meta-robots-noindex":["1"],"_yoast_wpseo_meta-robots-adv":["nosnippet"],"_top_nav_excluded":[""],"_cms_nav_minihome":[""],"_yoast_wpseo_metadesc":["O programa de afiliados do WPML permite que blogueiros e desenvolvedores ganhem comiss\u00e3o ao indicar clientes para usar o WPML. Os clientes atuais podem come\u00e7ar imediatamente."],"wpcf-login-box-title":["Pronto para participar do nosso <br>Programa de Afiliados?"],"wpcf-page-content":["<div class=\"row justify-content-center\">\n<div class=\"col-md-10\">\n<div class=\"row align-items-center\" style=\"margin-bottom: 40px;\">\n<div class=\"col-md-4\"><img class=\"alignnone size-medium wp-image-3910814\" src=\"https:\/\/wpml.org\/wp-content\/uploads\/2019\/08\/Coin-300x139.png\" alt=\"\" width=\"300\" height=\"139\"><\/div>\n<div class=\"col-md-8\">\n<h2>O programa de afiliados do WPML permite que blogueiros e desenvolvedores ganhem comiss\u00e3o ao indicar clientes para usar o WPML.<\/h2>\nOs clientes atuais podem come\u00e7ar imediatamente. Se voc\u00ea \u00e9 um blogueiro ou desenvolvedor e deseja participar do programa, entre em contato conosco.\n\n<\/div>\n<\/div>\nVoc\u00ea est\u00e1 gostando do WPML? Divulgue o produto e ganhe comiss\u00e3o de afiliado para cada novo cliente que voc\u00ea indicar.\n\nO programa de afiliados do WPML est\u00e1 aberto apenas para clientes WPML. Acreditamos firmemente que voc\u00ea s\u00f3 pode recomendar um produto que j\u00e1 usou. Se voc\u00ea tem um blog muito popular e deseja usar nosso programa de afiliados (mas n\u00e3o \u00e9 um cliente), <a href=\"https:\/\/wpml.org\/home\/contact-us\/affiliates\/\">entre em contato conosco<\/a>.\n\nPara clientes existentes, fa\u00e7a login na sua <a href=\"https:\/\/wpml.org\/account\/\">conta WPML<\/a> e clique no link de afiliado para come\u00e7ar.\n\n<\/div>\n<\/div>"],"_wpml_word_count":["2"],"_uag_css_file_name":["uag-css-217002.css"],"_uag_page_assets":["a:9:{s:3:\"css\";s:260:\".uag-blocks-common-selector{z-index:var(--z-index-desktop) !important}@media(max-width: 976px){.uag-blocks-common-selector{z-index:var(--z-index-tablet) !important}}@media(max-width: 767px){.uag-blocks-common-selector{z-index:var(--z-index-mobile) !important}}\";s:2:\"js\";s:0:\"\";s:18:\"current_block_list\";a:1:{i:0;s:14:\"core\/shortcode\";}s:8:\"uag_flag\";b:0;s:11:\"uag_version\";s:10:\"1778180221\";s:6:\"gfonts\";a:0:{}s:10:\"gfonts_url\";s:0:\"\";s:12:\"gfonts_files\";a:0:{}s:14:\"uag_faq_layout\";b:0;}"]},"uagb_featured_image_src":{"full":false,"thumbnail":false,"medium":false,"medium_large":false,"large":false,"1536x1536":false,"2048x2048":false,"gform-image-choice-sm":false,"gform-image-choice-md":false,"gform-image-choice-lg":false,"woocommerce_thumbnail":false,"woocommerce_single":false,"woocommerce_gallery_thumbnail":false},"uagb_author_info":{"display_name":"David Garc\u00eda","author_link":"https:\/\/wpml.org\/pt-br\/author\/davidgw\/"},"uagb_comment_info":0,"uagb_excerpt":null,"_links":{"self":[{"href":"https:\/\/wpml.org\/pt-br\/wp-json\/wp\/v2\/pages\/217002","targetHints":{"allow":["GET"]}}],"collection":[{"href":"https:\/\/wpml.org\/pt-br\/wp-json\/wp\/v2\/pages"}],"about":[{"href":"https:\/\/wpml.org\/pt-br\/wp-json\/wp\/v2\/types\/page"}],"author":[{"embeddable":true,"href":"https:\/\/wpml.org\/pt-br\/wp-json\/wp\/v2\/users\/22418"}],"replies":[{"embeddable":true,"href":"https:\/\/wpml.org\/pt-br\/wp-json\/wp\/v2\/comments?post=217002"}],"version-history":[{"count":2,"href":"https:\/\/wpml.org\/pt-br\/wp-json\/wp\/v2\/pages\/217002\/revisions"}],"predecessor-version":[{"id":6723701,"href":"https:\/\/wpml.org\/pt-br\/wp-json\/wp\/v2\/pages\/217002\/revisions\/6723701"}],"up":[{"embeddable":true,"href":"https:\/\/wpml.org\/pt-br\/wp-json\/wp\/v2\/pages\/217056"}],"wp:attachment":[{"href":"https:\/\/wpml.org\/pt-br\/wp-json\/wp\/v2\/media?parent=217002"}],"wp:term":[{"taxonomy":"related-projects-category","embeddable":true,"href":"https:\/\/wpml.org\/pt-br\/wp-json\/wp\/v2\/related-projects-category?post=217002"}],"curies":[{"name":"wp","href":"https:\/\/api.w.org\/{rel}","templated":true}]}}