{"id":3507339,"date":"2013-06-16T11:52:50","date_gmt":"2013-06-16T11:52:50","guid":{"rendered":"https:\/\/wpml.org\/documentacao\/por-onde-comecar\/traducao-de-categorias-de-post-e-taxonomias-personalizadas\/"},"modified":"2026-02-26T07:12:24","modified_gmt":"2026-02-26T07:12:24","slug":"traducao-de-categorias-de-post-e-taxonomias-personalizadas","status":"publish","type":"page","link":"https:\/\/wpml.org\/pt-br\/documentacao\/por-onde-comecar\/traducao-de-categorias-de-post-e-taxonomias-personalizadas\/","title":{"rendered":"Traduzindo Categorias de Postagens, Tags e Taxonomias Personalizadas"},"content":{"rendered":"\n<p class=\"lead\">Aprenda como traduzir categorias, tags, categorias de produtos e taxonomias personalizadas do WordPress para mais idiomas com o WPML.<\/p>\n\n<h2 class=\"wp-block-heading\" id=\"getting-started\">Come\u00e7ar<\/h2>\n\n<p>Para traduzir taxonomias, instale e ative os seguintes plugins: <\/p>\n\n<ul class=\"wp-block-list\">\n<li>WPML<\/li>\n\n\n\n<li>WPML String Translation<\/li>\n\n\n\n<li><a href=\"https:\/\/wpml.org\/documentation\/related-projects\/woocommerce-multilingual\/\">WPML Multilingual &amp; Multicurrency for WooCommerce<\/a> (if you\u2019re translating product categories)<\/li>\n<\/ul>\n\n<h2 class=\"wp-block-heading\" id=\"translate-taxonomies-with-wpml\">Traduza taxonomias com o WPML<\/h2>\n\n<p>Para traduzir qualquer taxonomia com o WPML, basta enviar seu conte\u00fado para tradu\u00e7\u00e3o atrav\u00e9s de <strong>WPML <\/strong>\u2192 <strong>Painel de Tradu\u00e7\u00e3o<\/strong>. O WPML traduz suas taxonomias junto com o restante do seu conte\u00fado. <\/p>\n\n<div class=\"wp-block-toolset-blocks-grid tb-grid\" data-toolset-blocks-grid=\"3d9c399fe625e1b972f817a0680229f6\">\n<div class=\"wp-block-toolset-blocks-grid-column tb-grid-column tb-grid-align-top\" data-toolset-blocks-grid-column=\"3034fbe886c11054e95b46b09d3e4112\"><div class=\"wp-block-image\">\n<figure class=\" tb-image tb-image-dynamic tb-image-frame-none aligncenter\" data-toolset-blocks-image=\"1b8f14bb8f198dacdc1d695e6f89f7c4\"><a href=\"https:\/\/wpml.org\/wp-content\/uploads\/2026\/02\/Sending-post-for-translation-via-Translation-Dashboard.png\"><img decoding=\"async\" width=\"1024\" height=\"625\" loading=\"lazy\" src=\"https:\/\/wpml.org\/wp-content\/uploads\/2026\/02\/Sending-post-for-translation-via-Translation-Dashboard-1024x625.png\" alt=\"Sending post for translation via Translation Dashboard\" class=\"wp-image-17792242\" srcset=\"https:\/\/wpml.org\/wp-content\/uploads\/2026\/02\/Sending-post-for-translation-via-Translation-Dashboard-1024x625.png 1024w, https:\/\/wpml.org\/wp-content\/uploads\/2026\/02\/Sending-post-for-translation-via-Translation-Dashboard-300x183.png 300w, https:\/\/wpml.org\/wp-content\/uploads\/2026\/02\/Sending-post-for-translation-via-Translation-Dashboard-150x92.png 150w, https:\/\/wpml.org\/wp-content\/uploads\/2026\/02\/Sending-post-for-translation-via-Translation-Dashboard-768x469.png 768w, https:\/\/wpml.org\/wp-content\/uploads\/2026\/02\/Sending-post-for-translation-via-Translation-Dashboard-1536x938.png 1536w, https:\/\/wpml.org\/wp-content\/uploads\/2026\/02\/Sending-post-for-translation-via-Translation-Dashboard.png 1600w\" sizes=\"auto, (max-width: 1024px) 100vw, 1024px\" \/><\/a><figcaption><div class=\"tb-image-caption\">Enviando post para tradu\u00e7\u00e3o via Painel de Tradu\u00e7\u00e3o<\/div><\/figcaption><\/figure>\n<\/div><\/div>\n\n\n\n<div class=\"wp-block-toolset-blocks-grid-column tb-grid-column tb-grid-align-top\" data-toolset-blocks-grid-column=\"3034fbe886c11054e95b46b09d3e4112\">\n<figure class=\"wp-block-image tb-image tb-image-dynamic tb-image-frame-none\" data-toolset-blocks-image=\"dc9300a0469c50276954155297092c0f\"><a href=\"https:\/\/wpml.org\/wp-content\/uploads\/2024\/06\/Taxonomy-term-in-Spanish.png\"><img decoding=\"async\" width=\"1024\" height=\"664\" loading=\"lazy\" src=\"https:\/\/wpml.org\/wp-content\/uploads\/2024\/06\/Taxonomy-term-in-Spanish-1024x664.png\" alt=\"translated taxonomy in post \" class=\"wp-image-15821799\" srcset=\"https:\/\/wpml.org\/wp-content\/uploads\/2024\/06\/Taxonomy-term-in-Spanish-1024x664.png 1024w, https:\/\/wpml.org\/wp-content\/uploads\/2024\/06\/Taxonomy-term-in-Spanish-300x195.png 300w, https:\/\/wpml.org\/wp-content\/uploads\/2024\/06\/Taxonomy-term-in-Spanish-150x97.png 150w, https:\/\/wpml.org\/wp-content\/uploads\/2024\/06\/Taxonomy-term-in-Spanish-768x498.png 768w, https:\/\/wpml.org\/wp-content\/uploads\/2024\/06\/Taxonomy-term-in-Spanish-1536x996.png 1536w, https:\/\/wpml.org\/wp-content\/uploads\/2024\/06\/Taxonomy-term-in-Spanish.png 2047w\" sizes=\"auto, (max-width: 1024px) 100vw, 1024px\" \/><\/a><figcaption><div class=\"tb-image-caption\">Taxonomia traduzida no post<\/div><\/figcaption><\/figure>\n<\/div>\n<\/div>\n\n<p>Se suas taxonomias n\u00e3o estiverem sendo traduzidas, certifique-se de que est\u00e3o configuradas como <strong>Traduz\u00edveis<\/strong>: <\/p>\n\n<ol class=\"wp-block-list\">\n<li>V\u00e1 para <strong>WPML<\/strong> \u2192 <strong>Configura\u00e7\u00f5es<\/strong> e role at\u00e9 <strong>Tradu\u00e7\u00e3o de Taxonomias<\/strong>.<\/li>\n\n\n\n<li>Encontre sua taxonomia e certifique-se de que esteja configurada como <strong>Traduz\u00edvel<\/strong> <strong>\u2013 mostrar apenas itens traduzidos<\/strong>. <\/li>\n<\/ol>\n\n<figure class=\"wp-block-image tb-image tb-image-dynamic tb-image-frame-none\" data-toolset-blocks-image=\"fffd3eb96b79731e2e4841d291a40900\"><a href=\"https:\/\/wpml.org\/wp-content\/uploads\/2025\/08\/Making-taxonomies-Translatable-in-WPML-Settings.png\"><img decoding=\"async\" width=\"1024\" height=\"493\" loading=\"lazy\" src=\"https:\/\/wpml.org\/wp-content\/uploads\/2025\/08\/Making-taxonomies-Translatable-in-WPML-Settings-1024x493.png\" alt=\"Making taxonomies Translatable in WPML Settings\" class=\"wp-image-17334003\" srcset=\"https:\/\/wpml.org\/wp-content\/uploads\/2025\/08\/Making-taxonomies-Translatable-in-WPML-Settings-1024x493.png 1024w, https:\/\/wpml.org\/wp-content\/uploads\/2025\/08\/Making-taxonomies-Translatable-in-WPML-Settings-300x144.png 300w, https:\/\/wpml.org\/wp-content\/uploads\/2025\/08\/Making-taxonomies-Translatable-in-WPML-Settings-150x72.png 150w, https:\/\/wpml.org\/wp-content\/uploads\/2025\/08\/Making-taxonomies-Translatable-in-WPML-Settings-768x370.png 768w, https:\/\/wpml.org\/wp-content\/uploads\/2025\/08\/Making-taxonomies-Translatable-in-WPML-Settings-1536x739.png 1536w, https:\/\/wpml.org\/wp-content\/uploads\/2025\/08\/Making-taxonomies-Translatable-in-WPML-Settings.png 1600w\" sizes=\"auto, (max-width: 1024px) 100vw, 1024px\" \/><\/a><figcaption><div class=\"tb-image-caption\">Tornando taxonomias Traduz\u00edveis nas Configura\u00e7\u00f5es do WPML<\/div><\/figcaption><\/figure>\n\n<h2 class=\"wp-block-heading\" id=\"translate-taxonomy-base-slugs\">Traduzir slugs base de taxonomia<\/h2>\n\n<p>Slugs base de taxonomia s\u00e3o a parte de uma URL que vem antes dos termos individuais de taxonomia. Por exemplo, em um blog de viagens com <strong>Destinos<\/strong> como slug base de taxonomia e <strong>Espanha<\/strong> como um termo de taxonomia, uma URL ficaria assim: <\/p>\n\n<figure class=\"wp-block-image tb-image tb-image-dynamic tb-image-frame-none\" data-toolset-blocks-image=\"7ae07d3c732f011423dab0f430431d99\"><a href=\"https:\/\/wpml.org\/wp-content\/uploads\/2024\/05\/Taxonomy-base-slugs-1.png\"><img decoding=\"async\" width=\"1024\" height=\"602\" loading=\"lazy\" src=\"https:\/\/wpml.org\/wp-content\/uploads\/2024\/05\/Taxonomy-base-slugs-1-1024x602.png\" alt=\"Taxonomy base slug in URL\" class=\"wp-image-15652931\" srcset=\"https:\/\/wpml.org\/wp-content\/uploads\/2024\/05\/Taxonomy-base-slugs-1-1024x602.png 1024w, https:\/\/wpml.org\/wp-content\/uploads\/2024\/05\/Taxonomy-base-slugs-1-300x176.png 300w, https:\/\/wpml.org\/wp-content\/uploads\/2024\/05\/Taxonomy-base-slugs-1-150x88.png 150w, https:\/\/wpml.org\/wp-content\/uploads\/2024\/05\/Taxonomy-base-slugs-1-768x452.png 768w, https:\/\/wpml.org\/wp-content\/uploads\/2024\/05\/Taxonomy-base-slugs-1-1536x903.png 1536w, https:\/\/wpml.org\/wp-content\/uploads\/2024\/05\/Taxonomy-base-slugs-1.png 1665w\" sizes=\"auto, (max-width: 1024px) 100vw, 1024px\" \/><\/a><figcaption><div class=\"tb-image-caption\">Slug base de taxonomia na URL<\/div><\/figcaption><\/figure>\n\n<p>Para traduzir slugs base de taxonomia com o WPML: <\/p>\n\n<ol class=\"wp-block-list\">\n<li>V\u00e1 para <strong>WPML \u2192 Configura\u00e7\u00f5es<\/strong> e role at\u00e9 a se\u00e7\u00e3o <strong>Tradu\u00e7\u00e3o de Taxonomias<\/strong>.<\/li>\n\n\n\n<li>Configure sua taxonomia personalizada para uma das duas op\u00e7\u00f5es de tradu\u00e7\u00e3o e <strong>Salve<\/strong>.<\/li>\n\n\n\n<li>Clique na op\u00e7\u00e3o <strong>Definir slugs diferentes em diferentes idiomas para {Nome da Taxonomia}<\/strong> que aparece e preencha os slugs traduzidos para cada idioma.<\/li>\n<\/ol>\n\n<h2 class=\"wp-block-heading\" id=\"edit-taxonomy-translations\">Atualizar tradu\u00e7\u00f5es de taxonomia<\/h2>\n\n<p>Para atualizar tradu\u00e7\u00f5es de taxonomia: <\/p>\n\n<ol class=\"wp-block-list\">\n<li>V\u00e1 para <strong>WPML<\/strong> \u2192 <strong>tradu\u00e7\u00e3o de taxonomia<\/strong>.<\/li>\n\n\n\n<li>Selecione a taxonomia que voc\u00ea deseja atualizar e fa\u00e7a suas altera\u00e7\u00f5es.<\/li>\n<\/ol>\n\n<figure class=\"wp-block-image tb-image tb-image-dynamic tb-image-frame-none\" data-toolset-blocks-image=\"9ebd1cc2fc5ada7beb7624d0d9dbe36e\"><a href=\"https:\/\/wpml.org\/wp-content\/uploads\/2024\/05\/Editing-taxonomy-translations.png\"><img decoding=\"async\" width=\"1024\" height=\"559\" loading=\"lazy\" src=\"https:\/\/wpml.org\/wp-content\/uploads\/2024\/05\/Editing-taxonomy-translations-1024x559.png\" alt=\"Editing taxonomy translations\" class=\"wp-image-15647750\" srcset=\"https:\/\/wpml.org\/wp-content\/uploads\/2024\/05\/Editing-taxonomy-translations-1024x559.png 1024w, https:\/\/wpml.org\/wp-content\/uploads\/2024\/05\/Editing-taxonomy-translations-300x164.png 300w, https:\/\/wpml.org\/wp-content\/uploads\/2024\/05\/Editing-taxonomy-translations-150x82.png 150w, https:\/\/wpml.org\/wp-content\/uploads\/2024\/05\/Editing-taxonomy-translations-768x419.png 768w, https:\/\/wpml.org\/wp-content\/uploads\/2024\/05\/Editing-taxonomy-translations-1536x838.png 1536w, https:\/\/wpml.org\/wp-content\/uploads\/2024\/05\/Editing-taxonomy-translations.png 1600w\" sizes=\"auto, (max-width: 1024px) 100vw, 1024px\" \/><\/a><figcaption><div class=\"tb-image-caption\">Editando tradu\u00e7\u00f5es de taxonomias <\/div><\/figcaption><\/figure>\n\n<p>Se voc\u00ea quiser atualizar tradu\u00e7\u00f5es de taxonomia automaticamente: <\/p>\n\n<ol class=\"wp-block-list\">\n<li>V\u00e1 para <strong>WPML <\/strong>\u2192 <strong>Configura\u00e7\u00f5es<\/strong> e role at\u00e9 <strong>Op\u00e7\u00f5es de documentos traduzidos. <\/strong> <\/li>\n\n\n\n<li>Desmarque <strong>N\u00e3o mostrar taxonomias traduzidas no Editor de Tradu\u00e7\u00e3o. <\/strong> <\/li>\n\n\n\n<li>Por fim, envie uma p\u00e1gina ou post que tenha a taxonomia que voc\u00ea deseja atualizar para tradu\u00e7\u00e3o. O WPML atualizar\u00e1 automaticamente a tradu\u00e7\u00e3o da taxonomia junto com o resto do seu conte\u00fado.  <\/li>\n<\/ol>\n\n<figure class=\"wp-block-image tb-image tb-image-dynamic tb-image-frame-none\" data-toolset-blocks-image=\"6f400a93afa8d059dc35a21141202597\"><a href=\"https:\/\/wpml.org\/wp-content\/uploads\/2019\/09\/translating-taxonomies-in-ATE.png\"><img decoding=\"async\" width=\"1024\" height=\"672\" loading=\"lazy\" src=\"https:\/\/wpml.org\/wp-content\/uploads\/2019\/09\/translating-taxonomies-in-ATE-1024x672.png\" alt=\"Translating taxonomies in ATE\" class=\"wp-image-16945181\" srcset=\"https:\/\/wpml.org\/wp-content\/uploads\/2019\/09\/translating-taxonomies-in-ATE-1024x672.png 1024w, https:\/\/wpml.org\/wp-content\/uploads\/2019\/09\/translating-taxonomies-in-ATE-300x197.png 300w, https:\/\/wpml.org\/wp-content\/uploads\/2019\/09\/translating-taxonomies-in-ATE-150x98.png 150w, https:\/\/wpml.org\/wp-content\/uploads\/2019\/09\/translating-taxonomies-in-ATE-768x504.png 768w, https:\/\/wpml.org\/wp-content\/uploads\/2019\/09\/translating-taxonomies-in-ATE-1536x1008.png 1536w, https:\/\/wpml.org\/wp-content\/uploads\/2019\/09\/translating-taxonomies-in-ATE.png 1914w\" sizes=\"auto, (max-width: 1024px) 100vw, 1024px\" \/><\/a><figcaption><div class=\"tb-image-caption\">Traduzindo automaticamente taxonomias no Editor de tradu\u00e7\u00e3o avan\u00e7ado<\/div><\/figcaption><\/figure>\n\n<h2 class=\"wp-block-heading\" id=\"sync-taxonomy-structure\">Sincronizar Estrutura de Taxonomia Entre Idiomas<\/h2>\n\n<p>Se voc\u00ea alterar a estrutura de taxonomia do seu site no idioma padr\u00e3o, voc\u00ea precisa sincronizar essa mudan\u00e7a em todos os seus idiomas.<\/p>\n\n<p>Para sincronizar sua estrutura de taxonomia entre idiomas: <\/p>\n\n<ol class=\"wp-block-list\">\n<li>V\u00e1 para <strong>WPML<\/strong> \u2192 <strong>tradu\u00e7\u00e3o de taxonomia<\/strong>.<\/li>\n\n\n\n<li>Selecione a taxonomia que deseja sincronizar e mude para a aba <strong>Sincroniza\u00e7\u00e3o de hierarquia<\/strong>. Clique em <strong>atualizar hierarquia de taxonomia<\/strong> para sincronizar.  <\/li>\n<\/ol>\n\n<figure class=\"wp-block-image tb-image tb-image-dynamic tb-image-frame-none\" data-toolset-blocks-image=\"da0f05689c4d9d88a7bda7201c84b5af\"><a href=\"https:\/\/wpml.org\/wp-content\/uploads\/2024\/05\/Syncing-taxonomy-structure-across-languages.png\"><img decoding=\"async\" width=\"1024\" height=\"609\" loading=\"lazy\" src=\"https:\/\/wpml.org\/wp-content\/uploads\/2024\/05\/Syncing-taxonomy-structure-across-languages-1024x609.png\" alt=\"Syncing taxonomy structure across languages\" class=\"wp-image-15647793\" srcset=\"https:\/\/wpml.org\/wp-content\/uploads\/2024\/05\/Syncing-taxonomy-structure-across-languages-1024x609.png 1024w, https:\/\/wpml.org\/wp-content\/uploads\/2024\/05\/Syncing-taxonomy-structure-across-languages-300x178.png 300w, https:\/\/wpml.org\/wp-content\/uploads\/2024\/05\/Syncing-taxonomy-structure-across-languages-150x89.png 150w, https:\/\/wpml.org\/wp-content\/uploads\/2024\/05\/Syncing-taxonomy-structure-across-languages-768x457.png 768w, https:\/\/wpml.org\/wp-content\/uploads\/2024\/05\/Syncing-taxonomy-structure-across-languages.png 1438w\" sizes=\"auto, (max-width: 1024px) 100vw, 1024px\" \/><\/a><figcaption><div class=\"tb-image-caption\">Sincronizando estrutura de taxonomia entre idiomas<\/div><\/figcaption><\/figure>\n","protected":false},"excerpt":{"rendered":"<p>Aprenda como traduzir categorias, tags, categorias de produtos e taxonomias personalizadas do WordPress para mais idiomas com o WPML. Come\u00e7ar Para traduzir taxonomias, instale e ative os seguintes plugins: Traduza taxonomias com o WPML Para traduzir qualquer taxonomia com o WPML, basta enviar seu conte\u00fado para tradu\u00e7\u00e3o atrav\u00e9s de WPML \u2192 Painel de Tradu\u00e7\u00e3o. O [&hellip;]<\/p>\n","protected":false},"author":578773,"featured_media":0,"parent":98409,"menu_order":47,"comment_status":"closed","ping_status":"closed","template":"template-sidebar-2.php","meta":{"_bbp_topic_count":0,"_bbp_reply_count":0,"_bbp_total_topic_count":0,"_bbp_total_reply_count":0,"_bbp_voice_count":0,"_bbp_anonymous_reply_count":0,"_bbp_topic_count_hidden":0,"_bbp_reply_count_hidden":0,"_bbp_forum_subforum_count":0,"_uag_custom_page_level_css":"","ep_exclude_from_search":false,"footnotes":""},"related-projects-category":[],"class_list":["post-3507339","page","type-page","status-publish","hentry"],"spectra_custom_meta":{"ratings_users":["0"],"ratings_score":["0"],"ratings_average":["0"],"_subscription_coupon_product_id":["0"],"inline_featured_image":["0"],"_alp_processed":["1772089944"],"_views_template":["0"],"_wpml_media_featured":["1"],"_wp_page_template":["template-sidebar-2.php"],"_oembed_1e02e02ee671c61d8638766a0ee1cb8e":["<iframe title=\"WPML Advanced Translation Editor\" width=\"700\" height=\"394\" src=\"https:\/\/www.youtube.com\/embed\/TmmyU6MtXY8?feature=oembed&enablejsapi=1&origin=https:\/\/wpml.org\" frameborder=\"0\" allow=\"accelerometer; autoplay; clipboard-write; encrypted-media; gyroscope; picture-in-picture\" allowfullscreen><\/iframe>"],"_oembed_time_1e02e02ee671c61d8638766a0ee1cb8e":["1632838635"],"_oembed_809539948dec7d9364864e7814a4a558":["<iframe title=\"How we translate wpml.org\" width=\"700\" height=\"394\" src=\"https:\/\/www.youtube.com\/embed\/FxScQ-bkOXo?feature=oembed&enablejsapi=1&origin=https:\/\/wpml.org\" frameborder=\"0\" allow=\"accelerometer; autoplay; clipboard-write; encrypted-media; gyroscope; picture-in-picture\" allowfullscreen><\/iframe>"],"_oembed_time_809539948dec7d9364864e7814a4a558":["1632838635"],"_oembed_c5805eb9f854cabdcc04201d2b76c30c":["<iframe title=\"Using WPML to translate content created with Gutenberg editor\" width=\"700\" height=\"394\" src=\"https:\/\/www.youtube.com\/embed\/Lw1rdlVxXQ4?feature=oembed&enablejsapi=1&origin=https:\/\/wpml.org\" frameborder=\"0\" allow=\"accelerometer; autoplay; clipboard-write; encrypted-media; gyroscope; picture-in-picture\" allowfullscreen><\/iframe>"],"_oembed_time_c5805eb9f854cabdcc04201d2b76c30c":["1632838636"],"wpcf-unformatted-code":[""],"toolset_post_editor_mode":["block"],"wpcf-price-increase-show-from":[""],"wpcf-price-increase-show-till":[""],"_wpml_media_duplicate":["0"],"_last_translation_edit_mode":["translation-editor"],"_wpml_word_count":["506"],"cmplz_hide_cookiebanner":[""],"wpcf-price-increase-content":[""],"wpcf-relevant-forum-documentation":["1"],"wpcf-login-box-title":[""],"wpcf-page-content":[""],"_yoast_wpseo_primary_related-projects-category":[""],"_yoast_wpseo_metadesc":["Aprenda como traduzir categorias, tags, categorias de produtos e taxonomias personalizadas do WordPress para mais idiomas com o WPML."],"_uag_css_file_name":["uag-css-3507339.css"],"_uag_page_assets":["a:9:{s:3:\"css\";s:260:\".uag-blocks-common-selector{z-index:var(--z-index-desktop) !important}@media(max-width: 976px){.uag-blocks-common-selector{z-index:var(--z-index-tablet) !important}}@media(max-width: 767px){.uag-blocks-common-selector{z-index:var(--z-index-mobile) !important}}\";s:2:\"js\";s:0:\"\";s:18:\"current_block_list\";a:8:{i:0;s:14:\"core\/paragraph\";i:1;s:12:\"core\/heading\";i:2;s:9:\"core\/list\";i:3;s:14:\"core\/list-item\";i:4;s:19:\"toolset-blocks\/grid\";i:5;s:26:\"toolset-blocks\/grid-column\";i:6;s:20:\"toolset-blocks\/image\";i:7;s:14:\"core\/shortcode\";}s:8:\"uag_flag\";b:0;s:11:\"uag_version\";s:10:\"1778603496\";s:6:\"gfonts\";a:0:{}s:10:\"gfonts_url\";s:0:\"\";s:12:\"gfonts_files\";a:0:{}s:14:\"uag_faq_layout\";b:0;}"]},"uagb_featured_image_src":{"full":false,"thumbnail":false,"medium":false,"medium_large":false,"large":false,"1536x1536":false,"2048x2048":false,"gform-image-choice-sm":false,"gform-image-choice-md":false,"gform-image-choice-lg":false,"woocommerce_thumbnail":false,"woocommerce_single":false,"woocommerce_gallery_thumbnail":false},"uagb_author_info":{"display_name":"Tomer Helzer","author_link":"https:\/\/wpml.org\/pt-br\/author\/tomer-h\/"},"uagb_comment_info":0,"uagb_excerpt":"Aprenda como traduzir categorias, tags, categorias de produtos e taxonomias personalizadas do WordPress para mais idiomas com o WPML. Come\u00e7ar Para traduzir taxonomias, instale e ative os seguintes plugins: Traduza taxonomias com o WPML Para traduzir qualquer taxonomia com o WPML, basta enviar seu conte\u00fado para tradu\u00e7\u00e3o atrav\u00e9s de WPML \u2192 Painel de Tradu\u00e7\u00e3o. O&hellip;","_links":{"self":[{"href":"https:\/\/wpml.org\/pt-br\/wp-json\/wp\/v2\/pages\/3507339","targetHints":{"allow":["GET"]}}],"collection":[{"href":"https:\/\/wpml.org\/pt-br\/wp-json\/wp\/v2\/pages"}],"about":[{"href":"https:\/\/wpml.org\/pt-br\/wp-json\/wp\/v2\/types\/page"}],"author":[{"embeddable":true,"href":"https:\/\/wpml.org\/pt-br\/wp-json\/wp\/v2\/users\/578773"}],"replies":[{"embeddable":true,"href":"https:\/\/wpml.org\/pt-br\/wp-json\/wp\/v2\/comments?post=3507339"}],"version-history":[{"count":8,"href":"https:\/\/wpml.org\/pt-br\/wp-json\/wp\/v2\/pages\/3507339\/revisions"}],"predecessor-version":[{"id":17853727,"href":"https:\/\/wpml.org\/pt-br\/wp-json\/wp\/v2\/pages\/3507339\/revisions\/17853727"}],"up":[{"embeddable":true,"href":"https:\/\/wpml.org\/pt-br\/wp-json\/wp\/v2\/pages\/98409"}],"wp:attachment":[{"href":"https:\/\/wpml.org\/pt-br\/wp-json\/wp\/v2\/media?parent=3507339"}],"wp:term":[{"taxonomy":"related-projects-category","embeddable":true,"href":"https:\/\/wpml.org\/pt-br\/wp-json\/wp\/v2\/related-projects-category?post=3507339"}],"curies":[{"name":"wp","href":"https:\/\/api.w.org\/{rel}","templated":true}]}}