{"id":3526659,"date":"2015-05-18T15:30:59","date_gmt":"2015-05-18T15:30:59","guid":{"rendered":"https:\/\/wpml.org\/documentacao\/por-onde-comecar\/como-traduzir-widgets\/"},"modified":"2026-02-26T07:18:46","modified_gmt":"2026-02-26T07:18:46","slug":"como-traduzir-widgets","status":"publish","type":"page","link":"https:\/\/wpml.org\/pt-br\/documentacao\/por-onde-comecar\/como-traduzir-widgets\/","title":{"rendered":"Traduzindo widgets"},"content":{"rendered":"\n<div class=\"wp-block-toolset-blocks-container tb-container\" data-toolset-blocks-container=\"f1f6cf433548e794e350cca473324a7f\"><div class=\"tb-container-inner\">\n<p class=\"tb-heading lead\" data-toolset-blocks-heading=\"86243751073c72263dda180dd7396470\" data-last-update=\"1.4\">Aprenda como traduzir qualquer widget do WordPress com o WPML, incluindo os baseados em blocos, legados e personalizados.<\/p>\n\n\n\n<div class=\"wp-block-toolset-blocks-grid tb-grid\" data-toolset-blocks-grid=\"7f5b809fd468bcf666d0329830422aa9\">\n<div class=\"wp-block-toolset-blocks-grid-column tb-grid-column tb-grid-align-top\" data-toolset-blocks-grid-column=\"3034fbe886c11054e95b46b09d3e4112\"><div class=\"wp-block-image\">\n<figure class=\" tb-image tb-image-dynamic tb-image-frame-none aligncenter\" data-toolset-blocks-image=\"c933aaafa519cdd784f3533b1bedf1ab\"><a href=\"https:\/\/wpml.org\/wp-content\/uploads\/2024\/05\/english-sidebar-widgets-wpml.png\"><img decoding=\"async\" width=\"1024\" height=\"861\" loading=\"lazy\" src=\"https:\/\/wpml.org\/wp-content\/uploads\/2024\/05\/english-sidebar-widgets-wpml-1024x861.png\" alt=\"\" class=\"wp-image-15620049\" srcset=\"https:\/\/wpml.org\/wp-content\/uploads\/2024\/05\/english-sidebar-widgets-wpml-1024x861.png 1024w, https:\/\/wpml.org\/wp-content\/uploads\/2024\/05\/english-sidebar-widgets-wpml-300x252.png 300w, https:\/\/wpml.org\/wp-content\/uploads\/2024\/05\/english-sidebar-widgets-wpml-150x126.png 150w, https:\/\/wpml.org\/wp-content\/uploads\/2024\/05\/english-sidebar-widgets-wpml-768x646.png 768w, https:\/\/wpml.org\/wp-content\/uploads\/2024\/05\/english-sidebar-widgets-wpml-1536x1292.png 1536w, https:\/\/wpml.org\/wp-content\/uploads\/2024\/05\/english-sidebar-widgets-wpml.png 1962w\" sizes=\"auto, (max-width: 1024px) 100vw, 1024px\" \/><\/a><figcaption><div class=\"tb-image-caption\">Widgets na barra lateral em ingl\u00eas<\/div><\/figcaption><\/figure>\n<\/div><\/div>\n\n\n\n<div class=\"wp-block-toolset-blocks-grid-column tb-grid-column tb-grid-align-top\" data-toolset-blocks-grid-column=\"3034fbe886c11054e95b46b09d3e4112\"><div class=\"wp-block-image\">\n<figure class=\" tb-image tb-image-dynamic tb-image-frame-none aligncenter\" data-toolset-blocks-image=\"c58dea955e8c802e4e753eb52d865a0f\"><a href=\"https:\/\/wpml.org\/wp-content\/uploads\/2024\/05\/spanish-sidebar-widgets-wpml.png\"><img decoding=\"async\" width=\"1024\" height=\"875\" loading=\"lazy\" src=\"https:\/\/wpml.org\/wp-content\/uploads\/2024\/05\/spanish-sidebar-widgets-wpml-1024x875.png\" alt=\"\" class=\"wp-image-15620065\" srcset=\"https:\/\/wpml.org\/wp-content\/uploads\/2024\/05\/spanish-sidebar-widgets-wpml-1024x875.png 1024w, https:\/\/wpml.org\/wp-content\/uploads\/2024\/05\/spanish-sidebar-widgets-wpml-300x256.png 300w, https:\/\/wpml.org\/wp-content\/uploads\/2024\/05\/spanish-sidebar-widgets-wpml-150x128.png 150w, https:\/\/wpml.org\/wp-content\/uploads\/2024\/05\/spanish-sidebar-widgets-wpml-768x656.png 768w, https:\/\/wpml.org\/wp-content\/uploads\/2024\/05\/spanish-sidebar-widgets-wpml-1536x1312.png 1536w, https:\/\/wpml.org\/wp-content\/uploads\/2024\/05\/spanish-sidebar-widgets-wpml.png 1964w\" sizes=\"auto, (max-width: 1024px) 100vw, 1024px\" \/><\/a><figcaption><div class=\"tb-image-caption\">Widgets na barra lateral em espanhol <\/div><\/figcaption><\/figure>\n<\/div><\/div>\n<\/div>\n\n\n\n<h2 class=\"wp-block-heading\" id=\"required-plugins\">Plugins necess\u00e1rios<\/h2>\n\n\n\n<p>Para traduzir widgets, instale e ative:<\/p>\n\n\n\n<ul class=\"wp-block-list\">\n<li>WPML<\/li>\n\n\n\n<li>WPML String Translation<\/li>\n<\/ul>\n\n\n\n<h2 class=\"wp-block-heading\" id=\"how-to-translate-widgets\">Como traduzir widgets <\/h2>\n\n\n\n<p>O WPML pode traduzir qualquer tipo de widget. Isso inclui:<\/p>\n\n\n\n<div style=\"height:15px\" aria-hidden=\"true\" class=\"wp-block-spacer\"><\/div>\n\n\n\n<div class=\"wp-block-toolset-blocks-grid tb-grid\" data-toolset-blocks-grid=\"6329aaaa361b6c3ff5e14c6308f907de\">\n<div class=\"wp-block-toolset-blocks-grid-column tb-grid-column tb-grid-align-top\" data-toolset-blocks-grid-column=\"e0c62ef28c440411136281632d5a8d63\">\n<div class=\"wp-block-toolset-blocks-container tb-container aligncenter\" data-toolset-blocks-container=\"48873aa9a1502db94cee7985805c3625\">\n<div class=\"tb-fields-and-text\" data-toolset-blocks-fields-and-text=\"3e1d2592ce20bdf2bf813c9dfa44c991\"><p><img decoding=\"async\" class=\" wp-image-15972576 aligncenter\" src=\"https:\/\/wpml.org\/wp-content\/uploads\/2024\/07\/Widget-blocks2-min.png\" alt=\"\" width=\"190\" height=\"190\" srcset=\"https:\/\/wpml.org\/wp-content\/uploads\/2024\/07\/Widget-blocks2-min.png 370w, https:\/\/wpml.org\/wp-content\/uploads\/2024\/07\/Widget-blocks2-min-300x300.png 300w, https:\/\/wpml.org\/wp-content\/uploads\/2024\/07\/Widget-blocks2-min-150x150.png 150w, https:\/\/wpml.org\/wp-content\/uploads\/2024\/07\/Widget-blocks2-min-100x100.png 100w\" sizes=\"(max-width: 190px) 100vw, 190px\" \/><\/p><\/div>\n\n\n\n<p class=\"tb-heading has-text-color\" data-toolset-blocks-heading=\"bf983b028e621cb4ef8152faf0911a40\" data-last-update=\"1.4\"><strong>Widgets adicionados a posts <\/strong><br\/><strong>e p\u00e1ginas<\/strong><\/p>\n<\/div>\n<\/div>\n\n\n\n<div class=\"wp-block-toolset-blocks-grid-column tb-grid-column tb-grid-align-top\" data-toolset-blocks-grid-column=\"3034fbe886c11054e95b46b09d3e4112\">\n<div class=\"wp-block-toolset-blocks-container tb-container aligncenter\" data-toolset-blocks-container=\"48873aa9a1502db94cee7985805c3625\">\n<div class=\"tb-fields-and-text\" data-toolset-blocks-fields-and-text=\"3e1d2592ce20bdf2bf813c9dfa44c991\"><p><img decoding=\"async\" class=\" wp-image-15972497 aligncenter\" src=\"https:\/\/wpml.org\/wp-content\/uploads\/2024\/07\/Block-based-Classic-widgets1-min.png\" alt=\"\" width=\"190\" height=\"190\" srcset=\"https:\/\/wpml.org\/wp-content\/uploads\/2024\/07\/Block-based-Classic-widgets1-min.png 370w, https:\/\/wpml.org\/wp-content\/uploads\/2024\/07\/Block-based-Classic-widgets1-min-300x300.png 300w, https:\/\/wpml.org\/wp-content\/uploads\/2024\/07\/Block-based-Classic-widgets1-min-150x150.png 150w, https:\/\/wpml.org\/wp-content\/uploads\/2024\/07\/Block-based-Classic-widgets1-min-100x100.png 100w\" sizes=\"(max-width: 190px) 100vw, 190px\" \/><\/p><\/div>\n\n\n\n<p class=\"tb-heading has-text-color\" data-toolset-blocks-heading=\"bf983b028e621cb4ef8152faf0911a40\" data-last-update=\"1.4\"><strong>Widgets cl\u00e1ssicos baseados <\/strong><br\/><strong><strong>em blocos<\/strong><\/strong><\/p>\n<\/div>\n<\/div>\n\n\n\n<div class=\"wp-block-toolset-blocks-grid-column tb-grid-column tb-grid-align-top\" data-toolset-blocks-grid-column=\"3034fbe886c11054e95b46b09d3e4112\">\n<div class=\"wp-block-toolset-blocks-container tb-container aligncenter\" data-toolset-blocks-container=\"48873aa9a1502db94cee7985805c3625\">\n<div class=\"tb-fields-and-text\" data-toolset-blocks-fields-and-text=\"3e1d2592ce20bdf2bf813c9dfa44c991\"><p><img decoding=\"async\" class=\"wp-image-16559354 aligncenter\" src=\"https:\/\/wpml.org\/wp-content\/uploads\/2025\/01\/Frame-1-1-291x300.png\" alt=\"\" width=\"185\" height=\"191\" srcset=\"https:\/\/wpml.org\/wp-content\/uploads\/2025\/01\/Frame-1-1-291x300.png 291w, https:\/\/wpml.org\/wp-content\/uploads\/2025\/01\/Frame-1-1-146x150.png 146w, https:\/\/wpml.org\/wp-content\/uploads\/2025\/01\/Frame-1-1-300x309.png 300w, https:\/\/wpml.org\/wp-content\/uploads\/2025\/01\/Frame-1-1.png 458w\" sizes=\"(max-width: 185px) 100vw, 185px\" \/><\/p><\/div>\n\n\n\n<p class=\"tb-heading has-text-color\" data-toolset-blocks-heading=\"bf983b028e621cb4ef8152faf0911a40\" data-last-update=\"1.4\"><strong><strong><strong>Widgets legados <\/strong><\/strong><\/strong><\/p>\n<\/div>\n<\/div>\n\n\n\n<div class=\"wp-block-toolset-blocks-grid-column tb-grid-column tb-grid-align-top\" data-toolset-blocks-grid-column=\"3034fbe886c11054e95b46b09d3e4112\">\n<div class=\"wp-block-toolset-blocks-container tb-container aligncenter\" data-toolset-blocks-container=\"48873aa9a1502db94cee7985805c3625\">\n<div class=\"tb-fields-and-text\" data-toolset-blocks-fields-and-text=\"3e1d2592ce20bdf2bf813c9dfa44c991\"><p><img decoding=\"async\" class=\" wp-image-15974085 aligncenter\" src=\"https:\/\/wpml.org\/wp-content\/uploads\/2024\/07\/custom-widget-1-1.png\" alt=\"\" width=\"198\" height=\"188\" srcset=\"https:\/\/wpml.org\/wp-content\/uploads\/2024\/07\/custom-widget-1-1.png 284w, https:\/\/wpml.org\/wp-content\/uploads\/2024\/07\/custom-widget-1-1-150x143.png 150w\" sizes=\"(max-width: 198px) 100vw, 198px\" \/><\/p><\/div>\n\n\n\n<p class=\"tb-heading has-text-color\" data-toolset-blocks-heading=\"bf983b028e621cb4ef8152faf0911a40\" data-last-update=\"1.4\"><strong>Widgets personalizados<\/strong><\/p>\n<\/div>\n<\/div>\n<\/div>\n\n\n\n<h2 class=\"wp-block-heading\">Traduzir widgets adicionados a posts e p\u00e1ginas individuais<\/h2>\n\n\n\n<p>Para traduzir blocos de widgets que voc\u00ea pode inserir em qualquer conte\u00fado, incluindo posts e p\u00e1ginas:<\/p>\n\n\n\n<ol class=\"wp-block-list\">\n<li>V\u00e1 para <strong>WPML<\/strong> \u2192 <strong>painel de tradu\u00e7\u00e3o<\/strong>.<\/li>\n\n\n\n<li>Selecione o conte\u00fado (posts, p\u00e1ginas, etc.) que cont\u00e9m seu widget.<\/li>\n\n\n\n<li>Escolha um m\u00e9todo de tradu\u00e7\u00e3o e traduza.<\/li>\n<\/ol>\n\n\n\n<p>O WPML traduz seu widget junto com o restante do conte\u00fado da p\u00e1gina.<\/p>\n\n\n\n<h2 class=\"wp-block-heading\" id=\"translate-bloc-based-classic-widgets\">Traduzir widgets cl\u00e1ssicos baseados em blocos<\/h2>\n\n\n\n<p>Para traduzir widgets cl\u00e1ssicos baseados em blocos que voc\u00ea adiciona \u00e0s \u00e1reas de widgets usando a p\u00e1gina <strong>Apar\u00eancia <\/strong>\u2192 <strong>Widgets<\/strong>:<\/p>\n\n\n\n<ol class=\"wp-block-list\">\n<li>V\u00e1 para <strong>WPML <\/strong>\u2192 <strong>painel de tradu\u00e7\u00e3o<\/strong>.<\/li>\n\n\n\n<li>Role para baixo at\u00e9 a se\u00e7\u00e3o <strong>Bloco <\/strong>e expanda-a.<\/li>\n\n\n\n<li>Selecione a \u00e1rea de widgets que cont\u00e9m seus widgets (por exemplo, \u201cWidgets &#8211; Barra lateral do blog\u201d).<\/li>\n\n\n\n<li>Escolha um m\u00e9todo de tradu\u00e7\u00e3o e traduza.<\/li>\n<\/ol>\n\n\n\n<h2 class=\"wp-block-heading\">Traduzir widgets legados<\/h2>\n\n\n\n<p>Para traduzir os antigos widgets legados que n\u00e3o s\u00e3o baseados em blocos:<\/p>\n\n\n\n<ol class=\"wp-block-list\">\n<li>V\u00e1 para <strong>WPML<\/strong> <strong>\u2192 painel de tradu\u00e7\u00e3o<\/strong>.<\/li>\n\n\n\n<li>Role para baixo at\u00e9 a se\u00e7\u00e3o <strong>Outros textos (Strings)<\/strong><strong> <\/strong>e selecione os textos do seu widget.<\/li>\n<\/ol>\n\n\n\n<figure class=\"wp-block-image tb-image tb-image-dynamic tb-image-frame-none\" data-toolset-blocks-image=\"ee41e4c118e7ac8935b48e22aee401ec\"><a href=\"https:\/\/wpml.org\/wp-content\/uploads\/2025\/08\/Selecting-widgets-texts-in-the-Translation-Dashboard.png\"><img decoding=\"async\" width=\"1024\" height=\"637\" loading=\"lazy\" src=\"https:\/\/wpml.org\/wp-content\/uploads\/2025\/08\/Selecting-widgets-texts-in-the-Translation-Dashboard-1024x637.png\" alt=\"Selecting widgets texts in the Translation Dashboard\" class=\"wp-image-17317311\" srcset=\"https:\/\/wpml.org\/wp-content\/uploads\/2025\/08\/Selecting-widgets-texts-in-the-Translation-Dashboard-1024x637.png 1024w, https:\/\/wpml.org\/wp-content\/uploads\/2025\/08\/Selecting-widgets-texts-in-the-Translation-Dashboard-300x186.png 300w, https:\/\/wpml.org\/wp-content\/uploads\/2025\/08\/Selecting-widgets-texts-in-the-Translation-Dashboard-150x93.png 150w, https:\/\/wpml.org\/wp-content\/uploads\/2025\/08\/Selecting-widgets-texts-in-the-Translation-Dashboard-768x477.png 768w, https:\/\/wpml.org\/wp-content\/uploads\/2025\/08\/Selecting-widgets-texts-in-the-Translation-Dashboard-1536x955.png 1536w, https:\/\/wpml.org\/wp-content\/uploads\/2025\/08\/Selecting-widgets-texts-in-the-Translation-Dashboard.png 2022w\" sizes=\"auto, (max-width: 1024px) 100vw, 1024px\" \/><\/a><figcaption><div class=\"tb-image-caption\">Selecionando textos de widgets no Painel de Tradu\u00e7\u00e3o<\/div><\/figcaption><\/figure>\n\n\n\n<ol start=\"3\" class=\"wp-block-list\">\n<li>Escolha um m\u00e9todo de tradu\u00e7\u00e3o e <strong>traduza<\/strong>.<\/li>\n<\/ol>\n\n\n\n<div style=\"height:20px\" aria-hidden=\"true\" class=\"wp-block-spacer\"><\/div>\n\n\n\n<p>Se voc\u00ea n\u00e3o conseguir encontrar os textos do seu widget no Painel de Tradu\u00e7\u00e3o:<\/p>\n\n\n\n<ol class=\"wp-block-list\">\n<li>Acesse <strong>WPML \u2192 String Translation<\/strong>.  <\/li>\n\n\n\n<li>Expanda a se\u00e7\u00e3o <strong>N\u00e3o est\u00e1 vendo as strings que est\u00e1 procurando?<\/strong> e clique em <strong>tradu\u00e7\u00e3o de textos administrativos<\/strong>.<\/li>\n<\/ol>\n\n\n\n<figure class=\"wp-block-image tb-image tb-image-dynamic tb-image-frame-none\" data-toolset-blocks-image=\"734b033330364d79f3eb6bc63e47a139\"><a href=\"https:\/\/wpml.org\/wp-content\/uploads\/2025\/08\/Clicking-Admin-Texts-Translation.png\"><img decoding=\"async\" width=\"1024\" height=\"629\" loading=\"lazy\" src=\"https:\/\/wpml.org\/wp-content\/uploads\/2025\/08\/Clicking-Admin-Texts-Translation-1024x629.png\" alt=\"Clicking Admin Texts Translation\" class=\"wp-image-17317325\" srcset=\"https:\/\/wpml.org\/wp-content\/uploads\/2025\/08\/Clicking-Admin-Texts-Translation-1024x629.png 1024w, https:\/\/wpml.org\/wp-content\/uploads\/2025\/08\/Clicking-Admin-Texts-Translation-300x184.png 300w, https:\/\/wpml.org\/wp-content\/uploads\/2025\/08\/Clicking-Admin-Texts-Translation-150x92.png 150w, https:\/\/wpml.org\/wp-content\/uploads\/2025\/08\/Clicking-Admin-Texts-Translation-768x471.png 768w, https:\/\/wpml.org\/wp-content\/uploads\/2025\/08\/Clicking-Admin-Texts-Translation-1536x943.png 1536w, https:\/\/wpml.org\/wp-content\/uploads\/2025\/08\/Clicking-Admin-Texts-Translation.png 2046w\" sizes=\"auto, (max-width: 1024px) 100vw, 1024px\" \/><\/a><figcaption><div class=\"tb-image-caption\">Clicando em Tradu\u00e7\u00e3o de Textos Administrativos<\/div><\/figcaption><\/figure>\n\n\n\n<ol start=\"3\" class=\"wp-block-list\">\n<li>Selecione os textos do widget que deseja traduzir e clique em <strong>Add to String Translation<\/strong>.<\/li>\n<\/ol>\n\n\n\n<div style=\"height:10px\" aria-hidden=\"true\" class=\"wp-block-spacer\"><\/div>\n\n\n\n<p>Agora voc\u00ea pode traduzir esses textos de widget no Painel de Tradu\u00e7\u00e3o.<\/p>\n\n\n\n<h2 class=\"wp-block-heading\" id=\"translate-widgets-blocks\">Traduzir widgets personalizados<\/h2>\n\n\n\n<p>Para traduzir widgets que voc\u00ea mesmo desenvolveu, primeiro voc\u00ea precisa <a href=\"https:\/\/wpml.org\/documentation\/support\/translation-for-texts-by-other-plugins-and-themes\/\">registr\u00e1-los no WPML<\/a>. Uma vez registrados, voc\u00ea pode traduzir seus widgets na se\u00e7\u00e3o <strong>Outros textos (Strings)<\/strong> no Painel de Tradu\u00e7\u00e3o. <\/p>\n\n\n\n<h2 class=\"wp-block-heading\" id=\"display-different-widgets-each-language\">Exibir widgets diferentes em cada idioma<\/h2>\n\n\n\n<p>Para exibir widgets diferentes em cada idioma:<\/p>\n\n\n\n<ol class=\"wp-block-list\">\n<li>V\u00e1 para <strong>apar\u00eancia \u2192 widgets<\/strong>. <\/li>\n\n\n\n<li>Edite seu widget e abra o menu suspenso de idiomas.<\/li>\n\n\n\n<li>Escolha o idioma em que deseja exibir o widget. <\/li>\n<\/ol>\n\n\n\n<div class=\"wp-block-toolset-blocks-grid tb-grid\" data-toolset-blocks-grid=\"a6800b7e37e47f0f08842337262ef73d\">\n<div class=\"wp-block-toolset-blocks-grid-column tb-grid-column tb-grid-align-top\" data-toolset-blocks-grid-column=\"3034fbe886c11054e95b46b09d3e4112\"><div class=\"wp-block-image\">\n<figure class=\" tb-image tb-image-dynamic tb-image-frame-none aligncenter\" data-toolset-blocks-image=\"68a3449c6f469df2ed50502283da75aa\"><a href=\"https:\/\/wpml.org\/wp-content\/uploads\/2024\/05\/block-based-widgets-display-on-language-1.png\"><img decoding=\"async\" width=\"1024\" height=\"752\" loading=\"lazy\" src=\"https:\/\/wpml.org\/wp-content\/uploads\/2024\/05\/block-based-widgets-display-on-language-1-1024x752.png\" alt=\"\" class=\"wp-image-15620140\" srcset=\"https:\/\/wpml.org\/wp-content\/uploads\/2024\/05\/block-based-widgets-display-on-language-1-1024x752.png 1024w, https:\/\/wpml.org\/wp-content\/uploads\/2024\/05\/block-based-widgets-display-on-language-1-300x220.png 300w, https:\/\/wpml.org\/wp-content\/uploads\/2024\/05\/block-based-widgets-display-on-language-1-150x110.png 150w, https:\/\/wpml.org\/wp-content\/uploads\/2024\/05\/block-based-widgets-display-on-language-1-768x564.png 768w, https:\/\/wpml.org\/wp-content\/uploads\/2024\/05\/block-based-widgets-display-on-language-1-1536x1127.png 1536w, https:\/\/wpml.org\/wp-content\/uploads\/2024\/05\/block-based-widgets-display-on-language-1.png 1669w\" sizes=\"auto, (max-width: 1024px) 100vw, 1024px\" \/><\/a><figcaption><div class=\"tb-image-caption\">Definindo condi\u00e7\u00f5es de exibi\u00e7\u00e3o para widget baseado em blocos<\/div><\/figcaption><\/figure>\n<\/div><\/div>\n\n\n\n<div class=\"wp-block-toolset-blocks-grid-column tb-grid-column tb-grid-align-top\" data-toolset-blocks-grid-column=\"3034fbe886c11054e95b46b09d3e4112\"><div class=\"wp-block-image\">\n<figure class=\" tb-image tb-image-dynamic tb-image-frame-none aligncenter\" data-toolset-blocks-image=\"5f9f3755f4fbb6ffddc50e9e7812e663\"><a href=\"https:\/\/wpml.org\/wp-content\/uploads\/2024\/05\/classic-widget-display-on-specific-language.png\"><img decoding=\"async\" width=\"1024\" height=\"791\" loading=\"lazy\" src=\"https:\/\/wpml.org\/wp-content\/uploads\/2024\/05\/classic-widget-display-on-specific-language-1024x791.png\" alt=\"\" class=\"wp-image-15620154\" srcset=\"https:\/\/wpml.org\/wp-content\/uploads\/2024\/05\/classic-widget-display-on-specific-language-1024x791.png 1024w, https:\/\/wpml.org\/wp-content\/uploads\/2024\/05\/classic-widget-display-on-specific-language-300x232.png 300w, https:\/\/wpml.org\/wp-content\/uploads\/2024\/05\/classic-widget-display-on-specific-language-150x116.png 150w, https:\/\/wpml.org\/wp-content\/uploads\/2024\/05\/classic-widget-display-on-specific-language-768x593.png 768w, https:\/\/wpml.org\/wp-content\/uploads\/2024\/05\/classic-widget-display-on-specific-language-1536x1186.png 1536w, https:\/\/wpml.org\/wp-content\/uploads\/2024\/05\/classic-widget-display-on-specific-language.png 1808w\" sizes=\"auto, (max-width: 1024px) 100vw, 1024px\" \/><\/a><figcaption><div class=\"tb-image-caption\">Definindo condi\u00e7\u00f5es de exibi\u00e7\u00e3o para widget cl\u00e1ssico<\/div><\/figcaption><\/figure>\n<\/div><\/div>\n<\/div>\n<\/div><\/div>\n","protected":false},"excerpt":{"rendered":"","protected":false},"author":538393,"featured_media":0,"parent":98409,"menu_order":57,"comment_status":"closed","ping_status":"closed","template":"template-sidebar-2.php","meta":{"_bbp_topic_count":0,"_bbp_reply_count":0,"_bbp_total_topic_count":0,"_bbp_total_reply_count":0,"_bbp_voice_count":0,"_bbp_anonymous_reply_count":0,"_bbp_topic_count_hidden":0,"_bbp_reply_count_hidden":0,"_bbp_forum_subforum_count":0,"ep_exclude_from_search":false,"footnotes":""},"related-projects-category":[],"class_list":["post-3526659","page","type-page","status-publish","hentry"],"_links":{"self":[{"href":"https:\/\/wpml.org\/pt-br\/wp-json\/wp\/v2\/pages\/3526659","targetHints":{"allow":["GET"]}}],"collection":[{"href":"https:\/\/wpml.org\/pt-br\/wp-json\/wp\/v2\/pages"}],"about":[{"href":"https:\/\/wpml.org\/pt-br\/wp-json\/wp\/v2\/types\/page"}],"author":[{"embeddable":true,"href":"https:\/\/wpml.org\/pt-br\/wp-json\/wp\/v2\/users\/538393"}],"replies":[{"embeddable":true,"href":"https:\/\/wpml.org\/pt-br\/wp-json\/wp\/v2\/comments?post=3526659"}],"version-history":[{"count":8,"href":"https:\/\/wpml.org\/pt-br\/wp-json\/wp\/v2\/pages\/3526659\/revisions"}],"predecessor-version":[{"id":17853975,"href":"https:\/\/wpml.org\/pt-br\/wp-json\/wp\/v2\/pages\/3526659\/revisions\/17853975"}],"up":[{"embeddable":true,"href":"https:\/\/wpml.org\/pt-br\/wp-json\/wp\/v2\/pages\/98409"}],"wp:attachment":[{"href":"https:\/\/wpml.org\/pt-br\/wp-json\/wp\/v2\/media?parent=3526659"}],"wp:term":[{"taxonomy":"related-projects-category","embeddable":true,"href":"https:\/\/wpml.org\/pt-br\/wp-json\/wp\/v2\/related-projects-category?post=3526659"}],"curies":[{"name":"wp","href":"https:\/\/api.w.org\/{rel}","templated":true}]}}