{"id":373594,"date":"2009-01-07T18:33:01","date_gmt":"2009-01-07T18:33:01","guid":{"rendered":"http:\/\/wpml.org\/home-2\/entre-em-contato-conosco\/"},"modified":"2026-04-21T13:19:46","modified_gmt":"2026-04-21T13:19:46","slug":"entre-em-contato-conosco","status":"publish","type":"page","link":"https:\/\/wpml.org\/pt-br\/home-2\/entre-em-contato-conosco\/","title":{"rendered":"Entre em contato conosco"},"content":{"rendered":"\n<h2 class=\"wp-block-heading has-dark-gray-color has-text-color has-link-color wp-elements-93d9ad8ae4a7494daf681e5712f42a3a\">Servi\u00e7os ao cliente<\/h2>\n\n<a class=\"wp-block-toolset-blocks-container tb-container container-as-link no-underline\" href=\"https:\/\/wpml.org\/forums\/forum\/english-support\/\" style=\"display:block\" data-toolset-blocks-container=\"b1228e22f93b557a79535b80607a6329\">\n<div class=\"wp-block-toolset-blocks-grid tb-grid\" data-toolset-blocks-grid=\"159d375a4f5b081ce43734eef4e70093\">\n<div class=\"wp-block-toolset-blocks-grid-column tb-grid-column tb-grid-align-top\" data-toolset-blocks-grid-column=\"3034fbe886c11054e95b46b09d3e4112\">\n<div class=\"wp-block-toolset-blocks-container tb-container\" data-toolset-blocks-container=\"f8de0ab6e896aa96fa7ac1ee93c3db25\"><\/div>\n<\/div>\n\n\n\n<div class=\"wp-block-toolset-blocks-grid-column tb-grid-column tb-grid-align-top\" data-toolset-blocks-grid-column=\"3034fbe886c11054e95b46b09d3e4112\">\n<h3 class=\"tb-heading has-text-color\" data-toolset-blocks-heading=\"22da1915f6475dc1f3201afb7ba3817f\" data-last-update=\"1.4\">Suporte t\u00e9cnico<\/h3>\n\n\n\n<p class=\"tb-heading has-text-color\" data-toolset-blocks-heading=\"63541e61422659be89d3497bcb6a394b\" data-last-update=\"1.4\">Se voc\u00ea comprou o WPML e precisa de ajuda t\u00e9cnica, visite o f\u00f3rum de suporte exclusivo para membros.<\/p>\n<\/div>\n<\/div>\n<\/a>\n\n<a class=\"wp-block-toolset-blocks-container tb-container container-as-link no-underline\" href=\"https:\/\/wpml.org\/purchase\/pre-sales-questions\/\" style=\"display:block\" data-toolset-blocks-container=\"3a9e90c90fd68d9289a60ff3b80158b8\">\n<div class=\"wp-block-toolset-blocks-grid tb-grid\" data-toolset-blocks-grid=\"9b93a7cecf27d9fa6b122b3c9c6e6463\">\n<div class=\"wp-block-toolset-blocks-grid-column tb-grid-column tb-grid-align-top\" data-toolset-blocks-grid-column=\"3034fbe886c11054e95b46b09d3e4112\">\n<div class=\"wp-block-toolset-blocks-container tb-container\" data-toolset-blocks-container=\"1ff1d79b9133b542fdb6a5d8cf53b5a0\"><\/div>\n<\/div>\n\n\n\n<div class=\"wp-block-toolset-blocks-grid-column tb-grid-column tb-grid-align-top\" data-toolset-blocks-grid-column=\"3034fbe886c11054e95b46b09d3e4112\">\n<h3 class=\"tb-heading has-text-color\" data-toolset-blocks-heading=\"c9018b03ac0b5da006ff19ae5428a892\" data-last-update=\"1.4\">Perguntas de pr\u00e9-venda<\/h3>\n\n\n\n<p class=\"tb-heading has-text-color\" data-toolset-blocks-heading=\"2bd6d642c9c8c21d1a045e385fdc7896\" data-last-update=\"1.4\">Ainda n\u00e3o \u00e9 cliente? Fa\u00e7a perguntas de pr\u00e9-venda. <\/p>\n<\/div>\n<\/div>\n<\/a>\n\n<a class=\"wp-block-toolset-blocks-container tb-container container-as-link no-underline\" href=\"https:\/\/wpml.org\/home\/contact-us\/contact-form\/\" style=\"display:block\" data-toolset-blocks-container=\"76e76173477fdadb6fdd23c6e52928dc\">\n<div class=\"wp-block-toolset-blocks-grid tb-grid\" data-toolset-blocks-grid=\"9b93a7cecf27d9fa6b122b3c9c6e6463\">\n<div class=\"wp-block-toolset-blocks-grid-column tb-grid-column tb-grid-align-top\" data-toolset-blocks-grid-column=\"3034fbe886c11054e95b46b09d3e4112\">\n<div class=\"wp-block-toolset-blocks-container tb-container\" data-toolset-blocks-container=\"9b7e48fce51f5dd40dfd903b89350f1d\"><\/div>\n<\/div>\n\n\n\n<div class=\"wp-block-toolset-blocks-grid-column tb-grid-column tb-grid-align-top\" data-toolset-blocks-grid-column=\"3034fbe886c11054e95b46b09d3e4112\">\n<h3 class=\"tb-heading has-text-color\" data-toolset-blocks-heading=\"c9018b03ac0b5da006ff19ae5428a892\" data-last-update=\"1.4\">P\u00e1gina da conta<\/h3>\n\n\n\n<p class=\"tb-heading has-text-color\" data-toolset-blocks-heading=\"2bd6d642c9c8c21d1a045e385fdc7896\" data-last-update=\"1.4\">Voc\u00ea tem um problema com sua conta ou assinatura? Use nosso formul\u00e1rio de contato. <\/p>\n<\/div>\n<\/div>\n<\/a>\n\n<a class=\"wp-block-toolset-blocks-container tb-container container-as-link no-underline\" href=\"https:\/\/wpml.org\/account\/lost-my-password\/\" style=\"display:block\" data-toolset-blocks-container=\"a8833a8652134701ed93983f02ff5458\">\n<div class=\"wp-block-toolset-blocks-grid tb-grid\" data-toolset-blocks-grid=\"9b93a7cecf27d9fa6b122b3c9c6e6463\">\n<div class=\"wp-block-toolset-blocks-grid-column tb-grid-column tb-grid-align-top\" data-toolset-blocks-grid-column=\"3034fbe886c11054e95b46b09d3e4112\">\n<div class=\"wp-block-toolset-blocks-container tb-container\" data-toolset-blocks-container=\"0886a53fbc069af9c81ed1a3daecb9e0\"><\/div>\n<\/div>\n\n\n\n<div class=\"wp-block-toolset-blocks-grid-column tb-grid-column tb-grid-align-top\" data-toolset-blocks-grid-column=\"3034fbe886c11054e95b46b09d3e4112\">\n<h3 class=\"tb-heading has-text-color\" data-toolset-blocks-heading=\"c9018b03ac0b5da006ff19ae5428a892\" data-last-update=\"1.4\">Recupera\u00e7\u00e3o de senha<\/h3>\n\n\n\n<p class=\"tb-heading has-text-color\" data-toolset-blocks-heading=\"2bd6d642c9c8c21d1a045e385fdc7896\" data-last-update=\"1.4\">Voc\u00ea comprou o WPML e n\u00e3o recebeu o e-mail de nova conta? Use a recupera\u00e7\u00e3o de senha.<br\/>Usou o e-mail errado ao comprar o WPML? N\u00e3o se preocupe, voc\u00ea pode usar seu e-mail do PayPal para redefinir o login da sua conta.  <\/p>\n<\/div>\n<\/div>\n<\/a>\n\n<a class=\"wp-block-toolset-blocks-container tb-container container-as-link no-underline\" href=\"https:\/\/wpml.org\/theme\/\" style=\"display:block\" data-toolset-blocks-container=\"b10bed58496494d815bc5737ee6916c8\">\n<div class=\"wp-block-toolset-blocks-grid tb-grid\" data-toolset-blocks-grid=\"9b93a7cecf27d9fa6b122b3c9c6e6463\">\n<div class=\"wp-block-toolset-blocks-grid-column tb-grid-column tb-grid-align-top\" data-toolset-blocks-grid-column=\"3034fbe886c11054e95b46b09d3e4112\">\n<div class=\"wp-block-toolset-blocks-container tb-container\" data-toolset-blocks-container=\"824ec746d58d042f9a27397f49dbab0c\"><\/div>\n<\/div>\n\n\n\n<div class=\"wp-block-toolset-blocks-grid-column tb-grid-column tb-grid-align-top\" data-toolset-blocks-grid-column=\"3034fbe886c11054e95b46b09d3e4112\">\n<h3 class=\"tb-heading has-text-color\" data-toolset-blocks-heading=\"c9018b03ac0b5da006ff19ae5428a892\" data-last-update=\"1.4\">Compatibilidade de temas<\/h3>\n\n\n\n<p class=\"tb-heading has-text-color\" data-toolset-blocks-heading=\"2bd6d642c9c8c21d1a045e385fdc7896\" data-last-update=\"1.4\">Verifique se o WPML \u00e9 compat\u00edvel com seu tema.<\/p>\n<\/div>\n<\/div>\n<\/a>\n\n<a class=\"wp-block-toolset-blocks-container tb-container container-as-link no-underline\" href=\"https:\/\/wpml.org\/home\/contact-us\/report-security-and-vulnerability-issues\/\" style=\"display:block\" data-toolset-blocks-container=\"1561befa6c2e6aaf6e25b7d7fde5ac64\">\n<div class=\"wp-block-toolset-blocks-grid tb-grid\" data-toolset-blocks-grid=\"9b93a7cecf27d9fa6b122b3c9c6e6463\">\n<div class=\"wp-block-toolset-blocks-grid-column tb-grid-column tb-grid-align-top\" data-toolset-blocks-grid-column=\"3034fbe886c11054e95b46b09d3e4112\">\n<div class=\"wp-block-toolset-blocks-container tb-container\" data-toolset-blocks-container=\"1c82e54c6dd10ab198c86fe614923483\"><\/div>\n<\/div>\n\n\n\n<div class=\"wp-block-toolset-blocks-grid-column tb-grid-column tb-grid-align-top\" data-toolset-blocks-grid-column=\"3034fbe886c11054e95b46b09d3e4112\">\n<h3 class=\"tb-heading has-text-color\" data-toolset-blocks-heading=\"c9018b03ac0b5da006ff19ae5428a892\" data-last-update=\"1.4\">Problemas de seguran\u00e7a e vulnerabilidade<\/h3>\n\n\n\n<p class=\"tb-heading has-text-color\" data-toolset-blocks-heading=\"2bd6d642c9c8c21d1a045e385fdc7896\" data-last-update=\"1.4\">Encontrou um problema de seguran\u00e7a ou vulnerabilidade? Use este formul\u00e1rio. <\/p>\n<\/div>\n<\/div>\n<\/a>\n\n<a class=\"wp-block-toolset-blocks-container tb-container container-as-link no-underline\" href=\"https:\/\/wpml.org\/purchase\/refunds\/\" style=\"display:block\" data-toolset-blocks-container=\"fbc0255d9a70115f8387efff38159ac4\">\n<div class=\"wp-block-toolset-blocks-grid tb-grid\" data-toolset-blocks-grid=\"9b93a7cecf27d9fa6b122b3c9c6e6463\">\n<div class=\"wp-block-toolset-blocks-grid-column tb-grid-column tb-grid-align-top\" data-toolset-blocks-grid-column=\"3034fbe886c11054e95b46b09d3e4112\">\n<div class=\"wp-block-toolset-blocks-container tb-container\" data-toolset-blocks-container=\"d80d7662aa4df7bd31a161c97eebd4f3\"><\/div>\n<\/div>\n\n\n\n<div class=\"wp-block-toolset-blocks-grid-column tb-grid-column tb-grid-align-top\" data-toolset-blocks-grid-column=\"3034fbe886c11054e95b46b09d3e4112\">\n<h3 class=\"tb-heading has-text-color\" data-toolset-blocks-heading=\"c9018b03ac0b5da006ff19ae5428a892\" data-last-update=\"1.4\">Deseja devolver o WPML?<\/h3>\n\n\n\n<p class=\"tb-heading has-text-color\" data-toolset-blocks-heading=\"2bd6d642c9c8c21d1a045e385fdc7896\" data-last-update=\"1.4\">Solicite um reembolso.<\/p>\n<\/div>\n<\/div>\n<\/a>\n\n<a class=\"wp-block-toolset-blocks-container tb-container container-as-link no-underline\" href=\"https:\/\/wpml.org\/home\/contact-us\/lost-account-email\/\" style=\"display:block\" data-toolset-blocks-container=\"a28146d8ea4039a2c60a9055118504a6\">\n<div class=\"wp-block-toolset-blocks-grid tb-grid\" data-toolset-blocks-grid=\"9b93a7cecf27d9fa6b122b3c9c6e6463\">\n<div class=\"wp-block-toolset-blocks-grid-column tb-grid-column tb-grid-align-top\" data-toolset-blocks-grid-column=\"3034fbe886c11054e95b46b09d3e4112\">\n<div class=\"wp-block-toolset-blocks-container tb-container\" data-toolset-blocks-container=\"c459df833777a05716356b716e099a1c\"><\/div>\n<\/div>\n\n\n\n<div class=\"wp-block-toolset-blocks-grid-column tb-grid-column tb-grid-align-top\" data-toolset-blocks-grid-column=\"3034fbe886c11054e95b46b09d3e4112\">\n<h3 class=\"tb-heading has-text-color\" data-toolset-blocks-heading=\"c9018b03ac0b5da006ff19ae5428a892\" data-last-update=\"1.4\">N\u00e3o se lembra do e-mail da sua conta?<\/h3>\n\n\n\n<p class=\"tb-heading has-text-color\" data-toolset-blocks-heading=\"2bd6d642c9c8c21d1a045e385fdc7896\" data-last-update=\"1.4\">Pe\u00e7a \u00e0 nossa equipe para encontr\u00e1-lo.<\/p>\n<\/div>\n<\/div>\n<\/a>\n\n<a class=\"wp-block-toolset-blocks-container tb-container container-as-link no-underline\" href=\"https:\/\/wpml.org\/documentation\/automatic-translation\/quality-guarantee\/translation-refunds\/\" style=\"display:block\" data-toolset-blocks-container=\"c267f9438f0f1d6f8118c5bbaa06d4a6\">\n<div class=\"wp-block-toolset-blocks-grid tb-grid\" data-toolset-blocks-grid=\"9b93a7cecf27d9fa6b122b3c9c6e6463\">\n<div class=\"wp-block-toolset-blocks-grid-column tb-grid-column tb-grid-align-top\" data-toolset-blocks-grid-column=\"3034fbe886c11054e95b46b09d3e4112\">\n<div class=\"wp-block-toolset-blocks-container tb-container\" data-toolset-blocks-container=\"38fbb67cccd7a6425b60d912700f9631\"><\/div>\n<\/div>\n\n\n\n<div class=\"wp-block-toolset-blocks-grid-column tb-grid-column tb-grid-align-top\" data-toolset-blocks-grid-column=\"3034fbe886c11054e95b46b09d3e4112\">\n<h3 class=\"tb-heading has-text-color\" data-toolset-blocks-heading=\"c9018b03ac0b5da006ff19ae5428a892\" data-last-update=\"1.4\">N\u00e3o est\u00e1 satisfeito com as tradu\u00e7\u00f5es de IA do PTC?<\/h3>\n\n\n\n<p class=\"tb-heading has-text-color\" data-toolset-blocks-heading=\"2bd6d642c9c8c21d1a045e385fdc7896\" data-last-update=\"1.4\">Solicite um reembolso.<\/p>\n<\/div>\n<\/div>\n<\/a>\n\n<div style=\"height:48px\" aria-hidden=\"true\" class=\"wp-block-spacer\"><\/div>\n\n<h2 class=\"wp-block-heading has-dark-gray-color has-text-color has-link-color wp-elements-8f4f5a0d4b45362ba132f2a326f471b8\">Consultas comerciais<\/h2>\n\n<a class=\"wp-block-toolset-blocks-container tb-container container-as-link no-underline\" href=\"https:\/\/wpml.org\/home\/contact-us\/contact-form\/\" style=\"display:block\" data-toolset-blocks-container=\"76e76173477fdadb6fdd23c6e52928dc\">\n<div class=\"wp-block-toolset-blocks-grid tb-grid\" data-toolset-blocks-grid=\"9b93a7cecf27d9fa6b122b3c9c6e6463\">\n<div class=\"wp-block-toolset-blocks-grid-column tb-grid-column tb-grid-align-top\" data-toolset-blocks-grid-column=\"3034fbe886c11054e95b46b09d3e4112\">\n<div class=\"wp-block-toolset-blocks-container tb-container\" data-toolset-blocks-container=\"c8242cf3bfde3cb878f1e17a98d8c310\"><\/div>\n<\/div>\n\n\n\n<div class=\"wp-block-toolset-blocks-grid-column tb-grid-column tb-grid-align-top\" data-toolset-blocks-grid-column=\"3034fbe886c11054e95b46b09d3e4112\">\n<h3 class=\"tb-heading has-text-color\" data-toolset-blocks-heading=\"c9018b03ac0b5da006ff19ae5428a892\" data-last-update=\"1.4\">Neg\u00f3cios e imprensa<\/h3>\n\n\n\n<p class=\"tb-heading has-text-color\" data-toolset-blocks-heading=\"2bd6d642c9c8c21d1a045e385fdc7896\" data-last-update=\"1.4\">Voc\u00ea tem uma consulta comercial ou de imprensa? Use nosso formul\u00e1rio de contato. <\/p>\n<\/div>\n<\/div>\n<\/a>\n\n<a class=\"wp-block-toolset-blocks-container tb-container container-as-link no-underline\" href=\"https:\/\/wpml.org\/documentation\/support\/go-global-program\/\" style=\"display:block\" data-toolset-blocks-container=\"db355bcc40a179b93ae7b80c6580e8cf\">\n<div class=\"wp-block-toolset-blocks-grid tb-grid\" data-toolset-blocks-grid=\"9b93a7cecf27d9fa6b122b3c9c6e6463\">\n<div class=\"wp-block-toolset-blocks-grid-column tb-grid-column tb-grid-align-top\" data-toolset-blocks-grid-column=\"3034fbe886c11054e95b46b09d3e4112\">\n<div class=\"wp-block-toolset-blocks-container tb-container\" data-toolset-blocks-container=\"95aa241c3d10e08dd2755f4f5303ea67\"><\/div>\n<\/div>\n\n\n\n<div class=\"wp-block-toolset-blocks-grid-column tb-grid-column tb-grid-align-top\" data-toolset-blocks-grid-column=\"3034fbe886c11054e95b46b09d3e4112\">\n<h3 class=\"tb-heading has-text-color\" data-toolset-blocks-heading=\"c9018b03ac0b5da006ff19ae5428a892\" data-last-update=\"1.4\">Desenvolvedores de temas e plugins<\/h3>\n\n\n\n<p class=\"tb-heading has-text-color\" data-toolset-blocks-heading=\"2bd6d642c9c8c21d1a045e385fdc7896\" data-last-update=\"1.4\">Quer que ajudemos voc\u00ea a alcan\u00e7ar a compatibilidade com o WPML? Participe do nosso programa Go Global. <\/p>\n<\/div>\n<\/div>\n<\/a>\n\n<a class=\"wp-block-toolset-blocks-container tb-container container-as-link no-underline\" href=\"https:\/\/wpml.org\/documentation\/content-translation\/interested-in-integrating-with-wpml\/\" style=\"display:block\" data-toolset-blocks-container=\"49c5c841d062c6e4bdccd61a6704ac14\">\n<div class=\"wp-block-toolset-blocks-grid tb-grid\" data-toolset-blocks-grid=\"9b93a7cecf27d9fa6b122b3c9c6e6463\">\n<div class=\"wp-block-toolset-blocks-grid-column tb-grid-column tb-grid-align-top\" data-toolset-blocks-grid-column=\"3034fbe886c11054e95b46b09d3e4112\">\n<div class=\"wp-block-toolset-blocks-container tb-container\" data-toolset-blocks-container=\"fb33fe8a49d7dce75af1c9ba48c2eda4\"><\/div>\n<\/div>\n\n\n\n<div class=\"wp-block-toolset-blocks-grid-column tb-grid-column tb-grid-align-top\" data-toolset-blocks-grid-column=\"3034fbe886c11054e95b46b09d3e4112\">\n<h3 class=\"tb-heading has-text-color\" data-toolset-blocks-heading=\"c9018b03ac0b5da006ff19ae5428a892\" data-last-update=\"1.4\">Servi\u00e7os de tradu\u00e7\u00e3o<\/h3>\n\n\n\n<p class=\"tb-heading has-text-color\" data-toolset-blocks-heading=\"2bd6d642c9c8c21d1a045e385fdc7896\" data-last-update=\"1.4\">Voc\u00ea representa um servi\u00e7o de tradu\u00e7\u00e3o profissional? Entre em contato conosco para integrar seu servi\u00e7o de tradu\u00e7\u00e3o ao WPML. <\/p>\n<\/div>\n<\/div>\n<\/a>\n\n<a class=\"wp-block-toolset-blocks-container tb-container container-as-link no-underline\" href=\"http:\/\/www.onthegosystems.com\/jobs\/\" target=\"_blank\" style=\"display:block\" rel=\"noopener noreferrer\" data-toolset-blocks-container=\"730f1ef65dbbab0204ed5bae60de5c9d\">\n<div class=\"wp-block-toolset-blocks-grid tb-grid\" data-toolset-blocks-grid=\"9b93a7cecf27d9fa6b122b3c9c6e6463\">\n<div class=\"wp-block-toolset-blocks-grid-column tb-grid-column tb-grid-align-top\" data-toolset-blocks-grid-column=\"3034fbe886c11054e95b46b09d3e4112\">\n<div class=\"wp-block-toolset-blocks-container tb-container\" data-toolset-blocks-container=\"aaed79bc00f78fb442c0e598a63e4579\"><\/div>\n<\/div>\n\n\n\n<div class=\"wp-block-toolset-blocks-grid-column tb-grid-column tb-grid-align-top\" data-toolset-blocks-grid-column=\"3034fbe886c11054e95b46b09d3e4112\">\n<h3 class=\"tb-heading has-text-color\" data-toolset-blocks-heading=\"c9018b03ac0b5da006ff19ae5428a892\" data-last-update=\"1.4\">Carreiras<\/h3>\n\n\n\n<p class=\"tb-heading has-text-color\" data-toolset-blocks-heading=\"2bd6d642c9c8c21d1a045e385fdc7896\" data-last-update=\"1.4\">Interessado em construir sua carreira conosco? Explore oportunidades em desenvolvimento WordPress, suporte e muito mais em nossa p\u00e1gina de Carreiras. <\/p>\n<\/div>\n<\/div>\n<\/a>\n\n<div style=\"height:48px\" aria-hidden=\"true\" class=\"wp-block-spacer\"><\/div>\n\n<h2 class=\"wp-block-heading has-dark-gray-color has-text-color has-link-color wp-elements-52287ec328495ad12f4190bd7214d3af\"><strong>Nosso endere\u00e7o<\/strong><\/h2>\n<p><strong>OnTheGoSystems Limited<\/strong><\/p><p>22\/F 3 Lockhart Road<br> Wanchai<br> Hong Kong<\/p>\n","protected":false},"excerpt":{"rendered":"<p>Servi\u00e7os ao cliente Consultas comerciais Nosso endere\u00e7o<\/p>\n","protected":false},"author":1,"featured_media":0,"parent":95673,"menu_order":0,"comment_status":"closed","ping_status":"closed","template":"nosidebar-template.php","meta":{"_bbp_topic_count":0,"_bbp_reply_count":0,"_bbp_total_topic_count":0,"_bbp_total_reply_count":0,"_bbp_voice_count":0,"_bbp_anonymous_reply_count":0,"_bbp_topic_count_hidden":0,"_bbp_reply_count_hidden":0,"_bbp_forum_subforum_count":0,"ep_exclude_from_search":false,"footnotes":""},"related-projects-category":[],"class_list":["post-373594","page","type-page","status-publish","hentry"],"_links":{"self":[{"href":"https:\/\/wpml.org\/pt-br\/wp-json\/wp\/v2\/pages\/373594","targetHints":{"allow":["GET"]}}],"collection":[{"href":"https:\/\/wpml.org\/pt-br\/wp-json\/wp\/v2\/pages"}],"about":[{"href":"https:\/\/wpml.org\/pt-br\/wp-json\/wp\/v2\/types\/page"}],"author":[{"embeddable":true,"href":"https:\/\/wpml.org\/pt-br\/wp-json\/wp\/v2\/users\/1"}],"replies":[{"embeddable":true,"href":"https:\/\/wpml.org\/pt-br\/wp-json\/wp\/v2\/comments?post=373594"}],"version-history":[{"count":8,"href":"https:\/\/wpml.org\/pt-br\/wp-json\/wp\/v2\/pages\/373594\/revisions"}],"predecessor-version":[{"id":17984440,"href":"https:\/\/wpml.org\/pt-br\/wp-json\/wp\/v2\/pages\/373594\/revisions\/17984440"}],"up":[{"embeddable":true,"href":"https:\/\/wpml.org\/pt-br\/wp-json\/wp\/v2\/pages\/95673"}],"wp:attachment":[{"href":"https:\/\/wpml.org\/pt-br\/wp-json\/wp\/v2\/media?parent=373594"}],"wp:term":[{"taxonomy":"related-projects-category","embeddable":true,"href":"https:\/\/wpml.org\/pt-br\/wp-json\/wp\/v2\/related-projects-category?post=373594"}],"curies":[{"name":"wp","href":"https:\/\/api.w.org\/{rel}","templated":true}]}}